{"id":9173,"date":"2026-03-19T05:39:01","date_gmt":"2026-03-19T05:39:01","guid":{"rendered":"https:\/\/anythingtechnicallc.com\/?post_type=product&#038;p=9173"},"modified":"2026-03-19T09:30:39","modified_gmt":"2026-03-19T09:30:39","slug":"sandisk-extreme-500-portable-ssd-500gb-sdssdext-500g-g25-erneuert","status":"publish","type":"product","link":"https:\/\/anythingtechnicallc.com\/index.php\/de\/product\/sandisk-extreme-500-portable-ssd-500gb-sdssdext-500g-g25-erneuert\/","title":{"rendered":"SanDisk Extreme 500 Portable SSD 500GB SDSSDEXT-500G-G25 (Erneuert)"},"content":{"rendered":"<ul class=\"a-unordered-list a-vertical a-spacing-mini\">\n<li class=\"a-spacing-mini\"><span class=\"a-list-item\">Hochgeschwindigkeitsspeicher f\u00fcr hochaufl\u00f6sende Fotos, Videos und Dateien. <\/span><\/li>\n<li class=\"a-spacing-mini\"><span class=\"a-list-item\">\u00dcbertr\u00e4gt Dateien in rasender Geschwindigkeit;Kompatibel mit PC &amp; Mac Computern &#8211; kein Treiber erforderlich; Windows Vista, Windows7, Windows 8, Windows 8.1 und Mac OS 10.4+. <\/span><\/li>\n<li class=\"a-spacing-mini\"><span class=\"a-list-item\">Kompakt und sto\u00dffest. <\/span><\/li>\n<li class=\"a-spacing-mini\"><span class=\"a-list-item\">SanDisk Secure Access Software verschl\u00fcsselt private Dateien. <\/span><\/li>\n<li class=\"a-spacing-mini\"><span class=\"a-list-item\">Speicherkapazit\u00e4t: 500GB Solid State Drive.<\/span><\/li>\n<\/ul>\n","protected":false},"excerpt":{"rendered":"<ul class=\"a-unordered-list a-vertical a-spacing-mini\">\n<li class=\"a-spacing-mini\"><span class=\"a-list-item\">Hochgeschwindigkeitsspeicher f\u00fcr hochaufl\u00f6sende Fotos, Videos und Dateien. <\/span><\/li>\n<li class=\"a-spacing-mini\"><span class=\"a-list-item\">\u00dcbertr\u00e4gt Dateien in rasender Geschwindigkeit;Kompatibel mit PC &amp; Mac Computern &#8211; kein Treiber erforderlich; Windows Vista, Windows7, Windows 8, Windows 8.1 und Mac OS 10.4+. <\/span><\/li>\n<li class=\"a-spacing-mini\"><span class=\"a-list-item\">Kompakt und sto\u00dffest. <\/span><\/li>\n<li class=\"a-spacing-mini\"><span class=\"a-list-item\">SanDisk Secure Access Software verschl\u00fcsselt private Dateien. <\/span><\/li>\n<li class=\"a-spacing-mini\"><span class=\"a-list-item\">Speicherkapazit\u00e4t: 500GB Solid State Drive.<\/span><\/li>\n<\/ul>\n","protected":false},"featured_media":9172,"comment_status":"open","ping_status":"closed","template":"","meta":{"_et_pb_use_builder":"","_et_pb_old_content":"","_et_gb_content_width":""},"product_brand":[],"product_cat":[1372,703],"product_tag":[],"class_list":{"0":"post-9173","1":"product","2":"type-product","3":"status-publish","4":"has-post-thumbnail","6":"product_cat-elektronik","7":"product_cat-uncategorized-de","9":"first","10":"instock","11":"sale","12":"taxable","13":"shipping-taxable","14":"purchasable","15":"product-type-simple"},"exclude_global_add_ons":[],"addons":[],"jetpack-related-posts":[{"id":9176,"url":"https:\/\/anythingtechnicallc.com\/index.php\/de\/product\/samsung-t7-portable-ssd-1tb-externes-solid-state-drive-geschwindigkeiten-bis-zu-1-050mb-s-usb-3-2-gen-2-zuverlaessiger-speicher-fuer-gaming-studenten-berufstaetige-mu-pc1t0t-am-gray\/","url_meta":{"origin":9173,"position":0},"title":"SAMSUNG T7 Portable SSD, 1TB Externes Solid State Drive, Geschwindigkeiten bis zu 1.050MB\/s, USB 3.2 Gen 2, Zuverl\u00e4ssiger Speicher f\u00fcr Gaming, Studenten, Berufst\u00e4tige, MU-PC1T0T\/AM, Gray","date":"March 19, 2026","format":false,"excerpt":"GEMACHT F\u00dcR DIE MACHER: Erstellen; Erforschen; Speichern; Die T7 Portable SSD bietet hohe Geschwindigkeiten und robuste Funktionen, um jedes Vorhaben zu unterst\u00fctzen; Bauen Sie Ihr Videobearbeitungsimperium auf, archivieren Sie Ihre Fotos oder sichern Sie Ihre Blogs - alles im Handumdrehen. TEILEN SIE IDEEN IM BLITZ: Verschwenden Sie keine Sekunde mit\u2026","rel":"","context":"Similar post","img":{"alt_text":"","src":"https:\/\/i0.wp.com\/anythingtechnicallc.com\/wp-content\/uploads\/2025\/02\/91YfRIy7kYL._AC_SL1500_.jpg?fit=1200%2C1096&ssl=1&resize=350%2C200","width":350,"height":200},"classes":[]},{"id":9901,"url":"https:\/\/anythingtechnicallc.com\/index.php\/de\/product\/samsung-galaxy-s21-5g-us-version-128gb-phantom-grau-freigegeben-verlaengert\/","url_meta":{"origin":9173,"position":1},"title":"Samsung Galaxy S21 5G, US Version, 128GB, Phantom Grau &#8211; Freigegeben (Verl\u00e4ngert)","date":"April 15, 2026","format":false,"excerpt":"Display: 6,2\" AMOLED-Display mit 120 Hz Bildwiederholfrequenz und 1300 nits Helligkeit f\u00fcr lebendige Bilder und fl\u00fcssiges Scrollen. Kamera: R\u00fcckw\u00e4rtiges Dual-Kamera-System mit 64MP-Haupt- und 12MP-Ultraweitwinkelobjektiv f\u00fcr atemberaubende Fotos und Videos. Speicher: 128 GB interner Speicher und 8 GB RAM f\u00fcr eine Vielzahl von Apps und Dateien. Konnektivit\u00e4t: 5G-f\u00e4hig mit Unterst\u00fctzung f\u00fcr\u2026","rel":"","context":"Similar post","img":{"alt_text":"","src":"https:\/\/i0.wp.com\/anythingtechnicallc.com\/wp-content\/uploads\/2026\/04\/Samsung-Galaxy-S21-5G-US-Version-128GB-Phantom-Gray-Unlocked-Renewed.jpg?fit=900%2C1200&ssl=1&resize=350%2C200","width":350,"height":200},"classes":[]},{"id":9702,"url":"https:\/\/anythingtechnicallc.com\/index.php\/de\/product\/gebrauchter-microsoft-surface-pro-5-tablet-pc-123-touchscreen-2736-x-1824-tablet-intel-core-i5-7300u-26ghz-35ghz-8gb-ddr4-ram-256gb-ssd-keine-tastatur-kamera-windows-11-pro\/","url_meta":{"origin":9173,"position":2},"title":"Gebrauchter Microsoft Surface Pro 5 Tablet PC, 12,3&#8243; Touchscreen (2736 X 1824) Tablet, Intel Core i5-7300U 2,6GHz-3,5GHz, 8GB DDR4 RAM, 256GB SSD, Keine Tastatur, Kamera, Windows 11 Pro","date":"March 24, 2026","format":false,"excerpt":"Laptop Gr\u00f6\u00dfe: Dieses GEBRAUCHTE wie NEUE Microsoft Surface Pro 5 Tablet, hat eine Bildschirmgr\u00f6\u00dfe von 12,3 \" und ein Touch-Display. Der entspiegelte Bildschirm mit 2736 x 1824 Pixeln reduziert die Erm\u00fcdung bei der Benutzung und erm\u00f6glicht es Ihnen, sich auf die Arbeit zu konzentrieren. Mit seinem geringen Gewicht ist dieser\u2026","rel":"","context":"Similar post","img":{"alt_text":"","src":"https:\/\/i0.wp.com\/anythingtechnicallc.com\/wp-content\/uploads\/2026\/02\/Surface-Pro5-i5-7300U-8G-256.jpg?fit=1200%2C900&ssl=1&resize=350%2C200","width":350,"height":200},"classes":[]},{"id":9629,"url":"https:\/\/anythingtechnicallc.com\/index.php\/de\/product\/gebrauchter-hp-usb-c-dock-g5-11-in-1-adapter-fuer-usb-c-und-thunderbolt-faehige-laptops-pcs-und-notebooks-ein-einziges-kabel-zum-laden-vernetzen-oder-fuer-datenuebertragungen-ideal-fuer-sicheres\/","url_meta":{"origin":9173,"position":3},"title":"Gebrauchter HP USB-C Dock G5-11-in-1 Adapter f\u00fcr USB-C und Thunderbolt-f\u00e4hige Laptops, PCs und Notebooks &#8211; ein einziges Kabel zum Laden, Vernetzen oder f\u00fcr Daten\u00fcbertragungen &#8211; ideal f\u00fcr sicheres &#038; Remote Management","date":"March 24, 2026","format":false,"excerpt":"Machen Sie sich an die Arbeit mit dem vielseitigen, eleganten und platzsparenden HP USB-C Dock G5. Diese USB-Dockingstation ist mit HP Laptops, MacBook\u00ae Computern und anderen Notebooks (2) kompatibel und eignet sich dank ihres geringen Platzbedarfs und der Einrichtung mit nur einem Kabel hervorragend zur Organisation Ihres Schreibtisches. Ganz gleich,\u2026","rel":"","context":"Similar post","img":{"alt_text":"","src":"https:\/\/i0.wp.com\/anythingtechnicallc.com\/wp-content\/uploads\/2025\/10\/HP-USB-C-Dock-G5.webp?fit=1200%2C675&ssl=1&resize=350%2C200","width":350,"height":200},"classes":[]},{"id":9246,"url":"https:\/\/anythingtechnicallc.com\/index.php\/de\/product\/rode-wireless-go-ii-zweikanal-drahtlossystem-mit-eingebauten-mikrofonen-mit-analogen-und-digitalen-usb-ausgaengen-kompatibel-mit-kameras-windows-und-macos-computern-ios-und-android-handys\/","url_meta":{"origin":9173,"position":4},"title":"R\u00d8DE Wireless Go II Zweikanal-Drahtlossystem mit eingebauten Mikrofonen mit analogen und digitalen USB-Ausg\u00e4ngen, kompatibel mit Kameras, Windows- und MacOS-Computern, iOS- und Android-Handys","date":"March 19, 2026","format":false,"excerpt":"Ultrakompaktes und einfach zu bedienendes drahtloses Zweikanal-Mikrofonsystem f\u00fcr Filmaufnahmen, Vlogging, TikTok, Streaming, Podcasting und Videoanrufe (Zoom, MS Teams usw.) Analoge und digitale USB-Ausg\u00e4nge, die mit Kameras, Windows- und MacOS-Computern, iOS- und Android-Telefonen kompatibel sind, f\u00fcr den vielseitigen Einsatz in einer Reihe von Umgebungen (f\u00fcr einige Ger\u00e4te kann ein zus\u00e4tzliches Kabel\u2026","rel":"","context":"Similar post","img":{"alt_text":"","src":"https:\/\/i0.wp.com\/anythingtechnicallc.com\/wp-content\/uploads\/2025\/06\/519TvRDJyYL._AC_SL1080_.jpg?fit=770%2C976&ssl=1&resize=350%2C200","width":350,"height":200},"classes":[]},{"id":9146,"url":"https:\/\/anythingtechnicallc.com\/index.php\/de\/product\/corsair-k95-rgb-platinum-mechanische-gaming-tastatur-6x-programmierbare-makrotasten-usb-passthrough-mediensteuerung-schnellste-cherry-mx-geschwindigkeit-rgb-led-hintergrundbeleuchtung-alum\/","url_meta":{"origin":9173,"position":5},"title":"Corsair K95 RGB Platinum Mechanische Gaming Tastatur &#8211; 6x programmierbare Makrotasten &#8211; USB Passthrough &#038; Mediensteuerung &#8211; schnellste Cherry MX Geschwindigkeit &#8211; RGB LED Hintergrundbeleuchtung &#8211; Aluminium Finish","date":"March 19, 2026","format":false,"excerpt":"Rahmen aus eloxiertem, geb\u00fcrstetem Aluminium in Flugzeugqualit\u00e4t: Gebaut, um ein Leben lang zu spielen. Leichtes Gewicht und robuste Haltbarkeit, die f\u00fcr eine Tastatur notwendig sind, die viel in Aktion sein wird. 8 MB Profilspeicher mit Hardware-Makro- und Beleuchtungswiedergabe: Erm\u00f6glichen Sie den Zugriff auf bis zu drei gespeicherte Profile unterwegs, unabh\u00e4ngig\u2026","rel":"","context":"Similar post","img":{"alt_text":"","src":"https:\/\/i0.wp.com\/anythingtechnicallc.com\/wp-content\/uploads\/2025\/02\/Corsair-K95-RGB-Platinum-Mechanical-Keyboard.jpg?fit=640%2C332&ssl=1&resize=350%2C200","width":350,"height":200},"classes":[]}],"pll_sync_post":[],"lang":"de","translations":{"de":9173,"en":6264},"_links":{"self":[{"href":"https:\/\/anythingtechnicallc.com\/index.php\/wp-json\/wp\/v2\/product\/9173","targetHints":{"allow":["GET"]}}],"collection":[{"href":"https:\/\/anythingtechnicallc.com\/index.php\/wp-json\/wp\/v2\/product"}],"about":[{"href":"https:\/\/anythingtechnicallc.com\/index.php\/wp-json\/wp\/v2\/types\/product"}],"replies":[{"embeddable":true,"href":"https:\/\/anythingtechnicallc.com\/index.php\/wp-json\/wp\/v2\/comments?post=9173"}],"wp:featuredmedia":[{"embeddable":true,"href":"https:\/\/anythingtechnicallc.com\/index.php\/wp-json\/wp\/v2\/media\/9172"}],"wp:attachment":[{"href":"https:\/\/anythingtechnicallc.com\/index.php\/wp-json\/wp\/v2\/media?parent=9173"}],"wp:term":[{"taxonomy":"product_brand","embeddable":true,"href":"https:\/\/anythingtechnicallc.com\/index.php\/wp-json\/wp\/v2\/product_brand?post=9173"},{"taxonomy":"product_cat","embeddable":true,"href":"https:\/\/anythingtechnicallc.com\/index.php\/wp-json\/wp\/v2\/product_cat?post=9173"},{"taxonomy":"product_tag","embeddable":true,"href":"https:\/\/anythingtechnicallc.com\/index.php\/wp-json\/wp\/v2\/product_tag?post=9173"}],"curies":[{"name":"wp","href":"https:\/\/api.w.org\/{rel}","templated":true}]}}