{"id":9176,"date":"2026-03-19T05:40:05","date_gmt":"2026-03-19T05:40:05","guid":{"rendered":"https:\/\/anythingtechnicallc.com\/?post_type=product&#038;p=9176"},"modified":"2026-03-19T09:30:39","modified_gmt":"2026-03-19T09:30:39","slug":"samsung-t7-portable-ssd-1tb-externes-solid-state-drive-geschwindigkeiten-bis-zu-1-050mb-s-usb-3-2-gen-2-zuverlaessiger-speicher-fuer-gaming-studenten-berufstaetige-mu-pc1t0t-am-gray","status":"publish","type":"product","link":"https:\/\/anythingtechnicallc.com\/index.php\/de\/product\/samsung-t7-portable-ssd-1tb-externes-solid-state-drive-geschwindigkeiten-bis-zu-1-050mb-s-usb-3-2-gen-2-zuverlaessiger-speicher-fuer-gaming-studenten-berufstaetige-mu-pc1t0t-am-gray\/","title":{"rendered":"SAMSUNG T7 Portable SSD, 1TB Externes Solid State Drive, Geschwindigkeiten bis zu 1.050MB\/s, USB 3.2 Gen 2, Zuverl\u00e4ssiger Speicher f\u00fcr Gaming, Studenten, Berufst\u00e4tige, MU-PC1T0T\/AM, Gray"},"content":{"rendered":"<ul class=\"a-unordered-list a-vertical a-spacing-mini\">\n<li class=\"a-spacing-mini\"><span class=\"a-list-item\">GEMACHT F\u00dcR DIE MACHER: Erstellen; Erforschen; Speichern; Die T7 Portable SSD bietet hohe Geschwindigkeiten und robuste Funktionen, um jedes Vorhaben zu unterst\u00fctzen; Bauen Sie Ihr Videobearbeitungsimperium auf, archivieren Sie Ihre Fotos oder sichern Sie Ihre Blogs &#8211; alles im Handumdrehen. <\/span><\/li>\n<li class=\"a-spacing-mini\"><span class=\"a-list-item\">TEILEN SIE IDEEN IM BLITZ: Verschwenden Sie keine Sekunde mit Warten und verbringen Sie mehr Zeit mit dem Tun. Die T7 ist mit PCIe NVMe Technologie ausgestattet, die schnelle Lese- und Schreibgeschwindigkeiten von bis zu 1.050\/1.000 MB\/s\u00b9 erm\u00f6glicht und damit fast doppelt so schnell ist wie die T5. <\/span><\/li>\n<li class=\"a-spacing-mini\"><span class=\"a-list-item\">STETS SICHER: Kompaktes Design mit enormer Kapazit\u00e4t. Mit Kapazit\u00e4ten von bis zu 4 TB speichern Sie genau das, was Sie brauchen &#8211; von gro\u00dfen Arbeitsdateien bis hin zu Spieldaten und allem, was dazwischen liegt. <\/span><\/li>\n<li class=\"a-spacing-mini\"><span class=\"a-list-item\">PASST SICH AN JEDEN BEDARF AN: Egal, ob Sie einen PC oder ein Mobiltelefon verwenden, verlassen Sie sich auf die umfassende Kompatibilit\u00e4t der T7\u00b2; sie ist ein echter Teamplayer, wenn es darum geht, anspruchsvolle Anwendungen zu nutzen oder Dateien zu speichern. <\/span><\/li>\n<li class=\"a-spacing-mini\"><span class=\"a-list-item\">HOCHAUFL\u00d6SENDE VIDEOAUFNAHMEN: Nehmen Sie mit Ihrer Lieblingskamera oder Ihren mobilen Ger\u00e4ten ultrahochaufl\u00f6sende Videos (4K 60fs) direkt auf die T7 Portable SSD auf; unterst\u00fctzt iPhone 15 Pro Res 4K bei 60fps Video und mehr\u00b3. <\/span><\/li>\n<li class=\"a-spacing-mini\"><span class=\"a-list-item\">ALLES F\u00dcR DEN SCHUSS: Dieser starke, robuste Kumpel hilft Ihnen mit Sto\u00dffestigkeit und Fallschutz aus bis zu 6 Fu\u00df\u2074; Mit seiner soliden Aluminium-Unibody-Konstruktion ist er daf\u00fcr gemacht, jedes Abenteuer zu \u00fcberstehen. <\/span><\/li>\n<li class=\"a-spacing-mini\"><span class=\"a-list-item\">Die weltweit f\u00fchrende Marke f\u00fcr Flash-Speicher: Leistung und Zuverl\u00e4ssigkeit von der weltweit f\u00fchrenden Marke f\u00fcr Flash-Speicher seit 2003\u2075; Alle Firmware und Komponenten werden im eigenen Haus produziert, einschlie\u00dflich unseres weltbekannten DRAM und NAND, f\u00fcr Qualit\u00e4t, der Sie vertrauen k\u00f6nnen. <\/span><\/li>\n<\/ul>\n","protected":false},"excerpt":{"rendered":"<ul class=\"a-unordered-list a-vertical a-spacing-mini\">\n<li class=\"a-spacing-mini\"><span class=\"a-list-item\">GEMACHT F\u00dcR DIE MACHER: Erstellen; Erforschen; Speichern; Die T7 Portable SSD bietet hohe Geschwindigkeiten und robuste Funktionen, um jedes Vorhaben zu unterst\u00fctzen; Bauen Sie Ihr Videobearbeitungsimperium auf, archivieren Sie Ihre Fotos oder sichern Sie Ihre Blogs &#8211; alles im Handumdrehen. <\/span><\/li>\n<li class=\"a-spacing-mini\"><span class=\"a-list-item\">TEILEN SIE IDEEN IM BLITZ: Verschwenden Sie keine Sekunde mit Warten und verbringen Sie mehr Zeit mit dem Tun. Die T7 ist mit PCIe NVMe Technologie ausgestattet, die schnelle Lese- und Schreibgeschwindigkeiten von bis zu 1.050\/1.000 MB\/s\u00b9 erm\u00f6glicht und damit fast doppelt so schnell ist wie die T5. <\/span><\/li>\n<li class=\"a-spacing-mini\"><span class=\"a-list-item\">STETS SICHER: Kompaktes Design mit enormer Kapazit\u00e4t; Mit Kapazit\u00e4ten von bis zu 4 TB speichern Sie genau das, was Sie brauchen &#8211; von gro\u00dfen Arbeitsdateien bis hin zu Spieldaten und allem dazwischen. <\/span><\/li>\n<li class=\"a-spacing-mini\"><span class=\"a-list-item\">PASST SICH AN JEDEN BEDARF AN: Egal, ob Sie einen PC oder ein Mobiltelefon verwenden, verlassen Sie sich auf die umfassende Kompatibilit\u00e4t der T7\u00b2; sie ist ein echter Teamplayer, wenn es darum geht, anspruchsvolle Anwendungen zu nutzen oder Dateien zu speichern. <\/span><\/li>\n<li class=\"a-spacing-mini\"><span class=\"a-list-item\">HOCHAUFL\u00d6SENDE VIDEOAUFNAHMEN: Nehmen Sie ultrahochaufl\u00f6sende Videos (4K 60fs) mit Ihrer Lieblingskamera oder Ihren mobilen Ger\u00e4ten direkt auf die T7 Portable SSD auf; Unterst\u00fctzt iPhone 15 Pro Res 4K bei 60fps Video und mehr\u00b3. <\/span><\/li>\n<li class=\"a-spacing-mini\"><span class=\"a-list-item\">ALLES F\u00dcR DEN SCHUSS: Dieser starke, robuste Kumpel hilft Ihnen mit Sto\u00dffestigkeit und Fallschutz aus bis zu 6 Fu\u00df\u2074; Mit seiner soliden Aluminium-Unibody-Konstruktion ist er daf\u00fcr gemacht, jedes Abenteuer zu \u00fcberstehen. <\/span><\/li>\n<li class=\"a-spacing-mini\"><span class=\"a-list-item\">Die weltweit f\u00fchrende Marke f\u00fcr Flash-Speicher: Leistung und Zuverl\u00e4ssigkeit von der weltweit f\u00fchrenden Marke f\u00fcr Flash-Speicher seit 2003\u2075; Alle Firmware und Komponenten werden im eigenen Haus produziert, einschlie\u00dflich unseres weltbekannten DRAM und NAND, f\u00fcr Qualit\u00e4t, der Sie vertrauen k\u00f6nnen. <\/span><\/li>\n<\/ul>\n","protected":false},"featured_media":9175,"comment_status":"open","ping_status":"closed","template":"","meta":{"_et_pb_use_builder":"","_et_pb_old_content":"","_et_gb_content_width":""},"product_brand":[],"product_cat":[1372,703],"product_tag":[],"class_list":{"0":"post-9176","1":"product","2":"type-product","3":"status-publish","4":"has-post-thumbnail","6":"product_cat-elektronik","7":"product_cat-uncategorized-de","9":"first","10":"instock","11":"sale","12":"taxable","13":"shipping-taxable","14":"purchasable","15":"product-type-simple"},"exclude_global_add_ons":[],"addons":[],"jetpack-related-posts":[{"id":9194,"url":"https:\/\/anythingtechnicallc.com\/index.php\/de\/product\/erneuerter-amazon-eero-pro-6-tri-band-mesh-wi-fi-6-router-mit-integriertem-zigbee-smart-home-hub\/","url_meta":{"origin":9176,"position":0},"title":"Erneuerter Amazon eero Pro 6 Tri-Band Mesh Wi-Fi 6 Router mit integriertem Zigbee Smart Home Hub","date":"March 19, 2026","format":false,"excerpt":"Ein neuwertiges eero Pro 6 ist general\u00fcberholt, getestet und zertifiziert, so dass es aussieht und funktioniert wie ein Neuger\u00e4t und mit derselben eingeschr\u00e4nkten Garantie versehen ist wie ein Neuger\u00e4t. Neuwertige Amazon-Ger\u00e4te k\u00f6nnen in generischen Kartons verpackt sein. Premium Wi-Fi 6 Leistung - eero Pro 6 deckt bis zu 2.000 Quadratmeter\u2026","rel":"","context":"Similar post","img":{"alt_text":"","src":"https:\/\/i0.wp.com\/anythingtechnicallc.com\/wp-content\/uploads\/2025\/02\/41iM94D0weL._SL1000_.jpg?fit=1000%2C1000&ssl=1&resize=350%2C200","width":350,"height":200},"classes":[]},{"id":9837,"url":"https:\/\/anythingtechnicallc.com\/index.php\/de\/product\/shokz-new-openrun-pro-2-knochenleitungs-kopfhoerer-offene-bluetooth-sport-kopfhoerer-fuer-laufen-training-schweissresistent-sicherer-komfortabler-sitz-tiefe-baesse-intelligentes-mikrofon-re\/","url_meta":{"origin":9176,"position":1},"title":"SHOKZ New OpenRun Pro 2- Knochenleitungs-Kopfh\u00f6rer, offene Bluetooth-Sport-Kopfh\u00f6rer f\u00fcr Laufen, Training &#8211; schwei\u00dfresistent, sicherer, komfortabler Sitz &#8211; tiefe B\u00e4sse, intelligentes Mikrofon, Reflektorstreifen Schwarz","date":"April 8, 2026","format":false,"excerpt":"Open-Ear Awareness - Das charakteristische offene Design von SHOKZ hilft Ihnen, Ihr Training durchzuziehen, w\u00e4hrend Sie Ihre Umgebung sicher wahrnehmen. Das auslaufsichere H\u00f6ren sorgt daf\u00fcr, dass Ihr Audio nur f\u00fcr Ihre Ohren bestimmt ist. Un\u00fcbertroffener Klang und Premium-Sound - Duale Treiber kombinieren die klaren H\u00f6hen der Bone Conduction Tech mit\u2026","rel":"","context":"Similar post","img":{"alt_text":"","src":"https:\/\/i0.wp.com\/anythingtechnicallc.com\/wp-content\/uploads\/2026\/03\/417fmeqXikL._AC_SL1500_.jpg?fit=1061%2C557&ssl=1&resize=350%2C200","width":350,"height":200},"classes":[]},{"id":9384,"url":"https:\/\/anythingtechnicallc.com\/index.php\/de\/product\/solarpanel-ladegeraet-solorage-21w-solar-ladegeraet-mit-2-usb-anschluessen-und-3-faltbaren-solarpanels-tragbares-solar-handy-ladegeraet-fuer-camping-wandern-kompatibel-mit-iphone-ipad-pro-air-mini\/","url_meta":{"origin":9176,"position":2},"title":"Solarpanel-Ladeger\u00e4t, Solorage 21W Solar-Ladeger\u00e4t mit 2 USB-Anschl\u00fcssen und 3 faltbaren Solarpanels Tragbares Solar-Handy-Ladeger\u00e4t f\u00fcr Camping, Wandern Kompatibel mit iPhone, iPad Pro\/Air\/Mini, Samsung Galaxy","date":"March 19, 2026","format":false,"excerpt":"Vergewissern Sie sich, dass dieses Produkt passt, indem Sie Ihre Modellnummer eingeben. SMART CHARGING TECHNOLOGY: Eingebauter intelligenter Chip und Spannungsreglertechnologie, die Ihr Ger\u00e4t erkennen kann und dann die schnellstm\u00f6gliche Ladegeschwindigkeit liefert. Das Solorage Solarstrom-Ladeger\u00e4t gew\u00e4hrleistet einen sicheren Ladevorgang durch Schutz vor \u00dcberladung, \u00dcberhitzung und Kurzschluss. ?HOHE ENERGIEUMWANDLUNG: Das faltbare 21-Watt-SunPower-Solarpanel\u2026","rel":"","context":"Similar post","img":{"alt_text":"","src":"https:\/\/i0.wp.com\/anythingtechnicallc.com\/wp-content\/uploads\/2022\/09\/Solar-Panel-Charger-Solorage-21W-Solar-Charger-with-2-USB-Ports-and-3-Foldable-Solar-Panels-Portable-Solar-Phone-Charger-for-Camping-Hiking-Compatible-with-iPhone-iPad-ProAirMini-Samsung-Galaxy-0.jpg?fit=500%2C500&ssl=1&resize=350%2C200","width":350,"height":200},"classes":[]},{"id":9840,"url":"https:\/\/anythingtechnicallc.com\/index.php\/de\/product\/shokz-new-openrun-pro-2-knochenleitungs-kopfhoerer-offene-bluetooth-sport-kopfhoerer-fuer-laufen-training-schweissresistent-sicherer-komfortabler-sitz-tiefe-baesse-intelligentes-mikrofon-re-2\/","url_meta":{"origin":9176,"position":3},"title":"SHOKZ New OpenRun Pro 2- Knochenleitungs-Kopfh\u00f6rer, offene Bluetooth-Sport-Kopfh\u00f6rer f\u00fcr Laufen, Training &#8211; schwei\u00dfresistent, sicherer, komfortabler Sitz &#8211; tiefe B\u00e4sse, intelligentes Mikrofon, Reflektorstreifen Orange","date":"April 8, 2026","format":false,"excerpt":"Open-Ear Awareness - Das charakteristische offene Design von SHOKZ hilft Ihnen, Ihr Training durchzuziehen, w\u00e4hrend Sie Ihre Umgebung sicher wahrnehmen. Durch das auslaufsichere Design ist sichergestellt, dass Ihr Audio nur f\u00fcr Ihre Ohren bestimmt ist. Un\u00fcbertroffener Klang und Premium-Sound - Duale Treiber kombinieren die klaren H\u00f6hen der Bone Conduction Tech\u2026","rel":"","context":"Similar post","img":{"alt_text":"","src":"https:\/\/i0.wp.com\/anythingtechnicallc.com\/wp-content\/uploads\/2026\/03\/41zy4MvQNiL._AC_SL1500_.jpg?fit=1123%2C518&ssl=1&resize=350%2C200","width":350,"height":200},"classes":[]},{"id":9602,"url":"https:\/\/anythingtechnicallc.com\/index.php\/de\/product\/bose-quietcomfort-earbuds-ii-drahtlos-bluetooth-die-weltbesten-in-ear-kopfhoerer-mit-personalisierter-geraeuschunterdrueckung-sound-speckstein-erneuert\/","url_meta":{"origin":9176,"position":4},"title":"Bose QuietComfort Earbuds II, drahtlos, Bluetooth, die weltbesten In-Ear-Kopfh\u00f6rer mit personalisierter Ger\u00e4uschunterdr\u00fcckung &#038; Sound, Speckstein (erneuert)","date":"March 24, 2026","format":false,"excerpt":"QUIETCOMFORT EARBUDS II: Diese neuen kabellosen Bluetooth-Ohrh\u00f6rer mit Ger\u00e4uschunterdr\u00fcckung von Bose wurden nicht nach einem Einheitsschema entwickelt. Diese kabellosen Ohrh\u00f6rer der n\u00e4chsten Generation sind so konzipiert, dass sie zu Ihnen passen. Sie passen die Ger\u00e4uschunterdr\u00fcckung und die Klangleistung intelligent an, damit Sie ungest\u00f6rt und mitrei\u00dfend h\u00f6ren k\u00f6nnen, wo immer Sie\u2026","rel":"","context":"Similar post","img":{"alt_text":"","src":"https:\/\/i0.wp.com\/anythingtechnicallc.com\/wp-content\/uploads\/2025\/10\/41EDZfsEA4L._AC_SL1500_.jpg?fit=1026%2C1129&ssl=1&resize=350%2C200","width":350,"height":200},"classes":[]},{"id":9677,"url":"https:\/\/anythingtechnicallc.com\/index.php\/de\/product\/bose-quietcomfort-earbuds-ii-drahtlos-bluetooth-weltbeste-in-ear-kopfhoerer-mit-personalisierter-geraeuschunterdrueckung-sound-triple-black-erneuert\/","url_meta":{"origin":9176,"position":5},"title":"Bose QuietComfort Earbuds II, drahtlos, Bluetooth, weltbeste In-Ear-Kopfh\u00f6rer mit personalisierter Ger\u00e4uschunterdr\u00fcckung &#038; Sound, Triple Black (Erneuert)","date":"March 24, 2026","format":false,"excerpt":"QUIETCOMFORT EARBUDS II: Diese neuen kabellosen Bluetooth-Ohrh\u00f6rer mit Ger\u00e4uschunterdr\u00fcckung von BOSE wurden nicht nach einem Einheitsschema entwickelt. Diese kabellosen Ohrh\u00f6rer der n\u00e4chsten Generation sind so konzipiert, dass sie zu Ihnen passen. Sie passen die Ger\u00e4uschunterdr\u00fcckung und die Klangleistung intelligent an, damit Sie ungest\u00f6rt und mitrei\u00dfend h\u00f6ren k\u00f6nnen, wo immer Sie\u2026","rel":"","context":"Similar post","img":{"alt_text":"","src":"https:\/\/i0.wp.com\/anythingtechnicallc.com\/wp-content\/uploads\/2026\/01\/Bose-QuietComfort-Earbuds-II-Black.jpg?fit=1200%2C1200&ssl=1&resize=350%2C200","width":350,"height":200},"classes":[]}],"pll_sync_post":[],"lang":"de","translations":{"de":9176,"en":6266},"_links":{"self":[{"href":"https:\/\/anythingtechnicallc.com\/index.php\/wp-json\/wp\/v2\/product\/9176","targetHints":{"allow":["GET"]}}],"collection":[{"href":"https:\/\/anythingtechnicallc.com\/index.php\/wp-json\/wp\/v2\/product"}],"about":[{"href":"https:\/\/anythingtechnicallc.com\/index.php\/wp-json\/wp\/v2\/types\/product"}],"replies":[{"embeddable":true,"href":"https:\/\/anythingtechnicallc.com\/index.php\/wp-json\/wp\/v2\/comments?post=9176"}],"wp:featuredmedia":[{"embeddable":true,"href":"https:\/\/anythingtechnicallc.com\/index.php\/wp-json\/wp\/v2\/media\/9175"}],"wp:attachment":[{"href":"https:\/\/anythingtechnicallc.com\/index.php\/wp-json\/wp\/v2\/media?parent=9176"}],"wp:term":[{"taxonomy":"product_brand","embeddable":true,"href":"https:\/\/anythingtechnicallc.com\/index.php\/wp-json\/wp\/v2\/product_brand?post=9176"},{"taxonomy":"product_cat","embeddable":true,"href":"https:\/\/anythingtechnicallc.com\/index.php\/wp-json\/wp\/v2\/product_cat?post=9176"},{"taxonomy":"product_tag","embeddable":true,"href":"https:\/\/anythingtechnicallc.com\/index.php\/wp-json\/wp\/v2\/product_tag?post=9176"}],"curies":[{"name":"wp","href":"https:\/\/api.w.org\/{rel}","templated":true}]}}