{"id":9179,"date":"2026-03-19T05:40:46","date_gmt":"2026-03-19T05:40:46","guid":{"rendered":"https:\/\/anythingtechnicallc.com\/?post_type=product&#038;p=9179"},"modified":"2026-03-19T09:30:39","modified_gmt":"2026-03-19T09:30:39","slug":"crucial-mx500-500gb-3d-nand-sata-25-zoll-internal-ssd-bis-zu-560mb-s-ct500mx500ssd1","status":"publish","type":"product","link":"https:\/\/anythingtechnicallc.com\/index.php\/de\/product\/crucial-mx500-500gb-3d-nand-sata-25-zoll-internal-ssd-bis-zu-560mb-s-ct500mx500ssd1\/","title":{"rendered":"Crucial MX500 500GB 3D NAND SATA 2,5 Zoll Internal SSD, bis zu 560MB\/s &#8211; CT500MX500SSD1"},"content":{"rendered":"<ul class=\"a-unordered-list a-vertical a-spacing-mini\">\n<li class=\"a-spacing-mini\"><span class=\"a-list-item\">Sequentielle Lese-\/Schreibvorg\u00e4nge bis zu 560\/510 MB\/s und zuf\u00e4llige Lese-\/Schreibvorg\u00e4nge bis zu 95K\/90K bei allen Dateitypen. <\/span><\/li>\n<li class=\"a-spacing-mini\"><span class=\"a-list-item\">Beschleunigt durch Micron 3D NAND-Technologie. <\/span><\/li>\n<li class=\"a-spacing-mini\"><span class=\"a-list-item\">Integrierte Power Loss Immunity bewahrt alle Ihre gespeicherten Daten, wenn die Stromversorgung unerwartet unterbrochen wird. <\/span><\/li>\n<li class=\"a-spacing-mini\"><span class=\"a-list-item\">Aes 256-bit hardwarebasierte Verschl\u00fcsselung sch\u00fctzt Ihre Daten vor Hackern und Dieben. <\/span><\/li>\n<\/ul>\n","protected":false},"excerpt":{"rendered":"<ul class=\"a-unordered-list a-vertical a-spacing-mini\">\n<li class=\"a-spacing-mini\"><span class=\"a-list-item\">Sequentielle Lese-\/Schreibvorg\u00e4nge bis zu 560\/510 MB\/s und zuf\u00e4llige Lese-\/Schreibvorg\u00e4nge bis zu 95K\/90K bei allen Dateitypen. <\/span><\/li>\n<li class=\"a-spacing-mini\"><span class=\"a-list-item\">Beschleunigt durch Micron 3D NAND-Technologie. <\/span><\/li>\n<li class=\"a-spacing-mini\"><span class=\"a-list-item\">Integrierte Power Loss Immunity bewahrt alle Ihre gespeicherten Daten, wenn die Stromversorgung unerwartet unterbrochen wird. <\/span><\/li>\n<li class=\"a-spacing-mini\"><span class=\"a-list-item\">Aes 256-bit hardwarebasierte Verschl\u00fcsselung sch\u00fctzt Ihre Daten vor Hackern und Dieben. <\/span><\/li>\n<\/ul>\n","protected":false},"featured_media":9178,"comment_status":"open","ping_status":"closed","template":"","meta":{"_et_pb_use_builder":"","_et_pb_old_content":"","_et_gb_content_width":""},"product_brand":[],"product_cat":[1372,703],"product_tag":[],"class_list":{"0":"post-9179","1":"product","2":"type-product","3":"status-publish","4":"has-post-thumbnail","6":"product_cat-elektronik","7":"product_cat-uncategorized-de","9":"first","10":"instock","11":"sale","12":"taxable","13":"shipping-taxable","14":"purchasable","15":"product-type-simple"},"exclude_global_add_ons":[],"addons":[],"jetpack-related-posts":[{"id":9176,"url":"https:\/\/anythingtechnicallc.com\/index.php\/de\/product\/samsung-t7-portable-ssd-1tb-externes-solid-state-drive-geschwindigkeiten-bis-zu-1-050mb-s-usb-3-2-gen-2-zuverlaessiger-speicher-fuer-gaming-studenten-berufstaetige-mu-pc1t0t-am-gray\/","url_meta":{"origin":9179,"position":0},"title":"SAMSUNG T7 Portable SSD, 1TB Externes Solid State Drive, Geschwindigkeiten bis zu 1.050MB\/s, USB 3.2 Gen 2, Zuverl\u00e4ssiger Speicher f\u00fcr Gaming, Studenten, Berufst\u00e4tige, MU-PC1T0T\/AM, Gray","date":"March 19, 2026","format":false,"excerpt":"GEMACHT F\u00dcR DIE MACHER: Erstellen; Erforschen; Speichern; Die T7 Portable SSD bietet hohe Geschwindigkeiten und robuste Funktionen, um jedes Vorhaben zu unterst\u00fctzen; Bauen Sie Ihr Videobearbeitungsimperium auf, archivieren Sie Ihre Fotos oder sichern Sie Ihre Blogs - alles im Handumdrehen. TEILEN SIE IDEEN IM BLITZ: Verschwenden Sie keine Sekunde mit\u2026","rel":"","context":"Similar post","img":{"alt_text":"","src":"https:\/\/i0.wp.com\/anythingtechnicallc.com\/wp-content\/uploads\/2025\/02\/91YfRIy7kYL._AC_SL1500_.jpg?fit=1200%2C1096&ssl=1&resize=350%2C200","width":350,"height":200},"classes":[]},{"id":9922,"url":"https:\/\/anythingtechnicallc.com\/index.php\/de\/product\/jbl-partybox-wireless-mic-2x-digitale-drahtlose-mikrofone-wiederaufladbarer-akku-20-std-700-mah-klare-stimme-klarer-klang-stabile-24-ghz-verbindung-kompatibel-mit-allen-partybox-lautsprec\/","url_meta":{"origin":9179,"position":1},"title":"JBL PartyBox Wireless Mic &#8211; 2X digitale drahtlose Mikrofone, wiederaufladbarer Akku (20 Std. &#8211; 700 mAh), klare Stimme, klarer Klang, stabile 2,4-GHz-Verbindung, kompatibel mit allen PartyBox Lautsprechern (erneuert)","date":"April 15, 2026","format":false,"excerpt":"Schlie\u00dfen Sie die drahtlosen JBL-Mikrofone an jeden JBL-Lautsprecher an, und drinnen oder drau\u00dfen werden Sie klar und fesselnd klingen. Bis zu 20 Stunden Spielzeit und Sie k\u00f6nnen ein Mikrofon sogar w\u00e4hrend des Aufladens \u00fcber die integrierte Powerbank der PartyBox verwenden. Bis zu 20 Stunden Spielzeit und Sie k\u00f6nnen sogar ein\u2026","rel":"","context":"Similar post","img":{"alt_text":"","src":"https:\/\/i0.wp.com\/anythingtechnicallc.com\/wp-content\/uploads\/2026\/04\/61Yl89uADxL._AC_SL1500_.jpg?fit=1200%2C828&ssl=1&resize=350%2C200","width":350,"height":200},"classes":[]},{"id":9164,"url":"https:\/\/anythingtechnicallc.com\/index.php\/de\/product\/fujitsu-scansnap-ix1500-farb-duplex-dokumentenscanner-mit-touchscreen-fuer-mac-und-pc-erneuert\/","url_meta":{"origin":9179,"position":2},"title":"Fujitsu ScanSnap iX1500 Farb-Duplex-Dokumentenscanner mit Touchscreen f\u00fcr Mac und PC (Erneuert)","date":"March 19, 2026","format":false,"excerpt":"Beidseitiges Scannen mit fortschrittlichem Papiereinzugssystem. Scannen Sie Ihre Dokumente, Visitenkarten, Quittungen und Fotos. Gro\u00dfer, benutzerfreundlicher 4. 3-Zoll-Touchscreen erm\u00f6glicht es Ihnen, ganz einfach an Ihre bevorzugten Ziele zu scannen. Scannen Sie zu Google Drive, Dropbox, Desktop-Ordner und mehr! Anschluss \u00fcber USB-Kabel oder Wi-Fi (2. 4 und 5 GHz). Sie k\u00f6nnen \u00fcber\u2026","rel":"","context":"Similar post","img":{"alt_text":"","src":"https:\/\/i0.wp.com\/anythingtechnicallc.com\/wp-content\/uploads\/2025\/02\/61I4ZdtMXTL._AC_SL1342_.jpg?fit=1009%2C925&ssl=1&resize=350%2C200","width":350,"height":200},"classes":[]},{"id":9083,"url":"https:\/\/anythingtechnicallc.com\/index.php\/de\/product\/gebrauchter-shure-ulxd1-drahtloser-taschensender-v50-band\/","url_meta":{"origin":9179,"position":3},"title":"Gebrauchter Shure ULXD1 Drahtloser Taschensender, V50 Band","date":"March 19, 2026","format":false,"excerpt":"Dieser Sender ben\u00f6tigt einen Ulxd4-Empf\u00e4nger, um das System zu vervollst\u00e4ndigen. Hinweis: Wenn Sie separate drahtlose Komponenten kaufen, stimmen Sie bitte deren Frequenzb\u00e4nder aufeinander ab, um den ordnungsgem\u00e4\u00dfen Betrieb des Systems sicherzustellen. Der ULXD1 ist ein drahtloser Bodypack-Sender, der mit den digitalen ULX-D Drahtlossystemen kompatibel ist. Mit seinem robusten und dennoch\u2026","rel":"","context":"Similar post","img":{"alt_text":"","src":"https:\/\/i0.wp.com\/anythingtechnicallc.com\/wp-content\/uploads\/2024\/10\/41fQWcyQrlL._AC_SL1500_.jpg?fit=362%2C1200&ssl=1&resize=350%2C200","width":350,"height":200},"classes":[]},{"id":9452,"url":"https:\/\/anythingtechnicallc.com\/index.php\/de\/product\/solarladegeraet-anker-24w-3-port-usb-tragbares-solarladegeraet-mit-faltbarem-cigs-panel-fuer-camping-powerport-solar-fuer-iphone-12-se-11-xs-max-xr-x-8-ipad-samsung-galaxy-s20-s10-s9-s8-und-mehr\/","url_meta":{"origin":9179,"position":4},"title":"Solarladeger\u00e4t, Anker 24W 3-Port USB tragbares Solarladeger\u00e4t mit faltbarem CIGS-Panel f\u00fcr Camping, PowerPort Solar f\u00fcr iPhone 12\/SE\/11\/XS Max\/XR\/X\/8, iPad, Samsung Galaxy S20\/S10\/S9\/S8, und mehr","date":"March 19, 2026","format":false,"excerpt":"Stellen Sie sicher, dass dieser Artikel passt, indem Sie Ihre Modellnummer eingeben. Ultrad\u00fcnn und flexibel: Hergestellt aus CIGS, einer Art D\u00fcnnschicht-Solarmaterial, das eine gr\u00f6\u00dfere Flexibilit\u00e4t als andere Solarzellen bietet und gleichzeitig langlebig ist. Schnelles Aufladen: Mit diesem tragbaren Solarladeger\u00e4t k\u00f6nnen Sie Ihr Handy, Tablet oder andere mobile Ger\u00e4te bei optimaler\u2026","rel":"","context":"Similar post","img":{"alt_text":"","src":"https:\/\/i0.wp.com\/anythingtechnicallc.com\/wp-content\/uploads\/2022\/09\/Solar-Charger-Anker-24W-3-Port-USB-Portable-Solar-Charger-with-Foldable-CIGS-Panel-for-Camping-PowerPort-Solar-for-iPhone-12SE11XS-MaxXRX8-iPad-Samsung-Galaxy-S20S10S9S8-and-More-0.jpg?fit=400%2C500&ssl=1&resize=350%2C200","width":350,"height":200},"classes":[]},{"id":9092,"url":"https:\/\/anythingtechnicallc.com\/index.php\/de\/product\/gebrauchter-shure-ulxd1-drahtloser-bodypack-sender-q2-band-748-784mhz\/","url_meta":{"origin":9179,"position":5},"title":"Gebrauchter Shure ULXD1 Drahtloser Bodypack-Sender, Q2 Band 748-784MHz","date":"March 19, 2026","format":false,"excerpt":"Dieser Sender ben\u00f6tigt einen Ulxd4-Empf\u00e4nger, um das System zu vervollst\u00e4ndigen. Hinweis: Wenn Sie separate drahtlose Komponenten kaufen, stimmen Sie bitte deren Frequenzb\u00e4nder aufeinander ab, um den ordnungsgem\u00e4\u00dfen Betrieb des Systems sicherzustellen. Der ULXD1 ist ein drahtloser Bodypack-Sender, der mit den digitalen ULX-D Drahtlossystemen kompatibel ist. Mit seinem robusten und dennoch\u2026","rel":"","context":"Similar post","img":{"alt_text":"","src":"https:\/\/i0.wp.com\/anythingtechnicallc.com\/wp-content\/uploads\/2024\/10\/61bGitfCDL._AC_SL1500_.jpg?fit=466%2C1200&ssl=1&resize=350%2C200","width":350,"height":200},"classes":[]}],"pll_sync_post":[],"lang":"de","translations":{"de":9179,"en":6268},"_links":{"self":[{"href":"https:\/\/anythingtechnicallc.com\/index.php\/wp-json\/wp\/v2\/product\/9179","targetHints":{"allow":["GET"]}}],"collection":[{"href":"https:\/\/anythingtechnicallc.com\/index.php\/wp-json\/wp\/v2\/product"}],"about":[{"href":"https:\/\/anythingtechnicallc.com\/index.php\/wp-json\/wp\/v2\/types\/product"}],"replies":[{"embeddable":true,"href":"https:\/\/anythingtechnicallc.com\/index.php\/wp-json\/wp\/v2\/comments?post=9179"}],"wp:featuredmedia":[{"embeddable":true,"href":"https:\/\/anythingtechnicallc.com\/index.php\/wp-json\/wp\/v2\/media\/9178"}],"wp:attachment":[{"href":"https:\/\/anythingtechnicallc.com\/index.php\/wp-json\/wp\/v2\/media?parent=9179"}],"wp:term":[{"taxonomy":"product_brand","embeddable":true,"href":"https:\/\/anythingtechnicallc.com\/index.php\/wp-json\/wp\/v2\/product_brand?post=9179"},{"taxonomy":"product_cat","embeddable":true,"href":"https:\/\/anythingtechnicallc.com\/index.php\/wp-json\/wp\/v2\/product_cat?post=9179"},{"taxonomy":"product_tag","embeddable":true,"href":"https:\/\/anythingtechnicallc.com\/index.php\/wp-json\/wp\/v2\/product_tag?post=9179"}],"curies":[{"name":"wp","href":"https:\/\/api.w.org\/{rel}","templated":true}]}}