{"id":9182,"date":"2026-03-19T05:41:39","date_gmt":"2026-03-19T05:41:39","guid":{"rendered":"https:\/\/anythingtechnicallc.com\/?post_type=product&#038;p=9182"},"modified":"2026-03-19T09:30:39","modified_gmt":"2026-03-19T09:30:39","slug":"ubiquiti-uap-ac-lite-unifi-ap-ac-lite-802-11ac-gigabit-dual-radio-poe","status":"publish","type":"product","link":"https:\/\/anythingtechnicallc.com\/index.php\/de\/product\/ubiquiti-uap-ac-lite-unifi-ap-ac-lite-802-11ac-gigabit-dual-radio-poe\/","title":{"rendered":"Ubiquiti UAP-AC-LITE UniFi AP AC LITE 802.11ac Gigabit Dual-Radio PoE"},"content":{"rendered":"<div id=\"featurebullets_feature_div\" class=\"celwidget\" data-feature-name=\"featurebullets\" data-csa-c-type=\"widget\" data-csa-c-content-id=\"featurebullets\" data-csa-c-slot-id=\"featurebullets_feature_div\" data-csa-c-asin=\"B01DRM6MLI\" data-csa-c-is-in-initial-active-row=\"false\" data-csa-c-id=\"qns9cd-gh8gxn-4m8odk-o6pu6f\" data-cel-widget=\"featurebullets_feature_div\">\n<div id=\"feature-bullets\" class=\"a-section a-spacing-medium a-spacing-top-small\">\n<ul class=\"a-unordered-list a-vertical a-spacing-mini\">\n<li class=\"a-spacing-mini\"><span class=\"a-list-item\">Ubiquiti UAP-AC-LITE UniFi AP AC LITE 802.11ac Gigabit Dual-Radio PoE OPEN BOX<\/span><\/li>\n<\/ul>\n<\/div>\n<\/div>\n<div id=\"provenanceCertifications_feature_div\" class=\"celwidget\" data-feature-name=\"provenanceCertifications\" data-csa-c-type=\"widget\" data-csa-c-content-id=\"provenanceCertifications\" data-csa-c-slot-id=\"provenanceCertifications_feature_div\" data-csa-c-asin=\"B01DRM6MLI\" data-csa-c-is-in-initial-active-row=\"false\" data-csa-c-id=\"oj5o01-lu72it-xbrqan-w1u93d\" data-cel-widget=\"provenanceCertifications_feature_div\"><\/div>\n<div id=\"handmadeArtisanCard_feature_div\" class=\"celwidget\" data-feature-name=\"handmadeArtisanCard\" data-csa-c-type=\"widget\" data-csa-c-content-id=\"handmadeArtisanCard\" data-csa-c-slot-id=\"handmadeArtisanCard_feature_div\" data-csa-c-asin=\"B01DRM6MLI\" data-csa-c-is-in-initial-active-row=\"false\" data-csa-c-id=\"k49y7t-75xqo5-9viqqv-nkwy78\" data-cel-widget=\"handmadeArtisanCard_feature_div\"><\/div>\n<div id=\"billOfMaterial_feature_div\" class=\"celwidget\" data-feature-name=\"billOfMaterial\" data-csa-c-type=\"widget\" data-csa-c-content-id=\"billOfMaterial\" data-csa-c-slot-id=\"billOfMaterial_feature_div\" data-csa-c-asin=\"B01DRM6MLI\" data-csa-c-is-in-initial-active-row=\"false\" data-csa-c-id=\"2gsqgv-rgs2v5-7elbs3-kzxuhj\" data-cel-widget=\"billOfMaterial_feature_div\"><\/div>\n<div id=\"globalStoreInfoBullets_feature_div\" class=\"celwidget\" data-feature-name=\"globalStoreInfoBullets\" data-csa-c-type=\"widget\" data-csa-c-content-id=\"globalStoreInfoBullets\" data-csa-c-slot-id=\"globalStoreInfoBullets_feature_div\" data-csa-c-asin=\"B01DRM6MLI\" data-csa-c-is-in-initial-active-row=\"false\" data-csa-c-id=\"z8l8dh-4cyljd-30w6x7-gokg36\" data-cel-widget=\"globalStoreInfoBullets_feature_div\"><\/div>\n<div id=\"addOnItem_feature_div\" class=\"celwidget\" data-feature-name=\"addOnItem\" data-csa-c-type=\"widget\" data-csa-c-content-id=\"addOnItem\" data-csa-c-slot-id=\"addOnItem_feature_div\" data-csa-c-asin=\"B01DRM6MLI\" data-csa-c-is-in-initial-active-row=\"false\" data-csa-c-id=\"vc0cct-sxoa0m-kynmfv-1ddj8z\" data-cel-widget=\"addOnItem_feature_div\"><\/div>\n<div id=\"giftcard-holiday-availability-messaging_feature_div\" class=\"celwidget\" data-feature-name=\"giftCardHolidayAvailabilityMessaging\" data-csa-c-type=\"widget\" data-csa-c-content-id=\"giftCardHolidayAvailabilityMessaging\" data-csa-c-slot-id=\"giftcard-holiday-availability-messaging_feature_div\" data-csa-c-asin=\"B01DRM6MLI\" data-csa-c-is-in-initial-active-row=\"false\" data-csa-c-id=\"xho86n-odzfs8-x1zfzm-4e11gh\" data-cel-widget=\"giftcard-holiday-availability-messaging_feature_div\"><\/div>\n<div id=\"olp_feature_div\" class=\"celwidget\" data-feature-name=\"olp\" data-csa-c-type=\"widget\" data-csa-c-content-id=\"olp\" data-csa-c-slot-id=\"olp_feature_div\" data-csa-c-asin=\"B01DRM6MLI\" data-csa-c-is-in-initial-active-row=\"false\" data-csa-c-id=\"ect6cp-crr6ee-ysj7zz-z0sr3w\" data-cel-widget=\"olp_feature_div\"><\/div>\n","protected":false},"excerpt":{"rendered":"<div id=\"featurebullets_feature_div\" class=\"celwidget\" data-feature-name=\"featurebullets\" data-csa-c-type=\"widget\" data-csa-c-content-id=\"featurebullets\" data-csa-c-slot-id=\"featurebullets_feature_div\" data-csa-c-asin=\"B01DRM6MLI\" data-csa-c-is-in-initial-active-row=\"false\" data-csa-c-id=\"qns9cd-gh8gxn-4m8odk-o6pu6f\" data-cel-widget=\"featurebullets_feature_div\">\n<div id=\"feature-bullets\" class=\"a-section a-spacing-medium a-spacing-top-small\">\n<ul class=\"a-unordered-list a-vertical a-spacing-mini\">\n<li class=\"a-spacing-mini\"><span class=\"a-list-item\">Ubiquiti UAP-AC-LITE UniFi AP AC LITE 802.11ac Gigabit Dual-Radio PoE OPEN BOX<\/span><\/li>\n<\/ul>\n<\/div>\n<\/div>\n<div id=\"provenanceCertifications_feature_div\" class=\"celwidget\" data-feature-name=\"provenanceCertifications\" data-csa-c-type=\"widget\" data-csa-c-content-id=\"provenanceCertifications\" data-csa-c-slot-id=\"provenanceCertifications_feature_div\" data-csa-c-asin=\"B01DRM6MLI\" data-csa-c-is-in-initial-active-row=\"false\" data-csa-c-id=\"oj5o01-lu72it-xbrqan-w1u93d\" data-cel-widget=\"provenanceCertifications_feature_div\"><\/div>\n<div id=\"handmadeArtisanCard_feature_div\" class=\"celwidget\" data-feature-name=\"handmadeArtisanCard\" data-csa-c-type=\"widget\" data-csa-c-content-id=\"handmadeArtisanCard\" data-csa-c-slot-id=\"handmadeArtisanCard_feature_div\" data-csa-c-asin=\"B01DRM6MLI\" data-csa-c-is-in-initial-active-row=\"false\" data-csa-c-id=\"k49y7t-75xqo5-9viqqv-nkwy78\" data-cel-widget=\"handmadeArtisanCard_feature_div\"><\/div>\n<div id=\"billOfMaterial_feature_div\" class=\"celwidget\" data-feature-name=\"billOfMaterial\" data-csa-c-type=\"widget\" data-csa-c-content-id=\"billOfMaterial\" data-csa-c-slot-id=\"billOfMaterial_feature_div\" data-csa-c-asin=\"B01DRM6MLI\" data-csa-c-is-in-initial-active-row=\"false\" data-csa-c-id=\"2gsqgv-rgs2v5-7elbs3-kzxuhj\" data-cel-widget=\"billOfMaterial_feature_div\"><\/div>\n<div id=\"globalStoreInfoBullets_feature_div\" class=\"celwidget\" data-feature-name=\"globalStoreInfoBullets\" data-csa-c-type=\"widget\" data-csa-c-content-id=\"globalStoreInfoBullets\" data-csa-c-slot-id=\"globalStoreInfoBullets_feature_div\" data-csa-c-asin=\"B01DRM6MLI\" data-csa-c-is-in-initial-active-row=\"false\" data-csa-c-id=\"z8l8dh-4cyljd-30w6x7-gokg36\" data-cel-widget=\"globalStoreInfoBullets_feature_div\"><\/div>\n<div id=\"addOnItem_feature_div\" class=\"celwidget\" data-feature-name=\"addOnItem\" data-csa-c-type=\"widget\" data-csa-c-content-id=\"addOnItem\" data-csa-c-slot-id=\"addOnItem_feature_div\" data-csa-c-asin=\"B01DRM6MLI\" data-csa-c-is-in-initial-active-row=\"false\" data-csa-c-id=\"vc0cct-sxoa0m-kynmfv-1ddj8z\" data-cel-widget=\"addOnItem_feature_div\"><\/div>\n<div id=\"giftcard-holiday-availability-messaging_feature_div\" class=\"celwidget\" data-feature-name=\"giftCardHolidayAvailabilityMessaging\" data-csa-c-type=\"widget\" data-csa-c-content-id=\"giftCardHolidayAvailabilityMessaging\" data-csa-c-slot-id=\"giftcard-holiday-availability-messaging_feature_div\" data-csa-c-asin=\"B01DRM6MLI\" data-csa-c-is-in-initial-active-row=\"false\" data-csa-c-id=\"xho86n-odzfs8-x1zfzm-4e11gh\" data-cel-widget=\"giftcard-holiday-availability-messaging_feature_div\"><\/div>\n<div id=\"olp_feature_div\" class=\"celwidget\" data-feature-name=\"olp\" data-csa-c-type=\"widget\" data-csa-c-content-id=\"olp\" data-csa-c-slot-id=\"olp_feature_div\" data-csa-c-asin=\"B01DRM6MLI\" data-csa-c-is-in-initial-active-row=\"false\" data-csa-c-id=\"ect6cp-crr6ee-ysj7zz-z0sr3w\" data-cel-widget=\"olp_feature_div\"><\/div>\n","protected":false},"featured_media":9181,"comment_status":"open","ping_status":"closed","template":"","meta":{"_et_pb_use_builder":"","_et_pb_old_content":"","_et_gb_content_width":""},"product_brand":[],"product_cat":[1372,703],"product_tag":[],"class_list":{"0":"post-9182","1":"product","2":"type-product","3":"status-publish","4":"has-post-thumbnail","6":"product_cat-elektronik","7":"product_cat-uncategorized-de","9":"first","10":"instock","11":"sale","12":"taxable","13":"shipping-taxable","14":"purchasable","15":"product-type-simple"},"exclude_global_add_ons":[],"addons":[],"jetpack-related-posts":[{"id":9121,"url":"https:\/\/anythingtechnicallc.com\/index.php\/de\/product\/polycom-vvx-601-corded-business-media-phone-system-16-leitungen-poe-2200-48600-025-ac-adapter-nicht-im-lieferumfang-enthalten-ersetzt-vvx-600-erneuert\/","url_meta":{"origin":9182,"position":0},"title":"Polycom VVX 601 Corded Business Media Phone System &#8211; 16 Leitungen PoE &#8211; 2200-48600-025 &#8211; AC Adapter (nicht im Lieferumfang enthalten) &#8211; ersetzt VVX 600 (erneuert)","date":"March 19, 2026","format":false,"excerpt":"Premium-Business-Media-Telefone, die erstklassige Desktop-Produktivit\u00e4t f\u00fcr vielbesch\u00e4ftigte F\u00fchrungskr\u00e4fte und Manager bieten. Die Polycom VVX 600 Serie sind Premium-Medientelefone f\u00fcr Unternehmen, die die Zusammenarbeit und pers\u00f6nliche Produktivit\u00e4t verbessern.","rel":"","context":"Similar post","img":{"alt_text":"","src":"https:\/\/i0.wp.com\/anythingtechnicallc.com\/wp-content\/uploads\/2025\/02\/41s1Pq4nyLL._AC_.jpg?fit=334%2C277&ssl=1&resize=350%2C200","width":350,"height":200},"classes":[]},{"id":9340,"url":"https:\/\/anythingtechnicallc.com\/index.php\/de\/product\/gebrauchtes-apple-2019-ipad-air-3-generation-105-zoll-wifi-64gb-silber\/","url_meta":{"origin":9182,"position":1},"title":"Gebrauchtes Apple 2019 iPad Air 3. Generation (10,5 Zoll, WiFi, 64GB) &#8211; Silber","date":"March 19, 2026","format":false,"excerpt":"10,5-Zoll-Retina-Display mit True Tone und breiten Farben. A12 Bionic Chip. Touch ID Fingerabdrucksensor und Apple Pay. 8MP Kamera auf der R\u00fcckseite, 7MP FaceTime HD Frontkamera. Stereo-Lautsprecher. 802.11ac Wi-Fi. Bis zu 10 Stunden Akkulaufzeit. Lightning-Anschluss zum Aufladen und f\u00fcr Zubeh\u00f6r. IOS mit FaceTime f\u00fcr Gruppen, gemeinsamen Augmented Reality Erlebnissen, Bildschirmzeit und\u2026","rel":"","context":"Similar post","img":{"alt_text":"","src":"https:\/\/i0.wp.com\/anythingtechnicallc.com\/wp-content\/uploads\/2025\/07\/617QFmtXctL._AC_SL1500_.jpg?fit=1027%2C1200&ssl=1&resize=350%2C200","width":350,"height":200},"classes":[]},{"id":9103,"url":"https:\/\/anythingtechnicallc.com\/index.php\/de\/product\/microsoft-surface-pro-4-intel-core-i5-4gb-ram-128gb-mit-windows-10-amazon-renewed\/","url_meta":{"origin":9182,"position":2},"title":"Microsoft Surface Pro 4 (Intel Core i5, 4GB RAM, 128GB) mit Windows 10 (Amazon Renewed)","date":"March 19, 2026","format":false,"excerpt":"Microsoft Surface Pro 4 verf\u00fcgt \u00fcber einen Intel Core i5 Prozessor der 6. Generation, 128 GB Speicherplatz, 4 GB RAM und bis zu 9 Stunden Videowiedergabe 12,3\" PixelSense 10-Punkt-Touchscreen-Display, 2736 x 1824 Bildschirmaufl\u00f6sung (267 ppi) USB 3.0, 3,5 mm Kopfh\u00f6rerbuchse, Mini DisplayPort, 1 x Surface Connect Anschluss, Surface Type Cover\u2026","rel":"","context":"Similar post","img":{"alt_text":"","src":"https:\/\/i0.wp.com\/anythingtechnicallc.com\/wp-content\/uploads\/2024\/11\/71lMNHzRYRL._AC_SL1365_.jpg?fit=1200%2C888&ssl=1&resize=350%2C200","width":350,"height":200},"classes":[]},{"id":9381,"url":"https:\/\/anythingtechnicallc.com\/index.php\/de\/product\/dell-thunderbolt-wd22tb4-4-dock-130w\/","url_meta":{"origin":9182,"position":3},"title":"Dell Thunderbolt WD22TB4 4 Dock 130W","date":"March 19, 2026","format":false,"excerpt":"Modulares Thunderbolt-Dock mit austauschbaren Modulen f\u00fcr einfache Upgrades und SuperBoost-Technologien f\u00fcr schnelles Laden. 2 x Thunderbolt-4-Anschl\u00fcsse \/ 1 x USB-C 3.2 Gen 2 \/ 1 x USB-A 3.2 Gen 1 mit PowerShare \/ 2 x DisplayPort 1.4 \/ 1 x HDMI 2.0 \/ 1 x USB-C Multifunction DisplayPort. 2 x\u2026","rel":"","context":"Similar post","img":{"alt_text":"","src":"https:\/\/i0.wp.com\/anythingtechnicallc.com\/wp-content\/uploads\/2025\/08\/41TfyCoNXsL._AC_SL1247_.jpg?fit=1200%2C570&ssl=1&resize=350%2C200","width":350,"height":200},"classes":[]},{"id":9626,"url":"https:\/\/anythingtechnicallc.com\/index.php\/de\/product\/gebrauchte-dell-wd19s-180w-docking-station-130w-power-delivery-usb-c-hdmi-dual-displayport-schwarz\/","url_meta":{"origin":9182,"position":4},"title":"Gebrauchte Dell WD19S 180W Docking Station (130W Power Delivery) USB-C, HDMI, Dual DisplayPort, Schwarz","date":"March 24, 2026","format":false,"excerpt":"Der WD19S verf\u00fcgt \u00fcber einen einzigen USB-Typ-C-Eingang und ein mitgeliefertes Kabel, das bei kompatiblen Dell-Notebooks eine Leistung von 130 W und bei Nicht-Dell-Systemen eine Leistung von 90 W liefert, wenn das mitgelieferte 180-Watt-Netzteil angeschlossen ist, was die M\u00f6glichkeiten Ihres Notebooks beim Aufladen erweitert. Wenn er angeschlossen ist, bietet Ihnen dieser\u2026","rel":"","context":"Similar post","img":{"alt_text":"","src":"https:\/\/i0.wp.com\/anythingtechnicallc.com\/wp-content\/uploads\/2025\/10\/Dell-WD19S-180W-Docking-Station.jpg?fit=900%2C1200&ssl=1&resize=350%2C200","width":350,"height":200},"classes":[]},{"id":9142,"url":"https:\/\/anythingtechnicallc.com\/index.php\/de\/product\/focusrite-scarlett-2i2-4th-gen-usb-audio-interface-fuer-aufnahmen-songwriting-streaming-und-podcasting-high-fidelity-aufnahmen-in-studioqualitaet-und-die-gesamte-software-die-sie-zum-aufnehmen-be\/","url_meta":{"origin":9182,"position":5},"title":"Focusrite Scarlett 2i2 4th Gen USB Audio Interface f\u00fcr Aufnahmen, Songwriting, Streaming und Podcasting &#8211; High-Fidelity-Aufnahmen in Studioqualit\u00e4t und die gesamte Software, die Sie zum Aufnehmen ben\u00f6tigen","date":"March 19, 2026","format":false,"excerpt":"Die neueste Generation des Scarlett 2i2 macht es Ihnen leicht, jedes Mal bessere Aufnahmen zu machen. Zwei von Focusrites detailliertesten, extrem rauscharmen Mikrofonvorverst\u00e4rkern. Wandler in Studioqualit\u00e4t mit einem riesigen Dynamikbereich von 120 dB, der dem eines professionellen Studios entspricht. Auto Gain, Clip Safe und eine leistungsstarke analoge Verst\u00e4rkung von 69\u2026","rel":"","context":"Similar post","img":{"alt_text":"","src":"https:\/\/i0.wp.com\/anythingtechnicallc.com\/wp-content\/uploads\/2025\/02\/51MxMln3T2L._AC_SL1500_.jpg?fit=1153%2C450&ssl=1&resize=350%2C200","width":350,"height":200},"classes":[]}],"pll_sync_post":[],"lang":"de","translations":{"de":9182,"en":6270},"_links":{"self":[{"href":"https:\/\/anythingtechnicallc.com\/index.php\/wp-json\/wp\/v2\/product\/9182","targetHints":{"allow":["GET"]}}],"collection":[{"href":"https:\/\/anythingtechnicallc.com\/index.php\/wp-json\/wp\/v2\/product"}],"about":[{"href":"https:\/\/anythingtechnicallc.com\/index.php\/wp-json\/wp\/v2\/types\/product"}],"replies":[{"embeddable":true,"href":"https:\/\/anythingtechnicallc.com\/index.php\/wp-json\/wp\/v2\/comments?post=9182"}],"wp:featuredmedia":[{"embeddable":true,"href":"https:\/\/anythingtechnicallc.com\/index.php\/wp-json\/wp\/v2\/media\/9181"}],"wp:attachment":[{"href":"https:\/\/anythingtechnicallc.com\/index.php\/wp-json\/wp\/v2\/media?parent=9182"}],"wp:term":[{"taxonomy":"product_brand","embeddable":true,"href":"https:\/\/anythingtechnicallc.com\/index.php\/wp-json\/wp\/v2\/product_brand?post=9182"},{"taxonomy":"product_cat","embeddable":true,"href":"https:\/\/anythingtechnicallc.com\/index.php\/wp-json\/wp\/v2\/product_cat?post=9182"},{"taxonomy":"product_tag","embeddable":true,"href":"https:\/\/anythingtechnicallc.com\/index.php\/wp-json\/wp\/v2\/product_tag?post=9182"}],"curies":[{"name":"wp","href":"https:\/\/api.w.org\/{rel}","templated":true}]}}