{"id":9185,"date":"2026-03-19T05:42:36","date_gmt":"2026-03-19T05:42:36","guid":{"rendered":"https:\/\/anythingtechnicallc.com\/?post_type=product&#038;p=9185"},"modified":"2026-03-19T09:30:39","modified_gmt":"2026-03-19T09:30:39","slug":"google-chromecast-streaming-geraet-mit-hdmi-kabel-streamen-sie-shows-musik-fotos-und-sport-von-ihrem-telefon-auf-ihren-fernseher-inklusive-tasche-und-reinigungstuch-japan-version-kompatibel","status":"publish","type":"product","link":"https:\/\/anythingtechnicallc.com\/index.php\/de\/product\/google-chromecast-streaming-geraet-mit-hdmi-kabel-streamen-sie-shows-musik-fotos-und-sport-von-ihrem-telefon-auf-ihren-fernseher-inklusive-tasche-und-reinigungstuch-japan-version-kompatibel\/","title":{"rendered":"Google Chromecast &#8211; Streaming-Ger\u00e4t mit HDMI-Kabel &#8211; Streamen Sie Shows, Musik, Fotos und Sport von Ihrem Telefon auf Ihren Fernseher, inklusive Tasche und Reinigungstuch (Japan Version) &#8211; Kompatibel mit US"},"content":{"rendered":"<ul class=\"a-unordered-list a-vertical a-spacing-mini\">\n<li class=\"a-spacing-mini\"><span class=\"a-list-item\">JAPANISCHE VERSION &#8211; Passt sich automatisch an die Sprache der Region des Benutzers an. Kompatibel mit US-Kunden<\/span><\/li>\n<li class=\"a-spacing-mini\"><span class=\"a-list-item\">Erweitern Sie Ihr Home-Entertainment-Angebot, ohne einen neuen Fernseher kaufen zu m\u00fcssen. Mit Google Chromecast k\u00f6nnen Sie Ihre Lieblingssendungen von Ihrem Telefon, Tablet oder Laptop aus streamen &#8211; eine Fernbedienung ist nicht erforderlich.<\/span><\/li>\n<li class=\"a-spacing-mini\"><span class=\"a-list-item\">Funktioniert mit den Apps, die Sie bereits kennen und lieben; genie\u00dfen Sie Sendungen, Filme, Musik, Spiele, Sport, Fotos, Live-TV und mehr von \u00fcber 2.000 Streaming-Apps in bis zu 1080p<\/span><\/li>\n<li class=\"a-spacing-mini\"><span class=\"a-list-item\">Mit Chromecast k\u00f6nnen Sie direkt von Ihrem Telefon aus streamen, pausieren, abspielen oder die Lautst\u00e4rke einstellen. W\u00e4hrend des Streamings k\u00f6nnen Sie Ihr Telefon wie gewohnt nutzen.<\/span><\/li>\n<li class=\"a-spacing-mini\"><span class=\"a-list-item\">Spiegeln Sie Ihren Laptop-Bildschirm oder verwandeln Sie Ihr Tablet in ein noch besseres Unterhaltungssystem; surfen Sie im Internet oder sehen Sie sich Ihre Medien auf dem gro\u00dfen Bildschirm an<\/span><\/li>\n<li class=\"a-spacing-mini\"><span class=\"a-list-item\">Sehen Sie, was zu Hause passiert; mit Chromecast und der Google Home App k\u00f6nnen Sie Ihre Nest-Kameras oder die Nest-Videot\u00fcrklingel direkt von Ihrer Couch aus \u00fcberpr\u00fcfen<\/span><\/li>\n<\/ul>\n","protected":false},"excerpt":{"rendered":"<ul class=\"a-unordered-list a-vertical a-spacing-mini\">\n<li class=\"a-spacing-mini\"><span class=\"a-list-item\">JAPANISCHE VERSION &#8211; Passt sich automatisch an die Sprache der Region des Benutzers an. Kompatibel mit US-Kunden<\/span><\/li>\n<li class=\"a-spacing-mini\"><span class=\"a-list-item\">Erweitern Sie Ihr Home-Entertainment-Angebot, ohne einen neuen Fernseher kaufen zu m\u00fcssen. Mit Google Chromecast k\u00f6nnen Sie Ihre Lieblingssendungen von Ihrem Telefon, Tablet oder Laptop aus streamen &#8211; eine Fernbedienung ist nicht erforderlich.<\/span><\/li>\n<li class=\"a-spacing-mini\"><span class=\"a-list-item\">Funktioniert mit den Apps, die Sie bereits kennen und lieben; genie\u00dfen Sie Sendungen, Filme, Musik, Spiele, Sport, Fotos, Live-TV und mehr von \u00fcber 2.000 Streaming-Apps in bis zu 1080p<\/span><\/li>\n<li class=\"a-spacing-mini\"><span class=\"a-list-item\">Mit Chromecast k\u00f6nnen Sie direkt von Ihrem Telefon aus streamen, pausieren, abspielen oder die Lautst\u00e4rke einstellen. W\u00e4hrend des Streamings k\u00f6nnen Sie Ihr Telefon wie gewohnt nutzen.<\/span><\/li>\n<li class=\"a-spacing-mini\"><span class=\"a-list-item\">Spiegeln Sie Ihren Laptop-Bildschirm oder verwandeln Sie Ihr Tablet in ein noch besseres Unterhaltungssystem; surfen Sie im Internet oder sehen Sie sich Ihre Medien auf dem gro\u00dfen Bildschirm an<\/span><\/li>\n<li class=\"a-spacing-mini\"><span class=\"a-list-item\">Sehen Sie, was zu Hause passiert; mit Chromecast und der Google Home App k\u00f6nnen Sie Ihre Nest-Kameras oder die Nest-Videot\u00fcrklingel direkt von Ihrer Couch aus \u00fcberpr\u00fcfen<\/span><\/li>\n<\/ul>\n","protected":false},"featured_media":9184,"comment_status":"open","ping_status":"closed","template":"","meta":{"_et_pb_use_builder":"","_et_pb_old_content":"","_et_gb_content_width":""},"product_brand":[],"product_cat":[1372,703],"product_tag":[],"class_list":{"0":"post-9185","1":"product","2":"type-product","3":"status-publish","4":"has-post-thumbnail","6":"product_cat-elektronik","7":"product_cat-uncategorized-de","9":"first","10":"instock","11":"sale","12":"taxable","13":"shipping-taxable","14":"purchasable","15":"product-type-simple"},"exclude_global_add_ons":[],"addons":[],"jetpack-related-posts":[{"id":9343,"url":"https:\/\/anythingtechnicallc.com\/index.php\/de\/product\/apple-watch-series-5-gps-44mm-spacegraues-aluminiumgehaeuse-mit-schwarzem-sportband-erneuert\/","url_meta":{"origin":9185,"position":0},"title":"Apple Watch Series 5 (GPS, 44MM) &#8211; Spacegraues Aluminiumgeh\u00e4use mit schwarzem Sportband (Erneuert)","date":"March 19, 2026","format":false,"excerpt":"LASSEN SIE IHR TELEFON IN IHRER TASCHE: Mit dem Apple Watch Series 5 GPS-Modell k\u00f6nnen Sie von Ihrem Handgelenk aus telefonieren, simsen und Wegbeschreibungen abrufen, w\u00e4hrend Sie Ihr Telefon in der Tasche lassen. Sie bietet mehrere Konnektivit\u00e4tsoptionen, darunter: Bluetooth, Wi-Fi und NFC, um alle Ihre m\u00f6glichen Bed\u00fcrfnisse zu erf\u00fcllen. ALWAYS-ON\u2026","rel":"","context":"Similar post","img":{"alt_text":"","src":"https:\/\/i0.wp.com\/anythingtechnicallc.com\/wp-content\/uploads\/2025\/07\/713-HQZrUCL._AC_SL1500_.jpg?fit=1021%2C1200&ssl=1&resize=350%2C200","width":350,"height":200},"classes":[]},{"id":8970,"url":"https:\/\/anythingtechnicallc.com\/index.php\/de\/product\/philips-over-ear-open-back-stereo-kopfhoerer-mit-abnehmbarem-audioanschluss-studio-monitor-kopfhoerer-fuer-die-aufnahme-von-podcasts-dj-musik-klavier-gitarre-shp9600\/","url_meta":{"origin":9185,"position":1},"title":"PHILIPS Over Ear Open Back Stereo-Kopfh\u00f6rer mit abnehmbarem Audioanschluss, Studio-Monitor-Kopfh\u00f6rer f\u00fcr die Aufnahme von Podcasts DJ Musik Klavier Gitarre (SHP9600)","date":"March 18, 2026","format":false,"excerpt":"Eine hochwertige Leistung: Philips SHP9600 Kopfh\u00f6rer. Suchen Sie nach der perfekten Mischung aus Leistung, Komfort und Qualit\u00e4t? Diese offenen Over-Ear-Kopfh\u00f6rer sind so konzipiert, dass sie Ihren H\u00f6rgenuss zu Hause noch steigern. Sie erhalten gro\u00dfartigen Klang, eine hochwertige Konstruktion und vergoldete Kabelanschl\u00fcsse. Offenes Design. Gro\u00dfz\u00fcgiger Klang: Sp\u00fcren Sie die Musik. Perfekt\u2026","rel":"","context":"Similar post","img":{"alt_text":"","src":"https:\/\/i0.wp.com\/anythingtechnicallc.com\/wp-content\/uploads\/2024\/09\/81TO4oBag7L._AC_SL1500_.jpg?fit=705%2C1200&ssl=1&resize=350%2C200","width":350,"height":200},"classes":[]},{"id":9110,"url":"https:\/\/anythingtechnicallc.com\/index.php\/de\/product\/logitech-mx-brio-ultra-hd-4k-webcam-fuer-zusammenarbeit-und-streaming-1080p-bei-60-fps-zwei-geraeuschreduzierende-mikrofone-show-modus-usb-c-webcam-abdeckung-kompatibel-mit-microsoft-teams-zoom\/","url_meta":{"origin":9185,"position":2},"title":"Logitech MX Brio Ultra HD 4K-Webcam f\u00fcr Zusammenarbeit und Streaming, 1080p bei 60 FPS, zwei ger\u00e4uschreduzierende Mikrofone, Show-Modus, USB-C, Webcam-Abdeckung, kompatibel mit Microsoft Teams, Zoom, Google Meet &#8211; Graphit","date":"March 19, 2026","format":false,"excerpt":"Treffen Sie sich, streamen Sie, meistern Sie mit der scharfen Ultra HD 4k-Aufl\u00f6sung der MX Brio. Mit 2x besserer Gesichtserkennung und 2x feineren Bilddetails bei schwierigen Lichtverh\u00e4ltnissen(2), KI-Verbesserungen, einem von Logi entwickelten Objektiv, 70% gr\u00f6\u00dferen Pixeln(1) und unserem bisher gr\u00f6\u00dften Webcam-Sensor. Mit den Feineinstellungen(3) k\u00f6nnen Sie Beleuchtung, Wei\u00dfabgleich mit ISO,\u2026","rel":"","context":"Similar post","img":{"alt_text":"","src":"https:\/\/i0.wp.com\/anythingtechnicallc.com\/wp-content\/uploads\/2025\/02\/61WQr6U3mwL._AC_SL1500_.jpg?fit=1200%2C1069&ssl=1&resize=350%2C200","width":350,"height":200},"classes":[]},{"id":9831,"url":"https:\/\/anythingtechnicallc.com\/index.php\/de\/product\/apple-ipad-11-zoll-a16-chip-11-zoll-modell-liquid-retina-display-128gb-wi-fi-6-12mp-front-12mp-rueckkamera-touch-id-ganztaegige-batterielaufzeit-blau\/","url_meta":{"origin":9185,"position":3},"title":"Apple iPad 11-Zoll: A16 Chip, 11-Zoll Modell, Liquid Retina Display, 128GB, Wi-Fi 6, 12MP Front-\/12MP R\u00fcckkamera, Touch ID, Ganzt\u00e4gige Batterielaufzeit &#8211; Blau","date":"April 8, 2026","format":false,"excerpt":"WARUM IPAD - Das 11-Zoll-iPad ist jetzt leistungsf\u00e4higer denn je mit dem superschnellen A16-Chip, einem atemberaubenden Liquid Retina-Display, fortschrittlichen Kameras, schnellem Wi-Fi, USB-C-Anschluss und vier pr\u00e4chtigen Farben.* Das iPad bietet eine leistungsstarke M\u00f6glichkeit, zu kreieren, in Verbindung zu bleiben und Dinge zu erledigen. LEISTUNG UND SPEICHER - Der superschnelle A16\u2026","rel":"","context":"Similar post","img":{"alt_text":"","src":"https:\/\/i0.wp.com\/anythingtechnicallc.com\/wp-content\/uploads\/2026\/03\/61aPY8odPSL._AC_SL1500_.jpg?fit=1061%2C1200&ssl=1&resize=350%2C200","width":350,"height":200},"classes":[]},{"id":9916,"url":"https:\/\/anythingtechnicallc.com\/index.php\/de\/product\/bose-quietcomfort-noise-cancelling-earbuds-bluetooth-wireless-earphones-triple-black-erneuert\/","url_meta":{"origin":9185,"position":4},"title":"Bose QuietComfort Noise Cancelling Earbuds-Bluetooth Wireless Earphones, Triple Black (Erneuert)","date":"April 15, 2026","format":false,"excerpt":"Besserer Klang beginnt mit besserer Stille. Deshalb hat Bose die QuietComfort Earbuds mit der effektivsten Ger\u00e4uschunterdr\u00fcckung der Welt und High-Fidelity-Audio entwickelt. Denn wenn Sie Ablenkungen ausschalten, steigt die Musik und damit auch die Leidenschaft. Backen. Programmieren. Klettern. Und alles andere, was Sie ausmacht - Sie selbst. Unsere steuerbare Ger\u00e4uschunterdr\u00fcckung erm\u00f6glicht\u2026","rel":"","context":"Similar post","img":{"alt_text":"","src":"https:\/\/i0.wp.com\/anythingtechnicallc.com\/wp-content\/uploads\/2026\/04\/Bose-QuietComfort-Noise-Cancelling-Earbuds-Bluetooth-Wireless-Earphones-Triple-Black-Renewed.jpg?fit=900%2C1200&ssl=1&resize=350%2C200","width":350,"height":200},"classes":[]},{"id":9197,"url":"https:\/\/anythingtechnicallc.com\/index.php\/de\/product\/verlaengerter-amazon-eero-mesh-wlan-router-unterstuetzt-internet-tarife-bis-zu-550-mbps-abdeckung-bis-zu-1-500-sq-ft-1-pack\/","url_meta":{"origin":9185,"position":5},"title":"Verl\u00e4ngerter Amazon eero Mesh-WLAN-Router &#8211; Unterst\u00fctzt Internet-Tarife bis zu 550 Mbps, Abdeckung bis zu 1.500 sq. ft, 1-Pack","date":"March 19, 2026","format":false,"excerpt":"SCHNELLER STANDALONE-ROUTER - Der eero Mesh-WiFi-Router bringt bis zu 1.500 Quadratmeter schnelles, zuverl\u00e4ssiges WLAN in Ihr Zuhause. FUNKTIONIERT MIT ALEXA- Mit eero und einem Alexa-Ger\u00e4t (nicht im Lieferumfang enthalten) k\u00f6nnen Sie den WLAN-Zugang f\u00fcr Netzwerkprofile ganz einfach verwalten und sich so von den Bildschirmen abwenden und sich wieder auf das\u2026","rel":"","context":"Similar post","img":{"alt_text":"","src":"https:\/\/i0.wp.com\/anythingtechnicallc.com\/wp-content\/uploads\/2025\/02\/41fu0zjxqQL._SL1000_.jpg?fit=1000%2C1000&ssl=1&resize=350%2C200","width":350,"height":200},"classes":[]}],"pll_sync_post":[],"lang":"de","translations":{"de":9185,"en":6273},"_links":{"self":[{"href":"https:\/\/anythingtechnicallc.com\/index.php\/wp-json\/wp\/v2\/product\/9185","targetHints":{"allow":["GET"]}}],"collection":[{"href":"https:\/\/anythingtechnicallc.com\/index.php\/wp-json\/wp\/v2\/product"}],"about":[{"href":"https:\/\/anythingtechnicallc.com\/index.php\/wp-json\/wp\/v2\/types\/product"}],"replies":[{"embeddable":true,"href":"https:\/\/anythingtechnicallc.com\/index.php\/wp-json\/wp\/v2\/comments?post=9185"}],"wp:featuredmedia":[{"embeddable":true,"href":"https:\/\/anythingtechnicallc.com\/index.php\/wp-json\/wp\/v2\/media\/9184"}],"wp:attachment":[{"href":"https:\/\/anythingtechnicallc.com\/index.php\/wp-json\/wp\/v2\/media?parent=9185"}],"wp:term":[{"taxonomy":"product_brand","embeddable":true,"href":"https:\/\/anythingtechnicallc.com\/index.php\/wp-json\/wp\/v2\/product_brand?post=9185"},{"taxonomy":"product_cat","embeddable":true,"href":"https:\/\/anythingtechnicallc.com\/index.php\/wp-json\/wp\/v2\/product_cat?post=9185"},{"taxonomy":"product_tag","embeddable":true,"href":"https:\/\/anythingtechnicallc.com\/index.php\/wp-json\/wp\/v2\/product_tag?post=9185"}],"curies":[{"name":"wp","href":"https:\/\/api.w.org\/{rel}","templated":true}]}}