{"id":9188,"date":"2026-03-19T05:44:11","date_gmt":"2026-03-19T05:44:11","guid":{"rendered":"https:\/\/anythingtechnicallc.com\/?post_type=product&#038;p=9188"},"modified":"2026-03-19T05:44:11","modified_gmt":"2026-03-19T05:44:11","slug":"sonos-one-gen-2-smart-speaker-mit-alexa-schwarz-erneuert","status":"publish","type":"product","link":"https:\/\/anythingtechnicallc.com\/index.php\/de\/product\/sonos-one-gen-2-smart-speaker-mit-alexa-schwarz-erneuert\/","title":{"rendered":"Sonos One (Gen 2) Smart Speaker mit Alexa &#8211; Schwarz (Erneuert)"},"content":{"rendered":"<div id=\"featurebullets_feature_div\" class=\"celwidget\" data-feature-name=\"featurebullets\" data-csa-c-type=\"widget\" data-csa-c-content-id=\"featurebullets\" data-csa-c-slot-id=\"featurebullets_feature_div\" data-csa-c-asin=\"B07TFBDHBK\" data-csa-c-is-in-initial-active-row=\"false\" data-csa-c-id=\"c4s02i-27dnlf-quslne-opjgxv\" data-cel-widget=\"featurebullets_feature_div\">\n<div id=\"feature-bullets\" class=\"a-section a-spacing-medium a-spacing-top-small\">\n<ul class=\"a-unordered-list a-vertical a-spacing-mini\">\n<li class=\"a-spacing-mini\"><span class=\"a-list-item\">Sonos One &#8211; Der leistungsstarke intelligente Lautsprecher mit integrierter Sprachsteuerung.<\/span><\/li>\n<li class=\"a-spacing-mini\"><span class=\"a-list-item\">Brillanter Klang &#8211; Erleben Sie mit Sonos One einen satten, raumf\u00fcllenden Klang und steuern Sie ihn mit Ihrer Stimme, der Sonos App, Apple AirPlay2 und mehr.<\/span><\/li>\n<li class=\"a-spacing-mini\"><span class=\"a-list-item\">Sprachsteuerung &#8211; Amazon Alexa ist bereits integriert, so dass Sie Musik abspielen, Nachrichten abrufen, Wecker stellen, Fragen beantworten lassen und vieles mehr k\u00f6nnen &#8211; ganz ohne die H\u00e4nde zu benutzen.<\/span><\/li>\n<li class=\"a-spacing-mini\"><span class=\"a-list-item\">F\u00fcr jeden Raum &#8211; Das kompakte Design passt in so gut wie jeden Raum. Stellen Sie ihn auf Ihre K\u00fcchenarbeitsplatte oder verstauen Sie ihn im B\u00fccherregal Ihres B\u00fcros. Es ist feuchtigkeitsresistent, so dass Sie es sogar im Badezimmer aufstellen k\u00f6nnen.<\/span><\/li>\n<li class=\"a-spacing-mini\"><span class=\"a-list-item\">Stereoklang mit zwei &#8211; Koppeln Sie zwei Sonos Ones im selben Raum f\u00fcr Stereotrennung und detailreicheren Klang. Verwenden Sie ein Paar als hintere Heimkino-Surrounds mit Playbar, Playbase oder Beam.<\/span><\/li>\n<li class=\"a-spacing-mini\"><span class=\"a-list-item\">Stellen Sie Ihr System zusammen &#8211; Verbinden Sie sich drahtlos mit anderen Sonos-Lautsprechern und genie\u00dfen Sie brillanten Klang in jedem Raum.<\/span><\/li>\n<\/ul>\n<\/div>\n<\/div>\n<div id=\"provenanceCertifications_feature_div\" class=\"celwidget\" data-feature-name=\"provenanceCertifications\" data-csa-c-type=\"widget\" data-csa-c-content-id=\"provenanceCertifications\" data-csa-c-slot-id=\"provenanceCertifications_feature_div\" data-csa-c-asin=\"B07TFBDHBK\" data-csa-c-is-in-initial-active-row=\"false\" data-csa-c-id=\"6nnfl1-ddhvya-r6w0oj-r9lwfa\" data-cel-widget=\"provenanceCertifications_feature_div\"><\/div>\n<div id=\"handmadeArtisanCard_feature_div\" class=\"celwidget\" data-feature-name=\"handmadeArtisanCard\" data-csa-c-type=\"widget\" data-csa-c-content-id=\"handmadeArtisanCard\" data-csa-c-slot-id=\"handmadeArtisanCard_feature_div\" data-csa-c-asin=\"B07TFBDHBK\" data-csa-c-is-in-initial-active-row=\"false\" data-csa-c-id=\"7xhef4-9eex4x-ekeact-ms274g\" data-cel-widget=\"handmadeArtisanCard_feature_div\"><\/div>\n<div id=\"billOfMaterial_feature_div\" class=\"celwidget\" data-feature-name=\"billOfMaterial\" data-csa-c-type=\"widget\" data-csa-c-content-id=\"billOfMaterial\" data-csa-c-slot-id=\"billOfMaterial_feature_div\" data-csa-c-asin=\"B07TFBDHBK\" data-csa-c-is-in-initial-active-row=\"false\" data-csa-c-id=\"c1e9nr-1fuepk-1uicvi-m9whpj\" data-cel-widget=\"billOfMaterial_feature_div\"><\/div>\n<div id=\"globalStoreInfoBullets_feature_div\" class=\"celwidget\" data-feature-name=\"globalStoreInfoBullets\" data-csa-c-type=\"widget\" data-csa-c-content-id=\"globalStoreInfoBullets\" data-csa-c-slot-id=\"globalStoreInfoBullets_feature_div\" data-csa-c-asin=\"B07TFBDHBK\" data-csa-c-is-in-initial-active-row=\"false\" data-csa-c-id=\"rvz4va-twmfr7-dx86m2-5vlkdi\" data-cel-widget=\"globalStoreInfoBullets_feature_div\"><\/div>\n<div id=\"addOnItem_feature_div\" class=\"celwidget\" data-feature-name=\"addOnItem\" data-csa-c-type=\"widget\" data-csa-c-content-id=\"addOnItem\" data-csa-c-slot-id=\"addOnItem_feature_div\" data-csa-c-asin=\"B07TFBDHBK\" data-csa-c-is-in-initial-active-row=\"false\" data-csa-c-id=\"ujxc43-lhfvro-gl8a43-cevpva\" data-cel-widget=\"addOnItem_feature_div\"><\/div>\n<div id=\"giftcard-holiday-availability-messaging_feature_div\" class=\"celwidget\" data-feature-name=\"giftCardHolidayAvailabilityMessaging\" data-csa-c-type=\"widget\" data-csa-c-content-id=\"giftCardHolidayAvailabilityMessaging\" data-csa-c-slot-id=\"giftcard-holiday-availability-messaging_feature_div\" data-csa-c-asin=\"B07TFBDHBK\" data-csa-c-is-in-initial-active-row=\"false\" data-csa-c-id=\"90besv-tgnpu5-3hg7lg-rd2vpm\" data-cel-widget=\"giftcard-holiday-availability-messaging_feature_div\"><\/div>\n<div id=\"olp_feature_div\" class=\"celwidget\" data-feature-name=\"olp\" data-csa-c-type=\"widget\" data-csa-c-content-id=\"olp\" data-csa-c-slot-id=\"olp_feature_div\" data-csa-c-asin=\"B07TFBDHBK\" data-csa-c-is-in-initial-active-row=\"false\" data-csa-c-id=\"vw5tff-5asg06-j9hdr-y0fhzm\" data-cel-widget=\"olp_feature_div\"><\/div>\n","protected":false},"excerpt":{"rendered":"<div id=\"featurebullets_feature_div\" class=\"celwidget\" data-feature-name=\"featurebullets\" data-csa-c-type=\"widget\" data-csa-c-content-id=\"featurebullets\" data-csa-c-slot-id=\"featurebullets_feature_div\" data-csa-c-asin=\"B07TFBDHBK\" data-csa-c-is-in-initial-active-row=\"false\" data-csa-c-id=\"c4s02i-27dnlf-quslne-opjgxv\" data-cel-widget=\"featurebullets_feature_div\">\n<div id=\"feature-bullets\" class=\"a-section a-spacing-medium a-spacing-top-small\">\n<ul class=\"a-unordered-list a-vertical a-spacing-mini\">\n<li class=\"a-spacing-mini\"><span class=\"a-list-item\">Sonos One &#8211; Der leistungsstarke intelligente Lautsprecher mit integrierter Sprachsteuerung.<\/span><\/li>\n<li class=\"a-spacing-mini\"><span class=\"a-list-item\">Brillanter Klang &#8211; Erleben Sie mit Sonos One einen satten, raumf\u00fcllenden Klang und steuern Sie ihn mit Ihrer Stimme, der Sonos App, Apple AirPlay2 und mehr.<\/span><\/li>\n<li class=\"a-spacing-mini\"><span class=\"a-list-item\">Sprachsteuerung &#8211; Amazon Alexa ist bereits integriert, so dass Sie Musik abspielen, Nachrichten abrufen, Wecker stellen, Fragen beantworten lassen und vieles mehr k\u00f6nnen &#8211; ganz ohne die H\u00e4nde zu benutzen.<\/span><\/li>\n<li class=\"a-spacing-mini\"><span class=\"a-list-item\">F\u00fcr jeden Raum &#8211; Das kompakte Design passt in so gut wie jeden Raum. Stellen Sie ihn auf Ihre K\u00fcchenarbeitsplatte oder verstauen Sie ihn im B\u00fccherregal Ihres B\u00fcros. Es ist feuchtigkeitsresistent, so dass Sie es sogar im Badezimmer aufstellen k\u00f6nnen.<\/span><\/li>\n<li class=\"a-spacing-mini\"><span class=\"a-list-item\">Stereoklang mit zwei &#8211; Koppeln Sie zwei Sonos Ones im selben Raum f\u00fcr Stereotrennung und detailreicheren Klang. Verwenden Sie ein Paar als hintere Heimkino-Surrounds mit Playbar, Playbase oder Beam.<\/span><\/li>\n<li class=\"a-spacing-mini\"><span class=\"a-list-item\">Stellen Sie Ihr System zusammen &#8211; Verbinden Sie sich drahtlos mit anderen Sonos-Lautsprechern und genie\u00dfen Sie brillanten Klang in jedem Raum.<\/span><\/li>\n<\/ul>\n<\/div>\n<\/div>\n<div id=\"provenanceCertifications_feature_div\" class=\"celwidget\" data-feature-name=\"provenanceCertifications\" data-csa-c-type=\"widget\" data-csa-c-content-id=\"provenanceCertifications\" data-csa-c-slot-id=\"provenanceCertifications_feature_div\" data-csa-c-asin=\"B07TFBDHBK\" data-csa-c-is-in-initial-active-row=\"false\" data-csa-c-id=\"6nnfl1-ddhvya-r6w0oj-r9lwfa\" data-cel-widget=\"provenanceCertifications_feature_div\"><\/div>\n<div id=\"handmadeArtisanCard_feature_div\" class=\"celwidget\" data-feature-name=\"handmadeArtisanCard\" data-csa-c-type=\"widget\" data-csa-c-content-id=\"handmadeArtisanCard\" data-csa-c-slot-id=\"handmadeArtisanCard_feature_div\" data-csa-c-asin=\"B07TFBDHBK\" data-csa-c-is-in-initial-active-row=\"false\" data-csa-c-id=\"7xhef4-9eex4x-ekeact-ms274g\" data-cel-widget=\"handmadeArtisanCard_feature_div\"><\/div>\n<div id=\"billOfMaterial_feature_div\" class=\"celwidget\" data-feature-name=\"billOfMaterial\" data-csa-c-type=\"widget\" data-csa-c-content-id=\"billOfMaterial\" data-csa-c-slot-id=\"billOfMaterial_feature_div\" data-csa-c-asin=\"B07TFBDHBK\" data-csa-c-is-in-initial-active-row=\"false\" data-csa-c-id=\"c1e9nr-1fuepk-1uicvi-m9whpj\" data-cel-widget=\"billOfMaterial_feature_div\"><\/div>\n<div id=\"globalStoreInfoBullets_feature_div\" class=\"celwidget\" data-feature-name=\"globalStoreInfoBullets\" data-csa-c-type=\"widget\" data-csa-c-content-id=\"globalStoreInfoBullets\" data-csa-c-slot-id=\"globalStoreInfoBullets_feature_div\" data-csa-c-asin=\"B07TFBDHBK\" data-csa-c-is-in-initial-active-row=\"false\" data-csa-c-id=\"rvz4va-twmfr7-dx86m2-5vlkdi\" data-cel-widget=\"globalStoreInfoBullets_feature_div\"><\/div>\n<div id=\"addOnItem_feature_div\" class=\"celwidget\" data-feature-name=\"addOnItem\" data-csa-c-type=\"widget\" data-csa-c-content-id=\"addOnItem\" data-csa-c-slot-id=\"addOnItem_feature_div\" data-csa-c-asin=\"B07TFBDHBK\" data-csa-c-is-in-initial-active-row=\"false\" data-csa-c-id=\"ujxc43-lhfvro-gl8a43-cevpva\" data-cel-widget=\"addOnItem_feature_div\"><\/div>\n<div id=\"giftcard-holiday-availability-messaging_feature_div\" class=\"celwidget\" data-feature-name=\"giftCardHolidayAvailabilityMessaging\" data-csa-c-type=\"widget\" data-csa-c-content-id=\"giftCardHolidayAvailabilityMessaging\" data-csa-c-slot-id=\"giftcard-holiday-availability-messaging_feature_div\" data-csa-c-asin=\"B07TFBDHBK\" data-csa-c-is-in-initial-active-row=\"false\" data-csa-c-id=\"90besv-tgnpu5-3hg7lg-rd2vpm\" data-cel-widget=\"giftcard-holiday-availability-messaging_feature_div\"><\/div>\n<div id=\"olp_feature_div\" class=\"celwidget\" data-feature-name=\"olp\" data-csa-c-type=\"widget\" data-csa-c-content-id=\"olp\" data-csa-c-slot-id=\"olp_feature_div\" data-csa-c-asin=\"B07TFBDHBK\" data-csa-c-is-in-initial-active-row=\"false\" data-csa-c-id=\"vw5tff-5asg06-j9hdr-y0fhzm\" data-cel-widget=\"olp_feature_div\"><\/div>\n","protected":false},"featured_media":9187,"comment_status":"open","ping_status":"closed","template":"","meta":{"_et_pb_use_builder":"","_et_pb_old_content":"","_et_gb_content_width":""},"product_brand":[],"product_cat":[1372],"product_tag":[],"class_list":{"0":"post-9188","1":"product","2":"type-product","3":"status-publish","4":"has-post-thumbnail","6":"product_cat-elektronik","8":"first","9":"instock","10":"sale","11":"taxable","12":"shipping-taxable","13":"purchasable","14":"product-type-simple"},"exclude_global_add_ons":[],"addons":[],"jetpack-related-posts":[{"id":9191,"url":"https:\/\/anythingtechnicallc.com\/index.php\/de\/product\/bose-home-speaker-500-intelligenter-bluetooth-lautsprecher-mit-integrierter-alexa-sprachsteuerung-schwarz-erneuert\/","url_meta":{"origin":9188,"position":0},"title":"Bose Home Speaker 500: Intelligenter Bluetooth-Lautsprecher mit integrierter Alexa-Sprachsteuerung, Schwarz (erneuert)","date":"March 19, 2026","format":false,"excerpt":"SOUND PERFORMANCE: F\u00fcllen Sie jeden Raum mit beeindruckendem Stereosound von Wand zu Wand aus einem einzigen Lautsprecher. BUILT-IN-ALEXA: Amazon Alexa und Google Assistant sind in diesen intelligenten Lautsprecher integriert und erm\u00f6glichen eine freih\u00e4ndige Sprachsteuerung. Und ein ger\u00e4uschunterdr\u00fcckendes Mikrofonsystem lauscht in alle Richtungen auf Ihre Stimme. KONNEKTIVIT\u00c4T: Koppeln Sie Ihr Ger\u00e4t\u2026","rel":"","context":"Similar post","img":{"alt_text":"","src":"https:\/\/i0.wp.com\/anythingtechnicallc.com\/wp-content\/uploads\/2025\/02\/A1xlwUXvbCL._AC_SL1500_.jpg?fit=983%2C1200&ssl=1&resize=350%2C200","width":350,"height":200},"classes":[]},{"id":9674,"url":"https:\/\/anythingtechnicallc.com\/index.php\/de\/product\/bose-noise-cancelling-wireless-bluetooth-kopfhoerer-700-mit-alexa-sprachsteuerung-silber-erneuert\/","url_meta":{"origin":9188,"position":1},"title":"Bose Noise Cancelling Wireless Bluetooth Kopfh\u00f6rer 700, mit Alexa Sprachsteuerung, Silber (erneuert)","date":"March 24, 2026","format":false,"excerpt":"Behalten Sie Ihr Telefon in der Tasche und den Kopf frei f\u00fcr die Welt mit einfachem Zugang zu Sprachassistenten f\u00fcr Musik, Navigation, Wetter und mehr. Dank des einzigartigen adaptiven Vier-Mikrofon-Systems, das Ihre Stimme von Umgebungsger\u00e4uschen isoliert, k\u00f6nnen Sie in jeder Umgebung selbstbewusst einen Anruf entgegennehmen oder mit Alexa sprechen. Passen\u2026","rel":"","context":"Similar post","img":{"alt_text":"","src":"https:\/\/i0.wp.com\/anythingtechnicallc.com\/wp-content\/uploads\/2026\/01\/Bose-700-Silver.jpg?fit=900%2C1200&ssl=1&resize=350%2C200","width":350,"height":200},"classes":[]},{"id":8983,"url":"https:\/\/anythingtechnicallc.com\/index.php\/de\/product\/erneuert-beoplay-e8-2-0-true-wireless-ohrhoerer-qi-aufladung-schwarz-einheitsgroesse-1646100\/","url_meta":{"origin":9188,"position":2},"title":"Erneuert Beoplay E8 2.0 True Wireless Ohrh\u00f6rer Qi Aufladung, Schwarz, Einheitsgr\u00f6\u00dfe &#8211; 1646100","date":"March 18, 2026","format":false,"excerpt":"WIRKLICH KABELLOS: Der Beoplay E8 2.0 bietet v\u00f6llig kabellosen Komfort ohne Kabel. Ausgestattet mit kabelloser Qi-Ladetechnik ist dieser In-Ear-Kopfh\u00f6rer mit seinem eleganten Design wirklich tragbar. Impedanz: 16 Ohm TOUCH CONTROL: Steuern Sie Ihr H\u00f6rerlebnis ganz einfach \u00fcber die Touch-Oberfl\u00e4che dieser kabellosen Ohrst\u00f6psel. Tippen Sie einfach darauf, um zwischen Titeln zu\u2026","rel":"","context":"Similar post","img":{"alt_text":"","src":"https:\/\/i0.wp.com\/anythingtechnicallc.com\/wp-content\/uploads\/2024\/09\/81LRBE5O8dL._AC_SL1500_.jpg?fit=982%2C1193&ssl=1&resize=350%2C200","width":350,"height":200},"classes":[]},{"id":9668,"url":"https:\/\/anythingtechnicallc.com\/index.php\/de\/product\/ueberholter-bose-soundlink-mini-bluetooth-lautsprecher-ii-carbon\/","url_meta":{"origin":9188,"position":3},"title":"\u00dcberholter Bose SoundLink Mini Bluetooth Lautsprecher II (Carbon)","date":"March 24, 2026","format":false,"excerpt":"Er ist der kleine Lautsprecher mit der gro\u00dfen, gro\u00dfen Stimme. Der SoundLink Mini Bluetooth-Lautsprecher II liefert vollen Klang mit dramatisch tieferen B\u00e4ssen, als Sie es von einem Lautsprecher erwarten w\u00fcrden, der in Ihre Handfl\u00e4che passt. Und weil er kabellos und ultrakompakt ist, k\u00f6nnen Sie den Bose Sound \u00fcberallhin mitnehmen. Der\u2026","rel":"","context":"Similar post","img":{"alt_text":"","src":"https:\/\/i0.wp.com\/anythingtechnicallc.com\/wp-content\/uploads\/2026\/01\/61Ii25E25bL._AC_SL1200_.jpg?fit=1094%2C567&ssl=1&resize=350%2C200","width":350,"height":200},"classes":[]},{"id":9686,"url":"https:\/\/anythingtechnicallc.com\/index.php\/de\/product\/gebraucht-rang-a-beats-studio-pro-kabellose-bluetooth-kopfhoerer-mit-geraeuschunterdrueckung-schwarz\/","url_meta":{"origin":9188,"position":4},"title":"Gebraucht Rang A Beats Studio Pro &#8211; Kabellose Bluetooth Kopfh\u00f6rer mit Ger\u00e4uschunterdr\u00fcckung &#8211; Schwarz","date":"March 24, 2026","format":false,"excerpt":"Die CUSTOM ACOUSTIC PLATFORM von BEATS liefert einen satten, mitrei\u00dfenden Klang, egal ob Sie Musik h\u00f6ren oder telefonieren. LOSSLESS AUDIO \u00fcber USB-C plus drei verschiedene integrierte Klangprofile zur Verbesserung Ihres H\u00f6rerlebnisses. H\u00d6REN SIE, WAS SIE WOLLEN mit zwei verschiedenen H\u00f6rmodi: vollst\u00e4ndig adaptive aktive Ger\u00e4uschunterdr\u00fcckung (ANC) und Transparenzmodus. ERWEITERTE KOMPATIBILIT\u00c4T mit\u2026","rel":"","context":"Similar post","img":{"alt_text":"","src":"https:\/\/i0.wp.com\/anythingtechnicallc.com\/wp-content\/uploads\/2026\/01\/516ZqYIXKGL._AC_SL1200_.jpg?fit=836%2C1200&ssl=1&resize=350%2C200","width":350,"height":200},"classes":[]},{"id":9118,"url":"https:\/\/anythingtechnicallc.com\/index.php\/de\/product\/bose-700-noise-cancelling-bluetooth-kopfhoerer-triple-black-erneuert\/","url_meta":{"origin":9188,"position":5},"title":"Bose 700 Noise-Cancelling Bluetooth Kopfh\u00f6rer (Triple Black) (Erneuert)","date":"March 19, 2026","format":false,"excerpt":"Leistungsstarke Kopfh\u00f6rer mit Ger\u00e4uschunterdr\u00fcckung: Mit 11 Stufen aktiver Ger\u00e4uschunterdr\u00fcckung k\u00f6nnen Sie Musik, Podcasts, Videos und Anrufe ohne Ablenkung genie\u00dfen. Erstaunlicher Klang: Gestochen scharfe, klare Details. Tiefe, volle B\u00e4sse. Diese kabellosen Kopfh\u00f6rer erzeugen einen aufregenden, lebensechten Klang, der bei jeder Lautst\u00e4rke voll und ausgewogen ist. Un\u00fcbertroffene Sprachaufnahme: Ein revolution\u00e4res Mikrofonsystem passt\u2026","rel":"","context":"Similar post","img":{"alt_text":"","src":"https:\/\/i0.wp.com\/anythingtechnicallc.com\/wp-content\/uploads\/2025\/02\/51nAMlff9dL._AC_SL1000_.jpg?fit=565%2C889&ssl=1&resize=350%2C200","width":350,"height":200},"classes":[]}],"pll_sync_post":[],"lang":"de","translations":{"de":9188,"en":6275},"_links":{"self":[{"href":"https:\/\/anythingtechnicallc.com\/index.php\/wp-json\/wp\/v2\/product\/9188","targetHints":{"allow":["GET"]}}],"collection":[{"href":"https:\/\/anythingtechnicallc.com\/index.php\/wp-json\/wp\/v2\/product"}],"about":[{"href":"https:\/\/anythingtechnicallc.com\/index.php\/wp-json\/wp\/v2\/types\/product"}],"replies":[{"embeddable":true,"href":"https:\/\/anythingtechnicallc.com\/index.php\/wp-json\/wp\/v2\/comments?post=9188"}],"wp:featuredmedia":[{"embeddable":true,"href":"https:\/\/anythingtechnicallc.com\/index.php\/wp-json\/wp\/v2\/media\/9187"}],"wp:attachment":[{"href":"https:\/\/anythingtechnicallc.com\/index.php\/wp-json\/wp\/v2\/media?parent=9188"}],"wp:term":[{"taxonomy":"product_brand","embeddable":true,"href":"https:\/\/anythingtechnicallc.com\/index.php\/wp-json\/wp\/v2\/product_brand?post=9188"},{"taxonomy":"product_cat","embeddable":true,"href":"https:\/\/anythingtechnicallc.com\/index.php\/wp-json\/wp\/v2\/product_cat?post=9188"},{"taxonomy":"product_tag","embeddable":true,"href":"https:\/\/anythingtechnicallc.com\/index.php\/wp-json\/wp\/v2\/product_tag?post=9188"}],"curies":[{"name":"wp","href":"https:\/\/api.w.org\/{rel}","templated":true}]}}