{"id":9191,"date":"2026-03-19T05:48:56","date_gmt":"2026-03-19T05:48:56","guid":{"rendered":"https:\/\/anythingtechnicallc.com\/?post_type=product&#038;p=9191"},"modified":"2026-03-19T05:48:57","modified_gmt":"2026-03-19T05:48:57","slug":"bose-home-speaker-500-intelligenter-bluetooth-lautsprecher-mit-integrierter-alexa-sprachsteuerung-schwarz-erneuert","status":"publish","type":"product","link":"https:\/\/anythingtechnicallc.com\/index.php\/de\/product\/bose-home-speaker-500-intelligenter-bluetooth-lautsprecher-mit-integrierter-alexa-sprachsteuerung-schwarz-erneuert\/","title":{"rendered":"Bose Home Speaker 500: Intelligenter Bluetooth-Lautsprecher mit integrierter Alexa-Sprachsteuerung, Schwarz (erneuert)"},"content":{"rendered":"<ul class=\"a-unordered-list a-vertical a-spacing-mini\">\n<li class=\"a-spacing-mini\"><span class=\"a-list-item\">SOUND PERFORMANCE: F\u00fcllen Sie jeden Raum mit beeindruckendem Stereosound von Wand zu Wand aus einem einzigen Lautsprecher. <\/span><\/li>\n<li class=\"a-spacing-mini\"><span class=\"a-list-item\">BUILT-IN-ALEXA: Amazon Alexa und Google Assistant sind in diesen intelligenten Lautsprecher integriert und erm\u00f6glichen eine freih\u00e4ndige Sprachsteuerung. Und ein ger\u00e4uschunterdr\u00fcckendes Mikrofonsystem lauscht in alle Richtungen auf Ihre Stimme. <\/span><\/li>\n<li class=\"a-spacing-mini\"><span class=\"a-list-item\">KONNEKTIVIT\u00c4T: Koppeln Sie Ihr Ger\u00e4t mit diesem Lautsprecher, um Ihre Lieblingsmusik und mehr \u00fcber eine Bluetooth-Verbindung, Ihr heimisches Wi-Fi-Netzwerk, Apple AirPlay 2 oder Spotify Connect zu \u00fcbertragen. <\/span><\/li>\n<li class=\"a-spacing-mini\"><span class=\"a-list-item\">STEUERUNG: Steuern Sie Ihren Heimlautsprecher auf drei verschiedene Arten: \u00fcber Ihre Stimme, die Bose Music App oder \u00fcber die 6 One-Touch-Voreinstellungen auf der Oberseite des Lautsprechers. <\/span><\/li>\n<li class=\"a-spacing-mini\"><span class=\"a-list-item\">ANRUFEN ODER ANNEHMEN: Nur mit Alexa k\u00f6nnen Sie von diesem intelligenten Lautsprecher aus Anrufe an Bose Smart-Produkte, Amazon Echo-Produkte und alle Personen in Ihrer Kontaktliste t\u00e4tigen oder annehmen. Freih\u00e4ndig, ohne Telefon und kostenlos. <\/span><\/li>\n<li class=\"a-spacing-mini\"><span class=\"a-list-item\">BOSE MUSIC APP: Verwenden Sie die Bose Music App f\u00fcr eine einfache Einrichtung mit detaillierten Anleitungen. <\/span><\/li>\n<li class=\"a-spacing-mini\"><span class=\"a-list-item\">KOMPATIBLE PRODUKTE: Dieser Home Speaker ist Teil der Bose Smart Family und arbeitet mit anderen Bose Smart Speakers und Soundbars f\u00fcr ein Multiroom-H\u00f6rerlebnis zusammen. <\/span><\/li>\n<li class=\"a-spacing-mini\"><span class=\"a-list-item\">BOSE SIMPLESYNC TECHNOLOGIE: SimpleSync koppelt Ihren Bose Home Speaker 500 mit kompatiblen Bose Produkten f\u00fcr einen Klang, der Ihnen von Raum zu Raum folgt. Sie sind nicht in der N\u00e4he Ihres Telefons? Halten Sie die Bluetooth-Taste auf jedem Ger\u00e4t gedr\u00fcckt, um den Sound zu synchronisieren. Sie haben bereits eine Gruppe gebildet? Dr\u00fccken Sie die Aktionstaste, um sich sofort zu verbinden. <\/span><\/li>\n<\/ul>\n","protected":false},"excerpt":{"rendered":"<ul class=\"a-unordered-list a-vertical a-spacing-mini\">\n<li class=\"a-spacing-mini\"><span class=\"a-list-item\">SOUND PERFORMANCE: F\u00fcllen Sie jeden Raum mit beeindruckendem Stereosound von Wand zu Wand aus einem einzigen Lautsprecher. <\/span><\/li>\n<li class=\"a-spacing-mini\"><span class=\"a-list-item\">BUILT-IN-ALEXA: Amazon Alexa und Google Assistant sind in diesen intelligenten Lautsprecher integriert und erm\u00f6glichen eine freih\u00e4ndige Sprachsteuerung. Und ein ger\u00e4uschunterdr\u00fcckendes Mikrofonsystem lauscht in alle Richtungen auf Ihre Stimme. <\/span><\/li>\n<li class=\"a-spacing-mini\"><span class=\"a-list-item\">KONNEKTIVIT\u00c4T: Koppeln Sie Ihr Ger\u00e4t mit diesem Lautsprecher, um Ihre Lieblingsmusik und mehr \u00fcber eine Bluetooth-Verbindung, Ihr heimisches Wi-Fi-Netzwerk, Apple AirPlay 2 oder Spotify Connect zu \u00fcbertragen. <\/span><\/li>\n<li class=\"a-spacing-mini\"><span class=\"a-list-item\">STEUERUNG: Steuern Sie Ihren Heimlautsprecher auf drei verschiedene Arten: \u00fcber Ihre Stimme, die Bose Music App oder \u00fcber die 6 One-Touch-Voreinstellungen auf der Oberseite des Lautsprechers. <\/span><\/li>\n<li class=\"a-spacing-mini\"><span class=\"a-list-item\">ANRUFEN ODER ANNEHMEN: Nur mit Alexa k\u00f6nnen Sie von diesem intelligenten Lautsprecher aus Anrufe an Bose Smart-Produkte, Amazon Echo-Produkte und alle Personen in Ihrer Kontaktliste t\u00e4tigen oder annehmen. Freih\u00e4ndig, ohne Telefon und kostenlos. <\/span><\/li>\n<li class=\"a-spacing-mini\"><span class=\"a-list-item\">BOSE MUSIC APP: Verwenden Sie die Bose Music App f\u00fcr eine einfache Einrichtung mit detaillierten Anleitungen. <\/span><\/li>\n<li class=\"a-spacing-mini\"><span class=\"a-list-item\">KOMPATIBLE PRODUKTE: Dieser Home Speaker ist Teil der Bose Smart Family und arbeitet mit anderen Bose Smart Speakers und Soundbars f\u00fcr ein Multiroom-H\u00f6rerlebnis zusammen. <\/span><\/li>\n<li class=\"a-spacing-mini\"><span class=\"a-list-item\">BOSE SIMPLESYNC TECHNOLOGIE: SimpleSync koppelt Ihren Bose Home Speaker 500 mit kompatiblen Bose Produkten f\u00fcr einen Klang, der Ihnen von Raum zu Raum folgt. Sie sind nicht in der N\u00e4he Ihres Telefons? Halten Sie die Bluetooth-Taste auf jedem Ger\u00e4t gedr\u00fcckt, um den Sound zu synchronisieren. Sie haben bereits eine Gruppe gebildet? Dr\u00fccken Sie die Aktionstaste, um sich sofort zu verbinden. <\/span><\/li>\n<\/ul>\n","protected":false},"featured_media":9190,"comment_status":"open","ping_status":"closed","template":"","meta":{"_et_pb_use_builder":"","_et_pb_old_content":"","_et_gb_content_width":""},"product_brand":[],"product_cat":[1372],"product_tag":[],"class_list":{"0":"post-9191","1":"product","2":"type-product","3":"status-publish","4":"has-post-thumbnail","6":"product_cat-elektronik","8":"first","9":"instock","10":"sale","11":"taxable","12":"shipping-taxable","13":"purchasable","14":"product-type-simple"},"exclude_global_add_ons":[],"addons":[],"jetpack-related-posts":[{"id":9668,"url":"https:\/\/anythingtechnicallc.com\/index.php\/de\/product\/ueberholter-bose-soundlink-mini-bluetooth-lautsprecher-ii-carbon\/","url_meta":{"origin":9191,"position":0},"title":"\u00dcberholter Bose SoundLink Mini Bluetooth Lautsprecher II (Carbon)","date":"March 24, 2026","format":false,"excerpt":"Er ist der kleine Lautsprecher mit der gro\u00dfen, gro\u00dfen Stimme. Der SoundLink Mini Bluetooth-Lautsprecher II liefert vollen Klang mit dramatisch tieferen B\u00e4ssen, als Sie es von einem Lautsprecher erwarten w\u00fcrden, der in Ihre Handfl\u00e4che passt. Und weil er kabellos und ultrakompakt ist, k\u00f6nnen Sie den Bose Sound \u00fcberallhin mitnehmen. Der\u2026","rel":"","context":"Similar post","img":{"alt_text":"","src":"https:\/\/i0.wp.com\/anythingtechnicallc.com\/wp-content\/uploads\/2026\/01\/61Ii25E25bL._AC_SL1200_.jpg?fit=1094%2C567&ssl=1&resize=350%2C200","width":350,"height":200},"classes":[]},{"id":9188,"url":"https:\/\/anythingtechnicallc.com\/index.php\/de\/product\/sonos-one-gen-2-smart-speaker-mit-alexa-schwarz-erneuert\/","url_meta":{"origin":9191,"position":1},"title":"Sonos One (Gen 2) Smart Speaker mit Alexa &#8211; Schwarz (Erneuert)","date":"March 19, 2026","format":false,"excerpt":"Sonos One - Der leistungsstarke intelligente Lautsprecher mit integrierter Sprachsteuerung. Brillanter Klang - Erleben Sie mit Sonos One einen satten, raumf\u00fcllenden Klang und steuern Sie ihn mit Ihrer Stimme, der Sonos App, Apple AirPlay2 und mehr. Sprachsteuerung - Amazon Alexa ist bereits integriert, so dass Sie Musik abspielen, Nachrichten abrufen,\u2026","rel":"","context":"Similar post","img":{"alt_text":"","src":"https:\/\/i0.wp.com\/anythingtechnicallc.com\/wp-content\/uploads\/2025\/02\/719M8RE2jcL._AC_SL1453_.jpg?fit=874%2C1200&ssl=1&resize=350%2C200","width":350,"height":200},"classes":[]},{"id":9605,"url":"https:\/\/anythingtechnicallc.com\/index.php\/de\/product\/erneuert-bose-the-soundlink-revolve-der-tragbare-bluetooth-lautsprecher-mit-360-wireless-surround-sound-triple-black\/","url_meta":{"origin":9191,"position":2},"title":"Erneuert Bose The SoundLink Revolve, der tragbare Bluetooth-Lautsprecher mit 360 Wireless Surround Sound, Triple Black","date":"March 24, 2026","format":false,"excerpt":"Erleben Sie mit dem SoundLink Revolve Bluetooth-Lautsprecher einen beeindruckenden 360-Grad-Sound. Das nahtlose Aluminiumgeh\u00e4use ist langlebig und wasserfest (IPX4), so dass er sowohl f\u00fcr den Innen- als auch f\u00fcr den Au\u00dfenbereich geeignet ist. Die Bose Connects App hilft Ihnen au\u00dferdem bei der Verwaltung Ihrer Ger\u00e4te, w\u00e4hrend das konisch zulaufende zylindrische Design\u2026","rel":"","context":"Similar post","img":{"alt_text":"","src":"https:\/\/i0.wp.com\/anythingtechnicallc.com\/wp-content\/uploads\/2025\/10\/514juzcbNCL._AC_SL1000_.jpg?fit=748%2C1000&ssl=1&resize=350%2C200","width":350,"height":200},"classes":[]},{"id":9723,"url":"https:\/\/anythingtechnicallc.com\/index.php\/de\/product\/bose-soundlink-color-ii-bluetooth-lautsprecher-soft-schwarz-erneuert\/","url_meta":{"origin":9191,"position":3},"title":"Bose SoundLink Color II Bluetooth Lautsprecher Soft Schwarz (Erneuert)","date":"March 24, 2026","format":false,"excerpt":"Ob am Pool, im Park oder auf der Terrasse - der SoundLink Color Bluetooth-Lautsprecher II bietet Ihnen \u00fcberall vollen, tragbaren Sound. Die fortschrittliche Technologie von Bose bietet gro\u00dfen Klang in einem kleinen, wasserfesten Lautsprecher, der robust genug ist, um Sie \u00fcberallhin zu begleiten, auch an den Pool. Er ist robust\u2026","rel":"","context":"Similar post","img":{"alt_text":"","src":"https:\/\/i0.wp.com\/anythingtechnicallc.com\/wp-content\/uploads\/2026\/02\/Bose-SoundLink-Color-II.jpg?fit=1200%2C1200&ssl=1&resize=350%2C200","width":350,"height":200},"classes":[]},{"id":9674,"url":"https:\/\/anythingtechnicallc.com\/index.php\/de\/product\/bose-noise-cancelling-wireless-bluetooth-kopfhoerer-700-mit-alexa-sprachsteuerung-silber-erneuert\/","url_meta":{"origin":9191,"position":4},"title":"Bose Noise Cancelling Wireless Bluetooth Kopfh\u00f6rer 700, mit Alexa Sprachsteuerung, Silber (erneuert)","date":"March 24, 2026","format":false,"excerpt":"Behalten Sie Ihr Telefon in der Tasche und den Kopf frei f\u00fcr die Welt mit einfachem Zugang zu Sprachassistenten f\u00fcr Musik, Navigation, Wetter und mehr. Dank des einzigartigen adaptiven Vier-Mikrofon-Systems, das Ihre Stimme von Umgebungsger\u00e4uschen isoliert, k\u00f6nnen Sie in jeder Umgebung selbstbewusst einen Anruf entgegennehmen oder mit Alexa sprechen. Passen\u2026","rel":"","context":"Similar post","img":{"alt_text":"","src":"https:\/\/i0.wp.com\/anythingtechnicallc.com\/wp-content\/uploads\/2026\/01\/Bose-700-Silver.jpg?fit=900%2C1200&ssl=1&resize=350%2C200","width":350,"height":200},"classes":[]},{"id":9291,"url":"https:\/\/anythingtechnicallc.com\/index.php\/de\/product\/bose-soundlink-flex-bluetooth-portable-speaker-kabelloser-wasserdichter-lautsprecher-fuer-reisen-im-freien-schwarz-erneuert\/","url_meta":{"origin":9191,"position":5},"title":"Bose SoundLink Flex Bluetooth Portable Speaker, kabelloser, wasserdichter Lautsprecher f\u00fcr Reisen im Freien &#8211; Schwarz (erneuert)","date":"March 19, 2026","format":false,"excerpt":"Hochmodernes Design - Der SoundLink Flex Outdoor-Lautsprecher ist vollgepackt mit exklusiven Technologien und einem speziell entwickelten Schallwandler f\u00fcr tiefen, klaren und beeindruckenden Klang zu Hause oder unterwegs. Klarster Klang - Die propriet\u00e4re PositionIQ-Technologie erkennt automatisch die Position Ihres tragbaren Bluetooth-Lautsprechers und sorgt so f\u00fcr optimale Klangqualit\u00e4t in jeder Ausrichtung und\u2026","rel":"","context":"Similar post","img":{"alt_text":"","src":"https:\/\/i0.wp.com\/anythingtechnicallc.com\/wp-content\/uploads\/2025\/06\/71we5E107KL._AC_SL1500_.jpg?fit=1200%2C858&ssl=1&resize=350%2C200","width":350,"height":200},"classes":[]}],"pll_sync_post":[],"lang":"de","translations":{"de":9191,"en":6279},"_links":{"self":[{"href":"https:\/\/anythingtechnicallc.com\/index.php\/wp-json\/wp\/v2\/product\/9191","targetHints":{"allow":["GET"]}}],"collection":[{"href":"https:\/\/anythingtechnicallc.com\/index.php\/wp-json\/wp\/v2\/product"}],"about":[{"href":"https:\/\/anythingtechnicallc.com\/index.php\/wp-json\/wp\/v2\/types\/product"}],"replies":[{"embeddable":true,"href":"https:\/\/anythingtechnicallc.com\/index.php\/wp-json\/wp\/v2\/comments?post=9191"}],"wp:featuredmedia":[{"embeddable":true,"href":"https:\/\/anythingtechnicallc.com\/index.php\/wp-json\/wp\/v2\/media\/9190"}],"wp:attachment":[{"href":"https:\/\/anythingtechnicallc.com\/index.php\/wp-json\/wp\/v2\/media?parent=9191"}],"wp:term":[{"taxonomy":"product_brand","embeddable":true,"href":"https:\/\/anythingtechnicallc.com\/index.php\/wp-json\/wp\/v2\/product_brand?post=9191"},{"taxonomy":"product_cat","embeddable":true,"href":"https:\/\/anythingtechnicallc.com\/index.php\/wp-json\/wp\/v2\/product_cat?post=9191"},{"taxonomy":"product_tag","embeddable":true,"href":"https:\/\/anythingtechnicallc.com\/index.php\/wp-json\/wp\/v2\/product_tag?post=9191"}],"curies":[{"name":"wp","href":"https:\/\/api.w.org\/{rel}","templated":true}]}}