{"id":9194,"date":"2026-03-19T05:50:02","date_gmt":"2026-03-19T05:50:02","guid":{"rendered":"https:\/\/anythingtechnicallc.com\/?post_type=product&#038;p=9194"},"modified":"2026-03-19T09:30:39","modified_gmt":"2026-03-19T09:30:39","slug":"erneuerter-amazon-eero-pro-6-tri-band-mesh-wi-fi-6-router-mit-integriertem-zigbee-smart-home-hub","status":"publish","type":"product","link":"https:\/\/anythingtechnicallc.com\/index.php\/de\/product\/erneuerter-amazon-eero-pro-6-tri-band-mesh-wi-fi-6-router-mit-integriertem-zigbee-smart-home-hub\/","title":{"rendered":"Erneuerter Amazon eero Pro 6 Tri-Band Mesh Wi-Fi 6 Router mit integriertem Zigbee Smart Home Hub"},"content":{"rendered":"<ul class=\"a-unordered-list a-vertical a-spacing-mini\">\n<li class=\"a-spacing-mini\"><span class=\"a-list-item\">Ein neuwertiges eero Pro 6 ist general\u00fcberholt, getestet und zertifiziert, so dass es aussieht und funktioniert wie ein Neuger\u00e4t und mit derselben eingeschr\u00e4nkten Garantie versehen ist wie ein Neuger\u00e4t. Neuwertige Amazon-Ger\u00e4te k\u00f6nnen in generischen Kartons verpackt sein.<\/span><\/li>\n<li class=\"a-spacing-mini\"><span class=\"a-list-item\">Premium Wi-Fi 6 Leistung &#8211; eero Pro 6 deckt bis zu 2.000 Quadratmeter ab und unterst\u00fctzt WLAN-Geschwindigkeiten bis zu einem Gigabit.<\/span><\/li>\n<li class=\"a-spacing-mini\"><span class=\"a-list-item\">Verabschieden Sie sich von toten Winkeln und Puffern &#8211; die Mesh-WiFi-Technologie von eero passt sich an Ihren Raum an, so dass Sie problemlos 4K-Videos streamen, Spiele spielen und Videokonferenzen in Ihrem Haus abhalten k\u00f6nnen.<\/span><\/li>\n<li class=\"a-spacing-mini\"><span class=\"a-list-item\">Mehr WLAN f\u00fcr mehr Ger\u00e4te &#8211; Wi-Fi 6 unterst\u00fctzt schnelleres WLAN als fr\u00fchere Standards und erm\u00f6glicht mehr als 75 angeschlossene Ger\u00e4te.<\/span><\/li>\n<li class=\"a-spacing-mini\"><span class=\"a-list-item\">Einrichten in wenigen Minuten &#8211; Die eero App f\u00fchrt Sie durch die Einrichtung und erm\u00f6glicht es Ihnen, Ihr Netzwerk von \u00fcberall aus zu verwalten. Au\u00dferdem steht Ihnen der kostenlose Kundensupport 7 Tage die Woche zur Verf\u00fcgung.<\/span><\/li>\n<li class=\"a-spacing-mini\"><span class=\"a-list-item\">Mit Alexa verbinden &#8211; Der eero Pro 6 fungiert auch als Zigbee Smart Home Hub, so dass Sie kompatible Ger\u00e4te in Ihrem Netzwerk ganz einfach mit Alexa verbinden und steuern k\u00f6nnen.<\/span><\/li>\n<li class=\"a-spacing-mini\"><span class=\"a-list-item\">Wird mit der Zeit immer besser &#8211; Automatische Updates sorgen daf\u00fcr, dass Ihr Netzwerk sicher ist und bleibt.<\/span><\/li>\n<li class=\"a-spacing-mini\"><span class=\"a-list-item\">Erweitern Sie Ihr System ganz einfach &#8211; Dank der kompatiblen Hardware k\u00f6nnen Sie eero Produkte ganz einfach hinzuf\u00fcgen, wenn sich Ihre Anforderungen \u00e4ndern.<\/span><\/li>\n<\/ul>\n","protected":false},"excerpt":{"rendered":"<ul class=\"a-unordered-list a-vertical a-spacing-mini\">\n<li class=\"a-spacing-mini\"><span class=\"a-list-item\">Ein neuwertiges eero Pro 6 ist general\u00fcberholt, getestet und zertifiziert, so dass es aussieht und funktioniert wie ein Neuger\u00e4t und mit derselben eingeschr\u00e4nkten Garantie versehen ist wie ein Neuger\u00e4t. Neuwertige Amazon-Ger\u00e4te k\u00f6nnen in generischen Kartons verpackt sein.<\/span><\/li>\n<li class=\"a-spacing-mini\"><span class=\"a-list-item\">Premium Wi-Fi 6 Leistung &#8211; eero Pro 6 deckt bis zu 2.000 Quadratmeter ab und unterst\u00fctzt WLAN-Geschwindigkeiten bis zu einem Gigabit.<\/span><\/li>\n<li class=\"a-spacing-mini\"><span class=\"a-list-item\">Verabschieden Sie sich von toten Winkeln und Puffern &#8211; die Mesh-WiFi-Technologie von eero passt sich an Ihren Raum an, so dass Sie problemlos 4K-Videos streamen, Spiele spielen und Videokonferenzen in Ihrem Haus abhalten k\u00f6nnen.<\/span><\/li>\n<li class=\"a-spacing-mini\"><span class=\"a-list-item\">Mehr WLAN f\u00fcr mehr Ger\u00e4te &#8211; Wi-Fi 6 unterst\u00fctzt schnelleres WLAN als fr\u00fchere Standards und erm\u00f6glicht mehr als 75 angeschlossene Ger\u00e4te.<\/span><\/li>\n<li class=\"a-spacing-mini\"><span class=\"a-list-item\">Einrichten in wenigen Minuten &#8211; Die eero App f\u00fchrt Sie durch die Einrichtung und erm\u00f6glicht es Ihnen, Ihr Netzwerk von \u00fcberall aus zu verwalten. Au\u00dferdem steht Ihnen der kostenlose Kundensupport 7 Tage die Woche zur Verf\u00fcgung.<\/span><\/li>\n<li class=\"a-spacing-mini\"><span class=\"a-list-item\">Mit Alexa verbinden &#8211; Der eero Pro 6 fungiert auch als Zigbee Smart Home Hub, so dass Sie kompatible Ger\u00e4te in Ihrem Netzwerk ganz einfach mit Alexa verbinden und steuern k\u00f6nnen.<\/span><\/li>\n<li class=\"a-spacing-mini\"><span class=\"a-list-item\">Wird mit der Zeit immer besser &#8211; Automatische Updates sorgen daf\u00fcr, dass Ihr Netzwerk sicher ist und bleibt.<\/span><\/li>\n<li class=\"a-spacing-mini\"><span class=\"a-list-item\">Erweitern Sie Ihr System ganz einfach &#8211; Dank der kompatiblen Hardware k\u00f6nnen Sie eero Produkte ganz einfach hinzuf\u00fcgen, wenn sich Ihre Anforderungen \u00e4ndern.<\/span><\/li>\n<\/ul>\n","protected":false},"featured_media":9193,"comment_status":"open","ping_status":"closed","template":"","meta":{"_et_pb_use_builder":"","_et_pb_old_content":"","_et_gb_content_width":""},"product_brand":[],"product_cat":[1372,703],"product_tag":[],"class_list":{"0":"post-9194","1":"product","2":"type-product","3":"status-publish","4":"has-post-thumbnail","6":"product_cat-elektronik","7":"product_cat-uncategorized-de","9":"first","10":"instock","11":"sale","12":"taxable","13":"shipping-taxable","14":"purchasable","15":"product-type-simple"},"exclude_global_add_ons":[],"addons":[],"jetpack-related-posts":[{"id":9197,"url":"https:\/\/anythingtechnicallc.com\/index.php\/de\/product\/verlaengerter-amazon-eero-mesh-wlan-router-unterstuetzt-internet-tarife-bis-zu-550-mbps-abdeckung-bis-zu-1-500-sq-ft-1-pack\/","url_meta":{"origin":9194,"position":0},"title":"Verl\u00e4ngerter Amazon eero Mesh-WLAN-Router &#8211; Unterst\u00fctzt Internet-Tarife bis zu 550 Mbps, Abdeckung bis zu 1.500 sq. ft, 1-Pack","date":"March 19, 2026","format":false,"excerpt":"SCHNELLER STANDALONE-ROUTER - Der eero Mesh-WiFi-Router bringt bis zu 1.500 Quadratmeter schnelles, zuverl\u00e4ssiges WLAN in Ihr Zuhause. FUNKTIONIERT MIT ALEXA- Mit eero und einem Alexa-Ger\u00e4t (nicht im Lieferumfang enthalten) k\u00f6nnen Sie den WLAN-Zugang f\u00fcr Netzwerkprofile ganz einfach verwalten und sich so von den Bildschirmen abwenden und sich wieder auf das\u2026","rel":"","context":"Similar post","img":{"alt_text":"","src":"https:\/\/i0.wp.com\/anythingtechnicallc.com\/wp-content\/uploads\/2025\/02\/41fu0zjxqQL._SL1000_.jpg?fit=1000%2C1000&ssl=1&resize=350%2C200","width":350,"height":200},"classes":[]},{"id":9614,"url":"https:\/\/anythingtechnicallc.com\/index.php\/de\/product\/gebrauchter-zte-mc888-5g-wifi-home-router-freigeschaltet\/","url_meta":{"origin":9194,"position":1},"title":"Gebrauchter ZTE MC888 5G WiFi Home Router, freigeschaltet","date":"March 24, 2026","format":false,"excerpt":"Der ZTE MC888 5G Indoor CPE ist ein leistungsstarker Router, der mit dem neuesten Qualcomm X62-Chipsatz ausgestattet ist und eine nahtlose und stabile 5G-Verbindung f\u00fcr Ihr Zuhause oder Ihr B\u00fcro bietet. Seine hochmoderne 5G-Technologie bietet ultraschnelle Daten\u00fcbertragungsraten und sorgt daf\u00fcr, dass Sie Hochgeschwindigkeitsinternet f\u00fcr Streaming, Spiele und andere bandbreitenintensive Aktivit\u00e4ten\u2026","rel":"","context":"Similar post","img":{"alt_text":"","src":"https:\/\/i0.wp.com\/anythingtechnicallc.com\/wp-content\/uploads\/2025\/10\/ZTE-MC888-5G.webp?fit=920%2C920&ssl=1&resize=350%2C200","width":350,"height":200},"classes":[]},{"id":9407,"url":"https:\/\/anythingtechnicallc.com\/index.php\/de\/product\/solar-ladegeraet-10000mah-solar-powerbank-18w-power-delivery-usb-c-ladegeraet-typ-c-eingang-ausgang-qc-3-0-pd-schnelles-tragbares-ladegeraet-kompatibel-mit-iphone-samsung-und-mehr\/","url_meta":{"origin":9194,"position":2},"title":"Solar-Ladeger\u00e4t, 10000mAh Solar-Powerbank, 18W Power Delivery USB C Ladeger\u00e4t, Typ C Eingang &#038; Ausgang, QC 3.0 &#038; PD Schnelles tragbares Ladeger\u00e4t Kompatibel mit iPhone, Samsung und mehr","date":"March 19, 2026","format":false,"excerpt":"Stellen Sie sicher, dass dieses Produkt passt, indem Sie Ihre Modellnummer eingeben. Hochgeschwindigkeits-Laden: Die Kombination aus Stromzufuhr und QC 3.0-Ausgang erm\u00f6glicht eine optimale Aufladung Ihres Ger\u00e4ts mit bis zu 18 W. Es ist mit fast allen USB-betriebenen Ger\u00e4ten kompatibel. Schnelles Ladeger\u00e4t: Die Powerbank unterst\u00fctzt die Leistungsstufen 5W, 7,5W und 10W.\u2026","rel":"","context":"Similar post","img":{"alt_text":"","src":"https:\/\/i0.wp.com\/anythingtechnicallc.com\/wp-content\/uploads\/2022\/09\/Solar-Charger-10000mAh-Solar-Power-Bank-18W-Power-Delivery-USB-C-Charger-Type-C-Input-Output-QC-30-PD-Fast-Portable-Charger-Compatible-with-iPhone-Samsung-and-More-0.jpg?fit=500%2C500&ssl=1&resize=350%2C200","width":350,"height":200},"classes":[]},{"id":9372,"url":"https:\/\/anythingtechnicallc.com\/index.php\/de\/product\/belkin-magsafe-3-in-1-wireless-charging-pad-schnelles-drahtloses-aufladen-fuer-apple-watch-iphone-16-iphone-15-iphone-14-iphone-12-serie-airpods-ladestation-fuer-mehrere-geraete-schwarz\/","url_meta":{"origin":9194,"position":3},"title":"Belkin MagSafe 3-in-1 Wireless Charging Pad &#8211; Schnelles drahtloses Aufladen f\u00fcr Apple Watch, iPhone 16, iPhone 15, iPhone 14, &#038; iPhone 12 Serie, &#038; AirPods &#8211; Ladestation f\u00fcr mehrere Ger\u00e4te &#8211; Schwarz","date":"March 19, 2026","format":false,"excerpt":"VON RENOMMIERTEN MEDIEN VORGESTELLT: Dieses Pad ist mit verschiedenen Smartphones kompatibel und wird von Organisationen wie Yahoo, CNN Underscored und anderen f\u00fcr seinen integrierten MagSafe anerkannt. Forbes bezeichnet es als \"bestes Ladepad f\u00fcr Apple Watch Series 7 Nutzer\". 3-IN-1-LADEGER\u00c4T LADET IHR IPHONE, APPLE WATCH und AIRPODS GLEICHZEITIG AUF: Versorgen Sie\u2026","rel":"","context":"Similar post","img":{"alt_text":"","src":"https:\/\/i0.wp.com\/anythingtechnicallc.com\/wp-content\/uploads\/2025\/08\/61D5I3EBqL._AC_SL1500_.jpg?fit=913%2C1200&ssl=1&resize=350%2C200","width":350,"height":200},"classes":[]},{"id":9452,"url":"https:\/\/anythingtechnicallc.com\/index.php\/de\/product\/solarladegeraet-anker-24w-3-port-usb-tragbares-solarladegeraet-mit-faltbarem-cigs-panel-fuer-camping-powerport-solar-fuer-iphone-12-se-11-xs-max-xr-x-8-ipad-samsung-galaxy-s20-s10-s9-s8-und-mehr\/","url_meta":{"origin":9194,"position":4},"title":"Solarladeger\u00e4t, Anker 24W 3-Port USB tragbares Solarladeger\u00e4t mit faltbarem CIGS-Panel f\u00fcr Camping, PowerPort Solar f\u00fcr iPhone 12\/SE\/11\/XS Max\/XR\/X\/8, iPad, Samsung Galaxy S20\/S10\/S9\/S8, und mehr","date":"March 19, 2026","format":false,"excerpt":"Stellen Sie sicher, dass dieser Artikel passt, indem Sie Ihre Modellnummer eingeben. Ultrad\u00fcnn und flexibel: Hergestellt aus CIGS, einer Art D\u00fcnnschicht-Solarmaterial, das eine gr\u00f6\u00dfere Flexibilit\u00e4t als andere Solarzellen bietet und gleichzeitig langlebig ist. Schnelles Aufladen: Mit diesem tragbaren Solarladeger\u00e4t k\u00f6nnen Sie Ihr Handy, Tablet oder andere mobile Ger\u00e4te bei optimaler\u2026","rel":"","context":"Similar post","img":{"alt_text":"","src":"https:\/\/i0.wp.com\/anythingtechnicallc.com\/wp-content\/uploads\/2022\/09\/Solar-Charger-Anker-24W-3-Port-USB-Portable-Solar-Charger-with-Foldable-CIGS-Panel-for-Camping-PowerPort-Solar-for-iPhone-12SE11XS-MaxXRX8-iPad-Samsung-Galaxy-S20S10S9S8-and-More-0.jpg?fit=400%2C500&ssl=1&resize=350%2C200","width":350,"height":200},"classes":[]},{"id":9521,"url":"https:\/\/anythingtechnicallc.com\/index.php\/de\/product\/hp-t740-thin-client-amd-ryzen-v1756b-quad-core-4-kerne-325-ghz\/","url_meta":{"origin":9194,"position":5},"title":"HP t740 Thin Client &#8211; AMD Ryzen V1756B Quad-Core (4 Kerne) 3,25 GHz","date":"March 21, 2026","format":false,"excerpt":"Erledigen Sie anspruchsvolle Aufgaben mit dem extrem leistungsstarken AMD Ryzen Embedded V1756B Prozessor und dem schnellen Systemspeicher. Rendern Sie Inhalte nahtlos mit Unterst\u00fctzung f\u00fcr bis zu sechs UHD\/4K-Displays. Holen Sie sich einen Thin Client, der f\u00fcr Ihre individuellen Gesch\u00e4ftsanforderungen optimiert ist, mit einem konfigurierbaren PCIe-Steckplatz, der fortschrittliche Grafik, mehrere Displays,\u2026","rel":"","context":"Similar post","img":{"alt_text":"","src":"https:\/\/i0.wp.com\/anythingtechnicallc.com\/wp-content\/uploads\/2025\/09\/71P8W8w2L._AC_SL1246_.jpg?fit=782%2C1200&ssl=1&resize=350%2C200","width":350,"height":200},"classes":[]}],"pll_sync_post":[],"lang":"de","translations":{"de":9194,"en":6281},"_links":{"self":[{"href":"https:\/\/anythingtechnicallc.com\/index.php\/wp-json\/wp\/v2\/product\/9194","targetHints":{"allow":["GET"]}}],"collection":[{"href":"https:\/\/anythingtechnicallc.com\/index.php\/wp-json\/wp\/v2\/product"}],"about":[{"href":"https:\/\/anythingtechnicallc.com\/index.php\/wp-json\/wp\/v2\/types\/product"}],"replies":[{"embeddable":true,"href":"https:\/\/anythingtechnicallc.com\/index.php\/wp-json\/wp\/v2\/comments?post=9194"}],"wp:featuredmedia":[{"embeddable":true,"href":"https:\/\/anythingtechnicallc.com\/index.php\/wp-json\/wp\/v2\/media\/9193"}],"wp:attachment":[{"href":"https:\/\/anythingtechnicallc.com\/index.php\/wp-json\/wp\/v2\/media?parent=9194"}],"wp:term":[{"taxonomy":"product_brand","embeddable":true,"href":"https:\/\/anythingtechnicallc.com\/index.php\/wp-json\/wp\/v2\/product_brand?post=9194"},{"taxonomy":"product_cat","embeddable":true,"href":"https:\/\/anythingtechnicallc.com\/index.php\/wp-json\/wp\/v2\/product_cat?post=9194"},{"taxonomy":"product_tag","embeddable":true,"href":"https:\/\/anythingtechnicallc.com\/index.php\/wp-json\/wp\/v2\/product_tag?post=9194"}],"curies":[{"name":"wp","href":"https:\/\/api.w.org\/{rel}","templated":true}]}}