{"id":9206,"date":"2026-03-19T05:56:09","date_gmt":"2026-03-19T05:56:09","guid":{"rendered":"https:\/\/anythingtechnicallc.com\/?post_type=product&#038;p=9206"},"modified":"2026-03-19T09:25:33","modified_gmt":"2026-03-19T09:25:33","slug":"erneuert-sennheiser-professional-me-2-kleines-omnidirektionales-lavalier-mikrofon-zur-verwendung-mit-drahtlosen-sk-taschensendern-schwarz","status":"publish","type":"product","link":"https:\/\/anythingtechnicallc.com\/index.php\/de\/product\/erneuert-sennheiser-professional-me-2-kleines-omnidirektionales-lavalier-mikrofon-zur-verwendung-mit-drahtlosen-sk-taschensendern-schwarz\/","title":{"rendered":"Erneuert SENNHEISER Professional ME 2 Kleines omnidirektionales Lavalier-Mikrofon zur Verwendung mit drahtlosen SK Taschensendern, Schwarz"},"content":{"rendered":"<div id=\"productDescription_feature_div\" class=\"celwidget\" data-feature-name=\"productDescription\" data-csa-c-type=\"widget\" data-csa-c-content-id=\"productDescription\" data-csa-c-slot-id=\"productDescription_feature_div\" data-csa-c-asin=\"\" data-csa-c-is-in-initial-active-row=\"false\" data-csa-c-id=\"1wnxme-i3ja2c-qd2f5d-gvf9o9\">\n<div>\n<div id=\"productDescription_feature_div\" class=\"a-row feature\" data-feature-name=\"productDescription\" data-template-name=\"productDescription\">\n<div id=\"productDescription\" class=\"a-section a-spacing-small\">\n<p>Omnidirektionales Elektret-Kondensator-Lavalier mit Clip und Gitter. Kompatibel mit AVX, Speech Line DW, XSW 1 &amp; 2, evolution wireless D1, und evolution G3 &amp; G4 wireless.<\/p>\n<\/div>\n<\/div>\n<\/div>\n<\/div>\n<div id=\"brandInsights_feature_div_1\" class=\"celwidget\" data-feature-name=\"brandInsights\" data-csa-c-type=\"widget\" data-csa-c-content-id=\"brandInsights\" data-csa-c-slot-id=\"brandInsights_feature_div_1\" data-csa-c-asin=\"\" data-csa-c-is-in-initial-active-row=\"false\" data-csa-c-id=\"s3j9ji-10u9fv-ejm256-k9nlrz\"><\/div>\n<div id=\"brandInsights_feature_div_3\" class=\"celwidget\" data-feature-name=\"brandInsights\" data-csa-c-type=\"widget\" data-csa-c-content-id=\"brandInsights\" data-csa-c-slot-id=\"brandInsights_feature_div_3\" data-csa-c-asin=\"\" data-csa-c-is-in-initial-active-row=\"false\" data-csa-c-id=\"sp9n0r-ndsh71-p5a8mk-vtdqme\">\n<div data-csa-c-type=\"widget\" data-csa-c-slot-id=\"brandInsightsContent\" data-csa-c-content-id=\"brandInsightsDesktopT3\" data-cel-widget=\"brandInsightsDesktopT3\" data-csa-c-id=\"l72ht-o2oyi9-8ze592-mqayby\"><\/div>\n<\/div>\n","protected":false},"excerpt":{"rendered":"<div id=\"productDescription_feature_div\" class=\"celwidget\" data-feature-name=\"productDescription\" data-csa-c-type=\"widget\" data-csa-c-content-id=\"productDescription\" data-csa-c-slot-id=\"productDescription_feature_div\" data-csa-c-asin=\"\" data-csa-c-is-in-initial-active-row=\"false\" data-csa-c-id=\"1wnxme-i3ja2c-qd2f5d-gvf9o9\">\n<div>\n<div id=\"productDescription_feature_div\" class=\"a-row feature\" data-feature-name=\"productDescription\" data-template-name=\"productDescription\">\n<div id=\"productDescription\" class=\"a-section a-spacing-small\">\n<p>Omnidirektionales Elektret-Kondensator-Lavalier mit Clip und Gitter. Kompatibel mit AVX, Speech Line DW, XSW 1 &amp; 2, evolution wireless D1, und evolution G3 &amp; G4 wireless.<\/p>\n<\/div>\n<\/div>\n<\/div>\n<\/div>\n<div id=\"brandInsights_feature_div_1\" class=\"celwidget\" data-feature-name=\"brandInsights\" data-csa-c-type=\"widget\" data-csa-c-content-id=\"brandInsights\" data-csa-c-slot-id=\"brandInsights_feature_div_1\" data-csa-c-asin=\"\" data-csa-c-is-in-initial-active-row=\"false\" data-csa-c-id=\"s3j9ji-10u9fv-ejm256-k9nlrz\"><\/div>\n<div id=\"brandInsights_feature_div_3\" class=\"celwidget\" data-feature-name=\"brandInsights\" data-csa-c-type=\"widget\" data-csa-c-content-id=\"brandInsights\" data-csa-c-slot-id=\"brandInsights_feature_div_3\" data-csa-c-asin=\"\" data-csa-c-is-in-initial-active-row=\"false\" data-csa-c-id=\"sp9n0r-ndsh71-p5a8mk-vtdqme\">\n<div data-csa-c-type=\"widget\" data-csa-c-slot-id=\"brandInsightsContent\" data-csa-c-content-id=\"brandInsightsDesktopT3\" data-cel-widget=\"brandInsightsDesktopT3\" data-csa-c-id=\"l72ht-o2oyi9-8ze592-mqayby\"><\/div>\n<\/div>\n","protected":false},"featured_media":9205,"comment_status":"open","ping_status":"closed","template":"","meta":{"_et_pb_use_builder":"","_et_pb_old_content":"","_et_gb_content_width":""},"product_brand":[],"product_cat":[703,1578],"product_tag":[],"class_list":{"0":"post-9206","1":"product","2":"type-product","3":"status-publish","4":"has-post-thumbnail","6":"product_cat-uncategorized-de","7":"product_cat-headset","9":"first","10":"instock","11":"sale","12":"taxable","13":"shipping-taxable","14":"purchasable","15":"product-type-simple"},"exclude_global_add_ons":[],"addons":[],"jetpack-related-posts":[{"id":9276,"url":"https:\/\/anythingtechnicallc.com\/index.php\/de\/product\/gebrauchtes-shure-wl184-lavalier-mikrofon-premium-wireless-tqg-supercardioid-kondensator-lav-mikrofon-fuer-sprachanwendungen-mit-drehbarem-tie-clip-snap-fit-windschutz-4-ft-kabel-und-commshield-te\/","url_meta":{"origin":9206,"position":0},"title":"Gebrauchtes Shure WL184 Lavalier-Mikrofon &#8211; Premium Wireless TQG Supercardioid Kondensator-Lav-Mikrofon f\u00fcr Sprachanwendungen mit drehbarem Tie-Clip, Snap-Fit Windschutz, 4 ft Kabel und CommShield Technologie","date":"March 19, 2026","format":false,"excerpt":"Das WL184 ist ein Lavalier-Mikrofon mit Supernierencharakteristik und einem Aufnahmewinkel von 115 Grad und wird f\u00fcr Beschallungsanwendungen empfohlen, die eine hohe Unterdr\u00fcckung von Umgebungsger\u00e4uschen und einen engen Aufnahmewinkel erfordern. Es hat ein 1,2 Meter langes Kabel, das mit einem 4-poligen Miniaturstecker abgeschlossen ist. Die mitgelieferte Krawattenklammer kann in 90-Grad-Schritten gedreht\u2026","rel":"","context":"Similar post","img":{"alt_text":"","src":"https:\/\/i0.wp.com\/anythingtechnicallc.com\/wp-content\/uploads\/2025\/06\/51CwQYOT-mL._AC_SL1000_.jpg?fit=826%2C915&ssl=1&resize=350%2C200","width":350,"height":200},"classes":[]},{"id":9273,"url":"https:\/\/anythingtechnicallc.com\/index.php\/de\/product\/gebrauchtes-shure-mx150b-o-tqg-lavalier-mikrofon-fuer-shure-wireless\/","url_meta":{"origin":9206,"position":1},"title":"Gebrauchtes Shure MX150B\/O-TQG Lavalier-Mikrofon f\u00fcr Shure Wireless","date":"March 19, 2026","format":false,"excerpt":"Die CommShield Technologie sch\u00fctzt vor Interferenzen durch RF-Mobilfunkger\u00e4te und digitale Bodypack-Sender. Mattschwarzes, schlankes Design f\u00fcr eine unauff\u00e4llige Platzierung. Der Multi-Positions-Clip erm\u00f6glicht eine Vielzahl von Platzierungsoptionen und verf\u00fcgt \u00fcber ein integriertes Kabelmanagementsystem f\u00fcr eine bequeme und ger\u00e4uscharme Kabelf\u00fchrung. Das mit Kevlar verst\u00e4rkte Soft-Flex-Kabel reduziert die St\u00f6rger\u00e4usche weiter und bietet gleichzeitig eine\u2026","rel":"","context":"Similar post","img":{"alt_text":"","src":"https:\/\/i0.wp.com\/anythingtechnicallc.com\/wp-content\/uploads\/2025\/06\/Shure-MX150B-O-TQG-Lavalier-Microphone.jpg?fit=750%2C611&ssl=1&resize=350%2C200","width":350,"height":200},"classes":[]},{"id":9200,"url":"https:\/\/anythingtechnicallc.com\/index.php\/de\/product\/used-shure-centraverse-cvl-lavalier-mikrofon-schwarz-kondensator-mini-lav-mikrofon-mit-nierencharakteristik-clip-on-fuer-freihandbetrieb-ta4f-tqg-anschluss-fuer-drahtlose-bodypacks-cvl-b-c-tqg\/","url_meta":{"origin":9206,"position":2},"title":"USED Shure Centraverse CVL Lavalier-Mikrofon &#8211; Schwarz, Kondensator-Mini-Lav-Mikrofon mit Nierencharakteristik, Clip-On f\u00fcr Freihandbetrieb, TA4F (TQG) Anschluss f\u00fcr drahtlose Bodypacks (CVL-B\/C-TQG)","date":"March 19, 2026","format":false,"excerpt":"F\u00fcr professionelle Pr\u00e4sentationen, die ein Mikrofon erfordern, das man h\u00f6rt, aber nicht sieht, bietet das Centraverse CVL Lavalier-Kondensatormikrofon ein kompaktes Clip-on-Design und eine einfache, unkomplizierte Einrichtung. Die unidirektionale Nierencharakteristik unterdr\u00fcckt unerw\u00fcnschte Ger\u00e4usche und sorgt so f\u00fcr eine hervorragende Audioqualit\u00e4t und Stimmwiedergabe. Pr\u00e4zisionsgefertigt f\u00fcr den jahrelangen Einsatz mit allen Shure Drahtlossystemen.","rel":"","context":"Similar post","img":{"alt_text":"","src":"https:\/\/i0.wp.com\/anythingtechnicallc.com\/wp-content\/uploads\/2025\/02\/51IHIZ9mrqL._AC_SL1500_.jpg?fit=526%2C1200&ssl=1&resize=350%2C200","width":350,"height":200},"classes":[]},{"id":9056,"url":"https:\/\/anythingtechnicallc.com\/index.php\/de\/product\/shure-wh30-kondensator-kopfbuegelmikrofone-erneuert\/","url_meta":{"origin":9206,"position":3},"title":"Shure WH30 Kondensator-Kopfb\u00fcgelmikrofone erneuert","date":"March 18, 2026","format":false,"excerpt":"Das Shure Modell WH30 ist ein leichtes und dennoch robustes Headset-Mikrofon. Das WH30 wurde f\u00fcr S\u00e4nger und Instrumentalisten entwickelt und verf\u00fcgt \u00fcber eine hochwertige Elektret-Kondensator-Kapsel, die sich f\u00fcr alle Anwendungen eignet, bei denen Mobilit\u00e4t, Komfort, geringe Sichtbarkeit des Mikrofons und hohe Klangqualit\u00e4t erforderlich sind. Aufgrund seiner Nierencharakteristik (unidirektional) bietet das\u2026","rel":"","context":"Similar post","img":{"alt_text":"","src":"https:\/\/i0.wp.com\/anythingtechnicallc.com\/wp-content\/uploads\/2024\/09\/81s63XUminL._AC_SL1500_.jpg?fit=1200%2C710&ssl=1&resize=350%2C200","width":350,"height":200},"classes":[]},{"id":9050,"url":"https:\/\/anythingtechnicallc.com\/index.php\/de\/product\/shure-pg185-kondensator-lavaliermikrofon-qg\/","url_meta":{"origin":9206,"position":4},"title":"Shure PG185 Kondensator-Lavaliermikrofon, QG","date":"March 18, 2026","format":false,"excerpt":"Das Pg185 ist ein Elektret-Kondensatormikrofon zum Anstecken an einen drahtlosen Taschensender, Kleidungsclip zur sicheren Platzierung, akustischer Windschutz zur Minimierung von Windger\u00e4uschen bei Au\u00dfenanwendungen","rel":"","context":"Similar post","img":{"alt_text":"","src":"https:\/\/i0.wp.com\/anythingtechnicallc.com\/wp-content\/uploads\/2024\/09\/51XQhdV1EVL._AC_SL1500_.jpg?fit=303%2C1200&ssl=1&resize=350%2C200","width":350,"height":200},"classes":[]},{"id":9246,"url":"https:\/\/anythingtechnicallc.com\/index.php\/de\/product\/rode-wireless-go-ii-zweikanal-drahtlossystem-mit-eingebauten-mikrofonen-mit-analogen-und-digitalen-usb-ausgaengen-kompatibel-mit-kameras-windows-und-macos-computern-ios-und-android-handys\/","url_meta":{"origin":9206,"position":5},"title":"R\u00d8DE Wireless Go II Zweikanal-Drahtlossystem mit eingebauten Mikrofonen mit analogen und digitalen USB-Ausg\u00e4ngen, kompatibel mit Kameras, Windows- und MacOS-Computern, iOS- und Android-Handys","date":"March 19, 2026","format":false,"excerpt":"Ultrakompaktes und einfach zu bedienendes drahtloses Zweikanal-Mikrofonsystem f\u00fcr Filmaufnahmen, Vlogging, TikTok, Streaming, Podcasting und Videoanrufe (Zoom, MS Teams usw.) Analoge und digitale USB-Ausg\u00e4nge, die mit Kameras, Windows- und MacOS-Computern, iOS- und Android-Telefonen kompatibel sind, f\u00fcr den vielseitigen Einsatz in einer Reihe von Umgebungen (f\u00fcr einige Ger\u00e4te kann ein zus\u00e4tzliches Kabel\u2026","rel":"","context":"Similar post","img":{"alt_text":"","src":"https:\/\/i0.wp.com\/anythingtechnicallc.com\/wp-content\/uploads\/2025\/06\/519TvRDJyYL._AC_SL1080_.jpg?fit=770%2C976&ssl=1&resize=350%2C200","width":350,"height":200},"classes":[]}],"pll_sync_post":[],"lang":"de","translations":{"de":9206,"en":6292},"_links":{"self":[{"href":"https:\/\/anythingtechnicallc.com\/index.php\/wp-json\/wp\/v2\/product\/9206","targetHints":{"allow":["GET"]}}],"collection":[{"href":"https:\/\/anythingtechnicallc.com\/index.php\/wp-json\/wp\/v2\/product"}],"about":[{"href":"https:\/\/anythingtechnicallc.com\/index.php\/wp-json\/wp\/v2\/types\/product"}],"replies":[{"embeddable":true,"href":"https:\/\/anythingtechnicallc.com\/index.php\/wp-json\/wp\/v2\/comments?post=9206"}],"wp:featuredmedia":[{"embeddable":true,"href":"https:\/\/anythingtechnicallc.com\/index.php\/wp-json\/wp\/v2\/media\/9205"}],"wp:attachment":[{"href":"https:\/\/anythingtechnicallc.com\/index.php\/wp-json\/wp\/v2\/media?parent=9206"}],"wp:term":[{"taxonomy":"product_brand","embeddable":true,"href":"https:\/\/anythingtechnicallc.com\/index.php\/wp-json\/wp\/v2\/product_brand?post=9206"},{"taxonomy":"product_cat","embeddable":true,"href":"https:\/\/anythingtechnicallc.com\/index.php\/wp-json\/wp\/v2\/product_cat?post=9206"},{"taxonomy":"product_tag","embeddable":true,"href":"https:\/\/anythingtechnicallc.com\/index.php\/wp-json\/wp\/v2\/product_tag?post=9206"}],"curies":[{"name":"wp","href":"https:\/\/api.w.org\/{rel}","templated":true}]}}