{"id":9209,"date":"2026-03-19T05:57:39","date_gmt":"2026-03-19T05:57:39","guid":{"rendered":"https:\/\/anythingtechnicallc.com\/?post_type=product&#038;p=9209"},"modified":"2026-03-19T05:57:40","modified_gmt":"2026-03-19T05:57:40","slug":"erneuert-shure-aonic-40-over-ear-wireless-bluetooth-noise-cancelling-kopfhoerer-mit-mikrofon-klang-in-studioqualitaet-25-stunden-akkulaufzeit-fingertip-bedienung-kompatibel-mit-iphone-und-android","status":"publish","type":"product","link":"https:\/\/anythingtechnicallc.com\/index.php\/de\/product\/erneuert-shure-aonic-40-over-ear-wireless-bluetooth-noise-cancelling-kopfhoerer-mit-mikrofon-klang-in-studioqualitaet-25-stunden-akkulaufzeit-fingertip-bedienung-kompatibel-mit-iphone-und-android\/","title":{"rendered":"Erneuert Shure AONIC 40 Over Ear Wireless Bluetooth Noise Cancelling Kopfh\u00f6rer mit Mikrofon, Klang in Studioqualit\u00e4t, 25 Stunden Akkulaufzeit, Fingertip-Bedienung, kompatibel mit iPhone und Android &#8211; Schwarz"},"content":{"rendered":"<ul class=\"a-unordered-list a-vertical a-spacing-mini\">\n<li class=\"a-spacing-mini\"><span class=\"a-list-item\">PREMIUM-KLANG IN STUDIOQUALIT\u00c4T: Klarer Klang in Studioqualit\u00e4t, der auf jahrzehntelanger Erfahrung in der Entwicklung von Produkten f\u00fcr Musiklegenden und K\u00fcnstler aller Art beruht.<\/span><\/li>\n<li class=\"a-spacing-mini\"><span class=\"a-list-item\">EINSTELLBARE GER\u00c4USCHUNTERDR\u00dcCKUNG &amp; UMGEBUNGSMODUS: Die anpassbare Ger\u00e4uschunterdr\u00fcckung unterdr\u00fcckt St\u00f6rger\u00e4usche f\u00fcr ein wirklich intensives H\u00f6rerlebnis. Drei digitale ANC-Einstellungen f\u00fcr erweiterte Unterdr\u00fcckung niedriger Frequenzen und ein nat\u00fcrliches H\u00f6rerlebnis.<\/span><\/li>\n<li class=\"a-spacing-mini\"><span class=\"a-list-item\">LANGER TRAGEKOMFORT, LANGLEBIG &amp; LEICHT: Lang anhaltender Tragekomfort und Strapazierf\u00e4higkeit f\u00fcr den harten Einsatz unterwegs. Hergestellt aus hochwertigen Materialien wie glasfaserverst\u00e4rktem Nylon und einer Aluminiumlegierung in Flugzeugqualit\u00e4t.<\/span><\/li>\n<li class=\"a-spacing-mini\"><span class=\"a-list-item\">25 STUNDEN BATTERIELAUFZEIT: Bis zu 25 Stunden Batterielaufzeit mit Schnellladefunktion. Eine f\u00fcnfzehnmin\u00fctige Aufladung reicht f\u00fcr 5 Stunden Nutzung.<\/span><\/li>\n<li class=\"a-spacing-mini\"><span class=\"a-list-item\">STABLE BLUETOOTH-VERBINDUNG MIT HOHER REICHWEITE: Die drahtlose Bluetooth 5-Technologie sorgt f\u00fcr eine verbesserte Stabilit\u00e4t und eine Reichweite von bis zu 10 Metern (30 Fu\u00df). L\u00e4sst sich mit Handys, Tablets und Laptops verbinden.<\/span><\/li>\n<li class=\"a-spacing-mini\"><span class=\"a-list-item\">ANPASSBARER EQUALIZER &amp; MEHRERE CODECS: W\u00e4hlen Sie aus mehreren Voreinstellungen, oder erstellen Sie mit der ShurePlus PLAY App Ihren eigenen EQ. Wird direkt auf Ihrem Kopfh\u00f6rer gespeichert und l\u00e4sst sich leicht auf andere Apps oder Ger\u00e4te \u00fcbertragen. Unterst\u00fctzung f\u00fcr Qualcomm aptX, aptX HD, AAC und SBC.<\/span><\/li>\n<li class=\"a-spacing-mini\"><span class=\"a-list-item\">PREMIUM CALL QUALITY AUDIO: Erstklassige Gespr\u00e4chsqualit\u00e4t mit au\u00dfergew\u00f6hnlichem Audio durch Beamforming-Mikrofone f\u00fcr Videokonferenzen und Telefonate. Der Dual-USB-Audiomodus erm\u00f6glicht eine Zwei-Wege-Mikrofonkommunikation mit dem mitgelieferten USB-C-Kabel.<\/span><\/li>\n<\/ul>\n<div class=\"a-row a-expander-container a-expander-inline-container\">\n<div class=\"a-expander-content a-expander-extend-content a-expander-content-expanded\" data-expanded=\"true\">\n<ul class=\"a-unordered-list a-vertical a-spacing-none\">\n<li class=\"a-spacing-mini\"><span class=\"a-list-item\">EINFACHE STEUERUNG &amp; ANSCHL\u00dcSSE: Leicht zug\u00e4ngliche Bedienelemente erm\u00f6glichen den schnellen Zugriff auf die Annahme von Anrufen, die Anpassung der Lautst\u00e4rke und die Steuerung des ANC\/Umgebungsmodus mit nur einem Tastendruck. Schlie\u00dfen Sie kabelgebundene Quellen mit analogem 3,5-mm-Audioeingang an, um mit jedem Ger\u00e4t verbunden zu bleiben.<\/span><\/li>\n<li class=\"a-spacing-mini\"><span class=\"a-list-item\">KOSTENLOSE, EINFACH ZU BENUTZENDE APP: Mit der ShurePlus PLAY App k\u00f6nnen Sie Ihre Einstellungen anpassen und den EQ, die Ger\u00e4uschunterdr\u00fcckung und den Umgebungsmodus steuern. Kostenlos zum Download f\u00fcr iOS und Android.<\/span><\/li>\n<\/ul>\n<\/div>\n<\/div>\n","protected":false},"excerpt":{"rendered":"<ul class=\"a-unordered-list a-vertical a-spacing-mini\">\n<li class=\"a-spacing-mini\"><span class=\"a-list-item\">PREMIUM-KLANG IN STUDIOQUALIT\u00c4T: Klarer Klang in Studioqualit\u00e4t, der auf jahrzehntelanger Erfahrung in der Entwicklung von Produkten f\u00fcr Musiklegenden und K\u00fcnstler aller Art beruht.<\/span><\/li>\n<li class=\"a-spacing-mini\"><span class=\"a-list-item\">EINSTELLBARE GER\u00c4USCHUNTERDR\u00dcCKUNG &amp; UMGEBUNGSMODUS: Die anpassbare Ger\u00e4uschunterdr\u00fcckung unterdr\u00fcckt St\u00f6rger\u00e4usche f\u00fcr ein wirklich intensives H\u00f6rerlebnis. Drei digitale ANC-Einstellungen f\u00fcr erweiterte Unterdr\u00fcckung niedriger Frequenzen und ein nat\u00fcrliches H\u00f6rerlebnis.<\/span><\/li>\n<li class=\"a-spacing-mini\"><span class=\"a-list-item\">LANGER TRAGEKOMFORT, LANGLEBIG &amp; LEICHT: Lang anhaltender Tragekomfort und Strapazierf\u00e4higkeit f\u00fcr den harten Einsatz unterwegs. Hergestellt aus hochwertigen Materialien wie glasfaserverst\u00e4rktem Nylon und einer Aluminiumlegierung in Flugzeugqualit\u00e4t.<\/span><\/li>\n<li class=\"a-spacing-mini\"><span class=\"a-list-item\">25 STUNDEN BATTERIELAUFZEIT: Bis zu 25 Stunden Batterielaufzeit mit Schnellladefunktion. Eine f\u00fcnfzehnmin\u00fctige Aufladung reicht f\u00fcr 5 Stunden Nutzung.<\/span><\/li>\n<li class=\"a-spacing-mini\"><span class=\"a-list-item\">STABLE BLUETOOTH-VERBINDUNG MIT HOHER REICHWEITE: Die drahtlose Bluetooth 5-Technologie sorgt f\u00fcr eine verbesserte Stabilit\u00e4t und eine Reichweite von bis zu 10 Metern (30 Fu\u00df). L\u00e4sst sich mit Handys, Tablets und Laptops verbinden.<\/span><\/li>\n<li class=\"a-spacing-mini\"><span class=\"a-list-item\">ANPASSBARER EQUALIZER &amp; MEHRERE CODECS: W\u00e4hlen Sie aus mehreren Voreinstellungen, oder erstellen Sie mit der ShurePlus PLAY App Ihren eigenen EQ. Wird direkt auf Ihrem Kopfh\u00f6rer gespeichert und l\u00e4sst sich leicht auf andere Apps oder Ger\u00e4te \u00fcbertragen. Unterst\u00fctzung f\u00fcr Qualcomm aptX, aptX HD, AAC und SBC.<\/span><\/li>\n<li class=\"a-spacing-mini\"><span class=\"a-list-item\">PREMIUM CALL QUALITY AUDIO: Erstklassige Gespr\u00e4chsqualit\u00e4t mit au\u00dfergew\u00f6hnlichem Audio durch Beamforming-Mikrofone f\u00fcr Videokonferenzen und Telefonate. Der Dual-USB-Audiomodus erm\u00f6glicht eine Zwei-Wege-Mikrofonkommunikation mit dem mitgelieferten USB-C-Kabel.<\/span><\/li>\n<\/ul>\n<div class=\"a-row a-expander-container a-expander-inline-container\">\n<div class=\"a-expander-content a-expander-extend-content a-expander-content-expanded\" data-expanded=\"true\">\n<ul class=\"a-unordered-list a-vertical a-spacing-none\">\n<li class=\"a-spacing-mini\"><span class=\"a-list-item\">EINFACHE STEUERUNG &amp; ANSCHL\u00dcSSE: Leicht zug\u00e4ngliche Bedienelemente erm\u00f6glichen den schnellen Zugriff auf die Annahme von Anrufen, die Anpassung der Lautst\u00e4rke und die Steuerung des ANC\/Umgebungsmodus mit nur einem Tastendruck. Schlie\u00dfen Sie kabelgebundene Quellen mit analogem 3,5-mm-Audioeingang an, um mit jedem Ger\u00e4t verbunden zu bleiben.<\/span><\/li>\n<li class=\"a-spacing-mini\"><span class=\"a-list-item\">KOSTENLOSE, EINFACH ZU BENUTZENDE APP: Mit der ShurePlus PLAY App k\u00f6nnen Sie Ihre Einstellungen anpassen und den EQ, die Ger\u00e4uschunterdr\u00fcckung und den Umgebungsmodus steuern. Kostenlos zum Download f\u00fcr iOS und Android.<\/span><\/li>\n<\/ul>\n<\/div>\n<\/div>\n","protected":false},"featured_media":9208,"comment_status":"open","ping_status":"closed","template":"","meta":{"_et_pb_use_builder":"","_et_pb_old_content":"","_et_gb_content_width":""},"product_brand":[],"product_cat":[1372],"product_tag":[],"class_list":{"0":"post-9209","1":"product","2":"type-product","3":"status-publish","4":"has-post-thumbnail","6":"product_cat-elektronik","8":"first","9":"instock","10":"sale","11":"taxable","12":"shipping-taxable","13":"purchasable","14":"product-type-simple"},"exclude_global_add_ons":[],"addons":[],"jetpack-related-posts":[{"id":9861,"url":"https:\/\/anythingtechnicallc.com\/index.php\/de\/product\/gebrauchte-bose-quietcomfort-earbuds-true-wireless-bluetooth-earbuds-mit-aktiver-geraeuschunterdrueckung-und-mikrofon-usb-c-aufladung-ipx4-bewertung-bis-zu-85-stunden-spielzeit-schwarz\/","url_meta":{"origin":9209,"position":0},"title":"Gebrauchte Bose QuietComfort Earbuds &#8211; True Wireless Bluetooth Earbuds mit aktiver Ger\u00e4uschunterdr\u00fcckung und Mikrofon, USB-C Aufladung, IPX4 Bewertung, bis zu 8,5 Stunden Spielzeit, Schwarz","date":"April 8, 2026","format":false,"excerpt":"KLANG OHNE KOMPROMISS: Nutzen Sie den Tag auf Ihre Weise und trotzen Sie Ablenkungen mit diesen kabellosen Ohrh\u00f6rern mit weltbekannter Ger\u00e4uschunterdr\u00fcckung f\u00fcr ein H\u00f6rerlebnis, das den Alltag episch erscheinen l\u00e4sst. SEIZE-THE-DAY STAYING POWER: Diese Ohrh\u00f6rer mit Ger\u00e4uschunterdr\u00fcckung lassen sich kabellos aufladen und erm\u00f6glichen Ihnen eine H\u00f6rdauer von bis zu 8,5\u2026","rel":"","context":"Similar post","img":{"alt_text":"","src":"https:\/\/i0.wp.com\/anythingtechnicallc.com\/wp-content\/uploads\/2026\/03\/Bose-QuietComfort-Earbuds.jpg?fit=1200%2C900&ssl=1&resize=350%2C200","width":350,"height":200},"classes":[]},{"id":9136,"url":"https:\/\/anythingtechnicallc.com\/index.php\/de\/product\/steelseries-arctis-7-lossless-wireless-gaming-headset-mit-dts-headphone-x-v2-0-surround-fuer-pc-und-playstation-4-schwarz-erneuert\/","url_meta":{"origin":9209,"position":1},"title":"SteelSeries Arctis 7 &#8211; Lossless Wireless Gaming Headset mit DTS Headphone: X v2.0 Surround &#8211; f\u00fcr PC und PlayStation 4 &#8211; Schwarz Erneuert","date":"March 19, 2026","format":false,"excerpt":"Die 2,4-Gramm-Verbindung wurde speziell f\u00fcr Spiele entwickelt und bietet eine solide, verlustfreie kabellose Audio\u00fcbertragung mit extrem geringer Latenz und ohne Interferenzen. Das von Discord zertifizierte Clear Cast-Mikrofon gilt als das beste Mikrofon f\u00fcr Spiele und liefert klare Stimmen in Studioqualit\u00e4t und unterdr\u00fcckt Hintergrundger\u00e4usche. Mit den s1-Lautsprechertreibern, die f\u00fcr eine extrem\u2026","rel":"","context":"Similar post","img":{"alt_text":"","src":"https:\/\/i0.wp.com\/anythingtechnicallc.com\/wp-content\/uploads\/2025\/02\/81pCpKFjBZL._AC_SL1500_.jpg?fit=708%2C1200&ssl=1&resize=350%2C200","width":350,"height":200},"classes":[]},{"id":9641,"url":"https:\/\/anythingtechnicallc.com\/index.php\/de\/product\/erneuerte-apple-airpods-max-wireless-over-ear-kopfhoerer-pro-level-aktive-geraeuschunterdrueckung-transparenz-modus-personalisiertes-raeumliches-audio-usb-c-aufladung-bluetooth-kopfhoerer-fuer-ip\/","url_meta":{"origin":9209,"position":2},"title":"Erneuerte Apple AirPods Max Wireless Over-Ear-Kopfh\u00f6rer, Pro-Level aktive Ger\u00e4uschunterdr\u00fcckung, Transparenz-Modus, personalisiertes r\u00e4umliches Audio, USB-C Aufladung, Bluetooth-Kopfh\u00f6rer f\u00fcr iPhone &#8211; Mitternacht","date":"March 24, 2026","format":false,"excerpt":"PERS\u00d6NLICHES RAUMAKUSTIK-AUDIO - Mit einem Klang, der sich Ihrer einzigartigen Ohrform anpasst, und einer dynamischen Kopfst\u00fctze bieten die AirPods Max ein beeindruckendes H\u00f6rerlebnis, bei dem der Klang rund um Sie herum zu h\u00f6ren ist.* Au\u00dferdem k\u00f6nnen Sie ausgew\u00e4hlte Songs, Shows und Filme in Dolby Atmos h\u00f6ren. F\u00dcNF FRISCHE FARBEN -\u2026","rel":"","context":"Similar post","img":{"alt_text":"","src":"https:\/\/i0.wp.com\/anythingtechnicallc.com\/wp-content\/uploads\/2025\/10\/716QjZYRBAL._AC_SL1500_.jpg?fit=913%2C1200&ssl=1&resize=350%2C200","width":350,"height":200},"classes":[]},{"id":9599,"url":"https:\/\/anythingtechnicallc.com\/index.php\/de\/product\/renewed-bose-quietcomfort-bluetooth-earbuds-true-wireless-earbuds-mit-aktiver-geraeuschunterdrueckung-und-mikrofon-tiefer-bass-ipx4-bewertung-bis-zu-85-stunden-spielzeit-schwarz\/","url_meta":{"origin":9209,"position":3},"title":"Renewed Bose QuietComfort Bluetooth Earbuds, True Wireless Earbuds mit aktiver Ger\u00e4uschunterdr\u00fcckung und Mikrofon, tiefer Bass, IPX4 Bewertung, bis zu 8,5 Stunden Spielzeit, Schwarz","date":"March 24, 2026","format":false,"excerpt":"TON OHNE KOMPROMISS: Nutzen Sie den Tag auf Ihre Weise und trotzen Sie den Ablenkungen mit diesen kabellosen Bluetooth-Kopfh\u00f6rern mit weltbekannter Ger\u00e4uschunterdr\u00fcckung f\u00fcr ein H\u00f6rerlebnis, das den Alltag zu einem Epos macht. LEISTUNGSSTARKES, BEW\u00c4HRTES AUDIO: Diese kabellosen Bluetooth-Kopfh\u00f6rer mit IPX4-Klassifizierung bieten eine bemerkenswerte Klangqualit\u00e4t f\u00fcr ein befriedigendes H\u00f6rerlebnis, das genau\u2026","rel":"","context":"Similar post","img":{"alt_text":"","src":"https:\/\/i0.wp.com\/anythingtechnicallc.com\/wp-content\/uploads\/2025\/10\/61qIEvCy6L._AC_SL1500_.jpg?fit=1200%2C1146&ssl=1&resize=350%2C200","width":350,"height":200},"classes":[]},{"id":9074,"url":"https:\/\/anythingtechnicallc.com\/index.php\/de\/product\/bose-quiet-control-30-kabellose-kopfhoerer-mit-geraeuschunterdrueckung-schwarz-erneuert\/","url_meta":{"origin":9209,"position":4},"title":"Bose Quiet-control 30 Kabellose Kopfh\u00f6rer mit Ger\u00e4uschunterdr\u00fcckung &#8211; Schwarz (Erneuert)","date":"March 18, 2026","format":false,"excerpt":"Entscheiden Sie, wie viel von der Welt Sie hereinlassen wollen Sie k\u00f6nnen nicht kontrollieren, wie laut Ihre Umgebung ist. Aber Sie k\u00f6nnen kontrollieren, wie viel Sie davon h\u00f6ren. Mit den QuietControl 30 Ohrh\u00f6rern k\u00f6nnen Sie den Grad der Ger\u00e4uschunterdr\u00fcckung selbst bestimmen und erhalten bei jeder Lautst\u00e4rke eine ausgewogene Audioleistung. Der\u2026","rel":"","context":"Similar post","img":{"alt_text":"","src":"https:\/\/i0.wp.com\/anythingtechnicallc.com\/wp-content\/uploads\/2024\/10\/61o3xZihqcL._AC_SL1500_.jpg?fit=976%2C1200&ssl=1&resize=350%2C200","width":350,"height":200},"classes":[]},{"id":8964,"url":"https:\/\/anythingtechnicallc.com\/index.php\/de\/product\/jbl-tune-770nc-adaptive-geraeuschunterdrueckung-mit-intelligenter-umgebungsgeraeuschunterdrueckung-kabelloser-over-ear-kopfhoerer-bluetooth-5-3-bis-zu-70-stunden-akkulaufzeit-mit-schnellladung-l\/","url_meta":{"origin":9209,"position":5},"title":"JBL TUNE 770NC &#8211; Adaptive Ger\u00e4uschunterdr\u00fcckung mit intelligenter Umgebungsger\u00e4uschunterdr\u00fcckung, kabelloser Over-Ear-Kopfh\u00f6rer, Bluetooth 5.3, bis zu 70 Stunden Akkulaufzeit mit Schnellladung, leichtes, komfortables &#038; faltbares Design (Schwarz)","date":"March 18, 2026","format":false,"excerpt":"Adaptive Ger\u00e4uschunterdr\u00fcckung mit Smart Ambient: Adaptive Ger\u00e4uschunterdr\u00fcckung bedeutet keine Ablenkung, egal ob Sie lernen oder sich in der Musik verlieren. Wenn Sie die Welt um sich herum h\u00f6ren m\u00f6chten, aktivieren Sie Ambient Aware und TalkThru in der JBL Headphones App. Bluetooth 5.3 mit LE Audio: \u00dcbertragen Sie kabellos hochwertigen JBL\u2026","rel":"","context":"Similar post","img":{"alt_text":"","src":"https:\/\/i0.wp.com\/anythingtechnicallc.com\/wp-content\/uploads\/2024\/09\/61EL2AKKcBL._AC_SL1500_.jpg?fit=1056%2C1200&ssl=1&resize=350%2C200","width":350,"height":200},"classes":[]}],"pll_sync_post":[],"lang":"de","translations":{"de":9209,"en":6295},"_links":{"self":[{"href":"https:\/\/anythingtechnicallc.com\/index.php\/wp-json\/wp\/v2\/product\/9209","targetHints":{"allow":["GET"]}}],"collection":[{"href":"https:\/\/anythingtechnicallc.com\/index.php\/wp-json\/wp\/v2\/product"}],"about":[{"href":"https:\/\/anythingtechnicallc.com\/index.php\/wp-json\/wp\/v2\/types\/product"}],"replies":[{"embeddable":true,"href":"https:\/\/anythingtechnicallc.com\/index.php\/wp-json\/wp\/v2\/comments?post=9209"}],"wp:featuredmedia":[{"embeddable":true,"href":"https:\/\/anythingtechnicallc.com\/index.php\/wp-json\/wp\/v2\/media\/9208"}],"wp:attachment":[{"href":"https:\/\/anythingtechnicallc.com\/index.php\/wp-json\/wp\/v2\/media?parent=9209"}],"wp:term":[{"taxonomy":"product_brand","embeddable":true,"href":"https:\/\/anythingtechnicallc.com\/index.php\/wp-json\/wp\/v2\/product_brand?post=9209"},{"taxonomy":"product_cat","embeddable":true,"href":"https:\/\/anythingtechnicallc.com\/index.php\/wp-json\/wp\/v2\/product_cat?post=9209"},{"taxonomy":"product_tag","embeddable":true,"href":"https:\/\/anythingtechnicallc.com\/index.php\/wp-json\/wp\/v2\/product_tag?post=9209"}],"curies":[{"name":"wp","href":"https:\/\/api.w.org\/{rel}","templated":true}]}}