{"id":9212,"date":"2026-03-19T05:58:52","date_gmt":"2026-03-19T05:58:52","guid":{"rendered":"https:\/\/anythingtechnicallc.com\/?post_type=product&#038;p=9212"},"modified":"2026-03-19T09:25:33","modified_gmt":"2026-03-19T09:25:33","slug":"gebrauchtes-shure-sm31fh-tqg-wasserabweisendes-kondensatormikrofon-mit-nierencharakteristik-fuer-kopfhoerer","status":"publish","type":"product","link":"https:\/\/anythingtechnicallc.com\/index.php\/de\/product\/gebrauchtes-shure-sm31fh-tqg-wasserabweisendes-kondensatormikrofon-mit-nierencharakteristik-fuer-kopfhoerer\/","title":{"rendered":"Gebrauchtes Shure SM31FH-TQG Wasserabweisendes Kondensatormikrofon mit Nierencharakteristik f\u00fcr Kopfh\u00f6rer"},"content":{"rendered":"<ul class=\"a-unordered-list a-vertical a-spacing-mini\">\n<li class=\"a-spacing-mini\"><span class=\"a-list-item\">WETTERFESTES DESIGN &#8211; Das SM31FH ist f\u00fcr den Einsatz in rauen Umgebungen und unter schwierigen Wetterbedingungen konzipiert und eignet sich perfekt f\u00fcr Fitness-Trainer und aktive K\u00fcnstler.<\/span><\/li>\n<li class=\"a-spacing-mini\"><span class=\"a-list-item\">SICHERER SITZ &#8211; Das komfortable, sicher sitzende Drahtb\u00fcgel-Headset ist so konzipiert, dass es auch bei energiegeladenen Auftritten und anstrengenden Aktivit\u00e4ten an seinem Platz bleibt.<\/span><\/li>\n<li class=\"a-spacing-mini\"><span class=\"a-list-item\">HOCHWERTIGE KLANGQUALIT\u00c4T &#8211; Das omnidirektionale Tonabnahmemuster und der angepasste Frequenzgang sorgen f\u00fcr eine klare und nat\u00fcrliche Stimmwiedergabe, wodurch es sich ideal f\u00fcr Fitnesskurse und Gesangsauftritte eignet.<\/span><\/li>\n<li class=\"a-spacing-mini\"><span class=\"a-list-item\">SWEAT-RESISTANT &#8211; Das hydrophobe Netzgewebe sorgt daf\u00fcr, dass das Mikrofon auch bei intensivem Training trocken bleibt und vor Feuchtigkeit gesch\u00fctzt ist.<\/span><\/li>\n<li class=\"a-spacing-mini\"><span class=\"a-list-item\">LEICHT &amp; UNAUF\u00c4NDLICH &#8211; Das schlanke, flache Design des SM31FH sorgt f\u00fcr ein nahezu unsichtbares und leichtes Erscheinungsbild w\u00e4hrend der Benutzung, wodurch es sich perfekt f\u00fcr Auftritte und Pr\u00e4sentationen auf der B\u00fchne eignet.<\/span><\/li>\n<li class=\"a-spacing-mini\"><span class=\"a-list-item\">EINFACHE EINRICHTUNG &#8211; Das SM31FH ist ein drahtloses Mikrofonsystem mit einem sicheren Anschluss f\u00fcr die Verwendung mit drahtlosen Taschensystemen von Shure (separat erh\u00e4ltlich), was eine schnelle und einfache Einrichtung erm\u00f6glicht.<\/span><\/li>\n<li class=\"a-spacing-mini\"><span class=\"a-list-item\">EIN\/AUS-SCHALTER &#8211; Der Ein\/Aus-Schalter erleichtert die Steuerung des Mikrofons, schont die Batterie und bietet zus\u00e4tzlichen Komfort bei der Verwendung.<\/span><\/li>\n<\/ul>\n","protected":false},"excerpt":{"rendered":"<ul class=\"a-unordered-list a-vertical a-spacing-mini\">\n<li class=\"a-spacing-mini\"><span class=\"a-list-item\">WETTERFESTES DESIGN &#8211; Das SM31FH wurde f\u00fcr den Einsatz in rauen Umgebungen und unter schwierigen Wetterbedingungen entwickelt und eignet sich perfekt f\u00fcr Fitness-Trainer und aktive K\u00fcnstler.<\/span><\/li>\n<li class=\"a-spacing-mini\"><span class=\"a-list-item\">SICHERER SITZ &#8211; Das komfortable, sicher sitzende Drahtb\u00fcgel-Headset ist so konzipiert, dass es auch bei energiegeladenen Auftritten und anstrengenden Aktivit\u00e4ten an seinem Platz bleibt.<\/span><\/li>\n<li class=\"a-spacing-mini\"><span class=\"a-list-item\">HOCHWERTIGE KLANGQUALIT\u00c4T &#8211; Das omnidirektionale Tonabnahmemuster und der angepasste Frequenzgang sorgen f\u00fcr eine klare und nat\u00fcrliche Stimmwiedergabe, wodurch es sich ideal f\u00fcr Fitnesskurse und Gesangsauftritte eignet.<\/span><\/li>\n<li class=\"a-spacing-mini\"><span class=\"a-list-item\">SWEAT-RESISTANT &#8211; Das hydrophobe Netzgewebe sorgt daf\u00fcr, dass das Mikrofon auch bei intensivem Training trocken bleibt und vor Feuchtigkeit gesch\u00fctzt ist.<\/span><\/li>\n<li class=\"a-spacing-mini\"><span class=\"a-list-item\">LEICHT &amp; UNAUF\u00c4NDLICH &#8211; Das schlanke, flache Design des SM31FH sorgt f\u00fcr ein nahezu unsichtbares und leichtes Erscheinungsbild w\u00e4hrend der Benutzung, wodurch es sich perfekt f\u00fcr Auftritte und Pr\u00e4sentationen auf der B\u00fchne eignet.<\/span><\/li>\n<li class=\"a-spacing-mini\"><span class=\"a-list-item\">EINFACHE EINRICHTUNG &#8211; Das SM31FH ist ein drahtloses Mikrofonsystem mit einem sicheren Anschluss f\u00fcr die Verwendung mit drahtlosen Taschensystemen von Shure (separat erh\u00e4ltlich), was eine schnelle und einfache Einrichtung erm\u00f6glicht.<\/span><\/li>\n<li class=\"a-spacing-mini\"><span class=\"a-list-item\">EIN\/AUS-SCHALTER &#8211; Der Ein\/Aus-Schalter erleichtert die Steuerung des Mikrofons, schont die Batterie und bietet zus\u00e4tzlichen Komfort bei der Verwendung.<\/span><\/li>\n<\/ul>\n","protected":false},"featured_media":9211,"comment_status":"open","ping_status":"closed","template":"","meta":{"_et_pb_use_builder":"","_et_pb_old_content":"","_et_gb_content_width":""},"product_brand":[],"product_cat":[703,1578],"product_tag":[],"class_list":{"0":"post-9212","1":"product","2":"type-product","3":"status-publish","4":"has-post-thumbnail","6":"product_cat-uncategorized-de","7":"product_cat-headset","9":"first","10":"instock","11":"sale","12":"taxable","13":"shipping-taxable","14":"purchasable","15":"product-type-simple"},"exclude_global_add_ons":[],"addons":[],"jetpack-related-posts":[{"id":9080,"url":"https:\/\/anythingtechnicallc.com\/index.php\/de\/product\/gebrauchter-shure-blx1-wireless-bodypack-transmitter-mit-ein-aus-schalter-einstellbarem-gain-regler-tqg-anschluss-zur-verwendung-mit-blx-wireless-mikrofonsystemen-empfaenger-separat-erhaeltlich\/","url_meta":{"origin":9212,"position":0},"title":"Gebrauchter Shure BLX1 Wireless Bodypack Transmitter mit Ein\/Aus-Schalter, einstellbarem Gain-Regler, TQG-Anschluss &#8211; zur Verwendung mit BLX Wireless Mikrofonsystemen (Empf\u00e4nger separat erh\u00e4ltlich) | H10 Band","date":"March 19, 2026","format":false,"excerpt":"AUSWAHL DES DRAHTLOSEN FREQUENZBANDES - Bitte vergewissern Sie sich vor dem Kauf, dass das von Ihnen gew\u00e4hlte drahtlose Frequenzband in Ihrer Region funktioniert (Einzelheiten finden Sie auf der Shure Website > Suche nach Shure Wireless Frequency Finder). NUR KOMPONENTE: Damit dieser BLX1 Taschensender funktioniert, m\u00fcssen Sie ihn auf das Frequenzband\u2026","rel":"","context":"Similar post","img":{"alt_text":"","src":"https:\/\/i0.wp.com\/anythingtechnicallc.com\/wp-content\/uploads\/2024\/10\/51oOVm4giXL._AC_SL1500_.jpg?fit=643%2C1200&ssl=1&resize=350%2C200","width":350,"height":200},"classes":[]},{"id":9306,"url":"https:\/\/anythingtechnicallc.com\/index.php\/de\/product\/gebrauchter-shure-blx1-taschensender-zur-verwendung-mit-blx-drahtlos-systemen-572-596mhz-h11-band-blx1-h11\/","url_meta":{"origin":9212,"position":1},"title":"Gebrauchter Shure BLX1 Taschensender &#8211; zur Verwendung mit BLX Drahtlos-Systemen, 572-596mHz | H11 Band (BLX1=-H11)","date":"March 19, 2026","format":false,"excerpt":"DRAHTLOSE FREIHEIT, EINFACH GEMACHT. Das ideale drahtlose Mikrofonsystem der Einstiegsklasse f\u00fcr kleine Veranstaltungsorte. BLX Drahtlos-Systeme bieten professionelle Klangqualit\u00e4t mit einfacher Einrichtung und einer intuitiven Benutzeroberfl\u00e4che. W\u00e4hlen Sie aus einer Vielzahl von Senderformfaktoren (Handsender, Taschensender, Kopfb\u00fcgelmikrofone, Lavaliermikrofone, Instrumenten-Clip-on) und verwenden Sie sie mit Ein- und Zweikanal- sowie Rack-Empf\u00e4ngern.","rel":"","context":"Similar post","img":{"alt_text":"","src":"https:\/\/i0.wp.com\/anythingtechnicallc.com\/wp-content\/uploads\/2025\/07\/51pxQSSfy1L._AC_SL1500_.jpg?fit=354%2C1200&ssl=1&resize=350%2C200","width":350,"height":200},"classes":[]},{"id":9065,"url":"https:\/\/anythingtechnicallc.com\/index.php\/de\/product\/shure-sm7b-dynamisches-gesangsmikrofon\/","url_meta":{"origin":9212,"position":2},"title":"Shure SM7B Dynamisches Gesangsmikrofon","date":"March 18, 2026","format":false,"excerpt":"EIN MIKROFON F\u00dcR ALLES - Studioaufnahmen, Heimaufnahmen, Podcasting und Streaming. Das SM7B wird von den weltweit f\u00fchrenden S\u00e4ngern, Podcastern und Streamern gesch\u00e4tzt. STUDIO VOCAL RECORDING - Der dynamische Tonabnehmer des SM7B mit seinem glatten, flachen und weitreichenden Frequenzgang sorgt f\u00fcr eine au\u00dfergew\u00f6hnlich saubere und nat\u00fcrliche Wiedergabe von Musik und Sprache.\u2026","rel":"","context":"Similar post","img":{"alt_text":"","src":"https:\/\/i0.wp.com\/anythingtechnicallc.com\/wp-content\/uploads\/2024\/09\/71LYHO3wnL._AC_SL1356_.jpg?fit=1134%2C1200&ssl=1&resize=350%2C200","width":350,"height":200},"classes":[]},{"id":9300,"url":"https:\/\/anythingtechnicallc.com\/index.php\/de\/product\/shure-mv7x-mikrofon-nur-xlr-dynamisches-mikrofon-in-profiqualitaet-fuer-podcasting-und-gesangsaufnahmen-stimmisolierende-technologie-ganzmetallkonstruktion-mikrofonstaender-kompatibel-optimierte\/","url_meta":{"origin":9212,"position":3},"title":"Shure MV7X Mikrofon &#8211; Nur XLR Dynamisches Mikrofon in Profiqualit\u00e4t f\u00fcr Podcasting und Gesangsaufnahmen, stimmisolierende Technologie, Ganzmetallkonstruktion, Mikrofonst\u00e4nder-kompatibel, optimierte Frequenz &#8211; Schwarz","date":"March 19, 2026","format":false,"excerpt":"Das Shure MV7X ist ein professionelles dynamisches XLR-Mikrofon, das sich ideal f\u00fcr Nahbesprechungen eignet, bei denen es auf Sprachverst\u00e4ndlichkeit und einen ausgewogenen Klang ankommt. Die Voice Isolation Technology sorgt daf\u00fcr, dass das Mikrofon auf Ihre Stimme fokussiert ist und keine unerw\u00fcnschten Hintergrundger\u00e4usche aufnimmt, damit Sie auch in unvollkommenen R\u00e4umen perfekte\u2026","rel":"","context":"Similar post","img":{"alt_text":"","src":"https:\/\/i0.wp.com\/anythingtechnicallc.com\/wp-content\/uploads\/2025\/07\/712Xa1xLMIL._AC_SL1500_.jpg?fit=922%2C1200&ssl=1&resize=350%2C200","width":350,"height":200},"classes":[]},{"id":9831,"url":"https:\/\/anythingtechnicallc.com\/index.php\/de\/product\/apple-ipad-11-zoll-a16-chip-11-zoll-modell-liquid-retina-display-128gb-wi-fi-6-12mp-front-12mp-rueckkamera-touch-id-ganztaegige-batterielaufzeit-blau\/","url_meta":{"origin":9212,"position":4},"title":"Apple iPad 11-Zoll: A16 Chip, 11-Zoll Modell, Liquid Retina Display, 128GB, Wi-Fi 6, 12MP Front-\/12MP R\u00fcckkamera, Touch ID, Ganzt\u00e4gige Batterielaufzeit &#8211; Blau","date":"April 8, 2026","format":false,"excerpt":"WARUM IPAD - Das 11-Zoll-iPad ist jetzt leistungsf\u00e4higer denn je mit dem superschnellen A16-Chip, einem atemberaubenden Liquid Retina-Display, fortschrittlichen Kameras, schnellem Wi-Fi, USB-C-Anschluss und vier pr\u00e4chtigen Farben.* Das iPad bietet eine leistungsstarke M\u00f6glichkeit, zu kreieren, in Verbindung zu bleiben und Dinge zu erledigen. LEISTUNG UND SPEICHER - Der superschnelle A16\u2026","rel":"","context":"Similar post","img":{"alt_text":"","src":"https:\/\/i0.wp.com\/anythingtechnicallc.com\/wp-content\/uploads\/2026\/03\/61aPY8odPSL._AC_SL1500_.jpg?fit=1061%2C1200&ssl=1&resize=350%2C200","width":350,"height":200},"classes":[]},{"id":9056,"url":"https:\/\/anythingtechnicallc.com\/index.php\/de\/product\/shure-wh30-kondensator-kopfbuegelmikrofone-erneuert\/","url_meta":{"origin":9212,"position":5},"title":"Shure WH30 Kondensator-Kopfb\u00fcgelmikrofone erneuert","date":"March 18, 2026","format":false,"excerpt":"Das Shure Modell WH30 ist ein leichtes und dennoch robustes Headset-Mikrofon. Das WH30 wurde f\u00fcr S\u00e4nger und Instrumentalisten entwickelt und verf\u00fcgt \u00fcber eine hochwertige Elektret-Kondensator-Kapsel, die sich f\u00fcr alle Anwendungen eignet, bei denen Mobilit\u00e4t, Komfort, geringe Sichtbarkeit des Mikrofons und hohe Klangqualit\u00e4t erforderlich sind. Aufgrund seiner Nierencharakteristik (unidirektional) bietet das\u2026","rel":"","context":"Similar post","img":{"alt_text":"","src":"https:\/\/i0.wp.com\/anythingtechnicallc.com\/wp-content\/uploads\/2024\/09\/81s63XUminL._AC_SL1500_.jpg?fit=1200%2C710&ssl=1&resize=350%2C200","width":350,"height":200},"classes":[]}],"pll_sync_post":[],"lang":"de","translations":{"de":9212,"en":6297},"_links":{"self":[{"href":"https:\/\/anythingtechnicallc.com\/index.php\/wp-json\/wp\/v2\/product\/9212","targetHints":{"allow":["GET"]}}],"collection":[{"href":"https:\/\/anythingtechnicallc.com\/index.php\/wp-json\/wp\/v2\/product"}],"about":[{"href":"https:\/\/anythingtechnicallc.com\/index.php\/wp-json\/wp\/v2\/types\/product"}],"replies":[{"embeddable":true,"href":"https:\/\/anythingtechnicallc.com\/index.php\/wp-json\/wp\/v2\/comments?post=9212"}],"wp:featuredmedia":[{"embeddable":true,"href":"https:\/\/anythingtechnicallc.com\/index.php\/wp-json\/wp\/v2\/media\/9211"}],"wp:attachment":[{"href":"https:\/\/anythingtechnicallc.com\/index.php\/wp-json\/wp\/v2\/media?parent=9212"}],"wp:term":[{"taxonomy":"product_brand","embeddable":true,"href":"https:\/\/anythingtechnicallc.com\/index.php\/wp-json\/wp\/v2\/product_brand?post=9212"},{"taxonomy":"product_cat","embeddable":true,"href":"https:\/\/anythingtechnicallc.com\/index.php\/wp-json\/wp\/v2\/product_cat?post=9212"},{"taxonomy":"product_tag","embeddable":true,"href":"https:\/\/anythingtechnicallc.com\/index.php\/wp-json\/wp\/v2\/product_tag?post=9212"}],"curies":[{"name":"wp","href":"https:\/\/api.w.org\/{rel}","templated":true}]}}