{"id":9218,"date":"2026-03-19T06:07:18","date_gmt":"2026-03-19T06:07:18","guid":{"rendered":"https:\/\/anythingtechnicallc.com\/?post_type=product&#038;p=9218"},"modified":"2026-03-19T09:25:33","modified_gmt":"2026-03-19T09:25:33","slug":"used-shure-rmce-tw1-true-wireless-secure-fit-adapter-fuer-klangisolierende-kopfhoerer-schwarz-mit-ladeetui","status":"publish","type":"product","link":"https:\/\/anythingtechnicallc.com\/index.php\/de\/product\/used-shure-rmce-tw1-true-wireless-secure-fit-adapter-fuer-klangisolierende-kopfhoerer-schwarz-mit-ladeetui\/","title":{"rendered":"USED SHURE RMCE-TW1 True Wireless Secure Fit Adapter f\u00fcr klangisolierende Kopfh\u00f6rer Schwarz mit Ladeetui"},"content":{"rendered":"<div class=\"product attribute description\">\n<div class=\"value\">\n<p>Das Shure RMCE-TW1 True Wireless Secure Fit Adapter Set verwandelt jeden abnehmbaren Shure Sound Isolating\u2122 Kopfh\u00f6rer in einen echten kabellosen Kopfh\u00f6rer. Erleben Sie au\u00dfergew\u00f6hnlichen Komfort und einen sicheren Sitz mit einem immersiven, erstklassigen H\u00f6rerlebnis, wohin Sie auch gehen.<\/p>\n<p><strong>Shure RMCE-TW1 True Wireless Secure Fit Adapter<\/strong><\/p>\n<ul>\n<li>Der True Wireless Adapter verwandelt jeden abnehmbaren Shure Sound Isolating Earphones in einen kabellosen Kopfh\u00f6rer.<\/li>\n<li>Sicherer, ohrumschlie\u00dfender Sitz. Ihre Ohrh\u00f6rer bleiben an Ort und Stelle und bieten einen unvergleichlichen, lang anhaltenden Tragekomfort, selbst bei anstrengenden Aktivit\u00e4ten.<\/li>\n<li>Umgebungsmodus. H\u00f6ren Sie die Au\u00dfenwelt mit nur einem Knopfdruck.<\/li>\n<li>Bis zu 8 Stunden Akkulaufzeit. Ununterbrochener Klang, wo immer Sie sind &#8211; im Zug, im Fitnessstudio oder bei der Arbeit. Die mitgelieferte Tragetasche erm\u00f6glicht drei zus\u00e4tzliche Aufladungen f\u00fcr insgesamt bis zu 32 Stunden Akkulaufzeit unterwegs.<\/li>\n<li>Die drahtlose Bluetooth 5-Technologie sorgt f\u00fcr verbesserte Stabilit\u00e4t und eine Reichweite von bis zu 10 Metern (30 Fu\u00df). Koppelt sich mit Telefonen, Tablets und Laptops f\u00fcr Musik und Anrufe.<\/li>\n<li>Mit der ShurePlus PLAY App k\u00f6nnen Sie Ihren Umgebungsmodus anpassen und den Batteriestand \u00fcberwachen. Kostenlos zum Download f\u00fcr iOS und Android.<\/li>\n<li>Wird als Paar verkauft (links und rechts).<\/li>\n<li>Kompatibel mit allen abnehmbaren Shure Sound Isolating Earphones.<\/li>\n<\/ul>\n<\/div>\n<\/div>\n<div class=\"brand-info\">\n<div class=\"link\"><\/div>\n<\/div>\n","protected":false},"excerpt":{"rendered":"<div class=\"product attribute description\">\n<div class=\"value\">\n<p>Das Shure RMCE-TW1 True Wireless Secure Fit Adapter Set verwandelt jeden abnehmbaren Shure Sound Isolating\u2122 Kopfh\u00f6rer in einen echten kabellosen Kopfh\u00f6rer. Erleben Sie au\u00dfergew\u00f6hnlichen Komfort und einen sicheren Sitz mit einem immersiven, erstklassigen H\u00f6rerlebnis, wohin Sie auch gehen.<\/p>\n<p><strong>Shure RMCE-TW1 True Wireless Secure Fit Adapter<\/strong><\/p>\n<ul>\n<li>Der True Wireless Adapter verwandelt jeden abnehmbaren Shure Sound Isolating Earphones in einen kabellosen Kopfh\u00f6rer.<\/li>\n<li>Sicherer, ohrumschlie\u00dfender Sitz. Ihre Ohrh\u00f6rer bleiben an Ort und Stelle und bieten einen unvergleichlichen, lang anhaltenden Tragekomfort, selbst bei anstrengenden Aktivit\u00e4ten.<\/li>\n<li>Umgebungsmodus. H\u00f6ren Sie die Au\u00dfenwelt mit nur einem Knopfdruck.<\/li>\n<li>Bis zu 8 Stunden Akkulaufzeit. Ununterbrochener Klang, wo immer Sie sind &#8211; im Zug, im Fitnessstudio oder bei der Arbeit. Die mitgelieferte Tragetasche erm\u00f6glicht drei zus\u00e4tzliche Aufladungen f\u00fcr insgesamt bis zu 32 Stunden Akkulaufzeit unterwegs.<\/li>\n<li>Die drahtlose Bluetooth 5-Technologie sorgt f\u00fcr verbesserte Stabilit\u00e4t und eine Reichweite von bis zu 10 Metern (30 Fu\u00df). Koppelt sich mit Telefonen, Tablets und Laptops f\u00fcr Musik und Anrufe.<\/li>\n<li>Mit der ShurePlus PLAY App k\u00f6nnen Sie Ihren Umgebungsmodus anpassen und den Batteriestand \u00fcberwachen. Kostenlos zum Download f\u00fcr iOS und Android.<\/li>\n<li>Wird als Paar verkauft (links und rechts).<\/li>\n<li>Kompatibel mit allen abnehmbaren Shure Sound Isolating Earphones.<\/li>\n<\/ul>\n<\/div>\n<\/div>\n<div class=\"brand-info\">\n<div class=\"link\"><\/div>\n<\/div>\n","protected":false},"featured_media":9214,"comment_status":"open","ping_status":"closed","template":"","meta":{"_et_pb_use_builder":"","_et_pb_old_content":"","_et_gb_content_width":""},"product_brand":[],"product_cat":[703,1578],"product_tag":[],"class_list":{"0":"post-9218","1":"product","2":"type-product","3":"status-publish","4":"has-post-thumbnail","6":"product_cat-uncategorized-de","7":"product_cat-headset","9":"first","10":"instock","11":"sale","12":"taxable","13":"shipping-taxable","14":"purchasable","15":"product-type-simple"},"exclude_global_add_ons":[],"addons":[],"jetpack-related-posts":[{"id":9355,"url":"https:\/\/anythingtechnicallc.com\/index.php\/de\/product\/gebrauchte-shure-rmce-tw1-wireless-adapter-fuer-shure-sound-isolating-earphones-wireless-bluetooth-kompatibel-8-stunden-akkulaufzeit-komfortable-over-ear-passform-schwarz\/","url_meta":{"origin":9218,"position":0},"title":"Gebrauchte Shure Rmce-Tw1, Wireless Adapter f\u00fcr Shure Sound Isolating Earphones, Wireless Bluetooth kompatibel, 8 Stunden Akkulaufzeit, komfortable Over Ear Passform, Schwarz","date":"March 19, 2026","format":false,"excerpt":"Machen Sie Schluss mit Kabeln: Das Shure True Wireless Secure Fit Adapter Set verwandelt jeden abnehmbaren Shure Sound Isolating Ohrh\u00f6rer in einen echten kabellosen Kopfh\u00f6rer (Ohrh\u00f6rer sind separat erh\u00e4ltlich). SICHERER & KOMFORTABLER SITZ: Dieser Adapter f\u00fcr \u00dcber-Ohr-Kopfh\u00f6rer wurde mit dem gleichen Design entwickelt, das Musiker f\u00fcr In-Ear-Monitoring auf der B\u00fchne\u2026","rel":"","context":"Similar post","img":{"alt_text":"","src":"https:\/\/i0.wp.com\/anythingtechnicallc.com\/wp-content\/uploads\/2025\/08\/Shure-RMCE-TW1.jpg?fit=1200%2C900&ssl=1&resize=350%2C200","width":350,"height":200},"classes":[]},{"id":9359,"url":"https:\/\/anythingtechnicallc.com\/index.php\/de\/product\/shure-rmce-tw2-gen-2-true-wireless-secure-fit-adapter-links-rechts\/","url_meta":{"origin":9218,"position":1},"title":"Shure RMCE-TW2 Gen 2 True Wireless Secure Fit Adapter &#8211; Links \/ Rechts","date":"March 19, 2026","format":false,"excerpt":"Der True Wireless Adapter verwandelt jeden abnehmbaren Shure Sound Isolating Ohrh\u00f6rer in einen kabellosen Kopfh\u00f6rer (Ohrh\u00f6rer separat erh\u00e4ltlich). Sicherer, ohrumschlie\u00dfender Sitz. Ihre Ohrh\u00f6rer bleiben an Ort und Stelle und sorgen f\u00fcr einen unvergleichlichen, lang anhaltenden Tragekomfort, selbst bei anstrengenden Aktivit\u00e4ten. Umgebungsmodus. H\u00f6ren Sie die Au\u00dfenwelt mit nur einem Knopfdruck. Bis\u2026","rel":"","context":"Similar post","img":{"alt_text":"","src":"https:\/\/i0.wp.com\/anythingtechnicallc.com\/wp-content\/uploads\/2025\/08\/61QmtAN3qwL._AC_SL1200_.jpg?fit=1089%2C1200&ssl=1&resize=350%2C200","width":350,"height":200},"classes":[]},{"id":9352,"url":"https:\/\/anythingtechnicallc.com\/index.php\/de\/product\/shure-true-wireless-adapter-gen-2-fuer-klangisolierende-ohrhoerer-sichere-ueber-ohr-passform-bluetooth-5-wireless-technologie-lange-akkulaufzeit-mit-ladeetui-fingertip-steuerung-rmce-tw2\/","url_meta":{"origin":9218,"position":2},"title":"Shure True Wireless Adapter (Gen 2) f\u00fcr klangisolierende Ohrh\u00f6rer, sichere \u00dcber-Ohr-Passform, Bluetooth 5 Wireless-Technologie, lange Akkulaufzeit mit Ladeetui &#038; Fingertip-Steuerung (RMCE-TW2)","date":"March 19, 2026","format":false,"excerpt":"TRUE WIRELESS ADAPTER GEN 2 - Der True Wireless Adapter, Gen 2 verwandelt jeden abnehmbaren Shure Sound Isolating Ohrh\u00f6rer in ein echtes Drahtlosger\u00e4t (Ohrh\u00f6rer separat erh\u00e4ltlich). SCHWEISS- UND WASSERBEST\u00c4NDIG - Schwei\u00df- und wasserfest mit einer IPX4-Einstufung in Verbindung mit abnehmbaren Shure Ohrh\u00f6rern. Sie wurden strengen Qualit\u00e4ts- und Haltbarkeitstests unterzogen, um\u2026","rel":"","context":"Similar post","img":{"alt_text":"","src":"https:\/\/i0.wp.com\/anythingtechnicallc.com\/wp-content\/uploads\/2025\/08\/511IBeHiNdL._AC_SL1000_.jpg?fit=927%2C938&ssl=1&resize=350%2C200","width":350,"height":200},"classes":[]},{"id":9071,"url":"https:\/\/anythingtechnicallc.com\/index.php\/de\/product\/shure-ladeetui-fuer-rmce-tw2-true-wireless-secure-fit-adapter\/","url_meta":{"origin":9218,"position":3},"title":"Shure Ladeetui f\u00fcr RMCE-TW2 True Wireless Secure Fit Adapter","date":"March 18, 2026","format":false,"excerpt":"RMCE-TW2-CASE MMCX True Wireless Ersatz-Ladekoffer.","rel":"","context":"Similar post","img":{"alt_text":"","src":"https:\/\/i0.wp.com\/anythingtechnicallc.com\/wp-content\/uploads\/2024\/09\/71EfAjNoCKL._AC_SL1500_.jpg?fit=1200%2C1011&ssl=1&resize=350%2C200","width":350,"height":200},"classes":[]},{"id":9026,"url":"https:\/\/anythingtechnicallc.com\/index.php\/de\/product\/shure-rmce-uni-remote-mic-universal-kommunikationskabel-fuer-abnehmbare-se-ohrhoerer-35-mm-anschluss-50-zoll-lang-anrufe-sprachansagen-lautstaerke-wiedergabesteuerung-auf-apple-und-android-g\/","url_meta":{"origin":9218,"position":4},"title":"Shure RMCE-UNI Remote Mic Universal Kommunikationskabel f\u00fcr abnehmbare SE Ohrh\u00f6rer &#8211; 3,5 mm Anschluss, 50 Zoll lang &#8211; Anrufe, Sprachansagen, Lautst\u00e4rke-\/Wiedergabesteuerung auf Apple- und Android-Ger\u00e4ten","date":"March 18, 2026","format":false,"excerpt":"Nahtloser \u00dcbergang zwischen Apple- und Android-Ger\u00e4ten. Kompatibel mit allen abnehmbaren SE Sound Isolating Earphones. Das integrierte Mikrofon erm\u00f6glicht eine hervorragende Lautst\u00e4rke- und Wiedergabesteuerung. Dieselbe au\u00dfergew\u00f6hnliche Klangqualit\u00e4t, die Sie von Shure gewohnt sind.","rel":"","context":"Similar post","img":{"alt_text":"","src":"https:\/\/i0.wp.com\/anythingtechnicallc.com\/wp-content\/uploads\/2024\/09\/41VxWmtGlL._AC_SL1000_.jpg?fit=282%2C772&ssl=1&resize=350%2C200","width":350,"height":200},"classes":[]},{"id":8915,"url":"https:\/\/anythingtechnicallc.com\/index.php\/de\/product\/shure-rmce-bt1-bluetooth-faehiges-zubehoerkabel-mit-fernbedienung-mikrofon\/","url_meta":{"origin":9218,"position":5},"title":"Shure RMCE-BT1 Bluetooth-f\u00e4higes Zubeh\u00f6rkabel mit Fernbedienung + Mikrofon","date":"March 18, 2026","format":false,"excerpt":"MMCX-Anschl\u00fcsse f\u00fcr die meisten Shure Sound Isolating Ohrh\u00f6rer sorgen f\u00fcr stundenlangen H\u00f6rgenuss mit der Freiheit der kabellosen \u00dcbertragung und der Einfachheit von Bluetooth. Zu den kompatiblen Modellen geh\u00f6ren SE215, SE315, SE425, SE535 und SE846 (Ohrh\u00f6rer nicht im Lieferumfang enthalten). Bluetooth 4.1 l\u00e4sst sich mit den meisten Mobiltelefonen, Laptops und Tablets\u2026","rel":"","context":"Similar post","img":{"alt_text":"","src":"https:\/\/i0.wp.com\/anythingtechnicallc.com\/wp-content\/uploads\/2023\/03\/Shure-RMCE-BT1-Bluetooth-Enabled-Accessory-Cable-with-Remote-Mic-0.jpg?fit=387%2C500&ssl=1&resize=350%2C200","width":350,"height":200},"classes":[]}],"pll_sync_post":[],"lang":"de","translations":{"de":9218,"en":6299},"_links":{"self":[{"href":"https:\/\/anythingtechnicallc.com\/index.php\/wp-json\/wp\/v2\/product\/9218","targetHints":{"allow":["GET"]}}],"collection":[{"href":"https:\/\/anythingtechnicallc.com\/index.php\/wp-json\/wp\/v2\/product"}],"about":[{"href":"https:\/\/anythingtechnicallc.com\/index.php\/wp-json\/wp\/v2\/types\/product"}],"replies":[{"embeddable":true,"href":"https:\/\/anythingtechnicallc.com\/index.php\/wp-json\/wp\/v2\/comments?post=9218"}],"wp:featuredmedia":[{"embeddable":true,"href":"https:\/\/anythingtechnicallc.com\/index.php\/wp-json\/wp\/v2\/media\/9214"}],"wp:attachment":[{"href":"https:\/\/anythingtechnicallc.com\/index.php\/wp-json\/wp\/v2\/media?parent=9218"}],"wp:term":[{"taxonomy":"product_brand","embeddable":true,"href":"https:\/\/anythingtechnicallc.com\/index.php\/wp-json\/wp\/v2\/product_brand?post=9218"},{"taxonomy":"product_cat","embeddable":true,"href":"https:\/\/anythingtechnicallc.com\/index.php\/wp-json\/wp\/v2\/product_cat?post=9218"},{"taxonomy":"product_tag","embeddable":true,"href":"https:\/\/anythingtechnicallc.com\/index.php\/wp-json\/wp\/v2\/product_tag?post=9218"}],"curies":[{"name":"wp","href":"https:\/\/api.w.org\/{rel}","templated":true}]}}