{"id":9224,"date":"2026-03-19T06:10:17","date_gmt":"2026-03-19T06:10:17","guid":{"rendered":"https:\/\/anythingtechnicallc.com\/?post_type=product&#038;p=9224"},"modified":"2026-03-19T09:30:39","modified_gmt":"2026-03-19T09:30:39","slug":"erneuerter-ipod-shuffle-4-generation-2gb-flash-mp3-player","status":"publish","type":"product","link":"https:\/\/anythingtechnicallc.com\/index.php\/de\/product\/erneuerter-ipod-shuffle-4-generation-2gb-flash-mp3-player\/","title":{"rendered":"Erneuerter ipod shuffle 4. Generation 2GB Flash MP3 Player"},"content":{"rendered":"<p><b>Hauptmerkmale und Vorteile:<\/b><\/p>\n<ul>\n<li><b>Leicht zug\u00e4ngliche Bedienelemente<\/b><br \/>\nDie Bedienelemente des iPod shuffle befinden sich auf dem rechten Ohrh\u00f6rerkabel. Da die Kommandozentrale jetzt strategisch g\u00fcnstig platziert ist, k\u00f6nnen Sie Ihre Musik steuern &#8211; und die VoiceOver-Funktion aktivieren &#8211; ohne den Blick von Ihrem Lauf, Ihrer Fahrt oder was auch immer Sie gerade tun, abzuwenden.<\/li>\n<li><b>Modisches Tech-Zubeh\u00f6r<\/b><br \/>\nSogar der iPod shuffle Clip bekommt die Rockstar-Behandlung. Der Clip ist jetzt aus rostfreiem Stahl geschmiedet und l\u00e4sst sich sicher an Ihrem Hemd, Ihrer Jacke, Ihrer Trainingskleidung und sogar an Ihrem Rucksack befestigen. Und das elegante, robuste Geh\u00e4use aus eloxiertem Aluminium macht den iPod shuffle zu einem unverzichtbaren Bestandteil Ihrer Garderobe.<\/li>\n<li><b>Mehrere Wiedergabelisten<\/b><br \/>\nSie haben wahrscheinlich schon mehrere Wiedergabelisten in iTunes erstellt. Mit dem iPod shuffle k\u00f6nnen Sie Ihre Wiedergabelisten synchronisieren und immer die perfekte Mischung f\u00fcr Ihre Aktivit\u00e4t oder Stimmung finden. VoiceOver sagt Ihnen den Namen jeder Wiedergabeliste, so dass Sie ganz einfach zwischen den Wiedergabelisten wechseln und die gew\u00fcnschte Wiedergabeliste finden k\u00f6nnen, ohne zu suchen.<\/li>\n<li><b>Mehrsprachige Musik<\/b><br \/>\nIhre Musikbibliothek enth\u00e4lt Lieder aus der ganzen Welt. Deshalb spricht VoiceOver 14 verschiedene Sprachen. So kann es Ihnen Songtitel und Interpreten in den richtigen Sprachen nennen.<\/li>\n<li><b>Zufallswiedergabe, Gerade, Stopp<\/b><br \/>\nDer Schalter f\u00fcr die Zufallswiedergabe hat drei Positionen. Schieben Sie ihn nach links und Ihre Musik wird nach dem Motto &#8220;Was auch immer passiert, passiert&#8221; durcheinander gew\u00fcrfelt. Schieben Sie ihn in die Mitte und Ihre Songs werden der Reihe nach abgespielt. Oder kippen Sie ihn nach rechts, um ihn auszuschalten.<\/li>\n<\/ul>\n","protected":false},"excerpt":{"rendered":"<p><b>Hauptmerkmale und Vorteile:<\/b><\/p>\n<ul>\n<li><b>Leicht zug\u00e4ngliche Bedienelemente<\/b><br \/>\nDie Bedienelemente des iPod shuffle befinden sich auf dem rechten Ohrh\u00f6rerkabel. Da die Kommandozentrale jetzt strategisch g\u00fcnstig platziert ist, k\u00f6nnen Sie durch Ihre Musik navigieren &#8211; und die VoiceOver-Funktion aktivieren &#8211; ohne den Blick von Ihrem Lauf, Ihrer Fahrt oder was auch immer Sie gerade tun, abzuwenden.<\/li>\n<li><b>Modisches Tech-Zubeh\u00f6r<\/b><br \/>\nSogar der iPod shuffle Clip bekommt die Rockstar-Behandlung. Der Clip ist jetzt aus rostfreiem Stahl geschmiedet und l\u00e4sst sich sicher an Ihrem Hemd, Ihrer Jacke, Ihrer Trainingskleidung und sogar an Ihrem Rucksack befestigen. Und das elegante, robuste Geh\u00e4use aus eloxiertem Aluminium macht den iPod shuffle zu einem unverzichtbaren Bestandteil Ihrer Garderobe.<\/li>\n<li><b>Mehrere Wiedergabelisten<\/b><br \/>\nWahrscheinlich haben Sie schon mehrere Wiedergabelisten in iTunes erstellt. Mit dem iPod shuffle k\u00f6nnen Sie Ihre Wiedergabelisten synchronisieren und immer die perfekte Mischung f\u00fcr Ihre Aktivit\u00e4t oder Stimmung finden. VoiceOver sagt Ihnen den Namen jeder Wiedergabeliste, so dass Sie ganz einfach zwischen den Wiedergabelisten wechseln und die gew\u00fcnschte Wiedergabeliste finden k\u00f6nnen, ohne zu suchen.<\/li>\n<li><b>Mehrsprachige Musik<\/b><br \/>\nIhre Musikbibliothek enth\u00e4lt Lieder aus der ganzen Welt. Deshalb spricht VoiceOver 14 verschiedene Sprachen. So kann es Ihnen Songtitel und Interpreten in den richtigen Sprachen nennen.<\/li>\n<li><b>Zufallswiedergabe, Gerade, Stopp<\/b><br \/>\nDer Schalter f\u00fcr die Zufallswiedergabe hat drei Positionen. Schieben Sie ihn nach links und Ihre Musik wird nach dem Motto &#8220;Was auch immer passiert, passiert&#8221; durcheinander gew\u00fcrfelt. Schieben Sie ihn in die Mitte und Ihre Songs werden der Reihe nach abgespielt. Oder kippen Sie ihn nach rechts, um ihn auszuschalten.<\/li>\n<\/ul>\n","protected":false},"featured_media":9223,"comment_status":"open","ping_status":"closed","template":"","meta":{"_et_pb_use_builder":"","_et_pb_old_content":"","_et_gb_content_width":""},"product_brand":[],"product_cat":[1372,703],"product_tag":[],"class_list":{"0":"post-9224","1":"product","2":"type-product","3":"status-publish","4":"has-post-thumbnail","6":"product_cat-elektronik","7":"product_cat-uncategorized-de","9":"first","10":"instock","11":"sale","12":"taxable","13":"shipping-taxable","14":"purchasable","15":"product-type-simple"},"exclude_global_add_ons":[],"addons":[],"jetpack-related-posts":[{"id":9608,"url":"https:\/\/anythingtechnicallc.com\/index.php\/de\/product\/erneut-bose-quietcomfort-20-akustische-geraeuschunterdrueckung-kopfhoerer-apple-geraete-schwarz\/","url_meta":{"origin":9224,"position":0},"title":"Erneut Bose QuietComfort 20 Akustische Ger\u00e4uschunterdr\u00fcckung Kopfh\u00f6rer, Apple Ger\u00e4te (Schwarz)","date":"March 24, 2026","format":false,"excerpt":"Blenden Sie die Welt aus und verlieren Sie sich in Ihrer Musik oder h\u00f6ren Sie, was um Sie herum passiert. Sie haben die Wahl mit den ersten In-Ear-Kopfh\u00f6rern mit Ger\u00e4uschunterdr\u00fcckung von Bose. Die Quiet Comfort 20 Acoustic Noise Cancelling Headphones wurden entwickelt, damit Sie jeden Tag und \u00fcberall einen besseren\u2026","rel":"","context":"Similar post","img":{"alt_text":"","src":"https:\/\/i0.wp.com\/anythingtechnicallc.com\/wp-content\/uploads\/2025\/10\/71ZEg1bQ2sL._AC_SL1472_.jpg?fit=1200%2C701&ssl=1&resize=350%2C200","width":350,"height":200},"classes":[]},{"id":9330,"url":"https:\/\/anythingtechnicallc.com\/index.php\/de\/product\/erneuerter-apple-ipod-nano-6-generation-8gb-silber\/","url_meta":{"origin":9224,"position":1},"title":"Erneuerter APPLE iPod Nano 6. Generation 8gb Silber","date":"March 19, 2026","format":false,"excerpt":"Der Apple iPod Nano 6th Generation 8GB ist ein tragbarer USB-MP3-Player von Apple. Er ist ein kompaktes und schlankes Ger\u00e4t, das MP3-Dateien speichern und abspielen kann. Mit seiner USB 2.0-Konnektivit\u00e4t erm\u00f6glicht er eine einfache \u00dcbertragung von Musik von Ihrem Computer. Dieses Modell der 6. Generation ist Teil der iPod Nano\u2026","rel":"","context":"Similar post","img":{"alt_text":"","src":"https:\/\/i0.wp.com\/anythingtechnicallc.com\/wp-content\/uploads\/2025\/07\/41Ajrr9oJcL._AC_.jpg?fit=727%2C437&ssl=1&resize=350%2C200","width":350,"height":200},"classes":[]},{"id":9343,"url":"https:\/\/anythingtechnicallc.com\/index.php\/de\/product\/apple-watch-series-5-gps-44mm-spacegraues-aluminiumgehaeuse-mit-schwarzem-sportband-erneuert\/","url_meta":{"origin":9224,"position":2},"title":"Apple Watch Series 5 (GPS, 44MM) &#8211; Spacegraues Aluminiumgeh\u00e4use mit schwarzem Sportband (Erneuert)","date":"March 19, 2026","format":false,"excerpt":"LASSEN SIE IHR TELEFON IN IHRER TASCHE: Mit dem Apple Watch Series 5 GPS-Modell k\u00f6nnen Sie von Ihrem Handgelenk aus telefonieren, simsen und Wegbeschreibungen abrufen, w\u00e4hrend Sie Ihr Telefon in der Tasche lassen. Sie bietet mehrere Konnektivit\u00e4tsoptionen, darunter: Bluetooth, Wi-Fi und NFC, um alle Ihre m\u00f6glichen Bed\u00fcrfnisse zu erf\u00fcllen. ALWAYS-ON\u2026","rel":"","context":"Similar post","img":{"alt_text":"","src":"https:\/\/i0.wp.com\/anythingtechnicallc.com\/wp-content\/uploads\/2025\/07\/713-HQZrUCL._AC_SL1500_.jpg?fit=1021%2C1200&ssl=1&resize=350%2C200","width":350,"height":200},"classes":[]},{"id":9074,"url":"https:\/\/anythingtechnicallc.com\/index.php\/de\/product\/bose-quiet-control-30-kabellose-kopfhoerer-mit-geraeuschunterdrueckung-schwarz-erneuert\/","url_meta":{"origin":9224,"position":3},"title":"Bose Quiet-control 30 Kabellose Kopfh\u00f6rer mit Ger\u00e4uschunterdr\u00fcckung &#8211; Schwarz (Erneuert)","date":"March 18, 2026","format":false,"excerpt":"Entscheiden Sie, wie viel von der Welt Sie hereinlassen wollen Sie k\u00f6nnen nicht kontrollieren, wie laut Ihre Umgebung ist. Aber Sie k\u00f6nnen kontrollieren, wie viel Sie davon h\u00f6ren. Mit den QuietControl 30 Ohrh\u00f6rern k\u00f6nnen Sie den Grad der Ger\u00e4uschunterdr\u00fcckung selbst bestimmen und erhalten bei jeder Lautst\u00e4rke eine ausgewogene Audioleistung. Der\u2026","rel":"","context":"Similar post","img":{"alt_text":"","src":"https:\/\/i0.wp.com\/anythingtechnicallc.com\/wp-content\/uploads\/2024\/10\/61o3xZihqcL._AC_SL1500_.jpg?fit=976%2C1200&ssl=1&resize=350%2C200","width":350,"height":200},"classes":[]},{"id":9334,"url":"https:\/\/anythingtechnicallc.com\/index.php\/de\/product\/apple-ipod-nano-16gb-space-grau-7-generation-erneuert-2\/","url_meta":{"origin":9224,"position":4},"title":"Apple iPod nano 16GB Space Grau (7. Generation) (Erneuert)","date":"March 19, 2026","format":false,"excerpt":"Apple beschreibt ihn als den \"d\u00fcnnsten iPod aller Zeiten\". Er ist 38% d\u00fcnner (5,4 mm) als der Nano, den er ersetzt (8,78 mm), und bietet die M\u00f6glichkeit, kabellose Bluetooth 4.0 Headsets, Lautsprecher und andere Ger\u00e4te (wie z.B. Herzfrequenzmesser) zu verwenden. Es enth\u00e4lt weiterhin die Nike+iPod Fitness-Option sowie einen FM-Radio-Tuner, der\u2026","rel":"","context":"Similar post","img":{"alt_text":"","src":"https:\/\/i0.wp.com\/anythingtechnicallc.com\/wp-content\/uploads\/2025\/07\/619LaTAYEPL._AC_SL1500_.jpg?fit=397%2C1200&ssl=1&resize=350%2C200","width":350,"height":200},"classes":[]},{"id":9221,"url":"https:\/\/anythingtechnicallc.com\/index.php\/de\/product\/apple-ipod-nano-16gb-space-grau-7-generation-erneuert\/","url_meta":{"origin":9224,"position":5},"title":"Apple iPod nano 16GB Space Grau (7. Generation) (Erneuert)","date":"March 19, 2026","format":false,"excerpt":"Apple beschreibt ihn als den \"d\u00fcnnsten iPod aller Zeiten\". Er ist 38% d\u00fcnner (5,4 mm) als der Nano, den er ersetzt (8,78 mm), und bietet die M\u00f6glichkeit, kabellose Bluetooth 4.0 Headsets, Lautsprecher und andere Ger\u00e4te (wie z.B. Herzfrequenzmesser) zu verwenden. Es enth\u00e4lt weiterhin die Nike+iPod Fitness-Option sowie einen FM-Radio-Tuner, der\u2026","rel":"","context":"Similar post","img":{"alt_text":"","src":"https:\/\/i0.wp.com\/anythingtechnicallc.com\/wp-content\/uploads\/2025\/03\/Apple-iPod-nano-16GB-Space-Gray-7th-Generation-Renewed.jpg?fit=1019%2C1200&ssl=1&resize=350%2C200","width":350,"height":200},"classes":[]}],"pll_sync_post":[],"lang":"de","translations":{"de":9224,"en":6383},"_links":{"self":[{"href":"https:\/\/anythingtechnicallc.com\/index.php\/wp-json\/wp\/v2\/product\/9224","targetHints":{"allow":["GET"]}}],"collection":[{"href":"https:\/\/anythingtechnicallc.com\/index.php\/wp-json\/wp\/v2\/product"}],"about":[{"href":"https:\/\/anythingtechnicallc.com\/index.php\/wp-json\/wp\/v2\/types\/product"}],"replies":[{"embeddable":true,"href":"https:\/\/anythingtechnicallc.com\/index.php\/wp-json\/wp\/v2\/comments?post=9224"}],"wp:featuredmedia":[{"embeddable":true,"href":"https:\/\/anythingtechnicallc.com\/index.php\/wp-json\/wp\/v2\/media\/9223"}],"wp:attachment":[{"href":"https:\/\/anythingtechnicallc.com\/index.php\/wp-json\/wp\/v2\/media?parent=9224"}],"wp:term":[{"taxonomy":"product_brand","embeddable":true,"href":"https:\/\/anythingtechnicallc.com\/index.php\/wp-json\/wp\/v2\/product_brand?post=9224"},{"taxonomy":"product_cat","embeddable":true,"href":"https:\/\/anythingtechnicallc.com\/index.php\/wp-json\/wp\/v2\/product_cat?post=9224"},{"taxonomy":"product_tag","embeddable":true,"href":"https:\/\/anythingtechnicallc.com\/index.php\/wp-json\/wp\/v2\/product_tag?post=9224"}],"curies":[{"name":"wp","href":"https:\/\/api.w.org\/{rel}","templated":true}]}}