{"id":9227,"date":"2026-03-19T06:11:27","date_gmt":"2026-03-19T06:11:27","guid":{"rendered":"https:\/\/anythingtechnicallc.com\/?post_type=product&#038;p=9227"},"modified":"2026-03-19T09:30:39","modified_gmt":"2026-03-19T09:30:39","slug":"ipod-nano-3-generation-8gb-silber-erneuert","status":"publish","type":"product","link":"https:\/\/anythingtechnicallc.com\/index.php\/de\/product\/ipod-nano-3-generation-8gb-silber-erneuert\/","title":{"rendered":"iPod Nano 3. Generation (8GB, Silber) (Erneuert)"},"content":{"rendered":"<div class=\"LT6XE\">\n<div class=\"f5cPye\" data-rl=\"en\" data-lht=\"334\">\n<div>\n<div class=\"WaaZC\">\n<div class=\"RJPOee EIJn2\">\n<div class=\"rPeykc\" data-hveid=\"CAQQAQ\" data-ved=\"2ahUKEwij2v37w_CLAxVsVTABHTgsD-0Qo_EKegQIBBAB\"><span data-huuid=\"13068352258657553900\">Der Apple iPod Nano 3rd Generation ist ein kleiner MP3-Player mit einem 2-Zoll-Bildschirm, der auch Videos abspielen kann. <\/span><span data-huuid=\"13068352258657552609\">Er wurde im September 2007 auf den Markt gebracht. <\/span><\/div>\n<\/div>\n<\/div>\n<div class=\"WaaZC\">\n<div class=\"RJPOee EIJn2\">\n<div class=\"voCpDc\" role=\"heading\" aria-level=\"3\" data-hveid=\"CAIQAQ\" data-ved=\"2ahUKEwij2v37w_CLAxVsVTABHTgsD-0QnfYKegQIAhAB\">Vorteile<\/div>\n<ul class=\"L3gGpe\" data-hveid=\"CAIQBQ\" data-ved=\"2ahUKEwij2v37w_CLAxVsVTABHTgsD-0Qm_YKegQIAhAF\">\n<li class=\"pWtQDd\"><span data-huuid=\"13068352258657551541\">Scharfe, helle Videowiedergabe<\/span><\/li>\n<li class=\"pWtQDd\"><span data-huuid=\"13068352258657553055\">\u00dcberdurchschnittlich lange Batterielaufzeit<\/span><\/li>\n<li class=\"pWtQDd\"><span data-huuid=\"13068352258657550473\">Sieht scharf aus<\/span><\/li>\n<li class=\"pWtQDd\"><span data-huuid=\"13068352258657551987\">Deutlichere Men\u00fctexte und Nachrichten<\/span><\/li>\n<\/ul>\n<\/div>\n<\/div>\n<div class=\"WaaZC\">\n<div class=\"RJPOee EIJn2\">\n<div class=\"MDAwFb\" role=\"heading\" aria-level=\"3\" data-hveid=\"CAwQAQ\" data-ved=\"2ahUKEwij2v37w_CLAxVsVTABHTgsD-0QnfYKegQIDBAB\">Nachteile<\/div>\n<ul class=\"L3gGpe\" data-hveid=\"CAwQBQ\" data-ved=\"2ahUKEwij2v37w_CLAxVsVTABHTgsD-0Qm_YKegQIDBAF\">\n<li class=\"pWtQDd\"><span data-huuid=\"13068352258657552210\">Nur 5 Stunden Videowiedergabe<\/span><\/li>\n<\/ul>\n<\/div>\n<\/div>\n<div id=\"_-__GZ-PwLuyqwbkPuNi86A4_21\"><\/div>\n<\/div>\n<div id=\"_-__GZ-PwLuyqwbkPuNi86A4_9\"><\/div>\n<\/div>\n<\/div>\n<div class=\"kLMmLc\">\n<div>\n<div class=\"Clk5Ib\">\n<div class=\"IGvtd\">\n<div class=\"TRXNOc\">\n<div class=\"BOThhc\">\n<div class=\"ifiyWc\">\n<div id=\"folsrch-sources-1\">\n<div>\n<div class=\"fx92l\" data-hveid=\"CA4QAA\" data-ved=\"2ahUKEwij2v37w_CLAxVsVTABHTgsD-0Q99ANegQIDhAA\"><\/div>\n<\/div>\n<\/div>\n<\/div>\n<\/div>\n<\/div>\n<\/div>\n<\/div>\n<\/div>\n<\/div>\n","protected":false},"excerpt":{"rendered":"<div class=\"WaaZC\">\n<div class=\"RJPOee EIJn2\">\n<div class=\"rPeykc\" data-hveid=\"CAQQAQ\" data-ved=\"2ahUKEwij2v37w_CLAxVsVTABHTgsD-0Qo_EKegQIBBAB\"><span data-huuid=\"13068352258657553900\">Der Apple iPod Nano 3rd Generation ist ein kleiner MP3-Player mit einem 2-Zoll-Bildschirm, der auch Videos abspielen kann. <\/span><span data-huuid=\"13068352258657552609\">Er wurde im September 2007 auf den Markt gebracht. <\/span><\/div>\n<\/div>\n<\/div>\n<div class=\"WaaZC\">\n<div class=\"RJPOee EIJn2\">\n<div class=\"voCpDc\" role=\"heading\" aria-level=\"3\" data-hveid=\"CAIQAQ\" data-ved=\"2ahUKEwij2v37w_CLAxVsVTABHTgsD-0QnfYKegQIAhAB\">Vorteile<\/div>\n<ul class=\"L3gGpe\" data-hveid=\"CAIQBQ\" data-ved=\"2ahUKEwij2v37w_CLAxVsVTABHTgsD-0Qm_YKegQIAhAF\">\n<li class=\"pWtQDd\"><span data-huuid=\"13068352258657551541\">Scharfe, helle Videowiedergabe<\/span><\/li>\n<li class=\"pWtQDd\"><span data-huuid=\"13068352258657553055\">\u00dcberdurchschnittlich lange Batterielaufzeit<\/span><\/li>\n<li class=\"pWtQDd\"><span data-huuid=\"13068352258657550473\">Sieht scharf aus<\/span><\/li>\n<li class=\"pWtQDd\"><span data-huuid=\"13068352258657551987\">Deutlichere Men\u00fctexte und Nachrichten<\/span><\/li>\n<\/ul>\n<\/div>\n<\/div>\n<div class=\"WaaZC\">\n<div class=\"RJPOee EIJn2\">\n<div class=\"MDAwFb\" role=\"heading\" aria-level=\"3\" data-hveid=\"CAwQAQ\" data-ved=\"2ahUKEwij2v37w_CLAxVsVTABHTgsD-0QnfYKegQIDBAB\">Nachteile<\/div>\n<ul class=\"L3gGpe\" data-hveid=\"CAwQBQ\" data-ved=\"2ahUKEwij2v37w_CLAxVsVTABHTgsD-0Qm_YKegQIDBAF\">\n<li class=\"pWtQDd\"><span data-huuid=\"13068352258657552210\">Nur 5 Stunden Videowiedergabe<\/span><\/li>\n<\/ul>\n<\/div>\n<\/div>\n","protected":false},"featured_media":9226,"comment_status":"open","ping_status":"closed","template":"","meta":{"_et_pb_use_builder":"","_et_pb_old_content":"","_et_gb_content_width":""},"product_brand":[],"product_cat":[1372,703],"product_tag":[],"class_list":{"0":"post-9227","1":"product","2":"type-product","3":"status-publish","4":"has-post-thumbnail","6":"product_cat-elektronik","7":"product_cat-uncategorized-de","9":"first","10":"instock","11":"sale","12":"taxable","13":"shipping-taxable","14":"purchasable","15":"product-type-simple"},"exclude_global_add_ons":[],"addons":[],"jetpack-related-posts":[{"id":9330,"url":"https:\/\/anythingtechnicallc.com\/index.php\/de\/product\/erneuerter-apple-ipod-nano-6-generation-8gb-silber\/","url_meta":{"origin":9227,"position":0},"title":"Erneuerter APPLE iPod Nano 6. Generation 8gb Silber","date":"March 19, 2026","format":false,"excerpt":"Der Apple iPod Nano 6th Generation 8GB ist ein tragbarer USB-MP3-Player von Apple. Er ist ein kompaktes und schlankes Ger\u00e4t, das MP3-Dateien speichern und abspielen kann. Mit seiner USB 2.0-Konnektivit\u00e4t erm\u00f6glicht er eine einfache \u00dcbertragung von Musik von Ihrem Computer. Dieses Modell der 6. Generation ist Teil der iPod Nano\u2026","rel":"","context":"Similar post","img":{"alt_text":"","src":"https:\/\/i0.wp.com\/anythingtechnicallc.com\/wp-content\/uploads\/2025\/07\/41Ajrr9oJcL._AC_.jpg?fit=727%2C437&ssl=1&resize=350%2C200","width":350,"height":200},"classes":[]},{"id":9230,"url":"https:\/\/anythingtechnicallc.com\/index.php\/de\/product\/apple-ipod-nano-4-generation-8gb-erneuert\/","url_meta":{"origin":9227,"position":1},"title":"Apple iPod Nano 4. Generation 8GB (Erneuert)","date":"March 19, 2026","format":false,"excerpt":"Der Apple iPod Nano 4. Generation ist ein Musikplayer mit einem Flash-Laufwerk, das Songs, Fotos und Videos speichern kann. Er wurde im Jahr 2008 ver\u00f6ffentlicht. Vorteile Leicht und d\u00fcnn Gute Klangqualit\u00e4t Einfach zu bedienen Attraktives Design Hochwertiges Display Nachteile Manche sagen, es sei schwer, es bequem zu halten","rel":"","context":"Similar post","img":{"alt_text":"","src":"https:\/\/i0.wp.com\/anythingtechnicallc.com\/wp-content\/uploads\/2025\/03\/Apple-iPod-Nano-4th-Generation.jpg?fit=1040%2C1200&ssl=1&resize=350%2C200","width":350,"height":200},"classes":[]},{"id":9334,"url":"https:\/\/anythingtechnicallc.com\/index.php\/de\/product\/apple-ipod-nano-16gb-space-grau-7-generation-erneuert-2\/","url_meta":{"origin":9227,"position":2},"title":"Apple iPod nano 16GB Space Grau (7. Generation) (Erneuert)","date":"March 19, 2026","format":false,"excerpt":"Apple beschreibt ihn als den \"d\u00fcnnsten iPod aller Zeiten\". Er ist 38% d\u00fcnner (5,4 mm) als der Nano, den er ersetzt (8,78 mm), und bietet die M\u00f6glichkeit, kabellose Bluetooth 4.0 Headsets, Lautsprecher und andere Ger\u00e4te (wie z.B. Herzfrequenzmesser) zu verwenden. Es enth\u00e4lt weiterhin die Nike+iPod Fitness-Option sowie einen FM-Radio-Tuner, der\u2026","rel":"","context":"Similar post","img":{"alt_text":"","src":"https:\/\/i0.wp.com\/anythingtechnicallc.com\/wp-content\/uploads\/2025\/07\/619LaTAYEPL._AC_SL1500_.jpg?fit=397%2C1200&ssl=1&resize=350%2C200","width":350,"height":200},"classes":[]},{"id":9221,"url":"https:\/\/anythingtechnicallc.com\/index.php\/de\/product\/apple-ipod-nano-16gb-space-grau-7-generation-erneuert\/","url_meta":{"origin":9227,"position":3},"title":"Apple iPod nano 16GB Space Grau (7. Generation) (Erneuert)","date":"March 19, 2026","format":false,"excerpt":"Apple beschreibt ihn als den \"d\u00fcnnsten iPod aller Zeiten\". Er ist 38% d\u00fcnner (5,4 mm) als der Nano, den er ersetzt (8,78 mm), und bietet die M\u00f6glichkeit, kabellose Bluetooth 4.0 Headsets, Lautsprecher und andere Ger\u00e4te (wie z.B. Herzfrequenzmesser) zu verwenden. Es enth\u00e4lt weiterhin die Nike+iPod Fitness-Option sowie einen FM-Radio-Tuner, der\u2026","rel":"","context":"Similar post","img":{"alt_text":"","src":"https:\/\/i0.wp.com\/anythingtechnicallc.com\/wp-content\/uploads\/2025\/03\/Apple-iPod-nano-16GB-Space-Gray-7th-Generation-Renewed.jpg?fit=1019%2C1200&ssl=1&resize=350%2C200","width":350,"height":200},"classes":[]},{"id":9224,"url":"https:\/\/anythingtechnicallc.com\/index.php\/de\/product\/erneuerter-ipod-shuffle-4-generation-2gb-flash-mp3-player\/","url_meta":{"origin":9227,"position":4},"title":"Erneuerter ipod shuffle 4. Generation 2GB Flash MP3 Player","date":"March 19, 2026","format":false,"excerpt":"Hauptmerkmale und Vorteile: Leicht zug\u00e4ngliche Bedienelemente Die Bedienelemente des iPod shuffle befinden sich auf dem rechten Ohrh\u00f6rerkabel. Da die Kommandozentrale jetzt strategisch g\u00fcnstig platziert ist, k\u00f6nnen Sie durch Ihre Musik navigieren - und die VoiceOver-Funktion aktivieren - ohne den Blick von Ihrem Lauf, Ihrer Fahrt oder was auch immer Sie\u2026","rel":"","context":"Similar post","img":{"alt_text":"","src":"https:\/\/i0.wp.com\/anythingtechnicallc.com\/wp-content\/uploads\/2025\/03\/ipod-shuffle-4th-generation.jpg?fit=1200%2C716&ssl=1&resize=350%2C200","width":350,"height":200},"classes":[]},{"id":9155,"url":"https:\/\/anythingtechnicallc.com\/index.php\/de\/product\/microsoft-surface-pro-7-123-zoll-touchscreen-intel-i5-1035g4-8gb-ram-256gb-ssd-erneuert\/","url_meta":{"origin":9227,"position":5},"title":"Microsoft Surface Pro 7 12,3 Zoll Touchscreen Intel i5-1035G4 8GB RAM 256GB SSD (Erneuert)","date":"March 19, 2026","format":false,"excerpt":"Intel Core i5-1035G4 Prozessor der 10. Generation: Intelligente Vierkern- und Achtfach-Verarbeitungsleistung. Die Intel Turbo Boost Technologie liefert dynamische Extra-Power, wenn Sie sie brauchen, und erh\u00f6ht die Energieeffizienz, wenn Sie sie nicht brauchen. 12,3\" Bildschirm mit einer Aufl\u00f6sung von 2736 x 1824: Klare, helle Aufl\u00f6sung zum Ansehen von Filmen, Surfen im\u2026","rel":"","context":"Similar post","img":{"alt_text":"","src":"https:\/\/i0.wp.com\/anythingtechnicallc.com\/wp-content\/uploads\/2025\/02\/51d7wx7kBL._AC_SL1500_.jpg?fit=1200%2C486&ssl=1&resize=350%2C200","width":350,"height":200},"classes":[]}],"pll_sync_post":[],"lang":"de","translations":{"de":9227,"en":6385},"_links":{"self":[{"href":"https:\/\/anythingtechnicallc.com\/index.php\/wp-json\/wp\/v2\/product\/9227","targetHints":{"allow":["GET"]}}],"collection":[{"href":"https:\/\/anythingtechnicallc.com\/index.php\/wp-json\/wp\/v2\/product"}],"about":[{"href":"https:\/\/anythingtechnicallc.com\/index.php\/wp-json\/wp\/v2\/types\/product"}],"replies":[{"embeddable":true,"href":"https:\/\/anythingtechnicallc.com\/index.php\/wp-json\/wp\/v2\/comments?post=9227"}],"wp:featuredmedia":[{"embeddable":true,"href":"https:\/\/anythingtechnicallc.com\/index.php\/wp-json\/wp\/v2\/media\/9226"}],"wp:attachment":[{"href":"https:\/\/anythingtechnicallc.com\/index.php\/wp-json\/wp\/v2\/media?parent=9227"}],"wp:term":[{"taxonomy":"product_brand","embeddable":true,"href":"https:\/\/anythingtechnicallc.com\/index.php\/wp-json\/wp\/v2\/product_brand?post=9227"},{"taxonomy":"product_cat","embeddable":true,"href":"https:\/\/anythingtechnicallc.com\/index.php\/wp-json\/wp\/v2\/product_cat?post=9227"},{"taxonomy":"product_tag","embeddable":true,"href":"https:\/\/anythingtechnicallc.com\/index.php\/wp-json\/wp\/v2\/product_tag?post=9227"}],"curies":[{"name":"wp","href":"https:\/\/api.w.org\/{rel}","templated":true}]}}