{"id":9230,"date":"2026-03-19T06:12:09","date_gmt":"2026-03-19T06:12:09","guid":{"rendered":"https:\/\/anythingtechnicallc.com\/?post_type=product&#038;p=9230"},"modified":"2026-03-19T09:30:39","modified_gmt":"2026-03-19T09:30:39","slug":"apple-ipod-nano-4-generation-8gb-erneuert","status":"publish","type":"product","link":"https:\/\/anythingtechnicallc.com\/index.php\/de\/product\/apple-ipod-nano-4-generation-8gb-erneuert\/","title":{"rendered":"Apple iPod Nano 4. Generation 8GB (Erneuert)"},"content":{"rendered":"<div class=\"WaaZC\">\n<div class=\"RJPOee EIJn2\">\n<div class=\"rPeykc\" data-hveid=\"CAQQAQ\" data-ved=\"2ahUKEwi19s_JxfCLAxUar4QIHbYJK3sQo_EKegQIBBAB\"><span data-huuid=\"15662900799049887253\">Der Apple iPod Nano 4. Generation ist ein Musikplayer mit einem Flash-Laufwerk, das Songs, Fotos und Videos speichern kann. <\/span><span data-huuid=\"15662900799049886128\">Er wurde im Jahr 2008 ver\u00f6ffentlicht. <\/span><\/div>\n<\/div>\n<\/div>\n<div class=\"WaaZC\">\n<div class=\"RJPOee EIJn2\">\n<div class=\"voCpDc\" role=\"heading\" aria-level=\"3\" data-hveid=\"CAIQAQ\" data-ved=\"2ahUKEwi19s_JxfCLAxUar4QIHbYJK3sQnfYKegQIAhAB\">Vorteile<\/div>\n<ul class=\"L3gGpe\" data-hveid=\"CAIQBQ\" data-ved=\"2ahUKEwi19s_JxfCLAxUar4QIHbYJK3sQm_YKegQIAhAF\">\n<li class=\"pWtQDd\"><span data-huuid=\"15662900799049885724\">Leicht und d\u00fcnn<\/span><\/li>\n<li class=\"pWtQDd\"><span data-huuid=\"15662900799049887570\">Gute Klangqualit\u00e4t<\/span><\/li>\n<li class=\"pWtQDd\"><span data-huuid=\"15662900799049885320\">Einfach zu bedienen<\/span><\/li>\n<li class=\"pWtQDd\"><span data-huuid=\"15662900799049887166\">Attraktives Design<\/span><\/li>\n<li class=\"pWtQDd\"><span data-huuid=\"15662900799049884916\">Hochwertiges Display<\/span><\/li>\n<\/ul>\n<\/div>\n<\/div>\n<div class=\"WaaZC\">\n<div class=\"RJPOee EIJn2\">\n<div class=\"MDAwFb\" role=\"heading\" aria-level=\"3\" data-hveid=\"CA0QAQ\" data-ved=\"2ahUKEwi19s_JxfCLAxUar4QIHbYJK3sQnfYKegQIDRAB\">Nachteile<\/div>\n<ul class=\"L3gGpe\" data-hveid=\"CA0QBQ\" data-ved=\"2ahUKEwi19s_JxfCLAxUar4QIHbYJK3sQm_YKegQIDRAF\">\n<li class=\"pWtQDd\"><span data-huuid=\"18387500451504109984\">Manche sagen, es sei schwer, es bequem zu halten<\/span><\/li>\n<\/ul>\n<\/div>\n<\/div>\n","protected":false},"excerpt":{"rendered":"<div class=\"WaaZC\">\n<div class=\"RJPOee EIJn2\">\n<div class=\"rPeykc\" data-hveid=\"CAQQAQ\" data-ved=\"2ahUKEwi19s_JxfCLAxUar4QIHbYJK3sQo_EKegQIBBAB\"><span data-huuid=\"15662900799049887253\">Der Apple iPod Nano 4. Generation ist ein Musikplayer mit einem Flash-Laufwerk, das Songs, Fotos und Videos speichern kann. <\/span><span data-huuid=\"15662900799049886128\">Er wurde im Jahr 2008 ver\u00f6ffentlicht. <\/span><\/div>\n<\/div>\n<\/div>\n<div class=\"WaaZC\">\n<div class=\"RJPOee EIJn2\">\n<div class=\"voCpDc\" role=\"heading\" aria-level=\"3\" data-hveid=\"CAIQAQ\" data-ved=\"2ahUKEwi19s_JxfCLAxUar4QIHbYJK3sQnfYKegQIAhAB\">Vorteile<\/div>\n<ul class=\"L3gGpe\" data-hveid=\"CAIQBQ\" data-ved=\"2ahUKEwi19s_JxfCLAxUar4QIHbYJK3sQm_YKegQIAhAF\">\n<li class=\"pWtQDd\"><span data-huuid=\"15662900799049885724\">Leicht und d\u00fcnn<\/span><\/li>\n<li class=\"pWtQDd\"><span data-huuid=\"15662900799049887570\">Gute Klangqualit\u00e4t<\/span><\/li>\n<li class=\"pWtQDd\"><span data-huuid=\"15662900799049885320\">Einfach zu bedienen<\/span><\/li>\n<li class=\"pWtQDd\"><span data-huuid=\"15662900799049887166\">Attraktives Design<\/span><\/li>\n<li class=\"pWtQDd\"><span data-huuid=\"15662900799049884916\">Hochwertiges Display<\/span><\/li>\n<\/ul>\n<\/div>\n<\/div>\n<div class=\"WaaZC\">\n<div class=\"RJPOee EIJn2\">\n<div class=\"MDAwFb\" role=\"heading\" aria-level=\"3\" data-hveid=\"CA0QAQ\" data-ved=\"2ahUKEwi19s_JxfCLAxUar4QIHbYJK3sQnfYKegQIDRAB\">Nachteile<\/div>\n<ul class=\"L3gGpe\" data-hveid=\"CA0QBQ\" data-ved=\"2ahUKEwi19s_JxfCLAxUar4QIHbYJK3sQm_YKegQIDRAF\">\n<li class=\"pWtQDd\"><span data-huuid=\"18387500451504109984\">Manche sagen, es sei schwer, es bequem zu halten<\/span><\/li>\n<\/ul>\n<\/div>\n<\/div>\n","protected":false},"featured_media":9229,"comment_status":"open","ping_status":"closed","template":"","meta":{"_et_pb_use_builder":"","_et_pb_old_content":"","_et_gb_content_width":""},"product_brand":[],"product_cat":[1372,703],"product_tag":[],"class_list":{"0":"post-9230","1":"product","2":"type-product","3":"status-publish","4":"has-post-thumbnail","6":"product_cat-elektronik","7":"product_cat-uncategorized-de","9":"first","10":"instock","11":"sale","12":"taxable","13":"shipping-taxable","14":"purchasable","15":"product-type-simple"},"exclude_global_add_ons":[],"addons":[],"jetpack-related-posts":[{"id":9227,"url":"https:\/\/anythingtechnicallc.com\/index.php\/de\/product\/ipod-nano-3-generation-8gb-silber-erneuert\/","url_meta":{"origin":9230,"position":0},"title":"iPod Nano 3. Generation (8GB, Silber) (Erneuert)","date":"March 19, 2026","format":false,"excerpt":"Der Apple iPod Nano 3rd Generation ist ein kleiner MP3-Player mit einem 2-Zoll-Bildschirm, der auch Videos abspielen kann. Er wurde im September 2007 auf den Markt gebracht. Vorteile Scharfe, helle Videowiedergabe \u00dcberdurchschnittlich lange Batterielaufzeit Sieht scharf aus Deutlichere Men\u00fctexte und Nachrichten Nachteile Nur 5 Stunden Videowiedergabe","rel":"","context":"Similar post","img":{"alt_text":"","src":"https:\/\/i0.wp.com\/anythingtechnicallc.com\/wp-content\/uploads\/2025\/03\/iPod-Nano-3rd-Generation.jpg?fit=1200%2C716&ssl=1&resize=350%2C200","width":350,"height":200},"classes":[]},{"id":9330,"url":"https:\/\/anythingtechnicallc.com\/index.php\/de\/product\/erneuerter-apple-ipod-nano-6-generation-8gb-silber\/","url_meta":{"origin":9230,"position":1},"title":"Erneuerter APPLE iPod Nano 6. Generation 8gb Silber","date":"March 19, 2026","format":false,"excerpt":"Der Apple iPod Nano 6th Generation 8GB ist ein tragbarer USB-MP3-Player von Apple. Er ist ein kompaktes und schlankes Ger\u00e4t, das MP3-Dateien speichern und abspielen kann. Mit seiner USB 2.0-Konnektivit\u00e4t erm\u00f6glicht er eine einfache \u00dcbertragung von Musik von Ihrem Computer. Dieses Modell der 6. Generation ist Teil der iPod Nano\u2026","rel":"","context":"Similar post","img":{"alt_text":"","src":"https:\/\/i0.wp.com\/anythingtechnicallc.com\/wp-content\/uploads\/2025\/07\/41Ajrr9oJcL._AC_.jpg?fit=727%2C437&ssl=1&resize=350%2C200","width":350,"height":200},"classes":[]},{"id":9334,"url":"https:\/\/anythingtechnicallc.com\/index.php\/de\/product\/apple-ipod-nano-16gb-space-grau-7-generation-erneuert-2\/","url_meta":{"origin":9230,"position":2},"title":"Apple iPod nano 16GB Space Grau (7. Generation) (Erneuert)","date":"March 19, 2026","format":false,"excerpt":"Apple beschreibt ihn als den \"d\u00fcnnsten iPod aller Zeiten\". Er ist 38% d\u00fcnner (5,4 mm) als der Nano, den er ersetzt (8,78 mm), und bietet die M\u00f6glichkeit, kabellose Bluetooth 4.0 Headsets, Lautsprecher und andere Ger\u00e4te (wie z.B. Herzfrequenzmesser) zu verwenden. Es enth\u00e4lt weiterhin die Nike+iPod Fitness-Option sowie einen FM-Radio-Tuner, der\u2026","rel":"","context":"Similar post","img":{"alt_text":"","src":"https:\/\/i0.wp.com\/anythingtechnicallc.com\/wp-content\/uploads\/2025\/07\/619LaTAYEPL._AC_SL1500_.jpg?fit=397%2C1200&ssl=1&resize=350%2C200","width":350,"height":200},"classes":[]},{"id":9221,"url":"https:\/\/anythingtechnicallc.com\/index.php\/de\/product\/apple-ipod-nano-16gb-space-grau-7-generation-erneuert\/","url_meta":{"origin":9230,"position":3},"title":"Apple iPod nano 16GB Space Grau (7. Generation) (Erneuert)","date":"March 19, 2026","format":false,"excerpt":"Apple beschreibt ihn als den \"d\u00fcnnsten iPod aller Zeiten\". Er ist 38% d\u00fcnner (5,4 mm) als der Nano, den er ersetzt (8,78 mm), und bietet die M\u00f6glichkeit, kabellose Bluetooth 4.0 Headsets, Lautsprecher und andere Ger\u00e4te (wie z.B. Herzfrequenzmesser) zu verwenden. Es enth\u00e4lt weiterhin die Nike+iPod Fitness-Option sowie einen FM-Radio-Tuner, der\u2026","rel":"","context":"Similar post","img":{"alt_text":"","src":"https:\/\/i0.wp.com\/anythingtechnicallc.com\/wp-content\/uploads\/2025\/03\/Apple-iPod-nano-16GB-Space-Gray-7th-Generation-Renewed.jpg?fit=1019%2C1200&ssl=1&resize=350%2C200","width":350,"height":200},"classes":[]},{"id":9224,"url":"https:\/\/anythingtechnicallc.com\/index.php\/de\/product\/erneuerter-ipod-shuffle-4-generation-2gb-flash-mp3-player\/","url_meta":{"origin":9230,"position":4},"title":"Erneuerter ipod shuffle 4. Generation 2GB Flash MP3 Player","date":"March 19, 2026","format":false,"excerpt":"Hauptmerkmale und Vorteile: Leicht zug\u00e4ngliche Bedienelemente Die Bedienelemente des iPod shuffle befinden sich auf dem rechten Ohrh\u00f6rerkabel. Da die Kommandozentrale jetzt strategisch g\u00fcnstig platziert ist, k\u00f6nnen Sie durch Ihre Musik navigieren - und die VoiceOver-Funktion aktivieren - ohne den Blick von Ihrem Lauf, Ihrer Fahrt oder was auch immer Sie\u2026","rel":"","context":"Similar post","img":{"alt_text":"","src":"https:\/\/i0.wp.com\/anythingtechnicallc.com\/wp-content\/uploads\/2025\/03\/ipod-shuffle-4th-generation.jpg?fit=1200%2C716&ssl=1&resize=350%2C200","width":350,"height":200},"classes":[]},{"id":9327,"url":"https:\/\/anythingtechnicallc.com\/index.php\/de\/product\/apple-ipod-touch-32gb-5-generation-space-grau-erneuert\/","url_meta":{"origin":9230,"position":5},"title":"Apple iPod touch 32GB (5. Generation) &#8211; Space Grau (Erneuert)","date":"March 19, 2026","format":false,"excerpt":"Erneuerte Produkte sehen aus und funktionieren wie neu. Diese gebrauchten Produkte wurden von qualifizierten Anbietern inspiziert und getestet, die in der Regel einen vollst\u00e4ndigen Diagnosetest, den Austausch aller defekten Teile und eine gr\u00fcndliche Reinigung durchf\u00fchren. Verpackung und Zubeh\u00f6r k\u00f6nnen generisch sein. Alle Produkte werden mit einer mindestens 90-t\u00e4gigen Garantie des\u2026","rel":"","context":"Similar post","img":{"alt_text":"","src":"https:\/\/i0.wp.com\/anythingtechnicallc.com\/wp-content\/uploads\/2025\/07\/51zoQYR95ML._AC_SL1200_.jpg?fit=452%2C1200&ssl=1&resize=350%2C200","width":350,"height":200},"classes":[]}],"pll_sync_post":[],"lang":"de","translations":{"de":9230,"en":6387},"_links":{"self":[{"href":"https:\/\/anythingtechnicallc.com\/index.php\/wp-json\/wp\/v2\/product\/9230","targetHints":{"allow":["GET"]}}],"collection":[{"href":"https:\/\/anythingtechnicallc.com\/index.php\/wp-json\/wp\/v2\/product"}],"about":[{"href":"https:\/\/anythingtechnicallc.com\/index.php\/wp-json\/wp\/v2\/types\/product"}],"replies":[{"embeddable":true,"href":"https:\/\/anythingtechnicallc.com\/index.php\/wp-json\/wp\/v2\/comments?post=9230"}],"wp:featuredmedia":[{"embeddable":true,"href":"https:\/\/anythingtechnicallc.com\/index.php\/wp-json\/wp\/v2\/media\/9229"}],"wp:attachment":[{"href":"https:\/\/anythingtechnicallc.com\/index.php\/wp-json\/wp\/v2\/media?parent=9230"}],"wp:term":[{"taxonomy":"product_brand","embeddable":true,"href":"https:\/\/anythingtechnicallc.com\/index.php\/wp-json\/wp\/v2\/product_brand?post=9230"},{"taxonomy":"product_cat","embeddable":true,"href":"https:\/\/anythingtechnicallc.com\/index.php\/wp-json\/wp\/v2\/product_cat?post=9230"},{"taxonomy":"product_tag","embeddable":true,"href":"https:\/\/anythingtechnicallc.com\/index.php\/wp-json\/wp\/v2\/product_tag?post=9230"}],"curies":[{"name":"wp","href":"https:\/\/api.w.org\/{rel}","templated":true}]}}