{"id":9233,"date":"2026-03-19T06:13:25","date_gmt":"2026-03-19T06:13:25","guid":{"rendered":"https:\/\/anythingtechnicallc.com\/?post_type=product&#038;p=9233"},"modified":"2026-03-19T09:25:32","modified_gmt":"2026-03-19T09:25:32","slug":"gebrauchte-audio-technica-consumer-ath-ck3tw-true-wireless-in-ear-kopfhoerer","status":"publish","type":"product","link":"https:\/\/anythingtechnicallc.com\/index.php\/de\/product\/gebrauchte-audio-technica-consumer-ath-ck3tw-true-wireless-in-ear-kopfhoerer\/","title":{"rendered":"Gebrauchte Audio-Technica Consumer ATH-CK3TW True Wireless In-Ear Kopfh\u00f6rer"},"content":{"rendered":"<p>Die <b>ATH-CK3TW True Wireless In-Ear Headphones<\/b> von <b>Audio-Technica<\/b> sind mit Bluetooth 5.0 Technologie ausgestattet und verf\u00fcgen \u00fcber eine tragbare Ladetasche, die den Kopfh\u00f6rer automatisch einschaltet, wenn Sie ihn abnehmen, und ausschaltet, wenn Sie ihn zum Aufladen in die Tasche zur\u00fccklegen. Jedes kompakte Ohrh\u00f6rergeh\u00e4use ist mit Touch-Bedienelementen ausgestattet, die Sie leicht mit Ihren Fingerspitzen erreichen k\u00f6nnen. \u00dcber das Mikrofon im rechten Geh\u00e4use k\u00f6nnen Sie Anrufe entgegennehmen und mit dem digitalen Assistenten Ihres Smartphones interagieren. Mit diesen In-Ear-Kopfh\u00f6rern k\u00f6nnen Sie Audiosignale von Smartphones, Tablets und anderen Bluetooth-Ger\u00e4ten wiedergeben und Anrufe entgegennehmen, wenn Sie gerade unterwegs sind.<\/p>\n<p>Die Kopfh\u00f6rer verf\u00fcgen \u00fcber 5,8-mm-Treiber, die in ihrem ultrakompakten Design einen kraftvollen, detaillierten Klang wiedergeben. Die intelligenten Sensoren erkennen, wenn Sie die Kopfh\u00f6rer von Ihren Ohren abnehmen und wenn Sie sie wieder aufsetzen, und pausieren die Musik automatisch, damit Sie keinen Takt verpassen. Dar\u00fcber hinaus sind diese Kopfh\u00f6rer nach IPX2 wasserdicht, d.h. sie sind vor Tropfwasser wie Regen oder Schwei\u00df gesch\u00fctzt.<\/p>\n<p>Die ATH-CK3TW Ohrh\u00f6rer bieten sechs Stunden ununterbrochene Nutzung mit einer vollen Ladung und 24 Stunden zus\u00e4tzliche Energie aus dem Ladeetui. Sowohl die Ohrh\u00f6rer als auch die Ladetasche verf\u00fcgen \u00fcber LED-Anzeigen, um den Ladestatus anzuzeigen, und die Ladetasche ist mit einem USB Typ-C-Anschluss ausgestattet, um die Ladezeit zu verk\u00fcrzen. Die Bluetooth-Reichweite betr\u00e4gt etwa 33&#8242;.<\/p>\n","protected":false},"excerpt":{"rendered":"<p>Die <b>ATH-CK3TW True Wireless In-Ear Headphones<\/b> von <b>Audio-Technica<\/b> sind mit Bluetooth 5.0 Technologie ausgestattet und verf\u00fcgen \u00fcber eine tragbare Ladetasche, die den Kopfh\u00f6rer automatisch einschaltet, wenn Sie ihn abnehmen, und ausschaltet, wenn Sie ihn zum Aufladen in die Tasche zur\u00fccklegen. Jedes kompakte Ohrh\u00f6rergeh\u00e4use ist mit Touch-Bedienelementen ausgestattet, die Sie mit Ihren Fingerspitzen leicht finden k\u00f6nnen. \u00dcber das Mikrofon im rechten Geh\u00e4use k\u00f6nnen Sie Anrufe entgegennehmen und mit dem digitalen Assistenten Ihres Smartphones interagieren. Mit diesen In-Ear-Kopfh\u00f6rern k\u00f6nnen Sie Audiosignale von Smartphones, Tablets und anderen Bluetooth-Ger\u00e4ten wiedergeben und Anrufe entgegennehmen, wenn Sie gerade unterwegs sind.<\/p>\n<p>Die Kopfh\u00f6rer verf\u00fcgen \u00fcber 5,8-mm-Treiber, die in ihrem ultrakompakten Design einen kraftvollen, detaillierten Klang wiedergeben. Die intelligenten Sensoren erkennen, wenn Sie die Kopfh\u00f6rer von Ihren Ohren abnehmen und wenn Sie sie wieder aufsetzen, und pausieren die Musik automatisch, damit Sie keinen Takt verpassen. Dar\u00fcber hinaus sind diese Kopfh\u00f6rer nach IPX2 wasserdicht, d.h. sie sind vor Tropfwasser wie Regen oder Schwei\u00df gesch\u00fctzt.<\/p>\n<p>Die ATH-CK3TW Ohrh\u00f6rer bieten sechs Stunden ununterbrochene Nutzung mit einer vollen Ladung und 24 Stunden zus\u00e4tzliche Energie aus dem Ladeetui. Sowohl die Ohrh\u00f6rer als auch die Ladetasche verf\u00fcgen \u00fcber LED-Anzeigen, um den Ladestatus anzuzeigen, und die Ladetasche ist mit einem USB Typ-C-Anschluss ausgestattet, um die Ladezeit zu verk\u00fcrzen. Die Bluetooth-Reichweite betr\u00e4gt etwa 33&#8242;.<\/p>\n","protected":false},"featured_media":9232,"comment_status":"open","ping_status":"closed","template":"","meta":{"_et_pb_use_builder":"","_et_pb_old_content":"","_et_gb_content_width":""},"product_brand":[],"product_cat":[703,1578],"product_tag":[],"class_list":{"0":"post-9233","1":"product","2":"type-product","3":"status-publish","4":"has-post-thumbnail","6":"product_cat-uncategorized-de","7":"product_cat-headset","9":"first","10":"instock","11":"sale","12":"taxable","13":"shipping-taxable","14":"purchasable","15":"product-type-simple"},"exclude_global_add_ons":[],"addons":[],"jetpack-related-posts":[{"id":9683,"url":"https:\/\/anythingtechnicallc.com\/index.php\/de\/product\/bose-quietcomfort-ultra-wireless-noise-cancelling-headphones-mit-spatial-audio-over-the-ear-kopfhoerer-mit-mikrofon-bis-zu-24-stunden-akkulaufzeit-white-smoke-renewed\/","url_meta":{"origin":9233,"position":0},"title":"Bose QuietComfort Ultra Wireless Noise Cancelling Headphones mit Spatial Audio, Over-The-Ear-Kopfh\u00f6rer mit Mikrofon, bis zu 24 Stunden Akkulaufzeit, White Smoke (Renewed)","date":"March 24, 2026","format":false,"excerpt":"LEVELED-UP LISTENING: Die Bose QuietComfort Ultra Headphones mit Spatial Audio bieten Ihnen ein immersives Erlebnis, bei dem sich Musik noch realer anf\u00fchlt; die CustomTune Technologie bietet Ihnen einen personalisierten, auf Sie zugeschnittenen Klang. GER\u00c4USCHUNTERDR\u00dcCKUNG DER WELTKLASSE: Diese Kopfh\u00f6rer mit Ger\u00e4uschunterdr\u00fcckung verf\u00fcgen \u00fcber den Quiet Mode, den Aware Mode und den\u2026","rel":"","context":"Similar post","img":{"alt_text":"","src":"https:\/\/i0.wp.com\/anythingtechnicallc.com\/wp-content\/uploads\/2026\/01\/Bose-QuietComfort-Ultra-White-Smoke.jpg?fit=1200%2C1200&ssl=1&resize=350%2C200","width":350,"height":200},"classes":[]},{"id":8964,"url":"https:\/\/anythingtechnicallc.com\/index.php\/de\/product\/jbl-tune-770nc-adaptive-geraeuschunterdrueckung-mit-intelligenter-umgebungsgeraeuschunterdrueckung-kabelloser-over-ear-kopfhoerer-bluetooth-5-3-bis-zu-70-stunden-akkulaufzeit-mit-schnellladung-l\/","url_meta":{"origin":9233,"position":1},"title":"JBL TUNE 770NC &#8211; Adaptive Ger\u00e4uschunterdr\u00fcckung mit intelligenter Umgebungsger\u00e4uschunterdr\u00fcckung, kabelloser Over-Ear-Kopfh\u00f6rer, Bluetooth 5.3, bis zu 70 Stunden Akkulaufzeit mit Schnellladung, leichtes, komfortables &#038; faltbares Design (Schwarz)","date":"March 18, 2026","format":false,"excerpt":"Adaptive Ger\u00e4uschunterdr\u00fcckung mit Smart Ambient: Adaptive Ger\u00e4uschunterdr\u00fcckung bedeutet keine Ablenkung, egal ob Sie lernen oder sich in der Musik verlieren. Wenn Sie die Welt um sich herum h\u00f6ren m\u00f6chten, aktivieren Sie Ambient Aware und TalkThru in der JBL Headphones App. Bluetooth 5.3 mit LE Audio: \u00dcbertragen Sie kabellos hochwertigen JBL\u2026","rel":"","context":"Similar post","img":{"alt_text":"","src":"https:\/\/i0.wp.com\/anythingtechnicallc.com\/wp-content\/uploads\/2024\/09\/61EL2AKKcBL._AC_SL1500_.jpg?fit=1056%2C1200&ssl=1&resize=350%2C200","width":350,"height":200},"classes":[]},{"id":9237,"url":"https:\/\/anythingtechnicallc.com\/index.php\/de\/product\/erneuert-audio-technica-ath-e40-professioneller-in-ear-monitor-kopfhoerer\/","url_meta":{"origin":9233,"position":2},"title":"Erneuert Audio Technica ATH-E40 Professioneller In-Ear-Monitor-Kopfh\u00f6rer","date":"March 19, 2026","format":false,"excerpt":"Der ATH-E40 liefert kraftvolle B\u00e4sse sowie ausgewogene Mitten und H\u00f6hen, um die volle Emotion der Musik von der B\u00fchne auf die Stra\u00dfe zu \u00fcbertragen. Das propriet\u00e4re Dual-Phase-Push-Pull-Treiberdesign sorgt f\u00fcr verbesserte Klangtreue und Effizienz. Die Audio-Technica Kopfh\u00f6rer der E-Serie bringen die weltweit von der Kritik gefeierte klangliche Handschrift der M-Serie in\u2026","rel":"","context":"Similar post","img":{"alt_text":"","src":"https:\/\/i0.wp.com\/anythingtechnicallc.com\/wp-content\/uploads\/2025\/03\/51jggXkyS6L._AC_SL1000_.jpg?fit=842%2C617&ssl=1&resize=350%2C200","width":350,"height":200},"classes":[]},{"id":9013,"url":"https:\/\/anythingtechnicallc.com\/index.php\/de\/product\/ath-msr7bgm-over-ear-high-resolution-kopfhoerer-gunmetal-ohne-verpackung\/","url_meta":{"origin":9233,"position":3},"title":"ATH-MSR7bGM Over-Ear High-Resolution Kopfh\u00f6rer, Gunmetal (ohne Verpackung)","date":"March 18, 2026","format":false,"excerpt":"Der ATH-MSR7b Kopfh\u00f6rer bietet Ihnen die neueste Technologie f\u00fcr hochaufl\u00f6sende Kopfh\u00f6rer. Er kombiniert die fortschrittlichen Funktionen des originalen ATH-MSR7 mit Standard- und symmetrischen Anschlussm\u00f6glichkeiten f\u00fcr das ultimative tragbare H\u00f6rerlebnis. Dieser Kopfh\u00f6rer ist mit 45-mm-True-Motion-Treibern mit diamant\u00e4hnlichen, karbonbeschichteten Membranen ausgestattet, die eine verzerrungsfreie Audiowiedergabe mit erweitertem Frequenzgang erm\u00f6glichen. Der Kopfh\u00f6rer ist\u2026","rel":"","context":"Similar post","img":{"alt_text":"","src":"https:\/\/i0.wp.com\/anythingtechnicallc.com\/wp-content\/uploads\/2024\/09\/71jBYrcWzAL._AC_SL1500_.jpg?fit=654%2C1200&ssl=1&resize=350%2C200","width":350,"height":200},"classes":[]},{"id":9355,"url":"https:\/\/anythingtechnicallc.com\/index.php\/de\/product\/gebrauchte-shure-rmce-tw1-wireless-adapter-fuer-shure-sound-isolating-earphones-wireless-bluetooth-kompatibel-8-stunden-akkulaufzeit-komfortable-over-ear-passform-schwarz\/","url_meta":{"origin":9233,"position":4},"title":"Gebrauchte Shure Rmce-Tw1, Wireless Adapter f\u00fcr Shure Sound Isolating Earphones, Wireless Bluetooth kompatibel, 8 Stunden Akkulaufzeit, komfortable Over Ear Passform, Schwarz","date":"March 19, 2026","format":false,"excerpt":"Machen Sie Schluss mit Kabeln: Das Shure True Wireless Secure Fit Adapter Set verwandelt jeden abnehmbaren Shure Sound Isolating Ohrh\u00f6rer in einen echten kabellosen Kopfh\u00f6rer (Ohrh\u00f6rer sind separat erh\u00e4ltlich). SICHERER & KOMFORTABLER SITZ: Dieser Adapter f\u00fcr \u00dcber-Ohr-Kopfh\u00f6rer wurde mit dem gleichen Design entwickelt, das Musiker f\u00fcr In-Ear-Monitoring auf der B\u00fchne\u2026","rel":"","context":"Similar post","img":{"alt_text":"","src":"https:\/\/i0.wp.com\/anythingtechnicallc.com\/wp-content\/uploads\/2025\/08\/Shure-RMCE-TW1.jpg?fit=1200%2C900&ssl=1&resize=350%2C200","width":350,"height":200},"classes":[]},{"id":9365,"url":"https:\/\/anythingtechnicallc.com\/index.php\/de\/product\/renewed-bose-quietcomfort-qc45-bluetooth-kopfhoerer-kabellose-kopfhoerer-mit-aktiver-geraeuschunterdrueckung-ueber-dem-ohr-und-mikrofon-tiefer-bass-bis-zu-24-stunden-spielzeit-schwarz\/","url_meta":{"origin":9233,"position":5},"title":"Renewed Bose QuietComfort QC45 Bluetooth Kopfh\u00f6rer, kabellose Kopfh\u00f6rer mit aktiver Ger\u00e4uschunterdr\u00fcckung \u00fcber dem Ohr und Mikrofon, tiefer Bass, bis zu 24 Stunden Spielzeit, Schwarz","date":"March 19, 2026","format":false,"excerpt":"GER\u00c4USCHUNTERDR\u00dcCKENDE KOPFH\u00d6RER: Kombinieren Sie die Ger\u00e4uschunterdr\u00fcckungstechnologie m\u00fchelos mit passiven Funktionen, damit Sie die Au\u00dfenwelt abschalten, Ablenkungen ausblenden und Musik \u00fcber den Beat hinaus genie\u00dfen k\u00f6nnen. KOMFORTABLER KOPFH\u00d6RER: Pl\u00fcschige Ohrmuschelpolster schmiegen sich sanft an Ihre Ohren, w\u00e4hrend ein sicheres und bequemes gepolstertes Band Ihre Over-Ear-Kopfh\u00f6rer bei besonders langen H\u00f6rsessions sanft in\u2026","rel":"","context":"Similar post","img":{"alt_text":"","src":"https:\/\/i0.wp.com\/anythingtechnicallc.com\/wp-content\/uploads\/2025\/08\/51f7KKP25PL._AC_SL1000_.jpg?fit=669%2C885&ssl=1&resize=350%2C200","width":350,"height":200},"classes":[]}],"pll_sync_post":[],"lang":"de","translations":{"de":9233,"en":6460},"_links":{"self":[{"href":"https:\/\/anythingtechnicallc.com\/index.php\/wp-json\/wp\/v2\/product\/9233","targetHints":{"allow":["GET"]}}],"collection":[{"href":"https:\/\/anythingtechnicallc.com\/index.php\/wp-json\/wp\/v2\/product"}],"about":[{"href":"https:\/\/anythingtechnicallc.com\/index.php\/wp-json\/wp\/v2\/types\/product"}],"replies":[{"embeddable":true,"href":"https:\/\/anythingtechnicallc.com\/index.php\/wp-json\/wp\/v2\/comments?post=9233"}],"wp:featuredmedia":[{"embeddable":true,"href":"https:\/\/anythingtechnicallc.com\/index.php\/wp-json\/wp\/v2\/media\/9232"}],"wp:attachment":[{"href":"https:\/\/anythingtechnicallc.com\/index.php\/wp-json\/wp\/v2\/media?parent=9233"}],"wp:term":[{"taxonomy":"product_brand","embeddable":true,"href":"https:\/\/anythingtechnicallc.com\/index.php\/wp-json\/wp\/v2\/product_brand?post=9233"},{"taxonomy":"product_cat","embeddable":true,"href":"https:\/\/anythingtechnicallc.com\/index.php\/wp-json\/wp\/v2\/product_cat?post=9233"},{"taxonomy":"product_tag","embeddable":true,"href":"https:\/\/anythingtechnicallc.com\/index.php\/wp-json\/wp\/v2\/product_tag?post=9233"}],"curies":[{"name":"wp","href":"https:\/\/api.w.org\/{rel}","templated":true}]}}