{"id":9240,"date":"2026-03-19T06:23:27","date_gmt":"2026-03-19T06:23:27","guid":{"rendered":"https:\/\/anythingtechnicallc.com\/?post_type=product&#038;p=9240"},"modified":"2026-03-19T09:25:32","modified_gmt":"2026-03-19T09:25:32","slug":"audio-technica-at2020-kondensator-studiomikrofon-mit-nierencharakteristik-xlr-ideal-fuer-projekt-heimstudioanwendungen","status":"publish","type":"product","link":"https:\/\/anythingtechnicallc.com\/index.php\/de\/product\/audio-technica-at2020-kondensator-studiomikrofon-mit-nierencharakteristik-xlr-ideal-fuer-projekt-heimstudioanwendungen\/","title":{"rendered":"Audio-Technica AT2020 Kondensator-Studiomikrofon mit Nierencharakteristik XLR, ideal f\u00fcr Projekt-\/Heimstudioanwendungen"},"content":{"rendered":"<div id=\"productDescription_feature_div\" class=\"celwidget pd_rd_w-mFF44 pd_rd_r-KWDSP32F8KK52ABCW9H3 pd_rd_wg-lZ864\" data-feature-name=\"productDescription\" data-csa-c-type=\"widget\" data-csa-c-content-id=\"productDescription\" data-csa-c-slot-id=\"productDescription_feature_div\" data-csa-c-asin=\"\" data-csa-c-is-in-initial-active-row=\"false\" data-csa-c-id=\"xniefm-wn2v9r-1kdnu7-9003a8\" data-cel-widget=\"productDescription_feature_div\">\n<div>\n<div id=\"productDescription_feature_div\" class=\"a-row feature\" data-feature-name=\"productDescription\" data-template-name=\"productDescription\" data-cel-widget=\"productDescription_feature_div\">\n<div id=\"productDescription\" class=\"a-section a-spacing-small\">\n<p>Die strengen Qualit\u00e4ts- und Konsistenzstandards von Audio-Technica heben das AT2020 von anderen Mikrofonen seiner Klasse ab. Seine massearme Membran wurde speziell f\u00fcr einen erweiterten Frequenzgang und ein hervorragendes Einschwingverhalten entwickelt. Die robuste Konstruktion sorgt f\u00fcr eine dauerhafte Leistung, das Mikrofon bietet einen gro\u00dfen Dynamikbereich und bew\u00e4ltigt hohe Schalldruckpegel mit Leichtigkeit. Das AT2020: der neue Standard f\u00fcr erschwingliche Studio-Kondensatormikrofone mit Seitenadressierung.<\/p>\n<p>Signal-Rausch-Verh\u00e4ltnis: 74 dB<\/p>\n<\/div>\n<\/div>\n<\/div>\n<\/div>\n<div id=\"miraiBTFShopByLook_feature_div\" class=\"celwidget pd_rd_w-wLx9T pd_rd_r-KWDSP32F8KK52ABCW9H3 pd_rd_wg-lZ864\" data-feature-name=\"miraiBTFShopByLook\" data-csa-c-type=\"widget\" data-csa-c-content-id=\"miraiBTFShopByLook\" data-csa-c-slot-id=\"miraiBTFShopByLook_feature_div\" data-csa-c-asin=\"\" data-csa-c-is-in-initial-active-row=\"false\" data-csa-c-id=\"uhz7u9-u6jflr-eoxyel-yt6clm\" data-cel-widget=\"miraiBTFShopByLook_feature_div\">\n<div id=\"desktop-dp-btf-shopbylook\" class=\"celwidget sbl-dp-v29 hit-sbl-searchQuery-on-dpUrl \" data-csa-c-id=\"qxmyls-ylrqd9-u4zaew-d4kw54\" data-cel-widget=\"sbl-dp-desktop\"><\/div>\n<\/div>\n","protected":false},"excerpt":{"rendered":"<div id=\"productDescription_feature_div\" class=\"celwidget pd_rd_w-mFF44 pd_rd_r-KWDSP32F8KK52ABCW9H3 pd_rd_wg-lZ864\" data-feature-name=\"productDescription\" data-csa-c-type=\"widget\" data-csa-c-content-id=\"productDescription\" data-csa-c-slot-id=\"productDescription_feature_div\" data-csa-c-asin=\"\" data-csa-c-is-in-initial-active-row=\"false\" data-csa-c-id=\"xniefm-wn2v9r-1kdnu7-9003a8\" data-cel-widget=\"productDescription_feature_div\">\n<div>\n<div id=\"productDescription_feature_div\" class=\"a-row feature\" data-feature-name=\"productDescription\" data-template-name=\"productDescription\" data-cel-widget=\"productDescription_feature_div\">\n<div id=\"productDescription\" class=\"a-section a-spacing-small\">\n<p>Die strengen Qualit\u00e4ts- und Konsistenzstandards von Audio-Technica heben das AT2020 von anderen Mikrofonen seiner Klasse ab. Seine massearme Membran wurde speziell f\u00fcr einen erweiterten Frequenzgang und ein hervorragendes Einschwingverhalten entwickelt. Die robuste Konstruktion sorgt f\u00fcr eine dauerhafte Leistung, das Mikrofon bietet einen gro\u00dfen Dynamikbereich und bew\u00e4ltigt hohe Schalldruckpegel mit Leichtigkeit. Das AT2020: der neue Standard f\u00fcr erschwingliche Studio-Kondensatormikrofone mit Seitenadressierung.<\/p>\n<p>Signal-Rausch-Verh\u00e4ltnis: 74 dB<\/p>\n<\/div>\n<\/div>\n<\/div>\n<\/div>\n<div id=\"miraiBTFShopByLook_feature_div\" class=\"celwidget pd_rd_w-wLx9T pd_rd_r-KWDSP32F8KK52ABCW9H3 pd_rd_wg-lZ864\" data-feature-name=\"miraiBTFShopByLook\" data-csa-c-type=\"widget\" data-csa-c-content-id=\"miraiBTFShopByLook\" data-csa-c-slot-id=\"miraiBTFShopByLook_feature_div\" data-csa-c-asin=\"\" data-csa-c-is-in-initial-active-row=\"false\" data-csa-c-id=\"uhz7u9-u6jflr-eoxyel-yt6clm\" data-cel-widget=\"miraiBTFShopByLook_feature_div\">\n<div id=\"desktop-dp-btf-shopbylook\" class=\"celwidget sbl-dp-v29 hit-sbl-searchQuery-on-dpUrl \" data-csa-c-id=\"qxmyls-ylrqd9-u4zaew-d4kw54\" data-cel-widget=\"sbl-dp-desktop\"><\/div>\n<\/div>\n","protected":false},"featured_media":9239,"comment_status":"open","ping_status":"closed","template":"","meta":{"_et_pb_use_builder":"","_et_pb_old_content":"","_et_gb_content_width":""},"product_brand":[],"product_cat":[703,1578],"product_tag":[],"class_list":{"0":"post-9240","1":"product","2":"type-product","3":"status-publish","4":"has-post-thumbnail","6":"product_cat-uncategorized-de","7":"product_cat-headset","9":"first","10":"instock","11":"sale","12":"taxable","13":"shipping-taxable","14":"purchasable","15":"product-type-simple"},"exclude_global_add_ons":[],"addons":[],"jetpack-related-posts":[{"id":9937,"url":"https:\/\/anythingtechnicallc.com\/index.php\/de\/product\/audio-technica-at2020-kondensator-studiomikrofon-mit-nierencharakteristik-schwarz-erneuert\/","url_meta":{"origin":9240,"position":0},"title":"Audio-Technica AT2020 Kondensator-Studiomikrofon mit Nierencharakteristik, Schwarz (Erneuert)","date":"April 15, 2026","format":false,"excerpt":"Das Audio Technica AT2020 Kondensatormikrofon mit Nieren-Richtcharakteristik verf\u00fcgt \u00fcber ein v\u00f6llig neues, patentiertes Design mit der bew\u00e4hrten Zuverl\u00e4ssigkeit von Audio-Technica's moderner Technik und Fertigungsexpertise. Das AT2020 ist ideal f\u00fcr Projekt-\/Heimstudioanwendungen und verf\u00fcgt \u00fcber eine speziell entwickelte, massearme Membran, die einen erweiterten Frequenzgang und die F\u00e4higkeit bietet, extrem hohe Schalldruckpegel zu\u2026","rel":"","context":"Similar post","img":{"alt_text":"","src":"https:\/\/i0.wp.com\/anythingtechnicallc.com\/wp-content\/uploads\/2026\/04\/Audio-Technica-AT2020-Cardioid-Condenser-Studio-Microphone-Black-Renewed.jpg?fit=900%2C1200&ssl=1&resize=350%2C200","width":350,"height":200},"classes":[]},{"id":9133,"url":"https:\/\/anythingtechnicallc.com\/index.php\/de\/product\/audio-technica-at2020-kondensatormikrofon-mit-nierencharakteristik-erneuert-ideal-fuer-projekt-heimstudioanwendungen\/","url_meta":{"origin":9240,"position":1},"title":"Audio-Technica AT2020 Kondensatormikrofon mit Nierencharakteristik (erneuert) Ideal f\u00fcr Projekt-\/Heimstudioanwendungen","date":"March 19, 2026","format":false,"excerpt":"Der Preis-\/Leistungsstandard in der Studio-Kondensatormikrofontechnologie mit seitlicher Ansprache. Ideal f\u00fcr Projekt-\/Heimstudioanwendungen; der Ger\u00e4uschpegel betr\u00e4gt 20 db spl. Die hohe Spl-Behandlung und der gro\u00dfe Dynamikbereich sorgen f\u00fcr un\u00fcbertroffene Vielseitigkeit. Die speziell entwickelte Membran mit geringer Masse bietet einen erweiterten Frequenzgang und ein hervorragendes Einschwingverhalten. Die Nieren-Richtcharakteristik reduziert die Aufnahme von Schall\u2026","rel":"","context":"Similar post","img":{"alt_text":"","src":"https:\/\/i0.wp.com\/anythingtechnicallc.com\/wp-content\/uploads\/2025\/02\/71yS0cQzm2L._AC_SL1500_.jpg?fit=387%2C1200&ssl=1&resize=350%2C200","width":350,"height":200},"classes":[]},{"id":9139,"url":"https:\/\/anythingtechnicallc.com\/index.php\/de\/product\/audio-technica-ath-m50x-professioneller-studio-monitor-kopfhoerer-schwarz\/","url_meta":{"origin":9240,"position":2},"title":"Audio-Technica ATH-M50x Professioneller Studio-Monitor-Kopfh\u00f6rer, Schwarz","date":"March 19, 2026","format":false,"excerpt":"Von Top-Audio-Ingenieuren und Pro-Audio-Rezensenten gelobte klangliche Leistung. Propriet\u00e4re 45-Millimeter-Treiber mit gro\u00dfen \u00d6ffnungen, Seltenerdmagneten und kupferummantelten Aluminiumdraht-Schwingspulen. Au\u00dfergew\u00f6hnliche Klarheit \u00fcber einen erweiterten Frequenzbereich mit tiefer, pr\u00e4ziser Basswiedergabe. Das ohrumschlie\u00dfende Design schmiegt sich an die Ohren an und sorgt f\u00fcr eine hervorragende Schallisolierung in lauten Umgebungen. Um 90 Grad schwenkbare Ohrmuscheln f\u00fcr\u2026","rel":"","context":"Similar post","img":{"alt_text":"","src":"https:\/\/i0.wp.com\/anythingtechnicallc.com\/wp-content\/uploads\/2025\/02\/81v8UeBnyeL._AC_SL1500_.jpg?fit=603%2C1200&ssl=1&resize=350%2C200","width":350,"height":200},"classes":[]},{"id":9237,"url":"https:\/\/anythingtechnicallc.com\/index.php\/de\/product\/erneuert-audio-technica-ath-e40-professioneller-in-ear-monitor-kopfhoerer\/","url_meta":{"origin":9240,"position":3},"title":"Erneuert Audio Technica ATH-E40 Professioneller In-Ear-Monitor-Kopfh\u00f6rer","date":"March 19, 2026","format":false,"excerpt":"Der ATH-E40 liefert kraftvolle B\u00e4sse sowie ausgewogene Mitten und H\u00f6hen, um die volle Emotion der Musik von der B\u00fchne auf die Stra\u00dfe zu \u00fcbertragen. Das propriet\u00e4re Dual-Phase-Push-Pull-Treiberdesign sorgt f\u00fcr verbesserte Klangtreue und Effizienz. Die Audio-Technica Kopfh\u00f6rer der E-Serie bringen die weltweit von der Kritik gefeierte klangliche Handschrift der M-Serie in\u2026","rel":"","context":"Similar post","img":{"alt_text":"","src":"https:\/\/i0.wp.com\/anythingtechnicallc.com\/wp-content\/uploads\/2025\/03\/51jggXkyS6L._AC_SL1000_.jpg?fit=842%2C617&ssl=1&resize=350%2C200","width":350,"height":200},"classes":[]},{"id":9041,"url":"https:\/\/anythingtechnicallc.com\/index.php\/de\/product\/shure-wl93-serie-subminiatur-kondensator-lavaliermikrofonewl93-schwarz-mit-12-m-4-fuss-kabel\/","url_meta":{"origin":9240,"position":4},"title":"Shure WL93 Serie Subminiatur-Kondensator-Lavaliermikrofone,WL93- Schwarz, mit 1,2 m (4-Fu\u00df) Kabel","date":"March 18, 2026","format":false,"excerpt":"Das omnidirektionale Miniatur-Lavaliermikrofon sorgt f\u00fcr einen vollen, klaren Klang bei Sprachanwendungen, wie z.B. bei Rundfunkmoderationen und Reden. Verf\u00fcgt \u00fcber einen glatten Frequenzgang, eine kontrollierte Absenkung der niedrigen Frequenzen und vielseitiges Montagezubeh\u00f6r. Inklusive 1,2 m (4 ft.) Kabel. Verbinden Sie den m\u00e4nnlichen, vierpoligen Miniaturstecker (TA4M) am Ende des 93er Mikrofonkabels mit\u2026","rel":"","context":"Similar post","img":{"alt_text":"","src":"https:\/\/i0.wp.com\/anythingtechnicallc.com\/wp-content\/uploads\/2024\/09\/51hdweGtGOL._AC_SL1000_.jpg?fit=859%2C590&ssl=1&resize=350%2C200","width":350,"height":200},"classes":[]},{"id":9233,"url":"https:\/\/anythingtechnicallc.com\/index.php\/de\/product\/gebrauchte-audio-technica-consumer-ath-ck3tw-true-wireless-in-ear-kopfhoerer\/","url_meta":{"origin":9240,"position":5},"title":"Gebrauchte Audio-Technica Consumer ATH-CK3TW True Wireless In-Ear Kopfh\u00f6rer","date":"March 19, 2026","format":false,"excerpt":"Die ATH-CK3TW True Wireless In-Ear Headphones von Audio-Technica sind mit Bluetooth 5.0 Technologie ausgestattet und verf\u00fcgen \u00fcber eine tragbare Ladetasche, die den Kopfh\u00f6rer automatisch einschaltet, wenn Sie ihn abnehmen, und ausschaltet, wenn Sie ihn zum Aufladen in die Tasche zur\u00fccklegen. Jedes kompakte Ohrh\u00f6rergeh\u00e4use ist mit Touch-Bedienelementen ausgestattet, die Sie mit\u2026","rel":"","context":"Similar post","img":{"alt_text":"","src":"https:\/\/i0.wp.com\/anythingtechnicallc.com\/wp-content\/uploads\/2025\/03\/pf-3a9e9e98-atheadphones.jpeg?fit=868%2C872&ssl=1&resize=350%2C200","width":350,"height":200},"classes":[]}],"pll_sync_post":[],"lang":"de","translations":{"de":9240,"en":6464},"_links":{"self":[{"href":"https:\/\/anythingtechnicallc.com\/index.php\/wp-json\/wp\/v2\/product\/9240","targetHints":{"allow":["GET"]}}],"collection":[{"href":"https:\/\/anythingtechnicallc.com\/index.php\/wp-json\/wp\/v2\/product"}],"about":[{"href":"https:\/\/anythingtechnicallc.com\/index.php\/wp-json\/wp\/v2\/types\/product"}],"replies":[{"embeddable":true,"href":"https:\/\/anythingtechnicallc.com\/index.php\/wp-json\/wp\/v2\/comments?post=9240"}],"wp:featuredmedia":[{"embeddable":true,"href":"https:\/\/anythingtechnicallc.com\/index.php\/wp-json\/wp\/v2\/media\/9239"}],"wp:attachment":[{"href":"https:\/\/anythingtechnicallc.com\/index.php\/wp-json\/wp\/v2\/media?parent=9240"}],"wp:term":[{"taxonomy":"product_brand","embeddable":true,"href":"https:\/\/anythingtechnicallc.com\/index.php\/wp-json\/wp\/v2\/product_brand?post=9240"},{"taxonomy":"product_cat","embeddable":true,"href":"https:\/\/anythingtechnicallc.com\/index.php\/wp-json\/wp\/v2\/product_cat?post=9240"},{"taxonomy":"product_tag","embeddable":true,"href":"https:\/\/anythingtechnicallc.com\/index.php\/wp-json\/wp\/v2\/product_tag?post=9240"}],"curies":[{"name":"wp","href":"https:\/\/api.w.org\/{rel}","templated":true}]}}