{"id":9243,"date":"2026-03-19T06:25:43","date_gmt":"2026-03-19T06:25:43","guid":{"rendered":"https:\/\/anythingtechnicallc.com\/?post_type=product&#038;p=9243"},"modified":"2026-03-19T06:25:43","modified_gmt":"2026-03-19T06:25:43","slug":"weitwinkelobjektiv-fuer-sony-zv1-wl-1-zv1-18mm-weitwinkel-10x-makro-2-in-1-zusatzobjektiv-fuer-sony-zv1-rx100-vii-kamera","status":"publish","type":"product","link":"https:\/\/anythingtechnicallc.com\/index.php\/de\/product\/weitwinkelobjektiv-fuer-sony-zv1-wl-1-zv1-18mm-weitwinkel-10x-makro-2-in-1-zusatzobjektiv-fuer-sony-zv1-rx100-vii-kamera\/","title":{"rendered":"Weitwinkelobjektiv f\u00fcr Sony ZV1 WL-1 ZV1 18mm Weitwinkel\/ 10X Makro 2-in-1 Zusatzobjektiv f\u00fcr Sony ZV1\/RX100 VII Kamera"},"content":{"rendered":"<div class=\"celwidget aplus-module 3p-module-b aplus-standard\" data-csa-c-id=\"uvcbzg-43mg5g-fegpjn-e23t2f\" data-cel-widget=\"aplus-3p-module-b\">\n<div class=\"aplus-module-wrapper aplus-3p-fixed-width\"><img decoding=\"async\" class=\"a-spacing-base\" src=\"https:\/\/i0.wp.com\/m.media-amazon.com\/images\/S\/aplus-media-library-service-media\/ff4b3bd5-ef87-4e5a-a92a-3f077862699f.__CR0,0,970,600_PT0_SX970_V1___.jpg?w=900&#038;ssl=1\" alt=\"2229\" data-src=\"https:\/\/i0.wp.com\/m.media-amazon.com\/images\/S\/aplus-media-library-service-media\/ff4b3bd5-ef87-4e5a-a92a-3f077862699f.__CR0,0,970,600_PT0_SX970_V1___.jpg?w=900&#038;ssl=1\" data-recalc-dims=\"1\" \/><\/div>\n<\/div>\n<div class=\"celwidget aplus-module 3p-module-b aplus-standard\" data-csa-c-id=\"1fv7cw-d52cdt-ur7vk8-x2z3vx\" data-cel-widget=\"aplus-3p-module-b\">\n<div class=\"aplus-module-wrapper aplus-3p-fixed-width\"><img decoding=\"async\" class=\"a-spacing-base\" src=\"https:\/\/i0.wp.com\/m.media-amazon.com\/images\/S\/aplus-media\/sc\/078e663c-b692-46dc-b77a-7ad12508b80d.__CR0,0,970,600_PT0_SX970_V1___.jpg?w=900&#038;ssl=1\" alt=\"1\" data-src=\"https:\/\/i0.wp.com\/m.media-amazon.com\/images\/S\/aplus-media\/sc\/078e663c-b692-46dc-b77a-7ad12508b80d.__CR0,0,970,600_PT0_SX970_V1___.jpg?w=900&#038;ssl=1\" data-recalc-dims=\"1\" \/><\/div>\n<\/div>\n<div class=\"celwidget aplus-module 3p-module-b aplus-standard\" data-csa-c-id=\"qx8stv-c5vcee-rgocb3-sh3e76\" data-cel-widget=\"aplus-3p-module-b\">\n<div class=\"aplus-module-wrapper aplus-3p-fixed-width\"><img decoding=\"async\" class=\"a-spacing-base\" src=\"https:\/\/i0.wp.com\/m.media-amazon.com\/images\/S\/aplus-media\/sc\/8db38986-a922-446a-97d7-14778298149e.__CR0,0,970,600_PT0_SX970_V1___.jpg?w=900&#038;ssl=1\" alt=\"1\" data-src=\"https:\/\/i0.wp.com\/m.media-amazon.com\/images\/S\/aplus-media\/sc\/8db38986-a922-446a-97d7-14778298149e.__CR0,0,970,600_PT0_SX970_V1___.jpg?w=900&#038;ssl=1\" data-recalc-dims=\"1\" \/><\/div>\n<\/div>\n<div class=\"celwidget aplus-module module-4 aplus-standard\" data-csa-c-id=\"vnjqc4-grcimp-us78ao-bwhdlc\" data-cel-widget=\"aplus-module-4\">\n<div class=\"aplus-module-wrapper apm-fixed-width apm-spacing\">\n<div class=\"apm-flex\">\n<div class=\"apm-flex-item-fourth-width\">\n<p class=\"apm-text-center\"><img decoding=\"async\" class=\"\" src=\"https:\/\/i0.wp.com\/m.media-amazon.com\/images\/S\/aplus-media\/sc\/e5b92b4f-b155-42a4-a893-778c5e13287b.__CR0,0,220,220_PT0_SX220_V1___.png?w=900&#038;ssl=1\" alt=\"1\" data-src=\"https:\/\/i0.wp.com\/m.media-amazon.com\/images\/S\/aplus-media\/sc\/e5b92b4f-b155-42a4-a893-778c5e13287b.__CR0,0,220,220_PT0_SX220_V1___.png?w=900&#038;ssl=1\" data-recalc-dims=\"1\" \/><\/p>\n<h4 class=\"a-spacing-mini\">Einteilige Formgebung<\/h4>\n<p class=\"a-size-small\">Einteiliges Design, Rahmen aus oxidierter Aluminiumlegierung, CNC-Material, nahtlose Verbindung mit den Originalgl\u00e4sern.<\/p>\n<\/div>\n<div class=\"apm-flex-item-fourth-width\">\n<p class=\"apm-text-center\"><img decoding=\"async\" class=\"\" src=\"https:\/\/i0.wp.com\/m.media-amazon.com\/images\/S\/aplus-media\/sc\/e5877d3f-9d37-4380-962d-e16c1d0dc45b.__CR0,0,220,220_PT0_SX220_V1___.png?w=900&#038;ssl=1\" alt=\"1\" data-src=\"https:\/\/i0.wp.com\/m.media-amazon.com\/images\/S\/aplus-media\/sc\/e5877d3f-9d37-4380-962d-e16c1d0dc45b.__CR0,0,220,220_PT0_SX220_V1___.png?w=900&#038;ssl=1\" data-recalc-dims=\"1\" \/><\/p>\n<h4 class=\"a-spacing-mini\">SCHOTT Low Dispersion Linsen<\/h4>\n<p class=\"a-size-small\">Mit deutschen Schott Low-Dispersion-Linsen, die Buntheit beseitigen und die Farbe wiederherstellen.<\/p>\n<\/div>\n<div class=\"apm-flex-item-fourth-width\">\n<p class=\"apm-text-center\"><img decoding=\"async\" class=\"\" src=\"https:\/\/i0.wp.com\/m.media-amazon.com\/images\/S\/aplus-media\/sc\/43312fe6-ade4-4960-b8ab-1092e3fbfdaa.__CR0,0,220,220_PT0_SX220_V1___.png?w=900&#038;ssl=1\" alt=\"1\" data-src=\"https:\/\/i0.wp.com\/m.media-amazon.com\/images\/S\/aplus-media\/sc\/43312fe6-ade4-4960-b8ab-1092e3fbfdaa.__CR0,0,220,220_PT0_SX220_V1___.png?w=900&#038;ssl=1\" data-recalc-dims=\"1\" \/><\/p>\n<h4 class=\"a-spacing-mini\">30-fache Nano-Beschichtung auf beiden Seiten<\/h4>\n<p class=\"a-size-small\">Reduziert effektiv Blendeffekte und interne Reflektionen. HD-Bilder sind leicht zu erreichen.<\/p>\n<\/div>\n<div class=\"apm-flex-item-fourth-width\">\n<p class=\"apm-text-center\"><img decoding=\"async\" class=\"\" src=\"https:\/\/i0.wp.com\/m.media-amazon.com\/images\/S\/aplus-media\/sc\/0ace2c8e-5e76-495e-ac61-c82ccaaa1f4b.__CR0,0,220,220_PT0_SX220_V1___.png?w=900&#038;ssl=1\" alt=\"1\" data-src=\"https:\/\/i0.wp.com\/m.media-amazon.com\/images\/S\/aplus-media\/sc\/0ace2c8e-5e76-495e-ac61-c82ccaaa1f4b.__CR0,0,220,220_PT0_SX220_V1___.png?w=900&#038;ssl=1\" data-recalc-dims=\"1\" \/><\/p>\n<h4 class=\"a-spacing-mini\">Einfach zu installieren und zu lagern<\/h4>\n<p class=\"a-size-small\">Schnelle Installation durch 52mm Bajonett, das Objektiv beeintr\u00e4chtigt nicht die urspr\u00fcngliche Objektivschrumpfung.<\/p>\n<\/div>\n<\/div>\n<\/div>\n<div><\/div>\n<\/div>\n<div class=\"celwidget aplus-module 3p-module-b aplus-standard\" data-csa-c-id=\"i0svt7-ju6258-5jesru-89y5ck\" data-cel-widget=\"aplus-3p-module-b\">\n<div class=\"aplus-module-wrapper aplus-3p-fixed-width\">\n<p><img decoding=\"async\" class=\"a-spacing-base\" src=\"https:\/\/i0.wp.com\/m.media-amazon.com\/images\/S\/aplus-media-library-service-media\/0f2fc62a-47ba-4a3b-908e-dcadceac0c10.__CR0,0,970,600_PT0_SX970_V1___.jpg?w=900&#038;ssl=1\" alt=\"2229\" data-src=\"https:\/\/i0.wp.com\/m.media-amazon.com\/images\/S\/aplus-media-library-service-media\/0f2fc62a-47ba-4a3b-908e-dcadceac0c10.__CR0,0,970,600_PT0_SX970_V1___.jpg?w=900&#038;ssl=1\" data-recalc-dims=\"1\" \/><\/p>\n<h3 class=\"a-spacing-mini\">Hinweis zur Installation:<\/h3>\n<p class=\"a-spacing-base\">Der Adapterring kann NUR fest installiert werden, wenn die Kamera eingeschaltet ist. Wenn Sie ihn installieren, w\u00e4hrend die Kamera ausgeschaltet ist, besteht die Gefahr, dass er herunterf\u00e4llt.<\/p>\n<\/div>\n<\/div>\n<div class=\"celwidget aplus-module module-11 aplus-standard\" data-csa-c-id=\"j66x06-h1w94k-ks8sx0-cf7kjc\" data-cel-widget=\"aplus-module-11\">\n<div class=\"aplus-module-wrapper apm-spacing apm-floatnone apm-fixed-width\">\n<div class=\"apm-sidemodule aplus-module-content\">\n<div class=\"apm-hero-image\"><img decoding=\"async\" class=\"\" src=\"https:\/\/i0.wp.com\/m.media-amazon.com\/images\/S\/aplus-media-library-service-media\/b04fc394-877b-467a-914b-6f606c77868a.__CR0,0,970,300_PT0_SX970_V1___.jpg?w=900&#038;ssl=1\" alt=\"2229\" data-src=\"https:\/\/i0.wp.com\/m.media-amazon.com\/images\/S\/aplus-media-library-service-media\/b04fc394-877b-467a-914b-6f606c77868a.__CR0,0,970,300_PT0_SX970_V1___.jpg?w=900&#038;ssl=1\" data-recalc-dims=\"1\" \/><\/div>\n<\/div>\n<\/div>\n<\/div>\n","protected":false},"excerpt":{"rendered":"<ul class=\"a-unordered-list a-vertical a-spacing-mini\">\n<li class=\"a-spacing-mini\"><span class=\"a-list-item\">\u301018mm Weitwinkelobjektiv\u3011- Das WL-1 ZV1 Zusatzobjektiv kann das Sony ZV1 24mm Objektiv in ein 18mm Weitwinkelobjektiv verwandeln. HINWEIS:Das Weitwinkelobjektiv kann nicht einzeln verwendet werden. Es muss zusammen mit dem Makroobjektiv verwendet werden.<\/span><\/li>\n<li class=\"a-spacing-mini\"><span class=\"a-list-item\">\u301010X Makroobjektiv\u3011- Das Makroobjektiv kann das Sony ZVI Originalobjektiv in ein 10X Makroobjektiv verwandeln. Mit dem zus\u00e4tzlichen Objektiv k\u00f6nnen Sie die wunderbare Welt der Mikrofotografie erleben. HINWEIS: Wenn Sie das Makroobjektiv verwenden, nehmen Sie bitte die Weitwinkellinse ab, sie kann gegen den Uhrzeigersinn abgenommen werden.<\/span><\/li>\n<li class=\"a-spacing-mini\"><span class=\"a-list-item\">\u3010HD Bild ohne Vignettierung\u3011- Mit deutschem Schott Low-Dispersion Objektiv, beseitigen Sie Buntheit und stellen die Farbe wieder her. Einteiliger Rahmen aus oxidierter Aluminium-Legierung. CNC-Material, nahtlose Verbindung mit Original-Objektiv.<\/span><\/li>\n<li class=\"a-spacing-mini\"><span class=\"a-list-item\">\u3010NO Big Head Photo\u3011 &#8211; 30-fache Nano-Beschichtung auf beiden Seiten. Reduziert effektiv Blendeffekte und interne Reflexionen. HD-Bilder sind einfach zu erreichen.<\/span><\/li>\n<li class=\"a-spacing-mini\"><span class=\"a-list-item\">\u3010Einfach zu installieren und zu lagern\u3011 &#8211; Kleben Sie den Adapterring auf das Kameraobjektiv, dann k\u00f6nnen Sie das Objektiv schnell \u00fcber den Adapterring installieren und entfernen.<\/span><\/li>\n<\/ul>\n","protected":false},"featured_media":9242,"comment_status":"open","ping_status":"closed","template":"","meta":{"_et_pb_use_builder":"","_et_pb_old_content":"","_et_gb_content_width":""},"product_brand":[],"product_cat":[1576],"product_tag":[],"class_list":{"0":"post-9243","1":"product","2":"type-product","3":"status-publish","4":"has-post-thumbnail","6":"product_cat-kamerazubehoer","8":"first","9":"instock","10":"taxable","11":"shipping-taxable","12":"purchasable","13":"product-type-simple"},"exclude_global_add_ons":[],"addons":[],"jetpack-related-posts":[{"id":9506,"url":"https:\/\/anythingtechnicallc.com\/index.php\/de\/product\/sony-zv-1f-vlog-kamera-fuer-content-creators-und-vlogger\/","url_meta":{"origin":9243,"position":0},"title":"Sony ZV-1F Vlog Kamera f\u00fcr Content Creators und Vlogger","date":"March 21, 2026","format":false,"excerpt":"Mit der ZV-1F k\u00f6nnen Sie alles festhalten - sie erm\u00f6glicht es Ihnen, ein Gruppen-Selfie zusammen mit einem weitl\u00e4ufigen Blick auf die Hintergrundkulisse aufzunehmen. Da das Ultraweitwinkelobjektiv der Kamera mit 20 mm1 ein gr\u00f6\u00dferes Sichtfeld als das menschliche Gesichtsfeld erfasst, k\u00f6nnen Sie Bilder mit beeindruckender Tiefe und Perspektive aufnehmen. Machen Sie\u2026","rel":"","context":"Similar post","img":{"alt_text":"","src":"https:\/\/i0.wp.com\/anythingtechnicallc.com\/wp-content\/uploads\/2025\/08\/81lRtfnLuiL._AC_SL1500_.jpg?fit=1200%2C1085&ssl=1&resize=350%2C200","width":350,"height":200},"classes":[]},{"id":9503,"url":"https:\/\/anythingtechnicallc.com\/index.php\/de\/product\/canon-powershot-v10-kamera-content-creator-kompaktkamera-fuer-vlogging-festes-19mm-weitwinkelobjektiv-4k-video-gesichtserkennung-integriertes-mikrofon-live-streaming-integrierter-staender-schw\/","url_meta":{"origin":9243,"position":1},"title":"Canon PowerShot V10 Kamera, Content Creator Kompaktkamera f\u00fcr Vlogging, festes 19mm Weitwinkelobjektiv, 4K Video, Gesichtserkennung, integriertes Mikrofon, Live Streaming, integrierter St\u00e4nder, Schwarz","date":"March 21, 2026","format":false,"excerpt":"Mit der Canon PowerShot V10 Vlogging-Kamera f\u00fcr Content Creators k\u00f6nnen Sie Ihrer Kreativit\u00e4t auch unterwegs freien Lauf lassen. Die PowerShot V10 ist eine Vlogging- und Fotokamera in einem neuen, \u00e4u\u00dferst tragbaren Format mit Komponenten aus der beliebten G-Serie, mit der Sie beeindruckende Videos erstellen k\u00f6nnen. Mit Stereotonaufnahme, integriertem Stativ und\u2026","rel":"","context":"Similar post","img":{"alt_text":"","src":"https:\/\/i0.wp.com\/anythingtechnicallc.com\/wp-content\/uploads\/2025\/08\/61qhyHDMGFL._AC_SL1500_.jpg?fit=790%2C1200&ssl=1&resize=350%2C200","width":350,"height":200},"classes":[]},{"id":9509,"url":"https:\/\/anythingtechnicallc.com\/index.php\/de\/product\/insta360-go-3s-128-gb-weiss-4k-winzige-tragbare-vlogging-kamera-freihaendige-povs-ueberall-montierbar-stabilisierung-140-min-akkulaufzeit-10m-wasserdicht-apple-find-my-pet-pov\/","url_meta":{"origin":9243,"position":2},"title":"Insta360 GO 3S &#8211; 128 GB Wei\u00df 4K Winzige tragbare Vlogging-Kamera, freih\u00e4ndige POVs, \u00fcberall montierbar, Stabilisierung, 140 Min. Akkulaufzeit, 10m wasserdicht, Apple Find My, Pet POV","date":"March 21, 2026","format":false,"excerpt":"1.4OZ (39G) & Daumengro\u00df- Erschlie\u00dfen Sie sich grenzenlose Kreativit\u00e4t mit der Insta360 GO 3S, einer winzigen, leistungsstarken 4K-Kamera mit einem Gewicht von nur 1.4oz (39g). Hochwertige Aufnahmen in einem winzigen, aber m\u00e4chtigen Paket. 4K HANDS-FREE POVS - Ein leistungsstarker Chip f\u00fcr hochwertiges Filmmaterial und ein neues Weitwinkelobjektiv. Nehmen Sie 4K-Freihand-POVs\u2026","rel":"","context":"Similar post","img":{"alt_text":"","src":"https:\/\/i0.wp.com\/anythingtechnicallc.com\/wp-content\/uploads\/2025\/08\/71ti3cYFEwL._AC_SL1500_.jpg?fit=1122%2C1200&ssl=1&resize=350%2C200","width":350,"height":200},"classes":[]},{"id":9500,"url":"https:\/\/anythingtechnicallc.com\/index.php\/de\/product\/die-erneuerte-sony-zv-1-digitalkamera-fuer-content-creators-vlogging-und-youtube-mit-flip-screen-integriertem-mikrofon-4k-hdr-video-touchscreen-display-live-video-streaming-webcam\/","url_meta":{"origin":9243,"position":3},"title":"Die erneuerte Sony ZV-1 Digitalkamera f\u00fcr Content Creators, Vlogging und YouTube mit Flip Screen, integriertem Mikrofon, 4K HDR Video, Touchscreen Display, Live Video Streaming, Webcam","date":"March 21, 2026","format":false,"excerpt":"20,1MP gestapelter, hintergrundbeleuchteter 1\" Exmor RS CMOS Sensor mit DRAM. ZEISS Vario-Sonnar T Objektiv 24-70mm1 F1.8-2.8 mit gro\u00dfer Blenden\u00f6ffnung.Bluetooth : Ja (Bluetooth Standard Ver. 4.1 (2.4 GHz Band)). Betriebstemperatur : 0 Grad C. - +40 Grad C. \/ 32 Grad F. - 104 Grad F. Schneller Hybrid-Autofokus und Echtzeit-Augen-Autofokus und\u2026","rel":"","context":"Similar post","img":{"alt_text":"","src":"https:\/\/i0.wp.com\/anythingtechnicallc.com\/wp-content\/uploads\/2025\/08\/51Zj4waDDiS._AC_SL1000_.jpg?fit=1000%2C655&ssl=1&resize=350%2C200","width":350,"height":200},"classes":[]},{"id":9886,"url":"https:\/\/anythingtechnicallc.com\/index.php\/de\/product\/sony-ecm-vg1-short-shotgun-mikrofon-gebraucht-wie-neu\/","url_meta":{"origin":9243,"position":4},"title":"Sony ECM-VG1 Short Shotgun Mikrofon Gebraucht Wie Neu","date":"April 15, 2026","format":false,"excerpt":"Mit seinem ultraleichten Geh\u00e4use und dem weichen Klang bietet das Richtrohrmikrofon ECM-VG1 von Sony ein starkes, sauberes Ausgangssignal f\u00fcr Event-Videodrehs, Indie-Filmproduktionen, Fernseh- und Dokumentarfilme, Gerichtsverhandlungen und vieles mehr. Mit einem Gewicht von nur 2,3 Unzen kann es auf einem Camcorder platziert oder an einer Galgenstange befestigt werden, ohne dass das\u2026","rel":"","context":"Similar post","img":{"alt_text":"","src":"https:\/\/i0.wp.com\/anythingtechnicallc.com\/wp-content\/uploads\/2026\/03\/Sony-ECM-VG1-Shotgun-Microphone-1.jpg?fit=900%2C1200&ssl=1&resize=350%2C200","width":350,"height":200},"classes":[]},{"id":8992,"url":"https:\/\/anythingtechnicallc.com\/index.php\/de\/product\/sony-mdr7506-professioneller-grossmembrankopfhoerer\/","url_meta":{"origin":9243,"position":5},"title":"Sony MDR7506 Professioneller Gro\u00dfmembrankopfh\u00f6rer","date":"March 18, 2026","format":false,"excerpt":"Neodym-Magnete und 40-Millimeter-Treiber f\u00fcr kraftvollen, detaillierten Klang.Spezifische Verwendungszwecke f\u00fcr das Produkt : Professionelles Audiosystem, Heim-Audiosystem. Das geschlossene Ohrdesign bietet Komfort und eine hervorragende Reduzierung von Au\u00dfenger\u00e4uschen. Das 9,8 Fu\u00df lange Kabel endet in einem vergoldeten Stecker und ist nicht abnehmbar; 1\/4-Zoll-Adapter im Lieferumfang enthalten. Kann zur Aufbewahrung oder zum Transport\u2026","rel":"","context":"Similar post","img":{"alt_text":"","src":"https:\/\/i0.wp.com\/anythingtechnicallc.com\/wp-content\/uploads\/2024\/09\/61KHrqp9C5L._AC_SL1200_.jpg?fit=755%2C1200&ssl=1&resize=350%2C200","width":350,"height":200},"classes":[]}],"pll_sync_post":[],"lang":"de","translations":{"de":9243,"en":6853},"_links":{"self":[{"href":"https:\/\/anythingtechnicallc.com\/index.php\/wp-json\/wp\/v2\/product\/9243","targetHints":{"allow":["GET"]}}],"collection":[{"href":"https:\/\/anythingtechnicallc.com\/index.php\/wp-json\/wp\/v2\/product"}],"about":[{"href":"https:\/\/anythingtechnicallc.com\/index.php\/wp-json\/wp\/v2\/types\/product"}],"replies":[{"embeddable":true,"href":"https:\/\/anythingtechnicallc.com\/index.php\/wp-json\/wp\/v2\/comments?post=9243"}],"wp:featuredmedia":[{"embeddable":true,"href":"https:\/\/anythingtechnicallc.com\/index.php\/wp-json\/wp\/v2\/media\/9242"}],"wp:attachment":[{"href":"https:\/\/anythingtechnicallc.com\/index.php\/wp-json\/wp\/v2\/media?parent=9243"}],"wp:term":[{"taxonomy":"product_brand","embeddable":true,"href":"https:\/\/anythingtechnicallc.com\/index.php\/wp-json\/wp\/v2\/product_brand?post=9243"},{"taxonomy":"product_cat","embeddable":true,"href":"https:\/\/anythingtechnicallc.com\/index.php\/wp-json\/wp\/v2\/product_cat?post=9243"},{"taxonomy":"product_tag","embeddable":true,"href":"https:\/\/anythingtechnicallc.com\/index.php\/wp-json\/wp\/v2\/product_tag?post=9243"}],"curies":[{"name":"wp","href":"https:\/\/api.w.org\/{rel}","templated":true}]}}