{"id":9246,"date":"2026-03-19T06:26:42","date_gmt":"2026-03-19T06:26:42","guid":{"rendered":"https:\/\/anythingtechnicallc.com\/?post_type=product&#038;p=9246"},"modified":"2026-03-19T06:26:42","modified_gmt":"2026-03-19T06:26:42","slug":"rode-wireless-go-ii-zweikanal-drahtlossystem-mit-eingebauten-mikrofonen-mit-analogen-und-digitalen-usb-ausgaengen-kompatibel-mit-kameras-windows-und-macos-computern-ios-und-android-handys","status":"publish","type":"product","link":"https:\/\/anythingtechnicallc.com\/index.php\/de\/product\/rode-wireless-go-ii-zweikanal-drahtlossystem-mit-eingebauten-mikrofonen-mit-analogen-und-digitalen-usb-ausgaengen-kompatibel-mit-kameras-windows-und-macos-computern-ios-und-android-handys\/","title":{"rendered":"R\u00d8DE Wireless Go II Zweikanal-Drahtlossystem mit eingebauten Mikrofonen mit analogen und digitalen USB-Ausg\u00e4ngen, kompatibel mit Kameras, Windows- und MacOS-Computern, iOS- und Android-Handys"},"content":{"rendered":"<ul class=\"a-unordered-list a-vertical a-spacing-mini\">\n<li class=\"a-spacing-mini\"><span class=\"a-list-item\">Ultrakompaktes und benutzerfreundliches drahtloses Zweikanal-Mikrofonsystem f\u00fcr Filmemachen, Vlogging, TikTok, Streaming, Podcasting und Videoanrufe (Zoom, MS Teams usw.)<\/span><\/li>\n<li class=\"a-spacing-mini\"><span class=\"a-list-item\">Analoge und digitale USB-Ausg\u00e4nge, die mit Kameras, Windows- und MacOS-Computern, iOS- und Android-Telefonen kompatibel sind, f\u00fcr den vielseitigen Einsatz in einer Reihe von Umgebungen (f\u00fcr einige Ger\u00e4te kann ein zus\u00e4tzliches Kabel erforderlich sein)<\/span><\/li>\n<li class=\"a-spacing-mini\"><span class=\"a-list-item\">Die Transmitter verf\u00fcgen \u00fcber eine integrierte Aufzeichnungsfunktion von \u00fcber 40 Stunden, die eine einwandfreie Audio\u00fcbertragung in allen Umgebungen gew\u00e4hrleistet &#8211; Sie m\u00fcssen sich keine Sorgen \u00fcber Funkaussetzer machen<\/span><\/li>\n<li class=\"a-spacing-mini\"><span class=\"a-list-item\">Dank des winzigen Formfaktors und der eingebauten Mikrofone k\u00f6nnen die Sender direkt am Talent befestigt oder als herk\u00f6mmliche G\u00fcrteltasche mit einem Lavalier-Mikrofon verwendet werden.<\/span><\/li>\n<li class=\"a-spacing-mini\"><span class=\"a-list-item\">Vollst\u00e4ndig kompatibel mit der kostenlosen R\u00d8DE Connect Podcasting- und Streaming-Software f\u00fcr zus\u00e4tzliche Flexibilit\u00e4t bei der Aufnahme, dem Streaming oder der Videotelefonie vom Computer aus<\/span><\/li>\n<\/ul>\n","protected":false},"excerpt":{"rendered":"<ul class=\"a-unordered-list a-vertical a-spacing-mini\">\n<li class=\"a-spacing-mini\"><span class=\"a-list-item\">Ultrakompaktes und einfach zu bedienendes drahtloses Zweikanal-Mikrofonsystem f\u00fcr Filmaufnahmen, Vlogging, TikTok, Streaming, Podcasting und Videoanrufe (Zoom, MS Teams usw.)<\/span><\/li>\n<li class=\"a-spacing-mini\"><span class=\"a-list-item\">Analoge und digitale USB-Ausg\u00e4nge, die mit Kameras, Windows- und MacOS-Computern, iOS- und Android-Telefonen kompatibel sind, f\u00fcr den vielseitigen Einsatz in einer Reihe von Umgebungen (f\u00fcr einige Ger\u00e4te kann ein zus\u00e4tzliches Kabel erforderlich sein)<\/span><\/li>\n<li class=\"a-spacing-mini\"><span class=\"a-list-item\">Die Transmitter verf\u00fcgen \u00fcber eine integrierte Aufzeichnungsfunktion von \u00fcber 40 Stunden, die eine einwandfreie Audioqualit\u00e4t in allen Umgebungen gew\u00e4hrleistet &#8211; Sie m\u00fcssen sich keine Sorgen \u00fcber Funkaussetzer machen<\/span><\/li>\n<li class=\"a-spacing-mini\"><span class=\"a-list-item\">Dank des winzigen Formfaktors und der eingebauten Mikrofone k\u00f6nnen die Sender direkt am Talent befestigt oder als herk\u00f6mmliche G\u00fcrteltasche mit einem Lavalier-Mikrofon verwendet werden.<\/span><\/li>\n<li class=\"a-spacing-mini\"><span class=\"a-list-item\">Vollst\u00e4ndig kompatibel mit der kostenlosen R\u00d8DE Connect Podcasting- und Streaming-Software f\u00fcr zus\u00e4tzliche Flexibilit\u00e4t bei der Aufnahme, dem Streaming oder der Videotelefonie vom Computer aus<\/span><\/li>\n<\/ul>\n","protected":false},"featured_media":9245,"comment_status":"open","ping_status":"closed","template":"","meta":{"_et_pb_use_builder":"","_et_pb_old_content":"","_et_gb_content_width":""},"product_brand":[],"product_cat":[1372],"product_tag":[],"class_list":{"0":"post-9246","1":"product","2":"type-product","3":"status-publish","4":"has-post-thumbnail","6":"product_cat-elektronik","8":"first","9":"instock","10":"sale","11":"taxable","12":"shipping-taxable","13":"purchasable","14":"product-type-simple"},"exclude_global_add_ons":[],"addons":[],"jetpack-related-posts":[{"id":9831,"url":"https:\/\/anythingtechnicallc.com\/index.php\/de\/product\/apple-ipad-11-zoll-a16-chip-11-zoll-modell-liquid-retina-display-128gb-wi-fi-6-12mp-front-12mp-rueckkamera-touch-id-ganztaegige-batterielaufzeit-blau\/","url_meta":{"origin":9246,"position":0},"title":"Apple iPad 11-Zoll: A16 Chip, 11-Zoll Modell, Liquid Retina Display, 128GB, Wi-Fi 6, 12MP Front-\/12MP R\u00fcckkamera, Touch ID, Ganzt\u00e4gige Batterielaufzeit &#8211; Blau","date":"April 8, 2026","format":false,"excerpt":"WARUM IPAD - Das 11-Zoll-iPad ist jetzt leistungsf\u00e4higer denn je mit dem superschnellen A16-Chip, einem atemberaubenden Liquid Retina-Display, fortschrittlichen Kameras, schnellem Wi-Fi, USB-C-Anschluss und vier pr\u00e4chtigen Farben.* Das iPad bietet eine leistungsstarke M\u00f6glichkeit, zu kreieren, in Verbindung zu bleiben und Dinge zu erledigen. LEISTUNG UND SPEICHER - Der superschnelle A16\u2026","rel":"","context":"Similar post","img":{"alt_text":"","src":"https:\/\/i0.wp.com\/anythingtechnicallc.com\/wp-content\/uploads\/2026\/03\/61aPY8odPSL._AC_SL1500_.jpg?fit=1061%2C1200&ssl=1&resize=350%2C200","width":350,"height":200},"classes":[]},{"id":9139,"url":"https:\/\/anythingtechnicallc.com\/index.php\/de\/product\/audio-technica-ath-m50x-professioneller-studio-monitor-kopfhoerer-schwarz\/","url_meta":{"origin":9246,"position":1},"title":"Audio-Technica ATH-M50x Professioneller Studio-Monitor-Kopfh\u00f6rer, Schwarz","date":"March 19, 2026","format":false,"excerpt":"Von Top-Audio-Ingenieuren und Pro-Audio-Rezensenten gelobte klangliche Leistung. Propriet\u00e4re 45-Millimeter-Treiber mit gro\u00dfen \u00d6ffnungen, Seltenerdmagneten und kupferummantelten Aluminiumdraht-Schwingspulen. Au\u00dfergew\u00f6hnliche Klarheit \u00fcber einen erweiterten Frequenzbereich mit tiefer, pr\u00e4ziser Basswiedergabe. Das ohrumschlie\u00dfende Design schmiegt sich an die Ohren an und sorgt f\u00fcr eine hervorragende Schallisolierung in lauten Umgebungen. Um 90 Grad schwenkbare Ohrmuscheln f\u00fcr\u2026","rel":"","context":"Similar post","img":{"alt_text":"","src":"https:\/\/i0.wp.com\/anythingtechnicallc.com\/wp-content\/uploads\/2025\/02\/81v8UeBnyeL._AC_SL1500_.jpg?fit=603%2C1200&ssl=1&resize=350%2C200","width":350,"height":200},"classes":[]},{"id":9629,"url":"https:\/\/anythingtechnicallc.com\/index.php\/de\/product\/gebrauchter-hp-usb-c-dock-g5-11-in-1-adapter-fuer-usb-c-und-thunderbolt-faehige-laptops-pcs-und-notebooks-ein-einziges-kabel-zum-laden-vernetzen-oder-fuer-datenuebertragungen-ideal-fuer-sicheres\/","url_meta":{"origin":9246,"position":2},"title":"Gebrauchter HP USB-C Dock G5-11-in-1 Adapter f\u00fcr USB-C und Thunderbolt-f\u00e4hige Laptops, PCs und Notebooks &#8211; ein einziges Kabel zum Laden, Vernetzen oder f\u00fcr Daten\u00fcbertragungen &#8211; ideal f\u00fcr sicheres &#038; Remote Management","date":"March 24, 2026","format":false,"excerpt":"Machen Sie sich an die Arbeit mit dem vielseitigen, eleganten und platzsparenden HP USB-C Dock G5. Diese USB-Dockingstation ist mit HP Laptops, MacBook\u00ae Computern und anderen Notebooks (2) kompatibel und eignet sich dank ihres geringen Platzbedarfs und der Einrichtung mit nur einem Kabel hervorragend zur Organisation Ihres Schreibtisches. Ganz gleich,\u2026","rel":"","context":"Similar post","img":{"alt_text":"","src":"https:\/\/i0.wp.com\/anythingtechnicallc.com\/wp-content\/uploads\/2025\/10\/HP-USB-C-Dock-G5.webp?fit=1200%2C675&ssl=1&resize=350%2C200","width":350,"height":200},"classes":[]},{"id":9249,"url":"https:\/\/anythingtechnicallc.com\/index.php\/de\/product\/dji-mic-mini-2-tx-1-rx-ladekoffer-drahtloses-mikrofon-fuer-iphone-kamera-android-ultraleicht-detailreiches-audio-48h-nutzung-geraeuschunterdrueckung-automatische-begrenzung-vlog-streamin\/","url_meta":{"origin":9246,"position":3},"title":"DJI Mic Mini (2 TX + 1 RX + Ladekoffer), drahtloses Mikrofon f\u00fcr iPhone\/Kamera\/Android, ultraleicht, detailreiches Audio, 48h Nutzung, Ger\u00e4uschunterdr\u00fcckung, automatische Begrenzung, Vlog, Streaming","date":"March 19, 2026","format":false,"excerpt":"Klein, aber oho - Der DJI Mic Mini Lavaliermikrofon-Sender ist klein und ultraleicht, er wiegt nur 10 g [1] und ist daher angenehm zu tragen, diskret und \u00e4sthetisch ansprechend f\u00fcr die Kamera. Detailreicher Klang - Die drahtlosen Mic Mini-Mikrofone liefern hochwertige Audioqualit\u00e4t. Eine maximale \u00dcbertragungsreichweite von 400 m [2] sorgt\u2026","rel":"","context":"Similar post","img":{"alt_text":"","src":"https:\/\/i0.wp.com\/anythingtechnicallc.com\/wp-content\/uploads\/2025\/06\/6132m-fHnjL._AC_SL1500_.jpg?fit=1200%2C1049&ssl=1&resize=350%2C200","width":350,"height":200},"classes":[]},{"id":9886,"url":"https:\/\/anythingtechnicallc.com\/index.php\/de\/product\/sony-ecm-vg1-short-shotgun-mikrofon-gebraucht-wie-neu\/","url_meta":{"origin":9246,"position":4},"title":"Sony ECM-VG1 Short Shotgun Mikrofon Gebraucht Wie Neu","date":"April 15, 2026","format":false,"excerpt":"Mit seinem ultraleichten Geh\u00e4use und dem weichen Klang bietet das Richtrohrmikrofon ECM-VG1 von Sony ein starkes, sauberes Ausgangssignal f\u00fcr Event-Videodrehs, Indie-Filmproduktionen, Fernseh- und Dokumentarfilme, Gerichtsverhandlungen und vieles mehr. Mit einem Gewicht von nur 2,3 Unzen kann es auf einem Camcorder platziert oder an einer Galgenstange befestigt werden, ohne dass das\u2026","rel":"","context":"Similar post","img":{"alt_text":"","src":"https:\/\/i0.wp.com\/anythingtechnicallc.com\/wp-content\/uploads\/2026\/03\/Sony-ECM-VG1-Shotgun-Microphone-1.jpg?fit=900%2C1200&ssl=1&resize=350%2C200","width":350,"height":200},"classes":[]},{"id":9714,"url":"https:\/\/anythingtechnicallc.com\/index.php\/de\/product\/bose-quietcomfort-35-serie-i-kabellose-kopfhoerer-geraeuschunterdrueckung-schwarz-erneuert\/","url_meta":{"origin":9246,"position":5},"title":"Bose QuietComfort 35 (Serie I) Kabellose Kopfh\u00f6rer, Ger\u00e4uschunterdr\u00fcckung &#8211; Schwarz (Erneuert)","date":"March 24, 2026","format":false,"excerpt":"Die kabellosen Kopfh\u00f6rer Quiet Comfort 35 sind mit einer erstklassigen Ger\u00e4uschunterdr\u00fcckung ausgestattet, die daf\u00fcr sorgt, dass leise Ger\u00e4usche leiser und Musik besser klingt. Befreien Sie sich von Kabeln und verbinden Sie sich ganz einfach mit Ihren Ger\u00e4ten per Bluetooth und NFC-Kopplung. Der volumenoptimierte Equalizer sorgt f\u00fcr eine ausgewogene Audiowiedergabe bei\u2026","rel":"","context":"Similar post","img":{"alt_text":"","src":"https:\/\/i0.wp.com\/anythingtechnicallc.com\/wp-content\/uploads\/2026\/02\/Bose-QuietComfort-35.jpg?fit=1200%2C900&ssl=1&resize=350%2C200","width":350,"height":200},"classes":[]}],"pll_sync_post":[],"lang":"de","translations":{"de":9246,"en":6857},"_links":{"self":[{"href":"https:\/\/anythingtechnicallc.com\/index.php\/wp-json\/wp\/v2\/product\/9246","targetHints":{"allow":["GET"]}}],"collection":[{"href":"https:\/\/anythingtechnicallc.com\/index.php\/wp-json\/wp\/v2\/product"}],"about":[{"href":"https:\/\/anythingtechnicallc.com\/index.php\/wp-json\/wp\/v2\/types\/product"}],"replies":[{"embeddable":true,"href":"https:\/\/anythingtechnicallc.com\/index.php\/wp-json\/wp\/v2\/comments?post=9246"}],"wp:featuredmedia":[{"embeddable":true,"href":"https:\/\/anythingtechnicallc.com\/index.php\/wp-json\/wp\/v2\/media\/9245"}],"wp:attachment":[{"href":"https:\/\/anythingtechnicallc.com\/index.php\/wp-json\/wp\/v2\/media?parent=9246"}],"wp:term":[{"taxonomy":"product_brand","embeddable":true,"href":"https:\/\/anythingtechnicallc.com\/index.php\/wp-json\/wp\/v2\/product_brand?post=9246"},{"taxonomy":"product_cat","embeddable":true,"href":"https:\/\/anythingtechnicallc.com\/index.php\/wp-json\/wp\/v2\/product_cat?post=9246"},{"taxonomy":"product_tag","embeddable":true,"href":"https:\/\/anythingtechnicallc.com\/index.php\/wp-json\/wp\/v2\/product_tag?post=9246"}],"curies":[{"name":"wp","href":"https:\/\/api.w.org\/{rel}","templated":true}]}}