{"id":9249,"date":"2026-03-19T06:27:44","date_gmt":"2026-03-19T06:27:44","guid":{"rendered":"https:\/\/anythingtechnicallc.com\/?post_type=product&#038;p=9249"},"modified":"2026-03-19T06:27:44","modified_gmt":"2026-03-19T06:27:44","slug":"dji-mic-mini-2-tx-1-rx-ladekoffer-drahtloses-mikrofon-fuer-iphone-kamera-android-ultraleicht-detailreiches-audio-48h-nutzung-geraeuschunterdrueckung-automatische-begrenzung-vlog-streamin","status":"publish","type":"product","link":"https:\/\/anythingtechnicallc.com\/index.php\/de\/product\/dji-mic-mini-2-tx-1-rx-ladekoffer-drahtloses-mikrofon-fuer-iphone-kamera-android-ultraleicht-detailreiches-audio-48h-nutzung-geraeuschunterdrueckung-automatische-begrenzung-vlog-streamin\/","title":{"rendered":"DJI Mic Mini (2 TX + 1 RX + Ladekoffer), drahtloses Mikrofon f\u00fcr iPhone\/Kamera\/Android, ultraleicht, detailreiches Audio, 48h Nutzung, Ger\u00e4uschunterdr\u00fcckung, automatische Begrenzung, Vlog, Streaming"},"content":{"rendered":"<ul class=\"a-unordered-list a-vertical a-spacing-mini\">\n<li class=\"a-spacing-mini\"><span class=\"a-list-item\">Klein, aber oho &#8211; Der DJI Mic Mini Lavaliermikrofon-Sender ist klein und ultraleicht, er wiegt nur 10 g [1] und ist daher angenehm zu tragen, diskret und \u00e4sthetisch ansprechend f\u00fcr die Kamera.<\/span><\/li>\n<li class=\"a-spacing-mini\"><span class=\"a-list-item\">Detailreicher Klang &#8211; Die drahtlosen Mic Mini-Mikrofone liefern hochwertige Audioqualit\u00e4t. Eine maximale \u00dcbertragungsreichweite von 400 m [2] sorgt f\u00fcr stabile Aufnahmen, selbst in belebten Au\u00dfenbereichen wie einer belebten Stra\u00dfe.<\/span><\/li>\n<li class=\"a-spacing-mini\"><span class=\"a-list-item\">Lange Akkulaufzeit, l\u00e4ngere Aufnahmezeit &#8211; Das drahtlose Lavalier-Mikrofon Mic Mini mit Ladekoffer bietet eine Akkulaufzeit von bis zu 48 Stunden [3], ideal f\u00fcr lange Reisen, Interviews, Livestreaming und andere intensive Nutzungsszenarien.<\/span><\/li>\n<li class=\"a-spacing-mini\"><span class=\"a-list-item\">DJI Ecosystem Direct Connection &#8211; Mit DJI OsmoAudio kann ein Sender ohne Empf\u00e4nger mit Osmo Action 5 Pro, Osmo Action 4, Osmo Mobile 7P oder Osmo Pocket 3 verbunden werden und liefert so erstklassigen Klang.<\/span><\/li>\n<li class=\"a-spacing-mini\"><span class=\"a-list-item\">Leistungsstarke Ger\u00e4uschunterdr\u00fcckung &#8211; Es stehen 2 Ger\u00e4uschunterdr\u00fcckungsstufen zur Verf\u00fcgung &#8211; Basic ist ideal f\u00fcr ruhige Umgebungen in Innenr\u00e4umen, w\u00e4hrend Strong sich in lauten Umgebungen auszeichnet und Ihnen klare Stimmen liefert. [8]<\/span><\/li>\n<li class=\"a-spacing-mini\"><span class=\"a-list-item\">Stets zuverl\u00e4ssiges Audio &#8211; Die DJI Mic Mini Wireless-Mikrofone verf\u00fcgen \u00fcber eine automatische Begrenzung der Lautst\u00e4rke, wenn der Audioeingang zu hoch ist, um \u00dcbersteuerungen zu vermeiden und eine zuverl\u00e4ssige Audioqualit\u00e4t in jeder Umgebung zu gew\u00e4hrleisten.<\/span><\/li>\n<li class=\"a-spacing-mini\"><span class=\"a-list-item\">Im Lieferumfang sind zwei DJI Mic Mini TX, ein RX, eine Ladetasche und weiteres Zubeh\u00f6r enthalten, so dass es f\u00fcr eine Vielzahl von erweiterten Szenarien wie Interviews, Livestreaming, Content-Erstellung und mehr optimiert ist.<\/span><\/li>\n<\/ul>\n","protected":false},"excerpt":{"rendered":"<ul class=\"a-unordered-list a-vertical a-spacing-mini\">\n<li class=\"a-spacing-mini\"><span class=\"a-list-item\">Klein, aber oho &#8211; Der DJI Mic Mini Lavaliermikrofon-Sender ist klein und ultraleicht, er wiegt nur 10 g [1] und ist daher angenehm zu tragen, diskret und \u00e4sthetisch ansprechend f\u00fcr die Kamera.<\/span><\/li>\n<li class=\"a-spacing-mini\"><span class=\"a-list-item\">Detailreicher Klang &#8211; Die drahtlosen Mic Mini-Mikrofone liefern hochwertige Audioqualit\u00e4t. Eine maximale \u00dcbertragungsreichweite von 400 m [2] sorgt f\u00fcr stabile Aufnahmen, selbst in belebten Au\u00dfenbereichen wie einer belebten Stra\u00dfe.<\/span><\/li>\n<li class=\"a-spacing-mini\"><span class=\"a-list-item\">Lange Akkulaufzeit, l\u00e4ngere Aufnahmezeit &#8211; Das drahtlose Lavalier-Mikrofon Mic Mini mit Ladekoffer bietet eine Akkulaufzeit von bis zu 48 Stunden [3], ideal f\u00fcr lange Reisen, Interviews, Livestreaming und andere intensive Nutzungsszenarien.<\/span><\/li>\n<li class=\"a-spacing-mini\"><span class=\"a-list-item\">DJI Ecosystem Direct Connection &#8211; Mit DJI OsmoAudio kann ein Sender ohne Empf\u00e4nger mit Osmo Action 5 Pro, Osmo Action 4, Osmo Mobile 7P oder Osmo Pocket 3 verbunden werden und liefert so erstklassigen Klang.<\/span><\/li>\n<li class=\"a-spacing-mini\"><span class=\"a-list-item\">Leistungsstarke Ger\u00e4uschunterdr\u00fcckung &#8211; Es stehen 2 Ger\u00e4uschunterdr\u00fcckungsstufen zur Verf\u00fcgung &#8211; Basic ist ideal f\u00fcr ruhige Umgebungen in Innenr\u00e4umen, w\u00e4hrend Strong sich in lauten Umgebungen auszeichnet und Ihnen klare Stimmen liefert. [8]<\/span><\/li>\n<li class=\"a-spacing-mini\"><span class=\"a-list-item\">Stets zuverl\u00e4ssiges Audio &#8211; Die DJI Mic Mini Wireless-Mikrofone verf\u00fcgen \u00fcber eine automatische Begrenzung der Lautst\u00e4rke, wenn der Audioeingang zu hoch ist, um \u00dcbersteuerungen zu vermeiden und eine zuverl\u00e4ssige Audioqualit\u00e4t in jeder Umgebung zu gew\u00e4hrleisten.<\/span><\/li>\n<li class=\"a-spacing-mini\"><span class=\"a-list-item\">Im Lieferumfang sind zwei DJI Mic Mini TX, ein RX, eine Ladetasche und weiteres Zubeh\u00f6r enthalten, so dass es f\u00fcr eine Vielzahl von erweiterten Szenarien wie Interviews, Livestreaming, Content-Erstellung und mehr optimiert ist.<\/span><\/li>\n<\/ul>\n","protected":false},"featured_media":9248,"comment_status":"open","ping_status":"closed","template":"","meta":{"_et_pb_use_builder":"","_et_pb_old_content":"","_et_gb_content_width":""},"product_brand":[],"product_cat":[1372],"product_tag":[],"class_list":{"0":"post-9249","1":"product","2":"type-product","3":"status-publish","4":"has-post-thumbnail","6":"product_cat-elektronik","8":"first","9":"instock","10":"sale","11":"taxable","12":"shipping-taxable","13":"purchasable","14":"product-type-simple"},"exclude_global_add_ons":[],"addons":[],"jetpack-related-posts":[{"id":9512,"url":"https:\/\/anythingtechnicallc.com\/index.php\/de\/product\/dji-osmo-action-5-pro-standard-combo-wasserdichte-action-kamera-mit-1-1-3-sensor-4k-120fps-video-motivverfolgung-stabilisierung-dual-oled-touchscreens-action-kamera-4k-ideal-fuer-sport-vlog\/","url_meta":{"origin":9249,"position":0},"title":"DJI Osmo Action 5 Pro Standard Combo, Wasserdichte Action-Kamera mit 1\/1.3&#8243; Sensor, 4K\/120fps Video, Motivverfolgung, Stabilisierung, Dual OLED Touchscreens, Action-Kamera 4K Ideal f\u00fcr Sport, Vlog","date":"March 21, 2026","format":false,"excerpt":"Halten Sie n\u00e4chtliche Stadtlandschaften fest - Osmo Action 5 Pro verf\u00fcgt \u00fcber einen neuen 1\/1,3\u2033-Sensor f\u00fcr atemberaubendes Low-Light. Ideal f\u00fcr n\u00e4chtliche Fahrradabenteuer in dunklen Umgebungen. Verbesserte Motivverfolgung - 4nm Chip f\u00fcr schnelle, zuverl\u00e4ssige Aufnahmen. Halten Sie sich schnell bewegende Motive in der Mitte. [7] Der 4nm-Chip sorgt f\u00fcr einen reibungslosen\u2026","rel":"","context":"Similar post","img":{"alt_text":"","src":"https:\/\/i0.wp.com\/anythingtechnicallc.com\/wp-content\/uploads\/2025\/08\/71pg9H7KEuL._AC_SL1500_.jpg?fit=1200%2C976&ssl=1&resize=350%2C200","width":350,"height":200},"classes":[]},{"id":9494,"url":"https:\/\/anythingtechnicallc.com\/index.php\/de\/product\/dji-osmo-pocket-3-creator-combo-vlogging-kamera-mit-1-cmos-4k-120fps-vlog-kamera-3-achsen-stabilisierung-gesichts-objektverfolgung-inkl-mikrofon-fuer-klaren-ton-digitale-vlogging-kamera-fu\/","url_meta":{"origin":9249,"position":1},"title":"DJI Osmo Pocket 3 Creator Combo, Vlogging-Kamera mit 1&#8221; CMOS, 4K\/120fps Vlog-Kamera, 3-Achsen-Stabilisierung, Gesichts-\/Objektverfolgung, inkl. Mikrofon f\u00fcr klaren Ton, digitale Vlogging-Kamera f\u00fcr YouTube","date":"March 21, 2026","format":false,"excerpt":"Ob auf Reisen, bei einem Nachmittag im Park mit der Familie oder beim Vloggen Ihres t\u00e4glichen Lebens - mit dem Osmo Pocket 3 k\u00f6nnen Sie unterwegs atemberaubend fl\u00fcssige Aufnahmen machen. Bitte aktualisieren Sie die Firmware auf die neueste Version f\u00fcr ein besseres Benutzererlebnis. * Aufgrund von Kompatibilit\u00e4tsproblemen mit der Plattform\u2026","rel":"","context":"Similar post","img":{"alt_text":"","src":"https:\/\/i0.wp.com\/anythingtechnicallc.com\/wp-content\/uploads\/2025\/08\/514LEUejXYL._AC_SL1500_.jpg?fit=668%2C1200&ssl=1&resize=350%2C200","width":350,"height":200},"classes":[]},{"id":9515,"url":"https:\/\/anythingtechnicallc.com\/index.php\/de\/product\/dji-osmo-action-4-standard-combo-4k-120fps-wasserdichte-action-kamera-mit-1-13-zoll-sensor-atemberaubende-low-light-bilder-10-bit-d-log-m-farbleistung-lange-laufzeit-von-160-minuten-outdoor-ka\/","url_meta":{"origin":9249,"position":2},"title":"DJI Osmo Action 4 Standard Combo, 4K\/120fps Wasserdichte Action-Kamera mit 1\/1,3-Zoll-Sensor, atemberaubende Low-Light-Bilder, 10-Bit &#038; D-Log M Farbleistung, lange Laufzeit von 160 Minuten, Outdoor-Kamera","date":"March 21, 2026","format":false,"excerpt":"Tadellose Bildqualit\u00e4t bei Tag und Nacht - Erleben Sie mit dem gro\u00dfen 1\/1,3-Zoll-Sensor der 4K-Actionkamera eine atemberaubende Bildsch\u00e4rfe und unvergleichliche Leistung bei schlechten Lichtverh\u00e4ltnissen, die jedes Abenteuer von der Morgend\u00e4mmerung bis zur Abendd\u00e4mmerung in atemberaubenden Details festh\u00e4lt. Lebendige, naturgetreue Farben - Werten Sie Ihre Aufnahmen mit 10-Bit und D-Log M\u2026","rel":"","context":"Similar post","img":{"alt_text":"","src":"https:\/\/i0.wp.com\/anythingtechnicallc.com\/wp-content\/uploads\/2025\/08\/71wlB2kVcL._AC_SL1500_.jpg?fit=1200%2C762&ssl=1&resize=350%2C200","width":350,"height":200},"classes":[]},{"id":9635,"url":"https:\/\/anythingtechnicallc.com\/index.php\/de\/product\/gebrauchte-dji-mini-2-ultraleichter-und-faltbarer-drohnen-quadcopter-3-achsen-gimbal-mit-4k-kamera-12mp-foto-31-minuten-flugzeit-ocusync-2-0-10km-hd-videouebertragung-quickshots-grau\/","url_meta":{"origin":9249,"position":3},"title":"Gebrauchte DJI Mini 2 &#8211; Ultraleichter und faltbarer Drohnen-Quadcopter, 3-Achsen-Gimbal mit 4K Kamera, 12MP Foto, 31 Minuten Flugzeit, OcuSync 2.0 10km HD Video\u00fcbertragung, QuickShots Grau","date":"March 24, 2026","format":false,"excerpt":"\u3010PACKEN SIE LEICHT, FLIEGEN SIE FREI\u3011: Mit weniger als 249 g wiegt sie etwa so viel wie ein Apfel und passt in Ihre Handfl\u00e4che. Kompakt und praktisch ist diese kleine Drohne Ihr idealer Reisebegleiter, der die Art und Weise, wie Sie Ihre sch\u00f6nsten Erinnerungen festhalten, ver\u00e4ndert. \u30103-AXIS GIMBAL MIT 4K\u2026","rel":"","context":"Similar post","img":{"alt_text":"","src":"https:\/\/i0.wp.com\/anythingtechnicallc.com\/wp-content\/uploads\/2025\/10\/DJI-Mini-2.jpg?fit=900%2C1200&ssl=1&resize=350%2C200","width":350,"height":200},"classes":[]},{"id":9497,"url":"https:\/\/anythingtechnicallc.com\/index.php\/de\/product\/dji-osmo-pocket-3-vlogging-kamera-mit-1-cmos-4k-120fps-vlog-kamera-3-achsen-stabilisierung-schnelle-fokussierung-gesichts-objektverfolgung-digitale-vlogging-kamera-fuer-youtube\/","url_meta":{"origin":9249,"position":4},"title":"DJI Osmo Pocket 3, Vlogging-Kamera mit 1&#8221; CMOS &#038; 4K\/120fps Vlog-Kamera, 3-Achsen-Stabilisierung, schnelle Fokussierung, Gesichts-\/Objektverfolgung, digitale Vlogging-Kamera f\u00fcr YouTube","date":"March 21, 2026","format":false,"excerpt":"Ob auf Reisen, bei einem Nachmittag im Park mit der Familie oder beim Vloggen Ihres t\u00e4glichen Lebens - mit dem Osmo Pocket 3 k\u00f6nnen Sie unterwegs atemberaubend fl\u00fcssige Aufnahmen machen. Bitte aktualisieren Sie die Firmware auf die neueste Version f\u00fcr ein besseres Benutzererlebnis. * Aufgrund von Kompatibilit\u00e4tsproblemen mit der Plattform\u2026","rel":"","context":"Similar post","img":{"alt_text":"","src":"https:\/\/i0.wp.com\/anythingtechnicallc.com\/wp-content\/uploads\/2025\/08\/61tukvVUMiL._AC_SL1500_.jpg?fit=476%2C1200&ssl=1&resize=350%2C200","width":350,"height":200},"classes":[]},{"id":9931,"url":"https:\/\/anythingtechnicallc.com\/index.php\/de\/product\/logitech-rally-mic-pod-erneuert\/","url_meta":{"origin":9249,"position":5},"title":"Logitech Rally Mic Pod (Erneuert)","date":"April 15, 2026","format":false,"excerpt":"Mit ihrem schlanken, flachen Design und den hochwertigen Materialien sorgen die Rally Mic Pods f\u00fcr einen bemerkenswert klaren, nat\u00fcrlichen Klang bei Gespr\u00e4chen. Die einzelnen Mikrofon-Pods enthalten mehrere Beamforming-Elemente, die sich auf die aktiven Lautsprecher konzentrieren und gleichzeitig akustische Ablenkungen automatisch eliminieren. Bis zu sieben Mikrofonpods bilden zusammen eine Beamforming-Mikrofonmatrix mit\u2026","rel":"","context":"Similar post","img":{"alt_text":"","src":"https:\/\/i0.wp.com\/anythingtechnicallc.com\/wp-content\/uploads\/2026\/04\/Logitech-Rally-Mic-Pod-Renewed.jpg?fit=900%2C1200&ssl=1&resize=350%2C200","width":350,"height":200},"classes":[]}],"pll_sync_post":[],"lang":"de","translations":{"de":9249,"en":6859},"_links":{"self":[{"href":"https:\/\/anythingtechnicallc.com\/index.php\/wp-json\/wp\/v2\/product\/9249","targetHints":{"allow":["GET"]}}],"collection":[{"href":"https:\/\/anythingtechnicallc.com\/index.php\/wp-json\/wp\/v2\/product"}],"about":[{"href":"https:\/\/anythingtechnicallc.com\/index.php\/wp-json\/wp\/v2\/types\/product"}],"replies":[{"embeddable":true,"href":"https:\/\/anythingtechnicallc.com\/index.php\/wp-json\/wp\/v2\/comments?post=9249"}],"wp:featuredmedia":[{"embeddable":true,"href":"https:\/\/anythingtechnicallc.com\/index.php\/wp-json\/wp\/v2\/media\/9248"}],"wp:attachment":[{"href":"https:\/\/anythingtechnicallc.com\/index.php\/wp-json\/wp\/v2\/media?parent=9249"}],"wp:term":[{"taxonomy":"product_brand","embeddable":true,"href":"https:\/\/anythingtechnicallc.com\/index.php\/wp-json\/wp\/v2\/product_brand?post=9249"},{"taxonomy":"product_cat","embeddable":true,"href":"https:\/\/anythingtechnicallc.com\/index.php\/wp-json\/wp\/v2\/product_cat?post=9249"},{"taxonomy":"product_tag","embeddable":true,"href":"https:\/\/anythingtechnicallc.com\/index.php\/wp-json\/wp\/v2\/product_tag?post=9249"}],"curies":[{"name":"wp","href":"https:\/\/api.w.org\/{rel}","templated":true}]}}