{"id":9253,"date":"2026-03-19T06:28:35","date_gmt":"2026-03-19T06:28:35","guid":{"rendered":"https:\/\/anythingtechnicallc.com\/?post_type=product&#038;p=9253"},"modified":"2026-03-19T06:28:35","modified_gmt":"2026-03-19T06:28:35","slug":"rode-nt5-abgestimmtes-paar-silber","status":"publish","type":"product","link":"https:\/\/anythingtechnicallc.com\/index.php\/de\/product\/rode-nt5-abgestimmtes-paar-silber\/","title":{"rendered":"Rode NT5 &#8211; Abgestimmtes Paar, Silber"},"content":{"rendered":"<ul class=\"a-unordered-list a-vertical a-spacing-mini\">\n<li class=\"a-spacing-mini\"><span class=\"a-list-item\">Abgestimmtes Paar hochwertiger Kleinmembran-Kondensatormikrofone. <\/span><\/li>\n<li class=\"a-spacing-mini\"><span class=\"a-list-item\">1\/2-Zoll-Kondensatorkapsel mit Nierencharakteristik und Goldsputter. <\/span><\/li>\n<li class=\"a-spacing-mini\"><span class=\"a-list-item\">Sehr geringes Eigenrauschen. <\/span><\/li>\n<li class=\"a-spacing-mini\"><span class=\"a-list-item\">Au\u00dfergew\u00f6hnlich genaue Nierencharakteristik und breiter Frequenzgang.<\/span><\/li>\n<li>Zustand: Restock-Produkte k\u00f6nnen Kratzer, Dellen, Gebrauchsspuren oder andere kosmetische Sch\u00e4den aufweisen, die die Spielbarkeit oder Leistung nicht beeintr\u00e4chtigen. Sie k\u00f6nnen auch abgenutzte oder nicht originale Verpackungen haben.<\/li>\n<\/ul>\n<div id=\"productDescription_feature_div\" class=\"celwidget\" data-feature-name=\"productDescription\" data-csa-c-type=\"widget\" data-csa-c-content-id=\"productDescription\" data-csa-c-slot-id=\"productDescription_feature_div\" data-csa-c-asin=\"\" data-csa-c-is-in-initial-active-row=\"false\" data-csa-c-id=\"7v2760-fqg7bu-zcligo-b2m9qa\" data-cel-widget=\"productDescription_feature_div\">\n<div>\n<div id=\"productDescription_feature_div\" class=\"a-row feature\" data-feature-name=\"productDescription\" data-template-name=\"productDescription\" data-cel-widget=\"productDescription_feature_div\">\n<div id=\"productDescription\" class=\"a-section a-spacing-small\">\n<p>Das NT5-MP ist ein aufeinander abgestimmtes Paar hochwertiger Kleinmembran-Kondensatormikrofone, die f\u00fcr kritische Aufnahmeanwendungen entwickelt wurden. Mit seinen akustisch abgestimmten 1\/2-Zoll-Kondensatorkapseln mit Goldsputter liefert das NT5 eine atemberaubende Stereo-Performance. Mit seiner au\u00dfergew\u00f6hnlich pr\u00e4zisen Nieren-Richtcharakteristik und dem breiten Frequenzgang ist das NT5 ideal f\u00fcr die Aufnahme von akustischen Instrumenten, Drum-Overheads, Becken und Live-Auftritten. Um die Vielseitigkeit des NT5 zu erweitern, ist eine austauschbare Kugelkapsel (NT45-O) auch separat erh\u00e4ltlich. Das NT5 ist auch in einem Einzelset erh\u00e4ltlich.<\/p>\n<\/div>\n<\/div>\n<\/div>\n<\/div>\n<div id=\"btfSubNavDesktopCopy\" class=\"celwidget\" data-feature-name=\"btfSubNavDesktop\" data-csa-c-type=\"widget\" data-csa-c-content-id=\"btfSubNavDesktop\" data-csa-c-slot-id=\"btfSubNavDesktop_feature_div\" data-csa-c-asin=\"\" data-csa-c-is-in-initial-active-row=\"false\" data-csa-c-id=\"yte175-dt950f-ejler5-1og7i0\" data-cel-widget=\"btfSubNavDesktopCopy\">\n<div class=\"a-row a-size-base btf-sub-nav-desktop-wrapper\" role=\"navigation\">\n<nav class=\"btf-sub-nav-desktop-tabs persistent-header\" aria-label=\"Navigate within the product detail page\">\n<div class=\"top-tab-content\">\n<div><\/div>\n<\/div>\n<\/nav>\n<\/div>\n<\/div>\n","protected":false},"excerpt":{"rendered":"<ul class=\"a-unordered-list a-vertical a-spacing-mini\">\n<li class=\"a-spacing-mini\"><span class=\"a-list-item\">Abgestimmtes Paar hochwertiger Kleinmembran-Kondensatormikrofone. <\/span><\/li>\n<li class=\"a-spacing-mini\"><span class=\"a-list-item\">1\/2-Zoll-Kondensatorkapsel mit Nierencharakteristik und Goldsputter. <\/span><\/li>\n<li class=\"a-spacing-mini\"><span class=\"a-list-item\">Sehr geringes Eigenrauschen. <\/span><\/li>\n<li class=\"a-spacing-mini\"><span class=\"a-list-item\">Au\u00dfergew\u00f6hnlich genaue Nierencharakteristik und breiter Frequenzgang.<\/span><\/li>\n<li>Zustand: Restock-Produkte k\u00f6nnen Kratzer, Dellen, Gebrauchsspuren oder andere kosmetische Sch\u00e4den aufweisen, die die Spielbarkeit oder Leistung nicht beeintr\u00e4chtigen. Sie k\u00f6nnen auch abgenutzte oder nicht originale Verpackungen haben.<\/li>\n<\/ul>\n<div id=\"productDescription_feature_div\" class=\"celwidget\" data-feature-name=\"productDescription\" data-csa-c-type=\"widget\" data-csa-c-content-id=\"productDescription\" data-csa-c-slot-id=\"productDescription_feature_div\" data-csa-c-asin=\"\" data-csa-c-is-in-initial-active-row=\"false\" data-csa-c-id=\"7v2760-fqg7bu-zcligo-b2m9qa\" data-cel-widget=\"productDescription_feature_div\">\n<div>\n<div id=\"productDescription_feature_div\" class=\"a-row feature\" data-feature-name=\"productDescription\" data-template-name=\"productDescription\" data-cel-widget=\"productDescription_feature_div\">\n<div id=\"productDescription\" class=\"a-section a-spacing-small\">\n<p>Das NT5-MP ist ein aufeinander abgestimmtes Paar hochwertiger Kleinmembran-Kondensatormikrofone, die f\u00fcr kritische Aufnahmeanwendungen entwickelt wurden. Mit seinen akustisch abgestimmten 1\/2-Zoll-Kondensatorkapseln mit Goldsputter liefert das NT5 eine beeindruckende Stereo-Performance. Mit seiner au\u00dfergew\u00f6hnlich pr\u00e4zisen Nierencharakteristik und seinem breiten Frequenzgang ist das NT5 ideal f\u00fcr Aufnahmen von akustischen Instrumenten, Drum-Overheads und Becken bis hin zu Live-Auftritten. Um die Vielseitigkeit des NT5 zu erweitern, ist eine austauschbare Kugelkapsel (NT45-O) auch separat erh\u00e4ltlich. Das NT5 ist auch in einem Einzelset erh\u00e4ltlich.<\/p>\n<\/div>\n<\/div>\n<\/div>\n<\/div>\n<div id=\"btfSubNavDesktopCopy\" class=\"celwidget\" data-feature-name=\"btfSubNavDesktop\" data-csa-c-type=\"widget\" data-csa-c-content-id=\"btfSubNavDesktop\" data-csa-c-slot-id=\"btfSubNavDesktop_feature_div\" data-csa-c-asin=\"\" data-csa-c-is-in-initial-active-row=\"false\" data-csa-c-id=\"yte175-dt950f-ejler5-1og7i0\" data-cel-widget=\"btfSubNavDesktopCopy\">\n<div class=\"a-row a-size-base btf-sub-nav-desktop-wrapper\" role=\"navigation\">\n<nav class=\"btf-sub-nav-desktop-tabs persistent-header\" aria-label=\"Navigate within the product detail page\">\n<div class=\"top-tab-content\">\n<div><\/div>\n<\/div>\n<\/nav>\n<\/div>\n<\/div>\n","protected":false},"featured_media":9252,"comment_status":"open","ping_status":"closed","template":"","meta":{"_et_pb_use_builder":"","_et_pb_old_content":"","_et_gb_content_width":""},"product_brand":[],"product_cat":[1372],"product_tag":[],"class_list":{"0":"post-9253","1":"product","2":"type-product","3":"status-publish","4":"has-post-thumbnail","6":"product_cat-elektronik","8":"first","9":"instock","10":"sale","11":"taxable","12":"shipping-taxable","13":"purchasable","14":"product-type-simple"},"exclude_global_add_ons":[],"addons":[],"jetpack-related-posts":[{"id":9065,"url":"https:\/\/anythingtechnicallc.com\/index.php\/de\/product\/shure-sm7b-dynamisches-gesangsmikrofon\/","url_meta":{"origin":9253,"position":0},"title":"Shure SM7B Dynamisches Gesangsmikrofon","date":"March 18, 2026","format":false,"excerpt":"EIN MIKROFON F\u00dcR ALLES - Studioaufnahmen, Heimaufnahmen, Podcasting und Streaming. Das SM7B wird von den weltweit f\u00fchrenden S\u00e4ngern, Podcastern und Streamern gesch\u00e4tzt. STUDIO VOCAL RECORDING - Der dynamische Tonabnehmer des SM7B mit seinem glatten, flachen und weitreichenden Frequenzgang sorgt f\u00fcr eine au\u00dfergew\u00f6hnlich saubere und nat\u00fcrliche Wiedergabe von Musik und Sprache.\u2026","rel":"","context":"Similar post","img":{"alt_text":"","src":"https:\/\/i0.wp.com\/anythingtechnicallc.com\/wp-content\/uploads\/2024\/09\/71LYHO3wnL._AC_SL1356_.jpg?fit=1134%2C1200&ssl=1&resize=350%2C200","width":350,"height":200},"classes":[]},{"id":8992,"url":"https:\/\/anythingtechnicallc.com\/index.php\/de\/product\/sony-mdr7506-professioneller-grossmembrankopfhoerer\/","url_meta":{"origin":9253,"position":1},"title":"Sony MDR7506 Professioneller Gro\u00dfmembrankopfh\u00f6rer","date":"March 18, 2026","format":false,"excerpt":"Neodym-Magnete und 40-Millimeter-Treiber f\u00fcr kraftvollen, detaillierten Klang.Spezifische Verwendungszwecke f\u00fcr das Produkt : Professionelles Audiosystem, Heim-Audiosystem. Das geschlossene Ohrdesign bietet Komfort und eine hervorragende Reduzierung von Au\u00dfenger\u00e4uschen. Das 9,8 Fu\u00df lange Kabel endet in einem vergoldeten Stecker und ist nicht abnehmbar; 1\/4-Zoll-Adapter im Lieferumfang enthalten. Kann zur Aufbewahrung oder zum Transport\u2026","rel":"","context":"Similar post","img":{"alt_text":"","src":"https:\/\/i0.wp.com\/anythingtechnicallc.com\/wp-content\/uploads\/2024\/09\/61KHrqp9C5L._AC_SL1200_.jpg?fit=755%2C1200&ssl=1&resize=350%2C200","width":350,"height":200},"classes":[]},{"id":9062,"url":"https:\/\/anythingtechnicallc.com\/index.php\/de\/product\/shure-mv51-digitales-grossmembran-kondensatormikrofon-mit-usb-und-lightning-kabeln\/","url_meta":{"origin":9253,"position":2},"title":"Shure MV51 Digitales Gro\u00dfmembran-Kondensatormikrofon mit USB- und Lightning-Kabeln","date":"March 18, 2026","format":false,"excerpt":"Gro\u00dfmembran-Kondensatorkapsel f\u00fcr vollmundige Tonaufnahmen. iOS- und USB-Konnektivit\u00e4t erm\u00f6glicht eine schnelle Einrichtung ohne Audio-Interface oder zus\u00e4tzliche Adapter oder Anschluss-Kits (Apple MFi-zertifiziert). Integrierter hinterer St\u00e4nder f\u00fcr die Verwendung auf dem Tisch. Oder schrauben Sie die Endkappe ab und befestigen Sie sie an einem Standard 5\/8\"-Mikrofonst\u00e4nder. Ber\u00fchrungssteuerung auf der Vorderseite f\u00fcr 5 DSP-Voreinstellungsmodi,\u2026","rel":"","context":"Similar post","img":{"alt_text":"","src":"https:\/\/i0.wp.com\/anythingtechnicallc.com\/wp-content\/uploads\/2024\/09\/71vrOq5on1L._AC_SL1500_.jpg?fit=834%2C1200&ssl=1&resize=350%2C200","width":350,"height":200},"classes":[]},{"id":9100,"url":"https:\/\/anythingtechnicallc.com\/index.php\/de\/product\/sony-5-digitaler-ebook-reader-ereader-prs-300-pocket-edition-prs300\/","url_meta":{"origin":9253,"position":3},"title":"Sony 5&#8243; Digitaler eBook Reader eReader PRS-300 Pocket Edition PRS300","date":"March 19, 2026","format":false,"excerpt":"5-Zoll Sony Reader Pocket Edition PRS-300SC E-Book-Reader Allgemeine Eigenschaften: Farbe: Silber. Leichtes und d\u00fcnnes Design i.MX1L Prozessor E Ink Technologie Vizplex 5-Zoll-Bildschirm. 800 x 600 Aufl\u00f6sung 8-stufige Grauskala Tragen Sie bis zu 350 Ihrer Lieblingsb\u00fccher auf einmal. Zugriff auf eine gro\u00dfe Anzahl von Online-Buchhandlungen Papier\u00e4hnliches Display f\u00fcr einfaches, nat\u00fcrliches Lesen.\u2026","rel":"","context":"Similar post","img":{"alt_text":"","src":"https:\/\/i0.wp.com\/anythingtechnicallc.com\/wp-content\/uploads\/2024\/10\/81RUpqmcGDL._SL1500_.jpg?fit=960%2C1200&ssl=1&resize=350%2C200","width":350,"height":200},"classes":[]},{"id":9068,"url":"https:\/\/anythingtechnicallc.com\/index.php\/de\/product\/shure-aonic-free-true-wireless-earbuds-klangisolierende-kabellose-bluetooth-kopfhoerer-21-stunden-akkulaufzeit-klang-in-studioqualitaet-klare-anrufe-langlebige-qualitaet-geringes-gewicht-steuer\/","url_meta":{"origin":9253,"position":4},"title":"Shure AONIC Free True Wireless Earbuds, klangisolierende kabellose Bluetooth-Kopfh\u00f6rer, 21 Stunden Akkulaufzeit, Klang in Studioqualit\u00e4t, klare Anrufe, langlebige Qualit\u00e4t, geringes Gewicht, Steuerung mit den Fingerspitzen","date":"March 18, 2026","format":false,"excerpt":"Hinweis : Wenn die Gr\u00f6\u00dfe der Ohrst\u00f6psel nicht mit der Gr\u00f6\u00dfe Ihrer Geh\u00f6rg\u00e4nge \u00fcbereinstimmt oder das Headset nicht richtig in Ihren Ohren getragen wird, erhalten Sie m\u00f6glicherweise nicht die richtige Klangqualit\u00e4t oder Anrufleistung. Tauschen Sie die Ohrst\u00f6psel gegen solche aus, die besser in Ihrem Ohr sitzen. Klare, tiefe B\u00e4sse, STUDIO-Klangqualit\u00e4t\u2026","rel":"","context":"Similar post","img":{"alt_text":"","src":"https:\/\/i0.wp.com\/anythingtechnicallc.com\/wp-content\/uploads\/2024\/09\/Shure-Aonic-Free-scaled.jpg?fit=1200%2C675&ssl=1&resize=350%2C200","width":350,"height":200},"classes":[]},{"id":9240,"url":"https:\/\/anythingtechnicallc.com\/index.php\/de\/product\/audio-technica-at2020-kondensator-studiomikrofon-mit-nierencharakteristik-xlr-ideal-fuer-projekt-heimstudioanwendungen\/","url_meta":{"origin":9253,"position":5},"title":"Audio-Technica AT2020 Kondensator-Studiomikrofon mit Nierencharakteristik XLR, ideal f\u00fcr Projekt-\/Heimstudioanwendungen","date":"March 19, 2026","format":false,"excerpt":"Die strengen Qualit\u00e4ts- und Konsistenzstandards von Audio-Technica heben das AT2020 von anderen Mikrofonen seiner Klasse ab. Seine massearme Membran wurde speziell f\u00fcr einen erweiterten Frequenzgang und ein hervorragendes Einschwingverhalten entwickelt. Die robuste Konstruktion sorgt f\u00fcr eine dauerhafte Leistung, das Mikrofon bietet einen gro\u00dfen Dynamikbereich und bew\u00e4ltigt hohe Schalldruckpegel mit Leichtigkeit.\u2026","rel":"","context":"Similar post","img":{"alt_text":"","src":"https:\/\/i0.wp.com\/anythingtechnicallc.com\/wp-content\/uploads\/2025\/03\/71ZMXqrB9XL._AC_SL1500_.jpg?fit=383%2C1200&ssl=1&resize=350%2C200","width":350,"height":200},"classes":[]}],"pll_sync_post":[],"lang":"de","translations":{"de":9253,"en":6862},"_links":{"self":[{"href":"https:\/\/anythingtechnicallc.com\/index.php\/wp-json\/wp\/v2\/product\/9253","targetHints":{"allow":["GET"]}}],"collection":[{"href":"https:\/\/anythingtechnicallc.com\/index.php\/wp-json\/wp\/v2\/product"}],"about":[{"href":"https:\/\/anythingtechnicallc.com\/index.php\/wp-json\/wp\/v2\/types\/product"}],"replies":[{"embeddable":true,"href":"https:\/\/anythingtechnicallc.com\/index.php\/wp-json\/wp\/v2\/comments?post=9253"}],"wp:featuredmedia":[{"embeddable":true,"href":"https:\/\/anythingtechnicallc.com\/index.php\/wp-json\/wp\/v2\/media\/9252"}],"wp:attachment":[{"href":"https:\/\/anythingtechnicallc.com\/index.php\/wp-json\/wp\/v2\/media?parent=9253"}],"wp:term":[{"taxonomy":"product_brand","embeddable":true,"href":"https:\/\/anythingtechnicallc.com\/index.php\/wp-json\/wp\/v2\/product_brand?post=9253"},{"taxonomy":"product_cat","embeddable":true,"href":"https:\/\/anythingtechnicallc.com\/index.php\/wp-json\/wp\/v2\/product_cat?post=9253"},{"taxonomy":"product_tag","embeddable":true,"href":"https:\/\/anythingtechnicallc.com\/index.php\/wp-json\/wp\/v2\/product_tag?post=9253"}],"curies":[{"name":"wp","href":"https:\/\/api.w.org\/{rel}","templated":true}]}}