{"id":9256,"date":"2026-03-19T06:29:27","date_gmt":"2026-03-19T06:29:27","guid":{"rendered":"https:\/\/anythingtechnicallc.com\/?post_type=product&#038;p=9256"},"modified":"2026-03-19T06:29:27","modified_gmt":"2026-03-19T06:29:27","slug":"gebrauchtes-shure-mv7-usb-podcast-mikrofon-silber","status":"publish","type":"product","link":"https:\/\/anythingtechnicallc.com\/index.php\/de\/product\/gebrauchtes-shure-mv7-usb-podcast-mikrofon-silber\/","title":{"rendered":"Gebrauchtes Shure MV7 USB Podcast Mikrofon &#8211; Silber"},"content":{"rendered":"<div id=\"productDescription_feature_div\" class=\"celwidget\" data-feature-name=\"productDescription\" data-csa-c-type=\"widget\" data-csa-c-content-id=\"productDescription\" data-csa-c-slot-id=\"productDescription_feature_div\" data-csa-c-asin=\"\" data-csa-c-is-in-initial-active-row=\"false\" data-csa-c-id=\"c64cz8-b77jkn-sfnsxf-pn204m\" data-cel-widget=\"productDescription_feature_div\">\n<div>\n<div id=\"productDescription_feature_div\" class=\"a-row feature\" data-feature-name=\"productDescription\" data-template-name=\"productDescription\" data-cel-widget=\"productDescription_feature_div\">\n<div id=\"productDescription\" class=\"a-section a-spacing-small\">\n<p>Das Shure MV7 ist ein professionelles dynamisches USB\/XLR-Mikrofon, das vom legend\u00e4ren SM7B inspiriert wurde und sich ideal f\u00fcr Nahbesprechungsanwendungen eignet, bei denen eine gute Sprachverst\u00e4ndlichkeit und ein ausgewogener Klang erforderlich sind. \u00dcber ein Touchpanel am Mikrofon selbst k\u00f6nnen Sie die Mikrofonverst\u00e4rkung, den Kopfh\u00f6rerpegel, den Monitormix und die Stummschaltung steuern. Mit der ShurePlus MOTIV Desktop-Anwendung k\u00f6nnen Sie Ihre eigenen Voreinstellungen speichern oder automatische Verst\u00e4rkungs-, Kompressions- und EQ-Voreinstellungen f\u00fcr eine einfache Audiobearbeitung in Echtzeit aktivieren. Das attraktive und robuste Ganzmetalldesign verf\u00fcgt \u00fcber einen verstellbaren B\u00fcgel, der auf einer Vielzahl von Mikrofonstativen befestigt werden kann und so flexible Aufstellungsm\u00f6glichkeiten bietet.<\/p>\n<\/div>\n<\/div>\n<\/div>\n<\/div>\n<div id=\"brandInsights_feature_div_1\" class=\"celwidget\" data-feature-name=\"brandInsights\" data-csa-c-type=\"widget\" data-csa-c-content-id=\"brandInsights\" data-csa-c-slot-id=\"brandInsights_feature_div_1\" data-csa-c-asin=\"\" data-csa-c-is-in-initial-active-row=\"false\" data-csa-c-id=\"jveqys-1kdj2d-mtnn4u-9x2uqh\" data-cel-widget=\"brandInsights_feature_div_1\"><\/div>\n<div id=\"brandInsights_feature_div_3\" class=\"celwidget\" data-feature-name=\"brandInsights\" data-csa-c-type=\"widget\" data-csa-c-content-id=\"brandInsights\" data-csa-c-slot-id=\"brandInsights_feature_div_3\" data-csa-c-asin=\"\" data-csa-c-is-in-initial-active-row=\"false\" data-csa-c-id=\"1fz8c-72omto-v05bf5-dad00d\" data-cel-widget=\"brandInsights_feature_div_3\">\n<div data-csa-c-type=\"widget\" data-csa-c-slot-id=\"brandInsightsContent\" data-csa-c-content-id=\"brandInsightsDesktopT3\" data-cel-widget=\"brandInsightsDesktopT3\" data-csa-c-id=\"vupwka-kintvp-bs0b36-3qg2xr\"><\/div>\n<\/div>\n","protected":false},"excerpt":{"rendered":"<ul class=\"a-unordered-list a-vertical a-spacing-mini\">\n<li class=\"a-spacing-mini\"><span class=\"a-list-item\">USB- ODER XLR-ANSCHL\u00dcSSE: Der doppelte USB\/XLR-Ausgang erm\u00f6glicht digitale oder analoge Aufnahmen.<\/span><\/li>\n<li class=\"a-spacing-mini\"><span class=\"a-list-item\">CLOSE MIC ANWENDUNGEN: Ideal f\u00fcr Podcasting, Aufnahmen, Live-Streaming und mehr.<\/span><\/li>\n<li class=\"a-spacing-mini\"><span class=\"a-list-item\">INTUITIVE TOUCHPANEL-BEDIENELEMENTE: Intuitives Touchpanel zur Steuerung von Verst\u00e4rkung, Abh\u00f6rlautst\u00e4rke, Kopfh\u00f6rermix und Mikrofonstummschaltung.<\/span><\/li>\n<li class=\"a-spacing-mini\"><span class=\"a-list-item\">INTEGRIERTER KOPFH\u00d6RERAUSGANG: Der integrierte Kopfh\u00f6rerausgang erm\u00f6glicht das direkte Abh\u00f6ren \u00fcber Kopfh\u00f6rer w\u00e4hrend der Aufnahme.<\/span><\/li>\n<li class=\"a-spacing-mini\"><span class=\"a-list-item\">RICH &amp; NATURAL VOCAL REPRODUCTION: Optimierter Frequenzgang f\u00fcr satte und nat\u00fcrliche Gesangsreproduktion.<\/span><\/li>\n<\/ul>\n","protected":false},"featured_media":9255,"comment_status":"open","ping_status":"closed","template":"","meta":{"_et_pb_use_builder":"","_et_pb_old_content":"","_et_gb_content_width":""},"product_brand":[],"product_cat":[1372],"product_tag":[],"class_list":{"0":"post-9256","1":"product","2":"type-product","3":"status-publish","4":"has-post-thumbnail","6":"product_cat-elektronik","8":"first","9":"instock","10":"sale","11":"taxable","12":"shipping-taxable","13":"purchasable","14":"product-type-simple"},"exclude_global_add_ons":[],"addons":[],"jetpack-related-posts":[{"id":9130,"url":"https:\/\/anythingtechnicallc.com\/index.php\/de\/product\/shure-mv7-usb-mikrofon-fuer-podcasting-aufnahmen-live-streaming-und-spiele-integrierter-kopfhoererausgang-dynamisches-usb-xlr-mikrofon-aus-metall-sprachisolierende-technologie-teamspeak-und-zoo\/","url_meta":{"origin":9256,"position":0},"title":"Shure MV7 USB-Mikrofon f\u00fcr Podcasting, Aufnahmen, Live-Streaming und Spiele, integrierter Kopfh\u00f6rerausgang, dynamisches USB\/XLR-Mikrofon aus Metall, sprachisolierende Technologie, TeamSpeak- und Zoom-zertifiziert &#8211; Schwarz","date":"March 19, 2026","format":false,"excerpt":"Das Shure MV7 ist ein professionelles dynamisches USB\/XLR-Mikrofon, das vom legend\u00e4ren SM7B inspiriert wurde und sich ideal f\u00fcr Nahbesprechungsanwendungen eignet, bei denen eine gute Sprachverst\u00e4ndlichkeit und ein ausgewogener Klang erforderlich sind. \u00dcber ein Touchpanel am Mikrofon selbst k\u00f6nnen Sie die Mikrofonverst\u00e4rkung, den Kopfh\u00f6rerpegel, den Monitormix und die Stummschaltung steuern. Mit\u2026","rel":"","context":"Similar post","img":{"alt_text":"","src":"https:\/\/i0.wp.com\/anythingtechnicallc.com\/wp-content\/uploads\/2025\/02\/81ZHXEuhgIL._AC_SL1500_.jpg?fit=909%2C1200&ssl=1&resize=350%2C200","width":350,"height":200},"classes":[]},{"id":9297,"url":"https:\/\/anythingtechnicallc.com\/index.php\/de\/product\/erneuertes-dynamisches-shure-mv7-podcast-mikrofon-obs-zertifiziert-enhanced-audio-led-touch-panel-usb-c-xlr-ausgaenge-auto-level-modus-digitaler-pop-filter-halleffekte-podcasting-streamin\/","url_meta":{"origin":9256,"position":1},"title":"Erneuertes dynamisches Shure MV7+ Podcast-Mikrofon. OBS-zertifiziert, Enhanced Audio, LED-Touch-Panel, USB-C- &#038; XLR-Ausg\u00e4nge, Auto-Level-Modus, digitaler Pop-Filter, Halleffekte, Podcasting, Streaming, Aufnahme -Schwarz","date":"March 19, 2026","format":false,"excerpt":"Erschlie\u00dfen Sie das gesamte Klangspektrum. Das MV7+ wurde mit einem anpassbaren LED-Touch-Panel, leistungsstarken DSP-Funktionen und noch besserem Klang aufgefrischt und ist ein dynamisches Mikrofon f\u00fcr anspruchsvolle Podcaster, Streamer und Musiker. Diese aktualisierte Version bietet USB-C- und XLR-Ausg\u00e4nge, einen verbesserten Auto-Level-Modus sowie einen neuen digitalen Pop-Filter, Echtzeit-Denoiser und Reverb-Effekte. W\u00e4hlen Sie\u2026","rel":"","context":"Similar post","img":{"alt_text":"","src":"https:\/\/i0.wp.com\/anythingtechnicallc.com\/wp-content\/uploads\/2025\/07\/81SkpwyPZnL._AC_SL1500_.jpg?fit=846%2C1200&ssl=1&resize=350%2C200","width":350,"height":200},"classes":[]},{"id":9300,"url":"https:\/\/anythingtechnicallc.com\/index.php\/de\/product\/shure-mv7x-mikrofon-nur-xlr-dynamisches-mikrofon-in-profiqualitaet-fuer-podcasting-und-gesangsaufnahmen-stimmisolierende-technologie-ganzmetallkonstruktion-mikrofonstaender-kompatibel-optimierte\/","url_meta":{"origin":9256,"position":2},"title":"Shure MV7X Mikrofon &#8211; Nur XLR Dynamisches Mikrofon in Profiqualit\u00e4t f\u00fcr Podcasting und Gesangsaufnahmen, stimmisolierende Technologie, Ganzmetallkonstruktion, Mikrofonst\u00e4nder-kompatibel, optimierte Frequenz &#8211; Schwarz","date":"March 19, 2026","format":false,"excerpt":"Das Shure MV7X ist ein professionelles dynamisches XLR-Mikrofon, das sich ideal f\u00fcr Nahbesprechungen eignet, bei denen es auf Sprachverst\u00e4ndlichkeit und einen ausgewogenen Klang ankommt. Die Voice Isolation Technology sorgt daf\u00fcr, dass das Mikrofon auf Ihre Stimme fokussiert ist und keine unerw\u00fcnschten Hintergrundger\u00e4usche aufnimmt, damit Sie auch in unvollkommenen R\u00e4umen perfekte\u2026","rel":"","context":"Similar post","img":{"alt_text":"","src":"https:\/\/i0.wp.com\/anythingtechnicallc.com\/wp-content\/uploads\/2025\/07\/712Xa1xLMIL._AC_SL1500_.jpg?fit=922%2C1200&ssl=1&resize=350%2C200","width":350,"height":200},"classes":[]},{"id":9349,"url":"https:\/\/anythingtechnicallc.com\/index.php\/de\/product\/gebrauchtes-shure-mvi-digital-audio-interface-mit-usb-und-lightning-kabeln\/","url_meta":{"origin":9256,"position":3},"title":"Gebrauchtes Shure MVi Digital Audio Interface mit USB- und Lightning-Kabeln","date":"March 19, 2026","format":false,"excerpt":"Digitales Audio-Interface f\u00fcr den Anschluss eines professionellen XLR-Mikrofons oder eines 1\/4\"-Instrumentenausgangs an einen Computer oder ein mobiles Ger\u00e4t. Zu den Funktionen geh\u00f6ren 5 voreingestellte DSP-Modi f\u00fcr EQ-, Kompressions- und Limiter-Einstellungen, Verst\u00e4rkungsregelung, Stummschaltung und Lautst\u00e4rke sowie Phantomspeisung. 5 DSP-Vorgabemodi (Sprache, Gesang, flach, akustisches Instrument, laut) f\u00fcr EQ-, Kompressions- und Limiter-Einstellungen. \u00dcber\u2026","rel":"","context":"Similar post","img":{"alt_text":"","src":"https:\/\/i0.wp.com\/anythingtechnicallc.com\/wp-content\/uploads\/2025\/08\/71tfHTkRJvL._AC_SL1500_.jpg?fit=1200%2C806&ssl=1&resize=350%2C200","width":350,"height":200},"classes":[]},{"id":9309,"url":"https:\/\/anythingtechnicallc.com\/index.php\/de\/product\/shure-mv88-video-kit-digitales-stereo-kondensatormikrofon-fuer-apple-und-android-mit-manfrotto-pixi-stativ-telefonklammer-halterung-ios-und-usb-c-kabel-fuer-kompatibilitaet-und-konnektivitaet\/","url_meta":{"origin":9256,"position":4},"title":"Shure MV88+ Video Kit &#8211; Digitales Stereo-Kondensatormikrofon f\u00fcr Apple und Android, mit Manfrotto PIXI-Stativ, Telefonklammer, Halterung, iOS- und USB-C-Kabel f\u00fcr Kompatibilit\u00e4t und Konnektivit\u00e4t auf h\u00f6chstem Niveau","date":"March 19, 2026","format":false,"excerpt":"Das MOTIV MV88+ Video Kit ist ein hochwertiges digitales Stereo-Kondensatormikrofon. Ihr neues mobiles Aufnahmeger\u00e4t l\u00e4sst sich \u00fcber einen Lightning-Anschluss direkt mit jedem Apple-Ger\u00e4t oder \u00fcber USB-C mit ausgew\u00e4hlten weiteren Ger\u00e4ten verbinden. Das MV88+ hat alles, was Sie brauchen, um gro\u00dfartige Aufnahmen zu machen - direkt nach dem Auspacken. Die im\u2026","rel":"","context":"Similar post","img":{"alt_text":"","src":"https:\/\/i0.wp.com\/anythingtechnicallc.com\/wp-content\/uploads\/2025\/07\/71V1p0Wj5JL._AC_SL1500_.jpg?fit=1163%2C1200&ssl=1&resize=350%2C200","width":350,"height":200},"classes":[]},{"id":9303,"url":"https:\/\/anythingtechnicallc.com\/index.php\/de\/product\/gebrauchtes-shure-mv6-gaming-mikrofon-dynamisches-usb-pc-mikrofon-fuer-videospiele-streaming-desktop-staender-hintergrundgeraeuschunterdrueckung-tap-to-mute-35mm-ausgang-fuer-kopfhoerer-moni\/","url_meta":{"origin":9256,"position":5},"title":"Gebrauchtes Shure MV6 Gaming-Mikrofon, dynamisches USB-PC-Mikrofon f\u00fcr Videospiele &#038; Streaming &#8211; Desktop-St\u00e4nder, Hintergrundger\u00e4uschunterdr\u00fcckung, Tap-to-Mute &#038; 3,5mm-Ausgang f\u00fcr Kopfh\u00f6rer-Monitoring in Echtzeit","date":"March 19, 2026","format":false,"excerpt":"Wir haben alles, was wir \u00fcber dynamische Gesangsmikrofone wissen, in das MV6 gepackt, um ein USB-Mikrofon zu entwickeln, das f\u00fcr jedermann einfach zu bedienen ist, und zwar sofort nach dem Auspacken. Mit dem Design und der Technologie unserer kultigen SM7- und MV7-Mikrofone wurde das MV6 entwickelt, um Gamern und Streamern\u2026","rel":"","context":"Similar post","img":{"alt_text":"","src":"https:\/\/i0.wp.com\/anythingtechnicallc.com\/wp-content\/uploads\/2025\/07\/61u0AqBTp3L._AC_SL1500_.jpg?fit=695%2C1200&ssl=1&resize=350%2C200","width":350,"height":200},"classes":[]}],"pll_sync_post":[],"lang":"de","translations":{"de":9256,"en":6864},"_links":{"self":[{"href":"https:\/\/anythingtechnicallc.com\/index.php\/wp-json\/wp\/v2\/product\/9256","targetHints":{"allow":["GET"]}}],"collection":[{"href":"https:\/\/anythingtechnicallc.com\/index.php\/wp-json\/wp\/v2\/product"}],"about":[{"href":"https:\/\/anythingtechnicallc.com\/index.php\/wp-json\/wp\/v2\/types\/product"}],"replies":[{"embeddable":true,"href":"https:\/\/anythingtechnicallc.com\/index.php\/wp-json\/wp\/v2\/comments?post=9256"}],"wp:featuredmedia":[{"embeddable":true,"href":"https:\/\/anythingtechnicallc.com\/index.php\/wp-json\/wp\/v2\/media\/9255"}],"wp:attachment":[{"href":"https:\/\/anythingtechnicallc.com\/index.php\/wp-json\/wp\/v2\/media?parent=9256"}],"wp:term":[{"taxonomy":"product_brand","embeddable":true,"href":"https:\/\/anythingtechnicallc.com\/index.php\/wp-json\/wp\/v2\/product_brand?post=9256"},{"taxonomy":"product_cat","embeddable":true,"href":"https:\/\/anythingtechnicallc.com\/index.php\/wp-json\/wp\/v2\/product_cat?post=9256"},{"taxonomy":"product_tag","embeddable":true,"href":"https:\/\/anythingtechnicallc.com\/index.php\/wp-json\/wp\/v2\/product_tag?post=9256"}],"curies":[{"name":"wp","href":"https:\/\/api.w.org\/{rel}","templated":true}]}}