{"id":9264,"date":"2026-03-19T06:58:28","date_gmt":"2026-03-19T06:58:28","guid":{"rendered":"https:\/\/anythingtechnicallc.com\/?post_type=product&#038;p=9264"},"modified":"2026-03-19T09:25:32","modified_gmt":"2026-03-19T09:25:32","slug":"gebrauchter-shure-slx4-funkempfaenger-h5-band-518-542-mhz","status":"publish","type":"product","link":"https:\/\/anythingtechnicallc.com\/index.php\/de\/product\/gebrauchter-shure-slx4-funkempfaenger-h5-band-518-542-mhz\/","title":{"rendered":"Gebrauchter Shure SLX4 Funkempf\u00e4nger &#8211; H5 Band 518-542 MHz"},"content":{"rendered":"<p>Dieser Sender arbeitet auf 518,000-542,000 MHz.<br \/>\n<b>SLX: Klare \u00dcbertragungen<\/b><br \/>\nDer SLX-Sound basiert auf dem patentierten Audio Reference Companding von Shure, einer Technologie, die drahtlosen Systemen eine klarere \u00dcbertragung und einen gr\u00f6\u00dferen Dynamikbereich verleiht. Im Gegensatz zu herk\u00f6mmlichen drahtlosen Companding-Verfahren, die durch ein festes Kompressionsverh\u00e4ltnis eingeschr\u00e4nkt sind, verwendet diese Technologie ein variables Kompressionsverh\u00e4ltnis. Das Ergebnis ist die Eliminierung von drahtlosen Artefakten in ruhigen Passagen und ein \u00fcberragender Dynamikbereich.<\/p>\n<p><b>SLX: Einfache Einrichtung!<\/b><br \/>\nDas SLX-System verf\u00fcgt \u00fcber Funktionen, die die Einrichtung nahezu m\u00fchelos machen. Mithilfe der automatischen Frequenzwahl und der automatischen Sendereinstellung scannt das SLX-System die drahtlose Umgebung und erkennt sofort einen freien Kanal. Dann synchronisiert sich der Sender \u00fcber eine Infrarotverbindung auf Knopfdruck automatisch mit dem Empf\u00e4nger. Mit \u00fcber 960 Betriebsfrequenzen auf 24 MHz UHF-Bandbreite sollten Sie in der Lage sein, schnell und einfach bis zu 20 Systeme an einem bestimmten Ort einzurichten (gebietsabh\u00e4ngig).<\/p>\n<p><b>SLX: Diversity-Empf\u00e4nger<\/b><br \/>\nDer SLX4 (hier abgebildet) ist ein robuster drahtloser Empf\u00e4nger aus Metall, der die Diversity-Technologie zur Verbesserung des Empfangs und zur Minimierung von Aussetzern nutzt. Der SLX4 ist mit Rack-Montage-Hardware, abnehmbaren 1\/4-Wellen-Antennen, einem hintergrundbeleuchteten LCD-Display, 1\/4-Zoll- und XLR-Ausgangsanschl\u00fcssen, Frequenz- und Leistungssperren, einem In-Line-Netzteil und einem Lautst\u00e4rkeregler auf der R\u00fcckseite ausgestattet. Schlie\u00dflich zeigt das Multifunktions-LCD-Display die Gruppe, den Kanal, die Frequenz, die Batteriest\u00e4rke des Senders und den Status der Verriegelung\/Entriegelung an.<\/p>\n<p><b>SLX: Handsender &amp; Taschensender<\/b><br \/>\nSowohl der SLX Handsender als auch der Taschensender bieten dem Benutzer eine Auswahl der legend\u00e4ren Shure-Mikrofone, ein zeitgesteuertes, hintergrundbeleuchtetes LCD-Display, eine Frequenz- und Stromsperre, eine Reichweite von 100 m (300 ft.) und einen Betrieb mit zwei AA-Batterien f\u00fcr acht Stunden Dauerbetrieb. Der SLX Taschensender arbeitet mit optionalen Kopfb\u00fcgel-, Lavalier- und Instrumentenmikrofonen und Kabeln. Die Handsender werden mit den Kapseln SM58, SM86, Beta 58A, Beta 87A und SLX2Beta87c angeboten.<\/p>\n<p><b>Hinweis:<\/b> Die gesamte SLX-Serie ist ein komponentenbasiertes System. Dies erm\u00f6glicht es Ihnen, jedes Teil einzeln zu erwerben. Dies ist der <b>SLX4<\/b> Funkempf\u00e4nger.<\/p>\n","protected":false},"excerpt":{"rendered":"<p>Dieser Sender arbeitet auf 518,000-542,000 MHz.<br \/>\n<b>SLX: Klare \u00dcbertragungen<\/b><br \/>\nDer SLX-Sound basiert auf dem patentierten Audio Reference Companding von Shure, einer Technologie, die drahtlosen Systemen eine klarere \u00dcbertragung und einen gr\u00f6\u00dferen Dynamikbereich verleiht. Im Gegensatz zu herk\u00f6mmlichen drahtlosen Companding-Verfahren, die durch ein festes Kompressionsverh\u00e4ltnis eingeschr\u00e4nkt sind, verwendet diese Technologie ein variables Kompressionsverh\u00e4ltnis. Das Ergebnis ist die Eliminierung von drahtlosen Artefakten in ruhigen Passagen und ein \u00fcberragender Dynamikbereich.<\/p>\n<p><b>SLX: Einfache Einrichtung!<\/b><br \/>\nDas SLX-System verf\u00fcgt \u00fcber Funktionen, die die Einrichtung nahezu m\u00fchelos machen. Mithilfe der automatischen Frequenzwahl und der automatischen Sendereinstellung scannt das SLX-System die drahtlose Umgebung und erkennt sofort einen freien Kanal. Dann synchronisiert sich der Sender \u00fcber eine Infrarotverbindung auf Knopfdruck automatisch mit dem Empf\u00e4nger. Mit \u00fcber 960 Betriebsfrequenzen auf 24 MHz UHF-Bandbreite sollten Sie in der Lage sein, schnell und einfach bis zu 20 Systeme an einem bestimmten Ort einzurichten (gebietsabh\u00e4ngig).<\/p>\n<p><b>SLX: Diversity-Empf\u00e4nger<\/b><br \/>\nDer SLX4 (hier abgebildet) ist ein robuster drahtloser Empf\u00e4nger aus Metall, der die Diversity-Technologie zur Verbesserung des Empfangs und zur Minimierung von Aussetzern nutzt. Der SLX4 ist mit Rack-Montage-Hardware, abnehmbaren 1\/4-Wellen-Antennen, einem hintergrundbeleuchteten LCD-Display, 1\/4-Zoll- und XLR-Ausgangsanschl\u00fcssen, Frequenz- und Leistungssperren, einem In-Line-Netzteil und einem Lautst\u00e4rkeregler auf der R\u00fcckseite ausgestattet. Schlie\u00dflich zeigt das Multifunktions-LCD-Display die Gruppe, den Kanal, die Frequenz, die Batteriest\u00e4rke des Senders und den Status der Verriegelung\/Entriegelung an.<\/p>\n<p><b>SLX: Handsender &amp; Taschensender<\/b><br \/>\nSowohl der SLX Handsender als auch der Taschensender bieten dem Benutzer eine Auswahl der legend\u00e4ren Shure-Mikrofone, ein zeitgesteuertes, hintergrundbeleuchtetes LCD-Display, eine Frequenz- und Stromsperre, eine Reichweite von 100 m (300 ft.) und einen Betrieb mit zwei AA-Batterien f\u00fcr acht Stunden Dauerbetrieb. Der SLX Taschensender funktioniert mit optionalen Kopfb\u00fcgel-, Lavalier- und Instrumentenmikrofonen und Kabeln. Die Handsender werden mit den Kapseln SM58, SM86, Beta 58A, Beta 87A und SLX2Beta87c angeboten.<\/p>\n<p><b>Hinweis:<\/b> Die gesamte SLX-Serie ist ein komponentenbasiertes System. Dies erm\u00f6glicht es Ihnen, jedes Teil einzeln zu erwerben. Dies ist der <b>SLX4<\/b> Funkempf\u00e4nger.<\/p>\n","protected":false},"featured_media":9263,"comment_status":"open","ping_status":"closed","template":"","meta":{"_et_pb_use_builder":"","_et_pb_old_content":"","_et_gb_content_width":""},"product_brand":[],"product_cat":[703,1578],"product_tag":[],"class_list":{"0":"post-9264","1":"product","2":"type-product","3":"status-publish","4":"has-post-thumbnail","6":"product_cat-uncategorized-de","7":"product_cat-headset","9":"first","10":"instock","11":"sale","12":"taxable","13":"shipping-taxable","14":"purchasable","15":"product-type-simple"},"exclude_global_add_ons":[],"addons":[],"jetpack-related-posts":[{"id":9095,"url":"https:\/\/anythingtechnicallc.com\/index.php\/de\/product\/gebrauchter-shure-fp1-taschensender-k3e-band-606-630-mhz\/","url_meta":{"origin":9264,"position":0},"title":"Gebrauchter Shure FP1 Taschensender K3E Band 606-630 MHz","date":"March 19, 2026","format":false,"excerpt":"Die FP1 Wireless Taschensender zeichnen sich durch ein leichtes und robustes Design aus und sind f\u00fcr die Verwendung mit Mikrofonen mit TA4F-Anschluss, einschlie\u00dflich Lavaliers und Headsets, geeignet. Zur Verwendung mit Shure FP Wireless und SLX Wireless. FP Wireless Systeme verf\u00fcgen \u00fcber die patentierte Audio Reference Companding Technologie f\u00fcr kristallklaren Sound,\u2026","rel":"","context":"Similar post","img":{"alt_text":"","src":"https:\/\/i0.wp.com\/anythingtechnicallc.com\/wp-content\/uploads\/2024\/10\/Shure-FP1-K3E-bodypack-transmitter.jpg?fit=600%2C800&ssl=1&resize=350%2C200","width":350,"height":200},"classes":[]},{"id":9077,"url":"https:\/\/anythingtechnicallc.com\/index.php\/de\/product\/gebrauchter-shure-pgx1-drahtloser-taschensender-h6-band-524-542-mhz\/","url_meta":{"origin":9264,"position":1},"title":"Gebrauchter SHURE PGX1 Drahtloser Taschensender H6 Band, 524 &#8211; 542 MHz","date":"March 19, 2026","format":false,"excerpt":"Das PGX1 von Shure wurde speziell f\u00fcr die Bed\u00fcrfnisse reisender K\u00fcnstler entwickelt und kann mit Kopfb\u00fcgel-, Lavalier- oder Instrumentenmikrofonen sowie mit Gitarren oder B\u00e4ssen verwendet werden. Die drahtlosen Systeme von Performance Gear sind mit dem patentierten Audio Reference Companding von Shure ausgestattet, das f\u00fcr einen kristallklaren Klang sorgt, der die\u2026","rel":"","context":"Similar post","img":{"alt_text":"","src":"https:\/\/i0.wp.com\/anythingtechnicallc.com\/wp-content\/uploads\/2024\/09\/Shure-PGX1.jpg?fit=1200%2C900&ssl=1&resize=350%2C200","width":350,"height":200},"classes":[]},{"id":9047,"url":"https:\/\/anythingtechnicallc.com\/index.php\/de\/product\/gebrauchter-shure-pgx1-drahtloser-bodypack-sender\/","url_meta":{"origin":9264,"position":2},"title":"Gebrauchter SHURE PGX1 Drahtloser Bodypack-Sender","date":"March 18, 2026","format":false,"excerpt":"Das PGX1 von Shure wurde speziell f\u00fcr die Bed\u00fcrfnisse reisender K\u00fcnstler entwickelt und kann mit Kopfb\u00fcgel-, Lavalier- oder Instrumentenmikrofonen sowie mit Gitarren oder B\u00e4ssen verwendet werden. Die drahtlosen Systeme von Performance Gear sind mit dem patentierten Audio Reference Companding von Shure ausgestattet, das f\u00fcr einen kristallklaren Klang sorgt, der die\u2026","rel":"","context":"Similar post","img":{"alt_text":"","src":"https:\/\/i0.wp.com\/anythingtechnicallc.com\/wp-content\/uploads\/2024\/09\/Shure-PGX1.jpg?fit=1200%2C900&ssl=1&resize=350%2C200","width":350,"height":200},"classes":[]},{"id":9041,"url":"https:\/\/anythingtechnicallc.com\/index.php\/de\/product\/shure-wl93-serie-subminiatur-kondensator-lavaliermikrofonewl93-schwarz-mit-12-m-4-fuss-kabel\/","url_meta":{"origin":9264,"position":3},"title":"Shure WL93 Serie Subminiatur-Kondensator-Lavaliermikrofone,WL93- Schwarz, mit 1,2 m (4-Fu\u00df) Kabel","date":"March 18, 2026","format":false,"excerpt":"Das omnidirektionale Miniatur-Lavaliermikrofon sorgt f\u00fcr einen vollen, klaren Klang bei Sprachanwendungen, wie z.B. bei Rundfunkmoderationen und Reden. Verf\u00fcgt \u00fcber einen glatten Frequenzgang, eine kontrollierte Absenkung der niedrigen Frequenzen und vielseitiges Montagezubeh\u00f6r. Inklusive 1,2 m (4 ft.) Kabel. Verbinden Sie den m\u00e4nnlichen, vierpoligen Miniaturstecker (TA4M) am Ende des 93er Mikrofonkabels mit\u2026","rel":"","context":"Similar post","img":{"alt_text":"","src":"https:\/\/i0.wp.com\/anythingtechnicallc.com\/wp-content\/uploads\/2024\/09\/51hdweGtGOL._AC_SL1000_.jpg?fit=859%2C590&ssl=1&resize=350%2C200","width":350,"height":200},"classes":[]},{"id":9212,"url":"https:\/\/anythingtechnicallc.com\/index.php\/de\/product\/gebrauchtes-shure-sm31fh-tqg-wasserabweisendes-kondensatormikrofon-mit-nierencharakteristik-fuer-kopfhoerer\/","url_meta":{"origin":9264,"position":4},"title":"Gebrauchtes Shure SM31FH-TQG Wasserabweisendes Kondensatormikrofon mit Nierencharakteristik f\u00fcr Kopfh\u00f6rer","date":"March 19, 2026","format":false,"excerpt":"WETTERFESTES DESIGN - Das SM31FH wurde f\u00fcr den Einsatz in rauen Umgebungen und unter schwierigen Wetterbedingungen entwickelt und eignet sich perfekt f\u00fcr Fitness-Trainer und aktive K\u00fcnstler. SICHERER SITZ - Das komfortable, sicher sitzende Drahtb\u00fcgel-Headset ist so konzipiert, dass es auch bei energiegeladenen Auftritten und anstrengenden Aktivit\u00e4ten an seinem Platz bleibt.\u2026","rel":"","context":"Similar post","img":{"alt_text":"","src":"https:\/\/i0.wp.com\/anythingtechnicallc.com\/wp-content\/uploads\/2025\/02\/61oDR6SKIL._AC_SL1500_.jpg?fit=1200%2C1032&ssl=1&resize=350%2C200","width":350,"height":200},"classes":[]},{"id":9006,"url":"https:\/\/anythingtechnicallc.com\/index.php\/de\/product\/shure-rmce-bt2-hochaufloesendes-bluetooth-5-0-kommunikationskabel\/","url_meta":{"origin":9264,"position":5},"title":"Shure RMCE-BT2 Hochaufl\u00f6sendes Bluetooth 5.0 Kommunikationskabel","date":"March 18, 2026","format":false,"excerpt":"Erstklassige, kabellose Audioleistung. Ein spezieller, hochwertiger Kopfh\u00f6rerverst\u00e4rker sorgt f\u00fcr \u00fcberragende High-Fidelity-Audioqualit\u00e4t mit kabelloser Funktion Unterst\u00fctzung f\u00fcr mehrere Codecs. Qualcomm apt audio, apt HD, apt Low Latency, AAC und SBC erm\u00f6glichen erstklassige digitale Audioqualit\u00e4t. Ausgestattet mit der drahtlosen Bluetooth 5-Technologie. Bluetooth 5. 0 ist au\u00dferdem abw\u00e4rtskompatibel und l\u00e4sst sich mit allen\u2026","rel":"","context":"Similar post","img":{"alt_text":"","src":"https:\/\/i0.wp.com\/anythingtechnicallc.com\/wp-content\/uploads\/2023\/03\/Shure-RMCE-BT2-High-Resolution-Bluetooth-50-Communication-Cable-0.jpg?fit=365%2C500&ssl=1&resize=350%2C200","width":350,"height":200},"classes":[]}],"pll_sync_post":[],"lang":"de","translations":{"de":9264,"en":6877},"_links":{"self":[{"href":"https:\/\/anythingtechnicallc.com\/index.php\/wp-json\/wp\/v2\/product\/9264","targetHints":{"allow":["GET"]}}],"collection":[{"href":"https:\/\/anythingtechnicallc.com\/index.php\/wp-json\/wp\/v2\/product"}],"about":[{"href":"https:\/\/anythingtechnicallc.com\/index.php\/wp-json\/wp\/v2\/types\/product"}],"replies":[{"embeddable":true,"href":"https:\/\/anythingtechnicallc.com\/index.php\/wp-json\/wp\/v2\/comments?post=9264"}],"wp:featuredmedia":[{"embeddable":true,"href":"https:\/\/anythingtechnicallc.com\/index.php\/wp-json\/wp\/v2\/media\/9263"}],"wp:attachment":[{"href":"https:\/\/anythingtechnicallc.com\/index.php\/wp-json\/wp\/v2\/media?parent=9264"}],"wp:term":[{"taxonomy":"product_brand","embeddable":true,"href":"https:\/\/anythingtechnicallc.com\/index.php\/wp-json\/wp\/v2\/product_brand?post=9264"},{"taxonomy":"product_cat","embeddable":true,"href":"https:\/\/anythingtechnicallc.com\/index.php\/wp-json\/wp\/v2\/product_cat?post=9264"},{"taxonomy":"product_tag","embeddable":true,"href":"https:\/\/anythingtechnicallc.com\/index.php\/wp-json\/wp\/v2\/product_tag?post=9264"}],"curies":[{"name":"wp","href":"https:\/\/api.w.org\/{rel}","templated":true}]}}