{"id":9270,"date":"2026-03-19T07:04:38","date_gmt":"2026-03-19T07:04:38","guid":{"rendered":"https:\/\/anythingtechnicallc.com\/?post_type=product&#038;p=9270"},"modified":"2026-03-19T07:04:38","modified_gmt":"2026-03-19T07:04:38","slug":"gebrauchter-shure-ulxs4-standard-funkempfaenger-j1-554-590mhz","status":"publish","type":"product","link":"https:\/\/anythingtechnicallc.com\/index.php\/de\/product\/gebrauchter-shure-ulxs4-standard-funkempfaenger-j1-554-590mhz\/","title":{"rendered":"Gebrauchter Shure ULXS4 Standard Funkempf\u00e4nger, J1 554-590Mhz"},"content":{"rendered":"<div id=\"productDescription_feature_div\" class=\"celwidget\" data-feature-name=\"productDescription\" data-csa-c-type=\"widget\" data-csa-c-content-id=\"productDescription\" data-csa-c-slot-id=\"productDescription_feature_div\" data-csa-c-asin=\"\" data-csa-c-is-in-initial-active-row=\"false\" data-csa-c-id=\"facrd4-1ercdr-bh568b-b0gfs7\" data-cel-widget=\"productDescription_feature_div\">\n<div>\n<div id=\"productDescription_feature_div\" class=\"a-row feature\" data-feature-name=\"productDescription\" data-template-name=\"productDescription\" data-cel-widget=\"productDescription_feature_div\">\n<div id=\"productDescription\" class=\"a-section a-spacing-small\">\n<h5>Shure Standard Funkempf\u00e4nger<\/h5>\n<p>Einkanaliger Diversity-Empf\u00e4nger. Bis zu 62 kompatible Systeme (mehrere B\u00e4nder).<\/p>\n<h5>Beschreibung<\/h5>\n<p>Der Shure ULX Standard-Empf\u00e4nger bietet ein au\u00dfergew\u00f6hnliches Preis-Leistungs-Verh\u00e4ltnis, sowohl f\u00fcr Musiker als auch f\u00fcr Tontechniker. Der Funktionsumfang des vielseitigen ULXS4 Empf\u00e4ngers bietet einen direkten Weg zu vollen, klaren Audiosignalen, unbelastet und unverbunden.<\/p>\n<h5>Details<\/h5>\n<p>F\u00fcr die Verwendung mit ULX Standard Wireless Systemen. Hinweis: Wenn Sie separate drahtlose Komponenten kaufen, stimmen Sie bitte deren Frequenzb\u00e4nder aufeinander ab, um einen ordnungsgem\u00e4\u00dfen Systembetrieb zu gew\u00e4hrleisten.<\/p>\n<h5>Merkmale:<\/h5>\n<ul class=\"a-unordered-list a-vertical\">\n<li><span class=\"a-list-item\">Automatische Frequenzauswahl mit Gruppensuchfunktion<\/span><\/li>\n<li><span class=\"a-list-item\">Bis zu 1440 w\u00e4hlbare Frequenzen<\/span><\/li>\n<li><span class=\"a-list-item\">5-Segment-Anzeige der \u00fcbertragenen Audiosignalst\u00e4rke<\/span><\/li>\n<li><span class=\"a-list-item\">RF-Anzeige<\/span><\/li>\n<li><span class=\"a-list-item\">3-Segment-Senderbatterie-Tankanzeige<\/span><\/li>\n<li><span class=\"a-list-item\">Erweiterte Multifunktions-LCD-Anzeige f\u00fcr Gruppe und Kanal<\/span><\/li>\n<li><span class=\"a-list-item\">Mic\/Line-Schalter<\/span><\/li>\n<li><span class=\"a-list-item\">Abnehmbare 1\/4-Wellenantenne<\/span><\/li>\n<li><span class=\"a-list-item\">XLR- und 1\/4-Zoll-Ausgang<\/span><\/li>\n<li><span class=\"a-list-item\">Robustes Kunststoffgeh\u00e4use<\/span><\/li>\n<li><span class=\"a-list-item\">1\/2-Rack-Design<\/span><\/li>\n<\/ul>\n<\/div>\n<\/div>\n<\/div>\n<\/div>\n<div id=\"btfSubNavDesktopCopy\" class=\"celwidget\" data-feature-name=\"btfSubNavDesktop\" data-csa-c-type=\"widget\" data-csa-c-content-id=\"btfSubNavDesktop\" data-csa-c-slot-id=\"btfSubNavDesktop_feature_div\" data-csa-c-asin=\"\" data-csa-c-is-in-initial-active-row=\"false\" data-csa-c-id=\"i7ktuz-ec0zgg-po0k7y-z2phd0\" data-cel-widget=\"btfSubNavDesktopCopy\">\n<div class=\"a-row a-size-base btf-sub-nav-desktop-wrapper\" role=\"navigation\">\n<nav class=\"btf-sub-nav-desktop-tabs\" aria-label=\"Navigate within the product detail page\">\n<div class=\"top-tab-content\">\n<div><\/div>\n<\/div>\n<\/nav>\n<\/div>\n<\/div>\n","protected":false},"excerpt":{"rendered":"<ul class=\"a-unordered-list a-vertical\">\n<li><span class=\"a-list-item\">Automatische Frequenzauswahl mit Gruppensuchfunktion.<\/span><\/li>\n<li><span class=\"a-list-item\">Bis zu 1440 w\u00e4hlbare Frequenzen.<\/span><\/li>\n<li><span class=\"a-list-item\">5-Segment-Anzeige der \u00fcbertragenen Audiosignalst\u00e4rke.<\/span><\/li>\n<li><span class=\"a-list-item\">RF-Anzeige.<\/span><\/li>\n<li><span class=\"a-list-item\">3-Segment-Senderbatterie-Tankanzeige.<\/span><\/li>\n<li><span class=\"a-list-item\">Erweiterte Multifunktions-LCD-Anzeige f\u00fcr Gruppe und Kanal.<\/span><\/li>\n<li><span class=\"a-list-item\">Mic\/Line-Schalter.<\/span><\/li>\n<li><span class=\"a-list-item\">Abnehmbare 1\/4-Wellenantenne.<\/span><\/li>\n<li><span class=\"a-list-item\">XLR- und 1\/4-Zoll-Ausgang.<\/span><\/li>\n<li><span class=\"a-list-item\">Robustes Kunststoffgeh\u00e4use.<\/span><\/li>\n<li><span class=\"a-list-item\">1\/2-Rack-Design.<\/span><\/li>\n<\/ul>\n","protected":false},"featured_media":9269,"comment_status":"open","ping_status":"closed","template":"","meta":{"_et_pb_use_builder":"","_et_pb_old_content":"","_et_gb_content_width":""},"product_brand":[],"product_cat":[1372],"product_tag":[],"class_list":{"0":"post-9270","1":"product","2":"type-product","3":"status-publish","4":"has-post-thumbnail","6":"product_cat-elektronik","8":"first","9":"instock","10":"sale","11":"taxable","12":"shipping-taxable","13":"purchasable","14":"product-type-simple"},"exclude_global_add_ons":[],"addons":[],"jetpack-related-posts":[{"id":9083,"url":"https:\/\/anythingtechnicallc.com\/index.php\/de\/product\/gebrauchter-shure-ulxd1-drahtloser-taschensender-v50-band\/","url_meta":{"origin":9270,"position":0},"title":"Gebrauchter Shure ULXD1 Drahtloser Taschensender, V50 Band","date":"March 19, 2026","format":false,"excerpt":"Dieser Sender ben\u00f6tigt einen Ulxd4-Empf\u00e4nger, um das System zu vervollst\u00e4ndigen. Hinweis: Wenn Sie separate drahtlose Komponenten kaufen, stimmen Sie bitte deren Frequenzb\u00e4nder aufeinander ab, um den ordnungsgem\u00e4\u00dfen Betrieb des Systems sicherzustellen. Der ULXD1 ist ein drahtloser Bodypack-Sender, der mit den digitalen ULX-D Drahtlossystemen kompatibel ist. Mit seinem robusten und dennoch\u2026","rel":"","context":"Similar post","img":{"alt_text":"","src":"https:\/\/i0.wp.com\/anythingtechnicallc.com\/wp-content\/uploads\/2024\/10\/41fQWcyQrlL._AC_SL1500_.jpg?fit=362%2C1200&ssl=1&resize=350%2C200","width":350,"height":200},"classes":[]},{"id":9092,"url":"https:\/\/anythingtechnicallc.com\/index.php\/de\/product\/gebrauchter-shure-ulxd1-drahtloser-bodypack-sender-q2-band-748-784mhz\/","url_meta":{"origin":9270,"position":1},"title":"Gebrauchter Shure ULXD1 Drahtloser Bodypack-Sender, Q2 Band 748-784MHz","date":"March 19, 2026","format":false,"excerpt":"Dieser Sender ben\u00f6tigt einen Ulxd4-Empf\u00e4nger, um das System zu vervollst\u00e4ndigen. Hinweis: Wenn Sie separate drahtlose Komponenten kaufen, stimmen Sie bitte deren Frequenzb\u00e4nder aufeinander ab, um den ordnungsgem\u00e4\u00dfen Betrieb des Systems sicherzustellen. Der ULXD1 ist ein drahtloser Bodypack-Sender, der mit den digitalen ULX-D Drahtlossystemen kompatibel ist. Mit seinem robusten und dennoch\u2026","rel":"","context":"Similar post","img":{"alt_text":"","src":"https:\/\/i0.wp.com\/anythingtechnicallc.com\/wp-content\/uploads\/2024\/10\/61bGitfCDL._AC_SL1500_.jpg?fit=466%2C1200&ssl=1&resize=350%2C200","width":350,"height":200},"classes":[]},{"id":9267,"url":"https:\/\/anythingtechnicallc.com\/index.php\/de\/product\/gebrauchter-shure-qlxd1-taschensender-zur-verwendung-mit-qlx-d-digital-wireless-systemen-empfaenger-separat-erhaeltlich-h50-band-qlxd1-h50\/","url_meta":{"origin":9270,"position":2},"title":"Gebrauchter Shure QLXD1 Taschensender &#8211; zur Verwendung mit QLX-D Digital Wireless Systemen, Empf\u00e4nger separat erh\u00e4ltlich | H50 Band (QLXD1=-H50)","date":"March 19, 2026","format":false,"excerpt":"Der QLXD1 Wireless Body Pack Transmitter synchronisiert sich auf Knopfdruck schnell mit einem drahtlosen Empf\u00e4nger \u00fcber IR und sorgt f\u00fcr ein klares, ununterbrochenes Signal \u00fcber seine gesamte Reichweite. 100 m (328 Fu\u00df) Betriebsreichweite (Sichtlinie). Bietet bis zu 9 Stunden Dauerbetrieb mit 2 AA-Alkalibatterien (im Lieferumfang enthalten) oder bis zu 10\u2026","rel":"","context":"Similar post","img":{"alt_text":"","src":"https:\/\/i0.wp.com\/anythingtechnicallc.com\/wp-content\/uploads\/2025\/06\/61agJz2AuL._AC_SL1500_.jpg?fit=394%2C1200&ssl=1&resize=350%2C200","width":350,"height":200},"classes":[]},{"id":9086,"url":"https:\/\/anythingtechnicallc.com\/index.php\/de\/product\/gebrauchter-shure-qlxd1-wireless-bodypack-sender-empfaenger-separat-erhaeltlich-l51-band-632-696mhz\/","url_meta":{"origin":9270,"position":3},"title":"Gebrauchter Shure QLXD1 Wireless Bodypack Sender (Empf\u00e4nger separat erh\u00e4ltlich) &#8211; L51 Band 632-696MHz","date":"March 19, 2026","format":false,"excerpt":"Mit seiner transparenten digitalen 24-Bit-Audioqualit\u00e4t und der unglaublich effizienten Nutzung des HF-Spektrums ist der QLXD1 Taschensender ideal f\u00fcr die drahtlose \u00dcbertragung von Gesang und Instrumenten in Pr\u00e4sentationsr\u00e4umen, Musikveranstaltungen und Gottesh\u00e4usern. Der QLXD1 ist einfach zu bedienen, synchronisiert sich per Tastendruck schnell mit einem drahtlosen Empf\u00e4nger \u00fcber IR und sorgt f\u00fcr\u2026","rel":"","context":"Similar post","img":{"alt_text":"","src":"https:\/\/i0.wp.com\/anythingtechnicallc.com\/wp-content\/uploads\/2024\/10\/41K2zAzwi-L._AC_SL1080_.jpg?fit=320%2C971&ssl=1&resize=350%2C200","width":350,"height":200},"classes":[]},{"id":9264,"url":"https:\/\/anythingtechnicallc.com\/index.php\/de\/product\/gebrauchter-shure-slx4-funkempfaenger-h5-band-518-542-mhz\/","url_meta":{"origin":9270,"position":4},"title":"Gebrauchter Shure SLX4 Funkempf\u00e4nger &#8211; H5 Band 518-542 MHz","date":"March 19, 2026","format":false,"excerpt":"Dieser Sender arbeitet auf 518,000-542,000 MHz. SLX: Klare \u00dcbertragungen Der SLX-Sound basiert auf dem patentierten Audio Reference Companding von Shure, einer Technologie, die drahtlosen Systemen eine klarere \u00dcbertragung und einen gr\u00f6\u00dferen Dynamikbereich verleiht. Im Gegensatz zu herk\u00f6mmlichen drahtlosen Companding-Verfahren, die durch ein festes Kompressionsverh\u00e4ltnis eingeschr\u00e4nkt sind, verwendet diese Technologie ein\u2026","rel":"","context":"Similar post","img":{"alt_text":"","src":"https:\/\/i0.wp.com\/anythingtechnicallc.com\/wp-content\/uploads\/2025\/06\/Shure-SLX4-Wireless-Receiver-H5-Band-scaled.webp?fit=1200%2C608&ssl=1&resize=350%2C200","width":350,"height":200},"classes":[]},{"id":9080,"url":"https:\/\/anythingtechnicallc.com\/index.php\/de\/product\/gebrauchter-shure-blx1-wireless-bodypack-transmitter-mit-ein-aus-schalter-einstellbarem-gain-regler-tqg-anschluss-zur-verwendung-mit-blx-wireless-mikrofonsystemen-empfaenger-separat-erhaeltlich\/","url_meta":{"origin":9270,"position":5},"title":"Gebrauchter Shure BLX1 Wireless Bodypack Transmitter mit Ein\/Aus-Schalter, einstellbarem Gain-Regler, TQG-Anschluss &#8211; zur Verwendung mit BLX Wireless Mikrofonsystemen (Empf\u00e4nger separat erh\u00e4ltlich) | H10 Band","date":"March 19, 2026","format":false,"excerpt":"AUSWAHL DES DRAHTLOSEN FREQUENZBANDES - Bitte vergewissern Sie sich vor dem Kauf, dass das von Ihnen gew\u00e4hlte drahtlose Frequenzband in Ihrer Region funktioniert (Einzelheiten finden Sie auf der Shure Website > Suche nach Shure Wireless Frequency Finder). NUR KOMPONENTE: Damit dieser BLX1 Taschensender funktioniert, m\u00fcssen Sie ihn auf das Frequenzband\u2026","rel":"","context":"Similar post","img":{"alt_text":"","src":"https:\/\/i0.wp.com\/anythingtechnicallc.com\/wp-content\/uploads\/2024\/10\/51oOVm4giXL._AC_SL1500_.jpg?fit=643%2C1200&ssl=1&resize=350%2C200","width":350,"height":200},"classes":[]}],"pll_sync_post":[],"lang":"de","translations":{"de":9270,"en":6881},"_links":{"self":[{"href":"https:\/\/anythingtechnicallc.com\/index.php\/wp-json\/wp\/v2\/product\/9270","targetHints":{"allow":["GET"]}}],"collection":[{"href":"https:\/\/anythingtechnicallc.com\/index.php\/wp-json\/wp\/v2\/product"}],"about":[{"href":"https:\/\/anythingtechnicallc.com\/index.php\/wp-json\/wp\/v2\/types\/product"}],"replies":[{"embeddable":true,"href":"https:\/\/anythingtechnicallc.com\/index.php\/wp-json\/wp\/v2\/comments?post=9270"}],"wp:featuredmedia":[{"embeddable":true,"href":"https:\/\/anythingtechnicallc.com\/index.php\/wp-json\/wp\/v2\/media\/9269"}],"wp:attachment":[{"href":"https:\/\/anythingtechnicallc.com\/index.php\/wp-json\/wp\/v2\/media?parent=9270"}],"wp:term":[{"taxonomy":"product_brand","embeddable":true,"href":"https:\/\/anythingtechnicallc.com\/index.php\/wp-json\/wp\/v2\/product_brand?post=9270"},{"taxonomy":"product_cat","embeddable":true,"href":"https:\/\/anythingtechnicallc.com\/index.php\/wp-json\/wp\/v2\/product_cat?post=9270"},{"taxonomy":"product_tag","embeddable":true,"href":"https:\/\/anythingtechnicallc.com\/index.php\/wp-json\/wp\/v2\/product_tag?post=9270"}],"curies":[{"name":"wp","href":"https:\/\/api.w.org\/{rel}","templated":true}]}}