{"id":9279,"date":"2026-03-19T07:07:20","date_gmt":"2026-03-19T07:07:20","guid":{"rendered":"https:\/\/anythingtechnicallc.com\/?post_type=product&#038;p=9279"},"modified":"2026-03-19T07:07:20","modified_gmt":"2026-03-19T07:07:20","slug":"gebrauchtes-shure-wh20-dynamisches-headset-mikrofon-robust-leicht-sicherer-sitz-fuer-aktive-mikrofonbenutzer-fuer-ausbilder-musiker-tqg-connector-wireless-bodypack-transmitter-wh20tqg","status":"publish","type":"product","link":"https:\/\/anythingtechnicallc.com\/index.php\/de\/product\/gebrauchtes-shure-wh20-dynamisches-headset-mikrofon-robust-leicht-sicherer-sitz-fuer-aktive-mikrofonbenutzer-fuer-ausbilder-musiker-tqg-connector-wireless-bodypack-transmitter-wh20tqg\/","title":{"rendered":"Gebrauchtes Shure WH20 Dynamisches Headset-Mikrofon &#8211; Robust, leicht, sicherer Sitz f\u00fcr aktive Mikrofonbenutzer, f\u00fcr Ausbilder\/Musiker, TQG Connector Wireless Bodypack Transmitter (WH20TQG)"},"content":{"rendered":"<div id=\"productDescription_feature_div\" class=\"celwidget\" data-feature-name=\"productDescription\" data-csa-c-type=\"widget\" data-csa-c-content-id=\"productDescription\" data-csa-c-slot-id=\"productDescription_feature_div\" data-csa-c-asin=\"\" data-csa-c-is-in-initial-active-row=\"false\" data-csa-c-id=\"bblofv-an6r6g-u0o116-74aysn\" data-cel-widget=\"productDescription_feature_div\">\n<div>\n<div id=\"productDescription_feature_div\" class=\"a-row feature\" data-feature-name=\"productDescription\" data-template-name=\"productDescription\" data-cel-widget=\"productDescription_feature_div\">\n<div id=\"productDescription\" class=\"a-section a-spacing-small\">\n<p>Die Nierencharakteristik (unidirektional) bietet eine gr\u00f6\u00dfere Verst\u00e4rkung vor der R\u00fcckkopplung und eine Isolierung von Umgebungsger\u00e4uschen und anderen unerw\u00fcnschten Schallquellen. Der sorgf\u00e4ltig geformte Frequenzgang enth\u00e4lt einen Spitzenwert f\u00fcr die Stimmfrequenz und eine Abschw\u00e4chung der tiefen Frequenzen, um den Nahbesprechungseffekt zu kompensieren, der bei Nierenmikrofonen auftritt.<\/p>\n<\/div>\n<\/div>\n<\/div>\n<\/div>\n<div id=\"aplus_feature_div\" class=\"celwidget\" data-feature-name=\"aplus\" data-csa-c-type=\"widget\" data-csa-c-content-id=\"aplus\" data-csa-c-slot-id=\"aplus_feature_div\" data-csa-c-asin=\"\" data-csa-c-is-in-initial-active-row=\"false\" data-csa-c-id=\"w1lsf7-j3rmwz-kqgp3b-4opdqa\" data-cel-widget=\"aplus_feature_div\"><\/div>\n<div id=\"aplusBrandStory_feature_div\" class=\"celwidget\" data-feature-name=\"aplusBrandStory\" data-csa-c-type=\"widget\" data-csa-c-content-id=\"aplusBrandStory\" data-csa-c-slot-id=\"aplusBrandStory_feature_div\" data-csa-c-asin=\"\" data-csa-c-is-in-initial-active-row=\"false\" data-csa-c-id=\"i089u2-rqviax-uds5ta-o42eny\" data-cel-widget=\"aplusBrandStory_feature_div\"><\/div>\n<div id=\"aplusSustainabilityStory_feature_div\" class=\"celwidget\" data-feature-name=\"aplusSustainabilityStory\" data-csa-c-type=\"widget\" data-csa-c-content-id=\"aplusSustainabilityStory\" data-csa-c-slot-id=\"aplusSustainabilityStory_feature_div\" data-csa-c-asin=\"\" data-csa-c-is-in-initial-active-row=\"false\" data-csa-c-id=\"1y2f7t-jc0c7r-iz7uno-ea6suy\" data-cel-widget=\"aplusSustainabilityStory_feature_div\"><\/div>\n<div id=\"HLCXComparisonWidget_Secondary_wdgs-4-T2\" class=\"celwidget\" data-feature-name=\"HLCXComparisonWidget_Secondary_wdgs-4-T2\" data-csa-c-type=\"widget\" data-csa-c-content-id=\"HLCXComparisonWidget_Secondary_wdgs-4-T2\" data-csa-c-slot-id=\"HLCXComparisonWidget_Secondary_wdgs-4-T2\" data-csa-c-asin=\"\" data-csa-c-is-in-initial-active-row=\"false\" data-csa-c-id=\"ulun66-z807uh-mu10uf-5h4hhb\" data-cel-widget=\"HLCXComparisonWidget_Secondary_wdgs-4-T2\">\n<div id=\"product-comparison_feature_div\" class=\"celwidget\" data-feature-name=\"product-comparison\" data-csa-c-type=\"widget\" data-csa-c-content-id=\"product-comparison\" data-csa-c-slot-id=\"product-comparison_feature_div\" data-csa-c-asin=\"\" data-csa-c-is-in-initial-active-row=\"false\" data-csa-c-id=\"zh3pff-6rl5av-os530f-pu5qkn\" data-cel-widget=\"product-comparison_feature_div\">\n<div id=\"sims-consolidated-4_feature_div\">\n<div id=\"sims-consolidated-4_feature_div\">\n<div class=\"celwidget\" data-csa-c-id=\"ucov1r-1onu6r-72uydf-wgxl4a\" data-cel-widget=\"sims-consolidated-4_csm_instrumentation_wrapper\">\n<div class=\"celwidget pd_rd_w-CKxBw content-id-amzn1.sym.cd152278-debd-42b9-91b9-6f271389fda7 pf_rd_p-cd152278-debd-42b9-91b9-6f271389fda7 pf_rd_r-RYNM7BQM9B4N364SYD8M pd_rd_wg-tLsy9 pd_rd_r-87d998f6-6263-40b7-abb3-48b25540b9bf c-f\" data-csa-op-log-render=\"\" data-csa-c-content-id=\"amzn1.sym.cd152278-debd-42b9-91b9-6f271389fda7\" data-csa-c-slot-id=\"comparison-container-5\" data-csa-c-type=\"widget\" data-csa-c-painter=\"product-comparison-desktop-cards\" data-csa-c-id=\"jqdrca-lfu39c-9m0zvx-rmfyfu\" data-cel-widget=\"product-comparison-desktop_DPSims_4\">\n<div id=\"CardInstanceM6wDx7Cp5oxactDj3_AX1Q\" class=\"_product-comparison-desktop_styles_psem-product-comparison__22yGa\" data-card-metrics-id=\"product-comparison-desktop_DPSims_4\" data-acp-tracking=\"{&quot;pd_rd_w&quot;:&quot;CKxBw&quot;,&quot;content-id&quot;:&quot;amzn1.sym.cd152278-debd-42b9-91b9-6f271389fda7&quot;,&quot;pf_rd_p&quot;:&quot;cd152278-debd-42b9-91b9-6f271389fda7&quot;,&quot;pf_rd_r&quot;:&quot;RYNM7BQM9B4N364SYD8M&quot;,&quot;pd_rd_wg&quot;:&quot;tLsy9&quot;,&quot;pd_rd_r&quot;:&quot;87d998f6-6263-40b7-abb3-48b25540b9bf&quot;,&quot;ref_&quot;:&quot;pd_ci_mcx_pspc_dp_2&quot;}\" data-mix-claimed=\"true\">\n<div class=\"_product-comparison-desktop_desktopFaceoutStyle_comparison-card-wrapper__udgEs\"><\/div>\n<\/div>\n<\/div>\n<\/div>\n<\/div>\n<\/div>\n<\/div>\n<\/div>\n","protected":false},"excerpt":{"rendered":"<ul class=\"a-unordered-list a-vertical a-spacing-mini\">\n<li class=\"a-spacing-mini\"><span class=\"a-list-item\">WH20TQG: 4-polige Minibuchse (TA4F \/ TQG).<\/span><\/li>\n<li class=\"a-spacing-mini\"><span class=\"a-list-item\">Leichter Drahtb\u00fcgel und elastischer Kopfb\u00fcgel f\u00fcr einen sicheren, bequemen Sitz.<\/span><\/li>\n<li class=\"a-spacing-mini\"><span class=\"a-list-item\">Das extrastarke Mikrofonkabel mit kleinem Durchmesser ist bruchsicher.<\/span><\/li>\n<li class=\"a-spacing-mini\"><span class=\"a-list-item\">Zusammenklappbarer Mikrofonarm f\u00fcr einfache Aufbewahrung und Transport.<\/span><\/li>\n<li class=\"a-spacing-mini\"><span class=\"a-list-item\">Gleichm\u00e4\u00dfiger, nat\u00fcrlicher Frequenzgang, vergleichbar mit hochwertigen dynamischen Gesangsmikrofonen.<\/span><\/li>\n<li class=\"a-spacing-mini\"><span class=\"a-list-item\">Hoher Eingangs\u00fcbersteuerungspegel verhindert \u00dcbersteuerungsverzerrungen.<\/span><\/li>\n<li class=\"a-spacing-mini\"><span class=\"a-list-item\">Zuverl\u00e4ssig bei extremen Temperaturen und Feuchtigkeit.<\/span><\/li>\n<\/ul>\n","protected":false},"featured_media":9278,"comment_status":"open","ping_status":"closed","template":"","meta":{"_et_pb_use_builder":"","_et_pb_old_content":"","_et_gb_content_width":""},"product_brand":[],"product_cat":[1372],"product_tag":[],"class_list":{"0":"post-9279","1":"product","2":"type-product","3":"status-publish","4":"has-post-thumbnail","6":"product_cat-elektronik","8":"first","9":"instock","10":"sale","11":"taxable","12":"shipping-taxable","13":"purchasable","14":"product-type-simple"},"exclude_global_add_ons":[],"addons":[],"jetpack-related-posts":[{"id":9212,"url":"https:\/\/anythingtechnicallc.com\/index.php\/de\/product\/gebrauchtes-shure-sm31fh-tqg-wasserabweisendes-kondensatormikrofon-mit-nierencharakteristik-fuer-kopfhoerer\/","url_meta":{"origin":9279,"position":0},"title":"Gebrauchtes Shure SM31FH-TQG Wasserabweisendes Kondensatormikrofon mit Nierencharakteristik f\u00fcr Kopfh\u00f6rer","date":"March 19, 2026","format":false,"excerpt":"WETTERFESTES DESIGN - Das SM31FH wurde f\u00fcr den Einsatz in rauen Umgebungen und unter schwierigen Wetterbedingungen entwickelt und eignet sich perfekt f\u00fcr Fitness-Trainer und aktive K\u00fcnstler. SICHERER SITZ - Das komfortable, sicher sitzende Drahtb\u00fcgel-Headset ist so konzipiert, dass es auch bei energiegeladenen Auftritten und anstrengenden Aktivit\u00e4ten an seinem Platz bleibt.\u2026","rel":"","context":"Similar post","img":{"alt_text":"","src":"https:\/\/i0.wp.com\/anythingtechnicallc.com\/wp-content\/uploads\/2025\/02\/61oDR6SKIL._AC_SL1500_.jpg?fit=1200%2C1032&ssl=1&resize=350%2C200","width":350,"height":200},"classes":[]},{"id":9059,"url":"https:\/\/anythingtechnicallc.com\/index.php\/de\/product\/shure-pga31-headset-kondensatormikrofon-mit-nierencharakteristik-flexiblem-schwanenhals-schaumstoff-windschutz-und-ta4f-tqg-anschluss-zur-verwendung-mit-shure-drahtlos-systemen-pga31-tqgschwarz\/","url_meta":{"origin":9279,"position":1},"title":"Shure PGA31 Headset-Kondensatormikrofon mit Nierencharakteristik, flexiblem Schwanenhals, Schaumstoff-Windschutz und TA4F (TQG) Anschluss zur Verwendung mit Shure Drahtlos-Systemen (PGA31-TQG),Schwarz","date":"March 18, 2026","format":false,"excerpt":"Drahtb\u00fcgel-Headset mit sicherem Sitz f\u00fcr aktive Sprecher und Gesangsinterpreten. Permanent geladene Elektret-Kondensatormikrofone liefern detaillierte, klare Stimmen. Unidirektionale Nieren-Richtcharakteristik unterdr\u00fcckt unerw\u00fcnschte Ger\u00e4usche f\u00fcr eine verbesserte Klangqualit\u00e4t und h\u00f6here Verst\u00e4rkung vor R\u00fcckkopplung. Das flexible Schwanenhalsdesign und die diskreten Einstellm\u00f6glichkeiten optimieren die Mikrofonpositionierung f\u00fcr eine weitere Quellenisolierung. Der TA4F (TQG)-Anschluss l\u00e4sst sich nahtlos\u2026","rel":"","context":"Similar post","img":{"alt_text":"","src":"https:\/\/i0.wp.com\/anythingtechnicallc.com\/wp-content\/uploads\/2024\/09\/61HUbziagL._AC_SL1500_.jpg?fit=1200%2C957&ssl=1&resize=350%2C200","width":350,"height":200},"classes":[]},{"id":9937,"url":"https:\/\/anythingtechnicallc.com\/index.php\/de\/product\/audio-technica-at2020-kondensator-studiomikrofon-mit-nierencharakteristik-schwarz-erneuert\/","url_meta":{"origin":9279,"position":2},"title":"Audio-Technica AT2020 Kondensator-Studiomikrofon mit Nierencharakteristik, Schwarz (Erneuert)","date":"April 15, 2026","format":false,"excerpt":"Das Audio Technica AT2020 Kondensatormikrofon mit Nieren-Richtcharakteristik verf\u00fcgt \u00fcber ein v\u00f6llig neues, patentiertes Design mit der bew\u00e4hrten Zuverl\u00e4ssigkeit von Audio-Technica's moderner Technik und Fertigungsexpertise. Das AT2020 ist ideal f\u00fcr Projekt-\/Heimstudioanwendungen und verf\u00fcgt \u00fcber eine speziell entwickelte, massearme Membran, die einen erweiterten Frequenzgang und die F\u00e4higkeit bietet, extrem hohe Schalldruckpegel zu\u2026","rel":"","context":"Similar post","img":{"alt_text":"","src":"https:\/\/i0.wp.com\/anythingtechnicallc.com\/wp-content\/uploads\/2026\/04\/Audio-Technica-AT2020-Cardioid-Condenser-Studio-Microphone-Black-Renewed.jpg?fit=900%2C1200&ssl=1&resize=350%2C200","width":350,"height":200},"classes":[]},{"id":9240,"url":"https:\/\/anythingtechnicallc.com\/index.php\/de\/product\/audio-technica-at2020-kondensator-studiomikrofon-mit-nierencharakteristik-xlr-ideal-fuer-projekt-heimstudioanwendungen\/","url_meta":{"origin":9279,"position":3},"title":"Audio-Technica AT2020 Kondensator-Studiomikrofon mit Nierencharakteristik XLR, ideal f\u00fcr Projekt-\/Heimstudioanwendungen","date":"March 19, 2026","format":false,"excerpt":"Die strengen Qualit\u00e4ts- und Konsistenzstandards von Audio-Technica heben das AT2020 von anderen Mikrofonen seiner Klasse ab. Seine massearme Membran wurde speziell f\u00fcr einen erweiterten Frequenzgang und ein hervorragendes Einschwingverhalten entwickelt. Die robuste Konstruktion sorgt f\u00fcr eine dauerhafte Leistung, das Mikrofon bietet einen gro\u00dfen Dynamikbereich und bew\u00e4ltigt hohe Schalldruckpegel mit Leichtigkeit.\u2026","rel":"","context":"Similar post","img":{"alt_text":"","src":"https:\/\/i0.wp.com\/anythingtechnicallc.com\/wp-content\/uploads\/2025\/03\/71ZMXqrB9XL._AC_SL1500_.jpg?fit=383%2C1200&ssl=1&resize=350%2C200","width":350,"height":200},"classes":[]},{"id":8936,"url":"https:\/\/anythingtechnicallc.com\/index.php\/de\/product\/sennheiser-cx-sport-bluetooth-sport-kopfhoerer\/","url_meta":{"origin":9279,"position":4},"title":"Sennheiser CX Sport Bluetooth Sport-Kopfh\u00f6rer","date":"March 18, 2026","format":false,"excerpt":"Geben Sie Ihre Modellnummer ein, um sicherzustellen, dass das Produkt passt. Die von Sennheiser entwickelten und in Deutschland hergestellten Schallwandler liefern einen ausgewogenen und detaillierten Klang mit dynamischen B\u00e4ssen. Schwei\u00df- und spritzwassergesch\u00fctzt, entwickelt als Erg\u00e4nzung zu Ihren Trainingsaktivit\u00e4ten","rel":"","context":"Similar post","img":{"alt_text":"","src":"https:\/\/i0.wp.com\/anythingtechnicallc.com\/wp-content\/uploads\/2023\/03\/Sennheiser-CX-Sport-Bluetooth-Sports-Headphone-0.jpg?fit=423%2C500&ssl=1&resize=350%2C200","width":350,"height":200},"classes":[]},{"id":9285,"url":"https:\/\/anythingtechnicallc.com\/index.php\/de\/product\/gebrauchtes-shure-sm35-performance-headset-kondensatormikrofon-fuer-freisprechanlagen-tqg-anschluss-zur-verwendung-mit-drahtlossystemen-taschensender-separat-erhaeltlich-sm35-tqg\/","url_meta":{"origin":9279,"position":5},"title":"Gebrauchtes Shure SM35 Performance Headset-Kondensatormikrofon f\u00fcr Freisprechanlagen, TQG-Anschluss zur Verwendung mit Drahtlossystemen &#8211; Taschensender separat erh\u00e4ltlich (SM35-TQG)","date":"March 19, 2026","format":false,"excerpt":"Die Leute werden Ihnen nicht zuh\u00f6ren, wenn Sie nicht gut klingen. Mit dem Shure SM35 Headset-Mikrofon werden Sie die Aufmerksamkeit der Leute auf sich ziehen und behalten. Egal, ob Sie singen, eine Pr\u00e4sentation halten oder ein Produkt in einer praktischen Vorf\u00fchrung zeigen, das komfortable SM35 bietet Ihnen eine klare und\u2026","rel":"","context":"Similar post","img":{"alt_text":"","src":"https:\/\/i0.wp.com\/anythingtechnicallc.com\/wp-content\/uploads\/2025\/06\/61hZnoDGHkL._AC_SL1500_.jpg?fit=1028%2C1200&ssl=1&resize=350%2C200","width":350,"height":200},"classes":[]}],"pll_sync_post":[],"lang":"de","translations":{"de":9279,"en":6887},"_links":{"self":[{"href":"https:\/\/anythingtechnicallc.com\/index.php\/wp-json\/wp\/v2\/product\/9279","targetHints":{"allow":["GET"]}}],"collection":[{"href":"https:\/\/anythingtechnicallc.com\/index.php\/wp-json\/wp\/v2\/product"}],"about":[{"href":"https:\/\/anythingtechnicallc.com\/index.php\/wp-json\/wp\/v2\/types\/product"}],"replies":[{"embeddable":true,"href":"https:\/\/anythingtechnicallc.com\/index.php\/wp-json\/wp\/v2\/comments?post=9279"}],"wp:featuredmedia":[{"embeddable":true,"href":"https:\/\/anythingtechnicallc.com\/index.php\/wp-json\/wp\/v2\/media\/9278"}],"wp:attachment":[{"href":"https:\/\/anythingtechnicallc.com\/index.php\/wp-json\/wp\/v2\/media?parent=9279"}],"wp:term":[{"taxonomy":"product_brand","embeddable":true,"href":"https:\/\/anythingtechnicallc.com\/index.php\/wp-json\/wp\/v2\/product_brand?post=9279"},{"taxonomy":"product_cat","embeddable":true,"href":"https:\/\/anythingtechnicallc.com\/index.php\/wp-json\/wp\/v2\/product_cat?post=9279"},{"taxonomy":"product_tag","embeddable":true,"href":"https:\/\/anythingtechnicallc.com\/index.php\/wp-json\/wp\/v2\/product_tag?post=9279"}],"curies":[{"name":"wp","href":"https:\/\/api.w.org\/{rel}","templated":true}]}}