{"id":9285,"date":"2026-03-19T07:10:19","date_gmt":"2026-03-19T07:10:19","guid":{"rendered":"https:\/\/anythingtechnicallc.com\/?post_type=product&#038;p=9285"},"modified":"2026-03-19T07:10:19","modified_gmt":"2026-03-19T07:10:19","slug":"gebrauchtes-shure-sm35-performance-headset-kondensatormikrofon-fuer-freisprechanlagen-tqg-anschluss-zur-verwendung-mit-drahtlossystemen-taschensender-separat-erhaeltlich-sm35-tqg","status":"publish","type":"product","link":"https:\/\/anythingtechnicallc.com\/index.php\/de\/product\/gebrauchtes-shure-sm35-performance-headset-kondensatormikrofon-fuer-freisprechanlagen-tqg-anschluss-zur-verwendung-mit-drahtlossystemen-taschensender-separat-erhaeltlich-sm35-tqg\/","title":{"rendered":"Gebrauchtes Shure SM35 Performance Headset-Kondensatormikrofon f\u00fcr Freisprechanlagen, TQG-Anschluss zur Verwendung mit Drahtlossystemen &#8211; Taschensender separat erh\u00e4ltlich (SM35-TQG)"},"content":{"rendered":"<p>Das SM35 Performance Headset-Kondensatormikrofon gibt Multi-Instrumentalisten die Freiheit, sich auszudr\u00fccken, ohne Abstriche bei der Klangqualit\u00e4t zu machen. Die enge, unidirektionale Nierencharakteristik bietet eine hervorragende Unterdr\u00fcckung von Schallquellen au\u00dferhalb der Achse, um R\u00fcckkopplungen und Signalverluste auf der B\u00fchne zu vermeiden, egal ob in kleinen Clubs, bei gro\u00dfen Installationen oder auf Tourneen.<\/p>\n","protected":false},"excerpt":{"rendered":"<div id=\"productDescription_feature_div\" class=\"celwidget\" data-feature-name=\"productDescription\" data-csa-c-type=\"widget\" data-csa-c-content-id=\"productDescription\" data-csa-c-slot-id=\"productDescription_feature_div\" data-csa-c-asin=\"\" data-csa-c-is-in-initial-active-row=\"false\" data-csa-c-id=\"q20nwb-7s65nd-v4hy03-jhopjp\" data-cel-widget=\"productDescription_feature_div\">\n<div>\n<div id=\"productDescription_feature_div\" class=\"a-row feature\" data-feature-name=\"productDescription\" data-template-name=\"productDescription\" data-cel-widget=\"productDescription_feature_div\">\n<div id=\"productDescription\" class=\"a-section a-spacing-small\">\n<p>Die Leute werden Ihnen nicht zuh\u00f6ren, wenn Sie nicht gut klingen. Mit dem Shure SM35 Headset-Mikrofon werden Sie die Aufmerksamkeit der Leute auf sich ziehen und behalten. Egal, ob Sie singen, eine Pr\u00e4sentation halten oder ein Produkt in einer praktischen Vorf\u00fchrung zeigen, das komfortable SM35 bietet Ihnen eine klare und deutliche Stimmwiedergabe und reduziert gleichzeitig Au\u00dfenger\u00e4usche. Der mitgelieferte Windschutz reduziert Atem- und Windger\u00e4usche, und der flexible Schwanenhals macht es m\u00fchelos m\u00f6glich, das Mikrofon genau dort zu platzieren, wo Sie es brauchen. Wenn Sie die Freisprechfunktion Ihres Shure Drahtlossystems ben\u00f6tigen, sollten Sie sich das Shure SM35 Headset-Mikrofon zulegen.<\/p>\n<p><span class=\"a-text-bold\">WICHTIGER HINWEIS:<\/span><br \/>\n&#8211; Die TQG-Version ERFORDERT ein drahtloses Shure Bodypack-System oder das RPM626 mit Inline-Verst\u00e4rker, um ordnungsgem\u00e4\u00df zu funktionieren.<br \/>\n&#8211; Das TQG ben\u00f6tigt einen Inline-Vorverst\u00e4rker (RPM626) oder ein drahtloses Shure-System, um sowohl Leistung als auch Verst\u00e4rkung zu erzielen.<br \/>\n&#8211; Das SM35-TQG ist nur mit Shure Bodypacks oder Ger\u00e4ten mit TA4F-Anschluss kompatibel. Das Headset ist verriegelt und l\u00e4sst sich nicht ein- und ausstecken, wenn es mit einem Ger\u00e4t mit TA4F-Anschluss verwendet wird.<\/p>\n<\/div>\n<\/div>\n<\/div>\n<\/div>\n<div id=\"brandInsights_feature_div_1\" class=\"celwidget hoc-feature-hidden\" data-feature-name=\"brandInsights\" data-csa-c-type=\"widget\" data-csa-c-content-id=\"brandInsights\" data-csa-c-slot-id=\"brandInsights_feature_div_1\" data-csa-c-asin=\"\" data-csa-c-is-in-initial-active-row=\"false\" data-csa-c-id=\"fdqhh8-g7bhbd-te6ocr-6ujl2h\" data-cel-widget=\"brandInsights_feature_div_1\"><\/div>\n<div id=\"brandInsights_feature_div_3\" class=\"celwidget hoc-feature-hidden\" data-feature-name=\"brandInsights\" data-csa-c-type=\"widget\" data-csa-c-content-id=\"brandInsights\" data-csa-c-slot-id=\"brandInsights_feature_div_3\" data-csa-c-asin=\"\" data-csa-c-is-in-initial-active-row=\"false\" data-csa-c-id=\"6ot2oq-vd5wxa-k9o81r-7zdc54\" data-cel-widget=\"brandInsights_feature_div_3\">\n<div data-csa-c-type=\"widget\" data-csa-c-slot-id=\"brandInsightsContent\" data-csa-c-content-id=\"brandInsightsDesktopT3\" data-cel-widget=\"brandInsightsDesktopT3\" data-csa-c-id=\"ceebch-w8m0x1-l9hag7-3el84p\"><\/div>\n<\/div>\n","protected":false},"featured_media":9284,"comment_status":"open","ping_status":"closed","template":"","meta":{"_et_pb_use_builder":"","_et_pb_old_content":"","_et_gb_content_width":""},"product_brand":[],"product_cat":[1372],"product_tag":[],"class_list":{"0":"post-9285","1":"product","2":"type-product","3":"status-publish","4":"has-post-thumbnail","6":"product_cat-elektronik","8":"first","9":"instock","10":"sale","11":"taxable","12":"shipping-taxable","13":"purchasable","14":"product-type-simple"},"exclude_global_add_ons":[],"addons":[],"jetpack-related-posts":[{"id":9059,"url":"https:\/\/anythingtechnicallc.com\/index.php\/de\/product\/shure-pga31-headset-kondensatormikrofon-mit-nierencharakteristik-flexiblem-schwanenhals-schaumstoff-windschutz-und-ta4f-tqg-anschluss-zur-verwendung-mit-shure-drahtlos-systemen-pga31-tqgschwarz\/","url_meta":{"origin":9285,"position":0},"title":"Shure PGA31 Headset-Kondensatormikrofon mit Nierencharakteristik, flexiblem Schwanenhals, Schaumstoff-Windschutz und TA4F (TQG) Anschluss zur Verwendung mit Shure Drahtlos-Systemen (PGA31-TQG),Schwarz","date":"March 18, 2026","format":false,"excerpt":"Drahtb\u00fcgel-Headset mit sicherem Sitz f\u00fcr aktive Sprecher und Gesangsinterpreten. Permanent geladene Elektret-Kondensatormikrofone liefern detaillierte, klare Stimmen. Unidirektionale Nieren-Richtcharakteristik unterdr\u00fcckt unerw\u00fcnschte Ger\u00e4usche f\u00fcr eine verbesserte Klangqualit\u00e4t und h\u00f6here Verst\u00e4rkung vor R\u00fcckkopplung. Das flexible Schwanenhalsdesign und die diskreten Einstellm\u00f6glichkeiten optimieren die Mikrofonpositionierung f\u00fcr eine weitere Quellenisolierung. Der TA4F (TQG)-Anschluss l\u00e4sst sich nahtlos\u2026","rel":"","context":"Similar post","img":{"alt_text":"","src":"https:\/\/i0.wp.com\/anythingtechnicallc.com\/wp-content\/uploads\/2024\/09\/61HUbziagL._AC_SL1500_.jpg?fit=1200%2C957&ssl=1&resize=350%2C200","width":350,"height":200},"classes":[]},{"id":9212,"url":"https:\/\/anythingtechnicallc.com\/index.php\/de\/product\/gebrauchtes-shure-sm31fh-tqg-wasserabweisendes-kondensatormikrofon-mit-nierencharakteristik-fuer-kopfhoerer\/","url_meta":{"origin":9285,"position":1},"title":"Gebrauchtes Shure SM31FH-TQG Wasserabweisendes Kondensatormikrofon mit Nierencharakteristik f\u00fcr Kopfh\u00f6rer","date":"March 19, 2026","format":false,"excerpt":"WETTERFESTES DESIGN - Das SM31FH wurde f\u00fcr den Einsatz in rauen Umgebungen und unter schwierigen Wetterbedingungen entwickelt und eignet sich perfekt f\u00fcr Fitness-Trainer und aktive K\u00fcnstler. SICHERER SITZ - Das komfortable, sicher sitzende Drahtb\u00fcgel-Headset ist so konzipiert, dass es auch bei energiegeladenen Auftritten und anstrengenden Aktivit\u00e4ten an seinem Platz bleibt.\u2026","rel":"","context":"Similar post","img":{"alt_text":"","src":"https:\/\/i0.wp.com\/anythingtechnicallc.com\/wp-content\/uploads\/2025\/02\/61oDR6SKIL._AC_SL1500_.jpg?fit=1200%2C1032&ssl=1&resize=350%2C200","width":350,"height":200},"classes":[]},{"id":9200,"url":"https:\/\/anythingtechnicallc.com\/index.php\/de\/product\/used-shure-centraverse-cvl-lavalier-mikrofon-schwarz-kondensator-mini-lav-mikrofon-mit-nierencharakteristik-clip-on-fuer-freihandbetrieb-ta4f-tqg-anschluss-fuer-drahtlose-bodypacks-cvl-b-c-tqg\/","url_meta":{"origin":9285,"position":2},"title":"USED Shure Centraverse CVL Lavalier-Mikrofon &#8211; Schwarz, Kondensator-Mini-Lav-Mikrofon mit Nierencharakteristik, Clip-On f\u00fcr Freihandbetrieb, TA4F (TQG) Anschluss f\u00fcr drahtlose Bodypacks (CVL-B\/C-TQG)","date":"March 19, 2026","format":false,"excerpt":"F\u00fcr professionelle Pr\u00e4sentationen, die ein Mikrofon erfordern, das man h\u00f6rt, aber nicht sieht, bietet das Centraverse CVL Lavalier-Kondensatormikrofon ein kompaktes Clip-on-Design und eine einfache, unkomplizierte Einrichtung. Die unidirektionale Nierencharakteristik unterdr\u00fcckt unerw\u00fcnschte Ger\u00e4usche und sorgt so f\u00fcr eine hervorragende Audioqualit\u00e4t und Stimmwiedergabe. Pr\u00e4zisionsgefertigt f\u00fcr den jahrelangen Einsatz mit allen Shure Drahtlossystemen.","rel":"","context":"Similar post","img":{"alt_text":"","src":"https:\/\/i0.wp.com\/anythingtechnicallc.com\/wp-content\/uploads\/2025\/02\/51IHIZ9mrqL._AC_SL1500_.jpg?fit=526%2C1200&ssl=1&resize=350%2C200","width":350,"height":200},"classes":[]},{"id":9203,"url":"https:\/\/anythingtechnicallc.com\/index.php\/de\/product\/used-shure-wl183-lavalier-kondensatormikrofon-mit-kugelcharakteristik-tqg-fuer-sprachanwendungen-mit-12-m-4-ft-kabel-mit-4-poligem-mini-anschluss-drahtloser-bodypack-sender-separat-erhaeltlich\/","url_meta":{"origin":9285,"position":3},"title":"USED Shure WL183 Lavalier-Kondensatormikrofon mit Kugelcharakteristik (TQG) f\u00fcr Sprachanwendungen mit 1,2 m (4 ft) Kabel mit 4-poligem Mini-Anschluss (drahtloser Bodypack-Sender separat erh\u00e4ltlich)","date":"March 19, 2026","format":false,"excerpt":"Das WL183 ist ein Lavalier-Mikrofon mit Kugelcharakteristik, einem Aufnahmewinkel von 360 Grad und geringem St\u00f6rger\u00e4usch. Es wird f\u00fcr allgemeine Beschallungs-, Aufnahme- und Fern\u00fcberwachungsanwendungen empfohlen. Es hat ein 1,2 Meter langes Kabel, das mit einem 4-poligen Miniaturstecker abgeschlossen ist. Die mitgelieferte Krawattenklammer kann in 90-Grad-Schritten gedreht werden, um eine flexible Platzierung\u2026","rel":"","context":"Similar post","img":{"alt_text":"","src":"https:\/\/i0.wp.com\/anythingtechnicallc.com\/wp-content\/uploads\/2025\/02\/51lkFF0oVlL._AC_SL1000_.jpg?fit=932%2C932&ssl=1&resize=350%2C200","width":350,"height":200},"classes":[]},{"id":9259,"url":"https:\/\/anythingtechnicallc.com\/index.php\/de\/product\/gebrauchtes-shure-mx202w-c-kondensatormikrofon-niere-184\/","url_meta":{"origin":9285,"position":4},"title":"Gebrauchtes Shure MX202W\/C Kondensatormikrofon &#8211; Niere 184","date":"March 19, 2026","format":false,"excerpt":"Die Mikrofone der Shure Micro flex MX200 Serie sind Miniatur-Elektronenkondensatormikrofone, die f\u00fcr die Aufnahme von Ch\u00f6ren und Performance-Gruppen entwickelt wurden. Sie werden in der Regel \u00fcber den K\u00f6pfen der Interpreten aufgeh\u00e4ngt. Durch ihre hohe Empfindlichkeit und den gro\u00dfen Frequenzbereich eignen sie sich sowohl f\u00fcr Aufnahmen als auch f\u00fcr Beschallungsanwendungen. Dank\u2026","rel":"","context":"Similar post","img":{"alt_text":"","src":"https:\/\/i0.wp.com\/anythingtechnicallc.com\/wp-content\/uploads\/2025\/06\/51BoUmQ0qGL._AC_SL1500_.jpg?fit=362%2C1200&ssl=1&resize=350%2C200","width":350,"height":200},"classes":[]},{"id":9261,"url":"https:\/\/anythingtechnicallc.com\/index.php\/de\/product\/gebrauchtes-shure-mx202w-c-kondensatormikrofon-niere-185\/","url_meta":{"origin":9285,"position":5},"title":"Gebrauchtes Shure MX202W\/C Kondensatormikrofon &#8211; Niere 185","date":"March 19, 2026","format":false,"excerpt":"Die Mikrofone der Shure Micro flex MX200 Serie sind Miniatur-Elektronenkondensatormikrofone, die f\u00fcr die Aufnahme von Ch\u00f6ren und Performance-Gruppen entwickelt wurden. Sie werden in der Regel \u00fcber den K\u00f6pfen der Interpreten aufgeh\u00e4ngt. Durch ihre hohe Empfindlichkeit und den gro\u00dfen Frequenzbereich eignen sie sich sowohl f\u00fcr Aufnahmen als auch f\u00fcr Beschallungsanwendungen. Dank\u2026","rel":"","context":"Similar post","img":{"alt_text":"","src":"https:\/\/i0.wp.com\/anythingtechnicallc.com\/wp-content\/uploads\/2025\/06\/51BoUmQ0qGL._AC_SL1500_.jpg?fit=362%2C1200&ssl=1&resize=350%2C200","width":350,"height":200},"classes":[]}],"pll_sync_post":[],"lang":"de","translations":{"de":9285,"en":6891},"_links":{"self":[{"href":"https:\/\/anythingtechnicallc.com\/index.php\/wp-json\/wp\/v2\/product\/9285","targetHints":{"allow":["GET"]}}],"collection":[{"href":"https:\/\/anythingtechnicallc.com\/index.php\/wp-json\/wp\/v2\/product"}],"about":[{"href":"https:\/\/anythingtechnicallc.com\/index.php\/wp-json\/wp\/v2\/types\/product"}],"replies":[{"embeddable":true,"href":"https:\/\/anythingtechnicallc.com\/index.php\/wp-json\/wp\/v2\/comments?post=9285"}],"wp:featuredmedia":[{"embeddable":true,"href":"https:\/\/anythingtechnicallc.com\/index.php\/wp-json\/wp\/v2\/media\/9284"}],"wp:attachment":[{"href":"https:\/\/anythingtechnicallc.com\/index.php\/wp-json\/wp\/v2\/media?parent=9285"}],"wp:term":[{"taxonomy":"product_brand","embeddable":true,"href":"https:\/\/anythingtechnicallc.com\/index.php\/wp-json\/wp\/v2\/product_brand?post=9285"},{"taxonomy":"product_cat","embeddable":true,"href":"https:\/\/anythingtechnicallc.com\/index.php\/wp-json\/wp\/v2\/product_cat?post=9285"},{"taxonomy":"product_tag","embeddable":true,"href":"https:\/\/anythingtechnicallc.com\/index.php\/wp-json\/wp\/v2\/product_tag?post=9285"}],"curies":[{"name":"wp","href":"https:\/\/api.w.org\/{rel}","templated":true}]}}