{"id":9288,"date":"2026-03-19T07:11:13","date_gmt":"2026-03-19T07:11:13","guid":{"rendered":"https:\/\/anythingtechnicallc.com\/?post_type=product&#038;p=9288"},"modified":"2026-03-19T07:11:13","modified_gmt":"2026-03-19T07:11:13","slug":"gebrauchtes-shure-wireless-beta-98h-c-mikrofon-miniatur-instrumentenmikrofon-mit-ta4f-4-pin-mini-xlr-anschluss-nierenkondensator-clip-on-mit-schwanenhals-fuer-saxophon-blechblaeser-oder-percussion","status":"publish","type":"product","link":"https:\/\/anythingtechnicallc.com\/index.php\/de\/product\/gebrauchtes-shure-wireless-beta-98h-c-mikrofon-miniatur-instrumentenmikrofon-mit-ta4f-4-pin-mini-xlr-anschluss-nierenkondensator-clip-on-mit-schwanenhals-fuer-saxophon-blechblaeser-oder-percussion\/","title":{"rendered":"Gebrauchtes Shure Wireless BETA 98H\/C Mikrofon &#8211; Miniatur-Instrumentenmikrofon mit TA4F 4-Pin Mini-XLR-Anschluss, Nierenkondensator, Clip-on mit Schwanenhals f\u00fcr Saxophon\/Blechbl\u00e4ser oder Percussion (WB98H\/C)"},"content":{"rendered":"<div id=\"productDescription_feature_div\" class=\"celwidget\" data-feature-name=\"productDescription\" data-csa-c-type=\"widget\" data-csa-c-content-id=\"productDescription\" data-csa-c-slot-id=\"productDescription_feature_div\" data-csa-c-asin=\"\" data-csa-c-is-in-initial-active-row=\"false\" data-csa-c-id=\"emxecg-p1km09-x65icz-ecjtj2\" data-cel-widget=\"productDescription_feature_div\">\n<div>\n<div id=\"productDescription_feature_div\" class=\"a-row feature\" data-feature-name=\"productDescription\" data-template-name=\"productDescription\" data-cel-widget=\"productDescription_feature_div\">\n<div id=\"productDescription\" class=\"a-section a-spacing-small\">\n<p>Das Shure WB98H\/C (die drahtlose Version des BETA 98H\/C) ist ein hochwertiges Kondensatormikrofon mit Nierencharakteristik, das am Schallbecher von Blasinstrumenten oder am Rand von Schlaginstrumenten befestigt werden kann. Dank des integrierten Schwanenhalses und des Ratschendrehgelenks l\u00e4sst sich das Mikrofon leicht positionieren und befestigen, und eine isolierende Sto\u00dfd\u00e4mpferhalterung reduziert die \u00dcbertragung von Tastenger\u00e4uschen und anderen mechanischen Ger\u00e4uschen. Eine Schwanenhals-Winkelstrebe ist im Lieferumfang enthalten, um die Position des Mikrofons bei aktiveren Auftritten besser zu sichern. WB98H\/C mit 5,3 Fu\u00df langem Kabel mit 4-poligem Mini-Steckverbinder (TA4F).<\/p>\n<\/div>\n<\/div>\n<\/div>\n<\/div>\n<div id=\"brandInsights_feature_div_1\" class=\"celwidget\" data-feature-name=\"brandInsights\" data-csa-c-type=\"widget\" data-csa-c-content-id=\"brandInsights\" data-csa-c-slot-id=\"brandInsights_feature_div_1\" data-csa-c-asin=\"\" data-csa-c-is-in-initial-active-row=\"false\" data-csa-c-id=\"5xn2qq-pvtfyg-f1og6z-h9cqzw\" data-cel-widget=\"brandInsights_feature_div_1\"><\/div>\n<div id=\"brandInsights_feature_div_3\" class=\"celwidget\" data-feature-name=\"brandInsights\" data-csa-c-type=\"widget\" data-csa-c-content-id=\"brandInsights\" data-csa-c-slot-id=\"brandInsights_feature_div_3\" data-csa-c-asin=\"\" data-csa-c-is-in-initial-active-row=\"false\" data-csa-c-id=\"d18nu9-j8df10-k4ilol-5iq0qm\" data-cel-widget=\"brandInsights_feature_div_3\">\n<div data-csa-c-type=\"widget\" data-csa-c-slot-id=\"brandInsightsContent\" data-csa-c-content-id=\"brandInsightsDesktopT3\" data-cel-widget=\"brandInsightsDesktopT3\" data-csa-c-id=\"hcj488-vjjiv7-qozrfl-i4xmce\"><\/div>\n<\/div>\n","protected":false},"excerpt":{"rendered":"<ul class=\"a-unordered-list a-vertical a-spacing-mini\">\n<li class=\"a-spacing-mini\"><span class=\"a-list-item\">Drahtloser Shure Taschensender Separat erh\u00e4ltlich<\/span><\/li>\n<li class=\"a-spacing-mini\"><span class=\"a-list-item\">Der WB98H\/C verf\u00fcgt \u00fcber eine transformatorlose Vorverst\u00e4rkerschaltung, die die Linearit\u00e4t \u00fcber den gesamten Frequenzbereich verbessert.<\/span><\/li>\n<li class=\"a-spacing-mini\"><span class=\"a-list-item\">Das Tonabnehmersystem des Beta 98H\/C bietet eine hohe Verst\u00e4rkung vor der R\u00fcckkopplung und eine hervorragende Unterdr\u00fcckung unerw\u00fcnschter Ger\u00e4usche.<\/span><\/li>\n<li class=\"a-spacing-mini\"><span class=\"a-list-item\">Sein hoher maximaler Schalldruckpegel (SPL) erm\u00f6glicht es ihm, die extremen Anforderungen von Blech-, Holzblas- und Schlaginstrumenten zu erf\u00fcllen.<\/span><\/li>\n<li class=\"a-spacing-mini\"><span class=\"a-list-item\">Ma\u00dfgeschneiderter Frequenzgang f\u00fcr Leistung in Studioqualit\u00e4t<\/span><\/li>\n<li class=\"a-spacing-mini\"><span class=\"a-list-item\">Breiter Dynamikbereich f\u00fcr den Einsatz in Umgebungen mit hohem Schalldruckpegel.<\/span><\/li>\n<li class=\"a-spacing-mini\"><span class=\"a-list-item\">Gleichm\u00e4\u00dfige Nierencharakteristik f\u00fcr hohe Verst\u00e4rkung vor R\u00fcckkopplung und hervorragende Unterdr\u00fcckung von Schall au\u00dferhalb der Achse.<\/span><\/li>\n<\/ul>\n<div class=\"a-row a-expander-container a-expander-inline-container\">\n<div class=\"a-expander-content a-expander-extend-content a-expander-content-expanded\" data-expanded=\"true\">\n<ul class=\"a-unordered-list a-vertical a-spacing-none\">\n<li class=\"a-spacing-mini\"><span class=\"a-list-item\">Kompaktes Design f\u00fcr weniger Unordnung auf der B\u00fchne.<\/span><\/li>\n<li class=\"a-spacing-mini\"><span class=\"a-list-item\">Es sind austauschbare Mikrofonkapseln mit unterschiedlichen Richtcharakteristiken erh\u00e4ltlich.<\/span><\/li>\n<\/ul>\n<\/div>\n<\/div>\n","protected":false},"featured_media":9287,"comment_status":"open","ping_status":"closed","template":"","meta":{"_et_pb_use_builder":"","_et_pb_old_content":"","_et_gb_content_width":""},"product_brand":[],"product_cat":[1372],"product_tag":[],"class_list":{"0":"post-9288","1":"product","2":"type-product","3":"status-publish","4":"has-post-thumbnail","6":"product_cat-elektronik","8":"first","9":"instock","10":"sale","11":"taxable","12":"shipping-taxable","13":"purchasable","14":"product-type-simple"},"exclude_global_add_ons":[],"addons":[],"jetpack-related-posts":[{"id":9130,"url":"https:\/\/anythingtechnicallc.com\/index.php\/de\/product\/shure-mv7-usb-mikrofon-fuer-podcasting-aufnahmen-live-streaming-und-spiele-integrierter-kopfhoererausgang-dynamisches-usb-xlr-mikrofon-aus-metall-sprachisolierende-technologie-teamspeak-und-zoo\/","url_meta":{"origin":9288,"position":0},"title":"Shure MV7 USB-Mikrofon f\u00fcr Podcasting, Aufnahmen, Live-Streaming und Spiele, integrierter Kopfh\u00f6rerausgang, dynamisches USB\/XLR-Mikrofon aus Metall, sprachisolierende Technologie, TeamSpeak- und Zoom-zertifiziert &#8211; Schwarz","date":"March 19, 2026","format":false,"excerpt":"Das Shure MV7 ist ein professionelles dynamisches USB\/XLR-Mikrofon, das vom legend\u00e4ren SM7B inspiriert wurde und sich ideal f\u00fcr Nahbesprechungsanwendungen eignet, bei denen eine gute Sprachverst\u00e4ndlichkeit und ein ausgewogener Klang erforderlich sind. \u00dcber ein Touchpanel am Mikrofon selbst k\u00f6nnen Sie die Mikrofonverst\u00e4rkung, den Kopfh\u00f6rerpegel, den Monitormix und die Stummschaltung steuern. Mit\u2026","rel":"","context":"Similar post","img":{"alt_text":"","src":"https:\/\/i0.wp.com\/anythingtechnicallc.com\/wp-content\/uploads\/2025\/02\/81ZHXEuhgIL._AC_SL1500_.jpg?fit=909%2C1200&ssl=1&resize=350%2C200","width":350,"height":200},"classes":[]},{"id":9200,"url":"https:\/\/anythingtechnicallc.com\/index.php\/de\/product\/used-shure-centraverse-cvl-lavalier-mikrofon-schwarz-kondensator-mini-lav-mikrofon-mit-nierencharakteristik-clip-on-fuer-freihandbetrieb-ta4f-tqg-anschluss-fuer-drahtlose-bodypacks-cvl-b-c-tqg\/","url_meta":{"origin":9288,"position":1},"title":"USED Shure Centraverse CVL Lavalier-Mikrofon &#8211; Schwarz, Kondensator-Mini-Lav-Mikrofon mit Nierencharakteristik, Clip-On f\u00fcr Freihandbetrieb, TA4F (TQG) Anschluss f\u00fcr drahtlose Bodypacks (CVL-B\/C-TQG)","date":"March 19, 2026","format":false,"excerpt":"F\u00fcr professionelle Pr\u00e4sentationen, die ein Mikrofon erfordern, das man h\u00f6rt, aber nicht sieht, bietet das Centraverse CVL Lavalier-Kondensatormikrofon ein kompaktes Clip-on-Design und eine einfache, unkomplizierte Einrichtung. Die unidirektionale Nierencharakteristik unterdr\u00fcckt unerw\u00fcnschte Ger\u00e4usche und sorgt so f\u00fcr eine hervorragende Audioqualit\u00e4t und Stimmwiedergabe. Pr\u00e4zisionsgefertigt f\u00fcr den jahrelangen Einsatz mit allen Shure Drahtlossystemen.","rel":"","context":"Similar post","img":{"alt_text":"","src":"https:\/\/i0.wp.com\/anythingtechnicallc.com\/wp-content\/uploads\/2025\/02\/51IHIZ9mrqL._AC_SL1500_.jpg?fit=526%2C1200&ssl=1&resize=350%2C200","width":350,"height":200},"classes":[]},{"id":9256,"url":"https:\/\/anythingtechnicallc.com\/index.php\/de\/product\/gebrauchtes-shure-mv7-usb-podcast-mikrofon-silber\/","url_meta":{"origin":9288,"position":2},"title":"Gebrauchtes Shure MV7 USB Podcast Mikrofon &#8211; Silber","date":"March 19, 2026","format":false,"excerpt":"USB- ODER XLR-ANSCHL\u00dcSSE: Der doppelte USB\/XLR-Ausgang erm\u00f6glicht digitale oder analoge Aufnahmen. CLOSE MIC ANWENDUNGEN: Ideal f\u00fcr Podcasting, Aufnahmen, Live-Streaming und mehr. INTUITIVE TOUCHPANEL-BEDIENELEMENTE: Intuitives Touchpanel zur Steuerung von Verst\u00e4rkung, Abh\u00f6rlautst\u00e4rke, Kopfh\u00f6rermix und Mikrofonstummschaltung. INTEGRIERTER KOPFH\u00d6RERAUSGANG: Der integrierte Kopfh\u00f6rerausgang erm\u00f6glicht das direkte Abh\u00f6ren \u00fcber Kopfh\u00f6rer w\u00e4hrend der Aufnahme. RICH & NATURAL\u2026","rel":"","context":"Similar post","img":{"alt_text":"","src":"https:\/\/i0.wp.com\/anythingtechnicallc.com\/wp-content\/uploads\/2025\/06\/7187FWHMGCL._AC_SL1500_.jpg?fit=858%2C1200&ssl=1&resize=350%2C200","width":350,"height":200},"classes":[]},{"id":9041,"url":"https:\/\/anythingtechnicallc.com\/index.php\/de\/product\/shure-wl93-serie-subminiatur-kondensator-lavaliermikrofonewl93-schwarz-mit-12-m-4-fuss-kabel\/","url_meta":{"origin":9288,"position":3},"title":"Shure WL93 Serie Subminiatur-Kondensator-Lavaliermikrofone,WL93- Schwarz, mit 1,2 m (4-Fu\u00df) Kabel","date":"March 18, 2026","format":false,"excerpt":"Das omnidirektionale Miniatur-Lavaliermikrofon sorgt f\u00fcr einen vollen, klaren Klang bei Sprachanwendungen, wie z.B. bei Rundfunkmoderationen und Reden. Verf\u00fcgt \u00fcber einen glatten Frequenzgang, eine kontrollierte Absenkung der niedrigen Frequenzen und vielseitiges Montagezubeh\u00f6r. Inklusive 1,2 m (4 ft.) Kabel. Verbinden Sie den m\u00e4nnlichen, vierpoligen Miniaturstecker (TA4M) am Ende des 93er Mikrofonkabels mit\u2026","rel":"","context":"Similar post","img":{"alt_text":"","src":"https:\/\/i0.wp.com\/anythingtechnicallc.com\/wp-content\/uploads\/2024\/09\/51hdweGtGOL._AC_SL1000_.jpg?fit=859%2C590&ssl=1&resize=350%2C200","width":350,"height":200},"classes":[]},{"id":9026,"url":"https:\/\/anythingtechnicallc.com\/index.php\/de\/product\/shure-rmce-uni-remote-mic-universal-kommunikationskabel-fuer-abnehmbare-se-ohrhoerer-35-mm-anschluss-50-zoll-lang-anrufe-sprachansagen-lautstaerke-wiedergabesteuerung-auf-apple-und-android-g\/","url_meta":{"origin":9288,"position":4},"title":"Shure RMCE-UNI Remote Mic Universal Kommunikationskabel f\u00fcr abnehmbare SE Ohrh\u00f6rer &#8211; 3,5 mm Anschluss, 50 Zoll lang &#8211; Anrufe, Sprachansagen, Lautst\u00e4rke-\/Wiedergabesteuerung auf Apple- und Android-Ger\u00e4ten","date":"March 18, 2026","format":false,"excerpt":"Nahtloser \u00dcbergang zwischen Apple- und Android-Ger\u00e4ten. Kompatibel mit allen abnehmbaren SE Sound Isolating Earphones. Das integrierte Mikrofon erm\u00f6glicht eine hervorragende Lautst\u00e4rke- und Wiedergabesteuerung. Dieselbe au\u00dfergew\u00f6hnliche Klangqualit\u00e4t, die Sie von Shure gewohnt sind.","rel":"","context":"Similar post","img":{"alt_text":"","src":"https:\/\/i0.wp.com\/anythingtechnicallc.com\/wp-content\/uploads\/2024\/09\/41VxWmtGlL._AC_SL1000_.jpg?fit=282%2C772&ssl=1&resize=350%2C200","width":350,"height":200},"classes":[]},{"id":9035,"url":"https:\/\/anythingtechnicallc.com\/index.php\/de\/product\/shure-rmce-usb-kopfhoerer-kommunikationskabel\/","url_meta":{"origin":9288,"position":5},"title":"Shure RMCE-USB Kopfh\u00f6rer Kommunikationskabel","date":"March 18, 2026","format":false,"excerpt":"Usb-c Kommunikationskabel mit Mikrofon und Bedienelementen f\u00fcr Shure Sound Isolating Ohrh\u00f6rer mit direktem Anschluss an Android-Ger\u00e4te mit Mini-USB. Integrierter DAC\/Kopfh\u00f6rerverst\u00e4rker f\u00fcr 24-bit\/96 kHz digitales Audio. Das Inline-Mikrofon und die Fernbedienung sorgen f\u00fcr Klarheit bei Anrufen und Sprachansagen und bieten eine Lautst\u00e4rke- und Wiedergabesteuerung. Misst 50 Zoll (127 cm) in der\u2026","rel":"","context":"Similar post","img":{"alt_text":"","src":"https:\/\/i0.wp.com\/anythingtechnicallc.com\/wp-content\/uploads\/2024\/09\/71dpcrgXISL._AC_SL1500_.jpg?fit=346%2C1200&ssl=1&resize=350%2C200","width":350,"height":200},"classes":[]}],"pll_sync_post":[],"lang":"de","translations":{"de":9288,"en":6893},"_links":{"self":[{"href":"https:\/\/anythingtechnicallc.com\/index.php\/wp-json\/wp\/v2\/product\/9288","targetHints":{"allow":["GET"]}}],"collection":[{"href":"https:\/\/anythingtechnicallc.com\/index.php\/wp-json\/wp\/v2\/product"}],"about":[{"href":"https:\/\/anythingtechnicallc.com\/index.php\/wp-json\/wp\/v2\/types\/product"}],"replies":[{"embeddable":true,"href":"https:\/\/anythingtechnicallc.com\/index.php\/wp-json\/wp\/v2\/comments?post=9288"}],"wp:featuredmedia":[{"embeddable":true,"href":"https:\/\/anythingtechnicallc.com\/index.php\/wp-json\/wp\/v2\/media\/9287"}],"wp:attachment":[{"href":"https:\/\/anythingtechnicallc.com\/index.php\/wp-json\/wp\/v2\/media?parent=9288"}],"wp:term":[{"taxonomy":"product_brand","embeddable":true,"href":"https:\/\/anythingtechnicallc.com\/index.php\/wp-json\/wp\/v2\/product_brand?post=9288"},{"taxonomy":"product_cat","embeddable":true,"href":"https:\/\/anythingtechnicallc.com\/index.php\/wp-json\/wp\/v2\/product_cat?post=9288"},{"taxonomy":"product_tag","embeddable":true,"href":"https:\/\/anythingtechnicallc.com\/index.php\/wp-json\/wp\/v2\/product_tag?post=9288"}],"curies":[{"name":"wp","href":"https:\/\/api.w.org\/{rel}","templated":true}]}}