{"id":9294,"date":"2026-03-19T07:54:55","date_gmt":"2026-03-19T07:54:55","guid":{"rendered":"https:\/\/anythingtechnicallc.com\/?post_type=product&#038;p=9294"},"modified":"2026-03-19T07:54:55","modified_gmt":"2026-03-19T07:54:55","slug":"erneuerte-bose-frames-alto-audio-sonnenbrille-mit-offenen-kopfhoerern-schwarz-mit-bluetooth-konnektivitaet","status":"publish","type":"product","link":"https:\/\/anythingtechnicallc.com\/index.php\/de\/product\/erneuerte-bose-frames-alto-audio-sonnenbrille-mit-offenen-kopfhoerern-schwarz-mit-bluetooth-konnektivitaet\/","title":{"rendered":"Erneuerte Bose Frames Alto &#8211; Audio-Sonnenbrille mit offenen Kopfh\u00f6rern, Schwarz, mit Bluetooth-Konnektivit\u00e4t"},"content":{"rendered":"<div class=\"a-section a-spacing-none text-panel-container aplus-container-1 aplus-display-table-cell\">\n<p class=\"a-spacing-none aplus-accent1 title a-text-bold\">Bose Brillengestelle: Audio-Sonnenbrille<\/p>\n<h3 class=\"aplus-h1 a-text-bold\">Lautst\u00e4rkeregler dr\u00fccken &amp; drehen<\/h3>\n<p class=\"aplus-p2\">Mit den Bose Frames k\u00f6nnen Sie die Welt um Sie herum h\u00f6ren und mit ihr interagieren, w\u00e4hrend Sie diskret den Ton Ihrer Wahl h\u00f6ren. Aber es kann frustrierend sein, wenn Sie Ihr Telefon herausnehmen m\u00fcssen, um die Lautst\u00e4rke zu regeln &#8211; und damit die Verbindung zu Ihrer Umgebung unterbrechen. Mit der Press &amp; Turn-Lautst\u00e4rkeregelung brauchen Sie nur die Taste an Ihrem Frames zu dr\u00fccken und nach links oder rechts zu schauen, um die Lautst\u00e4rke zu erh\u00f6hen oder zu verringern. Ihr Telefon bleibt in Ihrer Tasche oder Ihrem Rucksack. Und Sie k\u00f6nnen sich den ganzen Tag frei bewegen.<\/p>\n<h3 class=\"aplus-h1 aplus-module-1-heading a-text-bold\">Lieben Sie Ihren Look.<\/h3>\n<p class=\"aplus-p2 aplus-module-1-description\">Von Rose Gold &amp; Blue Gradient bis zu Mirrored Silver &#8211; w\u00e4hlen Sie mit der Bose Frames Lens Collection den Look, der am besten zu Ihnen passt. Diese Ersatzgl\u00e4ser bieten eine Auswahl an Farben in limitierter Auflage &#8211; jede Farbe ist separat erh\u00e4ltlich &#8211; und lassen sich leicht austauschen, damit Sie Ihren ganz eigenen Look kreieren k\u00f6nnen. Jedes Paar blockt bis zu 99% der UVA\/UVB-Strahlen ab &#8211; auch polarisierte Gl\u00e4ser sind erh\u00e4ltlich. Und sie sind aus hochwertigen Materialien geschmiedet, um sicherzustellen, dass sie nicht leicht zerkratzen oder zerbrechen.<\/p>\n<h3 class=\"aplus-h1 aplus-module-1-heading a-text-bold\">Eine App. Vollst\u00e4ndige Kontrolle.<\/h3>\n<p class=\"aplus-p2 aplus-module-1-description\">Mit der Bose Connect App haben Sie einfachen Zugriff auf alles, was Ihr Produkt zu bieten hat. Holen Sie sich Tipps, passen Sie Ihre Einstellungen an und schalten Sie neue Funktionen durch einfache Software-Updates frei.<\/p>\n<\/div>\n<div class=\"a-section a-spacing-none video-panel-container aplus-display-table-cell\">\n<div class=\"a-section a-spacing-none video-panel\"><\/div>\n<\/div>\n","protected":false},"excerpt":{"rendered":"<div id=\"productFactsDesktop_feature_div\" class=\"celwidget\" data-feature-name=\"productFactsDesktop\" data-csa-c-type=\"widget\" data-csa-c-content-id=\"productFactsDesktop\" data-csa-c-slot-id=\"productFactsDesktop_feature_div\" data-csa-c-asin=\"\" data-csa-c-is-in-initial-active-row=\"false\" data-csa-c-id=\"1obne0-exo6bd-qiaskn-c5snlo\" data-cel-widget=\"productFactsDesktop_feature_div\">\n<div id=\"productFactsDesktopExpander\" class=\"a-expander-collapsed-height a-row a-expander-container a-spacing-medium a-expander-partial-collapse-container\" data-a-expander-name=\"productFactsDesktopExpander\" data-a-expander-collapsed-height=\"400\">\n<div class=\"a-expander-content a-expander-partial-collapse-content\" data-expanded=\"false\">\n<ul class=\"a-unordered-list a-vertical a-spacing-small\">\n<li><span class=\"a-list-item a-size-base a-color-base\">Sonnenbrillen mit eingebauten Bose-Lautsprechern, die f\u00fcr Sie einen satten, beeindruckenden Klang erzeugen, w\u00e4hrend andere praktisch nichts h\u00f6ren.<\/span><\/li>\n<li><span class=\"a-list-item a-size-base a-color-base\">Dank der offenen Ohrmuscheln k\u00f6nnen Sie Ihre Umgebung wahrnehmen, w\u00e4hrend Sie Ihre Musik genie\u00dfen.<\/span><\/li>\n<li><span class=\"a-list-item a-size-base a-color-base\">Bose Frames Alto hat eine klassische eckige Form und beeindruckende Gl\u00e4ser in 2 Gr\u00f6\u00dfen. Bose Frames S\/M Scheibenbreite: 53 Millimeter, Stegbreite: 20 Millimeter, B\u00fcgell\u00e4nge: 135 Millimeter.<\/span><\/li>\n<li><span class=\"a-list-item a-size-base a-color-base\">Integriertes Mikrofon f\u00fcr klare Anrufe und Zugriff auf den virtuellen Assistenten Ihres Telefons.<\/span><\/li>\n<li><span class=\"a-list-item a-size-base a-color-base\">Personalisierte Einstellungen, Zugang zu zuk\u00fcnftigen Updates und mehr \u00fcber die Bose Connect App. Bluetooth-Konnektivit\u00e4t f\u00fcr einfaches Pairing.<\/span><\/li>\n<li><span class=\"a-list-item a-size-base a-color-base\">Blockiert bis zu 99% der UVA\/UVB-Strahlen.<\/span><\/li>\n<\/ul>\n<\/div>\n<\/div>\n<\/div>\n<div id=\"provenanceCertifications_feature_div\" class=\"celwidget\" data-feature-name=\"provenanceCertifications\" data-csa-c-type=\"widget\" data-csa-c-content-id=\"provenanceCertifications\" data-csa-c-slot-id=\"provenanceCertifications_feature_div\" data-csa-c-asin=\"\" data-csa-c-is-in-initial-active-row=\"false\" data-csa-c-id=\"ob3z9j-xibh8o-4cxmwz-r04443\" data-cel-widget=\"provenanceCertifications_feature_div\"><\/div>\n<div id=\"globalStoreInfoBullets_feature_div\" class=\"celwidget\" data-feature-name=\"globalStoreInfoBullets\" data-csa-c-type=\"widget\" data-csa-c-content-id=\"globalStoreInfoBullets\" data-csa-c-slot-id=\"globalStoreInfoBullets_feature_div\" data-csa-c-asin=\"\" data-csa-c-is-in-initial-active-row=\"false\" data-csa-c-id=\"qfpfvg-ogsurw-a0kdoo-g2pqpg\" data-cel-widget=\"globalStoreInfoBullets_feature_div\"><\/div>\n<div id=\"olp_feature_div\" class=\"celwidget\" data-feature-name=\"olp\" data-csa-c-type=\"widget\" data-csa-c-content-id=\"olp\" data-csa-c-slot-id=\"olp_feature_div\" data-csa-c-asin=\"\" data-csa-c-is-in-initial-active-row=\"false\" data-csa-c-id=\"35c15g-acxl8y-flj772-ydrrgu\" data-cel-widget=\"olp_feature_div\"><\/div>\n","protected":false},"featured_media":9293,"comment_status":"open","ping_status":"closed","template":"","meta":{"_et_pb_use_builder":"","_et_pb_old_content":"","_et_gb_content_width":""},"product_brand":[],"product_cat":[1372],"product_tag":[],"class_list":{"0":"post-9294","1":"product","2":"type-product","3":"status-publish","4":"has-post-thumbnail","6":"product_cat-elektronik","8":"first","9":"instock","10":"sale","11":"taxable","12":"shipping-taxable","13":"purchasable","14":"product-type-simple"},"exclude_global_add_ons":[],"addons":[],"jetpack-related-posts":[{"id":9916,"url":"https:\/\/anythingtechnicallc.com\/index.php\/de\/product\/bose-quietcomfort-noise-cancelling-earbuds-bluetooth-wireless-earphones-triple-black-erneuert\/","url_meta":{"origin":9294,"position":0},"title":"Bose QuietComfort Noise Cancelling Earbuds-Bluetooth Wireless Earphones, Triple Black (Erneuert)","date":"April 15, 2026","format":false,"excerpt":"Besserer Klang beginnt mit besserer Stille. Deshalb hat Bose die QuietComfort Earbuds mit der effektivsten Ger\u00e4uschunterdr\u00fcckung der Welt und High-Fidelity-Audio entwickelt. Denn wenn Sie Ablenkungen ausschalten, steigt die Musik und damit auch die Leidenschaft. Backen. Programmieren. Klettern. Und alles andere, was Sie ausmacht - Sie selbst. Unsere steuerbare Ger\u00e4uschunterdr\u00fcckung erm\u00f6glicht\u2026","rel":"","context":"Similar post","img":{"alt_text":"","src":"https:\/\/i0.wp.com\/anythingtechnicallc.com\/wp-content\/uploads\/2026\/04\/Bose-QuietComfort-Noise-Cancelling-Earbuds-Bluetooth-Wireless-Earphones-Triple-Black-Renewed.jpg?fit=900%2C1200&ssl=1&resize=350%2C200","width":350,"height":200},"classes":[]},{"id":9717,"url":"https:\/\/anythingtechnicallc.com\/index.php\/de\/product\/bose-quietcomfort-45-bluetooth-kopfhoerer-mit-drahtloser-geraeuschunterdrueckung-triple-black-erneuert\/","url_meta":{"origin":9294,"position":1},"title":"Bose QuietComfort 45 Bluetooth Kopfh\u00f6rer mit drahtloser Ger\u00e4uschunterdr\u00fcckung &#8211; Triple Black (Erneuert)","date":"March 24, 2026","format":false,"excerpt":"Kabellose Kopfh\u00f6rer mit Ger\u00e4uschunterdr\u00fcckung - Die perfekte Balance aus Ruhe, Komfort und Klang. Bose verwendet winzige Mikrofone, um Au\u00dfenger\u00e4usche zu messen, zu vergleichen und darauf zu reagieren, indem sie sie mit entgegengesetzten Signalen ausl\u00f6schen. High-Fidelity-Audio - Die akustische TriPort-Architektur bietet Tiefe und F\u00fclle. Der f\u00fcr die Lautst\u00e4rke optimierte Active EQ\u2026","rel":"","context":"Similar post","img":{"alt_text":"","src":"https:\/\/i0.wp.com\/anythingtechnicallc.com\/wp-content\/uploads\/2026\/02\/Bose-QuietComfort-45.jpg?fit=900%2C1200&ssl=1&resize=350%2C200","width":350,"height":200},"classes":[]},{"id":9683,"url":"https:\/\/anythingtechnicallc.com\/index.php\/de\/product\/bose-quietcomfort-ultra-wireless-noise-cancelling-headphones-mit-spatial-audio-over-the-ear-kopfhoerer-mit-mikrofon-bis-zu-24-stunden-akkulaufzeit-white-smoke-renewed\/","url_meta":{"origin":9294,"position":2},"title":"Bose QuietComfort Ultra Wireless Noise Cancelling Headphones mit Spatial Audio, Over-The-Ear-Kopfh\u00f6rer mit Mikrofon, bis zu 24 Stunden Akkulaufzeit, White Smoke (Renewed)","date":"March 24, 2026","format":false,"excerpt":"LEVELED-UP LISTENING: Die Bose QuietComfort Ultra Headphones mit Spatial Audio bieten Ihnen ein immersives Erlebnis, bei dem sich Musik noch realer anf\u00fchlt; die CustomTune Technologie bietet Ihnen einen personalisierten, auf Sie zugeschnittenen Klang. GER\u00c4USCHUNTERDR\u00dcCKUNG DER WELTKLASSE: Diese Kopfh\u00f6rer mit Ger\u00e4uschunterdr\u00fcckung verf\u00fcgen \u00fcber den Quiet Mode, den Aware Mode und den\u2026","rel":"","context":"Similar post","img":{"alt_text":"","src":"https:\/\/i0.wp.com\/anythingtechnicallc.com\/wp-content\/uploads\/2026\/01\/Bose-QuietComfort-Ultra-White-Smoke.jpg?fit=1200%2C1200&ssl=1&resize=350%2C200","width":350,"height":200},"classes":[]},{"id":9074,"url":"https:\/\/anythingtechnicallc.com\/index.php\/de\/product\/bose-quiet-control-30-kabellose-kopfhoerer-mit-geraeuschunterdrueckung-schwarz-erneuert\/","url_meta":{"origin":9294,"position":3},"title":"Bose Quiet-control 30 Kabellose Kopfh\u00f6rer mit Ger\u00e4uschunterdr\u00fcckung &#8211; Schwarz (Erneuert)","date":"March 18, 2026","format":false,"excerpt":"Entscheiden Sie, wie viel von der Welt Sie hereinlassen wollen Sie k\u00f6nnen nicht kontrollieren, wie laut Ihre Umgebung ist. Aber Sie k\u00f6nnen kontrollieren, wie viel Sie davon h\u00f6ren. Mit den QuietControl 30 Ohrh\u00f6rern k\u00f6nnen Sie den Grad der Ger\u00e4uschunterdr\u00fcckung selbst bestimmen und erhalten bei jeder Lautst\u00e4rke eine ausgewogene Audioleistung. Der\u2026","rel":"","context":"Similar post","img":{"alt_text":"","src":"https:\/\/i0.wp.com\/anythingtechnicallc.com\/wp-content\/uploads\/2024\/10\/61o3xZihqcL._AC_SL1500_.jpg?fit=976%2C1200&ssl=1&resize=350%2C200","width":350,"height":200},"classes":[]},{"id":9671,"url":"https:\/\/anythingtechnicallc.com\/index.php\/de\/product\/refurbished-bose-ultra-open-earbuds-offene-bluetooth-ohrhoerer-mit-openaudio-fuer-mehr-aufmerksamkeit-clip-on-design-fuer-mehr-komfort-wasserfest-bis-zu-48-stunden-spielzeit-schwarz\/","url_meta":{"origin":9294,"position":4},"title":"Refurbished Bose Ultra Open Earbuds &#8211; Offene Bluetooth-Ohrh\u00f6rer mit OpenAudio f\u00fcr mehr Aufmerksamkeit, Clip-On-Design f\u00fcr mehr Komfort, wasserfest, bis zu 48 Stunden Spielzeit, Schwarz","date":"March 24, 2026","format":false,"excerpt":"\u00d6FFNEN SIE IHRE OHREN F\u00dcR DIE WELT: H\u00f6ren Sie alles, was um Sie herum passiert, und genie\u00dfen Sie gleichzeitig einen satten, privaten Klang. Das Design dieser offenen Ohrh\u00f6rer sagt: \"Ich kann Sie immer noch h\u00f6ren\", w\u00e4hrend die OpenAudio-Technologie Ihnen einen hochwertigen, privaten Klang bietet. SEIEN SIE MITTEN IN DER MUSIK,\u2026","rel":"","context":"Similar post","img":{"alt_text":"","src":"https:\/\/i0.wp.com\/anythingtechnicallc.com\/wp-content\/uploads\/2026\/01\/Bose-Ultra-Open-Earbuds-Black.jpg?fit=900%2C1200&ssl=1&resize=350%2C200","width":350,"height":200},"classes":[]},{"id":9191,"url":"https:\/\/anythingtechnicallc.com\/index.php\/de\/product\/bose-home-speaker-500-intelligenter-bluetooth-lautsprecher-mit-integrierter-alexa-sprachsteuerung-schwarz-erneuert\/","url_meta":{"origin":9294,"position":5},"title":"Bose Home Speaker 500: Intelligenter Bluetooth-Lautsprecher mit integrierter Alexa-Sprachsteuerung, Schwarz (erneuert)","date":"March 19, 2026","format":false,"excerpt":"SOUND PERFORMANCE: F\u00fcllen Sie jeden Raum mit beeindruckendem Stereosound von Wand zu Wand aus einem einzigen Lautsprecher. BUILT-IN-ALEXA: Amazon Alexa und Google Assistant sind in diesen intelligenten Lautsprecher integriert und erm\u00f6glichen eine freih\u00e4ndige Sprachsteuerung. Und ein ger\u00e4uschunterdr\u00fcckendes Mikrofonsystem lauscht in alle Richtungen auf Ihre Stimme. KONNEKTIVIT\u00c4T: Koppeln Sie Ihr Ger\u00e4t\u2026","rel":"","context":"Similar post","img":{"alt_text":"","src":"https:\/\/i0.wp.com\/anythingtechnicallc.com\/wp-content\/uploads\/2025\/02\/A1xlwUXvbCL._AC_SL1500_.jpg?fit=983%2C1200&ssl=1&resize=350%2C200","width":350,"height":200},"classes":[]}],"pll_sync_post":[],"lang":"de","translations":{"de":9294,"en":6897},"_links":{"self":[{"href":"https:\/\/anythingtechnicallc.com\/index.php\/wp-json\/wp\/v2\/product\/9294","targetHints":{"allow":["GET"]}}],"collection":[{"href":"https:\/\/anythingtechnicallc.com\/index.php\/wp-json\/wp\/v2\/product"}],"about":[{"href":"https:\/\/anythingtechnicallc.com\/index.php\/wp-json\/wp\/v2\/types\/product"}],"replies":[{"embeddable":true,"href":"https:\/\/anythingtechnicallc.com\/index.php\/wp-json\/wp\/v2\/comments?post=9294"}],"wp:featuredmedia":[{"embeddable":true,"href":"https:\/\/anythingtechnicallc.com\/index.php\/wp-json\/wp\/v2\/media\/9293"}],"wp:attachment":[{"href":"https:\/\/anythingtechnicallc.com\/index.php\/wp-json\/wp\/v2\/media?parent=9294"}],"wp:term":[{"taxonomy":"product_brand","embeddable":true,"href":"https:\/\/anythingtechnicallc.com\/index.php\/wp-json\/wp\/v2\/product_brand?post=9294"},{"taxonomy":"product_cat","embeddable":true,"href":"https:\/\/anythingtechnicallc.com\/index.php\/wp-json\/wp\/v2\/product_cat?post=9294"},{"taxonomy":"product_tag","embeddable":true,"href":"https:\/\/anythingtechnicallc.com\/index.php\/wp-json\/wp\/v2\/product_tag?post=9294"}],"curies":[{"name":"wp","href":"https:\/\/api.w.org\/{rel}","templated":true}]}}