{"id":9297,"date":"2026-03-19T07:56:54","date_gmt":"2026-03-19T07:56:54","guid":{"rendered":"https:\/\/anythingtechnicallc.com\/?post_type=product&#038;p=9297"},"modified":"2026-03-19T07:56:54","modified_gmt":"2026-03-19T07:56:54","slug":"erneuertes-dynamisches-shure-mv7-podcast-mikrofon-obs-zertifiziert-enhanced-audio-led-touch-panel-usb-c-xlr-ausgaenge-auto-level-modus-digitaler-pop-filter-halleffekte-podcasting-streamin","status":"publish","type":"product","link":"https:\/\/anythingtechnicallc.com\/index.php\/de\/product\/erneuertes-dynamisches-shure-mv7-podcast-mikrofon-obs-zertifiziert-enhanced-audio-led-touch-panel-usb-c-xlr-ausgaenge-auto-level-modus-digitaler-pop-filter-halleffekte-podcasting-streamin\/","title":{"rendered":"Erneuertes dynamisches Shure MV7+ Podcast-Mikrofon. OBS-zertifiziert, Enhanced Audio, LED-Touch-Panel, USB-C- &#038; XLR-Ausg\u00e4nge, Auto-Level-Modus, digitaler Pop-Filter, Halleffekte, Podcasting, Streaming, Aufnahme -Schwarz"},"content":{"rendered":"<ul class=\"a-unordered-list a-vertical a-spacing-mini\">\n<li class=\"a-spacing-mini\"><span class=\"a-list-item\">OBS CERTIFIED &#8211; Erstklassige Audioqualit\u00e4t und nahtlose Integration mit Open Broadcaster Software. Streamen Sie selbstbewusst mit unserer Voice Isolation Technologie und fortschrittlichen DSP-Funktionen.<\/span><\/li>\n<li class=\"a-spacing-mini\"><span class=\"a-list-item\">MULTI-COLOR LED TOUCH PANEL &#8211; Bringen Sie mit dem LED-Touch-Panel lebendige Farben in Ihren Sound. W\u00e4hlen Sie aus 16,8 Millionen Farbt\u00f6nen und verwenden Sie es als Audiopegelmesser oder schalten Sie einen auff\u00e4lligen Pulseffekt ein.<\/span><\/li>\n<li class=\"a-spacing-mini\"><span class=\"a-list-item\">SCHNELLSTUMMFUNKTION &#8211; Sie m\u00f6chten nicht st\u00e4ndig ein hei\u00dfes Mikrofon haben? Schalten Sie den MV7+ sofort stumm, indem Sie irgendwo auf das LED-Panel tippen.<\/span><\/li>\n<li class=\"a-spacing-mini\"><span class=\"a-list-item\">ECHTZEIT-DENOISER &#8211; Der Live-Denoiser nutzt modernste DSP-Technologie, um Umgebungsger\u00e4usche in Ihrem Raum zu eliminieren und die Voice-Isolation-Technologie des Mikrofons zu erg\u00e4nzen, damit Sie auch bei unzureichenden Aufnahmebedingungen gut klingen.<\/span><\/li>\n<li class=\"a-spacing-mini\"><span class=\"a-list-item\">DIGITALER POPPER STOPPER &#8211; Ein virtueller Pop-Filter entfernt harte Plosivlaute, damit Sie akustische Ablenkungen auf Ihren Audiospuren vermeiden k\u00f6nnen, und ein physischer Pop-Filter auf der Kamera, wenn Sie filmen.<\/span><\/li>\n<li class=\"a-spacing-mini\"><span class=\"a-list-item\">VERBESSERTER AUTO-PEGEL-MODUS &#8211; Ein \u00fcberarbeiteter Auto-Pegel-Modus passt die Verst\u00e4rkung Ihres Mikrofons jetzt auf der Grundlage von Entfernung, Lautst\u00e4rke und Raumerkennung an und sorgt so f\u00fcr optimale Audiopegel.<\/span><\/li>\n<li class=\"a-spacing-mini\"><span class=\"a-list-item\">ONBOARD REVERB &#8211; Profitieren Sie von den drei integrierten Hall-Einstellungen (Plate, Hall, Studio) f\u00fcr mehr Tiefe und F\u00fclle bei Musikaufnahmen.<\/span><\/li>\n<\/ul>\n<div class=\"a-row a-expander-container a-expander-inline-container\">\n<div class=\"a-expander-content a-expander-extend-content a-expander-content-expanded\" data-expanded=\"true\">\n<ul class=\"a-unordered-list a-vertical a-spacing-none\">\n<li class=\"a-spacing-mini\"><span class=\"a-list-item\">USB-C- und XLR-AUSG\u00c4NGE &#8211; Genie\u00dfen Sie dank der beiden USB-C- und XLR-Ausg\u00e4nge eine einfache Konnektivit\u00e4t, ganz gleich, welches Aufnahme-Setup Sie verwenden.<\/span><\/li>\n<li class=\"a-spacing-mini\"><span class=\"a-list-item\">MOTIV MIX APP-INTEGRATION &#8211; Konfigurieren und richten Sie Ihr Mikrofon ein, um das lebendige LED-Touchpanel zu personalisieren und die Mikrofoneinstellungen zu optimieren. Kompatibel mit Windows 10 und macOS 12 und h\u00f6her.<\/span><\/li>\n<li class=\"a-spacing-mini\"><span class=\"a-list-item\">IN DER KISTE &#8211; 1 MV7+ Mikrofon, 1 USB-C auf USB-C Kabel, 1 3\/8&#8243; &#8211; 5\/8&#8243; Adapter<\/span><\/li>\n<\/ul>\n<\/div>\n<\/div>\n","protected":false},"excerpt":{"rendered":"<div id=\"productDescription_feature_div\" class=\"celwidget\" data-feature-name=\"productDescription\" data-csa-c-type=\"widget\" data-csa-c-content-id=\"productDescription\" data-csa-c-slot-id=\"productDescription_feature_div\" data-csa-c-asin=\"\" data-csa-c-is-in-initial-active-row=\"false\" data-cel-widget=\"productDescription_feature_div\" data-csa-c-id=\"jbjast-wwynzf-3tjoua-b04nrc\">\n<div>\n<div id=\"productDescription_feature_div\" class=\"a-row feature\" data-feature-name=\"productDescription\" data-template-name=\"productDescription\" data-cel-widget=\"productDescription_feature_div\">\n<div id=\"productDescription\" class=\"a-section a-spacing-small\">\n<p>Erschlie\u00dfen Sie das gesamte Klangspektrum. Das MV7+ wurde mit einem anpassbaren LED-Touch-Panel, leistungsstarken DSP-Funktionen und noch besserem Klang aufgefrischt und ist ein dynamisches Mikrofon f\u00fcr anspruchsvolle Podcaster, Streamer und Musiker. Diese aktualisierte Version bietet USB-C- und XLR-Ausg\u00e4nge, einen verbesserten Auto-Level-Modus sowie einen neuen digitalen Pop-Filter, Echtzeit-Denoiser und Reverb-Effekte. W\u00e4hlen Sie aus Millionen von Farboptionen, um das Touch-to-Mute-LED-Panel so einzigartig zu gestalten wie das Audio, das Sie aufnehmen.<\/p>\n<\/div>\n<\/div>\n<\/div>\n<\/div>\n<div id=\"brandInsights_feature_div_1\" class=\"celwidget\" data-feature-name=\"brandInsights\" data-csa-c-type=\"widget\" data-csa-c-content-id=\"brandInsights\" data-csa-c-slot-id=\"brandInsights_feature_div_1\" data-csa-c-asin=\"\" data-csa-c-is-in-initial-active-row=\"false\" data-cel-widget=\"brandInsights_feature_div_1\" data-csa-c-id=\"4mbgcs-bhzdxa-gjgj4-q5jtw2\"><\/div>\n<div id=\"brandInsights_feature_div_3\" class=\"celwidget\" data-feature-name=\"brandInsights\" data-csa-c-type=\"widget\" data-csa-c-content-id=\"brandInsights\" data-csa-c-slot-id=\"brandInsights_feature_div_3\" data-csa-c-asin=\"\" data-csa-c-is-in-initial-active-row=\"false\" data-cel-widget=\"brandInsights_feature_div_3\" data-csa-c-id=\"pzmex0-fr1gu0-jvrpa2-6rim2b\">\n<div data-csa-c-type=\"widget\" data-csa-c-slot-id=\"brandInsightsContent\" data-csa-c-content-id=\"brandInsightsDesktopT3\" data-cel-widget=\"brandInsightsDesktopT3\" data-csa-c-id=\"ufxgsk-5629qj-jmeyk5-cvupe5\"><\/div>\n<\/div>\n","protected":false},"featured_media":9296,"comment_status":"open","ping_status":"closed","template":"","meta":{"_et_pb_use_builder":"","_et_pb_old_content":"","_et_gb_content_width":""},"product_brand":[],"product_cat":[1372],"product_tag":[],"class_list":{"0":"post-9297","1":"product","2":"type-product","3":"status-publish","4":"has-post-thumbnail","6":"product_cat-elektronik","8":"first","9":"instock","10":"sale","11":"taxable","12":"shipping-taxable","13":"purchasable","14":"product-type-simple"},"exclude_global_add_ons":[],"addons":[],"jetpack-related-posts":[{"id":9303,"url":"https:\/\/anythingtechnicallc.com\/index.php\/de\/product\/gebrauchtes-shure-mv6-gaming-mikrofon-dynamisches-usb-pc-mikrofon-fuer-videospiele-streaming-desktop-staender-hintergrundgeraeuschunterdrueckung-tap-to-mute-35mm-ausgang-fuer-kopfhoerer-moni\/","url_meta":{"origin":9297,"position":0},"title":"Gebrauchtes Shure MV6 Gaming-Mikrofon, dynamisches USB-PC-Mikrofon f\u00fcr Videospiele &#038; Streaming &#8211; Desktop-St\u00e4nder, Hintergrundger\u00e4uschunterdr\u00fcckung, Tap-to-Mute &#038; 3,5mm-Ausgang f\u00fcr Kopfh\u00f6rer-Monitoring in Echtzeit","date":"March 19, 2026","format":false,"excerpt":"Wir haben alles, was wir \u00fcber dynamische Gesangsmikrofone wissen, in das MV6 gepackt, um ein USB-Mikrofon zu entwickeln, das f\u00fcr jedermann einfach zu bedienen ist, und zwar sofort nach dem Auspacken. Mit dem Design und der Technologie unserer kultigen SM7- und MV7-Mikrofone wurde das MV6 entwickelt, um Gamern und Streamern\u2026","rel":"","context":"Similar post","img":{"alt_text":"","src":"https:\/\/i0.wp.com\/anythingtechnicallc.com\/wp-content\/uploads\/2025\/07\/61u0AqBTp3L._AC_SL1500_.jpg?fit=695%2C1200&ssl=1&resize=350%2C200","width":350,"height":200},"classes":[]},{"id":9130,"url":"https:\/\/anythingtechnicallc.com\/index.php\/de\/product\/shure-mv7-usb-mikrofon-fuer-podcasting-aufnahmen-live-streaming-und-spiele-integrierter-kopfhoererausgang-dynamisches-usb-xlr-mikrofon-aus-metall-sprachisolierende-technologie-teamspeak-und-zoo\/","url_meta":{"origin":9297,"position":1},"title":"Shure MV7 USB-Mikrofon f\u00fcr Podcasting, Aufnahmen, Live-Streaming und Spiele, integrierter Kopfh\u00f6rerausgang, dynamisches USB\/XLR-Mikrofon aus Metall, sprachisolierende Technologie, TeamSpeak- und Zoom-zertifiziert &#8211; Schwarz","date":"March 19, 2026","format":false,"excerpt":"Das Shure MV7 ist ein professionelles dynamisches USB\/XLR-Mikrofon, das vom legend\u00e4ren SM7B inspiriert wurde und sich ideal f\u00fcr Nahbesprechungsanwendungen eignet, bei denen eine gute Sprachverst\u00e4ndlichkeit und ein ausgewogener Klang erforderlich sind. \u00dcber ein Touchpanel am Mikrofon selbst k\u00f6nnen Sie die Mikrofonverst\u00e4rkung, den Kopfh\u00f6rerpegel, den Monitormix und die Stummschaltung steuern. Mit\u2026","rel":"","context":"Similar post","img":{"alt_text":"","src":"https:\/\/i0.wp.com\/anythingtechnicallc.com\/wp-content\/uploads\/2025\/02\/81ZHXEuhgIL._AC_SL1500_.jpg?fit=909%2C1200&ssl=1&resize=350%2C200","width":350,"height":200},"classes":[]},{"id":9555,"url":"https:\/\/anythingtechnicallc.com\/index.php\/de\/product\/hyperx-solocast-usb-kondensator-gaming-mikrofon-fuer-pc-ps4-ps5-und-mac-tap-to-mute-sensor-nieren-richtcharakteristik-ideal-fuer-streaming-podcasts-twitch-youtube-discordschwarz\/","url_meta":{"origin":9297,"position":2},"title":"HyperX SoloCast &#8211; USB-Kondensator-Gaming-Mikrofon, f\u00fcr PC, PS4, PS5 und Mac, Tap-to-Mute-Sensor, Nieren-Richtcharakteristik, ideal f\u00fcr Streaming, Podcasts, Twitch, YouTube, Discord,Schwarz","date":"March 21, 2026","format":false,"excerpt":"Das HyperX SoloCast ist f\u00fcr Streamer und Gamer gedacht, die ein gut klingendes USB-Mikrofon suchen. Es ist per Plug & Play einfach zu bedienen und verf\u00fcgt \u00fcber unseren bei Fans beliebten Tap-to-Mute-Sensor. Das vielseitige Mikrofon verf\u00fcgt \u00fcber einen flexiblen, verstellbaren St\u00e4nder und ist au\u00dferdem mit den meisten Galgenarmen kompatibel, so\u2026","rel":"","context":"Similar post","img":{"alt_text":"","src":"https:\/\/i0.wp.com\/anythingtechnicallc.com\/wp-content\/uploads\/2025\/09\/61qh7VG4pCL._AC_SL1500_.jpg?fit=526%2C1200&ssl=1&resize=350%2C200","width":350,"height":200},"classes":[]},{"id":9256,"url":"https:\/\/anythingtechnicallc.com\/index.php\/de\/product\/gebrauchtes-shure-mv7-usb-podcast-mikrofon-silber\/","url_meta":{"origin":9297,"position":3},"title":"Gebrauchtes Shure MV7 USB Podcast Mikrofon &#8211; Silber","date":"March 19, 2026","format":false,"excerpt":"USB- ODER XLR-ANSCHL\u00dcSSE: Der doppelte USB\/XLR-Ausgang erm\u00f6glicht digitale oder analoge Aufnahmen. CLOSE MIC ANWENDUNGEN: Ideal f\u00fcr Podcasting, Aufnahmen, Live-Streaming und mehr. INTUITIVE TOUCHPANEL-BEDIENELEMENTE: Intuitives Touchpanel zur Steuerung von Verst\u00e4rkung, Abh\u00f6rlautst\u00e4rke, Kopfh\u00f6rermix und Mikrofonstummschaltung. INTEGRIERTER KOPFH\u00d6RERAUSGANG: Der integrierte Kopfh\u00f6rerausgang erm\u00f6glicht das direkte Abh\u00f6ren \u00fcber Kopfh\u00f6rer w\u00e4hrend der Aufnahme. RICH & NATURAL\u2026","rel":"","context":"Similar post","img":{"alt_text":"","src":"https:\/\/i0.wp.com\/anythingtechnicallc.com\/wp-content\/uploads\/2025\/06\/7187FWHMGCL._AC_SL1500_.jpg?fit=858%2C1200&ssl=1&resize=350%2C200","width":350,"height":200},"classes":[]},{"id":9300,"url":"https:\/\/anythingtechnicallc.com\/index.php\/de\/product\/shure-mv7x-mikrofon-nur-xlr-dynamisches-mikrofon-in-profiqualitaet-fuer-podcasting-und-gesangsaufnahmen-stimmisolierende-technologie-ganzmetallkonstruktion-mikrofonstaender-kompatibel-optimierte\/","url_meta":{"origin":9297,"position":4},"title":"Shure MV7X Mikrofon &#8211; Nur XLR Dynamisches Mikrofon in Profiqualit\u00e4t f\u00fcr Podcasting und Gesangsaufnahmen, stimmisolierende Technologie, Ganzmetallkonstruktion, Mikrofonst\u00e4nder-kompatibel, optimierte Frequenz &#8211; Schwarz","date":"March 19, 2026","format":false,"excerpt":"Das Shure MV7X ist ein professionelles dynamisches XLR-Mikrofon, das sich ideal f\u00fcr Nahbesprechungen eignet, bei denen es auf Sprachverst\u00e4ndlichkeit und einen ausgewogenen Klang ankommt. Die Voice Isolation Technology sorgt daf\u00fcr, dass das Mikrofon auf Ihre Stimme fokussiert ist und keine unerw\u00fcnschten Hintergrundger\u00e4usche aufnimmt, damit Sie auch in unvollkommenen R\u00e4umen perfekte\u2026","rel":"","context":"Similar post","img":{"alt_text":"","src":"https:\/\/i0.wp.com\/anythingtechnicallc.com\/wp-content\/uploads\/2025\/07\/712Xa1xLMIL._AC_SL1500_.jpg?fit=922%2C1200&ssl=1&resize=350%2C200","width":350,"height":200},"classes":[]},{"id":9542,"url":"https:\/\/anythingtechnicallc.com\/index.php\/de\/product\/hyperx-quadcast-s-rgb-usb-kondensatormikrofon-fuer-pc-ps4-ps5-und-mac-anti-vibrations-stossdaempfer-4-richtcharakteristiken-pop-filter-verstaerkungsregelung-gaming-streaming-podcasts-twitc\/","url_meta":{"origin":9297,"position":5},"title":"HyperX QuadCast S &#8211; RGB-USB-Kondensatormikrofon f\u00fcr PC, PS4, PS5 und Mac, Anti-Vibrations-Sto\u00dfd\u00e4mpfer, 4 Richtcharakteristiken, Pop-Filter, Verst\u00e4rkungsregelung, Gaming, Streaming, Podcasts, Twitch, YouTube, Discord","date":"March 21, 2026","format":false,"excerpt":"Strahlende RGB-Beleuchtung mit dynamischen Effekten: Personalisieren Sie die atemberaubende RGB-Beleuchtung und die dynamischen Effekte f\u00fcr eine auff\u00e4llige Aufnahme mit anpassbarem Stil. Eingebaute Anti-Vibrations-Halterung: Isolieren Sie das Mikrofon und unterdr\u00fccken Sie mit der elastischen Seilaufh\u00e4ngung ungewollte Ersch\u00fctterungen und St\u00f6\u00dfe. Tap-to-mute-Sensor mit LED-Statusanzeige: Nutzen Sie die praktische Tap-to-Mute-Funktion, um mit Hilfe der\u2026","rel":"","context":"Similar post","img":{"alt_text":"","src":"https:\/\/i0.wp.com\/anythingtechnicallc.com\/wp-content\/uploads\/2025\/09\/61dQJkzRopL._AC_SL1500_.jpg?fit=486%2C1200&ssl=1&resize=350%2C200","width":350,"height":200},"classes":[]}],"pll_sync_post":[],"lang":"de","translations":{"de":9297,"en":7208},"_links":{"self":[{"href":"https:\/\/anythingtechnicallc.com\/index.php\/wp-json\/wp\/v2\/product\/9297","targetHints":{"allow":["GET"]}}],"collection":[{"href":"https:\/\/anythingtechnicallc.com\/index.php\/wp-json\/wp\/v2\/product"}],"about":[{"href":"https:\/\/anythingtechnicallc.com\/index.php\/wp-json\/wp\/v2\/types\/product"}],"replies":[{"embeddable":true,"href":"https:\/\/anythingtechnicallc.com\/index.php\/wp-json\/wp\/v2\/comments?post=9297"}],"wp:featuredmedia":[{"embeddable":true,"href":"https:\/\/anythingtechnicallc.com\/index.php\/wp-json\/wp\/v2\/media\/9296"}],"wp:attachment":[{"href":"https:\/\/anythingtechnicallc.com\/index.php\/wp-json\/wp\/v2\/media?parent=9297"}],"wp:term":[{"taxonomy":"product_brand","embeddable":true,"href":"https:\/\/anythingtechnicallc.com\/index.php\/wp-json\/wp\/v2\/product_brand?post=9297"},{"taxonomy":"product_cat","embeddable":true,"href":"https:\/\/anythingtechnicallc.com\/index.php\/wp-json\/wp\/v2\/product_cat?post=9297"},{"taxonomy":"product_tag","embeddable":true,"href":"https:\/\/anythingtechnicallc.com\/index.php\/wp-json\/wp\/v2\/product_tag?post=9297"}],"curies":[{"name":"wp","href":"https:\/\/api.w.org\/{rel}","templated":true}]}}