{"id":9300,"date":"2026-03-19T07:58:05","date_gmt":"2026-03-19T07:58:05","guid":{"rendered":"https:\/\/anythingtechnicallc.com\/?post_type=product&#038;p=9300"},"modified":"2026-03-19T07:58:05","modified_gmt":"2026-03-19T07:58:05","slug":"shure-mv7x-mikrofon-nur-xlr-dynamisches-mikrofon-in-profiqualitaet-fuer-podcasting-und-gesangsaufnahmen-stimmisolierende-technologie-ganzmetallkonstruktion-mikrofonstaender-kompatibel-optimierte","status":"publish","type":"product","link":"https:\/\/anythingtechnicallc.com\/index.php\/de\/product\/shure-mv7x-mikrofon-nur-xlr-dynamisches-mikrofon-in-profiqualitaet-fuer-podcasting-und-gesangsaufnahmen-stimmisolierende-technologie-ganzmetallkonstruktion-mikrofonstaender-kompatibel-optimierte\/","title":{"rendered":"Shure MV7X Mikrofon &#8211; Nur XLR Dynamisches Mikrofon in Profiqualit\u00e4t f\u00fcr Podcasting und Gesangsaufnahmen, stimmisolierende Technologie, Ganzmetallkonstruktion, Mikrofonst\u00e4nder-kompatibel, optimierte Frequenz &#8211; Schwarz"},"content":{"rendered":"<ul class=\"a-unordered-list a-vertical a-spacing-mini\">\n<li class=\"a-spacing-mini\"><span class=\"a-list-item\">NUR XLR-AUSGANG &#8211; Schlie\u00dfen Sie ihn einfach \u00fcber XLR an alle professionellen Schnittstellen an, ohne dass Sie einen Vorverst\u00e4rker f\u00fcr zus\u00e4tzliche Verst\u00e4rkung ben\u00f6tigen.<\/span><\/li>\n<li class=\"a-spacing-mini\"><span class=\"a-list-item\">STIMMUNGSISOLIERUNGSTECHNOLOGIE &#8211; Der MV7X verf\u00fcgt \u00fcber die gleiche beeindruckende Kombination aus dynamischem Tonabnehmer, Nierencharakteristik und D\u00e4mpferaufh\u00e4ngung wie der MV7. Sie k\u00f6nnen sich darauf verlassen, dass Ihr MV7X Ihre Stimme in den Vordergrund der Aufnahme bringt und unerw\u00fcnschte Hintergrundger\u00e4usche unterdr\u00fcckt &#8211; f\u00fcr perfekte Aufnahmen in unvollkommenen R\u00e4umen.<\/span><\/li>\n<li class=\"a-spacing-mini\"><span class=\"a-list-item\">VERTRAUENSW\u00dcRDIGES ERBE, KLASSISCHES DESIGN &#8211; Das MV7X wurde speziell f\u00fcr Podcaster entwickelt und ist dem legend\u00e4ren SM7B nachempfunden, so dass es sich in jedes Podcasting-Setup und jeden Workflow integrieren l\u00e4sst.<\/span><\/li>\n<li class=\"a-spacing-mini\"><span class=\"a-list-item\">MIKROFONST\u00c4NDEKOMPATIBEL &#8211; Das MV7X enth\u00e4lt einen 5\/8&#8243;-Gewindeb\u00fcgel zur Befestigung an jedem Mikrofonstativ mit 5\/8&#8243;-Gewinde. Ebenfalls im Lieferumfang enthalten ist ein 5\/8&#8243;-Adapter mit 3,8&#8243;-Eurogewinde, der mit den meisten Mikrofonstativen kompatibel ist.<\/span><\/li>\n<li class=\"a-spacing-mini\"><span class=\"a-list-item\">PODCASTING &amp; VOCAL RECORDING &#8211; Entwickelt f\u00fcr Podcaster und S\u00e4nger, mit dem gleichen Formfaktor wie das SM7B. Schlie\u00dfen Sie das Mikrofon \u00fcber XLR direkt an jedes Audio-Interface an und nehmen Sie mit der hohen Audioqualit\u00e4t auf.<\/span><\/li>\n<li class=\"a-spacing-mini\"><span class=\"a-list-item\">MEHR MIKROFONEN. MINIMUM SPEND &#8211; Eine perfekte L\u00f6sung f\u00fcr Podcasts mit mehreren Mikrofonen und einem geringen Budget, die einen gro\u00dfartigen Sound ohne Kompromisse liefern wollen.<\/span><\/li>\n<\/ul>\n","protected":false},"excerpt":{"rendered":"<div id=\"productDescription_feature_div\" class=\"celwidget\" data-feature-name=\"productDescription\" data-csa-c-type=\"widget\" data-csa-c-content-id=\"productDescription\" data-csa-c-slot-id=\"productDescription_feature_div\" data-csa-c-asin=\"\" data-csa-c-is-in-initial-active-row=\"false\" data-csa-c-id=\"nosbq9-xdnx53-xo5zko-hcdv9c\" data-cel-widget=\"productDescription_feature_div\">\n<div>\n<div id=\"productDescription_feature_div\" class=\"a-row feature\" data-feature-name=\"productDescription\" data-template-name=\"productDescription\" data-cel-widget=\"productDescription_feature_div\">\n<div id=\"productDescription\" class=\"a-section a-spacing-small\">\n<p>Das Shure MV7X ist ein professionelles dynamisches XLR-Mikrofon, das sich ideal f\u00fcr Nahbesprechungen eignet, bei denen es auf Sprachverst\u00e4ndlichkeit und einen ausgewogenen Klang ankommt. Die Voice Isolation Technology sorgt daf\u00fcr, dass das Mikrofon auf Ihre Stimme fokussiert ist und keine unerw\u00fcnschten Hintergrundger\u00e4usche aufnimmt, damit Sie auch in unvollkommenen R\u00e4umen perfekte Aufnahmen machen k\u00f6nnen. Das attraktive und robuste Ganzmetalldesign verf\u00fcgt \u00fcber einen verstellbaren B\u00fcgel, der auf einer Vielzahl von Mikrofonst\u00e4ndern befestigt werden kann und so flexible Aufstellungsm\u00f6glichkeiten bietet.<\/p>\n<\/div>\n<\/div>\n<\/div>\n<\/div>\n<div id=\"brandInsights_feature_div_1\" class=\"celwidget\" data-feature-name=\"brandInsights\" data-csa-c-type=\"widget\" data-csa-c-content-id=\"brandInsights\" data-csa-c-slot-id=\"brandInsights_feature_div_1\" data-csa-c-asin=\"\" data-csa-c-is-in-initial-active-row=\"false\" data-csa-c-id=\"mibg0i-pfr78o-lx7amj-vs3zi\" data-cel-widget=\"brandInsights_feature_div_1\"><\/div>\n<div id=\"brandInsights_feature_div_3\" class=\"celwidget\" data-feature-name=\"brandInsights\" data-csa-c-type=\"widget\" data-csa-c-content-id=\"brandInsights\" data-csa-c-slot-id=\"brandInsights_feature_div_3\" data-csa-c-asin=\"\" data-csa-c-is-in-initial-active-row=\"false\" data-csa-c-id=\"63833n-tieupm-kohx1x-c3k6p5\" data-cel-widget=\"brandInsights_feature_div_3\">\n<div data-csa-c-type=\"widget\" data-csa-c-slot-id=\"brandInsightsContent\" data-csa-c-content-id=\"brandInsightsDesktopT3\" data-cel-widget=\"brandInsightsDesktopT3\" data-csa-c-id=\"fdw8cm-o64dca-7ey2h6-1qwluf\"><\/div>\n<\/div>\n","protected":false},"featured_media":9299,"comment_status":"open","ping_status":"closed","template":"","meta":{"_et_pb_use_builder":"","_et_pb_old_content":"","_et_gb_content_width":""},"product_brand":[],"product_cat":[1372],"product_tag":[],"class_list":{"0":"post-9300","1":"product","2":"type-product","3":"status-publish","4":"has-post-thumbnail","6":"product_cat-elektronik","8":"first","9":"instock","10":"sale","11":"taxable","12":"shipping-taxable","13":"purchasable","14":"product-type-simple"},"exclude_global_add_ons":[],"addons":[],"jetpack-related-posts":[{"id":9130,"url":"https:\/\/anythingtechnicallc.com\/index.php\/de\/product\/shure-mv7-usb-mikrofon-fuer-podcasting-aufnahmen-live-streaming-und-spiele-integrierter-kopfhoererausgang-dynamisches-usb-xlr-mikrofon-aus-metall-sprachisolierende-technologie-teamspeak-und-zoo\/","url_meta":{"origin":9300,"position":0},"title":"Shure MV7 USB-Mikrofon f\u00fcr Podcasting, Aufnahmen, Live-Streaming und Spiele, integrierter Kopfh\u00f6rerausgang, dynamisches USB\/XLR-Mikrofon aus Metall, sprachisolierende Technologie, TeamSpeak- und Zoom-zertifiziert &#8211; Schwarz","date":"March 19, 2026","format":false,"excerpt":"Das Shure MV7 ist ein professionelles dynamisches USB\/XLR-Mikrofon, das vom legend\u00e4ren SM7B inspiriert wurde und sich ideal f\u00fcr Nahbesprechungsanwendungen eignet, bei denen eine gute Sprachverst\u00e4ndlichkeit und ein ausgewogener Klang erforderlich sind. \u00dcber ein Touchpanel am Mikrofon selbst k\u00f6nnen Sie die Mikrofonverst\u00e4rkung, den Kopfh\u00f6rerpegel, den Monitormix und die Stummschaltung steuern. Mit\u2026","rel":"","context":"Similar post","img":{"alt_text":"","src":"https:\/\/i0.wp.com\/anythingtechnicallc.com\/wp-content\/uploads\/2025\/02\/81ZHXEuhgIL._AC_SL1500_.jpg?fit=909%2C1200&ssl=1&resize=350%2C200","width":350,"height":200},"classes":[]},{"id":9256,"url":"https:\/\/anythingtechnicallc.com\/index.php\/de\/product\/gebrauchtes-shure-mv7-usb-podcast-mikrofon-silber\/","url_meta":{"origin":9300,"position":1},"title":"Gebrauchtes Shure MV7 USB Podcast Mikrofon &#8211; Silber","date":"March 19, 2026","format":false,"excerpt":"USB- ODER XLR-ANSCHL\u00dcSSE: Der doppelte USB\/XLR-Ausgang erm\u00f6glicht digitale oder analoge Aufnahmen. CLOSE MIC ANWENDUNGEN: Ideal f\u00fcr Podcasting, Aufnahmen, Live-Streaming und mehr. INTUITIVE TOUCHPANEL-BEDIENELEMENTE: Intuitives Touchpanel zur Steuerung von Verst\u00e4rkung, Abh\u00f6rlautst\u00e4rke, Kopfh\u00f6rermix und Mikrofonstummschaltung. INTEGRIERTER KOPFH\u00d6RERAUSGANG: Der integrierte Kopfh\u00f6rerausgang erm\u00f6glicht das direkte Abh\u00f6ren \u00fcber Kopfh\u00f6rer w\u00e4hrend der Aufnahme. RICH & NATURAL\u2026","rel":"","context":"Similar post","img":{"alt_text":"","src":"https:\/\/i0.wp.com\/anythingtechnicallc.com\/wp-content\/uploads\/2025\/06\/7187FWHMGCL._AC_SL1500_.jpg?fit=858%2C1200&ssl=1&resize=350%2C200","width":350,"height":200},"classes":[]},{"id":9065,"url":"https:\/\/anythingtechnicallc.com\/index.php\/de\/product\/shure-sm7b-dynamisches-gesangsmikrofon\/","url_meta":{"origin":9300,"position":2},"title":"Shure SM7B Dynamisches Gesangsmikrofon","date":"March 18, 2026","format":false,"excerpt":"EIN MIKROFON F\u00dcR ALLES - Studioaufnahmen, Heimaufnahmen, Podcasting und Streaming. Das SM7B wird von den weltweit f\u00fchrenden S\u00e4ngern, Podcastern und Streamern gesch\u00e4tzt. STUDIO VOCAL RECORDING - Der dynamische Tonabnehmer des SM7B mit seinem glatten, flachen und weitreichenden Frequenzgang sorgt f\u00fcr eine au\u00dfergew\u00f6hnlich saubere und nat\u00fcrliche Wiedergabe von Musik und Sprache.\u2026","rel":"","context":"Similar post","img":{"alt_text":"","src":"https:\/\/i0.wp.com\/anythingtechnicallc.com\/wp-content\/uploads\/2024\/09\/71LYHO3wnL._AC_SL1356_.jpg?fit=1134%2C1200&ssl=1&resize=350%2C200","width":350,"height":200},"classes":[]},{"id":9349,"url":"https:\/\/anythingtechnicallc.com\/index.php\/de\/product\/gebrauchtes-shure-mvi-digital-audio-interface-mit-usb-und-lightning-kabeln\/","url_meta":{"origin":9300,"position":3},"title":"Gebrauchtes Shure MVi Digital Audio Interface mit USB- und Lightning-Kabeln","date":"March 19, 2026","format":false,"excerpt":"Digitales Audio-Interface f\u00fcr den Anschluss eines professionellen XLR-Mikrofons oder eines 1\/4\"-Instrumentenausgangs an einen Computer oder ein mobiles Ger\u00e4t. Zu den Funktionen geh\u00f6ren 5 voreingestellte DSP-Modi f\u00fcr EQ-, Kompressions- und Limiter-Einstellungen, Verst\u00e4rkungsregelung, Stummschaltung und Lautst\u00e4rke sowie Phantomspeisung. 5 DSP-Vorgabemodi (Sprache, Gesang, flach, akustisches Instrument, laut) f\u00fcr EQ-, Kompressions- und Limiter-Einstellungen. \u00dcber\u2026","rel":"","context":"Similar post","img":{"alt_text":"","src":"https:\/\/i0.wp.com\/anythingtechnicallc.com\/wp-content\/uploads\/2025\/08\/71tfHTkRJvL._AC_SL1500_.jpg?fit=1200%2C806&ssl=1&resize=350%2C200","width":350,"height":200},"classes":[]},{"id":9297,"url":"https:\/\/anythingtechnicallc.com\/index.php\/de\/product\/erneuertes-dynamisches-shure-mv7-podcast-mikrofon-obs-zertifiziert-enhanced-audio-led-touch-panel-usb-c-xlr-ausgaenge-auto-level-modus-digitaler-pop-filter-halleffekte-podcasting-streamin\/","url_meta":{"origin":9300,"position":4},"title":"Erneuertes dynamisches Shure MV7+ Podcast-Mikrofon. OBS-zertifiziert, Enhanced Audio, LED-Touch-Panel, USB-C- &#038; XLR-Ausg\u00e4nge, Auto-Level-Modus, digitaler Pop-Filter, Halleffekte, Podcasting, Streaming, Aufnahme -Schwarz","date":"March 19, 2026","format":false,"excerpt":"Erschlie\u00dfen Sie das gesamte Klangspektrum. Das MV7+ wurde mit einem anpassbaren LED-Touch-Panel, leistungsstarken DSP-Funktionen und noch besserem Klang aufgefrischt und ist ein dynamisches Mikrofon f\u00fcr anspruchsvolle Podcaster, Streamer und Musiker. Diese aktualisierte Version bietet USB-C- und XLR-Ausg\u00e4nge, einen verbesserten Auto-Level-Modus sowie einen neuen digitalen Pop-Filter, Echtzeit-Denoiser und Reverb-Effekte. W\u00e4hlen Sie\u2026","rel":"","context":"Similar post","img":{"alt_text":"","src":"https:\/\/i0.wp.com\/anythingtechnicallc.com\/wp-content\/uploads\/2025\/07\/81SkpwyPZnL._AC_SL1500_.jpg?fit=846%2C1200&ssl=1&resize=350%2C200","width":350,"height":200},"classes":[]},{"id":9288,"url":"https:\/\/anythingtechnicallc.com\/index.php\/de\/product\/gebrauchtes-shure-wireless-beta-98h-c-mikrofon-miniatur-instrumentenmikrofon-mit-ta4f-4-pin-mini-xlr-anschluss-nierenkondensator-clip-on-mit-schwanenhals-fuer-saxophon-blechblaeser-oder-percussion\/","url_meta":{"origin":9300,"position":5},"title":"Gebrauchtes Shure Wireless BETA 98H\/C Mikrofon &#8211; Miniatur-Instrumentenmikrofon mit TA4F 4-Pin Mini-XLR-Anschluss, Nierenkondensator, Clip-on mit Schwanenhals f\u00fcr Saxophon\/Blechbl\u00e4ser oder Percussion (WB98H\/C)","date":"March 19, 2026","format":false,"excerpt":"Drahtloser Shure Taschensender Separat erh\u00e4ltlich Der WB98H\/C verf\u00fcgt \u00fcber eine transformatorlose Vorverst\u00e4rkerschaltung, die die Linearit\u00e4t \u00fcber den gesamten Frequenzbereich verbessert. Das Tonabnehmersystem des Beta 98H\/C bietet eine hohe Verst\u00e4rkung vor der R\u00fcckkopplung und eine hervorragende Unterdr\u00fcckung unerw\u00fcnschter Ger\u00e4usche. Sein hoher maximaler Schalldruckpegel (SPL) erm\u00f6glicht es ihm, die extremen Anforderungen von\u2026","rel":"","context":"Similar post","img":{"alt_text":"","src":"https:\/\/i0.wp.com\/anythingtechnicallc.com\/wp-content\/uploads\/2025\/06\/51JCyyEQ-tL._AC_SL1000_.jpg?fit=924%2C867&ssl=1&resize=350%2C200","width":350,"height":200},"classes":[]}],"pll_sync_post":[],"lang":"de","translations":{"de":9300,"en":7210},"_links":{"self":[{"href":"https:\/\/anythingtechnicallc.com\/index.php\/wp-json\/wp\/v2\/product\/9300","targetHints":{"allow":["GET"]}}],"collection":[{"href":"https:\/\/anythingtechnicallc.com\/index.php\/wp-json\/wp\/v2\/product"}],"about":[{"href":"https:\/\/anythingtechnicallc.com\/index.php\/wp-json\/wp\/v2\/types\/product"}],"replies":[{"embeddable":true,"href":"https:\/\/anythingtechnicallc.com\/index.php\/wp-json\/wp\/v2\/comments?post=9300"}],"wp:featuredmedia":[{"embeddable":true,"href":"https:\/\/anythingtechnicallc.com\/index.php\/wp-json\/wp\/v2\/media\/9299"}],"wp:attachment":[{"href":"https:\/\/anythingtechnicallc.com\/index.php\/wp-json\/wp\/v2\/media?parent=9300"}],"wp:term":[{"taxonomy":"product_brand","embeddable":true,"href":"https:\/\/anythingtechnicallc.com\/index.php\/wp-json\/wp\/v2\/product_brand?post=9300"},{"taxonomy":"product_cat","embeddable":true,"href":"https:\/\/anythingtechnicallc.com\/index.php\/wp-json\/wp\/v2\/product_cat?post=9300"},{"taxonomy":"product_tag","embeddable":true,"href":"https:\/\/anythingtechnicallc.com\/index.php\/wp-json\/wp\/v2\/product_tag?post=9300"}],"curies":[{"name":"wp","href":"https:\/\/api.w.org\/{rel}","templated":true}]}}