{"id":9303,"date":"2026-03-19T07:58:12","date_gmt":"2026-03-19T07:58:12","guid":{"rendered":"https:\/\/anythingtechnicallc.com\/?post_type=product&#038;p=9303"},"modified":"2026-03-19T07:58:13","modified_gmt":"2026-03-19T07:58:13","slug":"gebrauchtes-shure-mv6-gaming-mikrofon-dynamisches-usb-pc-mikrofon-fuer-videospiele-streaming-desktop-staender-hintergrundgeraeuschunterdrueckung-tap-to-mute-35mm-ausgang-fuer-kopfhoerer-moni","status":"publish","type":"product","link":"https:\/\/anythingtechnicallc.com\/index.php\/de\/product\/gebrauchtes-shure-mv6-gaming-mikrofon-dynamisches-usb-pc-mikrofon-fuer-videospiele-streaming-desktop-staender-hintergrundgeraeuschunterdrueckung-tap-to-mute-35mm-ausgang-fuer-kopfhoerer-moni\/","title":{"rendered":"Gebrauchtes Shure MV6 Gaming-Mikrofon, dynamisches USB-PC-Mikrofon f\u00fcr Videospiele &#038; Streaming &#8211; Desktop-St\u00e4nder, Hintergrundger\u00e4uschunterdr\u00fcckung, Tap-to-Mute &#038; 3,5mm-Ausgang f\u00fcr Kopfh\u00f6rer-Monitoring in Echtzeit"},"content":{"rendered":"<ul class=\"a-unordered-list a-vertical a-spacing-mini\">\n<li class=\"a-spacing-mini\"><span class=\"a-list-item\">EINFACHE EINRICHTUNG &#8211; Plug-and-Play mit USB-C f\u00fcr Laptops und Computer. Beginnen Sie sofort mit dem Streaming oder der Aufnahme ohne Probleme.<\/span><\/li>\n<li class=\"a-spacing-mini\"><span class=\"a-list-item\">AUTO LEVEL MODE &#8211; Die Verst\u00e4rkungsanpassung in Echtzeit sorgt f\u00fcr gleichbleibende Klangqualit\u00e4t, egal ob Sie intensiv spielen oder leise im Stream chatten. Perfekte Audiopegel garantiert.<\/span><\/li>\n<li class=\"a-spacing-mini\"><span class=\"a-list-item\">DIGITALER POPPER STOPPER &#8211; Eliminieren Sie harsche Plosivlaute mit fortschrittlicher Technologie f\u00fcr klaren, ablenkungsfreien Klang, ohne dass ein physischer Poppfilter erforderlich ist.<\/span><\/li>\n<li class=\"a-spacing-mini\"><span class=\"a-list-item\">ECHTZEIT-DENOISER &#8211; Intelligente DSP-Technologie entfernt unerw\u00fcnschte Hintergrundger\u00e4usche und f\u00e4ngt nur Ihre Stimme ein &#8211; f\u00fcr unverf\u00e4lschte Audioqualit\u00e4t.<\/span><\/li>\n<li class=\"a-spacing-mini\"><span class=\"a-list-item\">STIMMUNGSISOLIERUNGSTECHNOLOGIE &#8211; Die dynamische Kapsel und die Nierencharakteristik sorgen daf\u00fcr, dass keine unerw\u00fcnschten Hintergrundger\u00e4usche auftreten &#8211; f\u00fcr kristallklaren Klang zu jeder Zeit.<\/span><\/li>\n<li class=\"a-spacing-mini\"><span class=\"a-list-item\">TAP-TO-MUTE BUTTON &#8211; Privatsph\u00e4re auf Knopfdruck. Schalten Sie Ihr Mikrofon mit einer einfachen Ber\u00fchrung stumm, wenn Sie einen Moment der Ruhe brauchen.<\/span><\/li>\n<li class=\"a-spacing-mini\"><span class=\"a-list-item\">USB-C UND 3,5MM-AUSGANG &#8211; Modernes Design mit USB-C f\u00fcr den einfachen Anschluss an den Computer und 3,5-mm-Ausgang f\u00fcr die Echtzeit-\u00dcberwachung der Kopfh\u00f6rer.<\/span><\/li>\n<\/ul>\n<div class=\"a-row a-expander-container a-expander-inline-container\">\n<div class=\"a-expander-content a-expander-extend-content a-expander-content-expanded\" data-expanded=\"true\">\n<ul class=\"a-unordered-list a-vertical a-spacing-none\">\n<li class=\"a-spacing-mini\"><span class=\"a-list-item\">MOTIV MIXAPP &#8211; Passen Sie Ihren Monitor-Mix zwischen Computer-Audio und Mikrofonwiedergabe mit unserer kostenlosen MOTIV Mixapp an.<\/span><\/li>\n<\/ul>\n<\/div>\n<\/div>\n","protected":false},"excerpt":{"rendered":"<div id=\"productDescription_feature_div\" class=\"celwidget\" data-feature-name=\"productDescription\" data-csa-c-type=\"widget\" data-csa-c-content-id=\"productDescription\" data-csa-c-slot-id=\"productDescription_feature_div\" data-csa-c-asin=\"\" data-csa-c-is-in-initial-active-row=\"false\" data-csa-c-id=\"l2s59c-ebzkob-10h8u1-2iseq5\" data-cel-widget=\"productDescription_feature_div\">\n<div>\n<div id=\"productDescription_feature_div\" class=\"a-row feature\" data-feature-name=\"productDescription\" data-template-name=\"productDescription\" data-cel-widget=\"productDescription_feature_div\">\n<div id=\"productDescription\" class=\"a-section a-spacing-small\">\n<p>Wir haben alles, was wir \u00fcber dynamische Gesangsmikrofone wissen, in das MV6 gepackt, um ein USB-Mikrofon zu entwickeln, das f\u00fcr jedermann einfach zu bedienen ist, und zwar sofort nach dem Auspacken. Mit dem Design und der Technologie unserer kultigen SM7- und MV7-Mikrofone wurde das MV6 entwickelt, um Gamern und Streamern den Einstieg in die dynamischen Gesangsmikrofone von Shure zu erm\u00f6glichen und wie ein Profi zu klingen.<\/p>\n<\/div>\n<\/div>\n<\/div>\n<\/div>\n<div id=\"brandInsights_feature_div_1\" class=\"celwidget\" data-feature-name=\"brandInsights\" data-csa-c-type=\"widget\" data-csa-c-content-id=\"brandInsights\" data-csa-c-slot-id=\"brandInsights_feature_div_1\" data-csa-c-asin=\"\" data-csa-c-is-in-initial-active-row=\"false\" data-csa-c-id=\"dwj632-wv2u8q-awgo92-ein45m\" data-cel-widget=\"brandInsights_feature_div_1\"><\/div>\n<div id=\"brandInsights_feature_div_3\" class=\"celwidget\" data-feature-name=\"brandInsights\" data-csa-c-type=\"widget\" data-csa-c-content-id=\"brandInsights\" data-csa-c-slot-id=\"brandInsights_feature_div_3\" data-csa-c-asin=\"\" data-csa-c-is-in-initial-active-row=\"false\" data-csa-c-id=\"xjij87-hedsdf-2ueeu2-ke3v9i\" data-cel-widget=\"brandInsights_feature_div_3\">\n<div data-csa-c-type=\"widget\" data-csa-c-slot-id=\"brandInsightsContent\" data-csa-c-content-id=\"brandInsightsDesktopT3\" data-cel-widget=\"brandInsightsDesktopT3\" data-csa-c-id=\"y10mcs-slmr3c-broigf-iwf2ss\"><\/div>\n<\/div>\n","protected":false},"featured_media":9302,"comment_status":"open","ping_status":"closed","template":"","meta":{"_et_pb_use_builder":"","_et_pb_old_content":"","_et_gb_content_width":""},"product_brand":[],"product_cat":[1372],"product_tag":[],"class_list":{"0":"post-9303","1":"product","2":"type-product","3":"status-publish","4":"has-post-thumbnail","6":"product_cat-elektronik","8":"first","9":"instock","10":"sale","11":"taxable","12":"shipping-taxable","13":"purchasable","14":"product-type-simple"},"exclude_global_add_ons":[],"addons":[],"jetpack-related-posts":[{"id":9130,"url":"https:\/\/anythingtechnicallc.com\/index.php\/de\/product\/shure-mv7-usb-mikrofon-fuer-podcasting-aufnahmen-live-streaming-und-spiele-integrierter-kopfhoererausgang-dynamisches-usb-xlr-mikrofon-aus-metall-sprachisolierende-technologie-teamspeak-und-zoo\/","url_meta":{"origin":9303,"position":0},"title":"Shure MV7 USB-Mikrofon f\u00fcr Podcasting, Aufnahmen, Live-Streaming und Spiele, integrierter Kopfh\u00f6rerausgang, dynamisches USB\/XLR-Mikrofon aus Metall, sprachisolierende Technologie, TeamSpeak- und Zoom-zertifiziert &#8211; Schwarz","date":"March 19, 2026","format":false,"excerpt":"Das Shure MV7 ist ein professionelles dynamisches USB\/XLR-Mikrofon, das vom legend\u00e4ren SM7B inspiriert wurde und sich ideal f\u00fcr Nahbesprechungsanwendungen eignet, bei denen eine gute Sprachverst\u00e4ndlichkeit und ein ausgewogener Klang erforderlich sind. \u00dcber ein Touchpanel am Mikrofon selbst k\u00f6nnen Sie die Mikrofonverst\u00e4rkung, den Kopfh\u00f6rerpegel, den Monitormix und die Stummschaltung steuern. Mit\u2026","rel":"","context":"Similar post","img":{"alt_text":"","src":"https:\/\/i0.wp.com\/anythingtechnicallc.com\/wp-content\/uploads\/2025\/02\/81ZHXEuhgIL._AC_SL1500_.jpg?fit=909%2C1200&ssl=1&resize=350%2C200","width":350,"height":200},"classes":[]},{"id":9297,"url":"https:\/\/anythingtechnicallc.com\/index.php\/de\/product\/erneuertes-dynamisches-shure-mv7-podcast-mikrofon-obs-zertifiziert-enhanced-audio-led-touch-panel-usb-c-xlr-ausgaenge-auto-level-modus-digitaler-pop-filter-halleffekte-podcasting-streamin\/","url_meta":{"origin":9303,"position":1},"title":"Erneuertes dynamisches Shure MV7+ Podcast-Mikrofon. OBS-zertifiziert, Enhanced Audio, LED-Touch-Panel, USB-C- &#038; XLR-Ausg\u00e4nge, Auto-Level-Modus, digitaler Pop-Filter, Halleffekte, Podcasting, Streaming, Aufnahme -Schwarz","date":"March 19, 2026","format":false,"excerpt":"Erschlie\u00dfen Sie das gesamte Klangspektrum. Das MV7+ wurde mit einem anpassbaren LED-Touch-Panel, leistungsstarken DSP-Funktionen und noch besserem Klang aufgefrischt und ist ein dynamisches Mikrofon f\u00fcr anspruchsvolle Podcaster, Streamer und Musiker. Diese aktualisierte Version bietet USB-C- und XLR-Ausg\u00e4nge, einen verbesserten Auto-Level-Modus sowie einen neuen digitalen Pop-Filter, Echtzeit-Denoiser und Reverb-Effekte. W\u00e4hlen Sie\u2026","rel":"","context":"Similar post","img":{"alt_text":"","src":"https:\/\/i0.wp.com\/anythingtechnicallc.com\/wp-content\/uploads\/2025\/07\/81SkpwyPZnL._AC_SL1500_.jpg?fit=846%2C1200&ssl=1&resize=350%2C200","width":350,"height":200},"classes":[]},{"id":9256,"url":"https:\/\/anythingtechnicallc.com\/index.php\/de\/product\/gebrauchtes-shure-mv7-usb-podcast-mikrofon-silber\/","url_meta":{"origin":9303,"position":2},"title":"Gebrauchtes Shure MV7 USB Podcast Mikrofon &#8211; Silber","date":"March 19, 2026","format":false,"excerpt":"USB- ODER XLR-ANSCHL\u00dcSSE: Der doppelte USB\/XLR-Ausgang erm\u00f6glicht digitale oder analoge Aufnahmen. CLOSE MIC ANWENDUNGEN: Ideal f\u00fcr Podcasting, Aufnahmen, Live-Streaming und mehr. INTUITIVE TOUCHPANEL-BEDIENELEMENTE: Intuitives Touchpanel zur Steuerung von Verst\u00e4rkung, Abh\u00f6rlautst\u00e4rke, Kopfh\u00f6rermix und Mikrofonstummschaltung. INTEGRIERTER KOPFH\u00d6RERAUSGANG: Der integrierte Kopfh\u00f6rerausgang erm\u00f6glicht das direkte Abh\u00f6ren \u00fcber Kopfh\u00f6rer w\u00e4hrend der Aufnahme. RICH & NATURAL\u2026","rel":"","context":"Similar post","img":{"alt_text":"","src":"https:\/\/i0.wp.com\/anythingtechnicallc.com\/wp-content\/uploads\/2025\/06\/7187FWHMGCL._AC_SL1500_.jpg?fit=858%2C1200&ssl=1&resize=350%2C200","width":350,"height":200},"classes":[]},{"id":9527,"url":"https:\/\/anythingtechnicallc.com\/index.php\/de\/product\/erneuertes-poly-studio-r30-4k-videokonferenzsystem-kamera-mikrofon-und-lautsprecherleiste-fuer-kleine-raeume-presenter-tracking-noiseblockai-framing-plug-play-funktioniert-mit-teams-zoom\/","url_meta":{"origin":9303,"position":3},"title":"Erneuertes Poly Studio R30 4K Videokonferenzsystem &#8211; Kamera, Mikrofon und Lautsprecherleiste f\u00fcr kleine R\u00e4ume &#8211; Presenter Tracking, NoiseBlockAI, Framing &#8211; Plug &#038; Play &#8211; Funktioniert mit Teams, Zoom &#038; mehr","date":"March 21, 2026","format":false,"excerpt":"KI-UNTERST\u00dcTZTE MEETINGS: Erstellen Sie virtuelle Meetings, die sich anf\u00fchlen, als w\u00e4ren Sie pers\u00f6nlich anwesend, mit der Poly DirectorAI Auto-Framing- und Tracking-Technologie. Verhindern Sie mit den Technologien NoiseBlockAI und Acoustic Fence, dass st\u00f6rende Ger\u00e4usche Ihre Meetings unterbrechen. KLANGREICHES, KLARES AUDIO: Stellen Sie sicher, dass Sie mit dem fortschrittlichen 3-Mikrofon-Array immer deutlich\u2026","rel":"","context":"Similar post","img":{"alt_text":"","src":"https:\/\/i0.wp.com\/anythingtechnicallc.com\/wp-content\/uploads\/2025\/09\/71sMVgqgfsL._AC_SL1500_.jpg?fit=1200%2C763&ssl=1&resize=350%2C200","width":350,"height":200},"classes":[]},{"id":9555,"url":"https:\/\/anythingtechnicallc.com\/index.php\/de\/product\/hyperx-solocast-usb-kondensator-gaming-mikrofon-fuer-pc-ps4-ps5-und-mac-tap-to-mute-sensor-nieren-richtcharakteristik-ideal-fuer-streaming-podcasts-twitch-youtube-discordschwarz\/","url_meta":{"origin":9303,"position":4},"title":"HyperX SoloCast &#8211; USB-Kondensator-Gaming-Mikrofon, f\u00fcr PC, PS4, PS5 und Mac, Tap-to-Mute-Sensor, Nieren-Richtcharakteristik, ideal f\u00fcr Streaming, Podcasts, Twitch, YouTube, Discord,Schwarz","date":"March 21, 2026","format":false,"excerpt":"Das HyperX SoloCast ist f\u00fcr Streamer und Gamer gedacht, die ein gut klingendes USB-Mikrofon suchen. Es ist per Plug & Play einfach zu bedienen und verf\u00fcgt \u00fcber unseren bei Fans beliebten Tap-to-Mute-Sensor. Das vielseitige Mikrofon verf\u00fcgt \u00fcber einen flexiblen, verstellbaren St\u00e4nder und ist au\u00dferdem mit den meisten Galgenarmen kompatibel, so\u2026","rel":"","context":"Similar post","img":{"alt_text":"","src":"https:\/\/i0.wp.com\/anythingtechnicallc.com\/wp-content\/uploads\/2025\/09\/61qh7VG4pCL._AC_SL1500_.jpg?fit=526%2C1200&ssl=1&resize=350%2C200","width":350,"height":200},"classes":[]},{"id":9309,"url":"https:\/\/anythingtechnicallc.com\/index.php\/de\/product\/shure-mv88-video-kit-digitales-stereo-kondensatormikrofon-fuer-apple-und-android-mit-manfrotto-pixi-stativ-telefonklammer-halterung-ios-und-usb-c-kabel-fuer-kompatibilitaet-und-konnektivitaet\/","url_meta":{"origin":9303,"position":5},"title":"Shure MV88+ Video Kit &#8211; Digitales Stereo-Kondensatormikrofon f\u00fcr Apple und Android, mit Manfrotto PIXI-Stativ, Telefonklammer, Halterung, iOS- und USB-C-Kabel f\u00fcr Kompatibilit\u00e4t und Konnektivit\u00e4t auf h\u00f6chstem Niveau","date":"March 19, 2026","format":false,"excerpt":"Das MOTIV MV88+ Video Kit ist ein hochwertiges digitales Stereo-Kondensatormikrofon. Ihr neues mobiles Aufnahmeger\u00e4t l\u00e4sst sich \u00fcber einen Lightning-Anschluss direkt mit jedem Apple-Ger\u00e4t oder \u00fcber USB-C mit ausgew\u00e4hlten weiteren Ger\u00e4ten verbinden. Das MV88+ hat alles, was Sie brauchen, um gro\u00dfartige Aufnahmen zu machen - direkt nach dem Auspacken. Die im\u2026","rel":"","context":"Similar post","img":{"alt_text":"","src":"https:\/\/i0.wp.com\/anythingtechnicallc.com\/wp-content\/uploads\/2025\/07\/71V1p0Wj5JL._AC_SL1500_.jpg?fit=1163%2C1200&ssl=1&resize=350%2C200","width":350,"height":200},"classes":[]}],"pll_sync_post":[],"lang":"de","translations":{"de":9303,"en":7212},"_links":{"self":[{"href":"https:\/\/anythingtechnicallc.com\/index.php\/wp-json\/wp\/v2\/product\/9303","targetHints":{"allow":["GET"]}}],"collection":[{"href":"https:\/\/anythingtechnicallc.com\/index.php\/wp-json\/wp\/v2\/product"}],"about":[{"href":"https:\/\/anythingtechnicallc.com\/index.php\/wp-json\/wp\/v2\/types\/product"}],"replies":[{"embeddable":true,"href":"https:\/\/anythingtechnicallc.com\/index.php\/wp-json\/wp\/v2\/comments?post=9303"}],"wp:featuredmedia":[{"embeddable":true,"href":"https:\/\/anythingtechnicallc.com\/index.php\/wp-json\/wp\/v2\/media\/9302"}],"wp:attachment":[{"href":"https:\/\/anythingtechnicallc.com\/index.php\/wp-json\/wp\/v2\/media?parent=9303"}],"wp:term":[{"taxonomy":"product_brand","embeddable":true,"href":"https:\/\/anythingtechnicallc.com\/index.php\/wp-json\/wp\/v2\/product_brand?post=9303"},{"taxonomy":"product_cat","embeddable":true,"href":"https:\/\/anythingtechnicallc.com\/index.php\/wp-json\/wp\/v2\/product_cat?post=9303"},{"taxonomy":"product_tag","embeddable":true,"href":"https:\/\/anythingtechnicallc.com\/index.php\/wp-json\/wp\/v2\/product_tag?post=9303"}],"curies":[{"name":"wp","href":"https:\/\/api.w.org\/{rel}","templated":true}]}}