{"id":9309,"date":"2026-03-19T08:02:43","date_gmt":"2026-03-19T08:02:43","guid":{"rendered":"https:\/\/anythingtechnicallc.com\/?post_type=product&#038;p=9309"},"modified":"2026-03-19T08:02:43","modified_gmt":"2026-03-19T08:02:43","slug":"shure-mv88-video-kit-digitales-stereo-kondensatormikrofon-fuer-apple-und-android-mit-manfrotto-pixi-stativ-telefonklammer-halterung-ios-und-usb-c-kabel-fuer-kompatibilitaet-und-konnektivitaet","status":"publish","type":"product","link":"https:\/\/anythingtechnicallc.com\/index.php\/de\/product\/shure-mv88-video-kit-digitales-stereo-kondensatormikrofon-fuer-apple-und-android-mit-manfrotto-pixi-stativ-telefonklammer-halterung-ios-und-usb-c-kabel-fuer-kompatibilitaet-und-konnektivitaet\/","title":{"rendered":"Shure MV88+ Video Kit &#8211; Digitales Stereo-Kondensatormikrofon f\u00fcr Apple und Android, mit Manfrotto PIXI-Stativ, Telefonklammer, Halterung, iOS- und USB-C-Kabel f\u00fcr Kompatibilit\u00e4t und Konnektivit\u00e4t auf h\u00f6chstem Niveau"},"content":{"rendered":"<ul class=\"a-unordered-list a-vertical a-spacing-mini\">\n<li class=\"a-spacing-mini\"><span class=\"a-list-item\">iOS, ANDROID* &amp; DESKTOP KOMPATIBEL: Mitgelieferte Lightning- und USB-C-Kabel erm\u00f6glichen den Anschluss an iOS-, Android*- und Desktop-Ger\u00e4te<\/span><\/li>\n<li class=\"a-spacing-mini\"><span class=\"a-list-item\">KOPFH\u00d6RER\u00dcBERWACHUNG: Eingebauter Kopfh\u00f6rerausgang f\u00fcr Kopfh\u00f6rer-Monitoring in Echtzeit<\/span><\/li>\n<li class=\"a-spacing-mini\"><span class=\"a-list-item\">APPLE MFi CERTIFIED: Made for iPhone\/iPad\/iPod zertifiziert f\u00fcr den direkten Anschluss an Apple iOS-Ger\u00e4te<\/span><\/li>\n<li class=\"a-spacing-mini\"><span class=\"a-list-item\">LIVESTREAM BEREIT: Perfekt f\u00fcr Livestreaming, wenn die Anwendung eines Drittanbieters USB\/Lightning Audio erkennt<\/span><\/li>\n<li class=\"a-spacing-mini\"><span class=\"a-list-item\">ZWEI KOSTENLOSE APPS: ShurePlus MOTIV Audio &amp; ShurePlus MOTIV Video erm\u00f6glichen es Ihnen, die Leistung und das Setup des Mikrofons f\u00fcr professionelle Audio- und Videoaufnahmen anzupassen. iOS- und Android-Versionen verf\u00fcgbar<\/span><\/li>\n<li class=\"a-spacing-mini\"><span class=\"a-list-item\">CHARGE ON THE MOVE: Erm\u00f6glicht das Aufladen des Telefons, w\u00e4hrend das Mikrofon in Gebrauch ist (erfordert USB-A-Kabel und Apple USB3-Kameraadapter) &#8211; nur f\u00fcr iOS-Nutzer.<\/span><\/li>\n<li class=\"a-spacing-mini\"><span class=\"a-list-item\">VOLLE KONTROLLE: Mehrere Optionen f\u00fcr Stereobreite und Richtcharakteristik f\u00fcr ultimative Flexibilit\u00e4t.<\/span><\/li>\n<\/ul>\n<div class=\"a-row a-expander-container a-expander-inline-container\">\n<div class=\"a-expander-content a-expander-extend-content a-expander-content-expanded\" data-expanded=\"true\">\n<ul class=\"a-unordered-list a-vertical a-spacing-none\">\n<li class=\"a-spacing-mini\"><span class=\"a-list-item\">KEIN WINDGER\u00c4USCH: Inklusive schwarzem Schaumstoff-Windschutz (Teilenummer AMV88-WS); bitte beachten Sie, dass der Windschutz angebracht ist und auf Wunsch entfernt werden kann.<\/span><\/li>\n<li class=\"a-spacing-mini\"><span class=\"a-list-item\">WAS IM KASTEN IST &#8211; MV88-Mikrofon, Schaumstoff-Windschutz, Manfrotto Pixi Mini-Stativ, Lightning-Kabel, USB-C-Kabel, Telefonklammer, Mikrofonklammer f\u00fcr die Schuhmontage und Neopren-Transporttasche auf Rollen.<\/span><\/li>\n<\/ul>\n<\/div>\n<\/div>\n","protected":false},"excerpt":{"rendered":"<div id=\"productDescription_feature_div\" class=\"celwidget\" data-feature-name=\"productDescription\" data-csa-c-type=\"widget\" data-csa-c-content-id=\"productDescription\" data-csa-c-slot-id=\"productDescription_feature_div\" data-csa-c-asin=\"\" data-csa-c-is-in-initial-active-row=\"false\" data-cel-widget=\"productDescription_feature_div\" data-csa-c-id=\"gux8bl-jvv5rt-53t236-1vkjvq\">\n<div>\n<div id=\"productDescription_feature_div\" class=\"a-row feature\" data-feature-name=\"productDescription\" data-template-name=\"productDescription\" data-cel-widget=\"productDescription_feature_div\">\n<div id=\"productDescription\" class=\"a-section a-spacing-small\">\n<p>Das MOTIV MV88+ Video Kit ist ein hochwertiges digitales Stereo-Kondensatormikrofon. Ihr neues mobiles Aufnahmeger\u00e4t l\u00e4sst sich \u00fcber einen Lightning-Anschluss direkt mit jedem Apple-Ger\u00e4t oder \u00fcber USB-C mit ausgew\u00e4hlten weiteren Ger\u00e4ten verbinden. Das MV88+ hat alles, was Sie brauchen, um gro\u00dfartige Aufnahmen zu machen &#8211; direkt nach dem Auspacken. Die im Lieferumfang enthaltene Telefonhalterung ist auch mit Ihrer bestehenden Einrichtung kompatibel und erm\u00f6glicht den Anschluss an jedes handels\u00fcbliche \u00bc&#8221;-Stativ. Der MV88+ ist kompatibel mit: iOS-Ger\u00e4ten, Samsung Galaxy Note 8, Samsung Galaxy Note 9, Samsung Galaxy s7 (erfordert zus\u00e4tzliches Micro-B-Kabel oder OTG-Adapter), Samsung Galaxy s8\/ s8+, Samsung Galaxy s9\/ s9+. Beachten Sie, dass nicht alle Android-Ger\u00e4te gen\u00fcgend Strom liefern oder USB-Audio unterst\u00fctzen. Beachten Sie, dass der MV88+ NICHT mit dem iPad Pro kompatibel ist.<\/p>\n<\/div>\n<\/div>\n<\/div>\n<\/div>\n<div id=\"brandInsights_feature_div_1\" class=\"celwidget\" data-feature-name=\"brandInsights\" data-csa-c-type=\"widget\" data-csa-c-content-id=\"brandInsights\" data-csa-c-slot-id=\"brandInsights_feature_div_1\" data-csa-c-asin=\"\" data-csa-c-is-in-initial-active-row=\"false\" data-cel-widget=\"brandInsights_feature_div_1\" data-csa-c-id=\"ty2rcu-ir34gv-z65hea-kq0cgh\"><\/div>\n<div id=\"brandInsights_feature_div_3\" class=\"celwidget\" data-feature-name=\"brandInsights\" data-csa-c-type=\"widget\" data-csa-c-content-id=\"brandInsights\" data-csa-c-slot-id=\"brandInsights_feature_div_3\" data-csa-c-asin=\"\" data-csa-c-is-in-initial-active-row=\"false\" data-cel-widget=\"brandInsights_feature_div_3\" data-csa-c-id=\"1rdpjx-knft3i-jqnimt-vjr3t1\">\n<div data-csa-c-type=\"widget\" data-csa-c-slot-id=\"brandInsightsContent\" data-csa-c-content-id=\"brandInsightsDesktopT3\" data-cel-widget=\"brandInsightsDesktopT3\" data-csa-c-id=\"pa7wz1-8zwgfs-s0puta-jddr7j\"><\/div>\n<\/div>\n","protected":false},"featured_media":9308,"comment_status":"open","ping_status":"closed","template":"","meta":{"_et_pb_use_builder":"","_et_pb_old_content":"","_et_gb_content_width":""},"product_brand":[],"product_cat":[1576],"product_tag":[],"class_list":{"0":"post-9309","1":"product","2":"type-product","3":"status-publish","4":"has-post-thumbnail","6":"product_cat-kamerazubehoer","8":"first","9":"instock","10":"sale","11":"taxable","12":"shipping-taxable","13":"purchasable","14":"product-type-simple"},"exclude_global_add_ons":[],"addons":[],"jetpack-related-posts":[{"id":9044,"url":"https:\/\/anythingtechnicallc.com\/index.php\/de\/product\/shure-motiv-mv88-digitales-stereo-kondensatormikrofon-zum-anstecken-an-ios-geraete-lightning-anschluss-professioneller-klang-aus-einem-ios-kompatiblen-ansteckmikrofon\/","url_meta":{"origin":9309,"position":0},"title":"Shure Motiv MV88 Digitales Stereo-Kondensatormikrofon &#8211; zum Anstecken an iOS-Ger\u00e4te, Lightning-Anschluss, professioneller Klang aus einem iOS-kompatiblen Ansteckmikrofon","date":"March 18, 2026","format":false,"excerpt":"IOS LIGHTNING ANSCHLUSS - Apple MFi zertifiziert und kompatibel mit allen iOS-Ger\u00e4ten mit Lightning-Anschluss. TASCHENFREUNDLICH - Nehmen Sie unterwegs leistungsstarke Audioaufnahmen auf, ohne dass Sie eine gro\u00dfe und schwere Audioausr\u00fcstung ben\u00f6tigen. VOLLST\u00c4NDIG ANPASSBAR - Sie k\u00f6nnen das Mikrofon um bis zu 90\u00b0 neigen, kippen und drehen, um unabh\u00e4ngig von der\u2026","rel":"","context":"Similar post","img":{"alt_text":"","src":"https:\/\/i0.wp.com\/anythingtechnicallc.com\/wp-content\/uploads\/2024\/09\/51YPM4TyDtL._AC_SL1500_.jpg?fit=640%2C1200&ssl=1&resize=350%2C200","width":350,"height":200},"classes":[]},{"id":9349,"url":"https:\/\/anythingtechnicallc.com\/index.php\/de\/product\/gebrauchtes-shure-mvi-digital-audio-interface-mit-usb-und-lightning-kabeln\/","url_meta":{"origin":9309,"position":1},"title":"Gebrauchtes Shure MVi Digital Audio Interface mit USB- und Lightning-Kabeln","date":"March 19, 2026","format":false,"excerpt":"Digitales Audio-Interface f\u00fcr den Anschluss eines professionellen XLR-Mikrofons oder eines 1\/4\"-Instrumentenausgangs an einen Computer oder ein mobiles Ger\u00e4t. Zu den Funktionen geh\u00f6ren 5 voreingestellte DSP-Modi f\u00fcr EQ-, Kompressions- und Limiter-Einstellungen, Verst\u00e4rkungsregelung, Stummschaltung und Lautst\u00e4rke sowie Phantomspeisung. 5 DSP-Vorgabemodi (Sprache, Gesang, flach, akustisches Instrument, laut) f\u00fcr EQ-, Kompressions- und Limiter-Einstellungen. \u00dcber\u2026","rel":"","context":"Similar post","img":{"alt_text":"","src":"https:\/\/i0.wp.com\/anythingtechnicallc.com\/wp-content\/uploads\/2025\/08\/71tfHTkRJvL._AC_SL1500_.jpg?fit=1200%2C806&ssl=1&resize=350%2C200","width":350,"height":200},"classes":[]},{"id":9062,"url":"https:\/\/anythingtechnicallc.com\/index.php\/de\/product\/shure-mv51-digitales-grossmembran-kondensatormikrofon-mit-usb-und-lightning-kabeln\/","url_meta":{"origin":9309,"position":2},"title":"Shure MV51 Digitales Gro\u00dfmembran-Kondensatormikrofon mit USB- und Lightning-Kabeln","date":"March 18, 2026","format":false,"excerpt":"Gro\u00dfmembran-Kondensatorkapsel f\u00fcr vollmundige Tonaufnahmen. iOS- und USB-Konnektivit\u00e4t erm\u00f6glicht eine schnelle Einrichtung ohne Audio-Interface oder zus\u00e4tzliche Adapter oder Anschluss-Kits (Apple MFi-zertifiziert). Integrierter hinterer St\u00e4nder f\u00fcr die Verwendung auf dem Tisch. Oder schrauben Sie die Endkappe ab und befestigen Sie sie an einem Standard 5\/8\"-Mikrofonst\u00e4nder. Ber\u00fchrungssteuerung auf der Vorderseite f\u00fcr 5 DSP-Voreinstellungsmodi,\u2026","rel":"","context":"Similar post","img":{"alt_text":"","src":"https:\/\/i0.wp.com\/anythingtechnicallc.com\/wp-content\/uploads\/2024\/09\/71vrOq5on1L._AC_SL1500_.jpg?fit=834%2C1200&ssl=1&resize=350%2C200","width":350,"height":200},"classes":[]},{"id":9209,"url":"https:\/\/anythingtechnicallc.com\/index.php\/de\/product\/erneuert-shure-aonic-40-over-ear-wireless-bluetooth-noise-cancelling-kopfhoerer-mit-mikrofon-klang-in-studioqualitaet-25-stunden-akkulaufzeit-fingertip-bedienung-kompatibel-mit-iphone-und-android\/","url_meta":{"origin":9309,"position":3},"title":"Erneuert Shure AONIC 40 Over Ear Wireless Bluetooth Noise Cancelling Kopfh\u00f6rer mit Mikrofon, Klang in Studioqualit\u00e4t, 25 Stunden Akkulaufzeit, Fingertip-Bedienung, kompatibel mit iPhone und Android &#8211; Schwarz","date":"March 19, 2026","format":false,"excerpt":"PREMIUM-KLANG IN STUDIOQUALIT\u00c4T: Klarer Klang in Studioqualit\u00e4t, der auf jahrzehntelanger Erfahrung in der Entwicklung von Produkten f\u00fcr Musiklegenden und K\u00fcnstler aller Art beruht. EINSTELLBARE GER\u00c4USCHUNTERDR\u00dcCKUNG & UMGEBUNGSMODUS: Die anpassbare Ger\u00e4uschunterdr\u00fcckung unterdr\u00fcckt St\u00f6rger\u00e4usche f\u00fcr ein wirklich intensives H\u00f6rerlebnis. Drei digitale ANC-Einstellungen f\u00fcr erweiterte Unterdr\u00fcckung niedriger Frequenzen und ein nat\u00fcrliches H\u00f6rerlebnis. LANGER\u2026","rel":"","context":"Similar post","img":{"alt_text":"","src":"https:\/\/i0.wp.com\/anythingtechnicallc.com\/wp-content\/uploads\/2025\/02\/8161xyfr9bL._AC_SL1500_.jpg?fit=926%2C1200&ssl=1&resize=350%2C200","width":350,"height":200},"classes":[]},{"id":9038,"url":"https:\/\/anythingtechnicallc.com\/index.php\/de\/product\/shure-rmce-ltg-lightning-kabel-kopfhoerer-zubehoer\/","url_meta":{"origin":9309,"position":4},"title":"Shure RMCE-LTG Lightning Kabel Kopfh\u00f6rer-Zubeh\u00f6r","date":"March 18, 2026","format":false,"excerpt":"Mit dem Premium Remote + Mic Lightning Accessory Cable (RMCE-LTG) k\u00f6nnen die Shure SE Earphones mit abnehmbarem Kabel direkt mit den neuesten Apple iOS-Ger\u00e4ten verbunden werden, um hochwertige digitale Audio- und Kommunikationssteuerung zu erm\u00f6glichen. Funktioniert mit SE215, SE315, SE425, SE535 und SE846 Sound Isolating Earphones. 50-Zoll-Kabel f\u00fcr die Verwendung mit\u2026","rel":"","context":"Similar post","img":{"alt_text":"","src":"https:\/\/i0.wp.com\/anythingtechnicallc.com\/wp-content\/uploads\/2024\/09\/61SbpsJoELL._AC_SL1500_.jpg?fit=1200%2C451&ssl=1&resize=350%2C200","width":350,"height":200},"classes":[]},{"id":9035,"url":"https:\/\/anythingtechnicallc.com\/index.php\/de\/product\/shure-rmce-usb-kopfhoerer-kommunikationskabel\/","url_meta":{"origin":9309,"position":5},"title":"Shure RMCE-USB Kopfh\u00f6rer Kommunikationskabel","date":"March 18, 2026","format":false,"excerpt":"Usb-c Kommunikationskabel mit Mikrofon und Bedienelementen f\u00fcr Shure Sound Isolating Ohrh\u00f6rer mit direktem Anschluss an Android-Ger\u00e4te mit Mini-USB. Integrierter DAC\/Kopfh\u00f6rerverst\u00e4rker f\u00fcr 24-bit\/96 kHz digitales Audio. Das Inline-Mikrofon und die Fernbedienung sorgen f\u00fcr Klarheit bei Anrufen und Sprachansagen und bieten eine Lautst\u00e4rke- und Wiedergabesteuerung. Misst 50 Zoll (127 cm) in der\u2026","rel":"","context":"Similar post","img":{"alt_text":"","src":"https:\/\/i0.wp.com\/anythingtechnicallc.com\/wp-content\/uploads\/2024\/09\/71dpcrgXISL._AC_SL1500_.jpg?fit=346%2C1200&ssl=1&resize=350%2C200","width":350,"height":200},"classes":[]}],"pll_sync_post":[],"lang":"de","translations":{"de":9309,"en":7217},"_links":{"self":[{"href":"https:\/\/anythingtechnicallc.com\/index.php\/wp-json\/wp\/v2\/product\/9309","targetHints":{"allow":["GET"]}}],"collection":[{"href":"https:\/\/anythingtechnicallc.com\/index.php\/wp-json\/wp\/v2\/product"}],"about":[{"href":"https:\/\/anythingtechnicallc.com\/index.php\/wp-json\/wp\/v2\/types\/product"}],"replies":[{"embeddable":true,"href":"https:\/\/anythingtechnicallc.com\/index.php\/wp-json\/wp\/v2\/comments?post=9309"}],"wp:featuredmedia":[{"embeddable":true,"href":"https:\/\/anythingtechnicallc.com\/index.php\/wp-json\/wp\/v2\/media\/9308"}],"wp:attachment":[{"href":"https:\/\/anythingtechnicallc.com\/index.php\/wp-json\/wp\/v2\/media?parent=9309"}],"wp:term":[{"taxonomy":"product_brand","embeddable":true,"href":"https:\/\/anythingtechnicallc.com\/index.php\/wp-json\/wp\/v2\/product_brand?post=9309"},{"taxonomy":"product_cat","embeddable":true,"href":"https:\/\/anythingtechnicallc.com\/index.php\/wp-json\/wp\/v2\/product_cat?post=9309"},{"taxonomy":"product_tag","embeddable":true,"href":"https:\/\/anythingtechnicallc.com\/index.php\/wp-json\/wp\/v2\/product_tag?post=9309"}],"curies":[{"name":"wp","href":"https:\/\/api.w.org\/{rel}","templated":true}]}}