{"id":9312,"date":"2026-03-19T08:03:31","date_gmt":"2026-03-19T08:03:31","guid":{"rendered":"https:\/\/anythingtechnicallc.com\/?post_type=product&#038;p=9312"},"modified":"2026-03-19T08:03:31","modified_gmt":"2026-03-19T08:03:31","slug":"erneuerter-sennheiser-hd-560-s-audiophiler-kopfhoerer-neutraler-frequenzgang-e-a-r-technologie-fuer-breites-klangfeld-offene-ohrmuscheln-abnehmbares-kabel-schwarz-hd-560s","status":"publish","type":"product","link":"https:\/\/anythingtechnicallc.com\/index.php\/de\/product\/erneuerter-sennheiser-hd-560-s-audiophiler-kopfhoerer-neutraler-frequenzgang-e-a-r-technologie-fuer-breites-klangfeld-offene-ohrmuscheln-abnehmbares-kabel-schwarz-hd-560s\/","title":{"rendered":"Erneuerter Sennheiser HD 560 S Audiophiler Kopfh\u00f6rer &#8211; Neutraler Frequenzgang, E.A.R. Technologie f\u00fcr breites Klangfeld, offene Ohrmuscheln, abnehmbares Kabel, (Schwarz) (HD 560S)"},"content":{"rendered":"<ul class=\"a-unordered-list a-vertical a-spacing-mini\">\n<li class=\"a-spacing-mini\"><span class=\"a-list-item\">Nat\u00fcrlicher und pr\u00e4ziser Referenzklang, der die Wahrheit in Ihrer Musik offenbart.<\/span><\/li>\n<li class=\"a-spacing-mini\"><span class=\"a-list-item\">Lebensechte Tiefe und Realismus dank offener Ohrmuscheln, die eine nat\u00fcrliche Ausbreitung der Schallwellen erm\u00f6glichen. Die neue Polymermischung der Wandlermembran bietet eine hochlineare Auslenkung f\u00fcr eine hervorragende Kontrolle.<\/span><\/li>\n<li class=\"a-spacing-mini\"><span class=\"a-list-item\">Breites Klangbild durch ergonomische akustische Verfeinerung (e.a.r.), die die Treiber in den nat\u00fcrlichen Winkel Ihrer Ohren neigt.<\/span><\/li>\n<li class=\"a-spacing-mini\"><span class=\"a-list-item\">Erweiterter Tiefbassbereich mit erfreulicher Pr\u00e4senz f\u00fcr eine klare Bassleistung.<\/span><\/li>\n<li class=\"a-spacing-mini\"><span class=\"a-list-item\">Anschlusstechnologie: Verkabelt.<\/span><\/li>\n<li class=\"a-spacing-mini\"><span class=\"a-list-item\">Anschlussart: 1\/4-Zoll.<\/span><\/li>\n<\/ul>\n","protected":false},"excerpt":{"rendered":"<ul class=\"a-unordered-list a-vertical a-spacing-mini\">\n<li class=\"a-spacing-mini\"><span class=\"a-list-item\">Nat\u00fcrlicher und pr\u00e4ziser Referenzklang, der die Wahrheit in Ihrer Musik offenbart.<\/span><\/li>\n<li class=\"a-spacing-mini\"><span class=\"a-list-item\">Lebensechte Tiefe und Realismus dank offener Ohrmuscheln, die eine nat\u00fcrliche Ausbreitung der Schallwellen erm\u00f6glichen. Die neue Polymermischung der Wandlermembran bietet eine hochlineare Auslenkung f\u00fcr eine hervorragende Kontrolle.<\/span><\/li>\n<li class=\"a-spacing-mini\"><span class=\"a-list-item\">Breites Klangbild durch ergonomische akustische Verfeinerung (e.a.r.), die die Treiber in den nat\u00fcrlichen Winkel Ihrer Ohren neigt.<\/span><\/li>\n<li class=\"a-spacing-mini\"><span class=\"a-list-item\">Erweiterter Tiefbassbereich mit erfreulicher Pr\u00e4senz f\u00fcr eine klare Bassleistung.<\/span><\/li>\n<li class=\"a-spacing-mini\"><span class=\"a-list-item\">Anschlusstechnologie: Verkabelt.<\/span><\/li>\n<li class=\"a-spacing-mini\"><span class=\"a-list-item\">Anschlussart: 1\/4-Zoll.<\/span><\/li>\n<\/ul>\n","protected":false},"featured_media":9311,"comment_status":"open","ping_status":"closed","template":"","meta":{"_et_pb_use_builder":"","_et_pb_old_content":"","_et_gb_content_width":""},"product_brand":[],"product_cat":[1372],"product_tag":[],"class_list":{"0":"post-9312","1":"product","2":"type-product","3":"status-publish","4":"has-post-thumbnail","6":"product_cat-elektronik","8":"first","9":"instock","10":"sale","11":"taxable","12":"shipping-taxable","13":"purchasable","14":"product-type-simple"},"exclude_global_add_ons":[],"addons":[],"jetpack-related-posts":[{"id":9139,"url":"https:\/\/anythingtechnicallc.com\/index.php\/de\/product\/audio-technica-ath-m50x-professioneller-studio-monitor-kopfhoerer-schwarz\/","url_meta":{"origin":9312,"position":0},"title":"Audio-Technica ATH-M50x Professioneller Studio-Monitor-Kopfh\u00f6rer, Schwarz","date":"March 19, 2026","format":false,"excerpt":"Von Top-Audio-Ingenieuren und Pro-Audio-Rezensenten gelobte klangliche Leistung. Propriet\u00e4re 45-Millimeter-Treiber mit gro\u00dfen \u00d6ffnungen, Seltenerdmagneten und kupferummantelten Aluminiumdraht-Schwingspulen. Au\u00dfergew\u00f6hnliche Klarheit \u00fcber einen erweiterten Frequenzbereich mit tiefer, pr\u00e4ziser Basswiedergabe. Das ohrumschlie\u00dfende Design schmiegt sich an die Ohren an und sorgt f\u00fcr eine hervorragende Schallisolierung in lauten Umgebungen. Um 90 Grad schwenkbare Ohrmuscheln f\u00fcr\u2026","rel":"","context":"Similar post","img":{"alt_text":"","src":"https:\/\/i0.wp.com\/anythingtechnicallc.com\/wp-content\/uploads\/2025\/02\/81v8UeBnyeL._AC_SL1500_.jpg?fit=603%2C1200&ssl=1&resize=350%2C200","width":350,"height":200},"classes":[]},{"id":9118,"url":"https:\/\/anythingtechnicallc.com\/index.php\/de\/product\/bose-700-noise-cancelling-bluetooth-kopfhoerer-triple-black-erneuert\/","url_meta":{"origin":9312,"position":1},"title":"Bose 700 Noise-Cancelling Bluetooth Kopfh\u00f6rer (Triple Black) (Erneuert)","date":"March 19, 2026","format":false,"excerpt":"Leistungsstarke Kopfh\u00f6rer mit Ger\u00e4uschunterdr\u00fcckung: Mit 11 Stufen aktiver Ger\u00e4uschunterdr\u00fcckung k\u00f6nnen Sie Musik, Podcasts, Videos und Anrufe ohne Ablenkung genie\u00dfen. Erstaunlicher Klang: Gestochen scharfe, klare Details. Tiefe, volle B\u00e4sse. Diese kabellosen Kopfh\u00f6rer erzeugen einen aufregenden, lebensechten Klang, der bei jeder Lautst\u00e4rke voll und ausgewogen ist. Un\u00fcbertroffene Sprachaufnahme: Ein revolution\u00e4res Mikrofonsystem passt\u2026","rel":"","context":"Similar post","img":{"alt_text":"","src":"https:\/\/i0.wp.com\/anythingtechnicallc.com\/wp-content\/uploads\/2025\/02\/51nAMlff9dL._AC_SL1000_.jpg?fit=565%2C889&ssl=1&resize=350%2C200","width":350,"height":200},"classes":[]},{"id":9864,"url":"https:\/\/anythingtechnicallc.com\/index.php\/de\/product\/gebrauchte-bose-quietcomfort-25-akustische-geraeuschunterdrueckung-kopfhoerer-verkabelt-schwarz\/","url_meta":{"origin":9312,"position":2},"title":"Gebrauchte Bose QuietComfort 25 Akustische Ger\u00e4uschunterdr\u00fcckung Kopfh\u00f6rer (verkabelt, Schwarz)","date":"April 8, 2026","format":false,"excerpt":"Die QuietComfort 25 Acoustic Noise Cancelling Kopfh\u00f6rer sind die leistungsst\u00e4rksten Around-Ear-Kopfh\u00f6rer von Bose. Sie bieten Ihnen einen klaren, kraftvollen Klang und eine Ruhe, mit der Sie Ihre Musik besser h\u00f6ren k\u00f6nnen. Bose entwickelt seine branchenf\u00fchrenden Kopfh\u00f6rer mit der neuesten Bose Active EQ- und TriPort-Technologie weiter und sorgt so f\u00fcr einen\u2026","rel":"","context":"Similar post","img":{"alt_text":"","src":"https:\/\/i0.wp.com\/anythingtechnicallc.com\/wp-content\/uploads\/2026\/03\/Bose-QuietComfort-25.jpg?fit=900%2C1200&ssl=1&resize=350%2C200","width":350,"height":200},"classes":[]},{"id":9321,"url":"https:\/\/anythingtechnicallc.com\/index.php\/de\/product\/gebrauchter-sennheiser-hd-599-open-back-kopfhoerer-elfenbein\/","url_meta":{"origin":9312,"position":3},"title":"Gebrauchter SENNHEISER HD 599 Open Back Kopfh\u00f6rer, Elfenbein","date":"March 19, 2026","format":false,"excerpt":"Der HD 599 ist ein offener Kopfh\u00f6rer, der mit der von Sennheiser entwickelten Schallwandlertechnologie ausgestattet ist und eine beeindruckend nat\u00fcrliche r\u00e4umliche Wiedergabe bietet. Als Kr\u00f6nung der 500er-Serie von Sennheiser bietet der Premium-Kopfh\u00f6rer in voller Gr\u00f6\u00dfe eine nahezu audiophile Klangqualit\u00e4t und einen au\u00dfergew\u00f6hnlichen Tragekomfort dank der gro\u00dfen Ohrmuscheln und der weichen,\u2026","rel":"","context":"Similar post","img":{"alt_text":"","src":"https:\/\/i0.wp.com\/anythingtechnicallc.com\/wp-content\/uploads\/2025\/07\/612KFU4Js-S._AC_SL1312_.jpg?fit=666%2C1200&ssl=1&resize=350%2C200","width":350,"height":200},"classes":[]},{"id":9294,"url":"https:\/\/anythingtechnicallc.com\/index.php\/de\/product\/erneuerte-bose-frames-alto-audio-sonnenbrille-mit-offenen-kopfhoerern-schwarz-mit-bluetooth-konnektivitaet\/","url_meta":{"origin":9312,"position":4},"title":"Erneuerte Bose Frames Alto &#8211; Audio-Sonnenbrille mit offenen Kopfh\u00f6rern, Schwarz, mit Bluetooth-Konnektivit\u00e4t","date":"March 19, 2026","format":false,"excerpt":"Sonnenbrillen mit eingebauten Bose-Lautsprechern, die f\u00fcr Sie einen satten, beeindruckenden Klang erzeugen, w\u00e4hrend andere praktisch nichts h\u00f6ren. Dank der offenen Ohrmuscheln k\u00f6nnen Sie Ihre Umgebung wahrnehmen, w\u00e4hrend Sie Ihre Musik genie\u00dfen. Bose Frames Alto hat eine klassische eckige Form und beeindruckende Gl\u00e4ser in 2 Gr\u00f6\u00dfen. Bose Frames S\/M Scheibenbreite: 53\u2026","rel":"","context":"Similar post","img":{"alt_text":"","src":"https:\/\/i0.wp.com\/anythingtechnicallc.com\/wp-content\/uploads\/2025\/06\/51V3DcEmmL._AC_SX679_.jpg?fit=679%2C351&ssl=1&resize=350%2C200","width":350,"height":200},"classes":[]},{"id":9318,"url":"https:\/\/anythingtechnicallc.com\/index.php\/de\/product\/erneuerter-sennheiser-hd-600-audiophiler-hi-res-kopfhoerer-mit-offener-rueckwand\/","url_meta":{"origin":9312,"position":5},"title":"Erneuerter Sennheiser HD 600 &#8211; Audiophiler Hi-Res-Kopfh\u00f6rer mit offener R\u00fcckwand","date":"March 19, 2026","format":false,"excerpt":"Leichte Aluminium-Schwingspulen sorgen f\u00fcr ein hervorragendes Einschwingverhalten.Spezifische Anwendungen f\u00fcr das Produkt : Professionell. Neodym-Eisenmagnete sorgen f\u00fcr optimale Empfindlichkeit und hervorragende Dynamik. Anspruchsvolles Design, elegantes Finish in Schwarz und Grau. Hochwertige Ohrmuschelabdeckungen aus offenem Metallgewebe. Abnehmbares, Kevlar-verst\u00e4rktes, sauerstofffreies Kupferkabel mit sehr geringem \u00dcbertragungsrauschen. Anschlusstechnologie : Kabelgebunden.","rel":"","context":"Similar post","img":{"alt_text":"","src":"https:\/\/i0.wp.com\/anythingtechnicallc.com\/wp-content\/uploads\/2025\/07\/71gVDPygNL._AC_SL1312_.jpg?fit=662%2C1200&ssl=1&resize=350%2C200","width":350,"height":200},"classes":[]}],"pll_sync_post":[],"lang":"de","translations":{"de":9312,"en":7219},"_links":{"self":[{"href":"https:\/\/anythingtechnicallc.com\/index.php\/wp-json\/wp\/v2\/product\/9312","targetHints":{"allow":["GET"]}}],"collection":[{"href":"https:\/\/anythingtechnicallc.com\/index.php\/wp-json\/wp\/v2\/product"}],"about":[{"href":"https:\/\/anythingtechnicallc.com\/index.php\/wp-json\/wp\/v2\/types\/product"}],"replies":[{"embeddable":true,"href":"https:\/\/anythingtechnicallc.com\/index.php\/wp-json\/wp\/v2\/comments?post=9312"}],"wp:featuredmedia":[{"embeddable":true,"href":"https:\/\/anythingtechnicallc.com\/index.php\/wp-json\/wp\/v2\/media\/9311"}],"wp:attachment":[{"href":"https:\/\/anythingtechnicallc.com\/index.php\/wp-json\/wp\/v2\/media?parent=9312"}],"wp:term":[{"taxonomy":"product_brand","embeddable":true,"href":"https:\/\/anythingtechnicallc.com\/index.php\/wp-json\/wp\/v2\/product_brand?post=9312"},{"taxonomy":"product_cat","embeddable":true,"href":"https:\/\/anythingtechnicallc.com\/index.php\/wp-json\/wp\/v2\/product_cat?post=9312"},{"taxonomy":"product_tag","embeddable":true,"href":"https:\/\/anythingtechnicallc.com\/index.php\/wp-json\/wp\/v2\/product_tag?post=9312"}],"curies":[{"name":"wp","href":"https:\/\/api.w.org\/{rel}","templated":true}]}}