{"id":9315,"date":"2026-03-19T08:04:17","date_gmt":"2026-03-19T08:04:17","guid":{"rendered":"https:\/\/anythingtechnicallc.com\/?post_type=product&#038;p=9315"},"modified":"2026-03-19T08:04:17","modified_gmt":"2026-03-19T08:04:17","slug":"renewed-sennheiser-momentum-4-wireless-headphones-bluetooth-kopfhoerer-fuer-kristallklare-anrufe-mit-adaptiver-geraeuschunterdrueckung-60-stunden-akkulaufzeit-leichtes-faltbares-design-schwarz","status":"publish","type":"product","link":"https:\/\/anythingtechnicallc.com\/index.php\/de\/product\/renewed-sennheiser-momentum-4-wireless-headphones-bluetooth-kopfhoerer-fuer-kristallklare-anrufe-mit-adaptiver-geraeuschunterdrueckung-60-stunden-akkulaufzeit-leichtes-faltbares-design-schwarz\/","title":{"rendered":"Renewed Sennheiser MOMENTUM 4 Wireless Headphones &#8211; Bluetooth-Kopfh\u00f6rer f\u00fcr kristallklare Anrufe mit adaptiver Ger\u00e4uschunterdr\u00fcckung, 60 Stunden Akkulaufzeit, leichtes, faltbares Design, Schwarz"},"content":{"rendered":"<ul class=\"a-unordered-list a-vertical a-spacing-mini\">\n<li class=\"a-spacing-mini\"><span class=\"a-list-item\">Firmware und Software aktualisiert: Genie\u00dfen Sie ein reibungsloseres und zuverl\u00e4ssigeres Benutzererlebnis, einschlie\u00dflich eines ANC-Ausschalters in der Smart Control Plus App und eines dauerhaften Aus-Schalters f\u00fcr das Touchpad.<\/span><\/li>\n<li class=\"a-spacing-mini\"><span class=\"a-list-item\">Maximale Audioaufl\u00f6sung mit Sennheiser Signature Sound: Genie\u00dfen Sie den ganzen Tag lang erstklassige Musikqualit\u00e4t dank des audiophilen 42-mm-Wandlersystems des Kopfh\u00f6rers und aptX Adaptive.<\/span><\/li>\n<li class=\"a-spacing-mini\"><span class=\"a-list-item\">Personalisierter Klang \u00fcber die Sennheiser Smart Control App: Passen Sie den Klang \u00fcber den integrierten Equalizer, die Voreinstellungen und die Klangmodi an Ihre individuellen H\u00f6rvorlieben an &#8211; f\u00fcr ein einzigartiges Klangerlebnis.<\/span><\/li>\n<li class=\"a-spacing-mini\"><span class=\"a-list-item\">Bleiben Sie ganz in Ihre Musik eingetaucht: Dank der adaptiven Ger\u00e4uschunterdr\u00fcckung des Kopfh\u00f6rers bleiben Sie ablenkungsfrei &#8211; und mit dem einstellbaren Transparenzmodus bleiben Sie mit der Welt um Sie herum in Kontakt.<\/span><\/li>\n<li class=\"a-spacing-mini\"><span class=\"a-list-item\">Au\u00dfergew\u00f6hnlicher Komfort und lange Akkulaufzeit: Leichtes, faltbares Design mit gepolstertem Kopfb\u00fcgel und tief gepolsterten Ohrpolstern f\u00fcr lang anhaltenden Komfort &#8211; bis zu 60 Stunden Wiedergabezeit mit Schnellladung.<\/span><\/li>\n<li class=\"a-spacing-mini\"><span class=\"a-list-item\">Kristallklare Anrufe: Die vier digitalen Beamforming-Mikrofone sorgen f\u00fcr eine hochwertige Sprachaufnahme und unterdr\u00fccken automatisch Windger\u00e4usche f\u00fcr optimierte Anrufe und einen einfacheren Zugriff auf den Sprachassistenten.<\/span><\/li>\n<li class=\"a-spacing-mini\"><span class=\"a-list-item\">Lautsprecherfrequenzbereich 6 Hz bis 22 kHz.<\/span><\/li>\n<\/ul>\n","protected":false},"excerpt":{"rendered":"<ul class=\"a-unordered-list a-vertical a-spacing-mini\">\n<li class=\"a-spacing-mini\"><span class=\"a-list-item\">Firmware und Software aktualisiert: Genie\u00dfen Sie ein reibungsloseres und zuverl\u00e4ssigeres Benutzererlebnis, einschlie\u00dflich eines ANC-Ausschalters in der Smart Control Plus App und eines dauerhaften Aus-Schalters f\u00fcr das Touchpad.<\/span><\/li>\n<li class=\"a-spacing-mini\"><span class=\"a-list-item\">Maximale Audioaufl\u00f6sung mit Sennheiser Signature Sound: Genie\u00dfen Sie den ganzen Tag lang erstklassige Musikqualit\u00e4t dank des audiophilen 42-mm-Wandlersystems des Kopfh\u00f6rers und aptX Adaptive.<\/span><\/li>\n<li class=\"a-spacing-mini\"><span class=\"a-list-item\">Personalisierter Klang \u00fcber die Sennheiser Smart Control App: Passen Sie den Klang \u00fcber den integrierten Equalizer, die Voreinstellungen und die Klangmodi an Ihre individuellen H\u00f6rvorlieben an &#8211; f\u00fcr ein einzigartiges Klangerlebnis.<\/span><\/li>\n<li class=\"a-spacing-mini\"><span class=\"a-list-item\">Bleiben Sie ganz in Ihre Musik eingetaucht: Dank der adaptiven Ger\u00e4uschunterdr\u00fcckung des Kopfh\u00f6rers bleiben Sie ablenkungsfrei &#8211; und mit dem einstellbaren Transparenzmodus bleiben Sie mit der Welt um Sie herum in Kontakt.<\/span><\/li>\n<li class=\"a-spacing-mini\"><span class=\"a-list-item\">Au\u00dfergew\u00f6hnlicher Komfort und lange Akkulaufzeit: Leichtes, faltbares Design mit gepolstertem Kopfb\u00fcgel und tief gepolsterten Ohrpolstern f\u00fcr lang anhaltenden Komfort &#8211; bis zu 60 Stunden Wiedergabezeit mit Schnellladung.<\/span><\/li>\n<li class=\"a-spacing-mini\"><span class=\"a-list-item\">Kristallklare Anrufe: Die vier digitalen Beamforming-Mikrofone sorgen f\u00fcr eine hochwertige Sprachaufnahme und unterdr\u00fccken automatisch Windger\u00e4usche f\u00fcr optimierte Anrufe und einen einfacheren Zugriff auf den Sprachassistenten.<\/span><\/li>\n<li class=\"a-spacing-mini\"><span class=\"a-list-item\">Lautsprecherfrequenzbereich 6 Hz bis 22 kHz.<\/span><\/li>\n<\/ul>\n","protected":false},"featured_media":9314,"comment_status":"open","ping_status":"closed","template":"","meta":{"_et_pb_use_builder":"","_et_pb_old_content":"","_et_gb_content_width":""},"product_brand":[],"product_cat":[1372],"product_tag":[],"class_list":{"0":"post-9315","1":"product","2":"type-product","3":"status-publish","4":"has-post-thumbnail","6":"product_cat-elektronik","8":"first","9":"instock","10":"sale","11":"taxable","12":"shipping-taxable","13":"purchasable","14":"product-type-simple"},"exclude_global_add_ons":[],"addons":[],"jetpack-related-posts":[{"id":9113,"url":"https:\/\/anythingtechnicallc.com\/index.php\/de\/product\/sennheiser-officerunner-convertible-wireless-office-mit-mb-pro-2-bluetooth-headset-erneuert\/","url_meta":{"origin":9315,"position":0},"title":"Sennheiser OfficeRunner Convertible Wireless Office mit MB Pro 2 Bluetooth Headset erneuert","date":"March 19, 2026","format":false,"excerpt":"OfficeRunner ist die Nummer 1 unter den schnurlosen B\u00fcro-Headsets mit einer Reichweite von bis zu 400 Fu\u00df. Verbindung zu mobilen Ger\u00e4ten: F\u00fcr alle, die einfach eine hervorragende Freisprechl\u00f6sung im B\u00fcro und unterwegs ben\u00f6tigen. Flexibel: Wechseln Sie nahtlos zwischen zwei verbundenen Bluetooth-Mobiltelefonen und genie\u00dfen Sie so h\u00f6chste Flexibilit\u00e4t bei Ihren Anrufen.\u2026","rel":"","context":"Similar post","img":{"alt_text":"","src":"https:\/\/i0.wp.com\/anythingtechnicallc.com\/wp-content\/uploads\/2025\/02\/image_editor_1739543217387.jpg?fit=1026%2C1200&ssl=1&resize=350%2C200","width":350,"height":200},"classes":[]},{"id":9735,"url":"https:\/\/anythingtechnicallc.com\/index.php\/de\/product\/gebrauchter-sennheiser-ie-400-pro-professioneller-in-ear-monitoring-kopfhoerer-klar\/","url_meta":{"origin":9315,"position":1},"title":"Gebrauchter Sennheiser IE 400 PRO Professioneller In-Ear-Monitoring-Kopfh\u00f6rer, klar","date":"March 24, 2026","format":false,"excerpt":"Erleben Sie Audio auf Profi-Niveau mit diesen In-Ear-Monitoren von Sennheiser, perfekt f\u00fcr Live-Auftritte. Erzielen Sie eine \u00fcberragende Ger\u00e4uschisolierung von bis zu 26 dB, die selbst in lauten Umgebungen einen kristallklaren Klang gew\u00e4hrleistet. Dieser robuste In-Ear-Kopfh\u00f6rer verf\u00fcgt \u00fcber einen breiten Frequenzgang von 6-19.000 Hz f\u00fcr detailreichen Klang. Die niedrige Impedanz des\u2026","rel":"","context":"Similar post","img":{"alt_text":"","src":"https:\/\/i0.wp.com\/anythingtechnicallc.com\/wp-content\/uploads\/2026\/03\/Sennheiser-IE-400-PRO-Professional-In-Ear-Monitoring-Headphones-Clear.jpg?fit=1200%2C1200&ssl=1&resize=350%2C200","width":350,"height":200},"classes":[]},{"id":8936,"url":"https:\/\/anythingtechnicallc.com\/index.php\/de\/product\/sennheiser-cx-sport-bluetooth-sport-kopfhoerer\/","url_meta":{"origin":9315,"position":2},"title":"Sennheiser CX Sport Bluetooth Sport-Kopfh\u00f6rer","date":"March 18, 2026","format":false,"excerpt":"Geben Sie Ihre Modellnummer ein, um sicherzustellen, dass das Produkt passt. Die von Sennheiser entwickelten und in Deutschland hergestellten Schallwandler liefern einen ausgewogenen und detaillierten Klang mit dynamischen B\u00e4ssen. Schwei\u00df- und spritzwassergesch\u00fctzt, entwickelt als Erg\u00e4nzung zu Ihren Trainingsaktivit\u00e4ten","rel":"","context":"Similar post","img":{"alt_text":"","src":"https:\/\/i0.wp.com\/anythingtechnicallc.com\/wp-content\/uploads\/2023\/03\/Sennheiser-CX-Sport-Bluetooth-Sports-Headphone-0.jpg?fit=423%2C500&ssl=1&resize=350%2C200","width":350,"height":200},"classes":[]},{"id":9318,"url":"https:\/\/anythingtechnicallc.com\/index.php\/de\/product\/erneuerter-sennheiser-hd-600-audiophiler-hi-res-kopfhoerer-mit-offener-rueckwand\/","url_meta":{"origin":9315,"position":3},"title":"Erneuerter Sennheiser HD 600 &#8211; Audiophiler Hi-Res-Kopfh\u00f6rer mit offener R\u00fcckwand","date":"March 19, 2026","format":false,"excerpt":"Leichte Aluminium-Schwingspulen sorgen f\u00fcr ein hervorragendes Einschwingverhalten.Spezifische Anwendungen f\u00fcr das Produkt : Professionell. Neodym-Eisenmagnete sorgen f\u00fcr optimale Empfindlichkeit und hervorragende Dynamik. Anspruchsvolles Design, elegantes Finish in Schwarz und Grau. Hochwertige Ohrmuschelabdeckungen aus offenem Metallgewebe. Abnehmbares, Kevlar-verst\u00e4rktes, sauerstofffreies Kupferkabel mit sehr geringem \u00dcbertragungsrauschen. Anschlusstechnologie : Kabelgebunden.","rel":"","context":"Similar post","img":{"alt_text":"","src":"https:\/\/i0.wp.com\/anythingtechnicallc.com\/wp-content\/uploads\/2025\/07\/71gVDPygNL._AC_SL1312_.jpg?fit=662%2C1200&ssl=1&resize=350%2C200","width":350,"height":200},"classes":[]},{"id":9321,"url":"https:\/\/anythingtechnicallc.com\/index.php\/de\/product\/gebrauchter-sennheiser-hd-599-open-back-kopfhoerer-elfenbein\/","url_meta":{"origin":9315,"position":4},"title":"Gebrauchter SENNHEISER HD 599 Open Back Kopfh\u00f6rer, Elfenbein","date":"March 19, 2026","format":false,"excerpt":"Der HD 599 ist ein offener Kopfh\u00f6rer, der mit der von Sennheiser entwickelten Schallwandlertechnologie ausgestattet ist und eine beeindruckend nat\u00fcrliche r\u00e4umliche Wiedergabe bietet. Als Kr\u00f6nung der 500er-Serie von Sennheiser bietet der Premium-Kopfh\u00f6rer in voller Gr\u00f6\u00dfe eine nahezu audiophile Klangqualit\u00e4t und einen au\u00dfergew\u00f6hnlichen Tragekomfort dank der gro\u00dfen Ohrmuscheln und der weichen,\u2026","rel":"","context":"Similar post","img":{"alt_text":"","src":"https:\/\/i0.wp.com\/anythingtechnicallc.com\/wp-content\/uploads\/2025\/07\/612KFU4Js-S._AC_SL1312_.jpg?fit=666%2C1200&ssl=1&resize=350%2C200","width":350,"height":200},"classes":[]},{"id":8929,"url":"https:\/\/anythingtechnicallc.com\/index.php\/de\/product\/sennheiser-cx-300s-in-ear-kopfhoerer-mit-intelligenter-ein-knopf-fernbedienung-schwarz\/","url_meta":{"origin":9315,"position":5},"title":"Sennheiser CX 300S In-Ear-Kopfh\u00f6rer mit intelligenter Ein-Knopf-Fernbedienung &#8211; Schwarz","date":"March 18, 2026","format":false,"excerpt":"Vergewissern Sie sich, dass das Produkt passt, indem Sie Ihre Modellnummer eingeben. Hinweis : Wenn die Gr\u00f6\u00dfe der Ohrst\u00f6psel nicht mit der Gr\u00f6\u00dfe Ihrer Geh\u00f6rg\u00e4nge \u00fcbereinstimmt oder das Headset nicht richtig in Ihren Ohren getragen wird, erhalten Sie m\u00f6glicherweise nicht die richtige Klangqualit\u00e4t oder Gespr\u00e4chsleistung. Tauschen Sie die Ohrst\u00f6psel gegen\u2026","rel":"","context":"Similar post","img":{"alt_text":"","src":"https:\/\/i0.wp.com\/anythingtechnicallc.com\/wp-content\/uploads\/2023\/03\/Sennheiser-CX-300S-In-Ear-Headphone-with-One-Button-Smart-Remote-Black-0.jpg?fit=500%2C500&ssl=1&resize=350%2C200","width":350,"height":200},"classes":[]}],"pll_sync_post":[],"lang":"de","translations":{"de":9315,"en":7221},"_links":{"self":[{"href":"https:\/\/anythingtechnicallc.com\/index.php\/wp-json\/wp\/v2\/product\/9315","targetHints":{"allow":["GET"]}}],"collection":[{"href":"https:\/\/anythingtechnicallc.com\/index.php\/wp-json\/wp\/v2\/product"}],"about":[{"href":"https:\/\/anythingtechnicallc.com\/index.php\/wp-json\/wp\/v2\/types\/product"}],"replies":[{"embeddable":true,"href":"https:\/\/anythingtechnicallc.com\/index.php\/wp-json\/wp\/v2\/comments?post=9315"}],"wp:featuredmedia":[{"embeddable":true,"href":"https:\/\/anythingtechnicallc.com\/index.php\/wp-json\/wp\/v2\/media\/9314"}],"wp:attachment":[{"href":"https:\/\/anythingtechnicallc.com\/index.php\/wp-json\/wp\/v2\/media?parent=9315"}],"wp:term":[{"taxonomy":"product_brand","embeddable":true,"href":"https:\/\/anythingtechnicallc.com\/index.php\/wp-json\/wp\/v2\/product_brand?post=9315"},{"taxonomy":"product_cat","embeddable":true,"href":"https:\/\/anythingtechnicallc.com\/index.php\/wp-json\/wp\/v2\/product_cat?post=9315"},{"taxonomy":"product_tag","embeddable":true,"href":"https:\/\/anythingtechnicallc.com\/index.php\/wp-json\/wp\/v2\/product_tag?post=9315"}],"curies":[{"name":"wp","href":"https:\/\/api.w.org\/{rel}","templated":true}]}}