{"id":9321,"date":"2026-03-19T08:05:31","date_gmt":"2026-03-19T08:05:31","guid":{"rendered":"https:\/\/anythingtechnicallc.com\/?post_type=product&#038;p=9321"},"modified":"2026-03-19T08:05:32","modified_gmt":"2026-03-19T08:05:32","slug":"gebrauchter-sennheiser-hd-599-open-back-kopfhoerer-elfenbein","status":"publish","type":"product","link":"https:\/\/anythingtechnicallc.com\/index.php\/de\/product\/gebrauchter-sennheiser-hd-599-open-back-kopfhoerer-elfenbein\/","title":{"rendered":"Gebrauchter SENNHEISER HD 599 Open Back Kopfh\u00f6rer, Elfenbein"},"content":{"rendered":"<ul class=\"a-unordered-list a-vertical a-spacing-mini\">\n<li class=\"a-spacing-mini\"><span class=\"a-list-item\">Premium-Kopfh\u00f6rer mit offener Ohrmuschel und offener R\u00fcckseite: Audiophiler Klang kombiniert mit hochwertigem Design und Materialien.<\/span><\/li>\n<li class=\"a-spacing-mini\"><span class=\"a-list-item\">Der gepolsterte Kopfb\u00fcgel und die luxuri\u00f6sen, mit Velours bezogenen Ohrpolster sind perfekt f\u00fcr lange H\u00f6rsessions ohne Druck auf den Ohren.<\/span><\/li>\n<li class=\"a-spacing-mini\"><span class=\"a-list-item\">Mehrere Anschlussm\u00f6glichkeiten: Robustes, abnehmbares 3-Meter-Kabel und 6,3-Millimeter-Klinkenstecker und zus\u00e4tzliches, abnehmbares 1,2-Meter-Kabel mit 3,5-Millimeter-Klinkenstecker.<\/span><\/li>\n<li class=\"a-spacing-mini\"><span class=\"a-list-item\">Zeitloses Design: Elfenbeinfarbenes, mattes Finish zusammen mit den braunen N\u00e4hten des Kopfbandes und matten Metalldetails vermitteln Qualit\u00e4t auf den ersten Blick.<\/span><\/li>\n<li class=\"a-spacing-mini\"><span class=\"a-list-item\">Hochwertige Komponenten: Die von Sennheiser entwickelten Schallwandler verwenden Aluminium-Schwingspulen, die einen hohen Wirkungsgrad, eine hervorragende Dynamik und extrem geringe Verzerrungen bieten.<\/span><\/li>\n<li class=\"a-spacing-mini\"><span class=\"a-list-item\">Anschlusstechnologie: Verkabelt.<\/span><\/li>\n<li class=\"a-spacing-mini\"><span class=\"a-list-item\">Stromquellen-Typ: Batterie.<\/span><\/li>\n<\/ul>\n","protected":false},"excerpt":{"rendered":"<div id=\"btf_arenas\" class=\"celwidget\" data-feature-name=\"btf_arenas\" data-csa-c-type=\"widget\" data-csa-c-content-id=\"btf_arenas\" data-csa-c-slot-id=\"btf_arenas\" data-csa-c-asin=\"\" data-csa-c-is-in-initial-active-row=\"false\" data-csa-c-id=\"kinuwy-2ibukx-7lr9e0-tdkw7e\" data-cel-widget=\"btf_arenas\">\n<div id=\"productDescription_feature_div\" class=\"celwidget pd_rd_w-SCqvS pd_rd_r-9QYPFG85XFNQFH3YZ13W pd_rd_wg-SmuqF\" data-feature-name=\"productDescription\" data-csa-c-type=\"widget\" data-csa-c-content-id=\"productDescription\" data-csa-c-slot-id=\"productDescription_feature_div\" data-csa-c-asin=\"\" data-csa-c-is-in-initial-active-row=\"false\" data-csa-c-id=\"agai1x-5ccqp0-hq50j3-dvec3p\" data-cel-widget=\"productDescription_feature_div\">\n<div>\n<div id=\"productDescription_feature_div\" class=\"a-row feature\" data-feature-name=\"productDescription\" data-template-name=\"productDescription\" data-cel-widget=\"productDescription_feature_div\">\n<div id=\"productDescription\" class=\"a-section a-spacing-small\">\n<p>Der HD 599 ist ein offener Kopfh\u00f6rer, der mit der von Sennheiser entwickelten Schallwandlertechnologie ausgestattet ist und eine beeindruckend nat\u00fcrliche r\u00e4umliche Wiedergabe bietet. Als Kr\u00f6nung der 500er-Serie von Sennheiser bietet der Premium-Kopfh\u00f6rer in voller Gr\u00f6\u00dfe eine nahezu audiophile Klangqualit\u00e4t und einen au\u00dfergew\u00f6hnlichen Tragekomfort dank der gro\u00dfen Ohrmuscheln und der weichen, austauschbaren Ohrpolster. Der Kopfh\u00f6rer ist in einem unverwechselbaren Elfenbeinton gehalten, mit matten Metalldetails und einem braunen gen\u00e4hten Kopfband. Er ist eine gute Wahl f\u00fcr alle, die Unterhaltung mit anspruchsvollem Klang, Design und Verarbeitungsqualit\u00e4t genie\u00dfen m\u00f6chten.<\/p>\n<\/div>\n<\/div>\n<\/div>\n<\/div>\n<div id=\"renewedProgramDescriptionBtf_feature_div\" class=\"celwidget pd_rd_w-odT0K pd_rd_r-9QYPFG85XFNQFH3YZ13W pd_rd_wg-SmuqF\" data-feature-name=\"renewedProgramDescriptionBtf\" data-csa-c-type=\"widget\" data-csa-c-content-id=\"renewedProgramDescriptionBtf\" data-csa-c-slot-id=\"renewedProgramDescriptionBtf_feature_div\" data-csa-c-asin=\"\" data-csa-c-is-in-initial-active-row=\"false\" data-csa-c-id=\"h3kv4o-5mhg6q-tldpx4-es0kfc\" data-cel-widget=\"renewedProgramDescriptionBtf_feature_div\"><\/div>\n<\/div>\n<div id=\"postPurchaseSideSheet_MP_feature_div\" class=\"celwidget\" data-feature-name=\"postPurchaseSideSheet_MP\" data-csa-c-type=\"widget\" data-csa-c-content-id=\"postPurchaseSideSheet_MP\" data-csa-c-slot-id=\"postPurchaseSideSheet_MP_feature_div\" data-csa-c-asin=\"\" data-csa-c-is-in-initial-active-row=\"false\" data-csa-c-id=\"zcle0y-y9ntsu-q69w3b-vpwiwg\" data-cel-widget=\"postPurchaseSideSheet_MP_feature_div\"><\/div>\n<div id=\"HLCXComparisonWidget_after_ask-dp-search-3-T2\" class=\"celwidget\" data-feature-name=\"HLCXComparisonWidget_after_ask-dp-search-3-T2\" data-csa-c-type=\"widget\" data-csa-c-content-id=\"HLCXComparisonWidget_after_ask-dp-search-3-T2\" data-csa-c-slot-id=\"HLCXComparisonWidget_after_ask-dp-search-3-T2\" data-csa-c-asin=\"\" data-csa-c-is-in-initial-active-row=\"false\" data-csa-c-id=\"nzcctw-pb0e81-hn6o2v-fxz1hg\" data-cel-widget=\"HLCXComparisonWidget_after_ask-dp-search-3-T2\">\n<div id=\"sims-comparisonContainer_feature_div_11\" class=\"celwidget\" data-feature-name=\"sims-comparisonContainer\" data-csa-c-type=\"widget\" data-csa-c-content-id=\"sims-comparisonContainer\" data-csa-c-slot-id=\"sims-comparisonContainer_feature_div_11\" data-csa-c-asin=\"\" data-csa-c-is-in-initial-active-row=\"false\" data-csa-c-id=\"8rn0qc-lq0f3r-tczukv-fk2f9e\" data-cel-widget=\"sims-comparisonContainer_feature_div_11\"><\/div>\n<\/div>\n<div id=\"sims-discoveryAndInspiration_feature_div_01\" class=\"celwidget\" data-feature-name=\"sims-discoveryAndInspiration\" data-csa-c-type=\"widget\" data-csa-c-content-id=\"sims-discoveryAndInspiration\" data-csa-c-slot-id=\"sims-discoveryAndInspiration_feature_div_01\" data-csa-c-asin=\"\" data-csa-c-is-in-initial-active-row=\"false\" data-csa-c-id=\"3nvb60-yixo5u-70qbld-hrusad\" data-cel-widget=\"sims-discoveryAndInspiration_feature_div_01\">\n<div class=\"celwidget pd_rd_w-xaZAj content-id-amzn1.sym.ccb770a9-35d1-4af6-8af2-bcbd12656fbb pf_rd_p-ccb770a9-35d1-4af6-8af2-bcbd12656fbb pf_rd_r-9QYPFG85XFNQFH3YZ13W pd_rd_wg-Bnhmf pd_rd_r-4cfb1adc-bd72-42e9-80fc-a8eab706076f c-f\" data-csa-op-log-render=\"\" data-csa-c-content-id=\"amzn1.sym.ccb770a9-35d1-4af6-8af2-bcbd12656fbb\" data-csa-c-slot-id=\"discovery-and-inspiration-container-1\" data-csa-c-type=\"widget\" data-csa-c-painter=\"multi-brand-video-desktop-cards\" data-csa-c-id=\"b3mecf-mtrv63-74e4oo-scsti5\" data-cel-widget=\"multi-brand-video-desktop_DetailPage_0\">\n<div id=\"CardInstanceKZzBMZQWkin7buV-91rFVg\" class=\"_multi-brand-video-desktop_style_mbvContainer__2A_sC _multi-brand-video-desktop_MultiBrandVideoDesktop_mbv__R7us8\" data-props=\"{\" data-card-metrics-id=\"multi-brand-video-desktop_DetailPage_0\" data-mix-claimed=\"true\">\n<div class=\"a-section _multi-brand-video-desktop_MultiBrandVideoDesktop_desktopMbv__3t-V1\">\n<div class=\"a-begin a-carousel-container a-carousel-display-stretchyGoodness a-carousel-transition-slide _multi-brand-video-desktop_Carousel_carouselContainer__9vpf5 undefined a-carousel-initialized\" role=\"group\" data-a-carousel-options=\"{\" aria-roledescription=\"carousel\">\n<div class=\"a-row a-carousel-header-row a-size-medium _multi-brand-video-desktop_Carousel_carouselHeading__l5qNS undefined\"><\/div>\n<\/div>\n<\/div>\n<\/div>\n<\/div>\n<\/div>\n","protected":false},"featured_media":9320,"comment_status":"open","ping_status":"closed","template":"","meta":{"_et_pb_use_builder":"","_et_pb_old_content":"","_et_gb_content_width":""},"product_brand":[],"product_cat":[1372],"product_tag":[],"class_list":{"0":"post-9321","1":"product","2":"type-product","3":"status-publish","4":"has-post-thumbnail","6":"product_cat-elektronik","8":"first","9":"instock","10":"sale","11":"taxable","12":"shipping-taxable","13":"purchasable","14":"product-type-simple"},"exclude_global_add_ons":[],"addons":[],"jetpack-related-posts":[{"id":9312,"url":"https:\/\/anythingtechnicallc.com\/index.php\/de\/product\/erneuerter-sennheiser-hd-560-s-audiophiler-kopfhoerer-neutraler-frequenzgang-e-a-r-technologie-fuer-breites-klangfeld-offene-ohrmuscheln-abnehmbares-kabel-schwarz-hd-560s\/","url_meta":{"origin":9321,"position":0},"title":"Erneuerter Sennheiser HD 560 S Audiophiler Kopfh\u00f6rer &#8211; Neutraler Frequenzgang, E.A.R. Technologie f\u00fcr breites Klangfeld, offene Ohrmuscheln, abnehmbares Kabel, (Schwarz) (HD 560S)","date":"March 19, 2026","format":false,"excerpt":"Nat\u00fcrlicher und pr\u00e4ziser Referenzklang, der die Wahrheit in Ihrer Musik offenbart. Lebensechte Tiefe und Realismus dank offener Ohrmuscheln, die eine nat\u00fcrliche Ausbreitung der Schallwellen erm\u00f6glichen. Die neue Polymermischung der Wandlermembran bietet eine hochlineare Auslenkung f\u00fcr eine hervorragende Kontrolle. Breites Klangbild durch ergonomische akustische Verfeinerung (e.a.r.), die die Treiber in den\u2026","rel":"","context":"Similar post","img":{"alt_text":"","src":"https:\/\/i0.wp.com\/anythingtechnicallc.com\/wp-content\/uploads\/2025\/07\/61h-ouaQb1L._AC_SL1280_.jpg?fit=745%2C1200&ssl=1&resize=350%2C200","width":350,"height":200},"classes":[]},{"id":9318,"url":"https:\/\/anythingtechnicallc.com\/index.php\/de\/product\/erneuerter-sennheiser-hd-600-audiophiler-hi-res-kopfhoerer-mit-offener-rueckwand\/","url_meta":{"origin":9321,"position":1},"title":"Erneuerter Sennheiser HD 600 &#8211; Audiophiler Hi-Res-Kopfh\u00f6rer mit offener R\u00fcckwand","date":"March 19, 2026","format":false,"excerpt":"Leichte Aluminium-Schwingspulen sorgen f\u00fcr ein hervorragendes Einschwingverhalten.Spezifische Anwendungen f\u00fcr das Produkt : Professionell. Neodym-Eisenmagnete sorgen f\u00fcr optimale Empfindlichkeit und hervorragende Dynamik. Anspruchsvolles Design, elegantes Finish in Schwarz und Grau. Hochwertige Ohrmuschelabdeckungen aus offenem Metallgewebe. Abnehmbares, Kevlar-verst\u00e4rktes, sauerstofffreies Kupferkabel mit sehr geringem \u00dcbertragungsrauschen. Anschlusstechnologie : Kabelgebunden.","rel":"","context":"Similar post","img":{"alt_text":"","src":"https:\/\/i0.wp.com\/anythingtechnicallc.com\/wp-content\/uploads\/2025\/07\/71gVDPygNL._AC_SL1312_.jpg?fit=662%2C1200&ssl=1&resize=350%2C200","width":350,"height":200},"classes":[]},{"id":9139,"url":"https:\/\/anythingtechnicallc.com\/index.php\/de\/product\/audio-technica-ath-m50x-professioneller-studio-monitor-kopfhoerer-schwarz\/","url_meta":{"origin":9321,"position":2},"title":"Audio-Technica ATH-M50x Professioneller Studio-Monitor-Kopfh\u00f6rer, Schwarz","date":"March 19, 2026","format":false,"excerpt":"Von Top-Audio-Ingenieuren und Pro-Audio-Rezensenten gelobte klangliche Leistung. Propriet\u00e4re 45-Millimeter-Treiber mit gro\u00dfen \u00d6ffnungen, Seltenerdmagneten und kupferummantelten Aluminiumdraht-Schwingspulen. Au\u00dfergew\u00f6hnliche Klarheit \u00fcber einen erweiterten Frequenzbereich mit tiefer, pr\u00e4ziser Basswiedergabe. Das ohrumschlie\u00dfende Design schmiegt sich an die Ohren an und sorgt f\u00fcr eine hervorragende Schallisolierung in lauten Umgebungen. Um 90 Grad schwenkbare Ohrmuscheln f\u00fcr\u2026","rel":"","context":"Similar post","img":{"alt_text":"","src":"https:\/\/i0.wp.com\/anythingtechnicallc.com\/wp-content\/uploads\/2025\/02\/81v8UeBnyeL._AC_SL1500_.jpg?fit=603%2C1200&ssl=1&resize=350%2C200","width":350,"height":200},"classes":[]},{"id":8980,"url":"https:\/\/anythingtechnicallc.com\/index.php\/de\/product\/philips-fidelio-x2hr-over-the-ear-open-back-wired-headphone-50mm-drivers-schwarz-professioneller-studio-monitor-kopfhoerer-mit-abnehmbarem-kabel\/","url_meta":{"origin":9321,"position":3},"title":"PHILIPS Fidelio X2HR Over The Ear Open Back Wired Headphone 50mm Drivers- Schwarz Professioneller Studio Monitor Kopfh\u00f6rer mit abnehmbarem Kabel","date":"March 18, 2026","format":false,"excerpt":"Mit mehr als 50 Jahren Erfahrung in der Kopfh\u00f6rerakustik sind wir nach wie vor bestrebt, hohe Standards in Bezug auf Klang und Ergonomie zu gew\u00e4hrleisten. Deshalb arbeiten wir st\u00e4ndig an der Weiterentwicklung und Innovation unserer Produkte und integrieren Ihre Vorlieben und Erfahrungen in unsere charakteristischen Designs. Der Fidelio X2HR vereint\u2026","rel":"","context":"Similar post","img":{"alt_text":"","src":"https:\/\/i0.wp.com\/anythingtechnicallc.com\/wp-content\/uploads\/2024\/09\/51JL0AFHjfL._AC_SL1000_.jpg?fit=844%2C1000&ssl=1&resize=350%2C200","width":350,"height":200},"classes":[]},{"id":9735,"url":"https:\/\/anythingtechnicallc.com\/index.php\/de\/product\/gebrauchter-sennheiser-ie-400-pro-professioneller-in-ear-monitoring-kopfhoerer-klar\/","url_meta":{"origin":9321,"position":4},"title":"Gebrauchter Sennheiser IE 400 PRO Professioneller In-Ear-Monitoring-Kopfh\u00f6rer, klar","date":"March 24, 2026","format":false,"excerpt":"Erleben Sie Audio auf Profi-Niveau mit diesen In-Ear-Monitoren von Sennheiser, perfekt f\u00fcr Live-Auftritte. Erzielen Sie eine \u00fcberragende Ger\u00e4uschisolierung von bis zu 26 dB, die selbst in lauten Umgebungen einen kristallklaren Klang gew\u00e4hrleistet. Dieser robuste In-Ear-Kopfh\u00f6rer verf\u00fcgt \u00fcber einen breiten Frequenzgang von 6-19.000 Hz f\u00fcr detailreichen Klang. Die niedrige Impedanz des\u2026","rel":"","context":"Similar post","img":{"alt_text":"","src":"https:\/\/i0.wp.com\/anythingtechnicallc.com\/wp-content\/uploads\/2026\/03\/Sennheiser-IE-400-PRO-Professional-In-Ear-Monitoring-Headphones-Clear.jpg?fit=1200%2C1200&ssl=1&resize=350%2C200","width":350,"height":200},"classes":[]},{"id":9053,"url":"https:\/\/anythingtechnicallc.com\/index.php\/de\/product\/gebrauchter-kabelgebundener-shure-srh840a-over-ear-kopfhoerer-fuer-kritisches-abhoeren-und-monitoring-professionelles-headset-angepasster-frequenzgang-hervorragender-detaillierter-klang-verstellb\/","url_meta":{"origin":9321,"position":5},"title":"Gebrauchter kabelgebundener Shure SRH840A Over-Ear-Kopfh\u00f6rer f\u00fcr kritisches Abh\u00f6ren und Monitoring, professionelles Headset, angepasster Frequenzgang, hervorragender, detaillierter Klang, verstellbares und zusammenklappbares Design","date":"March 18, 2026","format":false,"excerpt":"NEUE & VERBESSERTE EIGENSCHAFTEN - Der neue SRH840A Critical Listening and Monitoring Professional Headphones wurde auf der gleichen Grundlage wie der SRH840 entwickelt und bietet erstklassigen, detaillierten Klang sowie ein neues Design und verbesserte Funktionen gegen\u00fcber dem alten SRH840. PREMIUM DETAILED SOUND - Erstklassiger, detaillierter Klang mit geringster harmonischer Verzerrung.\u2026","rel":"","context":"Similar post","img":{"alt_text":"","src":"https:\/\/i0.wp.com\/anythingtechnicallc.com\/wp-content\/uploads\/2024\/09\/71gG4pvy-VL._AC_SL1500_.jpg?fit=703%2C1200&ssl=1&resize=350%2C200","width":350,"height":200},"classes":[]}],"pll_sync_post":[],"lang":"de","translations":{"de":9321,"en":7225},"_links":{"self":[{"href":"https:\/\/anythingtechnicallc.com\/index.php\/wp-json\/wp\/v2\/product\/9321","targetHints":{"allow":["GET"]}}],"collection":[{"href":"https:\/\/anythingtechnicallc.com\/index.php\/wp-json\/wp\/v2\/product"}],"about":[{"href":"https:\/\/anythingtechnicallc.com\/index.php\/wp-json\/wp\/v2\/types\/product"}],"replies":[{"embeddable":true,"href":"https:\/\/anythingtechnicallc.com\/index.php\/wp-json\/wp\/v2\/comments?post=9321"}],"wp:featuredmedia":[{"embeddable":true,"href":"https:\/\/anythingtechnicallc.com\/index.php\/wp-json\/wp\/v2\/media\/9320"}],"wp:attachment":[{"href":"https:\/\/anythingtechnicallc.com\/index.php\/wp-json\/wp\/v2\/media?parent=9321"}],"wp:term":[{"taxonomy":"product_brand","embeddable":true,"href":"https:\/\/anythingtechnicallc.com\/index.php\/wp-json\/wp\/v2\/product_brand?post=9321"},{"taxonomy":"product_cat","embeddable":true,"href":"https:\/\/anythingtechnicallc.com\/index.php\/wp-json\/wp\/v2\/product_cat?post=9321"},{"taxonomy":"product_tag","embeddable":true,"href":"https:\/\/anythingtechnicallc.com\/index.php\/wp-json\/wp\/v2\/product_tag?post=9321"}],"curies":[{"name":"wp","href":"https:\/\/api.w.org\/{rel}","templated":true}]}}