{"id":9324,"date":"2026-03-19T08:06:51","date_gmt":"2026-03-19T08:06:51","guid":{"rendered":"https:\/\/anythingtechnicallc.com\/?post_type=product&#038;p=9324"},"modified":"2026-03-19T08:06:51","modified_gmt":"2026-03-19T08:06:51","slug":"apple-ipod-touch-16gb-blau-6thgeneration-mkh02ll-a-erneuert","status":"publish","type":"product","link":"https:\/\/anythingtechnicallc.com\/index.php\/de\/product\/apple-ipod-touch-16gb-blau-6thgeneration-mkh02ll-a-erneuert\/","title":{"rendered":"Apple iPod Touch 16GB Blau (6thGEneration) MKH02LL\/A (Erneuert)"},"content":{"rendered":"<ul class=\"a-unordered-list a-vertical a-spacing-mini\">\n<li class=\"a-spacing-mini\"><span class=\"a-list-item\">Erneuerte Produkte sehen aus und funktionieren wie neu. Diese gebrauchten Produkte wurden von qualifizierten Anbietern inspiziert und getestet, die in der Regel einen vollst\u00e4ndigen Diagnosetest, den Austausch aller defekten Teile und eine gr\u00fcndliche Reinigung durchf\u00fchren. Verpackung und Zubeh\u00f6r k\u00f6nnen generisch sein. Alle Produkte werden mit einer mindestens 90-t\u00e4gigen Garantie des Lieferanten geliefert.<\/span><\/li>\n<li class=\"a-spacing-mini\"><span class=\"a-list-item\">Brillantes 4-Zoll-Retina-Display mit Multi-Touch IPS-Technologie<\/span><\/li>\n<li class=\"a-spacing-mini\"><span class=\"a-list-item\">FaceTime Kamera auf der Vorderseite mit 1,2MP Fotos &amp; 720p HD Videoaufnahme.<\/span><\/li>\n<li class=\"a-spacing-mini\"><span class=\"a-list-item\">iOS 7 Funktionen &#8211; Siri, Apple Designed Maps, integriertes Facebook, gemeinsame Fotostreams, Passbook &amp; mehr<\/span><\/li>\n<\/ul>\n","protected":false},"excerpt":{"rendered":"<ul class=\"a-unordered-list a-vertical a-spacing-mini\">\n<li class=\"a-spacing-mini\"><span class=\"a-list-item\">Erneuerte Produkte sehen aus und funktionieren wie neu. Diese gebrauchten Produkte wurden von qualifizierten Anbietern inspiziert und getestet, die in der Regel einen vollst\u00e4ndigen Diagnosetest, den Austausch aller defekten Teile und eine gr\u00fcndliche Reinigung durchf\u00fchren. Verpackung und Zubeh\u00f6r k\u00f6nnen generisch sein. Alle Produkte werden mit einer mindestens 90-t\u00e4gigen Garantie des Lieferanten geliefert.<\/span><\/li>\n<li class=\"a-spacing-mini\"><span class=\"a-list-item\">Brillantes 4-Zoll-Retina-Display mit Multi-Touch IPS-Technologie<\/span><\/li>\n<li class=\"a-spacing-mini\"><span class=\"a-list-item\">FaceTime Kamera auf der Vorderseite mit 1,2MP Fotos &amp; 720p HD Videoaufnahme.<\/span><\/li>\n<li class=\"a-spacing-mini\"><span class=\"a-list-item\">iOS 7 Funktionen &#8211; Siri, Apple Designed Maps, integriertes Facebook, gemeinsame Fotostreams, Passbook &amp; mehr<\/span><\/li>\n<\/ul>\n","protected":false},"featured_media":9323,"comment_status":"open","ping_status":"closed","template":"","meta":{"_et_pb_use_builder":"","_et_pb_old_content":"","_et_gb_content_width":""},"product_brand":[],"product_cat":[1372],"product_tag":[],"class_list":{"0":"post-9324","1":"product","2":"type-product","3":"status-publish","4":"has-post-thumbnail","6":"product_cat-elektronik","8":"first","9":"instock","10":"sale","11":"taxable","12":"shipping-taxable","13":"purchasable","14":"product-type-simple"},"exclude_global_add_ons":[],"addons":[],"jetpack-related-posts":[{"id":9327,"url":"https:\/\/anythingtechnicallc.com\/index.php\/de\/product\/apple-ipod-touch-32gb-5-generation-space-grau-erneuert\/","url_meta":{"origin":9324,"position":0},"title":"Apple iPod touch 32GB (5. Generation) &#8211; Space Grau (Erneuert)","date":"March 19, 2026","format":false,"excerpt":"Erneuerte Produkte sehen aus und funktionieren wie neu. Diese gebrauchten Produkte wurden von qualifizierten Anbietern inspiziert und getestet, die in der Regel einen vollst\u00e4ndigen Diagnosetest, den Austausch aller defekten Teile und eine gr\u00fcndliche Reinigung durchf\u00fchren. Verpackung und Zubeh\u00f6r k\u00f6nnen generisch sein. Alle Produkte werden mit einer mindestens 90-t\u00e4gigen Garantie des\u2026","rel":"","context":"Similar post","img":{"alt_text":"","src":"https:\/\/i0.wp.com\/anythingtechnicallc.com\/wp-content\/uploads\/2025\/07\/51zoQYR95ML._AC_SL1200_.jpg?fit=452%2C1200&ssl=1&resize=350%2C200","width":350,"height":200},"classes":[]},{"id":9867,"url":"https:\/\/anythingtechnicallc.com\/index.php\/de\/product\/gebrauchte-original-bose-quietcomfort-qc-ultra-ohrstoepsel-1-generation-ersatzteile-links-rechts-ladekoffer\/","url_meta":{"origin":9324,"position":1},"title":"Gebrauchte Original Bose QuietComfort QC Ultra Ohrst\u00f6psel (1. Generation) &#8211; Ersatzteile links \/ rechts \/ Ladekoffer","date":"April 8, 2026","format":false,"excerpt":"W\u00e4hlen Sie Ihr Ersatzteil: W\u00e4hlen Sie aus den folgenden hochwertigen, gebrauchten Originalteilen: Nur linker Ohrh\u00f6rer, Nur rechter Ohrh\u00f6rer, Original-Ladeetui, Hinweis an den K\u00e4ufer: Bitte hinterlassen Sie w\u00e4hrend des Bestellvorgangs eine Nachricht\/Notiz, in der Sie Ihre bevorzugte Farbe (Schwarz, Wei\u00dfer Rauch oder Mondsteinblau) und das gew\u00fcnschte Teil (Links, Rechts oder Etui)\u2026","rel":"","context":"Similar post","img":{"alt_text":"","src":"https:\/\/i0.wp.com\/anythingtechnicallc.com\/wp-content\/uploads\/2026\/03\/Used-Original-Bose-QuietComfort-QC-Ultra-Earbuds-1st-Generation-\u2014-Replacement-Parts.jpg?fit=991%2C1200&ssl=1&resize=350%2C200","width":350,"height":200},"classes":[]},{"id":9720,"url":"https:\/\/anythingtechnicallc.com\/index.php\/de\/product\/erneuerte-bose-ultra-open-earbuds-mit-immersive-audio-linkes-rechtes-ohr-schwarz\/","url_meta":{"origin":9324,"position":2},"title":"Erneuerte Bose Ultra Open Earbuds mit Immersive Audio, linkes \/ rechtes Ohr Schwarz","date":"March 24, 2026","format":false,"excerpt":"Einzelner Ersatz-Ohrh\u00f6rer (links oder rechts w\u00e4hlbar) Stellen Sie Ihr H\u00f6rerlebnis mit diesem erneuerten Bose Ultra Open Earbud wieder her, der als perfekter Ersatz f\u00fcr ein verlorenes oder besch\u00e4digtes Ger\u00e4t entwickelt wurde. Ausgestattet mit der fortschrittlichen Immersive Audio Technologie von Bose liefern diese offenen Ohrh\u00f6rer einen satten, r\u00e4umlichen Klang, ohne dass\u2026","rel":"","context":"Similar post","img":{"alt_text":"","src":"https:\/\/i0.wp.com\/anythingtechnicallc.com\/wp-content\/uploads\/2026\/02\/Bose-Ultra-Open-One-Ear.jpg?fit=900%2C1200&ssl=1&resize=350%2C200","width":350,"height":200},"classes":[]},{"id":9124,"url":"https:\/\/anythingtechnicallc.com\/index.php\/de\/product\/cisco-8841-sip-voip-telefon-cp-8841-verlaengert\/","url_meta":{"origin":9324,"position":3},"title":"Cisco 8841 SIP VoIP-Telefon &#8211; CP-8841 (Verl\u00e4ngert)","date":"March 19, 2026","format":false,"excerpt":"Dieses Certified Refurbished-Produkt wurde getestet und zertifiziert, damit es aussieht und funktioniert wie neu. Der Refurbishing-Prozess umfasst Funktionstests, Grundreinigung, Inspektion und Neuverpackung. Das Produkt wird mit allen relevanten Zubeh\u00f6rteilen und einer Mindestgarantie von 90 Tagen geliefert und kann in einem generischen Karton geliefert werden. Nur ausgew\u00e4hlte Verk\u00e4ufer, die einen hohen\u2026","rel":"","context":"Similar post","img":{"alt_text":"","src":"https:\/\/i0.wp.com\/anythingtechnicallc.com\/wp-content\/uploads\/2025\/02\/61xqehxg2lL._AC_SL1000_.jpg?fit=964%2C871&ssl=1&resize=350%2C200","width":350,"height":200},"classes":[]},{"id":9191,"url":"https:\/\/anythingtechnicallc.com\/index.php\/de\/product\/bose-home-speaker-500-intelligenter-bluetooth-lautsprecher-mit-integrierter-alexa-sprachsteuerung-schwarz-erneuert\/","url_meta":{"origin":9324,"position":4},"title":"Bose Home Speaker 500: Intelligenter Bluetooth-Lautsprecher mit integrierter Alexa-Sprachsteuerung, Schwarz (erneuert)","date":"March 19, 2026","format":false,"excerpt":"SOUND PERFORMANCE: F\u00fcllen Sie jeden Raum mit beeindruckendem Stereosound von Wand zu Wand aus einem einzigen Lautsprecher. BUILT-IN-ALEXA: Amazon Alexa und Google Assistant sind in diesen intelligenten Lautsprecher integriert und erm\u00f6glichen eine freih\u00e4ndige Sprachsteuerung. Und ein ger\u00e4uschunterdr\u00fcckendes Mikrofonsystem lauscht in alle Richtungen auf Ihre Stimme. KONNEKTIVIT\u00c4T: Koppeln Sie Ihr Ger\u00e4t\u2026","rel":"","context":"Similar post","img":{"alt_text":"","src":"https:\/\/i0.wp.com\/anythingtechnicallc.com\/wp-content\/uploads\/2025\/02\/A1xlwUXvbCL._AC_SL1500_.jpg?fit=983%2C1200&ssl=1&resize=350%2C200","width":350,"height":200},"classes":[]},{"id":9699,"url":"https:\/\/anythingtechnicallc.com\/index.php\/de\/product\/gebraucht-rang-a-microsoft-surface-pro-4-tablet-pc-123-2736-x-1824-touchscreen-notebook-core-i5-6300u-4gb-ram-128gb-ssd-cam-windows-11-pro\/","url_meta":{"origin":9324,"position":5},"title":"Gebraucht Rang A Microsoft Surface Pro 4 Tablet PC, 12,3&#8243; (2736 X 1824) Touchscreen Notebook, Core i5-6300U, 4GB RAM, 128GB SSD, CAM, Windows 11 Pro","date":"March 24, 2026","format":false,"excerpt":"Prozessor---Microsoft Surface Pro 4 Tablet mit Core i5-6300U , 4GB RAM 128GB SSD Laufwerk. Display ---12,3-Zoll PixelSense Touchscreen-Display; 2736 x 1824 Aufl\u00f6sung, Stereo-Lautsprecher mit Dolby Audio-verst\u00e4rktem Sound. Anschl\u00fcsse -- Full-size USB 3. 0; microSD-Kartenleser; Kopfh\u00f6reranschluss; Mini DisplayPort; Cover Port; Ladeanschluss, Kamera: 5MP-Kamera auf der Vorderseite und 8MP-Kamera auf der R\u00fcckseite\u2026","rel":"","context":"Similar post","img":{"alt_text":"","src":"https:\/\/i0.wp.com\/anythingtechnicallc.com\/wp-content\/uploads\/2026\/02\/Surface-Pro-4-i5.webp?fit=1200%2C1200&ssl=1&resize=350%2C200","width":350,"height":200},"classes":[]}],"pll_sync_post":[],"lang":"de","translations":{"de":9324,"en":7246},"_links":{"self":[{"href":"https:\/\/anythingtechnicallc.com\/index.php\/wp-json\/wp\/v2\/product\/9324","targetHints":{"allow":["GET"]}}],"collection":[{"href":"https:\/\/anythingtechnicallc.com\/index.php\/wp-json\/wp\/v2\/product"}],"about":[{"href":"https:\/\/anythingtechnicallc.com\/index.php\/wp-json\/wp\/v2\/types\/product"}],"replies":[{"embeddable":true,"href":"https:\/\/anythingtechnicallc.com\/index.php\/wp-json\/wp\/v2\/comments?post=9324"}],"wp:featuredmedia":[{"embeddable":true,"href":"https:\/\/anythingtechnicallc.com\/index.php\/wp-json\/wp\/v2\/media\/9323"}],"wp:attachment":[{"href":"https:\/\/anythingtechnicallc.com\/index.php\/wp-json\/wp\/v2\/media?parent=9324"}],"wp:term":[{"taxonomy":"product_brand","embeddable":true,"href":"https:\/\/anythingtechnicallc.com\/index.php\/wp-json\/wp\/v2\/product_brand?post=9324"},{"taxonomy":"product_cat","embeddable":true,"href":"https:\/\/anythingtechnicallc.com\/index.php\/wp-json\/wp\/v2\/product_cat?post=9324"},{"taxonomy":"product_tag","embeddable":true,"href":"https:\/\/anythingtechnicallc.com\/index.php\/wp-json\/wp\/v2\/product_tag?post=9324"}],"curies":[{"name":"wp","href":"https:\/\/api.w.org\/{rel}","templated":true}]}}