{"id":9327,"date":"2026-03-19T08:07:33","date_gmt":"2026-03-19T08:07:33","guid":{"rendered":"https:\/\/anythingtechnicallc.com\/?post_type=product&#038;p=9327"},"modified":"2026-03-19T08:07:33","modified_gmt":"2026-03-19T08:07:33","slug":"apple-ipod-touch-32gb-5-generation-space-grau-erneuert","status":"publish","type":"product","link":"https:\/\/anythingtechnicallc.com\/index.php\/de\/product\/apple-ipod-touch-32gb-5-generation-space-grau-erneuert\/","title":{"rendered":"Apple iPod touch 32GB (5. Generation) &#8211; Space Grau (Erneuert)"},"content":{"rendered":"<ul class=\"a-unordered-list a-vertical a-spacing-mini\">\n<li><span class=\"a-list-item\">Erneuerte Produkte sehen aus und funktionieren wie neu. Diese gebrauchten Produkte wurden von qualifizierten Anbietern inspiziert und getestet, die in der Regel einen vollst\u00e4ndigen Diagnosetest, den Austausch aller defekten Teile und eine gr\u00fcndliche Reinigung durchf\u00fchren. Verpackung und Zubeh\u00f6r k\u00f6nnen generisch sein. Alle Produkte werden mit einer mindestens 90-t\u00e4gigen Garantie des Lieferanten geliefert.<\/span><\/li>\n<li class=\"a-spacing-mini\"><span class=\"a-list-item\">iOS 7 Funktionen &#8211; Siri, Apple Designed Maps, integriertes Facebook, gemeinsame Fotostreams, Passbook &amp; mehr.<\/span><\/li>\n<li class=\"a-spacing-mini\"><span class=\"a-list-item\">FaceTime Kamera auf der Vorderseite mit 1,2MP Fotos und 720p HD-Videoaufnahmen.<\/span><\/li>\n<\/ul>\n","protected":false},"excerpt":{"rendered":"<ul class=\"a-unordered-list a-vertical a-spacing-mini\">\n<li><span class=\"a-list-item\">Erneuerte Produkte sehen aus und funktionieren wie neu. Diese gebrauchten Produkte wurden von qualifizierten Anbietern inspiziert und getestet, die in der Regel einen vollst\u00e4ndigen Diagnosetest, den Austausch aller defekten Teile und eine gr\u00fcndliche Reinigung durchf\u00fchren. Verpackung und Zubeh\u00f6r k\u00f6nnen generisch sein. Alle Produkte werden mit einer mindestens 90-t\u00e4gigen Garantie des Lieferanten geliefert.<\/span><\/li>\n<li class=\"a-spacing-mini\"><span class=\"a-list-item\">iOS 7 Funktionen &#8211; Siri, Apple Designed Maps, integriertes Facebook, gemeinsame Fotostreams, Passbook &amp; mehr.<\/span><\/li>\n<li class=\"a-spacing-mini\"><span class=\"a-list-item\">FaceTime Kamera auf der Vorderseite mit 1,2MP Fotos und 720p HD-Videoaufnahmen.<\/span><\/li>\n<\/ul>\n","protected":false},"featured_media":9326,"comment_status":"open","ping_status":"closed","template":"","meta":{"_et_pb_use_builder":"","_et_pb_old_content":"","_et_gb_content_width":""},"product_brand":[],"product_cat":[1372],"product_tag":[],"class_list":{"0":"post-9327","1":"product","2":"type-product","3":"status-publish","4":"has-post-thumbnail","6":"product_cat-elektronik","8":"first","9":"instock","10":"sale","11":"taxable","12":"shipping-taxable","13":"purchasable","14":"product-type-simple"},"exclude_global_add_ons":[],"addons":[],"jetpack-related-posts":[{"id":9324,"url":"https:\/\/anythingtechnicallc.com\/index.php\/de\/product\/apple-ipod-touch-16gb-blau-6thgeneration-mkh02ll-a-erneuert\/","url_meta":{"origin":9327,"position":0},"title":"Apple iPod Touch 16GB Blau (6thGEneration) MKH02LL\/A (Erneuert)","date":"March 19, 2026","format":false,"excerpt":"Erneuerte Produkte sehen aus und funktionieren wie neu. Diese gebrauchten Produkte wurden von qualifizierten Anbietern inspiziert und getestet, die in der Regel einen vollst\u00e4ndigen Diagnosetest, den Austausch aller defekten Teile und eine gr\u00fcndliche Reinigung durchf\u00fchren. Verpackung und Zubeh\u00f6r k\u00f6nnen generisch sein. Alle Produkte werden mit einer mindestens 90-t\u00e4gigen Garantie des\u2026","rel":"","context":"Similar post","img":{"alt_text":"","src":"https:\/\/i0.wp.com\/anythingtechnicallc.com\/wp-content\/uploads\/2025\/07\/61JWPVZhh2L._AC_SL1200_.jpg?fit=578%2C1198&ssl=1&resize=350%2C200","width":350,"height":200},"classes":[]},{"id":9895,"url":"https:\/\/anythingtechnicallc.com\/index.php\/de\/product\/apple-iphone-12-64gb-blau-vollstaendig-freigeschaltet-erneuert-us-version\/","url_meta":{"origin":9327,"position":1},"title":"Apple iPhone 12, 64GB, Blau &#8211; Vollst\u00e4ndig freigeschaltet (Erneuert) US Version","date":"April 15, 2026","format":false,"excerpt":"Das Apple iPhone 12 verf\u00fcgt \u00fcber ein 6,1 Zoll gro\u00dfes OLED-Display, den 5nm Apple A14 Bionic Prozessor und eine Dual-Kamera mit gro\u00dfem Sensor. 5G und Face ID geh\u00f6ren ebenso zur Standardausstattung wie die Unterst\u00fctzung von True Tone f\u00fcr die Anpassung des Wei\u00dfabgleichs an das Umgebungslicht und die Unterst\u00fctzung von Wide\u2026","rel":"","context":"Similar post","img":{"alt_text":"","src":"https:\/\/i0.wp.com\/anythingtechnicallc.com\/wp-content\/uploads\/2026\/04\/Apple-iPhone-12-64GB-Blue-Unlocked-Renewed.jpg?fit=900%2C1200&ssl=1&resize=350%2C200","width":350,"height":200},"classes":[]},{"id":9892,"url":"https:\/\/anythingtechnicallc.com\/index.php\/de\/product\/apple-iphone-12-64gb-schwarz-vollstaendig-freigeschaltet-erneuert-us-version\/","url_meta":{"origin":9327,"position":2},"title":"Apple iPhone 12, 64GB, Schwarz &#8211; Vollst\u00e4ndig freigeschaltet (Erneuert) US Version","date":"April 15, 2026","format":false,"excerpt":"Das Apple iPhone 12 verf\u00fcgt \u00fcber ein 6,1 Zoll gro\u00dfes OLED-Display, den 5nm Apple A14 Bionic Prozessor und eine Dual-Kamera mit gro\u00dfem Sensor. 5G und Face ID geh\u00f6ren ebenso zur Standardausstattung wie die Unterst\u00fctzung von True Tone f\u00fcr die Anpassung des Wei\u00dfabgleichs an das Umgebungslicht und die Unterst\u00fctzung von Wide\u2026","rel":"","context":"Similar post","img":{"alt_text":"","src":"https:\/\/i0.wp.com\/anythingtechnicallc.com\/wp-content\/uploads\/2026\/04\/Apple-iPhone-12-64GB-Black-Fully-Unlocked-Renewed.jpg?fit=900%2C1200&ssl=1&resize=350%2C200","width":350,"height":200},"classes":[]},{"id":9867,"url":"https:\/\/anythingtechnicallc.com\/index.php\/de\/product\/gebrauchte-original-bose-quietcomfort-qc-ultra-ohrstoepsel-1-generation-ersatzteile-links-rechts-ladekoffer\/","url_meta":{"origin":9327,"position":3},"title":"Gebrauchte Original Bose QuietComfort QC Ultra Ohrst\u00f6psel (1. Generation) &#8211; Ersatzteile links \/ rechts \/ Ladekoffer","date":"April 8, 2026","format":false,"excerpt":"W\u00e4hlen Sie Ihr Ersatzteil: W\u00e4hlen Sie aus den folgenden hochwertigen, gebrauchten Originalteilen: Nur linker Ohrh\u00f6rer, Nur rechter Ohrh\u00f6rer, Original-Ladeetui, Hinweis an den K\u00e4ufer: Bitte hinterlassen Sie w\u00e4hrend des Bestellvorgangs eine Nachricht\/Notiz, in der Sie Ihre bevorzugte Farbe (Schwarz, Wei\u00dfer Rauch oder Mondsteinblau) und das gew\u00fcnschte Teil (Links, Rechts oder Etui)\u2026","rel":"","context":"Similar post","img":{"alt_text":"","src":"https:\/\/i0.wp.com\/anythingtechnicallc.com\/wp-content\/uploads\/2026\/03\/Used-Original-Bose-QuietComfort-QC-Ultra-Earbuds-1st-Generation-\u2014-Replacement-Parts.jpg?fit=991%2C1200&ssl=1&resize=350%2C200","width":350,"height":200},"classes":[]},{"id":9720,"url":"https:\/\/anythingtechnicallc.com\/index.php\/de\/product\/erneuerte-bose-ultra-open-earbuds-mit-immersive-audio-linkes-rechtes-ohr-schwarz\/","url_meta":{"origin":9327,"position":4},"title":"Erneuerte Bose Ultra Open Earbuds mit Immersive Audio, linkes \/ rechtes Ohr Schwarz","date":"March 24, 2026","format":false,"excerpt":"Einzelner Ersatz-Ohrh\u00f6rer (links oder rechts w\u00e4hlbar) Stellen Sie Ihr H\u00f6rerlebnis mit diesem erneuerten Bose Ultra Open Earbud wieder her, der als perfekter Ersatz f\u00fcr ein verlorenes oder besch\u00e4digtes Ger\u00e4t entwickelt wurde. Ausgestattet mit der fortschrittlichen Immersive Audio Technologie von Bose liefern diese offenen Ohrh\u00f6rer einen satten, r\u00e4umlichen Klang, ohne dass\u2026","rel":"","context":"Similar post","img":{"alt_text":"","src":"https:\/\/i0.wp.com\/anythingtechnicallc.com\/wp-content\/uploads\/2026\/02\/Bose-Ultra-Open-One-Ear.jpg?fit=900%2C1200&ssl=1&resize=350%2C200","width":350,"height":200},"classes":[]},{"id":9124,"url":"https:\/\/anythingtechnicallc.com\/index.php\/de\/product\/cisco-8841-sip-voip-telefon-cp-8841-verlaengert\/","url_meta":{"origin":9327,"position":5},"title":"Cisco 8841 SIP VoIP-Telefon &#8211; CP-8841 (Verl\u00e4ngert)","date":"March 19, 2026","format":false,"excerpt":"Dieses Certified Refurbished-Produkt wurde getestet und zertifiziert, damit es aussieht und funktioniert wie neu. Der Refurbishing-Prozess umfasst Funktionstests, Grundreinigung, Inspektion und Neuverpackung. Das Produkt wird mit allen relevanten Zubeh\u00f6rteilen und einer Mindestgarantie von 90 Tagen geliefert und kann in einem generischen Karton geliefert werden. Nur ausgew\u00e4hlte Verk\u00e4ufer, die einen hohen\u2026","rel":"","context":"Similar post","img":{"alt_text":"","src":"https:\/\/i0.wp.com\/anythingtechnicallc.com\/wp-content\/uploads\/2025\/02\/61xqehxg2lL._AC_SL1000_.jpg?fit=964%2C871&ssl=1&resize=350%2C200","width":350,"height":200},"classes":[]}],"pll_sync_post":[],"lang":"de","translations":{"de":9327,"en":7248},"_links":{"self":[{"href":"https:\/\/anythingtechnicallc.com\/index.php\/wp-json\/wp\/v2\/product\/9327","targetHints":{"allow":["GET"]}}],"collection":[{"href":"https:\/\/anythingtechnicallc.com\/index.php\/wp-json\/wp\/v2\/product"}],"about":[{"href":"https:\/\/anythingtechnicallc.com\/index.php\/wp-json\/wp\/v2\/types\/product"}],"replies":[{"embeddable":true,"href":"https:\/\/anythingtechnicallc.com\/index.php\/wp-json\/wp\/v2\/comments?post=9327"}],"wp:featuredmedia":[{"embeddable":true,"href":"https:\/\/anythingtechnicallc.com\/index.php\/wp-json\/wp\/v2\/media\/9326"}],"wp:attachment":[{"href":"https:\/\/anythingtechnicallc.com\/index.php\/wp-json\/wp\/v2\/media?parent=9327"}],"wp:term":[{"taxonomy":"product_brand","embeddable":true,"href":"https:\/\/anythingtechnicallc.com\/index.php\/wp-json\/wp\/v2\/product_brand?post=9327"},{"taxonomy":"product_cat","embeddable":true,"href":"https:\/\/anythingtechnicallc.com\/index.php\/wp-json\/wp\/v2\/product_cat?post=9327"},{"taxonomy":"product_tag","embeddable":true,"href":"https:\/\/anythingtechnicallc.com\/index.php\/wp-json\/wp\/v2\/product_tag?post=9327"}],"curies":[{"name":"wp","href":"https:\/\/api.w.org\/{rel}","templated":true}]}}