{"id":9334,"date":"2026-03-19T08:09:09","date_gmt":"2026-03-19T08:09:09","guid":{"rendered":"https:\/\/anythingtechnicallc.com\/?post_type=product&#038;p=9334"},"modified":"2026-03-19T08:09:10","modified_gmt":"2026-03-19T08:09:10","slug":"apple-ipod-nano-16gb-space-grau-7-generation-erneuert-2","status":"publish","type":"product","link":"https:\/\/anythingtechnicallc.com\/index.php\/de\/product\/apple-ipod-nano-16gb-space-grau-7-generation-erneuert-2\/","title":{"rendered":"Apple iPod nano 16GB Space Grau (7. Generation) (Erneuert)"},"content":{"rendered":"<div id=\"productDescription_feature_div\" class=\"celwidget pd_rd_w-c0vBq pd_rd_r-25XH13VF8D5D8QG13KHT pd_rd_wg-b8SZW\" data-feature-name=\"productDescription\" data-csa-c-type=\"widget\" data-csa-c-content-id=\"productDescription\" data-csa-c-slot-id=\"productDescription_feature_div\" data-csa-c-asin=\"\" data-csa-c-is-in-initial-active-row=\"false\" data-csa-c-id=\"g5347y-1gyj0p-4md9ya-ibudgv\" data-cel-widget=\"productDescription_feature_div\">\n<div>\n<div id=\"productDescription_feature_div\" class=\"a-row feature\" data-feature-name=\"productDescription\" data-template-name=\"productDescription\" data-cel-widget=\"productDescription_feature_div\">\n<div id=\"productDescription\" class=\"a-section a-spacing-small\">\n<p>Apple beschreibt ihn als den &#8220;d\u00fcnnsten iPod aller Zeiten&#8221;. Er ist 38% d\u00fcnner (5,4 mm) als der Nano, den er ersetzt (8,78 mm), und bietet die M\u00f6glichkeit, kabellose Bluetooth 4.0 Headsets, Lautsprecher und andere Ger\u00e4te (wie z.B. Herzfrequenzmesser) zu verwenden. Es enth\u00e4lt weiterhin die Nike+iPod Fitness-Option sowie einen FM-Radio-Tuner, der \u00fcber Kopfh\u00f6rer oder eine Stereobuchse funktioniert. Die 7. Generation verf\u00fcgt \u00fcber ein 2,5 Zoll gro\u00dfes Display mit 432&#215;240 Pixeln und 202 PPI, Bluetooth 4.0 (mit Unterst\u00fctzung f\u00fcr NIKE+iPod Drahtlos-Systeme) und einen Lightning-Anschluss, der den urspr\u00fcnglichen 30-poligen Dock-Anschluss ersetzt. Obwohl seine Software der iOS-Benutzeroberfl\u00e4che \u00e4hnelt, handelt es sich nicht um ein iOS-Ger\u00e4t. Die aktuelle und endg\u00fcltige Version der iPod-Software f\u00fcr dieses Ger\u00e4t ist 1.0.4 f\u00fcr das urspr\u00fcngliche Modell und 1.1.2 f\u00fcr das Aktualisierungsmodell von Mitte 2015.<\/p>\n<\/div>\n<\/div>\n<\/div>\n<\/div>\n<div id=\"renewedProgramDescriptionBtf_feature_div\" class=\"celwidget pd_rd_w-GVfKB pd_rd_r-25XH13VF8D5D8QG13KHT pd_rd_wg-b8SZW\" data-feature-name=\"renewedProgramDescriptionBtf\" data-csa-c-type=\"widget\" data-csa-c-content-id=\"renewedProgramDescriptionBtf\" data-csa-c-slot-id=\"renewedProgramDescriptionBtf_feature_div\" data-csa-c-asin=\"\" data-csa-c-is-in-initial-active-row=\"false\" data-csa-c-id=\"kym5l9-m58vwu-877pho-rp5jmm\" data-cel-widget=\"renewedProgramDescriptionBtf_feature_div\">\n<div class=\"renewedOfferConsistency\">\n<div class=\"RENEWED_TIER_2_offerConsistency renewedOfferConsistencyIndex_0\">\n<div id=\"RENEWED_TIER_2_renewedProgramDescriptionBtfSection\" class=\"a-section a-spacing-medium a-spacing-top-base\"><\/div>\n<\/div>\n<\/div>\n<\/div>\n","protected":false},"excerpt":{"rendered":"<div id=\"productDescription_feature_div\" class=\"celwidget pd_rd_w-c0vBq pd_rd_r-25XH13VF8D5D8QG13KHT pd_rd_wg-b8SZW\" data-feature-name=\"productDescription\" data-csa-c-type=\"widget\" data-csa-c-content-id=\"productDescription\" data-csa-c-slot-id=\"productDescription_feature_div\" data-csa-c-asin=\"\" data-csa-c-is-in-initial-active-row=\"false\" data-csa-c-id=\"g5347y-1gyj0p-4md9ya-ibudgv\" data-cel-widget=\"productDescription_feature_div\">\n<div>\n<div id=\"productDescription_feature_div\" class=\"a-row feature\" data-feature-name=\"productDescription\" data-template-name=\"productDescription\" data-cel-widget=\"productDescription_feature_div\">\n<div id=\"productDescription\" class=\"a-section a-spacing-small\">\n<p>Apple beschreibt ihn als den &#8220;d\u00fcnnsten iPod aller Zeiten&#8221;. Er ist 38% d\u00fcnner (5,4 mm) als der Nano, den er ersetzt (8,78 mm), und bietet die M\u00f6glichkeit, kabellose Bluetooth 4.0 Headsets, Lautsprecher und andere Ger\u00e4te (wie z.B. Herzfrequenzmesser) zu verwenden. Es enth\u00e4lt weiterhin die Nike+iPod Fitness-Option sowie einen FM-Radio-Tuner, der \u00fcber Kopfh\u00f6rer oder eine Stereobuchse funktioniert. Die 7. Generation verf\u00fcgt \u00fcber ein 2,5 Zoll gro\u00dfes Display mit 432&#215;240 Pixeln und 202 PPI, Bluetooth 4.0 (mit Unterst\u00fctzung f\u00fcr NIKE+iPod Drahtlos-Systeme) und einen Lightning-Anschluss, der den urspr\u00fcnglichen 30-poligen Dock-Anschluss ersetzt. Obwohl seine Software der iOS-Benutzeroberfl\u00e4che \u00e4hnelt, handelt es sich nicht um ein iOS-Ger\u00e4t. Die aktuelle und endg\u00fcltige Version der iPod Software f\u00fcr dieses Ger\u00e4t ist 1.0.4 f\u00fcr das erste Modell und 1.1.2 f\u00fcr das Refresh-Modell von Mitte 2015.<\/p>\n<\/div>\n<\/div>\n<\/div>\n<\/div>\n<div id=\"renewedProgramDescriptionBtf_feature_div\" class=\"celwidget pd_rd_w-GVfKB pd_rd_r-25XH13VF8D5D8QG13KHT pd_rd_wg-b8SZW\" data-feature-name=\"renewedProgramDescriptionBtf\" data-csa-c-type=\"widget\" data-csa-c-content-id=\"renewedProgramDescriptionBtf\" data-csa-c-slot-id=\"renewedProgramDescriptionBtf_feature_div\" data-csa-c-asin=\"\" data-csa-c-is-in-initial-active-row=\"false\" data-csa-c-id=\"kym5l9-m58vwu-877pho-rp5jmm\" data-cel-widget=\"renewedProgramDescriptionBtf_feature_div\">\n<div class=\"renewedOfferConsistency\">\n<div class=\"RENEWED_TIER_2_offerConsistency renewedOfferConsistencyIndex_0\">\n<div id=\"RENEWED_TIER_2_renewedProgramDescriptionBtfSection\" class=\"a-section a-spacing-medium a-spacing-top-base\"><\/div>\n<\/div>\n<\/div>\n<\/div>\n","protected":false},"featured_media":9333,"comment_status":"open","ping_status":"closed","template":"","meta":{"_et_pb_use_builder":"","_et_pb_old_content":"","_et_gb_content_width":""},"product_brand":[],"product_cat":[1372],"product_tag":[],"class_list":{"0":"post-9334","1":"product","2":"type-product","3":"status-publish","4":"has-post-thumbnail","6":"product_cat-elektronik","8":"first","9":"instock","10":"sale","11":"taxable","12":"shipping-taxable","13":"purchasable","14":"product-type-simple"},"exclude_global_add_ons":[],"addons":[],"jetpack-related-posts":[{"id":9221,"url":"https:\/\/anythingtechnicallc.com\/index.php\/de\/product\/apple-ipod-nano-16gb-space-grau-7-generation-erneuert\/","url_meta":{"origin":9334,"position":0},"title":"Apple iPod nano 16GB Space Grau (7. Generation) (Erneuert)","date":"March 19, 2026","format":false,"excerpt":"Apple beschreibt ihn als den \"d\u00fcnnsten iPod aller Zeiten\". Er ist 38% d\u00fcnner (5,4 mm) als der Nano, den er ersetzt (8,78 mm), und bietet die M\u00f6glichkeit, kabellose Bluetooth 4.0 Headsets, Lautsprecher und andere Ger\u00e4te (wie z.B. Herzfrequenzmesser) zu verwenden. Es enth\u00e4lt weiterhin die Nike+iPod Fitness-Option sowie einen FM-Radio-Tuner, der\u2026","rel":"","context":"Similar post","img":{"alt_text":"","src":"https:\/\/i0.wp.com\/anythingtechnicallc.com\/wp-content\/uploads\/2025\/03\/Apple-iPod-nano-16GB-Space-Gray-7th-Generation-Renewed.jpg?fit=1019%2C1200&ssl=1&resize=350%2C200","width":350,"height":200},"classes":[]},{"id":9330,"url":"https:\/\/anythingtechnicallc.com\/index.php\/de\/product\/erneuerter-apple-ipod-nano-6-generation-8gb-silber\/","url_meta":{"origin":9334,"position":1},"title":"Erneuerter APPLE iPod Nano 6. Generation 8gb Silber","date":"March 19, 2026","format":false,"excerpt":"Der Apple iPod Nano 6th Generation 8GB ist ein tragbarer USB-MP3-Player von Apple. Er ist ein kompaktes und schlankes Ger\u00e4t, das MP3-Dateien speichern und abspielen kann. Mit seiner USB 2.0-Konnektivit\u00e4t erm\u00f6glicht er eine einfache \u00dcbertragung von Musik von Ihrem Computer. Dieses Modell der 6. Generation ist Teil der iPod Nano\u2026","rel":"","context":"Similar post","img":{"alt_text":"","src":"https:\/\/i0.wp.com\/anythingtechnicallc.com\/wp-content\/uploads\/2025\/07\/41Ajrr9oJcL._AC_.jpg?fit=727%2C437&ssl=1&resize=350%2C200","width":350,"height":200},"classes":[]},{"id":9227,"url":"https:\/\/anythingtechnicallc.com\/index.php\/de\/product\/ipod-nano-3-generation-8gb-silber-erneuert\/","url_meta":{"origin":9334,"position":2},"title":"iPod Nano 3. Generation (8GB, Silber) (Erneuert)","date":"March 19, 2026","format":false,"excerpt":"Der Apple iPod Nano 3rd Generation ist ein kleiner MP3-Player mit einem 2-Zoll-Bildschirm, der auch Videos abspielen kann. Er wurde im September 2007 auf den Markt gebracht. Vorteile Scharfe, helle Videowiedergabe \u00dcberdurchschnittlich lange Batterielaufzeit Sieht scharf aus Deutlichere Men\u00fctexte und Nachrichten Nachteile Nur 5 Stunden Videowiedergabe","rel":"","context":"Similar post","img":{"alt_text":"","src":"https:\/\/i0.wp.com\/anythingtechnicallc.com\/wp-content\/uploads\/2025\/03\/iPod-Nano-3rd-Generation.jpg?fit=1200%2C716&ssl=1&resize=350%2C200","width":350,"height":200},"classes":[]},{"id":9230,"url":"https:\/\/anythingtechnicallc.com\/index.php\/de\/product\/apple-ipod-nano-4-generation-8gb-erneuert\/","url_meta":{"origin":9334,"position":3},"title":"Apple iPod Nano 4. Generation 8GB (Erneuert)","date":"March 19, 2026","format":false,"excerpt":"Der Apple iPod Nano 4. Generation ist ein Musikplayer mit einem Flash-Laufwerk, das Songs, Fotos und Videos speichern kann. Er wurde im Jahr 2008 ver\u00f6ffentlicht. Vorteile Leicht und d\u00fcnn Gute Klangqualit\u00e4t Einfach zu bedienen Attraktives Design Hochwertiges Display Nachteile Manche sagen, es sei schwer, es bequem zu halten","rel":"","context":"Similar post","img":{"alt_text":"","src":"https:\/\/i0.wp.com\/anythingtechnicallc.com\/wp-content\/uploads\/2025\/03\/Apple-iPod-Nano-4th-Generation.jpg?fit=1040%2C1200&ssl=1&resize=350%2C200","width":350,"height":200},"classes":[]},{"id":9224,"url":"https:\/\/anythingtechnicallc.com\/index.php\/de\/product\/erneuerter-ipod-shuffle-4-generation-2gb-flash-mp3-player\/","url_meta":{"origin":9334,"position":4},"title":"Erneuerter ipod shuffle 4. Generation 2GB Flash MP3 Player","date":"March 19, 2026","format":false,"excerpt":"Hauptmerkmale und Vorteile: Leicht zug\u00e4ngliche Bedienelemente Die Bedienelemente des iPod shuffle befinden sich auf dem rechten Ohrh\u00f6rerkabel. Da die Kommandozentrale jetzt strategisch g\u00fcnstig platziert ist, k\u00f6nnen Sie Ihre Musik steuern - und die VoiceOver-Funktion aktivieren - ohne den Blick von Ihrem Lauf, Ihrer Fahrt oder was auch immer Sie gerade\u2026","rel":"","context":"Similar post","img":{"alt_text":"","src":"https:\/\/i0.wp.com\/anythingtechnicallc.com\/wp-content\/uploads\/2025\/03\/ipod-shuffle-4th-generation.jpg?fit=1200%2C716&ssl=1&resize=350%2C200","width":350,"height":200},"classes":[]},{"id":9659,"url":"https:\/\/anythingtechnicallc.com\/index.php\/de\/product\/skullcandy-hesh-3-kabellose-over-the-ear-kopfhoerer-schwarz\/","url_meta":{"origin":9334,"position":5},"title":"Skullcandy &#8211; HESH 3 Kabellose Over-the-Ear Kopfh\u00f6rer &#8211; Schwarz","date":"March 24, 2026","format":false,"excerpt":"Befriedigen Sie Ihre endlose Sehnsucht nach gro\u00dfartigen Kl\u00e4ngen mit diesen Over-Ear-Bluetooth-Kopfh\u00f6rern SkullCandy Hesh 3. Dank der 22-st\u00fcndigen Akkulaufzeit k\u00f6nnen Sie den ganzen Tag nonstop Musik genie\u00dfen, und die 40-mm-Treiber produzieren hochwertigen Klang bei 20 Hz - 20 kHz. Die Memory Foam-Ohrpolster dieses SkullCandy Hesh 3 Bluetooth-Kopfh\u00f6rers sorgen f\u00fcr einen angenehmen\u2026","rel":"","context":"Similar post","img":{"alt_text":"","src":"https:\/\/i0.wp.com\/anythingtechnicallc.com\/wp-content\/uploads\/2026\/01\/Skullcandy-Hesh-3.jpg?fit=1200%2C1200&ssl=1&resize=350%2C200","width":350,"height":200},"classes":[]}],"pll_sync_post":[],"lang":"de","translations":{"de":9334,"en":7252},"_links":{"self":[{"href":"https:\/\/anythingtechnicallc.com\/index.php\/wp-json\/wp\/v2\/product\/9334","targetHints":{"allow":["GET"]}}],"collection":[{"href":"https:\/\/anythingtechnicallc.com\/index.php\/wp-json\/wp\/v2\/product"}],"about":[{"href":"https:\/\/anythingtechnicallc.com\/index.php\/wp-json\/wp\/v2\/types\/product"}],"replies":[{"embeddable":true,"href":"https:\/\/anythingtechnicallc.com\/index.php\/wp-json\/wp\/v2\/comments?post=9334"}],"wp:featuredmedia":[{"embeddable":true,"href":"https:\/\/anythingtechnicallc.com\/index.php\/wp-json\/wp\/v2\/media\/9333"}],"wp:attachment":[{"href":"https:\/\/anythingtechnicallc.com\/index.php\/wp-json\/wp\/v2\/media?parent=9334"}],"wp:term":[{"taxonomy":"product_brand","embeddable":true,"href":"https:\/\/anythingtechnicallc.com\/index.php\/wp-json\/wp\/v2\/product_brand?post=9334"},{"taxonomy":"product_cat","embeddable":true,"href":"https:\/\/anythingtechnicallc.com\/index.php\/wp-json\/wp\/v2\/product_cat?post=9334"},{"taxonomy":"product_tag","embeddable":true,"href":"https:\/\/anythingtechnicallc.com\/index.php\/wp-json\/wp\/v2\/product_tag?post=9334"}],"curies":[{"name":"wp","href":"https:\/\/api.w.org\/{rel}","templated":true}]}}