{"id":9337,"date":"2026-03-19T08:10:11","date_gmt":"2026-03-19T08:10:11","guid":{"rendered":"https:\/\/anythingtechnicallc.com\/?post_type=product&#038;p=9337"},"modified":"2026-03-19T08:10:12","modified_gmt":"2026-03-19T08:10:12","slug":"gebrauchtes-apple-ipad-5-generation-wi-fi-64gb-space-grau","status":"publish","type":"product","link":"https:\/\/anythingtechnicallc.com\/index.php\/de\/product\/gebrauchtes-apple-ipad-5-generation-wi-fi-64gb-space-grau\/","title":{"rendered":"Gebrauchtes Apple iPad (5. Generation) Wi-Fi, 64GB &#8211; Space Grau"},"content":{"rendered":"<ul class=\"a-unordered-list a-vertical a-spacing-mini\">\n<li class=\"a-spacing-mini\"><span class=\"a-list-item\">Betriebssystem IOS 11; A9 Chip mit 64-Bit-Architektur und eingebettetem M9 Coprozessor. <\/span><\/li>\n<li class=\"a-spacing-mini\"><span class=\"a-list-item\">9,7 Zoll (Diagonale) Multi-Touch Retina Display mit LED-Hintergrundbeleuchtung und IPS-Technologie (Aufl\u00f6sung 2048 x 1536 bei 264 ppi) mit fingerabdruckresistenter, oleophober Beschichtung. <\/span><\/li>\n<li class=\"a-spacing-mini\"><span class=\"a-list-item\">8-Megapixel-Kamera mit Autofokus, r\u00fcckseitiger Beleuchtung und Panorama (bis zu 43 MP). <\/span><\/li>\n<li class=\"a-spacing-mini\"><span class=\"a-list-item\">Wi-Fi und Bluetooth 4.2 Technologie, FaceTime HD Kamera und Vier-Lautsprecher-Audio. <\/span><\/li>\n<\/ul>\n","protected":false},"excerpt":{"rendered":"<ul class=\"a-unordered-list a-vertical a-spacing-mini\">\n<li class=\"a-spacing-mini\"><span class=\"a-list-item\">Betriebssystem IOS 11; A9 Chip mit 64-Bit-Architektur und eingebettetem M9 Coprozessor. <\/span><\/li>\n<li class=\"a-spacing-mini\"><span class=\"a-list-item\">9,7 Zoll (Diagonale) Multi-Touch Retina Display mit LED-Hintergrundbeleuchtung und IPS-Technologie (Aufl\u00f6sung 2048 x 1536 bei 264 ppi) mit fingerabdruckresistenter, oleophober Beschichtung. <\/span><\/li>\n<li class=\"a-spacing-mini\"><span class=\"a-list-item\">8-Megapixel-Kamera mit Autofokus, r\u00fcckseitiger Beleuchtung und Panorama (bis zu 43 MP). <\/span><\/li>\n<li class=\"a-spacing-mini\"><span class=\"a-list-item\">Wi-Fi und Bluetooth 4.2 Technologie, FaceTime HD Kamera und Vier-Lautsprecher-Audio. <\/span><\/li>\n<\/ul>\n","protected":false},"featured_media":9336,"comment_status":"open","ping_status":"closed","template":"","meta":{"_et_pb_use_builder":"","_et_pb_old_content":"","_et_gb_content_width":""},"product_brand":[],"product_cat":[1372],"product_tag":[],"class_list":{"0":"post-9337","1":"product","2":"type-product","3":"status-publish","4":"has-post-thumbnail","6":"product_cat-elektronik","8":"first","9":"instock","10":"sale","11":"taxable","12":"shipping-taxable","13":"purchasable","14":"product-type-simple"},"exclude_global_add_ons":[],"addons":[],"jetpack-related-posts":[{"id":9324,"url":"https:\/\/anythingtechnicallc.com\/index.php\/de\/product\/apple-ipod-touch-16gb-blau-6thgeneration-mkh02ll-a-erneuert\/","url_meta":{"origin":9337,"position":0},"title":"Apple iPod Touch 16GB Blau (6thGEneration) MKH02LL\/A (Erneuert)","date":"March 19, 2026","format":false,"excerpt":"Erneuerte Produkte sehen aus und funktionieren wie neu. Diese gebrauchten Produkte wurden von qualifizierten Anbietern inspiziert und getestet, die in der Regel einen vollst\u00e4ndigen Diagnosetest, den Austausch aller defekten Teile und eine gr\u00fcndliche Reinigung durchf\u00fchren. Verpackung und Zubeh\u00f6r k\u00f6nnen generisch sein. Alle Produkte werden mit einer mindestens 90-t\u00e4gigen Garantie des\u2026","rel":"","context":"Similar post","img":{"alt_text":"","src":"https:\/\/i0.wp.com\/anythingtechnicallc.com\/wp-content\/uploads\/2025\/07\/61JWPVZhh2L._AC_SL1200_.jpg?fit=578%2C1198&ssl=1&resize=350%2C200","width":350,"height":200},"classes":[]},{"id":9506,"url":"https:\/\/anythingtechnicallc.com\/index.php\/de\/product\/sony-zv-1f-vlog-kamera-fuer-content-creators-und-vlogger\/","url_meta":{"origin":9337,"position":1},"title":"Sony ZV-1F Vlog Kamera f\u00fcr Content Creators und Vlogger","date":"March 21, 2026","format":false,"excerpt":"Mit der ZV-1F k\u00f6nnen Sie alles festhalten - sie erm\u00f6glicht es Ihnen, ein Gruppen-Selfie zusammen mit einem weitl\u00e4ufigen Blick auf die Hintergrundkulisse aufzunehmen. Da das Ultraweitwinkelobjektiv der Kamera mit 20 mm1 ein gr\u00f6\u00dferes Sichtfeld als das menschliche Gesichtsfeld erfasst, k\u00f6nnen Sie Bilder mit beeindruckender Tiefe und Perspektive aufnehmen. Machen Sie\u2026","rel":"","context":"Similar post","img":{"alt_text":"","src":"https:\/\/i0.wp.com\/anythingtechnicallc.com\/wp-content\/uploads\/2025\/08\/81lRtfnLuiL._AC_SL1500_.jpg?fit=1200%2C1085&ssl=1&resize=350%2C200","width":350,"height":200},"classes":[]},{"id":9503,"url":"https:\/\/anythingtechnicallc.com\/index.php\/de\/product\/canon-powershot-v10-kamera-content-creator-kompaktkamera-fuer-vlogging-festes-19mm-weitwinkelobjektiv-4k-video-gesichtserkennung-integriertes-mikrofon-live-streaming-integrierter-staender-schw\/","url_meta":{"origin":9337,"position":2},"title":"Canon PowerShot V10 Kamera, Content Creator Kompaktkamera f\u00fcr Vlogging, festes 19mm Weitwinkelobjektiv, 4K Video, Gesichtserkennung, integriertes Mikrofon, Live Streaming, integrierter St\u00e4nder, Schwarz","date":"March 21, 2026","format":false,"excerpt":"Mit der Canon PowerShot V10 Vlogging-Kamera f\u00fcr Content Creators k\u00f6nnen Sie Ihrer Kreativit\u00e4t auch unterwegs freien Lauf lassen. Die PowerShot V10 ist eine Vlogging- und Fotokamera in einem neuen, \u00e4u\u00dferst tragbaren Format mit Komponenten aus der beliebten G-Serie, mit der Sie beeindruckende Videos erstellen k\u00f6nnen. Mit Stereotonaufnahme, integriertem Stativ und\u2026","rel":"","context":"Similar post","img":{"alt_text":"","src":"https:\/\/i0.wp.com\/anythingtechnicallc.com\/wp-content\/uploads\/2025\/08\/61qhyHDMGFL._AC_SL1500_.jpg?fit=790%2C1200&ssl=1&resize=350%2C200","width":350,"height":200},"classes":[]},{"id":9110,"url":"https:\/\/anythingtechnicallc.com\/index.php\/de\/product\/logitech-mx-brio-ultra-hd-4k-webcam-fuer-zusammenarbeit-und-streaming-1080p-bei-60-fps-zwei-geraeuschreduzierende-mikrofone-show-modus-usb-c-webcam-abdeckung-kompatibel-mit-microsoft-teams-zoom\/","url_meta":{"origin":9337,"position":3},"title":"Logitech MX Brio Ultra HD 4K-Webcam f\u00fcr Zusammenarbeit und Streaming, 1080p bei 60 FPS, zwei ger\u00e4uschreduzierende Mikrofone, Show-Modus, USB-C, Webcam-Abdeckung, kompatibel mit Microsoft Teams, Zoom, Google Meet &#8211; Graphit","date":"March 19, 2026","format":false,"excerpt":"Treffen Sie sich, streamen Sie, meistern Sie mit der scharfen Ultra HD 4k-Aufl\u00f6sung der MX Brio. Mit 2x besserer Gesichtserkennung und 2x feineren Bilddetails bei schwierigen Lichtverh\u00e4ltnissen(2), KI-Verbesserungen, einem von Logi entwickelten Objektiv, 70% gr\u00f6\u00dferen Pixeln(1) und unserem bisher gr\u00f6\u00dften Webcam-Sensor. Mit den Feineinstellungen(3) k\u00f6nnen Sie Beleuchtung, Wei\u00dfabgleich mit ISO,\u2026","rel":"","context":"Similar post","img":{"alt_text":"","src":"https:\/\/i0.wp.com\/anythingtechnicallc.com\/wp-content\/uploads\/2025\/02\/61WQr6U3mwL._AC_SL1500_.jpg?fit=1200%2C1069&ssl=1&resize=350%2C200","width":350,"height":200},"classes":[]},{"id":9340,"url":"https:\/\/anythingtechnicallc.com\/index.php\/de\/product\/gebrauchtes-apple-2019-ipad-air-3-generation-105-zoll-wifi-64gb-silber\/","url_meta":{"origin":9337,"position":4},"title":"Gebrauchtes Apple 2019 iPad Air 3. Generation (10,5 Zoll, WiFi, 64GB) &#8211; Silber","date":"March 19, 2026","format":false,"excerpt":"10,5-Zoll-Retina-Display mit True Tone und breiten Farben. A12 Bionic Chip. Touch ID Fingerabdrucksensor und Apple Pay. 8MP Kamera auf der R\u00fcckseite, 7MP FaceTime HD Frontkamera. Stereo-Lautsprecher. 802.11ac Wi-Fi. Bis zu 10 Stunden Akkulaufzeit. Lightning-Anschluss zum Aufladen und f\u00fcr Zubeh\u00f6r. IOS mit FaceTime f\u00fcr Gruppen, gemeinsamen Augmented Reality Erlebnissen, Bildschirmzeit und\u2026","rel":"","context":"Similar post","img":{"alt_text":"","src":"https:\/\/i0.wp.com\/anythingtechnicallc.com\/wp-content\/uploads\/2025\/07\/617QFmtXctL._AC_SL1500_.jpg?fit=1027%2C1200&ssl=1&resize=350%2C200","width":350,"height":200},"classes":[]},{"id":9155,"url":"https:\/\/anythingtechnicallc.com\/index.php\/de\/product\/microsoft-surface-pro-7-123-zoll-touchscreen-intel-i5-1035g4-8gb-ram-256gb-ssd-erneuert\/","url_meta":{"origin":9337,"position":5},"title":"Microsoft Surface Pro 7 12,3 Zoll Touchscreen Intel i5-1035G4 8GB RAM 256GB SSD (Erneuert)","date":"March 19, 2026","format":false,"excerpt":"Intel Core i5-1035G4 Prozessor der 10. Generation: Intelligente Vierkern- und Achtfach-Verarbeitungsleistung. Die Intel Turbo Boost Technologie liefert dynamische Extra-Power, wenn Sie sie brauchen, und erh\u00f6ht die Energieeffizienz, wenn Sie sie nicht brauchen. 12,3\" Bildschirm mit einer Aufl\u00f6sung von 2736 x 1824: Klare, helle Aufl\u00f6sung zum Ansehen von Filmen, Surfen im\u2026","rel":"","context":"Similar post","img":{"alt_text":"","src":"https:\/\/i0.wp.com\/anythingtechnicallc.com\/wp-content\/uploads\/2025\/02\/51d7wx7kBL._AC_SL1500_.jpg?fit=1200%2C486&ssl=1&resize=350%2C200","width":350,"height":200},"classes":[]}],"pll_sync_post":[],"lang":"de","translations":{"de":9337,"en":7266},"_links":{"self":[{"href":"https:\/\/anythingtechnicallc.com\/index.php\/wp-json\/wp\/v2\/product\/9337","targetHints":{"allow":["GET"]}}],"collection":[{"href":"https:\/\/anythingtechnicallc.com\/index.php\/wp-json\/wp\/v2\/product"}],"about":[{"href":"https:\/\/anythingtechnicallc.com\/index.php\/wp-json\/wp\/v2\/types\/product"}],"replies":[{"embeddable":true,"href":"https:\/\/anythingtechnicallc.com\/index.php\/wp-json\/wp\/v2\/comments?post=9337"}],"wp:featuredmedia":[{"embeddable":true,"href":"https:\/\/anythingtechnicallc.com\/index.php\/wp-json\/wp\/v2\/media\/9336"}],"wp:attachment":[{"href":"https:\/\/anythingtechnicallc.com\/index.php\/wp-json\/wp\/v2\/media?parent=9337"}],"wp:term":[{"taxonomy":"product_brand","embeddable":true,"href":"https:\/\/anythingtechnicallc.com\/index.php\/wp-json\/wp\/v2\/product_brand?post=9337"},{"taxonomy":"product_cat","embeddable":true,"href":"https:\/\/anythingtechnicallc.com\/index.php\/wp-json\/wp\/v2\/product_cat?post=9337"},{"taxonomy":"product_tag","embeddable":true,"href":"https:\/\/anythingtechnicallc.com\/index.php\/wp-json\/wp\/v2\/product_tag?post=9337"}],"curies":[{"name":"wp","href":"https:\/\/api.w.org\/{rel}","templated":true}]}}