{"id":9343,"date":"2026-03-19T08:11:22","date_gmt":"2026-03-19T08:11:22","guid":{"rendered":"https:\/\/anythingtechnicallc.com\/?post_type=product&#038;p=9343"},"modified":"2026-03-19T08:11:22","modified_gmt":"2026-03-19T08:11:22","slug":"apple-watch-series-5-gps-44mm-spacegraues-aluminiumgehaeuse-mit-schwarzem-sportband-erneuert","status":"publish","type":"product","link":"https:\/\/anythingtechnicallc.com\/index.php\/de\/product\/apple-watch-series-5-gps-44mm-spacegraues-aluminiumgehaeuse-mit-schwarzem-sportband-erneuert\/","title":{"rendered":"Apple Watch Series 5 (GPS, 44MM) &#8211; Spacegraues Aluminiumgeh\u00e4use mit schwarzem Sportband (Erneuert)"},"content":{"rendered":"<ul class=\"a-unordered-list a-vertical a-spacing-mini\">\n<li class=\"a-spacing-mini\"><span class=\"a-list-item\">LASSEN SIE IHR TELEFON IN IHRER TASCHE: Mit dem Apple Watch Series 5 GPS-Modell k\u00f6nnen Sie von Ihrem Handgelenk aus telefonieren, simsen und Wegbeschreibungen abrufen, w\u00e4hrend Sie Ihr Telefon in der Tasche lassen. Sie bietet mehrere Konnektivit\u00e4tsoptionen, darunter: Bluetooth, Wi-Fi und NFC, um alle Ihre m\u00f6glichen Bed\u00fcrfnisse zu erf\u00fcllen.<\/span><\/li>\n<li class=\"a-spacing-mini\"><span class=\"a-list-item\">ALWAYS-ON RETINA DISPLAY: Sie m\u00fcssen Ihr Handgelenk nicht mehr anheben oder das Display ber\u00fchren, um die Uhrzeit oder andere Informationen auf Ihrem Zifferblatt zu sehen, denn das Display schl\u00e4ft nie. Sie brauchen nur einen Blick auf die Uhr zu werfen, um die Uhrzeit oder Ihre Trainingsdaten genau dort zu finden, wo Sie sie haben m\u00f6chten.<\/span><\/li>\n<li class=\"a-spacing-mini\"><span class=\"a-list-item\">EKG AUF IHREM HANDGELENK: Mit der EKG-App ist die Apple Watch Series 5 in der Lage, ein EKG zu erstellen, das einem Einleitungs-Elektrokardiogramm \u00e4hnelt. Das ist ein gro\u00dfer Erfolg f\u00fcr ein tragbares Ger\u00e4t, das \u00c4rzten Daten liefert und Sie beruhigt, wo auch immer Sie sich tags\u00fcber aufhalten.<\/span><\/li>\n<li class=\"a-spacing-mini\"><span class=\"a-list-item\">WORKOUTS THAT DON&#8217;T QUIT: Radfahren, Yoga, Schwimmen, hochintensives Intervalltraining&#8230; die Liste geht weiter. Die Apple Watch misst alles, was Sie wollen. Setzen Sie sich Trainingsziele, sehen Sie nach dem Training eine vollst\u00e4ndige Zusammenfassung und verfolgen Sie Ihre Entwicklung in der Aktivit\u00e4t-App auf Ihrem iPhone.<\/span><\/li>\n<li class=\"a-spacing-mini\"><span class=\"a-list-item\">VERLOREN SIE SICH IN IHRER MUSIK: Mit Apple Music an Ihrem Handgelenk haben Sie 60 Millionen Musiktitel zur Verf\u00fcgung, die Sie motivieren. Sie k\u00f6nnen auch die neuesten Podcasts h\u00f6ren oder sich ein H\u00f6rbuch anh\u00f6ren, wenn Ihnen das lieber ist. Streamen Sie alles, was Sie brauchen, direkt von Ihrer Uhr, auch ohne Ihr Telefon<\/span><\/li>\n<\/ul>\n","protected":false},"excerpt":{"rendered":"<ul class=\"a-unordered-list a-vertical a-spacing-mini\">\n<li class=\"a-spacing-mini\"><span class=\"a-list-item\">LASSEN SIE IHR TELEFON IN IHRER TASCHE: Mit dem Apple Watch Series 5 GPS-Modell k\u00f6nnen Sie von Ihrem Handgelenk aus telefonieren, simsen und Wegbeschreibungen abrufen, w\u00e4hrend Sie Ihr Telefon in der Tasche lassen. Sie bietet mehrere Konnektivit\u00e4tsoptionen, darunter: Bluetooth, Wi-Fi und NFC, um alle Ihre m\u00f6glichen Bed\u00fcrfnisse zu erf\u00fcllen.<\/span><\/li>\n<li class=\"a-spacing-mini\"><span class=\"a-list-item\">ALWAYS-ON RETINA DISPLAY: Sie m\u00fcssen Ihr Handgelenk nicht mehr anheben oder das Display ber\u00fchren, um die Uhrzeit oder andere Informationen auf Ihrem Zifferblatt zu sehen, denn das Display schl\u00e4ft nie. Sie brauchen nur einen Blick auf die Uhr zu werfen, um die Uhrzeit oder Ihre Trainingsdaten genau dort zu finden, wo Sie sie haben m\u00f6chten.<\/span><\/li>\n<li class=\"a-spacing-mini\"><span class=\"a-list-item\">EKG AUF IHREM HANDGELENK: Mit der EKG-App ist die Apple Watch Series 5 in der Lage, ein EKG zu erstellen, das einem Einleitungs-Elektrokardiogramm \u00e4hnelt. Das ist ein gro\u00dfer Erfolg f\u00fcr ein tragbares Ger\u00e4t, das \u00c4rzten Daten liefert und Sie beruhigt, wo auch immer Sie sich tags\u00fcber aufhalten.<\/span><\/li>\n<li class=\"a-spacing-mini\"><span class=\"a-list-item\">WORKOUTS THAT DON&#8217;T QUIT: Radfahren, Yoga, Schwimmen, hochintensives Intervalltraining&#8230; die Liste geht weiter. Die Apple Watch misst alles, was Sie wollen. Setzen Sie sich Trainingsziele, sehen Sie nach dem Training eine vollst\u00e4ndige Zusammenfassung und verfolgen Sie Ihre Entwicklung in der Aktivit\u00e4t-App auf Ihrem iPhone.<\/span><\/li>\n<li class=\"a-spacing-mini\"><span class=\"a-list-item\">VERLOREN SIE SICH IN IHRER MUSIK: Mit Apple Music an Ihrem Handgelenk haben Sie 60 Millionen Musiktitel zur Verf\u00fcgung, die Sie motivieren. Sie k\u00f6nnen auch die neuesten Podcasts h\u00f6ren oder sich ein H\u00f6rbuch anh\u00f6ren, wenn Ihnen das lieber ist. Streamen Sie alles, was Sie brauchen, direkt von Ihrer Uhr, auch ohne Ihr Telefon<\/span><\/li>\n<\/ul>\n","protected":false},"featured_media":9342,"comment_status":"open","ping_status":"closed","template":"","meta":{"_et_pb_use_builder":"","_et_pb_old_content":"","_et_gb_content_width":""},"product_brand":[],"product_cat":[1372],"product_tag":[],"class_list":{"0":"post-9343","1":"product","2":"type-product","3":"status-publish","4":"has-post-thumbnail","6":"product_cat-elektronik","8":"first","9":"instock","10":"sale","11":"taxable","12":"shipping-taxable","13":"purchasable","14":"product-type-simple"},"exclude_global_add_ons":[],"addons":[],"jetpack-related-posts":[{"id":9898,"url":"https:\/\/anythingtechnicallc.com\/index.php\/de\/product\/apple-watch-series-8-gps-45mm-mitternachts-aluminium-gehaeuse-mit-mitternachts-sportband-m-l-erneuert\/","url_meta":{"origin":9343,"position":0},"title":"Apple Watch Series 8 [GPS, 45mm] &#8211; Mitternachts-Aluminium-Geh\u00e4use mit Mitternachts-Sportband, M\/L (Erneuert)","date":"April 15, 2026","format":false,"excerpt":"WARUM APPLE WATCH SERIES 8 - Ihr unverzichtbarer Begleiter f\u00fcr ein gesundes Leben ist jetzt noch leistungsst\u00e4rker. Fortschrittliche Sensoren liefern Erkenntnisse, die Ihnen helfen, Ihre Gesundheit besser zu verstehen. Neue Sicherheitsfunktionen holen Ihnen Hilfe, wenn Sie sie brauchen. Das helle, immer verf\u00fcgbare Retina-Display ist leicht ablesbar, auch wenn Sie das\u2026","rel":"","context":"Similar post","img":{"alt_text":"","src":"https:\/\/i0.wp.com\/anythingtechnicallc.com\/wp-content\/uploads\/2026\/04\/Apple-Watch-Series-8-GPS-45mm-Midnight-1.jpg?fit=1200%2C1200&ssl=1&resize=350%2C200","width":350,"height":200},"classes":[]},{"id":9185,"url":"https:\/\/anythingtechnicallc.com\/index.php\/de\/product\/google-chromecast-streaming-geraet-mit-hdmi-kabel-streamen-sie-shows-musik-fotos-und-sport-von-ihrem-telefon-auf-ihren-fernseher-inklusive-tasche-und-reinigungstuch-japan-version-kompatibel\/","url_meta":{"origin":9343,"position":1},"title":"Google Chromecast &#8211; Streaming-Ger\u00e4t mit HDMI-Kabel &#8211; Streamen Sie Shows, Musik, Fotos und Sport von Ihrem Telefon auf Ihren Fernseher, inklusive Tasche und Reinigungstuch (Japan Version) &#8211; Kompatibel mit US","date":"March 19, 2026","format":false,"excerpt":"JAPANISCHE VERSION - Passt sich automatisch an die Sprache der Region des Benutzers an. Kompatibel mit US-Kunden Erweitern Sie Ihr Home-Entertainment-Angebot, ohne einen neuen Fernseher kaufen zu m\u00fcssen. Mit Google Chromecast k\u00f6nnen Sie Ihre Lieblingssendungen von Ihrem Telefon, Tablet oder Laptop aus streamen - eine Fernbedienung ist nicht erforderlich. Funktioniert\u2026","rel":"","context":"Similar post","img":{"alt_text":"","src":"https:\/\/i0.wp.com\/anythingtechnicallc.com\/wp-content\/uploads\/2025\/02\/71NwcH4sdYL._AC_SL1500_.jpg?fit=1200%2C999&ssl=1&resize=350%2C200","width":350,"height":200},"classes":[]},{"id":9294,"url":"https:\/\/anythingtechnicallc.com\/index.php\/de\/product\/erneuerte-bose-frames-alto-audio-sonnenbrille-mit-offenen-kopfhoerern-schwarz-mit-bluetooth-konnektivitaet\/","url_meta":{"origin":9343,"position":2},"title":"Erneuerte Bose Frames Alto &#8211; Audio-Sonnenbrille mit offenen Kopfh\u00f6rern, Schwarz, mit Bluetooth-Konnektivit\u00e4t","date":"March 19, 2026","format":false,"excerpt":"Sonnenbrillen mit eingebauten Bose-Lautsprechern, die f\u00fcr Sie einen satten, beeindruckenden Klang erzeugen, w\u00e4hrend andere praktisch nichts h\u00f6ren. Dank der offenen Ohrmuscheln k\u00f6nnen Sie Ihre Umgebung wahrnehmen, w\u00e4hrend Sie Ihre Musik genie\u00dfen. Bose Frames Alto hat eine klassische eckige Form und beeindruckende Gl\u00e4ser in 2 Gr\u00f6\u00dfen. Bose Frames S\/M Scheibenbreite: 53\u2026","rel":"","context":"Similar post","img":{"alt_text":"","src":"https:\/\/i0.wp.com\/anythingtechnicallc.com\/wp-content\/uploads\/2025\/06\/51V3DcEmmL._AC_SX679_.jpg?fit=679%2C351&ssl=1&resize=350%2C200","width":350,"height":200},"classes":[]},{"id":9674,"url":"https:\/\/anythingtechnicallc.com\/index.php\/de\/product\/bose-noise-cancelling-wireless-bluetooth-kopfhoerer-700-mit-alexa-sprachsteuerung-silber-erneuert\/","url_meta":{"origin":9343,"position":3},"title":"Bose Noise Cancelling Wireless Bluetooth Kopfh\u00f6rer 700, mit Alexa Sprachsteuerung, Silber (erneuert)","date":"March 24, 2026","format":false,"excerpt":"Behalten Sie Ihr Telefon in der Tasche und den Kopf frei f\u00fcr die Welt mit einfachem Zugang zu Sprachassistenten f\u00fcr Musik, Navigation, Wetter und mehr. Dank des einzigartigen adaptiven Vier-Mikrofon-Systems, das Ihre Stimme von Umgebungsger\u00e4uschen isoliert, k\u00f6nnen Sie in jeder Umgebung selbstbewusst einen Anruf entgegennehmen oder mit Alexa sprechen. Passen\u2026","rel":"","context":"Similar post","img":{"alt_text":"","src":"https:\/\/i0.wp.com\/anythingtechnicallc.com\/wp-content\/uploads\/2026\/01\/Bose-700-Silver.jpg?fit=900%2C1200&ssl=1&resize=350%2C200","width":350,"height":200},"classes":[]},{"id":9916,"url":"https:\/\/anythingtechnicallc.com\/index.php\/de\/product\/bose-quietcomfort-noise-cancelling-earbuds-bluetooth-wireless-earphones-triple-black-erneuert\/","url_meta":{"origin":9343,"position":4},"title":"Bose QuietComfort Noise Cancelling Earbuds-Bluetooth Wireless Earphones, Triple Black (Erneuert)","date":"April 15, 2026","format":false,"excerpt":"Besserer Klang beginnt mit besserer Stille. Deshalb hat Bose die QuietComfort Earbuds mit der effektivsten Ger\u00e4uschunterdr\u00fcckung der Welt und High-Fidelity-Audio entwickelt. Denn wenn Sie Ablenkungen ausschalten, steigt die Musik und damit auch die Leidenschaft. Backen. Programmieren. Klettern. Und alles andere, was Sie ausmacht - Sie selbst. Unsere steuerbare Ger\u00e4uschunterdr\u00fcckung erm\u00f6glicht\u2026","rel":"","context":"Similar post","img":{"alt_text":"","src":"https:\/\/i0.wp.com\/anythingtechnicallc.com\/wp-content\/uploads\/2026\/04\/Bose-QuietComfort-Noise-Cancelling-Earbuds-Bluetooth-Wireless-Earphones-Triple-Black-Renewed.jpg?fit=900%2C1200&ssl=1&resize=350%2C200","width":350,"height":200},"classes":[]},{"id":9539,"url":"https:\/\/anythingtechnicallc.com\/index.php\/de\/product\/hp-65w-usb-c-laptop-ladegeraet\/","url_meta":{"origin":9343,"position":5},"title":"HP 65W USB-C Laptop-Ladeger\u00e4t","date":"March 21, 2026","format":false,"excerpt":"L\u00e4dt gro\u00df oder klein: Dieses Laptop-Ladeger\u00e4t passt sich Ihren Bed\u00fcrfnissen an und liefert 15W, 27W, 60W oder 65W Leistung.(1) Dies wird das einzige Ladeger\u00e4t sein, das Sie in Ihrer Tasche haben wollen. Eine universelle L\u00f6sung: Genie\u00dfen Sie die Flexibilit\u00e4t, die meisten USB-C-Ger\u00e4te aufzuladen, egal ob es sich um Ihren Laptop,\u2026","rel":"","context":"Similar post","img":{"alt_text":"","src":"https:\/\/i0.wp.com\/anythingtechnicallc.com\/wp-content\/uploads\/2025\/09\/71fK0VEXblL._AC_SL1500_.jpg?fit=1200%2C1145&ssl=1&resize=350%2C200","width":350,"height":200},"classes":[]}],"pll_sync_post":[],"lang":"de","translations":{"de":9343,"en":7270},"_links":{"self":[{"href":"https:\/\/anythingtechnicallc.com\/index.php\/wp-json\/wp\/v2\/product\/9343","targetHints":{"allow":["GET"]}}],"collection":[{"href":"https:\/\/anythingtechnicallc.com\/index.php\/wp-json\/wp\/v2\/product"}],"about":[{"href":"https:\/\/anythingtechnicallc.com\/index.php\/wp-json\/wp\/v2\/types\/product"}],"replies":[{"embeddable":true,"href":"https:\/\/anythingtechnicallc.com\/index.php\/wp-json\/wp\/v2\/comments?post=9343"}],"wp:featuredmedia":[{"embeddable":true,"href":"https:\/\/anythingtechnicallc.com\/index.php\/wp-json\/wp\/v2\/media\/9342"}],"wp:attachment":[{"href":"https:\/\/anythingtechnicallc.com\/index.php\/wp-json\/wp\/v2\/media?parent=9343"}],"wp:term":[{"taxonomy":"product_brand","embeddable":true,"href":"https:\/\/anythingtechnicallc.com\/index.php\/wp-json\/wp\/v2\/product_brand?post=9343"},{"taxonomy":"product_cat","embeddable":true,"href":"https:\/\/anythingtechnicallc.com\/index.php\/wp-json\/wp\/v2\/product_cat?post=9343"},{"taxonomy":"product_tag","embeddable":true,"href":"https:\/\/anythingtechnicallc.com\/index.php\/wp-json\/wp\/v2\/product_tag?post=9343"}],"curies":[{"name":"wp","href":"https:\/\/api.w.org\/{rel}","templated":true}]}}