{"id":9346,"date":"2026-03-19T08:12:01","date_gmt":"2026-03-19T08:12:01","guid":{"rendered":"https:\/\/anythingtechnicallc.com\/?post_type=product&#038;p=9346"},"modified":"2026-03-19T08:12:01","modified_gmt":"2026-03-19T08:12:01","slug":"shure-ohrhoerer-ersatzkabel-fuer-se-sound-isolating-ohrhoerer-mit-abnehmbaren-mmcx-anschlusskabeln-se215-se315-se425-se535-se846-46-zoll-lang-klar-eac46cls","status":"publish","type":"product","link":"https:\/\/anythingtechnicallc.com\/index.php\/de\/product\/shure-ohrhoerer-ersatzkabel-fuer-se-sound-isolating-ohrhoerer-mit-abnehmbaren-mmcx-anschlusskabeln-se215-se315-se425-se535-se846-46-zoll-lang-klar-eac46cls\/","title":{"rendered":"Shure Ohrh\u00f6rer-Ersatzkabel f\u00fcr SE Sound Isolating Ohrh\u00f6rer mit abnehmbaren MMCX-Anschlusskabeln (SE215, SE315, SE425, SE535, SE846) &#8211; 46 Zoll lang, klar (EAC46CLS)"},"content":{"rendered":"<ul class=\"a-unordered-list a-vertical a-spacing-mini\">\n<li class=\"a-spacing-mini\"><span class=\"a-list-item\">Abnehmbares, 46 Zoll langes Kabel mit silbernem MMCX-Anschluss. <\/span><\/li>\n<li class=\"a-spacing-mini\"><span class=\"a-list-item\">Farbe: Kristallklar. <\/span><\/li>\n<li class=\"a-spacing-mini\"><span class=\"a-list-item\">Ersatz-Zubeh\u00f6r.<\/span><\/li>\n<\/ul>\n","protected":false},"excerpt":{"rendered":"<ul class=\"a-unordered-list a-vertical a-spacing-mini\">\n<li class=\"a-spacing-mini\"><span class=\"a-list-item\">Abnehmbares, 46 Zoll langes Kabel mit silbernem MMCX-Anschluss. <\/span><\/li>\n<li class=\"a-spacing-mini\"><span class=\"a-list-item\">Farbe: Kristallklar. <\/span><\/li>\n<li class=\"a-spacing-mini\"><span class=\"a-list-item\">Ersatz-Zubeh\u00f6r.<\/span><\/li>\n<\/ul>\n","protected":false},"featured_media":9345,"comment_status":"open","ping_status":"closed","template":"","meta":{"_et_pb_use_builder":"","_et_pb_old_content":"","_et_gb_content_width":""},"product_brand":[],"product_cat":[1576],"product_tag":[],"class_list":{"0":"post-9346","1":"product","2":"type-product","3":"status-publish","4":"has-post-thumbnail","6":"product_cat-kamerazubehoer","8":"first","9":"instock","10":"sale","11":"taxable","12":"shipping-taxable","13":"purchasable","14":"product-type-simple"},"exclude_global_add_ons":[],"addons":[],"jetpack-related-posts":[{"id":9024,"url":"https:\/\/anythingtechnicallc.com\/index.php\/de\/product\/shure-ohrhoerer-ersatzkabel-fuer-se-sound-isolating-ohrhoerer-mit-abnehmbaren-mmcx-anschlusskabeln-se215-se315-se425-se535-se846-64-zoll-lang-schwarz-eac46bk\/","url_meta":{"origin":9346,"position":0},"title":"Shure Ohrh\u00f6rer-Ersatzkabel f\u00fcr SE Sound Isolating Ohrh\u00f6rer mit abnehmbaren MMCX-Anschlusskabeln (SE215, SE315, SE425, SE535, SE846) &#8211; 64 Zoll lang, schwarz (EAC46BK)","date":"March 18, 2026","format":false,"excerpt":"Legend\u00e4re Shure Qualit\u00e4t f\u00fcr den harten Alltagseinsatz. Echtes Shure Zubeh\u00f6r. Vernickelter MMCX-Anschluss. Bietet lang anhaltenden Komfort und Strapazierf\u00e4higkeit f\u00fcr die B\u00fchne oder den t\u00e4glichen Gebrauch.","rel":"","context":"Similar post","img":{"alt_text":"","src":"https:\/\/i0.wp.com\/anythingtechnicallc.com\/wp-content\/uploads\/2024\/09\/41VxWmtGlL._AC_SL1000_.jpg?fit=282%2C772&ssl=1&resize=350%2C200","width":350,"height":200},"classes":[]},{"id":9038,"url":"https:\/\/anythingtechnicallc.com\/index.php\/de\/product\/shure-rmce-ltg-lightning-kabel-kopfhoerer-zubehoer\/","url_meta":{"origin":9346,"position":1},"title":"Shure RMCE-LTG Lightning Kabel Kopfh\u00f6rer-Zubeh\u00f6r","date":"March 18, 2026","format":false,"excerpt":"Mit dem Premium Remote + Mic Lightning Accessory Cable (RMCE-LTG) k\u00f6nnen die Shure SE Earphones mit abnehmbarem Kabel direkt mit den neuesten Apple iOS-Ger\u00e4ten verbunden werden, um hochwertige digitale Audio- und Kommunikationssteuerung zu erm\u00f6glichen. Funktioniert mit SE215, SE315, SE425, SE535 und SE846 Sound Isolating Earphones. 50-Zoll-Kabel f\u00fcr die Verwendung mit\u2026","rel":"","context":"Similar post","img":{"alt_text":"","src":"https:\/\/i0.wp.com\/anythingtechnicallc.com\/wp-content\/uploads\/2024\/09\/61SbpsJoELL._AC_SL1500_.jpg?fit=1200%2C451&ssl=1&resize=350%2C200","width":350,"height":200},"classes":[]},{"id":8915,"url":"https:\/\/anythingtechnicallc.com\/index.php\/de\/product\/shure-rmce-bt1-bluetooth-faehiges-zubehoerkabel-mit-fernbedienung-mikrofon\/","url_meta":{"origin":9346,"position":2},"title":"Shure RMCE-BT1 Bluetooth-f\u00e4higes Zubeh\u00f6rkabel mit Fernbedienung + Mikrofon","date":"March 18, 2026","format":false,"excerpt":"MMCX-Anschl\u00fcsse f\u00fcr die meisten Shure Sound Isolating Ohrh\u00f6rer sorgen f\u00fcr stundenlangen H\u00f6rgenuss mit der Freiheit der kabellosen \u00dcbertragung und der Einfachheit von Bluetooth. Zu den kompatiblen Modellen geh\u00f6ren SE215, SE315, SE425, SE535 und SE846 (Ohrh\u00f6rer nicht im Lieferumfang enthalten). Bluetooth 4.1 l\u00e4sst sich mit den meisten Mobiltelefonen, Laptops und Tablets\u2026","rel":"","context":"Similar post","img":{"alt_text":"","src":"https:\/\/i0.wp.com\/anythingtechnicallc.com\/wp-content\/uploads\/2023\/03\/Shure-RMCE-BT1-Bluetooth-Enabled-Accessory-Cable-with-Remote-Mic-0.jpg?fit=387%2C500&ssl=1&resize=350%2C200","width":350,"height":200},"classes":[]},{"id":9026,"url":"https:\/\/anythingtechnicallc.com\/index.php\/de\/product\/shure-rmce-uni-remote-mic-universal-kommunikationskabel-fuer-abnehmbare-se-ohrhoerer-35-mm-anschluss-50-zoll-lang-anrufe-sprachansagen-lautstaerke-wiedergabesteuerung-auf-apple-und-android-g\/","url_meta":{"origin":9346,"position":3},"title":"Shure RMCE-UNI Remote Mic Universal Kommunikationskabel f\u00fcr abnehmbare SE Ohrh\u00f6rer &#8211; 3,5 mm Anschluss, 50 Zoll lang &#8211; Anrufe, Sprachansagen, Lautst\u00e4rke-\/Wiedergabesteuerung auf Apple- und Android-Ger\u00e4ten","date":"March 18, 2026","format":false,"excerpt":"Nahtloser \u00dcbergang zwischen Apple- und Android-Ger\u00e4ten. Kompatibel mit allen abnehmbaren SE Sound Isolating Earphones. Das integrierte Mikrofon erm\u00f6glicht eine hervorragende Lautst\u00e4rke- und Wiedergabesteuerung. Dieselbe au\u00dfergew\u00f6hnliche Klangqualit\u00e4t, die Sie von Shure gewohnt sind.","rel":"","context":"Similar post","img":{"alt_text":"","src":"https:\/\/i0.wp.com\/anythingtechnicallc.com\/wp-content\/uploads\/2024\/09\/41VxWmtGlL._AC_SL1000_.jpg?fit=282%2C772&ssl=1&resize=350%2C200","width":350,"height":200},"classes":[]},{"id":9032,"url":"https:\/\/anythingtechnicallc.com\/index.php\/de\/product\/shure-bcasca-nxlr3qi-abnehmbares-kabel-mit-neutrik-3-pin-xlr-stecker-und-1-4-stereo-stecker\/","url_meta":{"origin":9346,"position":4},"title":"Shure BCASCA-NXLR3QI Abnehmbares Kabel mit Neutrik 3 Pin XLR Stecker und 1\/4&#8221; Stereo Stecker","date":"March 18, 2026","format":false,"excerpt":"Abnehmbares 7,5'-Kabel mit Neutrik 3-poligem XLR-Stecker und 1\/4''-Stereostecker. Zur Verwendung mit BRH440M, BRH441M und BRH50M Intercom Headsets. Shure Mikrofonkabel-Zubeh\u00f6r.","rel":"","context":"Similar post","img":{"alt_text":"","src":"https:\/\/i0.wp.com\/anythingtechnicallc.com\/wp-content\/uploads\/2024\/09\/41oVjLl7CHL._AC_SL1000_.jpg?fit=441%2C897&ssl=1&resize=350%2C200","width":350,"height":200},"classes":[]},{"id":9312,"url":"https:\/\/anythingtechnicallc.com\/index.php\/de\/product\/erneuerter-sennheiser-hd-560-s-audiophiler-kopfhoerer-neutraler-frequenzgang-e-a-r-technologie-fuer-breites-klangfeld-offene-ohrmuscheln-abnehmbares-kabel-schwarz-hd-560s\/","url_meta":{"origin":9346,"position":5},"title":"Erneuerter Sennheiser HD 560 S Audiophiler Kopfh\u00f6rer &#8211; Neutraler Frequenzgang, E.A.R. Technologie f\u00fcr breites Klangfeld, offene Ohrmuscheln, abnehmbares Kabel, (Schwarz) (HD 560S)","date":"March 19, 2026","format":false,"excerpt":"Nat\u00fcrlicher und pr\u00e4ziser Referenzklang, der die Wahrheit in Ihrer Musik offenbart. Lebensechte Tiefe und Realismus dank offener Ohrmuscheln, die eine nat\u00fcrliche Ausbreitung der Schallwellen erm\u00f6glichen. Die neue Polymermischung der Wandlermembran bietet eine hochlineare Auslenkung f\u00fcr eine hervorragende Kontrolle. Breites Klangbild durch ergonomische akustische Verfeinerung (e.a.r.), die die Treiber in den\u2026","rel":"","context":"Similar post","img":{"alt_text":"","src":"https:\/\/i0.wp.com\/anythingtechnicallc.com\/wp-content\/uploads\/2025\/07\/61h-ouaQb1L._AC_SL1280_.jpg?fit=745%2C1200&ssl=1&resize=350%2C200","width":350,"height":200},"classes":[]}],"pll_sync_post":[],"lang":"de","translations":{"de":9346,"en":7505},"_links":{"self":[{"href":"https:\/\/anythingtechnicallc.com\/index.php\/wp-json\/wp\/v2\/product\/9346","targetHints":{"allow":["GET"]}}],"collection":[{"href":"https:\/\/anythingtechnicallc.com\/index.php\/wp-json\/wp\/v2\/product"}],"about":[{"href":"https:\/\/anythingtechnicallc.com\/index.php\/wp-json\/wp\/v2\/types\/product"}],"replies":[{"embeddable":true,"href":"https:\/\/anythingtechnicallc.com\/index.php\/wp-json\/wp\/v2\/comments?post=9346"}],"wp:featuredmedia":[{"embeddable":true,"href":"https:\/\/anythingtechnicallc.com\/index.php\/wp-json\/wp\/v2\/media\/9345"}],"wp:attachment":[{"href":"https:\/\/anythingtechnicallc.com\/index.php\/wp-json\/wp\/v2\/media?parent=9346"}],"wp:term":[{"taxonomy":"product_brand","embeddable":true,"href":"https:\/\/anythingtechnicallc.com\/index.php\/wp-json\/wp\/v2\/product_brand?post=9346"},{"taxonomy":"product_cat","embeddable":true,"href":"https:\/\/anythingtechnicallc.com\/index.php\/wp-json\/wp\/v2\/product_cat?post=9346"},{"taxonomy":"product_tag","embeddable":true,"href":"https:\/\/anythingtechnicallc.com\/index.php\/wp-json\/wp\/v2\/product_tag?post=9346"}],"curies":[{"name":"wp","href":"https:\/\/api.w.org\/{rel}","templated":true}]}}