{"id":9349,"date":"2026-03-19T08:12:36","date_gmt":"2026-03-19T08:12:36","guid":{"rendered":"https:\/\/anythingtechnicallc.com\/?post_type=product&#038;p=9349"},"modified":"2026-03-19T08:12:36","modified_gmt":"2026-03-19T08:12:36","slug":"gebrauchtes-shure-mvi-digital-audio-interface-mit-usb-und-lightning-kabeln","status":"publish","type":"product","link":"https:\/\/anythingtechnicallc.com\/index.php\/de\/product\/gebrauchtes-shure-mvi-digital-audio-interface-mit-usb-und-lightning-kabeln\/","title":{"rendered":"Gebrauchtes Shure MVi Digital Audio Interface mit USB- und Lightning-Kabeln"},"content":{"rendered":"<ul class=\"a-unordered-list a-vertical a-spacing-mini\">\n<li class=\"a-spacing-mini\"><span class=\"a-list-item\">Digitales Audio-Interface f\u00fcr den Anschluss eines professionellen XLR-Mikrofons oder eines 1\/4&#8243;-Instrumentenausgangs an einen Computer oder ein mobiles Ger\u00e4t. <\/span><\/li>\n<li class=\"a-spacing-mini\"><span class=\"a-list-item\">Zu den Funktionen geh\u00f6ren 5 voreingestellte DSP-Modi f\u00fcr EQ-, Kompressions- und Limiter-Einstellungen, Verst\u00e4rkungsregelung, Stummschaltung und Lautst\u00e4rke sowie Phantomspeisung. <\/span><\/li>\n<li class=\"a-spacing-mini\"><span class=\"a-list-item\">5 DSP-Vorgabemodi (Sprache, Gesang, flach, akustisches Instrument, laut) f\u00fcr EQ-, Kompressions- und Limiter-Einstellungen. <\/span><\/li>\n<li class=\"a-spacing-mini\"><span class=\"a-list-item\">\u00dcber das Touchpanel k\u00f6nnen Sie die Verst\u00e4rkung, die Stummschaltung und die Kopfh\u00f6rerlautst\u00e4rke steuern. <\/span><\/li>\n<li class=\"a-spacing-mini\"><span class=\"a-list-item\">Manuelle Audioeinstellungen k\u00f6nnen \u00fcber iOS-Ger\u00e4te mit Lightning Connector mit der ShurePlus MOTIV App angepasst werden. <\/span><\/li>\n<li class=\"a-spacing-mini\"><span class=\"a-list-item\">JFET Class A gepufferter Instrumentenvorverst\u00e4rkereingang f\u00fcr au\u00dfergew\u00f6hnlichen Klang und Klarheit. <\/span><\/li>\n<li class=\"a-spacing-mini\"><span class=\"a-list-item\">Kombinierter XLR-Mikrofon- und 6,3 mm Instrumenteneingang. <\/span><\/li>\n<\/ul>\n<div class=\"a-row a-expander-container a-expander-inline-container\">\n<div class=\"a-expander-content a-expander-extend-content a-expander-content-expanded\" data-expanded=\"true\">\n<ul class=\"a-unordered-list a-vertical a-spacing-none\">\n<li class=\"a-spacing-mini\"><span class=\"a-list-item\">Wenn er an einen Laptop\/PC angeschlossen ist, liefert er auch die f\u00fcr den Betrieb von Kondensatormikrofonen erforderliche Phantomspeisung. <\/span><\/li>\n<li class=\"a-spacing-mini\"><span class=\"a-list-item\">F\u00fcr maximale Flexibilit\u00e4t l\u00e4sst sich das Ger\u00e4t an jeden PC, Mac oder jedes iOS-Ger\u00e4t mit Lightning Connector sowie an die meisten Android-Ger\u00e4te anschlie\u00dfen (kontaktieren Sie unser Expertenteam f\u00fcr vollst\u00e4ndige Kompatibilit\u00e4tsdetails), so dass Sie auch unterwegs absolute Kontrolle haben. <\/span><\/li>\n<li class=\"a-spacing-mini\"><span class=\"a-list-item\">Die ShurePlus MOTIV App f\u00fcr mobile Aufnahmen bietet Aufnahme, \u00dcberwachung und Kontrolle mit allen Shure MOTIV Digitalmikrofonen und Aufnahmel\u00f6sungen; sie umfasst Messfunktionen, Entzerrung, Komprimierung, Windger\u00e4uschunterdr\u00fcckung, eine verbesserte Benutzeroberfl\u00e4che und einen neuen Editor. <\/span><\/li>\n<\/ul>\n<\/div>\n<\/div>\n","protected":false},"excerpt":{"rendered":"<ul class=\"a-unordered-list a-vertical a-spacing-mini\">\n<li class=\"a-spacing-mini\"><span class=\"a-list-item\">Digitales Audio-Interface f\u00fcr den Anschluss eines professionellen XLR-Mikrofons oder eines 1\/4&#8243;-Instrumentenausgangs an einen Computer oder ein mobiles Ger\u00e4t. <\/span><\/li>\n<li class=\"a-spacing-mini\"><span class=\"a-list-item\">Zu den Funktionen geh\u00f6ren 5 voreingestellte DSP-Modi f\u00fcr EQ-, Kompressions- und Limiter-Einstellungen, Verst\u00e4rkungsregelung, Stummschaltung und Lautst\u00e4rke sowie Phantomspeisung. <\/span><\/li>\n<li class=\"a-spacing-mini\"><span class=\"a-list-item\">5 DSP-Vorgabemodi (Sprache, Gesang, flach, akustisches Instrument, laut) f\u00fcr EQ-, Kompressions- und Limiter-Einstellungen. <\/span><\/li>\n<li class=\"a-spacing-mini\"><span class=\"a-list-item\">\u00dcber das Touchpanel k\u00f6nnen Sie die Verst\u00e4rkung, die Stummschaltung und die Kopfh\u00f6rerlautst\u00e4rke steuern. <\/span><\/li>\n<li class=\"a-spacing-mini\"><span class=\"a-list-item\">Manuelle Audioeinstellungen k\u00f6nnen \u00fcber iOS-Ger\u00e4te mit Lightning Connector mit der ShurePlus MOTIV App angepasst werden. <\/span><\/li>\n<li class=\"a-spacing-mini\"><span class=\"a-list-item\">JFET Class A gepufferter Instrumentenvorverst\u00e4rkereingang f\u00fcr au\u00dfergew\u00f6hnlichen Klang und Klarheit. <\/span><\/li>\n<li class=\"a-spacing-mini\"><span class=\"a-list-item\">Kombinierter XLR-Mikrofon- und 6,3 mm Instrumenteneingang. <\/span><\/li>\n<\/ul>\n<div class=\"a-row a-expander-container a-expander-inline-container\">\n<div class=\"a-expander-content a-expander-extend-content a-expander-content-expanded\" data-expanded=\"true\">\n<ul class=\"a-unordered-list a-vertical a-spacing-none\">\n<li class=\"a-spacing-mini\"><span class=\"a-list-item\">Wenn er an einen Laptop\/PC angeschlossen ist, liefert er auch die f\u00fcr den Betrieb von Kondensatormikrofonen erforderliche Phantomspeisung. <\/span><\/li>\n<li class=\"a-spacing-mini\"><span class=\"a-list-item\">F\u00fcr maximale Flexibilit\u00e4t l\u00e4sst sich das Ger\u00e4t an jeden PC, Mac oder jedes iOS-Ger\u00e4t mit Lightning Connector sowie an die meisten Android-Ger\u00e4te anschlie\u00dfen (kontaktieren Sie unser Expertenteam f\u00fcr vollst\u00e4ndige Kompatibilit\u00e4tsdetails), so dass Sie auch unterwegs absolute Kontrolle haben. <\/span><\/li>\n<li class=\"a-spacing-mini\"><span class=\"a-list-item\">Die ShurePlus MOTIV App f\u00fcr mobile Aufnahmen bietet Aufnahme, \u00dcberwachung und Steuerung mit allen Shure MOTIV Digitalmikrofonen und Aufnahmel\u00f6sungen; sie umfasst Messfunktionen, Entzerrung, Komprimierung, Windger\u00e4uschunterdr\u00fcckung, eine verbesserte Benutzeroberfl\u00e4che und einen neuen Editor. <\/span><\/li>\n<\/ul>\n<\/div>\n<\/div>\n","protected":false},"featured_media":9348,"comment_status":"open","ping_status":"closed","template":"","meta":{"_et_pb_use_builder":"","_et_pb_old_content":"","_et_gb_content_width":""},"product_brand":[],"product_cat":[1576],"product_tag":[],"class_list":{"0":"post-9349","1":"product","2":"type-product","3":"status-publish","4":"has-post-thumbnail","6":"product_cat-kamerazubehoer","8":"first","9":"instock","10":"sale","11":"taxable","12":"shipping-taxable","13":"purchasable","14":"product-type-simple"},"exclude_global_add_ons":[],"addons":[],"jetpack-related-posts":[{"id":9130,"url":"https:\/\/anythingtechnicallc.com\/index.php\/de\/product\/shure-mv7-usb-mikrofon-fuer-podcasting-aufnahmen-live-streaming-und-spiele-integrierter-kopfhoererausgang-dynamisches-usb-xlr-mikrofon-aus-metall-sprachisolierende-technologie-teamspeak-und-zoo\/","url_meta":{"origin":9349,"position":0},"title":"Shure MV7 USB-Mikrofon f\u00fcr Podcasting, Aufnahmen, Live-Streaming und Spiele, integrierter Kopfh\u00f6rerausgang, dynamisches USB\/XLR-Mikrofon aus Metall, sprachisolierende Technologie, TeamSpeak- und Zoom-zertifiziert &#8211; Schwarz","date":"March 19, 2026","format":false,"excerpt":"Das Shure MV7 ist ein professionelles dynamisches USB\/XLR-Mikrofon, das vom legend\u00e4ren SM7B inspiriert wurde und sich ideal f\u00fcr Nahbesprechungsanwendungen eignet, bei denen eine gute Sprachverst\u00e4ndlichkeit und ein ausgewogener Klang erforderlich sind. \u00dcber ein Touchpanel am Mikrofon selbst k\u00f6nnen Sie die Mikrofonverst\u00e4rkung, den Kopfh\u00f6rerpegel, den Monitormix und die Stummschaltung steuern. Mit\u2026","rel":"","context":"Similar post","img":{"alt_text":"","src":"https:\/\/i0.wp.com\/anythingtechnicallc.com\/wp-content\/uploads\/2025\/02\/81ZHXEuhgIL._AC_SL1500_.jpg?fit=909%2C1200&ssl=1&resize=350%2C200","width":350,"height":200},"classes":[]},{"id":9256,"url":"https:\/\/anythingtechnicallc.com\/index.php\/de\/product\/gebrauchtes-shure-mv7-usb-podcast-mikrofon-silber\/","url_meta":{"origin":9349,"position":1},"title":"Gebrauchtes Shure MV7 USB Podcast Mikrofon &#8211; Silber","date":"March 19, 2026","format":false,"excerpt":"USB- ODER XLR-ANSCHL\u00dcSSE: Der doppelte USB\/XLR-Ausgang erm\u00f6glicht digitale oder analoge Aufnahmen. CLOSE MIC ANWENDUNGEN: Ideal f\u00fcr Podcasting, Aufnahmen, Live-Streaming und mehr. INTUITIVE TOUCHPANEL-BEDIENELEMENTE: Intuitives Touchpanel zur Steuerung von Verst\u00e4rkung, Abh\u00f6rlautst\u00e4rke, Kopfh\u00f6rermix und Mikrofonstummschaltung. INTEGRIERTER KOPFH\u00d6RERAUSGANG: Der integrierte Kopfh\u00f6rerausgang erm\u00f6glicht das direkte Abh\u00f6ren \u00fcber Kopfh\u00f6rer w\u00e4hrend der Aufnahme. RICH & NATURAL\u2026","rel":"","context":"Similar post","img":{"alt_text":"","src":"https:\/\/i0.wp.com\/anythingtechnicallc.com\/wp-content\/uploads\/2025\/06\/7187FWHMGCL._AC_SL1500_.jpg?fit=858%2C1200&ssl=1&resize=350%2C200","width":350,"height":200},"classes":[]},{"id":9297,"url":"https:\/\/anythingtechnicallc.com\/index.php\/de\/product\/erneuertes-dynamisches-shure-mv7-podcast-mikrofon-obs-zertifiziert-enhanced-audio-led-touch-panel-usb-c-xlr-ausgaenge-auto-level-modus-digitaler-pop-filter-halleffekte-podcasting-streamin\/","url_meta":{"origin":9349,"position":2},"title":"Erneuertes dynamisches Shure MV7+ Podcast-Mikrofon. OBS-zertifiziert, Enhanced Audio, LED-Touch-Panel, USB-C- &#038; XLR-Ausg\u00e4nge, Auto-Level-Modus, digitaler Pop-Filter, Halleffekte, Podcasting, Streaming, Aufnahme -Schwarz","date":"March 19, 2026","format":false,"excerpt":"Erschlie\u00dfen Sie das gesamte Klangspektrum. Das MV7+ wurde mit einem anpassbaren LED-Touch-Panel, leistungsstarken DSP-Funktionen und noch besserem Klang aufgefrischt und ist ein dynamisches Mikrofon f\u00fcr anspruchsvolle Podcaster, Streamer und Musiker. Diese aktualisierte Version bietet USB-C- und XLR-Ausg\u00e4nge, einen verbesserten Auto-Level-Modus sowie einen neuen digitalen Pop-Filter, Echtzeit-Denoiser und Reverb-Effekte. W\u00e4hlen Sie\u2026","rel":"","context":"Similar post","img":{"alt_text":"","src":"https:\/\/i0.wp.com\/anythingtechnicallc.com\/wp-content\/uploads\/2025\/07\/81SkpwyPZnL._AC_SL1500_.jpg?fit=846%2C1200&ssl=1&resize=350%2C200","width":350,"height":200},"classes":[]},{"id":9062,"url":"https:\/\/anythingtechnicallc.com\/index.php\/de\/product\/shure-mv51-digitales-grossmembran-kondensatormikrofon-mit-usb-und-lightning-kabeln\/","url_meta":{"origin":9349,"position":3},"title":"Shure MV51 Digitales Gro\u00dfmembran-Kondensatormikrofon mit USB- und Lightning-Kabeln","date":"March 18, 2026","format":false,"excerpt":"Gro\u00dfmembran-Kondensatorkapsel f\u00fcr vollmundige Tonaufnahmen. iOS- und USB-Konnektivit\u00e4t erm\u00f6glicht eine schnelle Einrichtung ohne Audio-Interface oder zus\u00e4tzliche Adapter oder Anschluss-Kits (Apple MFi-zertifiziert). Integrierter hinterer St\u00e4nder f\u00fcr die Verwendung auf dem Tisch. Oder schrauben Sie die Endkappe ab und befestigen Sie sie an einem Standard 5\/8\"-Mikrofonst\u00e4nder. Ber\u00fchrungssteuerung auf der Vorderseite f\u00fcr 5 DSP-Voreinstellungsmodi,\u2026","rel":"","context":"Similar post","img":{"alt_text":"","src":"https:\/\/i0.wp.com\/anythingtechnicallc.com\/wp-content\/uploads\/2024\/09\/71vrOq5on1L._AC_SL1500_.jpg?fit=834%2C1200&ssl=1&resize=350%2C200","width":350,"height":200},"classes":[]},{"id":9309,"url":"https:\/\/anythingtechnicallc.com\/index.php\/de\/product\/shure-mv88-video-kit-digitales-stereo-kondensatormikrofon-fuer-apple-und-android-mit-manfrotto-pixi-stativ-telefonklammer-halterung-ios-und-usb-c-kabel-fuer-kompatibilitaet-und-konnektivitaet\/","url_meta":{"origin":9349,"position":4},"title":"Shure MV88+ Video Kit &#8211; Digitales Stereo-Kondensatormikrofon f\u00fcr Apple und Android, mit Manfrotto PIXI-Stativ, Telefonklammer, Halterung, iOS- und USB-C-Kabel f\u00fcr Kompatibilit\u00e4t und Konnektivit\u00e4t auf h\u00f6chstem Niveau","date":"March 19, 2026","format":false,"excerpt":"Das MOTIV MV88+ Video Kit ist ein hochwertiges digitales Stereo-Kondensatormikrofon. Ihr neues mobiles Aufnahmeger\u00e4t l\u00e4sst sich \u00fcber einen Lightning-Anschluss direkt mit jedem Apple-Ger\u00e4t oder \u00fcber USB-C mit ausgew\u00e4hlten weiteren Ger\u00e4ten verbinden. Das MV88+ hat alles, was Sie brauchen, um gro\u00dfartige Aufnahmen zu machen - direkt nach dem Auspacken. Die im\u2026","rel":"","context":"Similar post","img":{"alt_text":"","src":"https:\/\/i0.wp.com\/anythingtechnicallc.com\/wp-content\/uploads\/2025\/07\/71V1p0Wj5JL._AC_SL1500_.jpg?fit=1163%2C1200&ssl=1&resize=350%2C200","width":350,"height":200},"classes":[]},{"id":9044,"url":"https:\/\/anythingtechnicallc.com\/index.php\/de\/product\/shure-motiv-mv88-digitales-stereo-kondensatormikrofon-zum-anstecken-an-ios-geraete-lightning-anschluss-professioneller-klang-aus-einem-ios-kompatiblen-ansteckmikrofon\/","url_meta":{"origin":9349,"position":5},"title":"Shure Motiv MV88 Digitales Stereo-Kondensatormikrofon &#8211; zum Anstecken an iOS-Ger\u00e4te, Lightning-Anschluss, professioneller Klang aus einem iOS-kompatiblen Ansteckmikrofon","date":"March 18, 2026","format":false,"excerpt":"IOS LIGHTNING ANSCHLUSS - Apple MFi zertifiziert und kompatibel mit allen iOS-Ger\u00e4ten mit Lightning-Anschluss. TASCHENFREUNDLICH - Nehmen Sie unterwegs leistungsstarke Audioaufnahmen auf, ohne dass Sie eine gro\u00dfe und schwere Audioausr\u00fcstung ben\u00f6tigen. VOLLST\u00c4NDIG ANPASSBAR - Sie k\u00f6nnen das Mikrofon um bis zu 90\u00b0 neigen, kippen und drehen, um unabh\u00e4ngig von der\u2026","rel":"","context":"Similar post","img":{"alt_text":"","src":"https:\/\/i0.wp.com\/anythingtechnicallc.com\/wp-content\/uploads\/2024\/09\/51YPM4TyDtL._AC_SL1500_.jpg?fit=640%2C1200&ssl=1&resize=350%2C200","width":350,"height":200},"classes":[]}],"pll_sync_post":[],"lang":"de","translations":{"de":9349,"en":7507},"_links":{"self":[{"href":"https:\/\/anythingtechnicallc.com\/index.php\/wp-json\/wp\/v2\/product\/9349","targetHints":{"allow":["GET"]}}],"collection":[{"href":"https:\/\/anythingtechnicallc.com\/index.php\/wp-json\/wp\/v2\/product"}],"about":[{"href":"https:\/\/anythingtechnicallc.com\/index.php\/wp-json\/wp\/v2\/types\/product"}],"replies":[{"embeddable":true,"href":"https:\/\/anythingtechnicallc.com\/index.php\/wp-json\/wp\/v2\/comments?post=9349"}],"wp:featuredmedia":[{"embeddable":true,"href":"https:\/\/anythingtechnicallc.com\/index.php\/wp-json\/wp\/v2\/media\/9348"}],"wp:attachment":[{"href":"https:\/\/anythingtechnicallc.com\/index.php\/wp-json\/wp\/v2\/media?parent=9349"}],"wp:term":[{"taxonomy":"product_brand","embeddable":true,"href":"https:\/\/anythingtechnicallc.com\/index.php\/wp-json\/wp\/v2\/product_brand?post=9349"},{"taxonomy":"product_cat","embeddable":true,"href":"https:\/\/anythingtechnicallc.com\/index.php\/wp-json\/wp\/v2\/product_cat?post=9349"},{"taxonomy":"product_tag","embeddable":true,"href":"https:\/\/anythingtechnicallc.com\/index.php\/wp-json\/wp\/v2\/product_tag?post=9349"}],"curies":[{"name":"wp","href":"https:\/\/api.w.org\/{rel}","templated":true}]}}