{"id":9352,"date":"2026-03-19T08:52:15","date_gmt":"2026-03-19T08:52:15","guid":{"rendered":"https:\/\/anythingtechnicallc.com\/?post_type=product&#038;p=9352"},"modified":"2026-03-19T08:53:13","modified_gmt":"2026-03-19T08:53:13","slug":"shure-true-wireless-adapter-gen-2-fuer-klangisolierende-ohrhoerer-sichere-ueber-ohr-passform-bluetooth-5-wireless-technologie-lange-akkulaufzeit-mit-ladeetui-fingertip-steuerung-rmce-tw2","status":"publish","type":"product","link":"https:\/\/anythingtechnicallc.com\/index.php\/de\/product\/shure-true-wireless-adapter-gen-2-fuer-klangisolierende-ohrhoerer-sichere-ueber-ohr-passform-bluetooth-5-wireless-technologie-lange-akkulaufzeit-mit-ladeetui-fingertip-steuerung-rmce-tw2\/","title":{"rendered":"Shure True Wireless Adapter (Gen 2) f\u00fcr klangisolierende Ohrh\u00f6rer, sichere \u00dcber-Ohr-Passform, Bluetooth 5 Wireless-Technologie, lange Akkulaufzeit mit Ladeetui &#038; Fingertip-Steuerung (RMCE-TW2)"},"content":{"rendered":"<ul class=\"a-unordered-list a-vertical a-spacing-mini\">\n<li class=\"a-spacing-mini\"><span class=\"a-list-item\">TRUE WIRELESS ADAPTER GEN 2 &#8211; Der True Wireless Adapter, Gen 2 verwandelt jeden abnehmbaren Shure Sound Isolating Ohrh\u00f6rer in ein echtes Drahtlosger\u00e4t (Ohrh\u00f6rer separat erh\u00e4ltlich). <\/span><\/li>\n<li class=\"a-spacing-mini\"><span class=\"a-list-item\">SCHWEISS- UND WASSERBEST\u00c4NDIG &#8211; Schwei\u00df- und wasserfest mit einer IPX4-Einstufung in Verbindung mit abnehmbaren Shure Ohrh\u00f6rern. Sie wurden strengen Qualit\u00e4ts- und Haltbarkeitstests unterzogen, um sicherzustellen, dass sie ihre Spitzenleistung beibehalten. <\/span><\/li>\n<li class=\"a-spacing-mini\"><span class=\"a-list-item\">SICHERER OVER-EAR-SITZ &#8211; Ihre Ohrh\u00f6rer bleiben an Ort und Stelle und sorgen f\u00fcr einen unvergleichlichen, lang anhaltenden Tragekomfort, selbst bei anstrengenden Aktivit\u00e4ten. <\/span><\/li>\n<li class=\"a-spacing-mini\"><span class=\"a-list-item\">UMGEBUNGSMODUS &#8211; Mit dem Umgebungsmodus k\u00f6nnen Sie die Au\u00dfenwelt mit einem Knopfdruck h\u00f6ren. <\/span><\/li>\n<li class=\"a-spacing-mini\"><span class=\"a-list-item\">32 STUNDEN BATTERIELAUFZEIT &#8211; Bis zu 32 Stunden Gesamtlaufzeit der Batterie. Ununterbrochener Klang, wo immer Sie sind &#8211; im Zug, im Fitnessstudio oder bei der Arbeit. Der Adapter bietet eine Akkulaufzeit von bis zu 8 Stunden, und die mitgelieferte Tragetasche erm\u00f6glicht drei weitere Aufladungen. <\/span><\/li>\n<\/ul>\n","protected":false},"excerpt":{"rendered":"<ul class=\"a-unordered-list a-vertical a-spacing-mini\">\n<li class=\"a-spacing-mini\"><span class=\"a-list-item\">TRUE WIRELESS ADAPTER GEN 2 &#8211; Der True Wireless Adapter, Gen 2 verwandelt jeden abnehmbaren Shure Sound Isolating Ohrh\u00f6rer in ein echtes Drahtlosger\u00e4t (Ohrh\u00f6rer separat erh\u00e4ltlich). <\/span><\/li>\n<li class=\"a-spacing-mini\"><span class=\"a-list-item\">SCHWEISS- UND WASSERBEST\u00c4NDIG &#8211; Schwei\u00df- und wasserfest mit einer IPX4-Einstufung in Verbindung mit abnehmbaren Shure Ohrh\u00f6rern. Sie wurden strengen Qualit\u00e4ts- und Haltbarkeitstests unterzogen, um sicherzustellen, dass sie ihre Spitzenleistung beibehalten. <\/span><\/li>\n<li class=\"a-spacing-mini\"><span class=\"a-list-item\">SICHERER OVER-EAR-SITZ &#8211; Ihre Ohrh\u00f6rer bleiben an Ort und Stelle und sorgen f\u00fcr einen unvergleichlichen, lang anhaltenden Tragekomfort, selbst bei anstrengenden Aktivit\u00e4ten. <\/span><\/li>\n<li class=\"a-spacing-mini\"><span class=\"a-list-item\">UMGEBUNGSMODUS &#8211; Mit dem Umgebungsmodus k\u00f6nnen Sie die Au\u00dfenwelt mit einem Knopfdruck h\u00f6ren. <\/span><\/li>\n<li class=\"a-spacing-mini\"><span class=\"a-list-item\">32 STUNDEN BATTERIELAUFZEIT &#8211; Bis zu 32 Stunden Gesamtlaufzeit der Batterie. Ununterbrochener Klang, wo immer Sie sind &#8211; im Zug, im Fitnessstudio oder bei der Arbeit. Der Adapter bietet eine Akkulaufzeit von bis zu 8 Stunden, und die mitgelieferte Tragetasche erm\u00f6glicht drei weitere Aufladungen. <\/span><\/li>\n<\/ul>\n","protected":false},"featured_media":9351,"comment_status":"open","ping_status":"closed","template":"","meta":{"_et_pb_use_builder":"","_et_pb_old_content":"","_et_gb_content_width":""},"product_brand":[],"product_cat":[1372],"product_tag":[],"class_list":{"0":"post-9352","1":"product","2":"type-product","3":"status-publish","4":"has-post-thumbnail","6":"product_cat-elektronik","8":"first","9":"instock","10":"sale","11":"taxable","12":"shipping-taxable","13":"purchasable","14":"product-type-simple"},"exclude_global_add_ons":[],"addons":[],"jetpack-related-posts":[{"id":9359,"url":"https:\/\/anythingtechnicallc.com\/index.php\/de\/product\/shure-rmce-tw2-gen-2-true-wireless-secure-fit-adapter-links-rechts\/","url_meta":{"origin":9352,"position":0},"title":"Shure RMCE-TW2 Gen 2 True Wireless Secure Fit Adapter &#8211; Links \/ Rechts","date":"March 19, 2026","format":false,"excerpt":"Der True Wireless Adapter verwandelt jeden abnehmbaren Shure Sound Isolating Ohrh\u00f6rer in einen kabellosen Kopfh\u00f6rer (Ohrh\u00f6rer separat erh\u00e4ltlich). Sicherer, ohrumschlie\u00dfender Sitz. Ihre Ohrh\u00f6rer bleiben an Ort und Stelle und sorgen f\u00fcr einen unvergleichlichen, lang anhaltenden Tragekomfort, selbst bei anstrengenden Aktivit\u00e4ten. Umgebungsmodus. H\u00f6ren Sie die Au\u00dfenwelt mit nur einem Knopfdruck. Bis\u2026","rel":"","context":"Similar post","img":{"alt_text":"","src":"https:\/\/i0.wp.com\/anythingtechnicallc.com\/wp-content\/uploads\/2025\/08\/61QmtAN3qwL._AC_SL1200_.jpg?fit=1089%2C1200&ssl=1&resize=350%2C200","width":350,"height":200},"classes":[]},{"id":9218,"url":"https:\/\/anythingtechnicallc.com\/index.php\/de\/product\/used-shure-rmce-tw1-true-wireless-secure-fit-adapter-fuer-klangisolierende-kopfhoerer-schwarz-mit-ladeetui\/","url_meta":{"origin":9352,"position":1},"title":"USED SHURE RMCE-TW1 True Wireless Secure Fit Adapter f\u00fcr klangisolierende Kopfh\u00f6rer Schwarz mit Ladeetui","date":"March 19, 2026","format":false,"excerpt":"Das Shure RMCE-TW1 True Wireless Secure Fit Adapter Set verwandelt jeden abnehmbaren Shure Sound Isolating\u2122 Kopfh\u00f6rer in einen echten kabellosen Kopfh\u00f6rer. Erleben Sie au\u00dfergew\u00f6hnlichen Komfort und einen sicheren Sitz mit einem immersiven, erstklassigen H\u00f6rerlebnis, wohin Sie auch gehen. Shure RMCE-TW1 True Wireless Secure Fit Adapter Der True Wireless Adapter verwandelt\u2026","rel":"","context":"Similar post","img":{"alt_text":"","src":"https:\/\/i0.wp.com\/anythingtechnicallc.com\/wp-content\/uploads\/2025\/02\/RMCE-TW1.webp?fit=1200%2C900&ssl=1&resize=350%2C200","width":350,"height":200},"classes":[]},{"id":9355,"url":"https:\/\/anythingtechnicallc.com\/index.php\/de\/product\/gebrauchte-shure-rmce-tw1-wireless-adapter-fuer-shure-sound-isolating-earphones-wireless-bluetooth-kompatibel-8-stunden-akkulaufzeit-komfortable-over-ear-passform-schwarz\/","url_meta":{"origin":9352,"position":2},"title":"Gebrauchte Shure Rmce-Tw1, Wireless Adapter f\u00fcr Shure Sound Isolating Earphones, Wireless Bluetooth kompatibel, 8 Stunden Akkulaufzeit, komfortable Over Ear Passform, Schwarz","date":"March 19, 2026","format":false,"excerpt":"Machen Sie Schluss mit Kabeln: Das Shure True Wireless Secure Fit Adapter Set verwandelt jeden abnehmbaren Shure Sound Isolating Ohrh\u00f6rer in einen echten kabellosen Kopfh\u00f6rer (Ohrh\u00f6rer sind separat erh\u00e4ltlich). SICHERER & KOMFORTABLER SITZ: Dieser Adapter f\u00fcr \u00dcber-Ohr-Kopfh\u00f6rer wurde mit dem gleichen Design entwickelt, das Musiker f\u00fcr In-Ear-Monitoring auf der B\u00fchne\u2026","rel":"","context":"Similar post","img":{"alt_text":"","src":"https:\/\/i0.wp.com\/anythingtechnicallc.com\/wp-content\/uploads\/2025\/08\/Shure-RMCE-TW1.jpg?fit=1200%2C900&ssl=1&resize=350%2C200","width":350,"height":200},"classes":[]},{"id":9068,"url":"https:\/\/anythingtechnicallc.com\/index.php\/de\/product\/shure-aonic-free-true-wireless-earbuds-klangisolierende-kabellose-bluetooth-kopfhoerer-21-stunden-akkulaufzeit-klang-in-studioqualitaet-klare-anrufe-langlebige-qualitaet-geringes-gewicht-steuer\/","url_meta":{"origin":9352,"position":3},"title":"Shure AONIC Free True Wireless Earbuds, klangisolierende kabellose Bluetooth-Kopfh\u00f6rer, 21 Stunden Akkulaufzeit, Klang in Studioqualit\u00e4t, klare Anrufe, langlebige Qualit\u00e4t, geringes Gewicht, Steuerung mit den Fingerspitzen","date":"March 18, 2026","format":false,"excerpt":"Hinweis : Wenn die Gr\u00f6\u00dfe der Ohrst\u00f6psel nicht mit der Gr\u00f6\u00dfe Ihrer Geh\u00f6rg\u00e4nge \u00fcbereinstimmt oder das Headset nicht richtig in Ihren Ohren getragen wird, erhalten Sie m\u00f6glicherweise nicht die richtige Klangqualit\u00e4t oder Anrufleistung. Tauschen Sie die Ohrst\u00f6psel gegen solche aus, die besser in Ihrem Ohr sitzen. Klare, tiefe B\u00e4sse, STUDIO-Klangqualit\u00e4t\u2026","rel":"","context":"Similar post","img":{"alt_text":"","src":"https:\/\/i0.wp.com\/anythingtechnicallc.com\/wp-content\/uploads\/2024\/09\/Shure-Aonic-Free-scaled.jpg?fit=1200%2C675&ssl=1&resize=350%2C200","width":350,"height":200},"classes":[]},{"id":9024,"url":"https:\/\/anythingtechnicallc.com\/index.php\/de\/product\/shure-ohrhoerer-ersatzkabel-fuer-se-sound-isolating-ohrhoerer-mit-abnehmbaren-mmcx-anschlusskabeln-se215-se315-se425-se535-se846-64-zoll-lang-schwarz-eac46bk\/","url_meta":{"origin":9352,"position":4},"title":"Shure Ohrh\u00f6rer-Ersatzkabel f\u00fcr SE Sound Isolating Ohrh\u00f6rer mit abnehmbaren MMCX-Anschlusskabeln (SE215, SE315, SE425, SE535, SE846) &#8211; 64 Zoll lang, schwarz (EAC46BK)","date":"March 18, 2026","format":false,"excerpt":"Legend\u00e4re Shure Qualit\u00e4t f\u00fcr den harten Alltagseinsatz. Echtes Shure Zubeh\u00f6r. Vernickelter MMCX-Anschluss. Bietet lang anhaltenden Komfort und Strapazierf\u00e4higkeit f\u00fcr die B\u00fchne oder den t\u00e4glichen Gebrauch.","rel":"","context":"Similar post","img":{"alt_text":"","src":"https:\/\/i0.wp.com\/anythingtechnicallc.com\/wp-content\/uploads\/2024\/09\/41VxWmtGlL._AC_SL1000_.jpg?fit=282%2C772&ssl=1&resize=350%2C200","width":350,"height":200},"classes":[]},{"id":9026,"url":"https:\/\/anythingtechnicallc.com\/index.php\/de\/product\/shure-rmce-uni-remote-mic-universal-kommunikationskabel-fuer-abnehmbare-se-ohrhoerer-35-mm-anschluss-50-zoll-lang-anrufe-sprachansagen-lautstaerke-wiedergabesteuerung-auf-apple-und-android-g\/","url_meta":{"origin":9352,"position":5},"title":"Shure RMCE-UNI Remote Mic Universal Kommunikationskabel f\u00fcr abnehmbare SE Ohrh\u00f6rer &#8211; 3,5 mm Anschluss, 50 Zoll lang &#8211; Anrufe, Sprachansagen, Lautst\u00e4rke-\/Wiedergabesteuerung auf Apple- und Android-Ger\u00e4ten","date":"March 18, 2026","format":false,"excerpt":"Nahtloser \u00dcbergang zwischen Apple- und Android-Ger\u00e4ten. Kompatibel mit allen abnehmbaren SE Sound Isolating Earphones. Das integrierte Mikrofon erm\u00f6glicht eine hervorragende Lautst\u00e4rke- und Wiedergabesteuerung. Dieselbe au\u00dfergew\u00f6hnliche Klangqualit\u00e4t, die Sie von Shure gewohnt sind.","rel":"","context":"Similar post","img":{"alt_text":"","src":"https:\/\/i0.wp.com\/anythingtechnicallc.com\/wp-content\/uploads\/2024\/09\/41VxWmtGlL._AC_SL1000_.jpg?fit=282%2C772&ssl=1&resize=350%2C200","width":350,"height":200},"classes":[]}],"pll_sync_post":[],"lang":"de","translations":{"de":9352,"en":7510},"_links":{"self":[{"href":"https:\/\/anythingtechnicallc.com\/index.php\/wp-json\/wp\/v2\/product\/9352","targetHints":{"allow":["GET"]}}],"collection":[{"href":"https:\/\/anythingtechnicallc.com\/index.php\/wp-json\/wp\/v2\/product"}],"about":[{"href":"https:\/\/anythingtechnicallc.com\/index.php\/wp-json\/wp\/v2\/types\/product"}],"replies":[{"embeddable":true,"href":"https:\/\/anythingtechnicallc.com\/index.php\/wp-json\/wp\/v2\/comments?post=9352"}],"wp:featuredmedia":[{"embeddable":true,"href":"https:\/\/anythingtechnicallc.com\/index.php\/wp-json\/wp\/v2\/media\/9351"}],"wp:attachment":[{"href":"https:\/\/anythingtechnicallc.com\/index.php\/wp-json\/wp\/v2\/media?parent=9352"}],"wp:term":[{"taxonomy":"product_brand","embeddable":true,"href":"https:\/\/anythingtechnicallc.com\/index.php\/wp-json\/wp\/v2\/product_brand?post=9352"},{"taxonomy":"product_cat","embeddable":true,"href":"https:\/\/anythingtechnicallc.com\/index.php\/wp-json\/wp\/v2\/product_cat?post=9352"},{"taxonomy":"product_tag","embeddable":true,"href":"https:\/\/anythingtechnicallc.com\/index.php\/wp-json\/wp\/v2\/product_tag?post=9352"}],"curies":[{"name":"wp","href":"https:\/\/api.w.org\/{rel}","templated":true}]}}