{"id":9355,"date":"2026-03-19T08:52:26","date_gmt":"2026-03-19T08:52:26","guid":{"rendered":"https:\/\/anythingtechnicallc.com\/?post_type=product&#038;p=9355"},"modified":"2026-03-19T08:52:26","modified_gmt":"2026-03-19T08:52:26","slug":"gebrauchte-shure-rmce-tw1-wireless-adapter-fuer-shure-sound-isolating-earphones-wireless-bluetooth-kompatibel-8-stunden-akkulaufzeit-komfortable-over-ear-passform-schwarz","status":"publish","type":"product","link":"https:\/\/anythingtechnicallc.com\/index.php\/de\/product\/gebrauchte-shure-rmce-tw1-wireless-adapter-fuer-shure-sound-isolating-earphones-wireless-bluetooth-kompatibel-8-stunden-akkulaufzeit-komfortable-over-ear-passform-schwarz\/","title":{"rendered":"Gebrauchte Shure Rmce-Tw1, Wireless Adapter f\u00fcr Shure Sound Isolating Earphones, Wireless Bluetooth kompatibel, 8 Stunden Akkulaufzeit, komfortable Over Ear Passform, Schwarz"},"content":{"rendered":"<ul class=\"a-unordered-list a-vertical a-spacing-mini\">\n<li class=\"a-spacing-mini\"><span class=\"a-list-item\">Machen Sie Schluss mit Kabeln: Das Shure True Wireless Secure Fit Adapter Set verwandelt jeden abnehmbaren Shure Sound Isolating Ohrh\u00f6rer in einen echten kabellosen Kopfh\u00f6rer (Ohrh\u00f6rer sind separat erh\u00e4ltlich). <\/span><\/li>\n<li class=\"a-spacing-mini\"><span class=\"a-list-item\">SICHERER &amp; KOMFORTABLER SITZ: Dieser Adapter f\u00fcr \u00dcber-Ohr-Kopfh\u00f6rer wurde mit dem gleichen Design entwickelt, das Musiker f\u00fcr In-Ear-Monitoring auf der B\u00fchne verwenden. Ihre Ohrh\u00f6rer bleiben an Ort und Stelle und bieten so einen un\u00fcbertroffenen, lang anhaltenden Tragekomfort, selbst bei anstrengenden Aktivit\u00e4ten. Das mitgelieferte Anpassungsset mit individuellen Muffen macht Ihre Ohrh\u00f6rer zu etwas Einzigartigem. <\/span><\/li>\n<li class=\"a-spacing-mini\"><span class=\"a-list-item\">BLUETOOTH-KOMPATIBILIT\u00c4T: Machen Sie Ihre Ohrh\u00f6rer kabellos mit verbesserter Stabilit\u00e4t und einer Reichweite von bis zu 30 Fu\u00df. Mit der drahtlosen Bluetooth 5-Technologie k\u00f6nnen Sie auch direkt von Ihrem Smartphone, Tablet oder Computer aus Musik h\u00f6ren und Anrufe t\u00e4tigen. <\/span><\/li>\n<li class=\"a-spacing-mini\"><span class=\"a-list-item\">LANGE BATTERIELAUFZEIT: Genie\u00dfen Sie bis zu 8 Stunden Akkulaufzeit und ununterbrochenen Klang, wo immer Sie sind &#8211; im Zug, im Fitnessstudio oder bei der Arbeit. Die mitgelieferte Tragetasche erm\u00f6glicht drei zus\u00e4tzliche Aufladungen f\u00fcr insgesamt bis zu 32 Stunden Akkulaufzeit unterwegs. Zum Lieferumfang geh\u00f6ren au\u00dferdem ein True Wireless Secure Fit Adapter Set, eine Ladetasche und ein USB-C-Ladekabel.<\/span><\/li>\n<\/ul>\n","protected":false},"excerpt":{"rendered":"<ul class=\"a-unordered-list a-vertical a-spacing-mini\">\n<li class=\"a-spacing-mini\"><span class=\"a-list-item\">Machen Sie Schluss mit Kabeln: Das Shure True Wireless Secure Fit Adapter Set verwandelt jeden abnehmbaren Shure Sound Isolating Ohrh\u00f6rer in einen echten kabellosen Kopfh\u00f6rer (Ohrh\u00f6rer sind separat erh\u00e4ltlich). <\/span><\/li>\n<li class=\"a-spacing-mini\"><span class=\"a-list-item\">SICHERER &amp; KOMFORTABLER SITZ: Dieser Adapter f\u00fcr \u00dcber-Ohr-Kopfh\u00f6rer wurde mit dem gleichen Design entwickelt, das Musiker f\u00fcr In-Ear-Monitoring auf der B\u00fchne verwenden. Ihre Ohrh\u00f6rer bleiben an Ort und Stelle und bieten so einen un\u00fcbertroffenen, lang anhaltenden Tragekomfort, selbst bei anstrengenden Aktivit\u00e4ten. Das mitgelieferte Anpassungsset mit individuellen Muffen macht Ihre Ohrh\u00f6rer zu etwas Einzigartigem. <\/span><\/li>\n<li class=\"a-spacing-mini\"><span class=\"a-list-item\">BLUETOOTH-KOMPATIBILIT\u00c4T: Machen Sie Ihre Ohrh\u00f6rer kabellos mit verbesserter Stabilit\u00e4t und einer Reichweite von bis zu 30 Fu\u00df. Mit der drahtlosen Bluetooth 5-Technologie k\u00f6nnen Sie auch direkt von Ihrem Smartphone, Tablet oder Computer aus Musik h\u00f6ren und Anrufe t\u00e4tigen. <\/span><\/li>\n<li class=\"a-spacing-mini\"><span class=\"a-list-item\">LANGE BATTERIELAUFZEIT: Genie\u00dfen Sie bis zu 8 Stunden Akkulaufzeit und ununterbrochenen Klang, wo immer Sie sind &#8211; im Zug, im Fitnessstudio oder bei der Arbeit. Die mitgelieferte Tragetasche erm\u00f6glicht drei zus\u00e4tzliche Aufladungen f\u00fcr insgesamt bis zu 32 Stunden Akkulaufzeit unterwegs. Zum Lieferumfang geh\u00f6ren au\u00dferdem ein True Wireless Secure Fit Adapter Set, eine Ladetasche und ein USB-C-Ladekabel.<\/span><\/li>\n<\/ul>\n","protected":false},"featured_media":9354,"comment_status":"open","ping_status":"closed","template":"","meta":{"_et_pb_use_builder":"","_et_pb_old_content":"","_et_gb_content_width":""},"product_brand":[],"product_cat":[1372],"product_tag":[],"class_list":{"0":"post-9355","1":"product","2":"type-product","3":"status-publish","4":"has-post-thumbnail","6":"product_cat-elektronik","8":"first","9":"instock","10":"sale","11":"taxable","12":"shipping-taxable","13":"purchasable","14":"product-type-simple"},"exclude_global_add_ons":[],"addons":[],"jetpack-related-posts":[{"id":9359,"url":"https:\/\/anythingtechnicallc.com\/index.php\/de\/product\/shure-rmce-tw2-gen-2-true-wireless-secure-fit-adapter-links-rechts\/","url_meta":{"origin":9355,"position":0},"title":"Shure RMCE-TW2 Gen 2 True Wireless Secure Fit Adapter &#8211; Links \/ Rechts","date":"March 19, 2026","format":false,"excerpt":"Der True Wireless Adapter verwandelt jeden abnehmbaren Shure Sound Isolating Ohrh\u00f6rer in einen kabellosen Kopfh\u00f6rer (Ohrh\u00f6rer separat erh\u00e4ltlich). Sicherer, ohrumschlie\u00dfender Sitz. Ihre Ohrh\u00f6rer bleiben an Ort und Stelle und sorgen f\u00fcr einen unvergleichlichen, lang anhaltenden Tragekomfort, selbst bei anstrengenden Aktivit\u00e4ten. Umgebungsmodus. H\u00f6ren Sie die Au\u00dfenwelt mit nur einem Knopfdruck. Bis\u2026","rel":"","context":"Similar post","img":{"alt_text":"","src":"https:\/\/i0.wp.com\/anythingtechnicallc.com\/wp-content\/uploads\/2025\/08\/61QmtAN3qwL._AC_SL1200_.jpg?fit=1089%2C1200&ssl=1&resize=350%2C200","width":350,"height":200},"classes":[]},{"id":9352,"url":"https:\/\/anythingtechnicallc.com\/index.php\/de\/product\/shure-true-wireless-adapter-gen-2-fuer-klangisolierende-ohrhoerer-sichere-ueber-ohr-passform-bluetooth-5-wireless-technologie-lange-akkulaufzeit-mit-ladeetui-fingertip-steuerung-rmce-tw2\/","url_meta":{"origin":9355,"position":1},"title":"Shure True Wireless Adapter (Gen 2) f\u00fcr klangisolierende Ohrh\u00f6rer, sichere \u00dcber-Ohr-Passform, Bluetooth 5 Wireless-Technologie, lange Akkulaufzeit mit Ladeetui &#038; Fingertip-Steuerung (RMCE-TW2)","date":"March 19, 2026","format":false,"excerpt":"TRUE WIRELESS ADAPTER GEN 2 - Der True Wireless Adapter, Gen 2 verwandelt jeden abnehmbaren Shure Sound Isolating Ohrh\u00f6rer in ein echtes Drahtlosger\u00e4t (Ohrh\u00f6rer separat erh\u00e4ltlich). SCHWEISS- UND WASSERBEST\u00c4NDIG - Schwei\u00df- und wasserfest mit einer IPX4-Einstufung in Verbindung mit abnehmbaren Shure Ohrh\u00f6rern. Sie wurden strengen Qualit\u00e4ts- und Haltbarkeitstests unterzogen, um\u2026","rel":"","context":"Similar post","img":{"alt_text":"","src":"https:\/\/i0.wp.com\/anythingtechnicallc.com\/wp-content\/uploads\/2025\/08\/511IBeHiNdL._AC_SL1000_.jpg?fit=927%2C938&ssl=1&resize=350%2C200","width":350,"height":200},"classes":[]},{"id":9218,"url":"https:\/\/anythingtechnicallc.com\/index.php\/de\/product\/used-shure-rmce-tw1-true-wireless-secure-fit-adapter-fuer-klangisolierende-kopfhoerer-schwarz-mit-ladeetui\/","url_meta":{"origin":9355,"position":2},"title":"USED SHURE RMCE-TW1 True Wireless Secure Fit Adapter f\u00fcr klangisolierende Kopfh\u00f6rer Schwarz mit Ladeetui","date":"March 19, 2026","format":false,"excerpt":"Das Shure RMCE-TW1 True Wireless Secure Fit Adapter Set verwandelt jeden abnehmbaren Shure Sound Isolating\u2122 Kopfh\u00f6rer in einen echten kabellosen Kopfh\u00f6rer. Erleben Sie au\u00dfergew\u00f6hnlichen Komfort und einen sicheren Sitz mit einem immersiven, erstklassigen H\u00f6rerlebnis, wohin Sie auch gehen. Shure RMCE-TW1 True Wireless Secure Fit Adapter Der True Wireless Adapter verwandelt\u2026","rel":"","context":"Similar post","img":{"alt_text":"","src":"https:\/\/i0.wp.com\/anythingtechnicallc.com\/wp-content\/uploads\/2025\/02\/RMCE-TW1.webp?fit=1200%2C900&ssl=1&resize=350%2C200","width":350,"height":200},"classes":[]},{"id":8915,"url":"https:\/\/anythingtechnicallc.com\/index.php\/de\/product\/shure-rmce-bt1-bluetooth-faehiges-zubehoerkabel-mit-fernbedienung-mikrofon\/","url_meta":{"origin":9355,"position":3},"title":"Shure RMCE-BT1 Bluetooth-f\u00e4higes Zubeh\u00f6rkabel mit Fernbedienung + Mikrofon","date":"March 18, 2026","format":false,"excerpt":"MMCX-Anschl\u00fcsse f\u00fcr die meisten Shure Sound Isolating Ohrh\u00f6rer sorgen f\u00fcr stundenlangen H\u00f6rgenuss mit der Freiheit der kabellosen \u00dcbertragung und der Einfachheit von Bluetooth. Zu den kompatiblen Modellen geh\u00f6ren SE215, SE315, SE425, SE535 und SE846 (Ohrh\u00f6rer nicht im Lieferumfang enthalten). Bluetooth 4.1 l\u00e4sst sich mit den meisten Mobiltelefonen, Laptops und Tablets\u2026","rel":"","context":"Similar post","img":{"alt_text":"","src":"https:\/\/i0.wp.com\/anythingtechnicallc.com\/wp-content\/uploads\/2023\/03\/Shure-RMCE-BT1-Bluetooth-Enabled-Accessory-Cable-with-Remote-Mic-0.jpg?fit=387%2C500&ssl=1&resize=350%2C200","width":350,"height":200},"classes":[]},{"id":9035,"url":"https:\/\/anythingtechnicallc.com\/index.php\/de\/product\/shure-rmce-usb-kopfhoerer-kommunikationskabel\/","url_meta":{"origin":9355,"position":4},"title":"Shure RMCE-USB Kopfh\u00f6rer Kommunikationskabel","date":"March 18, 2026","format":false,"excerpt":"Usb-c Kommunikationskabel mit Mikrofon und Bedienelementen f\u00fcr Shure Sound Isolating Ohrh\u00f6rer mit direktem Anschluss an Android-Ger\u00e4te mit Mini-USB. Integrierter DAC\/Kopfh\u00f6rerverst\u00e4rker f\u00fcr 24-bit\/96 kHz digitales Audio. Das Inline-Mikrofon und die Fernbedienung sorgen f\u00fcr Klarheit bei Anrufen und Sprachansagen und bieten eine Lautst\u00e4rke- und Wiedergabesteuerung. Misst 50 Zoll (127 cm) in der\u2026","rel":"","context":"Similar post","img":{"alt_text":"","src":"https:\/\/i0.wp.com\/anythingtechnicallc.com\/wp-content\/uploads\/2024\/09\/71dpcrgXISL._AC_SL1500_.jpg?fit=346%2C1200&ssl=1&resize=350%2C200","width":350,"height":200},"classes":[]},{"id":9068,"url":"https:\/\/anythingtechnicallc.com\/index.php\/de\/product\/shure-aonic-free-true-wireless-earbuds-klangisolierende-kabellose-bluetooth-kopfhoerer-21-stunden-akkulaufzeit-klang-in-studioqualitaet-klare-anrufe-langlebige-qualitaet-geringes-gewicht-steuer\/","url_meta":{"origin":9355,"position":5},"title":"Shure AONIC Free True Wireless Earbuds, klangisolierende kabellose Bluetooth-Kopfh\u00f6rer, 21 Stunden Akkulaufzeit, Klang in Studioqualit\u00e4t, klare Anrufe, langlebige Qualit\u00e4t, geringes Gewicht, Steuerung mit den Fingerspitzen","date":"March 18, 2026","format":false,"excerpt":"Hinweis : Wenn die Gr\u00f6\u00dfe der Ohrst\u00f6psel nicht mit der Gr\u00f6\u00dfe Ihrer Geh\u00f6rg\u00e4nge \u00fcbereinstimmt oder das Headset nicht richtig in Ihren Ohren getragen wird, erhalten Sie m\u00f6glicherweise nicht die richtige Klangqualit\u00e4t oder Anrufleistung. Tauschen Sie die Ohrst\u00f6psel gegen solche aus, die besser in Ihrem Ohr sitzen. Klare, tiefe B\u00e4sse, STUDIO-Klangqualit\u00e4t\u2026","rel":"","context":"Similar post","img":{"alt_text":"","src":"https:\/\/i0.wp.com\/anythingtechnicallc.com\/wp-content\/uploads\/2024\/09\/Shure-Aonic-Free-scaled.jpg?fit=1200%2C675&ssl=1&resize=350%2C200","width":350,"height":200},"classes":[]}],"pll_sync_post":[],"lang":"de","translations":{"de":9355,"en":7512},"_links":{"self":[{"href":"https:\/\/anythingtechnicallc.com\/index.php\/wp-json\/wp\/v2\/product\/9355","targetHints":{"allow":["GET"]}}],"collection":[{"href":"https:\/\/anythingtechnicallc.com\/index.php\/wp-json\/wp\/v2\/product"}],"about":[{"href":"https:\/\/anythingtechnicallc.com\/index.php\/wp-json\/wp\/v2\/types\/product"}],"replies":[{"embeddable":true,"href":"https:\/\/anythingtechnicallc.com\/index.php\/wp-json\/wp\/v2\/comments?post=9355"}],"wp:featuredmedia":[{"embeddable":true,"href":"https:\/\/anythingtechnicallc.com\/index.php\/wp-json\/wp\/v2\/media\/9354"}],"wp:attachment":[{"href":"https:\/\/anythingtechnicallc.com\/index.php\/wp-json\/wp\/v2\/media?parent=9355"}],"wp:term":[{"taxonomy":"product_brand","embeddable":true,"href":"https:\/\/anythingtechnicallc.com\/index.php\/wp-json\/wp\/v2\/product_brand?post=9355"},{"taxonomy":"product_cat","embeddable":true,"href":"https:\/\/anythingtechnicallc.com\/index.php\/wp-json\/wp\/v2\/product_cat?post=9355"},{"taxonomy":"product_tag","embeddable":true,"href":"https:\/\/anythingtechnicallc.com\/index.php\/wp-json\/wp\/v2\/product_tag?post=9355"}],"curies":[{"name":"wp","href":"https:\/\/api.w.org\/{rel}","templated":true}]}}