{"id":9359,"date":"2026-03-19T08:56:31","date_gmt":"2026-03-19T08:56:31","guid":{"rendered":"https:\/\/anythingtechnicallc.com\/?post_type=product&#038;p=9359"},"modified":"2026-03-19T08:57:35","modified_gmt":"2026-03-19T08:57:35","slug":"shure-rmce-tw2-gen-2-true-wireless-secure-fit-adapter-links-rechts","status":"publish","type":"product","link":"https:\/\/anythingtechnicallc.com\/index.php\/de\/product\/shure-rmce-tw2-gen-2-true-wireless-secure-fit-adapter-links-rechts\/","title":{"rendered":"Shure RMCE-TW2 Gen 2 True Wireless Secure Fit Adapter &#8211; Links \/ Rechts"},"content":{"rendered":"<ul class=\"a-unordered-list a-vertical a-spacing-mini\">\n<li class=\"a-spacing-mini\"><span class=\"a-list-item\">Der True Wireless Adapter verwandelt jeden abnehmbaren Shure Sound Isolating Ohrh\u00f6rer in einen kabellosen Kopfh\u00f6rer (Ohrh\u00f6rer separat erh\u00e4ltlich). <\/span><\/li>\n<li class=\"a-spacing-mini\"><span class=\"a-list-item\">Sicherer, ohrumschlie\u00dfender Sitz. Ihre Ohrh\u00f6rer bleiben an Ort und Stelle und sorgen f\u00fcr einen unvergleichlichen, lang anhaltenden Tragekomfort, selbst bei anstrengenden Aktivit\u00e4ten. <\/span><\/li>\n<li class=\"a-spacing-mini\"><span class=\"a-list-item\">Umgebungsmodus. H\u00f6ren Sie die Au\u00dfenwelt mit nur einem Knopfdruck. <\/span><\/li>\n<li class=\"a-spacing-mini\"><span class=\"a-list-item\">Bis zu 8 Stunden Akkulaufzeit. Ununterbrochener Klang, wo immer Sie sind &#8211; im Zug, im Fitnessstudio oder bei der Arbeit. <\/span><\/li>\n<li class=\"a-spacing-mini\"><span class=\"a-list-item\">Der Premium-Kopfh\u00f6rerverst\u00e4rker unterst\u00fctzt mehrere Codecs, darunter Qualcomm aptX, AAC und SBC. <\/span><\/li>\n<\/ul>\n","protected":false},"excerpt":{"rendered":"<ul class=\"a-unordered-list a-vertical a-spacing-mini\">\n<li class=\"a-spacing-mini\"><span class=\"a-list-item\">Der True Wireless Adapter verwandelt jeden abnehmbaren Shure Sound Isolating Ohrh\u00f6rer in einen kabellosen Kopfh\u00f6rer (Ohrh\u00f6rer separat erh\u00e4ltlich). <\/span><\/li>\n<li class=\"a-spacing-mini\"><span class=\"a-list-item\">Sicherer, ohrumschlie\u00dfender Sitz. Ihre Ohrh\u00f6rer bleiben an Ort und Stelle und sorgen f\u00fcr einen unvergleichlichen, lang anhaltenden Tragekomfort, selbst bei anstrengenden Aktivit\u00e4ten. <\/span><\/li>\n<li class=\"a-spacing-mini\"><span class=\"a-list-item\">Umgebungsmodus. H\u00f6ren Sie die Au\u00dfenwelt mit nur einem Knopfdruck. <\/span><\/li>\n<li class=\"a-spacing-mini\"><span class=\"a-list-item\">Bis zu 8 Stunden Akkulaufzeit. Ununterbrochener Klang, wo immer Sie sind &#8211; im Zug, im Fitnessstudio oder bei der Arbeit. <\/span><\/li>\n<li class=\"a-spacing-mini\"><span class=\"a-list-item\">Der Premium-Kopfh\u00f6rerverst\u00e4rker unterst\u00fctzt mehrere Codecs, darunter Qualcomm aptX, AAC und SBC. <\/span><\/li>\n<\/ul>\n","protected":false},"featured_media":9358,"comment_status":"open","ping_status":"closed","template":"","meta":{"_et_pb_use_builder":"","_et_pb_old_content":"","_et_gb_content_width":""},"product_brand":[],"product_cat":[1576],"product_tag":[],"class_list":{"0":"post-9359","1":"product","2":"type-product","3":"status-publish","4":"has-post-thumbnail","6":"product_cat-kamerazubehoer","8":"first","9":"instock","10":"sale","11":"taxable","12":"shipping-taxable","13":"purchasable","14":"product-type-simple"},"exclude_global_add_ons":[],"addons":[],"jetpack-related-posts":[{"id":9355,"url":"https:\/\/anythingtechnicallc.com\/index.php\/de\/product\/gebrauchte-shure-rmce-tw1-wireless-adapter-fuer-shure-sound-isolating-earphones-wireless-bluetooth-kompatibel-8-stunden-akkulaufzeit-komfortable-over-ear-passform-schwarz\/","url_meta":{"origin":9359,"position":0},"title":"Gebrauchte Shure Rmce-Tw1, Wireless Adapter f\u00fcr Shure Sound Isolating Earphones, Wireless Bluetooth kompatibel, 8 Stunden Akkulaufzeit, komfortable Over Ear Passform, Schwarz","date":"March 19, 2026","format":false,"excerpt":"Machen Sie Schluss mit Kabeln: Das Shure True Wireless Secure Fit Adapter Set verwandelt jeden abnehmbaren Shure Sound Isolating Ohrh\u00f6rer in einen echten kabellosen Kopfh\u00f6rer (Ohrh\u00f6rer sind separat erh\u00e4ltlich). SICHERER & KOMFORTABLER SITZ: Dieser Adapter f\u00fcr \u00dcber-Ohr-Kopfh\u00f6rer wurde mit dem gleichen Design entwickelt, das Musiker f\u00fcr In-Ear-Monitoring auf der B\u00fchne\u2026","rel":"","context":"Similar post","img":{"alt_text":"","src":"https:\/\/i0.wp.com\/anythingtechnicallc.com\/wp-content\/uploads\/2025\/08\/Shure-RMCE-TW1.jpg?fit=1200%2C900&ssl=1&resize=350%2C200","width":350,"height":200},"classes":[]},{"id":9218,"url":"https:\/\/anythingtechnicallc.com\/index.php\/de\/product\/used-shure-rmce-tw1-true-wireless-secure-fit-adapter-fuer-klangisolierende-kopfhoerer-schwarz-mit-ladeetui\/","url_meta":{"origin":9359,"position":1},"title":"USED SHURE RMCE-TW1 True Wireless Secure Fit Adapter f\u00fcr klangisolierende Kopfh\u00f6rer Schwarz mit Ladeetui","date":"March 19, 2026","format":false,"excerpt":"Das Shure RMCE-TW1 True Wireless Secure Fit Adapter Set verwandelt jeden abnehmbaren Shure Sound Isolating\u2122 Kopfh\u00f6rer in einen echten kabellosen Kopfh\u00f6rer. Erleben Sie au\u00dfergew\u00f6hnlichen Komfort und einen sicheren Sitz mit einem immersiven, erstklassigen H\u00f6rerlebnis, wohin Sie auch gehen. Shure RMCE-TW1 True Wireless Secure Fit Adapter Der True Wireless Adapter verwandelt\u2026","rel":"","context":"Similar post","img":{"alt_text":"","src":"https:\/\/i0.wp.com\/anythingtechnicallc.com\/wp-content\/uploads\/2025\/02\/RMCE-TW1.webp?fit=1200%2C900&ssl=1&resize=350%2C200","width":350,"height":200},"classes":[]},{"id":9352,"url":"https:\/\/anythingtechnicallc.com\/index.php\/de\/product\/shure-true-wireless-adapter-gen-2-fuer-klangisolierende-ohrhoerer-sichere-ueber-ohr-passform-bluetooth-5-wireless-technologie-lange-akkulaufzeit-mit-ladeetui-fingertip-steuerung-rmce-tw2\/","url_meta":{"origin":9359,"position":2},"title":"Shure True Wireless Adapter (Gen 2) f\u00fcr klangisolierende Ohrh\u00f6rer, sichere \u00dcber-Ohr-Passform, Bluetooth 5 Wireless-Technologie, lange Akkulaufzeit mit Ladeetui &#038; Fingertip-Steuerung (RMCE-TW2)","date":"March 19, 2026","format":false,"excerpt":"TRUE WIRELESS ADAPTER GEN 2 - Der True Wireless Adapter, Gen 2 verwandelt jeden abnehmbaren Shure Sound Isolating Ohrh\u00f6rer in ein echtes Drahtlosger\u00e4t (Ohrh\u00f6rer separat erh\u00e4ltlich). SCHWEISS- UND WASSERBEST\u00c4NDIG - Schwei\u00df- und wasserfest mit einer IPX4-Einstufung in Verbindung mit abnehmbaren Shure Ohrh\u00f6rern. Sie wurden strengen Qualit\u00e4ts- und Haltbarkeitstests unterzogen, um\u2026","rel":"","context":"Similar post","img":{"alt_text":"","src":"https:\/\/i0.wp.com\/anythingtechnicallc.com\/wp-content\/uploads\/2025\/08\/511IBeHiNdL._AC_SL1000_.jpg?fit=927%2C938&ssl=1&resize=350%2C200","width":350,"height":200},"classes":[]},{"id":8915,"url":"https:\/\/anythingtechnicallc.com\/index.php\/de\/product\/shure-rmce-bt1-bluetooth-faehiges-zubehoerkabel-mit-fernbedienung-mikrofon\/","url_meta":{"origin":9359,"position":3},"title":"Shure RMCE-BT1 Bluetooth-f\u00e4higes Zubeh\u00f6rkabel mit Fernbedienung + Mikrofon","date":"March 18, 2026","format":false,"excerpt":"MMCX-Anschl\u00fcsse f\u00fcr die meisten Shure Sound Isolating Ohrh\u00f6rer sorgen f\u00fcr stundenlangen H\u00f6rgenuss mit der Freiheit der kabellosen \u00dcbertragung und der Einfachheit von Bluetooth. Zu den kompatiblen Modellen geh\u00f6ren SE215, SE315, SE425, SE535 und SE846 (Ohrh\u00f6rer nicht im Lieferumfang enthalten). Bluetooth 4.1 l\u00e4sst sich mit den meisten Mobiltelefonen, Laptops und Tablets\u2026","rel":"","context":"Similar post","img":{"alt_text":"","src":"https:\/\/i0.wp.com\/anythingtechnicallc.com\/wp-content\/uploads\/2023\/03\/Shure-RMCE-BT1-Bluetooth-Enabled-Accessory-Cable-with-Remote-Mic-0.jpg?fit=387%2C500&ssl=1&resize=350%2C200","width":350,"height":200},"classes":[]},{"id":9026,"url":"https:\/\/anythingtechnicallc.com\/index.php\/de\/product\/shure-rmce-uni-remote-mic-universal-kommunikationskabel-fuer-abnehmbare-se-ohrhoerer-35-mm-anschluss-50-zoll-lang-anrufe-sprachansagen-lautstaerke-wiedergabesteuerung-auf-apple-und-android-g\/","url_meta":{"origin":9359,"position":4},"title":"Shure RMCE-UNI Remote Mic Universal Kommunikationskabel f\u00fcr abnehmbare SE Ohrh\u00f6rer &#8211; 3,5 mm Anschluss, 50 Zoll lang &#8211; Anrufe, Sprachansagen, Lautst\u00e4rke-\/Wiedergabesteuerung auf Apple- und Android-Ger\u00e4ten","date":"March 18, 2026","format":false,"excerpt":"Nahtloser \u00dcbergang zwischen Apple- und Android-Ger\u00e4ten. Kompatibel mit allen abnehmbaren SE Sound Isolating Earphones. Das integrierte Mikrofon erm\u00f6glicht eine hervorragende Lautst\u00e4rke- und Wiedergabesteuerung. Dieselbe au\u00dfergew\u00f6hnliche Klangqualit\u00e4t, die Sie von Shure gewohnt sind.","rel":"","context":"Similar post","img":{"alt_text":"","src":"https:\/\/i0.wp.com\/anythingtechnicallc.com\/wp-content\/uploads\/2024\/09\/41VxWmtGlL._AC_SL1000_.jpg?fit=282%2C772&ssl=1&resize=350%2C200","width":350,"height":200},"classes":[]},{"id":8983,"url":"https:\/\/anythingtechnicallc.com\/index.php\/de\/product\/erneuert-beoplay-e8-2-0-true-wireless-ohrhoerer-qi-aufladung-schwarz-einheitsgroesse-1646100\/","url_meta":{"origin":9359,"position":5},"title":"Erneuert Beoplay E8 2.0 True Wireless Ohrh\u00f6rer Qi Aufladung, Schwarz, Einheitsgr\u00f6\u00dfe &#8211; 1646100","date":"March 18, 2026","format":false,"excerpt":"WIRKLICH KABELLOS: Der Beoplay E8 2.0 bietet v\u00f6llig kabellosen Komfort ohne Kabel. Ausgestattet mit kabelloser Qi-Ladetechnik ist dieser In-Ear-Kopfh\u00f6rer mit seinem eleganten Design wirklich tragbar. Impedanz: 16 Ohm TOUCH CONTROL: Steuern Sie Ihr H\u00f6rerlebnis ganz einfach \u00fcber die Touch-Oberfl\u00e4che dieser kabellosen Ohrst\u00f6psel. Tippen Sie einfach darauf, um zwischen Titeln zu\u2026","rel":"","context":"Similar post","img":{"alt_text":"","src":"https:\/\/i0.wp.com\/anythingtechnicallc.com\/wp-content\/uploads\/2024\/09\/81LRBE5O8dL._AC_SL1500_.jpg?fit=982%2C1193&ssl=1&resize=350%2C200","width":350,"height":200},"classes":[]}],"pll_sync_post":[],"lang":"de","translations":{"de":9359,"en":7515},"_links":{"self":[{"href":"https:\/\/anythingtechnicallc.com\/index.php\/wp-json\/wp\/v2\/product\/9359","targetHints":{"allow":["GET"]}}],"collection":[{"href":"https:\/\/anythingtechnicallc.com\/index.php\/wp-json\/wp\/v2\/product"}],"about":[{"href":"https:\/\/anythingtechnicallc.com\/index.php\/wp-json\/wp\/v2\/types\/product"}],"replies":[{"embeddable":true,"href":"https:\/\/anythingtechnicallc.com\/index.php\/wp-json\/wp\/v2\/comments?post=9359"}],"wp:featuredmedia":[{"embeddable":true,"href":"https:\/\/anythingtechnicallc.com\/index.php\/wp-json\/wp\/v2\/media\/9358"}],"wp:attachment":[{"href":"https:\/\/anythingtechnicallc.com\/index.php\/wp-json\/wp\/v2\/media?parent=9359"}],"wp:term":[{"taxonomy":"product_brand","embeddable":true,"href":"https:\/\/anythingtechnicallc.com\/index.php\/wp-json\/wp\/v2\/product_brand?post=9359"},{"taxonomy":"product_cat","embeddable":true,"href":"https:\/\/anythingtechnicallc.com\/index.php\/wp-json\/wp\/v2\/product_cat?post=9359"},{"taxonomy":"product_tag","embeddable":true,"href":"https:\/\/anythingtechnicallc.com\/index.php\/wp-json\/wp\/v2\/product_tag?post=9359"}],"curies":[{"name":"wp","href":"https:\/\/api.w.org\/{rel}","templated":true}]}}