{"id":9362,"date":"2026-03-19T08:56:54","date_gmt":"2026-03-19T08:56:54","guid":{"rendered":"https:\/\/anythingtechnicallc.com\/?post_type=product&#038;p=9362"},"modified":"2026-03-19T08:56:54","modified_gmt":"2026-03-19T08:56:54","slug":"sony-mdr-m1-professioneller-geschlossener-referenz-monitor-kopfhoerer-grosspackung","status":"publish","type":"product","link":"https:\/\/anythingtechnicallc.com\/index.php\/de\/product\/sony-mdr-m1-professioneller-geschlossener-referenz-monitor-kopfhoerer-grosspackung\/","title":{"rendered":"Sony MDR-M1 Professioneller geschlossener Referenz-Monitor-Kopfh\u00f6rer &#8211; Gro\u00dfpackung"},"content":{"rendered":"<ul class=\"a-unordered-list a-vertical a-spacing-mini\">\n<li class=\"a-spacing-mini\"><span class=\"a-list-item\">STUDIO SOUND, UNLEASHED: Ultra-Breitband-Wiedergabe und eine geschlossene akustische Struktur mit hoher Schallisolierung erm\u00f6glichen ein detailliertes und pr\u00e4zises Monitoring f\u00fcr eine breite Palette von Audioproduktions-Workflows. <\/span><\/li>\n<li class=\"a-spacing-mini\"><span class=\"a-list-item\">ULTRA-BREITBAND-WIEDERGABE: Die einzigartig konzipierte Treibereinheit sorgt f\u00fcr ein Gleichgewicht zwischen geringer Verzerrung und der Wiedergabe von tiefen bis hohen Frequenzen f\u00fcr eine Ultra-Breitband-Wiedergabe und eine pr\u00e4zise Wiedergabe von 5 Hz-80 kHz. <\/span><\/li>\n<li class=\"a-spacing-mini\"><span class=\"a-list-item\">HOCHWERTIGE, SICHERE TONWIEDERGABE: Eine geschlossene akustische Struktur mit effektiver Schallisolierung erm\u00f6glicht eine pr\u00e4zise Audioproduktion in einer Vielzahl von Anwendungen. <\/span><\/li>\n<li class=\"a-spacing-mini\"><span class=\"a-list-item\">IN ZUSAMMENARBEIT MIT SCH\u00d6PFERN: Wir haben mit renommierten Ingenieuren aus der Industrie zusammengearbeitet, um einen Klang zu erzielen, der die kreative Absicht genau wiedergibt. <\/span><\/li>\n<li class=\"a-spacing-mini\"><span class=\"a-list-item\">KOMFORTABEL &amp; LEICHT: Die weichen, dicken Ohrpolster sind so konzipiert, dass sie auch bei l\u00e4ngeren Sessions einen beruhigenden, bequemen Sitz bieten. Extrem leichtes Design (ca. 216 g). <\/span><\/li>\n<li class=\"a-spacing-mini\"><span class=\"a-list-item\">EINFACHE PFLEGE: Entwickelt f\u00fcr jahrelangen, zuverl\u00e4ssigen Gebrauch, mit zwei abnehmbaren Kabell\u00e4ngen und leicht austauschbaren Ohrpolstern. <\/span><\/li>\n<li class=\"a-spacing-mini\"><span class=\"a-list-item\">PROFESSIONELLE ANSCHLUSSF\u00c4HIGKEIT: Der vielseitige Schraubsteckeradapter erleichtert den Anschluss an Ger\u00e4te mit 6,3 mm oder 3,5 mm Stereoklinke. Die Kabelverbindung zum Kopfh\u00f6rer erfolgt \u00fcber ein Schraubsystem, das eine sichere Befestigung und den Austausch des Kabels erm\u00f6glicht.<\/span><\/li>\n<\/ul>\n","protected":false},"excerpt":{"rendered":"<ul class=\"a-unordered-list a-vertical a-spacing-mini\">\n<li class=\"a-spacing-mini\"><span class=\"a-list-item\">STUDIO SOUND, UNLEASHED: Ultra-Breitband-Wiedergabe und eine geschlossene akustische Struktur mit hoher Schallisolierung erm\u00f6glichen ein detailliertes und pr\u00e4zises Monitoring f\u00fcr eine breite Palette von Audioproduktions-Workflows. <\/span><\/li>\n<li class=\"a-spacing-mini\"><span class=\"a-list-item\">ULTRA-BREITBAND-WIEDERGABE: Die einzigartig konzipierte Treibereinheit sorgt f\u00fcr ein Gleichgewicht zwischen geringer Verzerrung und der Wiedergabe von tiefen bis hohen Frequenzen f\u00fcr eine Ultra-Breitband-Wiedergabe und eine pr\u00e4zise Wiedergabe von 5 Hz-80 kHz. <\/span><\/li>\n<li class=\"a-spacing-mini\"><span class=\"a-list-item\">HOCHWERTIGE, SICHERE TONWIEDERGABE: Eine geschlossene akustische Struktur mit effektiver Schallisolierung erm\u00f6glicht eine pr\u00e4zise Audioproduktion in einer Vielzahl von Anwendungen. <\/span><\/li>\n<li class=\"a-spacing-mini\"><span class=\"a-list-item\">IN ZUSAMMENARBEIT MIT SCH\u00d6PFERN: Wir haben mit renommierten Ingenieuren aus der Industrie zusammengearbeitet, um einen Klang zu erzielen, der die kreative Absicht genau wiedergibt. <\/span><\/li>\n<li class=\"a-spacing-mini\"><span class=\"a-list-item\">KOMFORTABEL &amp; LEICHT: Die weichen, dicken Ohrpolster sind so konzipiert, dass sie auch bei l\u00e4ngeren Sessions einen beruhigenden, bequemen Sitz bieten. Extrem leichtes Design (ca. 216 g). <\/span><\/li>\n<li class=\"a-spacing-mini\"><span class=\"a-list-item\">EINFACHE PFLEGE: Entwickelt f\u00fcr jahrelangen, zuverl\u00e4ssigen Gebrauch, mit zwei abnehmbaren Kabell\u00e4ngen und leicht austauschbaren Ohrpolstern. <\/span><\/li>\n<li class=\"a-spacing-mini\"><span class=\"a-list-item\">PROFESSIONELLE ANSCHLUSSF\u00c4HIGKEIT: Der vielseitige Schraubsteckeradapter erleichtert den Anschluss an Ger\u00e4te mit 6,3 mm oder 3,5 mm Stereoklinke. Die Kabelverbindung zum Kopfh\u00f6rer erfolgt \u00fcber ein Schraubsystem, das eine sichere Befestigung und den Austausch des Kabels erm\u00f6glicht.<\/span><\/li>\n<\/ul>\n","protected":false},"featured_media":9361,"comment_status":"open","ping_status":"closed","template":"","meta":{"_et_pb_use_builder":"","_et_pb_old_content":"","_et_gb_content_width":""},"product_brand":[],"product_cat":[1372],"product_tag":[],"class_list":{"0":"post-9362","1":"product","2":"type-product","3":"status-publish","4":"has-post-thumbnail","6":"product_cat-elektronik","8":"first","9":"instock","10":"sale","11":"taxable","12":"shipping-taxable","13":"purchasable","14":"product-type-simple"},"exclude_global_add_ons":[],"addons":[],"jetpack-related-posts":[{"id":9970,"url":"https:\/\/anythingtechnicallc.com\/index.php\/de\/product\/bose-quietcomfort-noise-cancelling-earbuds-bluetooth-wireless-earphones-triple-black-erneuert-2\/","url_meta":{"origin":9362,"position":0},"title":"Bose QuietComfort Noise Cancelling Earbuds-Bluetooth Wireless Earphones, Triple Black (Erneuert)","date":"April 16, 2026","format":false,"excerpt":"Ohrh\u00f6rer mit Ger\u00e4uschunterdr\u00fcckung - Entwickelt mit der effektivsten Ger\u00e4uschunterdr\u00fcckung der Welt. Die steuerbare Ger\u00e4uschunterdr\u00fcckung von Bose und der vollst\u00e4ndige Transparenzmodus erm\u00f6glichen es Ihnen, Ablenkungen zu eliminieren, Ihre Umgebung hereinzulassen oder ein bisschen von allem. High-Fidelity-Audio - Eine exklusive akustische Architektur erweckt Ihre Musik, Podcasts und Videos zum Leben, w\u00e4hrend der\u2026","rel":"","context":"Similar post","img":{"alt_text":"","src":"https:\/\/i0.wp.com\/anythingtechnicallc.com\/wp-content\/uploads\/2026\/03\/Bose-QuietComfort-Earbuds.jpg?fit=1200%2C900&ssl=1&resize=350%2C200","width":350,"height":200},"classes":[]},{"id":9065,"url":"https:\/\/anythingtechnicallc.com\/index.php\/de\/product\/shure-sm7b-dynamisches-gesangsmikrofon\/","url_meta":{"origin":9362,"position":1},"title":"Shure SM7B Dynamisches Gesangsmikrofon","date":"March 18, 2026","format":false,"excerpt":"EIN MIKROFON F\u00dcR ALLES - Studioaufnahmen, Heimaufnahmen, Podcasting und Streaming. Das SM7B wird von den weltweit f\u00fchrenden S\u00e4ngern, Podcastern und Streamern gesch\u00e4tzt. STUDIO VOCAL RECORDING - Der dynamische Tonabnehmer des SM7B mit seinem glatten, flachen und weitreichenden Frequenzgang sorgt f\u00fcr eine au\u00dfergew\u00f6hnlich saubere und nat\u00fcrliche Wiedergabe von Musik und Sprache.\u2026","rel":"","context":"Similar post","img":{"alt_text":"","src":"https:\/\/i0.wp.com\/anythingtechnicallc.com\/wp-content\/uploads\/2024\/09\/71LYHO3wnL._AC_SL1356_.jpg?fit=1134%2C1200&ssl=1&resize=350%2C200","width":350,"height":200},"classes":[]},{"id":9686,"url":"https:\/\/anythingtechnicallc.com\/index.php\/de\/product\/gebraucht-rang-a-beats-studio-pro-kabellose-bluetooth-kopfhoerer-mit-geraeuschunterdrueckung-schwarz\/","url_meta":{"origin":9362,"position":2},"title":"Gebraucht Rang A Beats Studio Pro &#8211; Kabellose Bluetooth Kopfh\u00f6rer mit Ger\u00e4uschunterdr\u00fcckung &#8211; Schwarz","date":"March 24, 2026","format":false,"excerpt":"Die CUSTOM ACOUSTIC PLATFORM von BEATS liefert einen satten, mitrei\u00dfenden Klang, egal ob Sie Musik h\u00f6ren oder telefonieren. LOSSLESS AUDIO \u00fcber USB-C plus drei verschiedene integrierte Klangprofile zur Verbesserung Ihres H\u00f6rerlebnisses. H\u00d6REN SIE, WAS SIE WOLLEN mit zwei verschiedenen H\u00f6rmodi: vollst\u00e4ndig adaptive aktive Ger\u00e4uschunterdr\u00fcckung (ANC) und Transparenzmodus. ERWEITERTE KOMPATIBILIT\u00c4T mit\u2026","rel":"","context":"Similar post","img":{"alt_text":"","src":"https:\/\/i0.wp.com\/anythingtechnicallc.com\/wp-content\/uploads\/2026\/01\/516ZqYIXKGL._AC_SL1200_.jpg?fit=836%2C1200&ssl=1&resize=350%2C200","width":350,"height":200},"classes":[]},{"id":9861,"url":"https:\/\/anythingtechnicallc.com\/index.php\/de\/product\/gebrauchte-bose-quietcomfort-earbuds-true-wireless-bluetooth-earbuds-mit-aktiver-geraeuschunterdrueckung-und-mikrofon-usb-c-aufladung-ipx4-bewertung-bis-zu-85-stunden-spielzeit-schwarz\/","url_meta":{"origin":9362,"position":3},"title":"Gebrauchte Bose QuietComfort Earbuds &#8211; True Wireless Bluetooth Earbuds mit aktiver Ger\u00e4uschunterdr\u00fcckung und Mikrofon, USB-C Aufladung, IPX4 Bewertung, bis zu 8,5 Stunden Spielzeit, Schwarz","date":"April 8, 2026","format":false,"excerpt":"KLANG OHNE KOMPROMISS: Nutzen Sie den Tag auf Ihre Weise und trotzen Sie Ablenkungen mit diesen kabellosen Ohrh\u00f6rern mit weltbekannter Ger\u00e4uschunterdr\u00fcckung f\u00fcr ein H\u00f6rerlebnis, das den Alltag episch erscheinen l\u00e4sst. SEIZE-THE-DAY STAYING POWER: Diese Ohrh\u00f6rer mit Ger\u00e4uschunterdr\u00fcckung lassen sich kabellos aufladen und erm\u00f6glichen Ihnen eine H\u00f6rdauer von bis zu 8,5\u2026","rel":"","context":"Similar post","img":{"alt_text":"","src":"https:\/\/i0.wp.com\/anythingtechnicallc.com\/wp-content\/uploads\/2026\/03\/Bose-QuietComfort-Earbuds.jpg?fit=1200%2C900&ssl=1&resize=350%2C200","width":350,"height":200},"classes":[]},{"id":9599,"url":"https:\/\/anythingtechnicallc.com\/index.php\/de\/product\/renewed-bose-quietcomfort-bluetooth-earbuds-true-wireless-earbuds-mit-aktiver-geraeuschunterdrueckung-und-mikrofon-tiefer-bass-ipx4-bewertung-bis-zu-85-stunden-spielzeit-schwarz\/","url_meta":{"origin":9362,"position":4},"title":"Renewed Bose QuietComfort Bluetooth Earbuds, True Wireless Earbuds mit aktiver Ger\u00e4uschunterdr\u00fcckung und Mikrofon, tiefer Bass, IPX4 Bewertung, bis zu 8,5 Stunden Spielzeit, Schwarz","date":"March 24, 2026","format":false,"excerpt":"TON OHNE KOMPROMISS: Nutzen Sie den Tag auf Ihre Weise und trotzen Sie den Ablenkungen mit diesen kabellosen Bluetooth-Kopfh\u00f6rern mit weltbekannter Ger\u00e4uschunterdr\u00fcckung f\u00fcr ein H\u00f6rerlebnis, das den Alltag zu einem Epos macht. LEISTUNGSSTARKES, BEW\u00c4HRTES AUDIO: Diese kabellosen Bluetooth-Kopfh\u00f6rer mit IPX4-Klassifizierung bieten eine bemerkenswerte Klangqualit\u00e4t f\u00fcr ein befriedigendes H\u00f6rerlebnis, das genau\u2026","rel":"","context":"Similar post","img":{"alt_text":"","src":"https:\/\/i0.wp.com\/anythingtechnicallc.com\/wp-content\/uploads\/2025\/10\/61qIEvCy6L._AC_SL1500_.jpg?fit=1200%2C1146&ssl=1&resize=350%2C200","width":350,"height":200},"classes":[]},{"id":9605,"url":"https:\/\/anythingtechnicallc.com\/index.php\/de\/product\/erneuert-bose-the-soundlink-revolve-der-tragbare-bluetooth-lautsprecher-mit-360-wireless-surround-sound-triple-black\/","url_meta":{"origin":9362,"position":5},"title":"Erneuert Bose The SoundLink Revolve, der tragbare Bluetooth-Lautsprecher mit 360 Wireless Surround Sound, Triple Black","date":"March 24, 2026","format":false,"excerpt":"Erleben Sie mit dem SoundLink Revolve Bluetooth-Lautsprecher einen beeindruckenden 360-Grad-Sound. Das nahtlose Aluminiumgeh\u00e4use ist langlebig und wasserfest (IPX4), so dass er sowohl f\u00fcr den Innen- als auch f\u00fcr den Au\u00dfenbereich geeignet ist. Die Bose Connects App hilft Ihnen au\u00dferdem bei der Verwaltung Ihrer Ger\u00e4te, w\u00e4hrend das konisch zulaufende zylindrische Design\u2026","rel":"","context":"Similar post","img":{"alt_text":"","src":"https:\/\/i0.wp.com\/anythingtechnicallc.com\/wp-content\/uploads\/2025\/10\/514juzcbNCL._AC_SL1000_.jpg?fit=748%2C1000&ssl=1&resize=350%2C200","width":350,"height":200},"classes":[]}],"pll_sync_post":[],"lang":"de","translations":{"de":9362,"en":7517},"_links":{"self":[{"href":"https:\/\/anythingtechnicallc.com\/index.php\/wp-json\/wp\/v2\/product\/9362","targetHints":{"allow":["GET"]}}],"collection":[{"href":"https:\/\/anythingtechnicallc.com\/index.php\/wp-json\/wp\/v2\/product"}],"about":[{"href":"https:\/\/anythingtechnicallc.com\/index.php\/wp-json\/wp\/v2\/types\/product"}],"replies":[{"embeddable":true,"href":"https:\/\/anythingtechnicallc.com\/index.php\/wp-json\/wp\/v2\/comments?post=9362"}],"wp:featuredmedia":[{"embeddable":true,"href":"https:\/\/anythingtechnicallc.com\/index.php\/wp-json\/wp\/v2\/media\/9361"}],"wp:attachment":[{"href":"https:\/\/anythingtechnicallc.com\/index.php\/wp-json\/wp\/v2\/media?parent=9362"}],"wp:term":[{"taxonomy":"product_brand","embeddable":true,"href":"https:\/\/anythingtechnicallc.com\/index.php\/wp-json\/wp\/v2\/product_brand?post=9362"},{"taxonomy":"product_cat","embeddable":true,"href":"https:\/\/anythingtechnicallc.com\/index.php\/wp-json\/wp\/v2\/product_cat?post=9362"},{"taxonomy":"product_tag","embeddable":true,"href":"https:\/\/anythingtechnicallc.com\/index.php\/wp-json\/wp\/v2\/product_tag?post=9362"}],"curies":[{"name":"wp","href":"https:\/\/api.w.org\/{rel}","templated":true}]}}