{"id":9365,"date":"2026-03-19T08:58:05","date_gmt":"2026-03-19T08:58:05","guid":{"rendered":"https:\/\/anythingtechnicallc.com\/?post_type=product&#038;p=9365"},"modified":"2026-03-19T08:58:05","modified_gmt":"2026-03-19T08:58:05","slug":"renewed-bose-quietcomfort-qc45-bluetooth-kopfhoerer-kabellose-kopfhoerer-mit-aktiver-geraeuschunterdrueckung-ueber-dem-ohr-und-mikrofon-tiefer-bass-bis-zu-24-stunden-spielzeit-schwarz","status":"publish","type":"product","link":"https:\/\/anythingtechnicallc.com\/index.php\/de\/product\/renewed-bose-quietcomfort-qc45-bluetooth-kopfhoerer-kabellose-kopfhoerer-mit-aktiver-geraeuschunterdrueckung-ueber-dem-ohr-und-mikrofon-tiefer-bass-bis-zu-24-stunden-spielzeit-schwarz\/","title":{"rendered":"Renewed Bose QuietComfort QC45 Bluetooth Kopfh\u00f6rer, kabellose Kopfh\u00f6rer mit aktiver Ger\u00e4uschunterdr\u00fcckung \u00fcber dem Ohr und Mikrofon, tiefer Bass, bis zu 24 Stunden Spielzeit, Schwarz"},"content":{"rendered":"<ul class=\"a-unordered-list a-vertical a-spacing-mini\">\n<li class=\"a-spacing-mini\"><span class=\"a-list-item\">GER\u00c4USCHUNTERDR\u00dcCKENDE KOPFH\u00d6RER: Kombinieren Sie die Ger\u00e4uschunterdr\u00fcckungstechnologie m\u00fchelos mit passiven Funktionen, damit Sie die Au\u00dfenwelt abschalten, Ablenkungen ausblenden und die Musik \u00fcber den Beat hinaus genie\u00dfen k\u00f6nnen. <\/span><\/li>\n<li class=\"a-spacing-mini\"><span class=\"a-list-item\">KOMFORTABLER KOPFH\u00d6RER: Pl\u00fcschige Ohrmuschelpolster schmiegen sich sanft an Ihre Ohren, w\u00e4hrend ein sicheres und bequemes gepolstertes Band Ihre Over-Ear-Kopfh\u00f6rer bei besonders langen H\u00f6rsessions sanft in Position h\u00e4lt. <\/span><\/li>\n<li class=\"a-spacing-mini\"><span class=\"a-list-item\">2 H\u00d6RMODUS: Diese kabellosen Bluetooth-Kopfh\u00f6rer verf\u00fcgen \u00fcber die Modi &#8220;Leise&#8221; und &#8220;Bewusst&#8221;, mit denen Sie zwischen vollst\u00e4ndiger Ger\u00e4uschunterdr\u00fcckung und vollst\u00e4ndiger Wahrnehmung Ihrer Umgebung umschalten k\u00f6nnen, um den Klang nahtlos zu steuern. <\/span><\/li>\n<li class=\"a-spacing-mini\"><span class=\"a-list-item\">HIGH-FIDELITY AUDIO\/EQ CONTROL: Erleben Sie Ihre Lieblingstitel mit High-Fidelity-Audio und einem einstellbaren EQ, der Ihnen die Kontrolle \u00fcber B\u00e4sse, Mitten und H\u00f6hen gibt &#8211; f\u00fcr einen unvergleichlich kraftvollen Klang. <\/span><\/li>\n<li class=\"a-spacing-mini\"><span class=\"a-list-item\">GANZTAGLICHE BATTERIELAUFZEIT: Die kabellosen Bose QuietComfort Kopfh\u00f6rer bieten bis zu 24 Stunden Akkulaufzeit mit einer einzigen Aufladung, und eine 15-min\u00fctige Aufladung erm\u00f6glicht Ihnen bis zu 2,5 Stunden zus\u00e4tzliche Spielzeit. <\/span><\/li>\n<li class=\"a-spacing-mini\"><span class=\"a-list-item\">OPTION F\u00dcR VERKABELTE KOPFH\u00d6RER: Schlie\u00dfen Sie das mitgelieferte Audiokabel mit integriertem Mikrofon an Ihre Bose Noise Cancelling Headphones an, um sie ohne Bluetooth-Verbindung zu verwenden, oder auch wenn der Akku leer ist. <\/span><\/li>\n<li class=\"a-spacing-mini\"><span class=\"a-list-item\">MULTIPOINT BLUETOOTH-KOPFH\u00d6RER: Bleiben Sie nahtlos mit all Ihren Lieblingsger\u00e4ten verbunden. Mit der Multi-Point-Toggle-Funktion k\u00f6nnen Sie zwischen den Ger\u00e4ten wechseln, ohne jedes Mal die Verbindung trennen und wieder herstellen zu m\u00fcssen. <\/span><\/li>\n<li class=\"a-spacing-mini\"><span class=\"a-list-item\">BOSE APP: Laden Sie die Bose App herunter, um die neuesten Software-Updates zu erhalten. Stellen Sie die optimale Funktionalit\u00e4t sicher und erhalten Sie Zugang zu den neuesten Funktionen und modernster Technologie.<\/span><\/li>\n<\/ul>\n","protected":false},"excerpt":{"rendered":"<ul class=\"a-unordered-list a-vertical a-spacing-mini\">\n<li class=\"a-spacing-mini\"><span class=\"a-list-item\">GER\u00c4USCHUNTERDR\u00dcCKENDE KOPFH\u00d6RER: Kombinieren Sie die Ger\u00e4uschunterdr\u00fcckungstechnologie m\u00fchelos mit passiven Funktionen, damit Sie die Au\u00dfenwelt abschalten, Ablenkungen ausblenden und Musik \u00fcber den Beat hinaus genie\u00dfen k\u00f6nnen. <\/span><\/li>\n<li class=\"a-spacing-mini\"><span class=\"a-list-item\">KOMFORTABLER KOPFH\u00d6RER: Pl\u00fcschige Ohrmuschelpolster schmiegen sich sanft an Ihre Ohren, w\u00e4hrend ein sicheres und bequemes gepolstertes Band Ihre Over-Ear-Kopfh\u00f6rer bei besonders langen H\u00f6rsessions sanft in Position h\u00e4lt. <\/span><\/li>\n<li class=\"a-spacing-mini\"><span class=\"a-list-item\">2 H\u00d6RMODUS: Diese kabellosen Bluetooth-Kopfh\u00f6rer verf\u00fcgen \u00fcber die Modi &#8220;Leise&#8221; und &#8220;Bewusst&#8221;, mit denen Sie zwischen vollst\u00e4ndiger Ger\u00e4uschunterdr\u00fcckung und vollst\u00e4ndiger Wahrnehmung Ihrer Umgebung umschalten k\u00f6nnen, um den Klang nahtlos zu steuern. <\/span><\/li>\n<li class=\"a-spacing-mini\"><span class=\"a-list-item\">HIGH-FIDELITY AUDIO\/EQ CONTROL: Erleben Sie Ihre Lieblingstitel mit High-Fidelity-Audio und einem einstellbaren EQ, der Ihnen die Kontrolle \u00fcber B\u00e4sse, Mitten und H\u00f6hen gibt &#8211; f\u00fcr einen unvergleichlich kraftvollen Klang. <\/span><\/li>\n<li class=\"a-spacing-mini\"><span class=\"a-list-item\">GANZTAGLICHE BATTERIELAUFZEIT: Die kabellosen Bose QuietComfort Kopfh\u00f6rer bieten bis zu 24 Stunden Akkulaufzeit mit einer einzigen Aufladung, und eine 15-min\u00fctige Aufladung erm\u00f6glicht Ihnen bis zu 2,5 Stunden zus\u00e4tzliche Spielzeit. <\/span><\/li>\n<li class=\"a-spacing-mini\"><span class=\"a-list-item\">OPTION F\u00dcR VERKABELTE KOPFH\u00d6RER: Schlie\u00dfen Sie das mitgelieferte Audiokabel mit integriertem Mikrofon an Ihre Bose Noise Cancelling Headphones an, um sie ohne Bluetooth-Verbindung zu verwenden, oder auch wenn der Akku leer ist. <\/span><\/li>\n<li class=\"a-spacing-mini\"><span class=\"a-list-item\">MULTIPOINT BLUETOOTH-KOPFH\u00d6RER: Bleiben Sie nahtlos mit all Ihren Lieblingsger\u00e4ten verbunden. Mit der Multi-Point-Toggle-Funktion k\u00f6nnen Sie zwischen den Ger\u00e4ten wechseln, ohne jedes Mal die Verbindung trennen und wieder herstellen zu m\u00fcssen. <\/span><\/li>\n<li class=\"a-spacing-mini\"><span class=\"a-list-item\">BOSE APP: Laden Sie die Bose App herunter, um die neuesten Software-Updates zu erhalten. Stellen Sie die optimale Funktionalit\u00e4t sicher und erhalten Sie Zugang zu den neuesten Funktionen und modernster Technologie.<\/span><\/li>\n<\/ul>\n","protected":false},"featured_media":9364,"comment_status":"open","ping_status":"closed","template":"","meta":{"_et_pb_use_builder":"","_et_pb_old_content":"","_et_gb_content_width":""},"product_brand":[],"product_cat":[1372],"product_tag":[],"class_list":{"0":"post-9365","1":"product","2":"type-product","3":"status-publish","4":"has-post-thumbnail","6":"product_cat-elektronik","8":"first","9":"instock","10":"sale","11":"taxable","12":"shipping-taxable","13":"purchasable","14":"product-type-simple"},"exclude_global_add_ons":[],"addons":[],"jetpack-related-posts":[{"id":9683,"url":"https:\/\/anythingtechnicallc.com\/index.php\/de\/product\/bose-quietcomfort-ultra-wireless-noise-cancelling-headphones-mit-spatial-audio-over-the-ear-kopfhoerer-mit-mikrofon-bis-zu-24-stunden-akkulaufzeit-white-smoke-renewed\/","url_meta":{"origin":9365,"position":0},"title":"Bose QuietComfort Ultra Wireless Noise Cancelling Headphones mit Spatial Audio, Over-The-Ear-Kopfh\u00f6rer mit Mikrofon, bis zu 24 Stunden Akkulaufzeit, White Smoke (Renewed)","date":"March 24, 2026","format":false,"excerpt":"LEVELED-UP LISTENING: Die Bose QuietComfort Ultra Headphones mit Spatial Audio bieten Ihnen ein immersives Erlebnis, bei dem sich Musik noch realer anf\u00fchlt; die CustomTune Technologie bietet Ihnen einen personalisierten, auf Sie zugeschnittenen Klang. GER\u00c4USCHUNTERDR\u00dcCKUNG DER WELTKLASSE: Diese Kopfh\u00f6rer mit Ger\u00e4uschunterdr\u00fcckung verf\u00fcgen \u00fcber den Quiet Mode, den Aware Mode und den\u2026","rel":"","context":"Similar post","img":{"alt_text":"","src":"https:\/\/i0.wp.com\/anythingtechnicallc.com\/wp-content\/uploads\/2026\/01\/Bose-QuietComfort-Ultra-White-Smoke.jpg?fit=1200%2C1200&ssl=1&resize=350%2C200","width":350,"height":200},"classes":[]},{"id":8973,"url":"https:\/\/anythingtechnicallc.com\/index.php\/de\/product\/philips-ph805-aktive-geraeuschunterdrueckung-anc-over-ear-bluetooth-performance-kopfhoerer-mit-hi-res-audio-bequemer-passform-und-30-stunden-spielzeit-taph805bk\/","url_meta":{"origin":9365,"position":1},"title":"PHILIPS PH805 Aktive Ger\u00e4uschunterdr\u00fcckung (ANC) Over Ear Bluetooth Performance Kopfh\u00f6rer mit Hi-Res Audio, bequemer Passform und 30 Stunden Spielzeit (TAPH805BK)","date":"March 18, 2026","format":false,"excerpt":"Aktive Ger\u00e4uschunterdr\u00fcckung (Anc). Lassen Sie mit der aktiven Ger\u00e4uschunterdr\u00fcckung alles hinter sich. Schalten Sie den L\u00e4rm eines Zuges oder eines gesch\u00e4ftigen B\u00fcros auf Knopfdruck aus. Wenn Sie unterwegs sind, k\u00f6nnen Sie im Awareness-Modus Ihre Musik h\u00f6ren und gleichzeitig den Stra\u00dfenl\u00e4rm ausblenden. 30 Stunden Spiel- oder Gespr\u00e4chszeit (25 Stunden mit eingeschaltetem\u2026","rel":"","context":"Similar post","img":{"alt_text":"","src":"https:\/\/i0.wp.com\/anythingtechnicallc.com\/wp-content\/uploads\/2024\/09\/81G9PXF96lL._AC_SL1500_.jpg?fit=932%2C1200&ssl=1&resize=350%2C200","width":350,"height":200},"classes":[]},{"id":9118,"url":"https:\/\/anythingtechnicallc.com\/index.php\/de\/product\/bose-700-noise-cancelling-bluetooth-kopfhoerer-triple-black-erneuert\/","url_meta":{"origin":9365,"position":2},"title":"Bose 700 Noise-Cancelling Bluetooth Kopfh\u00f6rer (Triple Black) (Erneuert)","date":"March 19, 2026","format":false,"excerpt":"Leistungsstarke Kopfh\u00f6rer mit Ger\u00e4uschunterdr\u00fcckung: Mit 11 Stufen aktiver Ger\u00e4uschunterdr\u00fcckung k\u00f6nnen Sie Musik, Podcasts, Videos und Anrufe ohne Ablenkung genie\u00dfen. Erstaunlicher Klang: Gestochen scharfe, klare Details. Tiefe, volle B\u00e4sse. Diese kabellosen Kopfh\u00f6rer erzeugen einen aufregenden, lebensechten Klang, der bei jeder Lautst\u00e4rke voll und ausgewogen ist. Un\u00fcbertroffene Sprachaufnahme: Ein revolution\u00e4res Mikrofonsystem passt\u2026","rel":"","context":"Similar post","img":{"alt_text":"","src":"https:\/\/i0.wp.com\/anythingtechnicallc.com\/wp-content\/uploads\/2025\/02\/51nAMlff9dL._AC_SL1000_.jpg?fit=565%2C889&ssl=1&resize=350%2C200","width":350,"height":200},"classes":[]},{"id":8964,"url":"https:\/\/anythingtechnicallc.com\/index.php\/de\/product\/jbl-tune-770nc-adaptive-geraeuschunterdrueckung-mit-intelligenter-umgebungsgeraeuschunterdrueckung-kabelloser-over-ear-kopfhoerer-bluetooth-5-3-bis-zu-70-stunden-akkulaufzeit-mit-schnellladung-l\/","url_meta":{"origin":9365,"position":3},"title":"JBL TUNE 770NC &#8211; Adaptive Ger\u00e4uschunterdr\u00fcckung mit intelligenter Umgebungsger\u00e4uschunterdr\u00fcckung, kabelloser Over-Ear-Kopfh\u00f6rer, Bluetooth 5.3, bis zu 70 Stunden Akkulaufzeit mit Schnellladung, leichtes, komfortables &#038; faltbares Design (Schwarz)","date":"March 18, 2026","format":false,"excerpt":"Adaptive Ger\u00e4uschunterdr\u00fcckung mit Smart Ambient: Adaptive Ger\u00e4uschunterdr\u00fcckung bedeutet keine Ablenkung, egal ob Sie lernen oder sich in der Musik verlieren. Wenn Sie die Welt um sich herum h\u00f6ren m\u00f6chten, aktivieren Sie Ambient Aware und TalkThru in der JBL Headphones App. Bluetooth 5.3 mit LE Audio: \u00dcbertragen Sie kabellos hochwertigen JBL\u2026","rel":"","context":"Similar post","img":{"alt_text":"","src":"https:\/\/i0.wp.com\/anythingtechnicallc.com\/wp-content\/uploads\/2024\/09\/61EL2AKKcBL._AC_SL1500_.jpg?fit=1056%2C1200&ssl=1&resize=350%2C200","width":350,"height":200},"classes":[]},{"id":8967,"url":"https:\/\/anythingtechnicallc.com\/index.php\/de\/product\/jbl-live-660nc-kabelloser-over-ear-kopfhoerer-mit-geraeuschunterdrueckung-ausdauerndem-akku-und-sprachassistent-schwarz-medium\/","url_meta":{"origin":9365,"position":4},"title":"JBL Live 660NC &#8211; Kabelloser Over-Ear-Kopfh\u00f6rer mit Ger\u00e4uschunterdr\u00fcckung, ausdauerndem Akku und Sprachassistent &#8211; Schwarz, Medium","date":"March 18, 2026","format":false,"excerpt":"Der kabellose Kopfh\u00f6rer JBL Live 660NC verf\u00fcgt \u00fcber 40-mm-Treiber und eine Klangsignatur, die in den ber\u00fchmtesten Veranstaltungsorten auf der ganzen Welt zu finden ist. Halten Sie den L\u00e4rm fern und konzentrieren Sie sich auf die Musik mit der adaptiven Ger\u00e4uschunterdr\u00fcckung dieser Bluetooth-Kopfh\u00f6rer. Die Ambient Aware Technologie erm\u00f6glicht es Ihnen, sicher\u2026","rel":"","context":"Similar post","img":{"alt_text":"","src":"https:\/\/i0.wp.com\/anythingtechnicallc.com\/wp-content\/uploads\/2024\/09\/61cjF3Y4pwL._AC_SL1500_.jpg?fit=981%2C1164&ssl=1&resize=350%2C200","width":350,"height":200},"classes":[]},{"id":9714,"url":"https:\/\/anythingtechnicallc.com\/index.php\/de\/product\/bose-quietcomfort-35-serie-i-kabellose-kopfhoerer-geraeuschunterdrueckung-schwarz-erneuert\/","url_meta":{"origin":9365,"position":5},"title":"Bose QuietComfort 35 (Serie I) Kabellose Kopfh\u00f6rer, Ger\u00e4uschunterdr\u00fcckung &#8211; Schwarz (Erneuert)","date":"March 24, 2026","format":false,"excerpt":"Die kabellosen Kopfh\u00f6rer Quiet Comfort 35 sind mit einer erstklassigen Ger\u00e4uschunterdr\u00fcckung ausgestattet, die daf\u00fcr sorgt, dass leise Ger\u00e4usche leiser und Musik besser klingt. Befreien Sie sich von Kabeln und verbinden Sie sich ganz einfach mit Ihren Ger\u00e4ten per Bluetooth und NFC-Kopplung. Der volumenoptimierte Equalizer sorgt f\u00fcr eine ausgewogene Audiowiedergabe bei\u2026","rel":"","context":"Similar post","img":{"alt_text":"","src":"https:\/\/i0.wp.com\/anythingtechnicallc.com\/wp-content\/uploads\/2026\/02\/Bose-QuietComfort-35.jpg?fit=1200%2C900&ssl=1&resize=350%2C200","width":350,"height":200},"classes":[]}],"pll_sync_post":[],"lang":"de","translations":{"de":9365,"en":7519},"_links":{"self":[{"href":"https:\/\/anythingtechnicallc.com\/index.php\/wp-json\/wp\/v2\/product\/9365","targetHints":{"allow":["GET"]}}],"collection":[{"href":"https:\/\/anythingtechnicallc.com\/index.php\/wp-json\/wp\/v2\/product"}],"about":[{"href":"https:\/\/anythingtechnicallc.com\/index.php\/wp-json\/wp\/v2\/types\/product"}],"replies":[{"embeddable":true,"href":"https:\/\/anythingtechnicallc.com\/index.php\/wp-json\/wp\/v2\/comments?post=9365"}],"wp:featuredmedia":[{"embeddable":true,"href":"https:\/\/anythingtechnicallc.com\/index.php\/wp-json\/wp\/v2\/media\/9364"}],"wp:attachment":[{"href":"https:\/\/anythingtechnicallc.com\/index.php\/wp-json\/wp\/v2\/media?parent=9365"}],"wp:term":[{"taxonomy":"product_brand","embeddable":true,"href":"https:\/\/anythingtechnicallc.com\/index.php\/wp-json\/wp\/v2\/product_brand?post=9365"},{"taxonomy":"product_cat","embeddable":true,"href":"https:\/\/anythingtechnicallc.com\/index.php\/wp-json\/wp\/v2\/product_cat?post=9365"},{"taxonomy":"product_tag","embeddable":true,"href":"https:\/\/anythingtechnicallc.com\/index.php\/wp-json\/wp\/v2\/product_tag?post=9365"}],"curies":[{"name":"wp","href":"https:\/\/api.w.org\/{rel}","templated":true}]}}