{"id":9368,"date":"2026-03-19T08:58:53","date_gmt":"2026-03-19T08:58:53","guid":{"rendered":"https:\/\/anythingtechnicallc.com\/?post_type=product&#038;p=9368"},"modified":"2026-03-19T08:58:53","modified_gmt":"2026-03-19T08:58:53","slug":"belkin-thunderbolt-4-kabel-2m-6-6ft-power-cable-usb-c-zu-usb-c-kabel-mit-100w-power-delivery-usb-4-konform-kompatibel-mit-thunderbolt-3-macbook-pro-ecpu-mehr-intel-thunderbolt-zertifizier","status":"publish","type":"product","link":"https:\/\/anythingtechnicallc.com\/index.php\/de\/product\/belkin-thunderbolt-4-kabel-2m-6-6ft-power-cable-usb-c-zu-usb-c-kabel-mit-100w-power-delivery-usb-4-konform-kompatibel-mit-thunderbolt-3-macbook-pro-ecpu-mehr-intel-thunderbolt-zertifizier\/","title":{"rendered":"Belkin Thunderbolt 4 Kabel (2M, 6.6ft Power Cable), USB-C zu USB-C Kabel mit 100W Power Delivery, USB 4 konform, kompatibel mit Thunderbolt 3, MacBook Pro, eCPU, &#038; mehr &#8211; Intel Thunderbolt zertifiziert"},"content":{"rendered":"<ul class=\"a-unordered-list a-vertical a-spacing-mini\">\n<li class=\"a-spacing-mini\"><span class=\"a-list-item\">EINKABEL-L\u00d6SUNG: Dieses vielseitige Ladekabel, das von The Verge f\u00fcr seine L\u00e4nge ausgezeichnet wurde, unterst\u00fctzt Daten, Strom und Video &#8211; eine Ein-Kabel-L\u00f6sung f\u00fcr Ihren Power Hub, Ihr MacBook Pro oder jedes andere USB-C kompatible Ger\u00e4t! Sie finden es auch in 1M\/3.3ft L\u00e4nge.<\/span><\/li>\n<li class=\"a-spacing-mini\"><span class=\"a-list-item\">DIE NEUESTE THUNDERBOLT-TECHNOLOGIE: Sie erhalten erstklassige Konnektivit\u00e4t in einem vollwertigen Belkin-Ladekabel mit der doppelten Geschwindigkeit der neuesten Version von USB 3.0 und dem 8-fachen des urspr\u00fcnglichen USB 3-Standards.<\/span><\/li>\n<li class=\"a-spacing-mini\"><span class=\"a-list-item\">THUNDERBOLT ZERTIFIZIERT: Das Thunderbolt 4 USB-C zu USB-C Kabel &#8211; kompatibel mit Thunderbolt 3, USB4, USB 3.2 und USB2.0 &#8211; bietet schnelle Daten\u00fcbertragung und Ladefunktionen.<\/span><\/li>\n<li class=\"a-spacing-mini\"><span class=\"a-list-item\">Blitzschnelle Geschwindigkeiten: Dieses aktive Belkin USB-C-auf-USB-C-Kabel (2 m\/6,6 ft) unterst\u00fctzt eine Bandbreite von bis zu 40 Gbit\/s und 8K-Video bei 30 Hz, damit Sie Daten schneller als je zuvor \u00fcbertragen k\u00f6nnen!<\/span><\/li>\n<li class=\"a-spacing-mini\"><span class=\"a-list-item\">BIS ZU 100W POWER DELIVERY: Abw\u00e4rtskompatibel, mit bis zu 100W Power Delivery f\u00fcr eine schnelle Aufladung Ihrer Peripherieger\u00e4te. Versorgen Sie Laptops, Smartphones, Tablets und viele andere kompatible Ger\u00e4te mit Strom!<\/span><\/li>\n<\/ul>\n","protected":false},"excerpt":{"rendered":"<ul class=\"a-unordered-list a-vertical a-spacing-mini\">\n<li class=\"a-spacing-mini\"><span class=\"a-list-item\">EINKABEL-L\u00d6SUNG: Dieses vielseitige Ladekabel, das von The Verge f\u00fcr seine L\u00e4nge ausgezeichnet wurde, unterst\u00fctzt Daten, Strom und Video &#8211; eine Ein-Kabel-L\u00f6sung f\u00fcr Ihren Power Hub, Ihr MacBook Pro oder jedes andere USB-C kompatible Ger\u00e4t! Sie finden es auch in 1M\/3.3ft L\u00e4nge.<\/span><\/li>\n<li class=\"a-spacing-mini\"><span class=\"a-list-item\">DIE NEUESTE THUNDERBOLT-TECHNOLOGIE: Sie erhalten erstklassige Konnektivit\u00e4t in einem vollwertigen Belkin-Ladekabel mit der doppelten Geschwindigkeit der neuesten Version von USB 3.0 und dem 8-fachen des urspr\u00fcnglichen USB 3-Standards.<\/span><\/li>\n<li class=\"a-spacing-mini\"><span class=\"a-list-item\">THUNDERBOLT ZERTIFIZIERT: Das Thunderbolt 4 USB-C zu USB-C Kabel &#8211; kompatibel mit Thunderbolt 3, USB4, USB 3.2 und USB2.0 &#8211; bietet schnelle Daten\u00fcbertragung und Ladefunktionen.<\/span><\/li>\n<li class=\"a-spacing-mini\"><span class=\"a-list-item\">LIGHTNING FAST SPEEDS: Dieses aktive Belkin USB-C-auf-USB-C-Kabel mit einer L\u00e4nge von 2 m unterst\u00fctzt eine Bandbreite von bis zu 40 Gbit\/s und 8K-Videos bei 30 Hz, damit Sie Daten schneller als je zuvor \u00fcbertragen k\u00f6nnen!<\/span><\/li>\n<li class=\"a-spacing-mini\"><span class=\"a-list-item\">BIS ZU 100W POWER DELIVERY: Abw\u00e4rtskompatibel, mit bis zu 100W Power Delivery f\u00fcr eine schnelle Aufladung Ihrer Peripherieger\u00e4te. Versorgen Sie Laptops, Smartphones, Tablets und viele andere kompatible Ger\u00e4te mit Strom!<\/span><\/li>\n<\/ul>\n","protected":false},"featured_media":9367,"comment_status":"open","ping_status":"closed","template":"","meta":{"_et_pb_use_builder":"","_et_pb_old_content":"","_et_gb_content_width":""},"product_brand":[],"product_cat":[1576],"product_tag":[],"class_list":{"0":"post-9368","1":"product","2":"type-product","3":"status-publish","4":"has-post-thumbnail","6":"product_cat-kamerazubehoer","8":"first","9":"instock","10":"sale","11":"taxable","12":"shipping-taxable","13":"purchasable","14":"product-type-simple"},"exclude_global_add_ons":[],"addons":[],"jetpack-related-posts":[{"id":9551,"url":"https:\/\/anythingtechnicallc.com\/index.php\/de\/product\/hp-usb-c-dock-g5-11-in-1-adapter-fuer-usb-c-und-thunderbolt-faehige-laptops-pcs-und-notebooks-ein-einziges-kabel-zum-aufladen-vernetzen-oder-fuer-datenuebertragungen-ideal-fuer-sicheres-remote\/","url_meta":{"origin":9368,"position":0},"title":"HP USB-C Dock G5-11-in-1 Adapter f\u00fcr USB-C und Thunderbolt-f\u00e4hige Laptops, PCs und Notebooks &#8211; ein einziges Kabel zum Aufladen, Vernetzen oder f\u00fcr Daten\u00fcbertragungen &#8211; ideal f\u00fcr sicheres &#038; Remote Management","date":"March 21, 2026","format":false,"excerpt":"Machen Sie sich an die Arbeit mit dem vielseitigen, eleganten und platzsparenden HP USB-C Dock G5. Diese USB-Dockingstation ist mit HP Laptops, MacBook\u00ae Computern und anderen Notebooks (2) kompatibel und eignet sich dank ihres geringen Platzbedarfs und der Einrichtung mit nur einem Kabel hervorragend zur Organisation Ihres Schreibtisches. Ganz gleich,\u2026","rel":"","context":"Similar post","img":{"alt_text":"","src":"https:\/\/i0.wp.com\/anythingtechnicallc.com\/wp-content\/uploads\/2025\/09\/81xxmKsxxsL._AC_SL1500_.jpg?fit=983%2C1200&ssl=1&resize=350%2C200","width":350,"height":200},"classes":[]},{"id":9629,"url":"https:\/\/anythingtechnicallc.com\/index.php\/de\/product\/gebrauchter-hp-usb-c-dock-g5-11-in-1-adapter-fuer-usb-c-und-thunderbolt-faehige-laptops-pcs-und-notebooks-ein-einziges-kabel-zum-laden-vernetzen-oder-fuer-datenuebertragungen-ideal-fuer-sicheres\/","url_meta":{"origin":9368,"position":1},"title":"Gebrauchter HP USB-C Dock G5-11-in-1 Adapter f\u00fcr USB-C und Thunderbolt-f\u00e4hige Laptops, PCs und Notebooks &#8211; ein einziges Kabel zum Laden, Vernetzen oder f\u00fcr Daten\u00fcbertragungen &#8211; ideal f\u00fcr sicheres &#038; Remote Management","date":"March 24, 2026","format":false,"excerpt":"Machen Sie sich an die Arbeit mit dem vielseitigen, eleganten und platzsparenden HP USB-C Dock G5. Diese USB-Dockingstation ist mit HP Laptops, MacBook\u00ae Computern und anderen Notebooks (2) kompatibel und eignet sich dank ihres geringen Platzbedarfs und der Einrichtung mit nur einem Kabel hervorragend zur Organisation Ihres Schreibtisches. Ganz gleich,\u2026","rel":"","context":"Similar post","img":{"alt_text":"","src":"https:\/\/i0.wp.com\/anythingtechnicallc.com\/wp-content\/uploads\/2025\/10\/HP-USB-C-Dock-G5.webp?fit=1200%2C675&ssl=1&resize=350%2C200","width":350,"height":200},"classes":[]},{"id":9381,"url":"https:\/\/anythingtechnicallc.com\/index.php\/de\/product\/dell-thunderbolt-wd22tb4-4-dock-130w\/","url_meta":{"origin":9368,"position":2},"title":"Dell Thunderbolt WD22TB4 4 Dock 130W","date":"March 19, 2026","format":false,"excerpt":"Modulares Thunderbolt-Dock mit austauschbaren Modulen f\u00fcr einfache Upgrades und SuperBoost-Technologien f\u00fcr schnelles Laden. 2 x Thunderbolt-4-Anschl\u00fcsse \/ 1 x USB-C 3.2 Gen 2 \/ 1 x USB-A 3.2 Gen 1 mit PowerShare \/ 2 x DisplayPort 1.4 \/ 1 x HDMI 2.0 \/ 1 x USB-C Multifunction DisplayPort. 2 x\u2026","rel":"","context":"Similar post","img":{"alt_text":"","src":"https:\/\/i0.wp.com\/anythingtechnicallc.com\/wp-content\/uploads\/2025\/08\/41TfyCoNXsL._AC_SL1247_.jpg?fit=1200%2C570&ssl=1&resize=350%2C200","width":350,"height":200},"classes":[]},{"id":9689,"url":"https:\/\/anythingtechnicallc.com\/index.php\/de\/product\/hp-thunderbolt-dock-230w-g2-4k-unterstuetzung-thunderbolt-3-usb-c-displayport-vga-fuer-hp-elite-x2-elitebook-folio-zbook-probook-schwarz-erneuert\/","url_meta":{"origin":9368,"position":3},"title":"HP Thunderbolt Dock 230W G2 &#8211; 4K Unterst\u00fctzung, Thunderbolt 3, USB C, DisplayPort, VGA &#8211; F\u00fcr HP Elite x2, Elitebook, Folio, Zbook, Probook &#8211; Schwarz (Erneuert)","date":"March 24, 2026","format":false,"excerpt":"Anschl\u00fcsse an der Vorderseite: 1 USB-C-Anschluss mit Daten- und Stromausgang (15 W); 1 USB-C-Kabel zum Anschluss an das Hostsystem (0,7 m Kabell\u00e4nge). Seitliche Anschl\u00fcsse: 1 USB 3.0-Anschluss mit Stromversorgung; 1 Combo-Audio-Buchse; 1 Kensington Lock-Steckplatz. R\u00fcckseitige Anschl\u00fcsse: 1 Thunderbolt-Anschluss; 1 USB-C DisplayPort Daten- und Stromanschluss (15W); 2 DisplayPort-Anschl\u00fcsse; 1 VGA-Anschluss; 2\u2026","rel":"","context":"Similar post","img":{"alt_text":"","src":"https:\/\/i0.wp.com\/anythingtechnicallc.com\/wp-content\/uploads\/2026\/01\/HP-Thunderbolt-Dock-230W-G2.jpg?fit=1200%2C900&ssl=1&resize=350%2C200","width":350,"height":200},"classes":[]},{"id":9479,"url":"https:\/\/anythingtechnicallc.com\/index.php\/de\/product\/apple-thunderbolt-3-usb-c-auf-thunderbolt-2-adapter\/","url_meta":{"origin":9368,"position":4},"title":"Apple Thunderbolt 3 (USB-C) auf Thunderbolt 2 Adapter","date":"March 21, 2026","format":false,"excerpt":"Mit dem Thunderbolt 3 (USB-C) auf Thunderbolt 2 Adapter k\u00f6nnen Sie Thunderbolt- und Thunderbolt 2-Ger\u00e4te - wie externe Festplatten und Thunderbolt-Docks - an jeden der Thunderbolt 3 (USB-C) \/ USB 4-Anschl\u00fcsse Ihres Macs anschlie\u00dfen. Als bidirektionaler Adapter kann er auch neue Thunderbolt 3-Ger\u00e4te an einen Mac mit einem Thunderbolt- oder\u2026","rel":"","context":"Similar post","img":{"alt_text":"","src":"https:\/\/i0.wp.com\/anythingtechnicallc.com\/wp-content\/uploads\/2025\/08\/41YQV7DcaIL._AC_SL1500_.jpg?fit=192%2C1200&ssl=1&resize=350%2C200","width":350,"height":200},"classes":[]},{"id":9530,"url":"https:\/\/anythingtechnicallc.com\/index.php\/de\/product\/poly-voyager-4310-uc-wireless-headset-plantronics-einohr-bluetooth-headset-mit-mikrofon-zur-geraeuschunterdrueckung-verbindung-mit-pc-mac-mobiltelefon-ueber-bluetooth-funktioniert-mit-teams-z\/","url_meta":{"origin":9368,"position":5},"title":"Poly Voyager 4310 UC Wireless Headset (Plantronics) &#8211; Einohr-Bluetooth-Headset mit Mikrofon zur Ger\u00e4uschunterdr\u00fcckung &#8211; Verbindung mit PC\/Mac\/Mobiltelefon \u00fcber Bluetooth &#8211; Funktioniert mit Teams, Zoom und mehr &#8211; Amazon Exclusive","date":"March 21, 2026","format":false,"excerpt":"KLARE AUDIOQUALIT\u00c4T: Die Ger\u00e4uschunterdr\u00fcckung mit Acoustic Fence Technologie in einem flexiblen B\u00fcgelmikrofon blendet Hintergrundger\u00e4usche aus, so dass Ihre Gespr\u00e4chspartner nur Sie h\u00f6ren. Mit der Stummschalttaste am B\u00fcgelmikrofon k\u00f6nnen Sie Ihr Mikrofon schnell stummschalten, w\u00e4hrend ein dynamischer Stummschaltungsalarm Sie darauf hinweist, dass Sie stummgeschaltet sind. KONNEKTIVIT\u00c4T & MOBILIT\u00c4T: Verbinden Sie sich\u2026","rel":"","context":"Similar post","img":{"alt_text":"","src":"https:\/\/i0.wp.com\/anythingtechnicallc.com\/wp-content\/uploads\/2025\/09\/81zIcuCc9L._AC_SL1500_.jpg?fit=921%2C1200&ssl=1&resize=350%2C200","width":350,"height":200},"classes":[]}],"pll_sync_post":[],"lang":"de","translations":{"de":9368,"en":7531},"_links":{"self":[{"href":"https:\/\/anythingtechnicallc.com\/index.php\/wp-json\/wp\/v2\/product\/9368","targetHints":{"allow":["GET"]}}],"collection":[{"href":"https:\/\/anythingtechnicallc.com\/index.php\/wp-json\/wp\/v2\/product"}],"about":[{"href":"https:\/\/anythingtechnicallc.com\/index.php\/wp-json\/wp\/v2\/types\/product"}],"replies":[{"embeddable":true,"href":"https:\/\/anythingtechnicallc.com\/index.php\/wp-json\/wp\/v2\/comments?post=9368"}],"wp:featuredmedia":[{"embeddable":true,"href":"https:\/\/anythingtechnicallc.com\/index.php\/wp-json\/wp\/v2\/media\/9367"}],"wp:attachment":[{"href":"https:\/\/anythingtechnicallc.com\/index.php\/wp-json\/wp\/v2\/media?parent=9368"}],"wp:term":[{"taxonomy":"product_brand","embeddable":true,"href":"https:\/\/anythingtechnicallc.com\/index.php\/wp-json\/wp\/v2\/product_brand?post=9368"},{"taxonomy":"product_cat","embeddable":true,"href":"https:\/\/anythingtechnicallc.com\/index.php\/wp-json\/wp\/v2\/product_cat?post=9368"},{"taxonomy":"product_tag","embeddable":true,"href":"https:\/\/anythingtechnicallc.com\/index.php\/wp-json\/wp\/v2\/product_tag?post=9368"}],"curies":[{"name":"wp","href":"https:\/\/api.w.org\/{rel}","templated":true}]}}