{"id":9372,"date":"2026-03-19T09:00:31","date_gmt":"2026-03-19T09:00:31","guid":{"rendered":"https:\/\/anythingtechnicallc.com\/?post_type=product&#038;p=9372"},"modified":"2026-03-19T09:00:31","modified_gmt":"2026-03-19T09:00:31","slug":"belkin-magsafe-3-in-1-wireless-charging-pad-schnelles-drahtloses-aufladen-fuer-apple-watch-iphone-16-iphone-15-iphone-14-iphone-12-serie-airpods-ladestation-fuer-mehrere-geraete-schwarz","status":"publish","type":"product","link":"https:\/\/anythingtechnicallc.com\/index.php\/de\/product\/belkin-magsafe-3-in-1-wireless-charging-pad-schnelles-drahtloses-aufladen-fuer-apple-watch-iphone-16-iphone-15-iphone-14-iphone-12-serie-airpods-ladestation-fuer-mehrere-geraete-schwarz\/","title":{"rendered":"Belkin MagSafe 3-in-1 Wireless Charging Pad &#8211; Schnelles drahtloses Aufladen f\u00fcr Apple Watch, iPhone 16, iPhone 15, iPhone 14, &#038; iPhone 12 Serie, &#038; AirPods &#8211; Ladestation f\u00fcr mehrere Ger\u00e4te &#8211; Schwarz"},"content":{"rendered":"<ul class=\"a-unordered-list a-vertical a-spacing-mini\">\n<li class=\"a-spacing-mini\"><span class=\"a-list-item\">VON RENOMMIERTEN MEDIEN VORGESTELLT: Dieses Pad ist mit verschiedenen Smartphones kompatibel und wird von Organisationen wie Yahoo, CNN Underscored und anderen f\u00fcr seinen integrierten MagSafe anerkannt. Forbes bezeichnet es als &#8220;bestes Ladepad f\u00fcr Apple Watch Series 7 Nutzer&#8221;.<\/span><\/li>\n<li class=\"a-spacing-mini\"><span class=\"a-list-item\">3-IN-1-LADEGER\u00c4T LADET IHR IPHONE, APPLE WATCH und AIRPODS GLEICHZEITIG AUF: Versorgen Sie Ihr Apple-\u00d6kosystem mit Strom mit diesem Belkin 3-in-1 Wireless iPhone Charger Pad &#8211; die perfekte Ladestation f\u00fcr iPhone 12 und neuer, Pro und Pro Max, Apple Watch und AirPods.<\/span><\/li>\n<li class=\"a-spacing-mini\"><span class=\"a-list-item\">LADEN SIE IHRE GER\u00c4TE BIS ZU 33% SCHNELLER: Dieses MagSafe-Ladeger\u00e4t ist mit dem Apple-Schnellladeverfahren kompatibel und kann ein iPhone mit bis zu 15 Watt schnell aufladen. Es unterst\u00fctzt auch das Schnellladen f\u00fcr die Apple Watch Series 9 und 8.<\/span><\/li>\n<li class=\"a-spacing-mini\"><span class=\"a-list-item\">DIE LEISTUNGSSTARKE MAGNETVERBINDUNG ERM\u00d6GLICHT EINE EINFACHE PLATZIERUNG: Dieses Pad verwendet die MagSafe Technologie, um eine perfekte Ausrichtung zu gew\u00e4hrleisten. Dank des integrierten Magnetsystems k\u00f6nnen Sie Ihr iPhone oder Ihre Apple Watch ganz einfach mit einer Hand auf das Ladepad legen, ohne dass es zu Problemen kommt.<\/span><\/li>\n<\/ul>\n","protected":false},"excerpt":{"rendered":"<ul class=\"a-unordered-list a-vertical a-spacing-mini\">\n<li class=\"a-spacing-mini\"><span class=\"a-list-item\">VON RENOMMIERTEN MEDIEN VORGESTELLT: Dieses Pad ist mit verschiedenen Smartphones kompatibel und wird von Organisationen wie Yahoo, CNN Underscored und anderen f\u00fcr seinen integrierten MagSafe anerkannt. Forbes bezeichnet es als &#8220;bestes Ladepad f\u00fcr Apple Watch Series 7 Nutzer&#8221;.<\/span><\/li>\n<li class=\"a-spacing-mini\"><span class=\"a-list-item\">3-IN-1-LADEGER\u00c4T LADET IHR IPHONE, APPLE WATCH und AIRPODS GLEICHZEITIG AUF: Versorgen Sie Ihr Apple-\u00d6kosystem mit Strom mit diesem Belkin 3-in-1 Wireless iPhone Charger Pad &#8211; die perfekte Ladestation f\u00fcr iPhone 12 und neuer, Pro und Pro Max, Apple Watch und AirPods.<\/span><\/li>\n<li class=\"a-spacing-mini\"><span class=\"a-list-item\">LADEN SIE IHRE GER\u00c4TE BIS ZU 33% SCHNELLER: Dieses MagSafe-Ladeger\u00e4t ist mit dem Apple-Schnellladeverfahren kompatibel und kann ein iPhone mit bis zu 15 Watt schnell aufladen und unterst\u00fctzt auch das Schnellladen der Apple Watch Series 9 und 8.<\/span><\/li>\n<li class=\"a-spacing-mini\"><span class=\"a-list-item\">DIE LEISTUNGSSTARKE MAGNETVERBINDUNG ERM\u00d6GLICHT EINE EINFACHE PLATZIERUNG: Dieses Pad verwendet die MagSafe Technologie, um eine perfekte Ausrichtung zu gew\u00e4hrleisten. Dank des integrierten Magnetsystems k\u00f6nnen Sie Ihr iPhone oder Ihre Apple Watch ganz einfach mit einer Hand auf das Ladepad legen, ohne dass es zu Problemen kommt.<\/span><\/li>\n<\/ul>\n","protected":false},"featured_media":9371,"comment_status":"open","ping_status":"closed","template":"","meta":{"_et_pb_use_builder":"","_et_pb_old_content":"","_et_gb_content_width":""},"product_brand":[],"product_cat":[1580],"product_tag":[],"class_list":{"0":"post-9372","1":"product","2":"type-product","3":"status-publish","4":"has-post-thumbnail","6":"product_cat-solarladegeraete","8":"first","9":"instock","10":"sale","11":"taxable","12":"shipping-taxable","13":"purchasable","14":"product-type-simple"},"exclude_global_add_ons":[],"addons":[],"jetpack-related-posts":[{"id":9378,"url":"https:\/\/anythingtechnicallc.com\/index.php\/de\/product\/belkin-tragbares-ladegeraet-3-port-laptop-power-bank-20000-mah-usb-c-usb-a-ports-65w-iphone-ladegeraet-schnelles-aufladen-macbook-apple-iphone-16-ipad-samsung-galaxy-s25-nintendo-switch-2\/","url_meta":{"origin":9372,"position":0},"title":"Belkin Tragbares Ladeger\u00e4t, 3-Port Laptop Power Bank 20000 mAh &#8211; USB-C &#038; USB-A Ports, 65W iPhone Ladeger\u00e4t Schnelles Aufladen &#8211; MacBook, Apple iPhone 16, iPad, Samsung Galaxy S25, Nintendo Switch 2, etc &#8211; Schwarz","date":"March 19, 2026","format":false,"excerpt":"LADEN SIE IHR LAPTOP UNTERWEGS AUF: Diese vielseitige Powerbank liefert eine Leistung von bis zu 65 W an einem einzigen USB-C-Anschluss, um Ihr MacBook oder ein anderes kompatibles Notebook aufzuladen. Laden Sie ein MacBook Pro (14\" M3) in nur 42 Minuten von 0-50% auf. 20K BATTERY LIFE: Mit einer gewaltigen\u2026","rel":"","context":"Similar post","img":{"alt_text":"","src":"https:\/\/i0.wp.com\/anythingtechnicallc.com\/wp-content\/uploads\/2025\/08\/51B1Adm7osL._AC_SL1500_.jpg?fit=890%2C1200&ssl=1&resize=350%2C200","width":350,"height":200},"classes":[]},{"id":9641,"url":"https:\/\/anythingtechnicallc.com\/index.php\/de\/product\/erneuerte-apple-airpods-max-wireless-over-ear-kopfhoerer-pro-level-aktive-geraeuschunterdrueckung-transparenz-modus-personalisiertes-raeumliches-audio-usb-c-aufladung-bluetooth-kopfhoerer-fuer-ip\/","url_meta":{"origin":9372,"position":1},"title":"Erneuerte Apple AirPods Max Wireless Over-Ear-Kopfh\u00f6rer, Pro-Level aktive Ger\u00e4uschunterdr\u00fcckung, Transparenz-Modus, personalisiertes r\u00e4umliches Audio, USB-C Aufladung, Bluetooth-Kopfh\u00f6rer f\u00fcr iPhone &#8211; Mitternacht","date":"March 24, 2026","format":false,"excerpt":"PERS\u00d6NLICHES RAUMAKUSTIK-AUDIO - Mit einem Klang, der sich Ihrer einzigartigen Ohrform anpasst, und einer dynamischen Kopfst\u00fctze bieten die AirPods Max ein beeindruckendes H\u00f6rerlebnis, bei dem der Klang rund um Sie herum zu h\u00f6ren ist.* Au\u00dferdem k\u00f6nnen Sie ausgew\u00e4hlte Songs, Shows und Filme in Dolby Atmos h\u00f6ren. F\u00dcNF FRISCHE FARBEN -\u2026","rel":"","context":"Similar post","img":{"alt_text":"","src":"https:\/\/i0.wp.com\/anythingtechnicallc.com\/wp-content\/uploads\/2025\/10\/716QjZYRBAL._AC_SL1500_.jpg?fit=913%2C1200&ssl=1&resize=350%2C200","width":350,"height":200},"classes":[]},{"id":9384,"url":"https:\/\/anythingtechnicallc.com\/index.php\/de\/product\/solarpanel-ladegeraet-solorage-21w-solar-ladegeraet-mit-2-usb-anschluessen-und-3-faltbaren-solarpanels-tragbares-solar-handy-ladegeraet-fuer-camping-wandern-kompatibel-mit-iphone-ipad-pro-air-mini\/","url_meta":{"origin":9372,"position":2},"title":"Solarpanel-Ladeger\u00e4t, Solorage 21W Solar-Ladeger\u00e4t mit 2 USB-Anschl\u00fcssen und 3 faltbaren Solarpanels Tragbares Solar-Handy-Ladeger\u00e4t f\u00fcr Camping, Wandern Kompatibel mit iPhone, iPad Pro\/Air\/Mini, Samsung Galaxy","date":"March 19, 2026","format":false,"excerpt":"Vergewissern Sie sich, dass dieses Produkt passt, indem Sie Ihre Modellnummer eingeben. SMART CHARGING TECHNOLOGY: Eingebauter intelligenter Chip und Spannungsreglertechnologie, die Ihr Ger\u00e4t erkennen kann und dann die schnellstm\u00f6gliche Ladegeschwindigkeit liefert. Das Solorage Solarstrom-Ladeger\u00e4t gew\u00e4hrleistet einen sicheren Ladevorgang durch Schutz vor \u00dcberladung, \u00dcberhitzung und Kurzschluss. ?HOHE ENERGIEUMWANDLUNG: Das faltbare 21-Watt-SunPower-Solarpanel\u2026","rel":"","context":"Similar post","img":{"alt_text":"","src":"https:\/\/i0.wp.com\/anythingtechnicallc.com\/wp-content\/uploads\/2022\/09\/Solar-Panel-Charger-Solorage-21W-Solar-Charger-with-2-USB-Ports-and-3-Foldable-Solar-Panels-Portable-Solar-Phone-Charger-for-Camping-Hiking-Compatible-with-iPhone-iPad-ProAirMini-Samsung-Galaxy-0.jpg?fit=500%2C500&ssl=1&resize=350%2C200","width":350,"height":200},"classes":[]},{"id":9904,"url":"https:\/\/anythingtechnicallc.com\/index.php\/de\/product\/apple-airpods-pro-2-generation-usb-c-rechter-ersatz-airpod-a3047-weiss-erneuert\/","url_meta":{"origin":9372,"position":3},"title":"Apple AirPods Pro 2. Generation (USB-C) &#8211; Rechter Ersatz-AirPod (A3047) &#8211; Wei\u00df (erneuert)","date":"April 15, 2026","format":false,"excerpt":"Ersatz Apple AirPods Pro (2. Generation) (USB-C) AirPod - rechte Seite (A3047). Einfach mit Ihrem vorhandenen AirPods-Set zu koppeln, inklusive Anleitung zum Koppeln. Das Paket enth\u00e4lt 1 rechten Apple AirPod Pro der 2. Generation (USB-C) (A3047) und eine Paarungsanleitung in einem generischen Umschlag oder Karton. Nur kompatibel mit Apple AirPods\u2026","rel":"","context":"Similar post","img":{"alt_text":"","src":"https:\/\/i0.wp.com\/anythingtechnicallc.com\/wp-content\/uploads\/2026\/04\/Apple-AirPods-Pro-2nd-Gen-USB-C-Right-Replacement-AirPod-A3047-White-Renewed.jpg?fit=900%2C1200&ssl=1&resize=350%2C200","width":350,"height":200},"classes":[]},{"id":9425,"url":"https:\/\/anythingtechnicallc.com\/index.php\/de\/product\/2-usb-anschluesse-28w-solar-ladegeraet-5v-4-8a-max-faltbares-tragbares-solar-handy-ladegeraet-mit-sunpower-solarpanel-kompatibel-mit-iphone-11-xs-xs-max-xr-x-8-7-ipad-samsung-galaxy-lg-etc\/","url_meta":{"origin":9372,"position":4},"title":"2 USB-Anschl\u00fcsse 28W Solar-Ladeger\u00e4t (5V\/4.8A Max), faltbares tragbares Solar-Handy-Ladeger\u00e4t mit SunPower Solarpanel Kompatibel mit iPhone 11\/Xs\/XS Max\/XR\/X\/8\/7, iPad, Samsung Galaxy LG etc.","date":"March 19, 2026","format":false,"excerpt":"Verbesserte zwei USB-A-Anschl\u00fcsse: Jeder hat einen maximalen Ausgang von 5V\/2,4A und der maximale Gesamtstrom liegt bei 5V\/4,8A. Mit dem 28 W Solarladeger\u00e4t k\u00f6nnen Sie mehrere Ger\u00e4te gleichzeitig aufladen. Es ist mit einer intelligenten Ladetechnologie ausgestattet, die Ihr Ger\u00e4t erkennt und dann die optimale Ladegeschwindigkeit f\u00fcr verschiedene Ger\u00e4te bereitstellt. 100% sichere\u2026","rel":"","context":"Similar post","img":{"alt_text":"","src":"https:\/\/i0.wp.com\/anythingtechnicallc.com\/wp-content\/uploads\/2021\/11\/10891131799_1539480740.jpg?fit=750%2C750&ssl=1&resize=350%2C200","width":350,"height":200},"classes":[]},{"id":9460,"url":"https:\/\/anythingtechnicallc.com\/index.php\/de\/product\/888wh65watt-tragbares-laptop-ladegeraet-mit-solarpanel-ein-super-tragbarer-reiseakku-powerbank-fuer-hp-notebooks-macbook-laptops\/","url_meta":{"origin":9372,"position":5},"title":"88,8Wh|65Watt Tragbares Laptop-Ladeger\u00e4t mit Solarpanel, Ein super tragbarer Reiseakku &#038; Powerbank f\u00fcr HP, Notebooks, MacBook, Laptops","date":"March 19, 2026","format":false,"excerpt":"Bemerkenswert kompakt und leistungsstark: Eine der kleinsten und leichtesten tragbaren Powerbanks mit 24000mAh (88,8Wh) und 110V\/65W AC-Anschluss, eine gro\u00dfartige L\u00f6sung f\u00fcr die AC-Stromversorgung. Sie liefert ausreichend Strom f\u00fcr die meisten Ihrer Ger\u00e4te wie Smartphone, Tablet und Laptop. Perfekt f\u00fcr Ihre Reisen und Gesch\u00e4ftsreisen. Schnelles Aufladen: L\u00e4dt sich selbst in weniger\u2026","rel":"","context":"Similar post","img":{"alt_text":"","src":"https:\/\/i0.wp.com\/anythingtechnicallc.com\/wp-content\/uploads\/2022\/09\/888Wh65Watts-Portable-Laptop-Charger-with-Solar-Panel-A-Super-Travel-Portable-Battery-Pack-Power-Bank-for-HP-Notebooks-MacBook-Laptops-0.jpg?fit=500%2C500&ssl=1&resize=350%2C200","width":350,"height":200},"classes":[]}],"pll_sync_post":[],"lang":"de","translations":{"de":9372,"en":7533},"_links":{"self":[{"href":"https:\/\/anythingtechnicallc.com\/index.php\/wp-json\/wp\/v2\/product\/9372","targetHints":{"allow":["GET"]}}],"collection":[{"href":"https:\/\/anythingtechnicallc.com\/index.php\/wp-json\/wp\/v2\/product"}],"about":[{"href":"https:\/\/anythingtechnicallc.com\/index.php\/wp-json\/wp\/v2\/types\/product"}],"replies":[{"embeddable":true,"href":"https:\/\/anythingtechnicallc.com\/index.php\/wp-json\/wp\/v2\/comments?post=9372"}],"wp:featuredmedia":[{"embeddable":true,"href":"https:\/\/anythingtechnicallc.com\/index.php\/wp-json\/wp\/v2\/media\/9371"}],"wp:attachment":[{"href":"https:\/\/anythingtechnicallc.com\/index.php\/wp-json\/wp\/v2\/media?parent=9372"}],"wp:term":[{"taxonomy":"product_brand","embeddable":true,"href":"https:\/\/anythingtechnicallc.com\/index.php\/wp-json\/wp\/v2\/product_brand?post=9372"},{"taxonomy":"product_cat","embeddable":true,"href":"https:\/\/anythingtechnicallc.com\/index.php\/wp-json\/wp\/v2\/product_cat?post=9372"},{"taxonomy":"product_tag","embeddable":true,"href":"https:\/\/anythingtechnicallc.com\/index.php\/wp-json\/wp\/v2\/product_tag?post=9372"}],"curies":[{"name":"wp","href":"https:\/\/api.w.org\/{rel}","templated":true}]}}