{"id":9375,"date":"2026-03-19T09:00:47","date_gmt":"2026-03-19T09:00:47","guid":{"rendered":"https:\/\/anythingtechnicallc.com\/?post_type=product&#038;p=9375"},"modified":"2026-03-19T09:00:47","modified_gmt":"2026-03-19T09:00:47","slug":"belkin-usb-c-hub-11-in-1-multi-port-laptop-dock-mit-4k-hdmi-dp-vga-usb-c-docking-station-mit-100w-power-delivery-usb-a-gigabit-ethernet-sd-microsd-3-5mm-port-fuer-macbook-pro-air-und-mehr","status":"publish","type":"product","link":"https:\/\/anythingtechnicallc.com\/index.php\/de\/product\/belkin-usb-c-hub-11-in-1-multi-port-laptop-dock-mit-4k-hdmi-dp-vga-usb-c-docking-station-mit-100w-power-delivery-usb-a-gigabit-ethernet-sd-microsd-3-5mm-port-fuer-macbook-pro-air-und-mehr\/","title":{"rendered":"Belkin USB C Hub, 11-in-1 Multi-Port Laptop Dock mit 4K HDMI, DP, VGA, USB C Docking Station mit 100W Power Delivery, USB A, Gigabit Ethernet, SD, MicroSD, 3.5mm Port f\u00fcr MacBook Pro, Air und mehr"},"content":{"rendered":"<ul class=\"a-unordered-list a-vertical a-spacing-mini\">\n<li class=\"a-spacing-mini\"><span class=\"a-list-item\">ERREICHEN SIE DIE ULTIMATIVE ARBEITSSTATION: Verwandeln Sie Ihren Laptop mit dieser USB-C-Dockingstation in die ultimative Arbeitsstation. Diese Dockingstation verf\u00fcgt \u00fcber 11 Anschl\u00fcsse, darunter 4K HDMI 1.4, 4K DisplayPort 1.2, VGA, 1x USB-C PD 3.0, 2x USB-A 3.0, 1x USB-A 2.0, 1x Ethernet, SD 3.0 Kartenleser, MicroSD 3.0 und 3,5 mm Audioeingang\/-ausgang.<\/span><\/li>\n<li class=\"a-spacing-mini\"><span class=\"a-list-item\">100 W PASS-THROUGH POWER: Mit diesem Ladedock k\u00f6nnen Sie Ihren Laptop mit bis zu 100 W Pass-Through Power aufladen (abz\u00fcglich 15 W f\u00fcr den Betrieb des Docks). Versorgen Sie Ihren Laptop mit Strom, ohne auf Leistung f\u00fcr die Anschlusserweiterung verzichten zu m\u00fcssen.<\/span><\/li>\n<li class=\"a-spacing-mini\"><span class=\"a-list-item\">UNTERST\u00dcTZT MEHRERE ANZEIGEN: Schlie\u00dfen Sie mehrere Bildschirme mit HDMI-, DisplayPort- und VGA-Videoanschl\u00fcssen an. Diese HDMI-Dockingstation unterst\u00fctzt High-Definition-Bildschirmaufl\u00f6sungen von bis zu 4K.<\/span><\/li>\n<li class=\"a-spacing-mini\"><span class=\"a-list-item\">DATEN\u00dcBERTRAGUNG MIT BIS ZU 5 GBPS: Drehen Sie die Bandbreite auf! Mit unserer USB-C Dockingstation k\u00f6nnen Sie Daten mit bis zu 5 Gbit\/s zwischen Ihrem Computer und Peripherieger\u00e4ten \u00fcbertragen.<\/span><\/li>\n<li class=\"a-spacing-mini\"><span class=\"a-list-item\">DOPPELT ALS LAPTOP-STAND: Diese Dockingstation von Belkin kann sogar als Laptop-St\u00e4nder verwendet werden! So k\u00f6nnen Sie den ultimativen Arbeitsplatz schaffen, ohne Platz auf dem Schreibtisch zu verlieren.<\/span><\/li>\n<\/ul>\n","protected":false},"excerpt":{"rendered":"<ul class=\"a-unordered-list a-vertical a-spacing-mini\">\n<li class=\"a-spacing-mini\"><span class=\"a-list-item\">ERREICHEN SIE DIE ULTIMATIVE ARBEITSSTATION: Verwandeln Sie Ihren Laptop mit dieser USB-C-Dockingstation in die ultimative Arbeitsstation. Diese Dockingstation verf\u00fcgt \u00fcber 11 Anschl\u00fcsse, darunter 4K HDMI 1.4, 4K DisplayPort 1.2, VGA, 1x USB-C PD 3.0, 2x USB-A 3.0, 1x USB-A 2.0, 1x Ethernet, SD 3.0 Kartenleser, MicroSD 3.0 und 3,5 mm Audioeingang\/-ausgang.<\/span><\/li>\n<li class=\"a-spacing-mini\"><span class=\"a-list-item\">100 W PASS-THROUGH POWER: Mit diesem Ladedock k\u00f6nnen Sie Ihren Laptop mit bis zu 100 W Pass-Through Power aufladen (abz\u00fcglich 15 W f\u00fcr den Betrieb des Docks). Versorgen Sie Ihren Laptop mit Strom, ohne auf Leistung f\u00fcr die Anschlusserweiterung verzichten zu m\u00fcssen.<\/span><\/li>\n<li class=\"a-spacing-mini\"><span class=\"a-list-item\">UNTERST\u00dcTZT MEHRERE ANZEIGEN: Schlie\u00dfen Sie mehrere Bildschirme mit HDMI-, DisplayPort- und VGA-Videoanschl\u00fcssen an. Diese HDMI-Dockingstation unterst\u00fctzt High-Definition-Bildschirmaufl\u00f6sungen von bis zu 4K.<\/span><\/li>\n<li class=\"a-spacing-mini\"><span class=\"a-list-item\">DATEN\u00dcBERTRAGUNG MIT BIS ZU 5 GBPS: Drehen Sie die Bandbreite auf! Mit unserer USB-C Dockingstation k\u00f6nnen Sie Daten mit 5 Gbit\/s zwischen Ihrem Computer und Peripherieger\u00e4ten \u00fcbertragen.<\/span><\/li>\n<li class=\"a-spacing-mini\"><span class=\"a-list-item\">DOPPELT ALS LAPTOP-STAND: Diese Dockingstation von Belkin kann sogar als Laptop-St\u00e4nder verwendet werden! So k\u00f6nnen Sie den ultimativen Arbeitsplatz schaffen, ohne Platz auf dem Schreibtisch zu verlieren.<\/span><\/li>\n<\/ul>\n","protected":false},"featured_media":9374,"comment_status":"open","ping_status":"closed","template":"","meta":{"_et_pb_use_builder":"","_et_pb_old_content":"","_et_gb_content_width":""},"product_brand":[],"product_cat":[1372],"product_tag":[],"class_list":{"0":"post-9375","1":"product","2":"type-product","3":"status-publish","4":"has-post-thumbnail","6":"product_cat-elektronik","8":"first","9":"instock","10":"sale","11":"taxable","12":"shipping-taxable","13":"purchasable","14":"product-type-simple"},"exclude_global_add_ons":[],"addons":[],"jetpack-related-posts":[{"id":9551,"url":"https:\/\/anythingtechnicallc.com\/index.php\/de\/product\/hp-usb-c-dock-g5-11-in-1-adapter-fuer-usb-c-und-thunderbolt-faehige-laptops-pcs-und-notebooks-ein-einziges-kabel-zum-aufladen-vernetzen-oder-fuer-datenuebertragungen-ideal-fuer-sicheres-remote\/","url_meta":{"origin":9375,"position":0},"title":"HP USB-C Dock G5-11-in-1 Adapter f\u00fcr USB-C und Thunderbolt-f\u00e4hige Laptops, PCs und Notebooks &#8211; ein einziges Kabel zum Aufladen, Vernetzen oder f\u00fcr Daten\u00fcbertragungen &#8211; ideal f\u00fcr sicheres &#038; Remote Management","date":"March 21, 2026","format":false,"excerpt":"Machen Sie sich an die Arbeit mit dem vielseitigen, eleganten und platzsparenden HP USB-C Dock G5. Diese USB-Dockingstation ist mit HP Laptops, MacBook\u00ae Computern und anderen Notebooks (2) kompatibel und eignet sich dank ihres geringen Platzbedarfs und der Einrichtung mit nur einem Kabel hervorragend zur Organisation Ihres Schreibtisches. Ganz gleich,\u2026","rel":"","context":"Similar post","img":{"alt_text":"","src":"https:\/\/i0.wp.com\/anythingtechnicallc.com\/wp-content\/uploads\/2025\/09\/81xxmKsxxsL._AC_SL1500_.jpg?fit=983%2C1200&ssl=1&resize=350%2C200","width":350,"height":200},"classes":[]},{"id":9381,"url":"https:\/\/anythingtechnicallc.com\/index.php\/de\/product\/dell-thunderbolt-wd22tb4-4-dock-130w\/","url_meta":{"origin":9375,"position":1},"title":"Dell Thunderbolt WD22TB4 4 Dock 130W","date":"March 19, 2026","format":false,"excerpt":"Modulares Thunderbolt-Dock mit austauschbaren Modulen f\u00fcr einfache Upgrades und SuperBoost-Technologien f\u00fcr schnelles Laden. 2 x Thunderbolt-4-Anschl\u00fcsse \/ 1 x USB-C 3.2 Gen 2 \/ 1 x USB-A 3.2 Gen 1 mit PowerShare \/ 2 x DisplayPort 1.4 \/ 1 x HDMI 2.0 \/ 1 x USB-C Multifunction DisplayPort. 2 x\u2026","rel":"","context":"Similar post","img":{"alt_text":"","src":"https:\/\/i0.wp.com\/anythingtechnicallc.com\/wp-content\/uploads\/2025\/08\/41TfyCoNXsL._AC_SL1247_.jpg?fit=1200%2C570&ssl=1&resize=350%2C200","width":350,"height":200},"classes":[]},{"id":9378,"url":"https:\/\/anythingtechnicallc.com\/index.php\/de\/product\/belkin-tragbares-ladegeraet-3-port-laptop-power-bank-20000-mah-usb-c-usb-a-ports-65w-iphone-ladegeraet-schnelles-aufladen-macbook-apple-iphone-16-ipad-samsung-galaxy-s25-nintendo-switch-2\/","url_meta":{"origin":9375,"position":2},"title":"Belkin Tragbares Ladeger\u00e4t, 3-Port Laptop Power Bank 20000 mAh &#8211; USB-C &#038; USB-A Ports, 65W iPhone Ladeger\u00e4t Schnelles Aufladen &#8211; MacBook, Apple iPhone 16, iPad, Samsung Galaxy S25, Nintendo Switch 2, etc &#8211; Schwarz","date":"March 19, 2026","format":false,"excerpt":"LADEN SIE IHR LAPTOP UNTERWEGS AUF: Diese vielseitige Powerbank liefert eine Leistung von bis zu 65 W an einem einzigen USB-C-Anschluss, um Ihr MacBook oder ein anderes kompatibles Notebook aufzuladen. Laden Sie ein MacBook Pro (14\" M3) in nur 42 Minuten von 0-50% auf. 20K BATTERY LIFE: Mit einer gewaltigen\u2026","rel":"","context":"Similar post","img":{"alt_text":"","src":"https:\/\/i0.wp.com\/anythingtechnicallc.com\/wp-content\/uploads\/2025\/08\/51B1Adm7osL._AC_SL1500_.jpg?fit=890%2C1200&ssl=1&resize=350%2C200","width":350,"height":200},"classes":[]},{"id":9629,"url":"https:\/\/anythingtechnicallc.com\/index.php\/de\/product\/gebrauchter-hp-usb-c-dock-g5-11-in-1-adapter-fuer-usb-c-und-thunderbolt-faehige-laptops-pcs-und-notebooks-ein-einziges-kabel-zum-laden-vernetzen-oder-fuer-datenuebertragungen-ideal-fuer-sicheres\/","url_meta":{"origin":9375,"position":3},"title":"Gebrauchter HP USB-C Dock G5-11-in-1 Adapter f\u00fcr USB-C und Thunderbolt-f\u00e4hige Laptops, PCs und Notebooks &#8211; ein einziges Kabel zum Laden, Vernetzen oder f\u00fcr Daten\u00fcbertragungen &#8211; ideal f\u00fcr sicheres &#038; Remote Management","date":"March 24, 2026","format":false,"excerpt":"Machen Sie sich an die Arbeit mit dem vielseitigen, eleganten und platzsparenden HP USB-C Dock G5. Diese USB-Dockingstation ist mit HP Laptops, MacBook\u00ae Computern und anderen Notebooks (2) kompatibel und eignet sich dank ihres geringen Platzbedarfs und der Einrichtung mit nur einem Kabel hervorragend zur Organisation Ihres Schreibtisches. Ganz gleich,\u2026","rel":"","context":"Similar post","img":{"alt_text":"","src":"https:\/\/i0.wp.com\/anythingtechnicallc.com\/wp-content\/uploads\/2025\/10\/HP-USB-C-Dock-G5.webp?fit=1200%2C675&ssl=1&resize=350%2C200","width":350,"height":200},"classes":[]},{"id":9533,"url":"https:\/\/anythingtechnicallc.com\/index.php\/de\/product\/hp-universal-usb-c-multiport-hub-displayport-ethernet-hdmi\/","url_meta":{"origin":9375,"position":4},"title":"HP Universal USB-C Multiport Hub DisplayPort, Ethernet, HDMI","date":"March 21, 2026","format":false,"excerpt":"Universal USB-C. Jedes Betriebssystem - Ein einziges, einfaches USB-C-Kabel wird an Ihren PC2 angeschlossen, unabh\u00e4ngig von der Marke oder dem Betriebssystem, so dass Sie Ihren Hub nahtlos verwenden k\u00f6nnen. 7 Multifunktionsanschl\u00fcsse bieten eine Komplettl\u00f6sung f\u00fcr nahezu jede Daten-, Video- oder Netzwerkverbindung. 1 HDMI 2.0, 1 Display Port 1.2, 2 USB-A-Anschl\u00fcsse,\u2026","rel":"","context":"Similar post","img":{"alt_text":"","src":"https:\/\/i0.wp.com\/anythingtechnicallc.com\/wp-content\/uploads\/2025\/09\/51Sqr55ylFL._AC_SL1500_.jpg?fit=1200%2C738&ssl=1&resize=350%2C200","width":350,"height":200},"classes":[]},{"id":9702,"url":"https:\/\/anythingtechnicallc.com\/index.php\/de\/product\/gebrauchter-microsoft-surface-pro-5-tablet-pc-123-touchscreen-2736-x-1824-tablet-intel-core-i5-7300u-26ghz-35ghz-8gb-ddr4-ram-256gb-ssd-keine-tastatur-kamera-windows-11-pro\/","url_meta":{"origin":9375,"position":5},"title":"Gebrauchter Microsoft Surface Pro 5 Tablet PC, 12,3&#8243; Touchscreen (2736 X 1824) Tablet, Intel Core i5-7300U 2,6GHz-3,5GHz, 8GB DDR4 RAM, 256GB SSD, Keine Tastatur, Kamera, Windows 11 Pro","date":"March 24, 2026","format":false,"excerpt":"Laptop Gr\u00f6\u00dfe: Dieses GEBRAUCHTE wie NEUE Microsoft Surface Pro 5 Tablet, hat eine Bildschirmgr\u00f6\u00dfe von 12,3 \" und ein Touch-Display. Der entspiegelte Bildschirm mit 2736 x 1824 Pixeln reduziert die Erm\u00fcdung bei der Benutzung und erm\u00f6glicht es Ihnen, sich auf die Arbeit zu konzentrieren. Mit seinem geringen Gewicht ist dieser\u2026","rel":"","context":"Similar post","img":{"alt_text":"","src":"https:\/\/i0.wp.com\/anythingtechnicallc.com\/wp-content\/uploads\/2026\/02\/Surface-Pro5-i5-7300U-8G-256.jpg?fit=1200%2C900&ssl=1&resize=350%2C200","width":350,"height":200},"classes":[]}],"pll_sync_post":[],"lang":"de","translations":{"de":9375,"en":7535},"_links":{"self":[{"href":"https:\/\/anythingtechnicallc.com\/index.php\/wp-json\/wp\/v2\/product\/9375","targetHints":{"allow":["GET"]}}],"collection":[{"href":"https:\/\/anythingtechnicallc.com\/index.php\/wp-json\/wp\/v2\/product"}],"about":[{"href":"https:\/\/anythingtechnicallc.com\/index.php\/wp-json\/wp\/v2\/types\/product"}],"replies":[{"embeddable":true,"href":"https:\/\/anythingtechnicallc.com\/index.php\/wp-json\/wp\/v2\/comments?post=9375"}],"wp:featuredmedia":[{"embeddable":true,"href":"https:\/\/anythingtechnicallc.com\/index.php\/wp-json\/wp\/v2\/media\/9374"}],"wp:attachment":[{"href":"https:\/\/anythingtechnicallc.com\/index.php\/wp-json\/wp\/v2\/media?parent=9375"}],"wp:term":[{"taxonomy":"product_brand","embeddable":true,"href":"https:\/\/anythingtechnicallc.com\/index.php\/wp-json\/wp\/v2\/product_brand?post=9375"},{"taxonomy":"product_cat","embeddable":true,"href":"https:\/\/anythingtechnicallc.com\/index.php\/wp-json\/wp\/v2\/product_cat?post=9375"},{"taxonomy":"product_tag","embeddable":true,"href":"https:\/\/anythingtechnicallc.com\/index.php\/wp-json\/wp\/v2\/product_tag?post=9375"}],"curies":[{"name":"wp","href":"https:\/\/api.w.org\/{rel}","templated":true}]}}